{"id":554,"date":"2020-06-22T17:36:48","date_gmt":"2020-06-22T17:36:48","guid":{"rendered":"https:\/\/haitises.com\/?post_type=product&#038;p=554"},"modified":"2024-04-17T20:44:54","modified_gmt":"2024-04-17T20:44:54","slug":"excursion-a-los-haitises-desde-sabana-de-la-mar-o-cano-hondo","status":"publish","type":"product","link":"https:\/\/visitaloshaitises.com\/zh\/private\/\u4ece\u8428\u74e6\u7eb3\u5fb7\u62c9\u9a6c\u5c14\u6216\u5361\u8bfa\u6d2a\u591a\u51fa\u53d1\u6e38\u89c8\u6d77\u5730\/","title":{"rendered":"\u4ece Sabana de la Mar \u6216 Ca\u00f1o Hondo \u6e38\u89c8\u6d1b\u65af\u6d77\u8482\u65af"},"content":{"rendered":"<div class=\"vc_row wpb_row vc_row-fluid\" ><div class=\"wpb_column vc_column_container vc_col-sm-12\"><div class=\"vc_column-inner\"><div class=\"wpb_wrapper\"><div class=\"mkdf-section-title-holder\" style=\"text-align: left\">\n\t<div class=\"mkdf-st-inner\">\n\t\t\t\t\t<h5 class=\"mkdf-st-subtitle\" >\n\t\t\t\tTour normal a los Haitises\t\t\t<\/h5>\n\t\t\t\t\t\t\t<\/div>\n<\/div><\/div><\/div><\/div><\/div><div class=\"vc_row wpb_row vc_row-fluid\" ><div class=\"wpb_column vc_column_container vc_col-sm-12\"><div class=\"vc_column-inner\"><div class=\"wpb_wrapper\">\n\t<div class=\"wpb_text_column wpb_content_element\" >\n\t\t<div class=\"wpb_wrapper\">\n\t\t\t<h2>El Parque Nacional Los Haitises Desde Sabana de la Mar o Hotel Cano Hondo.<\/h2>\n<h3>Descripci\u00f3n<\/h3>\n<p>Un viaje privado normal al Parque Nacional Los Haitises. Ven con nosotros y visita el parque nacional m\u00e1s hermoso de la Rep\u00fablica Dominicana, visitando manglares, cuevas y la bah\u00eda de San Lorenzo. Esta experiencia puede comenzar desde la comunidad de Sabana de la Mar aprendiendo sobre esta historia de Sabana de la Mar. Adem\u00e1s, comenzamos este viaje desde el puerto de Ca\u00f1o Hondo.<\/p>\n<ul>\n<li>Tasas inclu\u00eddas<\/li>\n<li>El gu\u00eda proporciona instrucci\u00f3n y supervisi\u00f3n.<\/li>\n<li>El almuerzo no est\u00e1 incluido para el almuerzo en Ca\u00f1o Hondo Elija este tour: Los Haitises Plus Ca\u00f1o Hondo.<\/li>\n<\/ul>\n<h3>Inclusiones y exclusiones<\/h3>\n<h4>Inclusiones<\/h4>\n<ol>\n<li>Los Haitises Tour + Cuevas y Pictograf\u00edas<\/li>\n<li>Todos los impuestos, tasas y gastos de manipulaci\u00f3n.<\/li>\n<li>Impuestos locales<\/li>\n<li>Todas las actividades<\/li>\n<li>Gu\u00eda local<\/li>\n<\/ol>\n<h4>Exclusiones<\/h4>\n<ol>\n<li>Propinas<\/li>\n<li>El almuerzo no est\u00e1 incluido para el almuerzo en Ca\u00f1o Hondo Elija este tour: Los Haitises Plus Ca\u00f1o Hondo.<\/li>\n<li>Transporte<\/li>\n<li>Bebidas alcoh\u00f3licas<\/li>\n<\/ol>\n<h3><em>Salida y regreso<\/em><\/h3>\n<p>El viajero obtendr\u00e1 un punto de encuentro despu\u00e9s del proceso de reserva. Los tours comienzan y terminan en nuestros puntos de encuentro.<\/p>\n<h4><em>\u00bfQu\u00e9 esperar?<\/em><\/h4>\n<p>Obtenga sus boletos para visitar el Parque Nacional Los Haitises con Cuevas, Manglares y la Bah\u00eda de San Lorenzo.<\/p>\n<p>El precio m\u00e1s bajo para visitar el Parque Nacional Los Haitises desde Sabana de la Mar o los hoteles de Ca\u00f1o Hondo\u00a0 con gu\u00edas Locales. El viaje comienza en el puerto principal del Parque Nacional Los Haitises. Este viaje comienza a las 10:00 a.m.con un gu\u00eda tur\u00edstico local que conoce la historia original sobre el magn\u00edfico Parque Nacional.<\/p>\n<p>Despu\u00e9s comenzamos desde el puerto principal del Parque Nacional Los Haitises, nombre Ca\u00f1o Hondo (Deep Creek) en un BARCO con chalecos salvavidas. Disfrutaremos del bosque de manglares rojos hasta llegar a la bah\u00eda de San Lorenzo. Peque\u00f1a bah\u00eda en la Bah\u00eda de Saman\u00e1. \u00a1Y aqu\u00ed vamos! Lo primero que puedes ver es la colecci\u00f3n de una enorme isla de monta\u00f1a de piedra caliza llamada Mogotes. encima de ellos m\u00e1s de 700 especies de plantas y muchas aves de humedales volando alrededor. M\u00e1s adelante visitando cuevas con pictograf\u00edas de nuestras comunidades ind\u00edgenas hace 750 a\u00f1os.<\/p>\n<p>A trav\u00e9s de los manglares y la tierra en la bah\u00eda abierta de San Lorenzo, desde donde puedes fotografiar el agreste paisaje forestal. Mire el agua para ver manat\u00edes, crust\u00e1ceos y delfines.<\/p>\n<p>El nombre del parque nacional proviene de sus habitantes originales, los indios ta\u00ednos. En su idioma, \u00abHaitises\u00bb se traduce en tierras altas o colinas, una referencia a las empinadas formaciones geol\u00f3gicas de la costa con calizas. Avent\u00farate en el parque para explorar cuevas como la Cueva de la Arena y la Cueva de la L\u00ednea. Las cuevas en la reserva fueron utilizadas como refugio por los indios ta\u00ednos y, m\u00e1s tarde, por los piratas escondidos. Busque dibujos de indios que decoran algunas de las paredes. Despu\u00e9s de visitar el Parque Nacional Los Haitises, regresaremos al puerto donde comenz\u00f3 nuestro viaje.<\/p>\n<h3><em>\u00bfQu\u00e9 deber\u00edas traer?<\/em><\/h3>\n<ul>\n<li>C\u00e1mara<\/li>\n<li>Repelentes<\/li>\n<li>crema solar<\/li>\n<li>Sombrero<\/li>\n<li>Pantalones c\u00f3modos<\/li>\n<li>Calzado de senderismo para bosque<\/li>\n<li>Sandalias a las zonas de primavera.<\/li>\n<li>Traje de ba\u00f1o<\/li>\n<\/ul>\n<h3><em>Recogida en el hotel<\/em><\/h3>\n<p>El servicio de recogida en el hotel se ofrece si se encuentra en Paraiso Ca\u00f1o Hondo o Altos Ca\u00f1o Hondo Hotel. Nuestro punto de encuentro est\u00e1 a 5 minutos caminando de esos hoteles.<\/p>\n<p><strong>Nota<\/strong>: si realiza la reserva dentro de las 24 horas de la hora de salida del tour \/ excursi\u00f3n, podemos organizar la recogida del hotel con cargos adicionales si no se encuentra en los hoteles de Ca\u00f1o Hondo. Una vez que se complete su compra, le enviaremos informaci\u00f3n de contacto completa (n\u00famero de tel\u00e9fono, direcci\u00f3n de correo electr\u00f3nico, etc.) para que nuestro gu\u00eda tur\u00edstico local organice los arreglos de recogida.<\/p>\n<h3><em>Confirmaci\u00f3n de informaci\u00f3n adicional<\/em><\/h3>\n<ul>\n<li>Los boletos son el Recibo despu\u00e9s de pagar este Tour. Puede mostrar el pago en su tel\u00e9fono.<\/li>\n<li>El punto de encuentro se recibir\u00e1 despu\u00e9s del proceso de reserva.<\/li>\n<li>Los ni\u00f1os deben estar acompa\u00f1ados por un adulto.<\/li>\n<li>No accesible para sillas de ruedas<\/li>\n<li>Los infantes deben sentarse en un asiento para beb\u00e9s o con un adulto<\/li>\n<li>No recomendado para viajeros con problemas de espalda.<\/li>\n<li>No recomendado para mujeres embarazadas.<\/li>\n<li>Sin problemas card\u00edacos u otras condiciones m\u00e9dicas graves.<\/li>\n<li>La mayor\u00eda de los viajeros pueden participar.<\/li>\n<\/ul>\n<h3><em>Pol\u00edtica de cancelaci\u00f3n<\/em><\/h3>\n<p>Para obtener un reembolso completo, cancele al menos 24 horas antes de la fecha de inicio de la experiencia.<\/p>\n<h3><em>\u00bfContactarnos?<\/em><\/h3>\n<p>\u9884\u8ba2\u5192\u9669<br \/>\nGu\u00edas tur\u00edsticos locales y nacionales y servicios para hu\u00e9spedes<\/p>\n<p>Reservas: Tours y Excursiones en Dom. Reps.<\/p>\n<p>\ud83d\udcde Tel \/ Whatsapp + 1-809-720-6035.<\/p>\n<p>\ud83d\udce9 info@bookingadventures.com.do<\/p>\n<p>Organizamos tours privados de configuraci\u00f3n flexible por Whatsapp: +18097206035.<\/p>\n\n\t\t<\/div>\n\t<\/div>\n<\/div><\/div><\/div><\/div>","protected":false},"excerpt":{"rendered":"<p>El precio m\u00e1s bajo para visitar el Parque Nacional Los Haitises desde Sabana de la Mar o los hoteles de Ca\u00f1o Hondo con gu\u00edas Locales. El viaje comienza en el puerto principal del Parque Nacional Los Haitises. Este viaje comienza a las 10:00 a.m.con un gu\u00eda tur\u00edstico local que conoce la historia original sobre el magn\u00edfico Parque Nacional.<\/p>\n<p>Despu\u00e9s comenzamos desde el puerto principal del Parque Nacional Los Haitises, nombre Ca\u00f1o Hondo (Deep Creek) en un BARCO con chalecos salvavidas. Disfrutaremos del bosque de manglares rojos hasta llegar a la bah\u00eda de San Lorenzo, una peque\u00f1a bah\u00eda en la bah\u00eda de Saman\u00e1. \u00a1Y aqu\u00ed vamos! Lo primero que puedes ver es la colecci\u00f3n de una enorme isla de monta\u00f1a de piedra caliza llamada Mogotes. Adem\u00e1s de ellos, m\u00e1s de 700 especies de plantas y muchas aves de humedales vuelan alrededor. M\u00e1s tarde visitando cuevas con pictograf\u00edas de nuestras comunidades ind\u00edgenas hace 750 a\u00f1os.<\/p>\n<p><strong>Por favor seleccione la fecha para el Tour\u00a0<\/strong><\/p>","protected":false},"featured_media":81,"template":"","meta":[],"product_brand":[],"product_cat":[119,120,98,121,99,122,443,123,124],"product_tag":[125,126,127,128,129,130,131,132,133,134,114],"class_list":{"0":"post-554","1":"product","2":"type-product","3":"status-publish","4":"has-post-thumbnail","6":"product_cat-caves","7":"product_cat-fees-entrace","8":"product_cat-local-tour-guides","9":"product_cat-mangroves","10":"product_cat-swimming-natural-springs","11":"product_cat-tours-and-excursions","12":"product_cat-tours-y-excursiones-es","13":"product_cat-tours-excursions-los-haitises-national-park","14":"product_cat-tours-excursions-samana-bay-dominican-republic","15":"product_tag-boat-tour","16":"product_tag-cano-hondo","17":"product_tag-cano-hondo-hotel","18":"product_tag-cano-hondo-tours","19":"product_tag-eco-tours","20":"product_tag-excursion","21":"product_tag-locals-guides","22":"product_tag-los-haitises","23":"product_tag-los-haitises-national-park","24":"product_tag-los-haitises-national-park-tour","25":"product_tag-sabana-de-la-mar","27":"first","28":"instock","29":"sale","30":"sold-individually","31":"shipping-taxable","32":"product-type-external"},"_links":{"self":[{"href":"https:\/\/visitaloshaitises.com\/zh\/wp-json\/wp\/v2\/product\/554","targetHints":{"allow":["GET"]}}],"collection":[{"href":"https:\/\/visitaloshaitises.com\/zh\/wp-json\/wp\/v2\/product"}],"about":[{"href":"https:\/\/visitaloshaitises.com\/zh\/wp-json\/wp\/v2\/types\/product"}],"wp:featuredmedia":[{"embeddable":true,"href":"https:\/\/visitaloshaitises.com\/zh\/wp-json\/wp\/v2\/media\/81"}],"wp:attachment":[{"href":"https:\/\/visitaloshaitises.com\/zh\/wp-json\/wp\/v2\/media?parent=554"}],"wp:term":[{"taxonomy":"product_brand","embeddable":true,"href":"https:\/\/visitaloshaitises.com\/zh\/wp-json\/wp\/v2\/product_brand?post=554"},{"taxonomy":"product_cat","embeddable":true,"href":"https:\/\/visitaloshaitises.com\/zh\/wp-json\/wp\/v2\/product_cat?post=554"},{"taxonomy":"product_tag","embeddable":true,"href":"https:\/\/visitaloshaitises.com\/zh\/wp-json\/wp\/v2\/product_tag?post=554"}],"curies":[{"name":"wp","href":"https:\/\/api.w.org\/{rel}","templated":true}]}}