{"id":11694,"date":"2023-10-04T07:40:34","date_gmt":"2023-10-04T07:40:34","guid":{"rendered":"https:\/\/haitises.com\/?post_type=product&#038;p=11694"},"modified":"2024-03-28T17:22:23","modified_gmt":"2024-03-28T17:22:23","slug":"pico-duarte-hike-with-local-experts-duarte-peak-camping-trekking-3","status":"publish","type":"product","link":"https:\/\/visitaloshaitises.com\/zh\/private\/pico-duarte-hike-with-local-experts-duarte-peak-camping-trekking\/","title":{"rendered":"Pico Duarte Hike with Local Experts &#8211; Duarte Peak Camping &#038; Trekking"},"content":{"rendered":"<div class=\"vc_row wpb_row vc_row-fluid\" ><div class=\"wpb_column vc_column_container vc_col-sm-12\"><div class=\"vc_column-inner\"><div class=\"wpb_wrapper\"><div class=\"vc_empty_space\"   style=\"height: 32px\"><span class=\"vc_empty_space_inner\"><\/span><\/div><div class=\"mkdf-section-title-holder\" style=\"text-align: left\">\n\t<div class=\"mkdf-st-inner\">\n\t\t\t\t\t<h5 class=\"mkdf-st-subtitle\" >\n\t\t\t\tDuarte Peak Camping &amp; Trekking\t\t\t<\/h5>\n\t\t\t\t\t\t\t<h3 class=\"mkdf-st-title\" >\n\t\t\t\tPico Duarte Hike with Local Experts\t\t\t<\/h3>\n\t\t\t\t\t<\/div>\n<\/div><div class=\"vc_empty_space\"   style=\"height: 32px\"><span class=\"vc_empty_space_inner\"><\/span><\/div><div class=\"vc_message_box vc_message_box-standard vc_message_box-rounded vc_color-info\" ><div class=\"vc_message_box-icon\"><i class=\"fas fa-info-circle\"><\/i><\/div><p>Please Book ( 7) days before the due Day.<\/p>\n<\/div><div class=\"vc_empty_space\"   style=\"height: 32px\"><span class=\"vc_empty_space_inner\"><\/span><\/div><\/div><\/div><\/div><\/div><div class=\"vc_row wpb_row vc_row-fluid\" ><\/div><div class=\"wpb_column vc_column_container vc_col-sm-12\"><div class=\"vc_column-inner\"><div class=\"wpb_wrapper\"><\/div><\/div><\/div>\n\t<div class=\"wpb_text_column wpb_content_element\" >\n\t\t<div class=\"wpb_wrapper\">\n\t\t\t\n\t\t<\/div>\n\t<\/div>\n<div class=\"vc_row wpb_row vc_row-fluid\">\n<div class=\"wpb_column vc_column_container vc_col-sm-12\">\n<div class=\"vc_column-inner\">\n<div class=\"wpb_wrapper\">\n<div class=\"wpb_text_column wpb_content_element\">\n<div class=\"wpb_wrapper\">\n<div class=\"vc_row wpb_row vc_row-fluid\">\n<div class=\"wpb_column vc_column_container vc_col-sm-12\">\n<div class=\"vc_column-inner\">\n<div class=\"wpb_wrapper\">\n<div class=\"wpb_text_column wpb_content_element\">\n<div class=\"wpb_wrapper\">\n<h2><span style=\"font-weight: 400;\">Pico Duarte Trekking\u00a0<\/span><\/h2>\n<p><span style=\"font-weight: 400;\">Join us to climb the tallest point of the caribbean at J. Almando Bermudez National located in the Central Mountain Range of the country. <\/span><span style=\"font-weight: 400;\">The tour will go from a tropical forest to the pine forest of J. Armando Bermudez National Park, walking on trails through thousands of ferns, you will see parrots, goldfinches and other exotic birds.\u00a0<\/span><\/p>\n<p><span style=\"font-weight: 400;\">This National Park was established in 1956, the Armando Berm\u00fadez National Park stretches 767 square kilometers (296 square miles), and together with the neighboring Jos\u00e9 del Carmen Ram\u00edrez National Park.<\/span><\/p>\n<p><span style=\"font-weight: 400;\">It is the source of the Yaque del Norte river, as well as several more river sources. The two parks cover the surface of the entire Cordillera Central mountain range. You\u2019ll spot unique flora at this altitude, where temperatures range from 12\u00baC (53\u00baF) to -8\u00baC (17\u00baF) at night.<\/span><\/p>\n<\/div>\n<h4><strong>Tour Guides:\u00a0<\/strong><\/h4>\n<div class=\"wpb_wrapper\">\n<p><span style=\"font-weight: 400;\">With the company of a professional guide, you will make this journey through the largest mountain range with more than 250 km in length and 60 km of light, Pico Duarte is the highest peak\u00a0 in the Caribbean with (3&#8217;098 m) which is about 10,164 feets.<\/span><\/p>\n<p>&nbsp;<\/p>\n<p><span style=\"font-weight: 400;\">Pico Duarte (Duarte peak) is named after Juan Pablo Duarte, considered one of the founding fathers of the Dominican Republic. <\/span><span style=\"font-weight: 400;\">You\u2019ll hike\u00a0 28-mile (46-kilometer) round-trip,\u00a0 this tour\u00a0 can be completed in three days, with well-maintained mountain lodges providing overnight accommodations.<\/span><\/p>\n<p><span style=\"font-weight: 400;\">This three days hike is led by local Dominican guides\u00a0 who are in charge to take you both ways. They also have horses for those who don&#8217;t want to walk the distance and can ride mules. As you walk, take in the stunning scenery and watch for local wildlife.\u00a0<\/span><\/p>\n<p><span style=\"font-weight: 400;\">The mountains and landscape are populated with a variety of birds and iguanas that inhabit the rugged terrain. Enjoy being surrounded by shady trees and water springs where you can cool off after a hard day of hiking.<\/span><\/p>\n<p>&nbsp;<\/p>\n<h2><b>Itinerary:\u00a0<\/b><\/h2>\n<p>&nbsp;<\/p>\n<h4><b>Day 1<\/b><span style=\"font-weight: 400;\">&#8211; <\/span><\/h4>\n<p><span style=\"font-weight: 400;\">Meeting Point you must be at 9:30 am at Jarabacoa. Lunch in Jarabacoa (this meal is not included) Arrival at the Cienaga de Jarabacoa. Walk to Caseta de Los Tablones, inside the Park (4kms soft). Dinner. Asleep<\/span><\/p>\n<p>&nbsp;<\/p>\n<h4><b>Day 2- <\/b><\/h4>\n<p><span style=\"font-weight: 400;\">This morning we\u2019ll get up early . We had breakfast. Beginning of the walk at 5 am towards La Caseta de Compartici\u00f3n for about 13 kms. Short rest break. Some snacks. We continue towards the top of the Peak, passing through Valle de Lil\u00eds (6kms from Compartici\u00f3n to the top). There will be specific resting points. From la Cima, we return to La Compartici\u00f3n to have lunch \/ dinner, rest, bathe, have tea at the campfire and sleep.<\/span><\/p>\n<p>&nbsp;<\/p>\n<h4><b>Day 3-<\/b><\/h4>\n<p><span style=\"font-weight: 400;\"> We get up at 6 am. We have breakfast and we go back to La Ci\u00e9naga, for about 17 kms. Typical lunch before the return.<\/span><\/p>\n<p>&nbsp;<\/p>\n<p><span style=\"font-weight: 400;\">Note: Each participant must carry in their backpack their snacks from the walk (hydrating, sweet and salty, edible of their choice, water bottles to fill on the way).\u00a0<\/span><\/p>\n<p><span style=\"font-weight: 400;\">The people to participate must be in optimal health, physical and mental conditions. People with a health condition that can affect prolonged efforts, such as asthma, pressure problems, diabetes, or other ailments related to this type of physical activity that could endanger should not participate.<\/span><\/p>\n<p>&nbsp;<\/p>\n<h4><b>\u5305\u542b\u4e0e\u6392\u9664<\/b><\/h4>\n<p><b>\u5185\u542b\u7269<\/b><\/p>\n<ul>\n<li style=\"font-weight: 400;\"><span style=\"font-weight: 400;\">Three Days Trekking<\/span><\/li>\n<li style=\"font-weight: 400;\"><span style=\"font-weight: 400;\">\u5f53\u5730\u6307\u5357<\/span><\/li>\n<li style=\"font-weight: 400;\"><span style=\"font-weight: 400;\">Mules to Carry Stuffs<\/span><\/li>\n<li style=\"font-weight: 400;\"><span style=\"font-weight: 400;\">\u6c34\u00a0<\/span><\/li>\n<li style=\"font-weight: 400;\"><span style=\"font-weight: 400;\">Fruits\u00a0<\/span><\/li>\n<li style=\"font-weight: 400;\"><span style=\"font-weight: 400;\">National Park Taxes\u00a0<\/span><\/li>\n<li style=\"font-weight: 400;\"><span style=\"font-weight: 400;\">Juice, Coffee, Hot Chocolate<\/span><\/li>\n<\/ul>\n<p><b>\u6392\u9664\u60c5\u51b5<\/b><\/p>\n<ol>\n<li>\u5c0f\u8d39<\/li>\n<li>\u8f6c\u8fd0\u8f66<\/li>\n<li>Camping Tends<\/li>\n<li>Back Pack<\/li>\n<li>Meals<\/li>\n<li>\u6709\u9152\u7cbe\u7684\u996e\u54c1<\/li>\n<\/ol>\n<h4><em><strong>\u51fa\u53d1\u53ca\u8fd4\u56de<\/strong><\/em><\/h4>\n<p>This trip starts at 9:30 Am and finishes 2 days later around 4:00 PM.<\/p>\n<p>\u6e38\u5ba2\u5c06\u5728\u9884\u8ba2\u540e\u83b7\u5f97\u96c6\u5408\u5730\u70b9\u3002\u65c5\u884c\u56e2\u7684\u8d77\u70b9\u548c\u7ec8\u70b9\u5747\u8bbe\u5728\u6211\u4eec\u7684\u96c6\u5408\u70b9\u3002<\/p>\n<p><strong>\u65f6\u95f4\u5b89\u6392<\/strong><\/p>\n<p>3 DAYS TRIP<\/p>\n<p>&nbsp;<\/p>\n<h4><em><strong>\u4f60\u5e94\u8be5\u5e26\u4ec0\u4e48\uff1f<\/strong><\/em><\/h4>\n<ul>\n<li>\u76f8\u673a<\/li>\n<li>Towel<\/li>\n<li>Sun protection<\/li>\n<li>\u5e3d\u5b50<\/li>\n<li>Food<\/li>\n<li>Camping tents<\/li>\n<li>Comfortable pants and shoes<\/li>\n<li>\u6cf3\u88c5<\/li>\n<li>\u7eaa\u5ff5\u54c1\u73b0\u91d1<\/li>\n<\/ul>\n<p>&nbsp;<\/p>\n<h4><b><i>\u9152\u5e97\u63a5\u9001<\/i><\/b><\/h4>\n<p>\u6b64\u884c\u7a0b\u4e0d\u63d0\u4f9b\u9152\u5e97\u63a5\u5ba2\u670d\u52a1\u3002<\/p>\n<p><b>\u7b14\u8bb0\uff1a<\/b> if you are booking within 24 hours of the tour\/Excursion departure time, we can arrangements hotel pick-up with extra Charges From any place of Dominican Republic. Once your purchase is complete, we will send you complete contact information (phone number, email address, etc.) for our local Tour guide to organize pick-up arrangements.<\/p>\n<h4><b><i>\u9644\u52a0\u4fe1\u606f\u786e\u8ba4<\/i><\/b><\/h4>\n<ol>\n<li>\u95e8\u7968\u662f\u652f\u4ed8\u672c\u6b21\u65c5\u6e38\u8d39\u7528\u540e\u7684\u6536\u636e\u3002\u60a8\u53ef\u4ee5\u5728\u624b\u673a\u4e0a\u51fa\u793a\u4ed8\u6b3e\u4fe1\u606f\u3002<\/li>\n<li>\u9884\u8ba2\u6d41\u7a0b\u540e\u5c06\u6536\u5230\u96c6\u5408\u70b9\u3002<\/li>\n<li><span style=\"vertical-align: inherit;\"><span style=\"vertical-align: inherit;\">Los ni\u00f1os deben estar acompa\u00f1ados por un adulto.<\/span><\/span><\/li>\n<li><span style=\"vertical-align: inherit;\"><span style=\"vertical-align: inherit;\">silla de ruedas accesible<\/span><\/span><\/li>\n<li><span style=\"vertical-align: inherit;\"><span style=\"vertical-align: inherit;\">Los beb\u00e9s deben sentarse en el regazo<\/span><\/span><\/li>\n<li><span style=\"vertical-align: inherit;\"><span style=\"vertical-align: inherit;\">La mayor\u00eda de los viajeros pueden participar<\/span><\/span><\/li>\n<li><span style=\"vertical-align: inherit;\"><span style=\"vertical-align: inherit;\">No se recomienda la participaci\u00f3n de mujeres embarazadas.<\/span><\/span><\/li>\n<\/ol>\n<h4><b><i><span style=\"vertical-align: inherit;\"><span style=\"vertical-align: inherit;\">Pol\u00edtica de cancelaci\u00f3n<\/span><\/span><\/i><\/b><\/h4>\n<p><span style=\"vertical-align: inherit;\"><span style=\"vertical-align: inherit;\">Para obtener un reembolso completo, cancele al menos 14 d\u00edas antes de la fecha de inicio de la experiencia.<\/span><\/span><\/p>\n<\/div>\n<\/div>\n<\/div>\n<\/div>\n<\/div>\n<\/div>\n<\/div>\n<\/div>\n<\/div>\n<\/div>\n<\/div>\n<\/div>\n<div class=\"vc_row wpb_row vc_row-fluid\">\n<div class=\"wpb_column vc_column_container vc_col-sm-12\">\n<div class=\"vc_column-inner\">\n<div class=\"wpb_wrapper\">\n<div class=\"vc_empty_space\"><\/div>\n<div class=\"wpb_text_column wpb_content_element\">\n<div class=\"wpb_wrapper\">\n<h4><span style=\"vertical-align: inherit;\"><span style=\"vertical-align: inherit;\">\u00bfCont\u00e1ctenos?<\/span><\/span><\/h4>\n<h5><b><i><span style=\"vertical-align: inherit;\"><span style=\"vertical-align: inherit;\">Reservas de aventuras<\/span><\/span><\/i><\/b><\/h5>\n<p><em><span style=\"vertical-align: inherit;\"><span style=\"vertical-align: inherit;\">\u00a0Gu\u00edas tur\u00edsticos y servicios para hu\u00e9spedes <\/span><strong><span style=\"vertical-align: inherit;\">locales<\/span><\/strong><span style=\"vertical-align: inherit;\"> \u00a0y\u00a0 <\/span><\/span><strong><span style=\"vertical-align: inherit;\"><span style=\"vertical-align: inherit;\">nacionales<\/span><\/span><\/strong><\/em><\/p>\n<p><span class=\"text-turquoise\"><span style=\"vertical-align: inherit;\"><span style=\"vertical-align: inherit;\">Reservas:<\/span><\/span><\/span><span style=\"vertical-align: inherit;\"><span style=\"vertical-align: inherit;\"> \u00a0Tours y Excursiones en Dom. <\/span><span style=\"vertical-align: inherit;\">Reps.<\/span><\/span><\/p>\n<p><img decoding=\"async\" class=\"emoji\" draggable=\"false\" src=\"https:\/\/s.w.org\/images\/core\/emoji\/11.2.0\/svg\/1f4de.svg\" alt=\"\ud83d\udcde\" \/><span style=\"vertical-align: inherit;\"><span style=\"vertical-align: inherit;\">\u00a0\u7535\u8bdd\/Whatsapp\u00a0\u00a0 <\/span><\/span><a href=\"tel:+1-809-720-6035\"><span style=\"vertical-align: inherit;\"><span style=\"vertical-align: inherit;\">+ 1-809-720-6035<\/span><\/span><\/a><span style=\"vertical-align: inherit;\"><span style=\"vertical-align: inherit;\"> .<\/span><\/span><\/p>\n<p><img decoding=\"async\" class=\"emoji\" draggable=\"false\" src=\"https:\/\/s.w.org\/images\/core\/emoji\/11.2.0\/svg\/1f4e9.svg\" alt=\"\ud83d\udce9\" \/>\u00a0<a href=\"mailto:info@bookingadventures.com.do\"><span style=\"vertical-align: inherit;\"><span style=\"vertical-align: inherit;\">info@bookingadventures.com.do<\/span><\/span><\/a><\/p>\n<p><strong><span style=\"vertical-align: inherit;\"><span style=\"vertical-align: inherit;\">Somos tours privados de configuraci\u00f3n flexible por Whatsapp:\u00a0 <\/span><\/span><a href=\"tel:+18097206035\"><span style=\"vertical-align: inherit;\"><span style=\"vertical-align: inherit;\">+18097206035.<\/span><\/span><\/a><\/strong><\/p>\n<\/div>\n<\/div>\n<\/div>\n<\/div>\n<\/div>\n<\/div>\n<p><span style=\"vertical-align: inherit;\"><span style=\"vertical-align: inherit;\">[\/ vc_column_text] <div class=\"vc_empty_space\"   style=\"height: 32px\"><span class=\"vc_empty_space_inner\"><\/span><\/div> <div class=\"vc_message_box vc_message_box-standard vc_message_box-rounded vc_color-info\" ><div class=\"vc_message_box-icon\"><i class=\"fas fa-info-circle\"><\/i><\/div><\/div> Reserve (7) d\u00edas antes del d\u00eda de vencimiento. [\/ vc_message] <div class=\"vc_empty_space\"   style=\"height: 32px\"><span class=\"vc_empty_space_inner\"><\/span><\/div> [\/ vc_column] [\/ vc_row]<\/span><\/span><\/p>","protected":false},"excerpt":{"rendered":"<p>&nbsp;<\/p>\n<p><span style=\"font-weight: 400;\"><span style=\"vertical-align: inherit;\"><span style=\"vertical-align: inherit;\">\u00danase a nosotros para escalar el punto m\u00e1s alto del Caribe en J. Almando Bermudez National ubicado en la Cordillera Central del pa\u00eds.<\/span><\/span><\/span><\/p>\n<p><span style=\"font-weight: 400;\"><span style=\"vertical-align: inherit;\"><span style=\"vertical-align: inherit;\">El recorrido ir\u00e1 desde un bosque tropical hasta el pinar del Parque Nacional J. Armando Bermudez, caminando por senderos a trav\u00e9s de miles de helechos, ver\u00e1 loros, jilgueros y otras aves ex\u00f3ticas. <\/span><\/span><\/span><\/p>\n<p><em><strong><span style=\"vertical-align: inherit;\"><span style=\"vertical-align: inherit;\">Seleccione la fecha para comenzar el viaje:<\/span><\/span><\/strong><\/em><\/p>","protected":false},"featured_media":11133,"template":"","meta":[],"product_brand":[],"product_cat":[565,465],"product_tag":[466,467,468],"class_list":{"0":"post-11694","1":"product","2":"type-product","3":"status-publish","4":"has-post-thumbnail","6":"product_cat-1-sabana-de-la-mar","7":"product_cat-pico-duarte-hike-with-local-experts-duarte-peak-camping-trekking","8":"product_tag-camping-trekking","9":"product_tag-duarte-peak","10":"product_tag-pico-duarte-hike-with-local-experts-duarte-peak-camping-trekking","12":"first","13":"instock","14":"sale","15":"sold-individually","16":"shipping-taxable","17":"product-type-external"},"_links":{"self":[{"href":"https:\/\/visitaloshaitises.com\/zh\/wp-json\/wp\/v2\/product\/11694","targetHints":{"allow":["GET"]}}],"collection":[{"href":"https:\/\/visitaloshaitises.com\/zh\/wp-json\/wp\/v2\/product"}],"about":[{"href":"https:\/\/visitaloshaitises.com\/zh\/wp-json\/wp\/v2\/types\/product"}],"wp:featuredmedia":[{"embeddable":true,"href":"https:\/\/visitaloshaitises.com\/zh\/wp-json\/wp\/v2\/media\/11133"}],"wp:attachment":[{"href":"https:\/\/visitaloshaitises.com\/zh\/wp-json\/wp\/v2\/media?parent=11694"}],"wp:term":[{"taxonomy":"product_brand","embeddable":true,"href":"https:\/\/visitaloshaitises.com\/zh\/wp-json\/wp\/v2\/product_brand?post=11694"},{"taxonomy":"product_cat","embeddable":true,"href":"https:\/\/visitaloshaitises.com\/zh\/wp-json\/wp\/v2\/product_cat?post=11694"},{"taxonomy":"product_tag","embeddable":true,"href":"https:\/\/visitaloshaitises.com\/zh\/wp-json\/wp\/v2\/product_tag?post=11694"}],"curies":[{"name":"wp","href":"https:\/\/api.w.org\/{rel}","templated":true}]}}