{"id":593,"date":"2020-07-01T16:40:04","date_gmt":"2020-07-01T16:40:04","guid":{"rendered":"https:\/\/haitises.com\/?post_type=product&#038;p=593"},"modified":"2024-04-16T19:44:59","modified_gmt":"2024-04-16T19:44:59","slug":"excursion-cascada-el-limon-senderismo-y-natacion","status":"publish","type":"product","link":"https:\/\/visitaloshaitises.com\/vi\/rieng-tu\/excursion-cascada-el-limon-senderismo-y-natacion\/","title":{"rendered":"Chuy\u1ebfn tham quan th\u00e1c El Lim\u00f3n \u0110i b\u1ed9 v\u00e0 b\u01a1i l\u1ed9i"},"content":{"rendered":"<div class=\"vc_row wpb_row vc_row-fluid\" ><div class=\"wpb_column vc_column_container vc_col-sm-12\"><div class=\"vc_column-inner\"><div class=\"wpb_wrapper\">[mkdf_section_title subtitle_tag=\u00bb\u00bb subtitle=\u00bbSenderismo a las cascadas\u00bb]<\/div><\/div><\/div><\/div><div class=\"vc_row wpb_row vc_row-fluid\" ><div class=\"wpb_column vc_column_container vc_col-sm-12\"><div class=\"vc_column-inner\"><div class=\"wpb_wrapper\"><div class=\"vc_empty_space\"   style=\"height: 32px\"><span class=\"vc_empty_space_inner\"><\/span><\/div><\/div><\/div><\/div><\/div><div class=\"vc_row wpb_row vc_row-fluid\" ><div class=\"wpb_column vc_column_container vc_col-sm-12\"><div class=\"vc_column-inner\"><div class=\"wpb_wrapper\">\n\t<div class=\"wpb_text_column wpb_content_element\" >\n\t\t<div class=\"wpb_wrapper\">\n\t\t\t<h2>Tour a las cascadas de El Lim\u00f3n (senderismo y nataci\u00f3n)<\/h2>\n<h3>S\u1ef1 mi\u00eau t\u1ea3<\/h3>\n<p>Las cascadas El Lim\u00f3n Senderismo con gu\u00edas locales. Visitando el bosque de cacao y caf\u00e9 bajo el cultivo de cocos. Cuando llegue a las cascadas, podr\u00e1 nadar y establecer la hora con su gu\u00eda local.<\/p>\n<p>Aprenda con los locales sobre la naturaleza y la historia de Saman\u00e1 y disfrute de\u00a0 un viaje seguro. Obtenga sus entradas en oferta hoy.<\/p>\n<ul>\n<li>Senderismo<\/li>\n<li>El gu\u00eda proporciona instrucciones y supervisi\u00f3n.<\/li>\n<li>Tarifas al Parque Nacional<\/li>\n<\/ul>\n<h3>Bao g\u1ed3m v\u00e0 lo\u1ea1i tr\u1eeb<\/h3>\n<h4>Bao g\u1ed3m<\/h4>\n<ol>\n<li>Tour de senderismo<\/li>\n<li>Todos los impuestos, tarifas y cargos de lugar<\/li>\n<li>Thu\u1ebf \u0111\u1ecba ph\u01b0\u01a1ng<\/li>\n<li>H\u01b0\u1edbng d\u1eabn \u0111\u1ecba ph\u01b0\u01a1ng<\/li>\n<\/ol>\n<h4>Lo\u1ea1i tr\u1eeb<\/h4>\n<ol>\n<li>Comida no incluida<\/li>\n<li>L\u1eddi khuy\u00ean<\/li>\n<li>Chuy\u00ean ch\u1edf<\/li>\n<li>\u0110\u1ed3 u\u1ed1ng c\u00f3 c\u1ed3n<\/li>\n<li>Comida en la playa no incluida<\/li>\n<\/ol>\n<h3><em>Kh\u1edfi h\u00e0nh v\u00e0 tr\u1edf v\u1ec1<\/em><\/h3>\n<p>Du kh\u00e1ch s\u1ebd c\u00f3 \u0111i\u1ec3m t\u1eadp trung sau qu\u00e1 tr\u00ecnh \u0111\u1eb7t ph\u00f2ng. Chuy\u1ebfn tham quan b\u1eaft \u0111\u1ea7u v\u00e0 k\u1ebft th\u00fac t\u1ea1i \u0111i\u1ec3m h\u1eb9n c\u1ee7a ch\u00fang t\u00f4i.<\/p>\n<h3>Nh\u1eefng g\u00ec mong \u0111\u1ee3i?<\/h3>\n<p>Obtenga sus boletos para visitar La Cascada El Lim\u00f3n en Saman\u00e1 senderismo con un gu\u00eda tur\u00edstico local.<\/p>\n<p>El recorrido, organizado por \u00abBooking Adventures\u00bb, comienza en el punto de encuentro establecido con el gu\u00eda tur\u00edstico.<\/p>\n<p>Cascadas de El Lim\u00f3n con un gu\u00eda tur\u00edstico local. Reserve un viaje de senderismo por el bosque, rodeando el r\u00edo Lim\u00f3n, visitando plantaciones de cacao y caf\u00e9 bajo las sombra de coco.<\/p>\n<p>Primero, det\u00e9ngase en la peque\u00f1a cascada donde generalmente no hay mucha gente y puede nadar alrededor. Luego continuamos hacia la gran cascada donde nos quedaremos durante una hora o m\u00e1s si lo desea.<\/p>\n<p>Despu\u00e9s del Senderismo, puede configurar si desea almorzar con un cargo adicional.<\/p>\n<h3><em>B\u1ea1n n\u00ean mang theo nh\u1eefng g\u00ec?<\/em><\/h3>\n<ul>\n<li>M\u00e1y \u1ea3nh<\/li>\n<li>Thu\u1ed1c \u0111u\u1ed5i<\/li>\n<li>kem ch\u1ed1ng n\u1eafng<\/li>\n<li>M\u0169<\/li>\n<li>Qu\u1ea7n tho\u1ea3i m\u00e1i<\/li>\n<li>Gi\u00e0y \u0111i r\u1eebng<\/li>\n<li>\u0110\u1ed3 b\u01a1i<\/li>\n<\/ul>\n<h3><em>\u0110\u00f3n kh\u00e1ch s\u1ea1n<\/em><\/h3>\n<p>D\u1ecbch v\u1ee5 \u0111\u00f3n kh\u00e1ch t\u1ea1i kh\u00e1ch s\u1ea1n kh\u00f4ng \u0111\u01b0\u1ee3c cung c\u1ea5p cho chuy\u1ebfn tham quan n\u00e0y.<\/p>\n<p><strong>Ghi ch\u00fa:<\/strong> N\u1ebfu b\u1ea1n \u0111\u1eb7t v\u00e9 trong v\u00f2ng 24 gi\u1edd tr\u01b0\u1edbc gi\u1edd kh\u1edfi h\u00e0nh chuy\u1ebfn tham quan\/chuy\u1ebfn tham quan, ch\u00fang t\u00f4i c\u00f3 th\u1ec3 s\u1eafp x\u1ebfp \u0111\u00f3n kh\u00e1ch t\u1ea1i kh\u00e1ch s\u1ea1n v\u1edbi m\u1ed9t kho\u1ea3n ph\u1ee5 ph\u00ed. Sau khi vi\u1ec7c mua h\u00e0ng c\u1ee7a b\u1ea1n ho\u00e0n t\u1ea5t, ch\u00fang t\u00f4i s\u1ebd g\u1eedi cho b\u1ea1n th\u00f4ng tin li\u00ean h\u1ec7 \u0111\u1ea7y \u0111\u1ee7 (s\u1ed1 \u0111i\u1ec7n tho\u1ea1i, \u0111\u1ecba ch\u1ec9 email, v.v.) \u0111\u1ec3 h\u01b0\u1edbng d\u1eabn vi\u00ean du l\u1ecbch \u0111\u1ecba ph\u01b0\u01a1ng c\u1ee7a ch\u00fang t\u00f4i s\u1eafp x\u1ebfp vi\u1ec7c \u0111\u00f3n.<\/p>\n<h3><em>X\u00e1c nh\u1eadn th\u00f4ng tin b\u1ed5 sung<\/em><\/h3>\n<ul>\n<li>V\u00e9 l\u00e0 Bi\u00ean lai sau khi thanh to\u00e1n cho Chuy\u1ebfn tham quan n\u00e0y. B\u1ea1n c\u00f3 th\u1ec3 hi\u1ec3n th\u1ecb kho\u1ea3n thanh to\u00e1n tr\u00ean \u0111i\u1ec7n tho\u1ea1i c\u1ee7a m\u00ecnh.<\/li>\n<li>\u0110i\u1ec3m t\u1eadp trung s\u1ebd \u0111\u01b0\u1ee3c nh\u1eadn sau qu\u00e1 tr\u00ecnh \u0111\u1eb7t ch\u1ed7.<\/li>\n<li>Tr\u1ebb em ph\u1ea3i \u0111i c\u00f9ng ng\u01b0\u1eddi l\u1edbn.<\/li>\n<li>Kh\u00f4ng th\u1ec3 s\u1eed d\u1ee5ng xe l\u0103n<\/li>\n<li>Los infantes deben sentarse en un asiento para beb\u00e9s o con un\u00a0 adulto<\/li>\n<li>Kh\u00f4ng n\u00ean d\u00f9ng cho du kh\u00e1ch c\u00f3 v\u1ea5n \u0111\u1ec1 v\u1ec1 l\u01b0ng.<\/li>\n<li>Kh\u00f4ng n\u00ean d\u00f9ng cho ph\u1ee5 n\u1eef mang thai.<\/li>\n<li>Kh\u00f4ng c\u00f3 v\u1ea5n \u0111\u1ec1 v\u1ec1 tim ho\u1eb7c c\u00e1c t\u00ecnh tr\u1ea1ng b\u1ec7nh l\u00fd nghi\u00eam tr\u1ecdng kh\u00e1c.<\/li>\n<li>H\u1ea7u h\u1ebft du kh\u00e1ch c\u00f3 th\u1ec3 tham gia.<\/li>\n<\/ul>\n<h3><em>Ch\u00ednh s\u00e1ch h\u1ee7y<\/em><\/h3>\n<p>\u0110\u1ec3 \u0111\u01b0\u1ee3c ho\u00e0n \u0111\u1ee7 ti\u1ec1n, h\u00e3y h\u1ee7y \u00edt nh\u1ea5t 24 gi\u1edd tr\u01b0\u1edbc ng\u00e0y b\u1eaft \u0111\u1ea7u tr\u1ea3i nghi\u1ec7m.<\/p>\n<h3>Cont\u00e1ctenos<\/h3>\n<p><em><strong>\u0110\u1eb7t ch\u1ed7 phi\u00eau l\u01b0u<\/strong><\/em><br \/>\n<em><strong>H\u01b0\u1edbng d\u1eabn vi\u00ean v\u00e0 d\u1ecbch v\u1ee5 du l\u1ecbch trong n\u01b0\u1edbc v\u00e0 \u0111\u1ecba ph\u01b0\u01a1ng<\/strong><\/em><\/p>\n<p>\u0110\u1eb7t ch\u1ed7: C\u00e1c chuy\u1ebfn tham quan v\u00e0 du ngo\u1ea1n t\u1ea1i Dom. Rep.<\/p>\n<p>\ud83d\udcde \u0110i\u1ec7n tho\u1ea1i\/Whatsapp +1-809-720-6035.<\/p>\n<p>\ud83d\udce9 info@bookingadventures.com.do<\/p>\n<p>Ch\u00fang t\u00f4i th\u1ef1c hi\u1ec7n c\u00e1c chuy\u1ebfn tham quan ri\u00eang v\u1edbi c\u1ea5u h\u00ecnh linh ho\u1ea1t b\u1eb1ng Whatsapp: +18097206035.<\/p>\n\n\t\t<\/div>\n\t<\/div>\n<\/div><\/div><\/div><\/div>","protected":false},"excerpt":{"rendered":"<p>Las cascadas El Lim\u00f3n Senderismo con gu\u00edas locales. Visitando el bosque de cacao y caf\u00e9 bajo la sombra de las plantaciones de cocos. Cuando llegue a las cascadas, podr\u00e1 nadar y establecer la hora con su gu\u00eda local.<\/p>\n<p>Aprenda con los locales sobre la naturaleza y la historia de Saman\u00e1 y obtenga un viaje seguro. Obtenga sus entradas en oferta hoy.<\/p>\n<p><strong>Vui l\u00f2ng ch\u1ecdn ng\u00e0y cho chuy\u1ebfn tham quan:<\/strong><\/p>","protected":false},"featured_media":130,"template":"","meta":[],"product_brand":[],"product_cat":[120,96,136,99,122,443,123,124,154],"product_tag":[137,138,140,155,142,143],"class_list":{"0":"post-593","1":"product","2":"type-product","3":"status-publish","4":"has-post-thumbnail","6":"product_cat-fees-entrace","7":"product_cat-hiking","8":"product_cat-safari-samana","9":"product_cat-swimming-natural-springs","10":"product_cat-tours-and-excursions","11":"product_cat-tours-y-excursiones-es","12":"product_cat-tours-excursions-los-haitises-national-park","13":"product_cat-tours-excursions-samana-bay-dominican-republic","14":"product_cat-trails-or-paths","15":"product_tag-bacardi-island","16":"product_tag-beach-time","17":"product_tag-el-limon-waterfalls","18":"product_tag-hiking-el-limon","19":"product_tag-samana","20":"product_tag-samana-tours","22":"first","23":"instock","24":"sale","25":"sold-individually","26":"shipping-taxable","27":"product-type-external"},"_links":{"self":[{"href":"https:\/\/visitaloshaitises.com\/vi\/wp-json\/wp\/v2\/product\/593","targetHints":{"allow":["GET"]}}],"collection":[{"href":"https:\/\/visitaloshaitises.com\/vi\/wp-json\/wp\/v2\/product"}],"about":[{"href":"https:\/\/visitaloshaitises.com\/vi\/wp-json\/wp\/v2\/types\/product"}],"wp:featuredmedia":[{"embeddable":true,"href":"https:\/\/visitaloshaitises.com\/vi\/wp-json\/wp\/v2\/media\/130"}],"wp:attachment":[{"href":"https:\/\/visitaloshaitises.com\/vi\/wp-json\/wp\/v2\/media?parent=593"}],"wp:term":[{"taxonomy":"product_brand","embeddable":true,"href":"https:\/\/visitaloshaitises.com\/vi\/wp-json\/wp\/v2\/product_brand?post=593"},{"taxonomy":"product_cat","embeddable":true,"href":"https:\/\/visitaloshaitises.com\/vi\/wp-json\/wp\/v2\/product_cat?post=593"},{"taxonomy":"product_tag","embeddable":true,"href":"https:\/\/visitaloshaitises.com\/vi\/wp-json\/wp\/v2\/product_tag?post=593"}],"curies":[{"name":"wp","href":"https:\/\/api.w.org\/{rel}","templated":true}]}}