{"id":554,"date":"2020-06-22T17:36:48","date_gmt":"2020-06-22T17:36:48","guid":{"rendered":"https:\/\/haitises.com\/?post_type=product&#038;p=554"},"modified":"2024-04-17T20:44:54","modified_gmt":"2024-04-17T20:44:54","slug":"excursion-a-los-haitises-desde-sabana-de-la-mar-o-cano-hondo","status":"publish","type":"product","link":"https:\/\/visitaloshaitises.com\/vi\/private\/chuyen-tham-quan-den-haitises-tu-sabana-de-la-mar-hoac-cano-hondo\/","title":{"rendered":"Chuy\u1ebfn tham quan t\u1edbi Los Haitises t\u1eeb Sabana de la Mar ho\u1eb7c Ca\u00f1o Hondo"},"content":{"rendered":"<div class=\"vc_row wpb_row vc_row-fluid\" ><div class=\"wpb_column vc_column_container vc_col-sm-12\"><div class=\"vc_column-inner\"><div class=\"wpb_wrapper\"><div class=\"mkdf-section-title-holder\" style=\"text-align: left\">\n\t<div class=\"mkdf-st-inner\">\n\t\t\t\t\t<h5 class=\"mkdf-st-subtitle\" >\n\t\t\t\tTour du l\u1ecbch b\u00ecnh th\u01b0\u1eddng \u0111\u1ebfn Haitises\t\t\t<\/h5>\n\t\t\t\t\t\t\t<\/div>\n<\/div><\/div><\/div><\/div><\/div><div class=\"vc_row wpb_row vc_row-fluid\" ><div class=\"wpb_column vc_column_container vc_col-sm-12\"><div class=\"vc_column-inner\"><div class=\"wpb_wrapper\">\n\t<div class=\"wpb_text_column wpb_content_element\" >\n\t\t<div class=\"wpb_wrapper\">\n\t\t\t<h2>V\u01b0\u1eddn qu\u1ed1c gia Los Haitises T\u1eeb Sabana de la Mar ho\u1eb7c Kh\u00e1ch s\u1ea1n Cano Hondo.<\/h2>\n<h3>S\u1ef1 mi\u00eau t\u1ea3<\/h3>\n<p>M\u1ed9t chuy\u1ebfn \u0111i ri\u00eang b\u00ecnh th\u01b0\u1eddng \u0111\u1ebfn C\u00f4ng vi\u00ean Qu\u1ed1c gia Los Haitises. H\u00e3y c\u00f9ng ch\u00fang t\u00f4i tham quan c\u00f4ng vi\u00ean qu\u1ed1c gia \u0111\u1eb9p nh\u1ea5t C\u1ed9ng h\u00f2a Dominica, tham quan r\u1eebng ng\u1eadp m\u1eb7n, hang \u0111\u1ed9ng v\u00e0 V\u1ecbnh San Lorenzo. Tr\u1ea3i nghi\u1ec7m n\u00e0y c\u00f3 th\u1ec3 b\u1eaft \u0111\u1ea7u t\u1eeb vi\u1ec7c c\u1ed9ng \u0111\u1ed3ng Sabana de la Mar t\u00ecm hi\u1ec3u v\u1ec1 l\u1ecbch s\u1eed n\u00e0y c\u1ee7a Sabana de la Mar. Ngo\u00e0i ra, ch\u00fang t\u00f4i b\u1eaft \u0111\u1ea7u chuy\u1ebfn \u0111i n\u00e0y t\u1eeb c\u1ea3ng Ca\u00f1o Hondo.<\/p>\n<ul>\n<li>Bao g\u1ed3m thu\u1ebf<\/li>\n<li>H\u01b0\u1edbng d\u1eabn cung c\u1ea5p h\u01b0\u1edbng d\u1eabn v\u00e0 gi\u00e1m s\u00e1t.<\/li>\n<li>B\u1eefa tr\u01b0a kh\u00f4ng bao g\u1ed3m trong b\u1eefa tr\u01b0a \u1edf Ca\u00f1o Hondo Ch\u1ecdn chuy\u1ebfn tham quan n\u00e0y: Los Haitises Plus Ca\u00f1o Hondo.<\/li>\n<\/ul>\n<h3>Bao g\u1ed3m v\u00e0 lo\u1ea1i tr\u1eeb<\/h3>\n<h4>Bao g\u1ed3m<\/h4>\n<ol>\n<li>Tour Los Haitises + Hang \u0110\u1ed9ng v\u00e0 Ch\u1eef T\u01b0\u1ee3ng H\u00ecnh<\/li>\n<li>T\u1ea5t c\u1ea3 c\u00e1c lo\u1ea1i thu\u1ebf, ph\u00ed v\u00e0 ph\u00ed x\u1eed l\u00fd.<\/li>\n<li>Thu\u1ebf \u0111\u1ecba ph\u01b0\u01a1ng<\/li>\n<li>T\u1ea5t c\u1ea3 c\u00e1c ho\u1ea1t \u0111\u1ed9ng<\/li>\n<li>H\u01b0\u1edbng d\u1eabn \u0111\u1ecba ph\u01b0\u01a1ng<\/li>\n<\/ol>\n<h4>Lo\u1ea1i tr\u1eeb<\/h4>\n<ol>\n<li>L\u1eddi khuy\u00ean<\/li>\n<li>B\u1eefa tr\u01b0a kh\u00f4ng bao g\u1ed3m trong b\u1eefa tr\u01b0a \u1edf Ca\u00f1o Hondo Ch\u1ecdn chuy\u1ebfn tham quan n\u00e0y: Los Haitises Plus Ca\u00f1o Hondo.<\/li>\n<li>Chuy\u00ean ch\u1edf<\/li>\n<li>\u0110\u1ed3 u\u1ed1ng c\u00f3 c\u1ed3n<\/li>\n<\/ol>\n<h3><em>Kh\u1edfi h\u00e0nh v\u00e0 tr\u1edf v\u1ec1<\/em><\/h3>\n<p>Du kh\u00e1ch s\u1ebd c\u00f3 \u0111i\u1ec3m t\u1eadp trung sau qu\u00e1 tr\u00ecnh \u0111\u1eb7t ph\u00f2ng. Chuy\u1ebfn tham quan b\u1eaft \u0111\u1ea7u v\u00e0 k\u1ebft th\u00fac t\u1ea1i \u0111i\u1ec3m h\u1eb9n c\u1ee7a ch\u00fang t\u00f4i.<\/p>\n<h4><em>Nh\u1eefng g\u00ec mong \u0111\u1ee3i?<\/em><\/h4>\n<p>Nh\u1eadn v\u00e9 c\u1ee7a b\u1ea1n \u0111\u1ec3 tham quan C\u00f4ng vi\u00ean Qu\u1ed1c gia Los Haitises v\u1edbi Hang \u0111\u1ed9ng, R\u1eebng ng\u1eadp m\u1eb7n v\u00e0 V\u1ecbnh San Lorenzo.<\/p>\n<p>Gi\u00e1 th\u1ea5p nh\u1ea5t \u0111\u1ec3 tham quan V\u01b0\u1eddn Qu\u1ed1c gia Los Haitises t\u1eeb c\u00e1c kh\u00e1ch s\u1ea1n Sabana de la Mar ho\u1eb7c Ca\u00f1o Hondo v\u1edbi H\u01b0\u1edbng d\u1eabn vi\u00ean \u0111\u1ecba ph\u01b0\u01a1ng. Chuy\u1ebfn \u0111i b\u1eaft \u0111\u1ea7u t\u1ea1i c\u1ea3ng ch\u00ednh c\u1ee7a V\u01b0\u1eddn Qu\u1ed1c gia Los Haitises. Chuy\u1ebfn \u0111i n\u00e0y b\u1eaft \u0111\u1ea7u l\u00fac 10:00 s\u00e1ng v\u1edbi m\u1ed9t h\u01b0\u1edbng d\u1eabn vi\u00ean du l\u1ecbch \u0111\u1ecba ph\u01b0\u01a1ng, ng\u01b0\u1eddi bi\u1ebft r\u00f5 c\u00e2u chuy\u1ec7n g\u1ed1c v\u1ec1 V\u01b0\u1eddn Qu\u1ed1c gia tr\u00e1ng l\u1ec7.<\/p>\n<p>Sau \u0111\u00f3, ch\u00fang t\u00f4i b\u1eaft \u0111\u1ea7u t\u1eeb c\u1ea3ng ch\u00ednh c\u1ee7a C\u00f4ng vi\u00ean Qu\u1ed1c gia Los Haitises, \u0111\u01b0\u1ee3c g\u1ecdi l\u00e0 Ca\u00f1o Hondo (Deep Creek) tr\u00ean T\u00c0U c\u00f3 \u00e1o phao. Ch\u00fang ta s\u1ebd t\u1eadn h\u01b0\u1edfng r\u1eebng ng\u1eadp m\u1eb7n \u0111\u1ecf cho \u0111\u1ebfn khi \u0111\u1ebfn V\u1ecbnh San Lorenzo. V\u1ecbnh nh\u1ecf \u1edf V\u1ecbnh Saman\u00e1. V\u00e0 ch\u00fang ta b\u1eaft \u0111\u1ea7u n\u00e0o! \u0110i\u1ec1u \u0111\u1ea7u ti\u00ean b\u1ea1n c\u00f3 th\u1ec3 nh\u00ecn th\u1ea5y l\u00e0 b\u1ed9 s\u01b0u t\u1eadp m\u1ed9t h\u00f2n \u0111\u1ea3o n\u00fai \u0111\u00e1 v\u00f4i kh\u1ed5ng l\u1ed3 c\u00f3 t\u00ean l\u00e0 Mogotes. Ph\u00eda tr\u00ean ch\u00fang c\u00f3 h\u01a1n 700 lo\u00e0i th\u1ef1c v\u1eadt v\u00e0 nhi\u1ec1u lo\u00e0i chim \u0111\u1ea5t ng\u1eadp n\u01b0\u1edbc bay l\u01b0\u1ee3n xung quanh. Sau \u0111\u00f3 tham quan c\u00e1c hang \u0111\u1ed9ng c\u00f3 h\u00ecnh v\u1ebd c\u1ee7a c\u1ed9ng \u0111\u1ed3ng b\u1ea3n \u0111\u1ecba ch\u00fang t\u00f4i c\u00e1ch \u0111\u00e2y 750 n\u0103m.<\/p>\n<p>Xuy\u00ean qua r\u1eebng ng\u1eadp m\u1eb7n v\u00e0 v\u00f9ng \u0111\u1ea5t \u1edf V\u1ecbnh San Lorenzo r\u1ed9ng m\u1edf, t\u1eeb \u0111\u00f3 b\u1ea1n c\u00f3 th\u1ec3 ch\u1ee5p \u1ea3nh phong c\u1ea3nh r\u1eebng g\u1ed3 gh\u1ec1. Nh\u00ecn ra m\u1eb7t n\u01b0\u1edbc \u0111\u1ec3 ng\u1eafm l\u1ee3n bi\u1ec3n, \u0111\u1ed9ng v\u1eadt gi\u00e1p x\u00e1c v\u00e0 c\u00e1 heo.<\/p>\n<p>El nombre del parque nacional proviene de sus habitantes originales, los indios ta\u00ednos. En su idioma, \u00abHaitises\u00bb se traduce en tierras altas o colinas, una referencia a las empinadas formaciones geol\u00f3gicas de la costa con calizas. Avent\u00farate en el parque para explorar cuevas como la Cueva de la Arena y la Cueva de la L\u00ednea. Las cuevas en la reserva fueron utilizadas como refugio por los indios ta\u00ednos y, m\u00e1s tarde, por los piratas escondidos. Busque dibujos de indios que decoran algunas de las paredes. Despu\u00e9s de visitar el Parque Nacional Los Haitises, regresaremos al puerto donde comenz\u00f3 nuestro viaje.<\/p>\n<h3><em>B\u1ea1n n\u00ean mang theo nh\u1eefng g\u00ec?<\/em><\/h3>\n<ul>\n<li>M\u00e1y \u1ea3nh<\/li>\n<li>Thu\u1ed1c \u0111u\u1ed5i<\/li>\n<li>kem ch\u1ed1ng n\u1eafng<\/li>\n<li>M\u0169<\/li>\n<li>Qu\u1ea7n tho\u1ea3i m\u00e1i<\/li>\n<li>Gi\u00e0y \u0111i r\u1eebng<\/li>\n<li>D\u00e9p \u0111\u1ebfn mi\u1ec1n xu\u00e2n.<\/li>\n<li>\u0110\u1ed3 b\u01a1i<\/li>\n<\/ul>\n<h3><em>\u0110\u00f3n kh\u00e1ch s\u1ea1n<\/em><\/h3>\n<p>D\u1ecbch v\u1ee5 \u0111\u00f3n t\u1ea1i kh\u00e1ch s\u1ea1n \u0111\u01b0\u1ee3c cung c\u1ea5p n\u1ebfu b\u1ea1n \u1edf Paraiso Ca\u00f1o Hondo ho\u1eb7c Altos Ca\u00f1o Hondo Hotel. \u0110i\u1ec3m t\u1eadp trung c\u1ee7a ch\u00fang t\u00f4i c\u00e1ch nh\u1eefng kh\u00e1ch s\u1ea1n \u0111\u00f3 5 ph\u00fat \u0111i b\u1ed9.<\/p>\n<p><strong>Ghi ch\u00fa<\/strong>- N\u1ebfu b\u1ea1n \u0111\u1eb7t v\u00e9 trong v\u00f2ng 24 gi\u1edd tr\u01b0\u1edbc gi\u1edd kh\u1edfi h\u00e0nh chuy\u1ebfn tham quan\/chuy\u1ebfn tham quan, ch\u00fang t\u00f4i c\u00f3 th\u1ec3 s\u1eafp x\u1ebfp \u0111\u00f3n kh\u00e1ch t\u1ea1i kh\u00e1ch s\u1ea1n v\u1edbi m\u1ed9t kho\u1ea3n ph\u1ee5 ph\u00ed n\u1ebfu b\u1ea1n kh\u00f4ng c\u00f3 m\u1eb7t t\u1ea1i kh\u00e1ch s\u1ea1n Ca\u00f1o Hondo. Sau khi vi\u1ec7c mua h\u00e0ng c\u1ee7a b\u1ea1n ho\u00e0n t\u1ea5t, ch\u00fang t\u00f4i s\u1ebd g\u1eedi cho b\u1ea1n th\u00f4ng tin li\u00ean h\u1ec7 \u0111\u1ea7y \u0111\u1ee7 (s\u1ed1 \u0111i\u1ec7n tho\u1ea1i, \u0111\u1ecba ch\u1ec9 email, v.v.) \u0111\u1ec3 h\u01b0\u1edbng d\u1eabn vi\u00ean du l\u1ecbch \u0111\u1ecba ph\u01b0\u01a1ng c\u1ee7a ch\u00fang t\u00f4i s\u1eafp x\u1ebfp vi\u1ec7c \u0111\u00f3n.<\/p>\n<h3><em>X\u00e1c nh\u1eadn th\u00f4ng tin b\u1ed5 sung<\/em><\/h3>\n<ul>\n<li>V\u00e9 l\u00e0 Bi\u00ean lai sau khi thanh to\u00e1n cho Chuy\u1ebfn tham quan n\u00e0y. B\u1ea1n c\u00f3 th\u1ec3 hi\u1ec3n th\u1ecb kho\u1ea3n thanh to\u00e1n tr\u00ean \u0111i\u1ec7n tho\u1ea1i c\u1ee7a m\u00ecnh.<\/li>\n<li>\u0110i\u1ec3m t\u1eadp trung s\u1ebd \u0111\u01b0\u1ee3c nh\u1eadn sau qu\u00e1 tr\u00ecnh \u0111\u1eb7t ch\u1ed7.<\/li>\n<li>Tr\u1ebb em ph\u1ea3i \u0111i c\u00f9ng ng\u01b0\u1eddi l\u1edbn.<\/li>\n<li>Kh\u00f4ng th\u1ec3 s\u1eed d\u1ee5ng xe l\u0103n<\/li>\n<li>Tr\u1ebb s\u01a1 sinh n\u00ean ng\u1ed3i tr\u00ean gh\u1ebf em b\u00e9 ho\u1eb7c ng\u1ed3i c\u00f9ng ng\u01b0\u1eddi l\u1edbn<\/li>\n<li>Kh\u00f4ng n\u00ean d\u00f9ng cho du kh\u00e1ch c\u00f3 v\u1ea5n \u0111\u1ec1 v\u1ec1 l\u01b0ng.<\/li>\n<li>Kh\u00f4ng n\u00ean d\u00f9ng cho ph\u1ee5 n\u1eef mang thai.<\/li>\n<li>Kh\u00f4ng c\u00f3 v\u1ea5n \u0111\u1ec1 v\u1ec1 tim ho\u1eb7c c\u00e1c t\u00ecnh tr\u1ea1ng b\u1ec7nh l\u00fd nghi\u00eam tr\u1ecdng kh\u00e1c.<\/li>\n<li>H\u1ea7u h\u1ebft du kh\u00e1ch c\u00f3 th\u1ec3 tham gia.<\/li>\n<\/ul>\n<h3><em>Ch\u00ednh s\u00e1ch h\u1ee7y<\/em><\/h3>\n<p>\u0110\u1ec3 \u0111\u01b0\u1ee3c ho\u00e0n \u0111\u1ee7 ti\u1ec1n, h\u00e3y h\u1ee7y \u00edt nh\u1ea5t 24 gi\u1edd tr\u01b0\u1edbc ng\u00e0y b\u1eaft \u0111\u1ea7u tr\u1ea3i nghi\u1ec7m.<\/p>\n<h3><em>Li\u00ean h\u1ec7 ch\u00fang t\u00f4i?<\/em><\/h3>\n<p>\u0110\u1eb7t ch\u1ed7 cu\u1ed9c phi\u00eau l\u01b0u<br \/>\nH\u01b0\u1edbng d\u1eabn vi\u00ean v\u00e0 d\u1ecbch v\u1ee5 du l\u1ecbch trong n\u01b0\u1edbc v\u00e0 \u0111\u1ecba ph\u01b0\u01a1ng<\/p>\n<p>\u0110\u1eb7t ch\u1ed7: C\u00e1c chuy\u1ebfn tham quan v\u00e0 du ngo\u1ea1n t\u1ea1i Dom. Reps.<\/p>\n<p>\ud83d\udcde \u0110i\u1ec7n tho\u1ea1i\/Whatsapp +1-809-720-6035.<\/p>\n<p>\ud83d\udce9 info@bookingadventures.com.do<\/p>\n<p>Ch\u00fang t\u00f4i t\u1ed5 ch\u1ee9c c\u00e1c chuy\u1ebfn tham quan ri\u00eang v\u1edbi c\u1ea5u h\u00ecnh linh ho\u1ea1t b\u1eb1ng Whatsapp: +18097206035.<\/p>\n\n\t\t<\/div>\n\t<\/div>\n<\/div><\/div><\/div><\/div>","protected":false},"excerpt":{"rendered":"<p>Gi\u00e1 th\u1ea5p nh\u1ea5t \u0111\u1ec3 tham quan V\u01b0\u1eddn Qu\u1ed1c gia Los Haitises t\u1eeb c\u00e1c kh\u00e1ch s\u1ea1n Sabana de la Mar ho\u1eb7c Ca\u00f1o Hondo v\u1edbi H\u01b0\u1edbng d\u1eabn vi\u00ean \u0111\u1ecba ph\u01b0\u01a1ng. Chuy\u1ebfn \u0111i b\u1eaft \u0111\u1ea7u t\u1ea1i c\u1ea3ng ch\u00ednh c\u1ee7a V\u01b0\u1eddn Qu\u1ed1c gia Los Haitises. Chuy\u1ebfn \u0111i n\u00e0y b\u1eaft \u0111\u1ea7u l\u00fac 10:00 s\u00e1ng v\u1edbi m\u1ed9t h\u01b0\u1edbng d\u1eabn vi\u00ean du l\u1ecbch \u0111\u1ecba ph\u01b0\u01a1ng, ng\u01b0\u1eddi bi\u1ebft r\u00f5 c\u00e2u chuy\u1ec7n g\u1ed1c v\u1ec1 V\u01b0\u1eddn Qu\u1ed1c gia tr\u00e1ng l\u1ec7.<\/p>\n<p>Sau \u0111\u00f3, ch\u00fang t\u00f4i b\u1eaft \u0111\u1ea7u t\u1eeb c\u1ea3ng ch\u00ednh c\u1ee7a C\u00f4ng vi\u00ean Qu\u1ed1c gia Los Haitises, \u0111\u01b0\u1ee3c g\u1ecdi l\u00e0 Ca\u00f1o Hondo (Deep Creek) tr\u00ean T\u00c0U c\u00f3 \u00e1o phao. Ch\u00fang ta s\u1ebd t\u1eadn h\u01b0\u1edfng r\u1eebng ng\u1eadp m\u1eb7n \u0111\u1ecf cho \u0111\u1ebfn khi \u0111\u1ebfn V\u1ecbnh San Lorenzo, m\u1ed9t v\u1ecbnh nh\u1ecf \u1edf V\u1ecbnh Saman\u00e1. V\u00e0 ch\u00fang ta b\u1eaft \u0111\u1ea7u n\u00e0o! \u0110i\u1ec1u \u0111\u1ea7u ti\u00ean b\u1ea1n c\u00f3 th\u1ec3 nh\u00ecn th\u1ea5y l\u00e0 b\u1ed9 s\u01b0u t\u1eadp m\u1ed9t h\u00f2n \u0111\u1ea3o n\u00fai \u0111\u00e1 v\u00f4i kh\u1ed5ng l\u1ed3 c\u00f3 t\u00ean l\u00e0 Mogotes. Ngo\u00e0i ch\u00fang, c\u00f2n c\u00f3 h\u01a1n 700 lo\u00e0i th\u1ef1c v\u1eadt v\u00e0 nhi\u1ec1u lo\u00e0i chim \u0111\u1ea5t ng\u1eadp n\u01b0\u1edbc bay kh\u1eafp n\u01a1i. Sau \u0111\u00f3 tham quan c\u00e1c hang \u0111\u1ed9ng c\u00f3 h\u00ecnh v\u1ebd c\u1ee7a c\u1ed9ng \u0111\u1ed3ng b\u1ea3n \u0111\u1ecba ch\u00fang t\u00f4i c\u00e1ch \u0111\u00e2y 750 n\u0103m.<\/p>\n<p><strong>Vui l\u00f2ng ch\u1ecdn ng\u00e0y cho chuy\u1ebfn tham quan\u00a0<\/strong><\/p>","protected":false},"featured_media":81,"template":"","meta":[],"product_brand":[],"product_cat":[119,120,98,121,99,122,443,123,124],"product_tag":[125,126,127,128,129,130,131,132,133,134,114],"class_list":{"0":"post-554","1":"product","2":"type-product","3":"status-publish","4":"has-post-thumbnail","6":"product_cat-caves","7":"product_cat-fees-entrace","8":"product_cat-local-tour-guides","9":"product_cat-mangroves","10":"product_cat-swimming-natural-springs","11":"product_cat-tours-and-excursions","12":"product_cat-tours-y-excursiones-es","13":"product_cat-tours-excursions-los-haitises-national-park","14":"product_cat-tours-excursions-samana-bay-dominican-republic","15":"product_tag-boat-tour","16":"product_tag-cano-hondo","17":"product_tag-cano-hondo-hotel","18":"product_tag-cano-hondo-tours","19":"product_tag-eco-tours","20":"product_tag-excursion","21":"product_tag-locals-guides","22":"product_tag-los-haitises","23":"product_tag-los-haitises-national-park","24":"product_tag-los-haitises-national-park-tour","25":"product_tag-sabana-de-la-mar","27":"first","28":"instock","29":"sale","30":"sold-individually","31":"shipping-taxable","32":"product-type-external"},"_links":{"self":[{"href":"https:\/\/visitaloshaitises.com\/vi\/wp-json\/wp\/v2\/product\/554","targetHints":{"allow":["GET"]}}],"collection":[{"href":"https:\/\/visitaloshaitises.com\/vi\/wp-json\/wp\/v2\/product"}],"about":[{"href":"https:\/\/visitaloshaitises.com\/vi\/wp-json\/wp\/v2\/types\/product"}],"wp:featuredmedia":[{"embeddable":true,"href":"https:\/\/visitaloshaitises.com\/vi\/wp-json\/wp\/v2\/media\/81"}],"wp:attachment":[{"href":"https:\/\/visitaloshaitises.com\/vi\/wp-json\/wp\/v2\/media?parent=554"}],"wp:term":[{"taxonomy":"product_brand","embeddable":true,"href":"https:\/\/visitaloshaitises.com\/vi\/wp-json\/wp\/v2\/product_brand?post=554"},{"taxonomy":"product_cat","embeddable":true,"href":"https:\/\/visitaloshaitises.com\/vi\/wp-json\/wp\/v2\/product_cat?post=554"},{"taxonomy":"product_tag","embeddable":true,"href":"https:\/\/visitaloshaitises.com\/vi\/wp-json\/wp\/v2\/product_tag?post=554"}],"curies":[{"name":"wp","href":"https:\/\/api.w.org\/{rel}","templated":true}]}}