{"id":543,"date":"2020-06-14T19:18:13","date_gmt":"2020-06-14T19:18:13","guid":{"rendered":"https:\/\/haitises.com\/?post_type=product&#038;p=543"},"modified":"2024-08-22T05:45:22","modified_gmt":"2024-08-22T05:45:22","slug":"parque-nacional-los-haitises-desde-el-puerto-de-samana","status":"publish","type":"product","link":"https:\/\/visitaloshaitises.com\/vi\/private\/parque-nacional-los-haitises-desde-el-puerto-de-samana\/","title":{"rendered":"V\u01b0\u1eddn qu\u1ed1c gia Los Haitises t\u1eeb c\u1ea3ng Saman\u00e1"},"content":{"rendered":"<div class=\"vc_row wpb_row vc_row-fluid\" ><div class=\"wpb_column vc_column_container vc_col-sm-12\"><div class=\"vc_column-inner\"><div class=\"wpb_wrapper\">\n\t<div class=\"wpb_text_column wpb_content_element\" >\n\t\t<div class=\"wpb_wrapper\">\n\t\t\t<h2>V\u01b0\u1eddn qu\u1ed1c gia Los Haitises (V\u1ecbnh Saman\u00e1) t\u1eeb c\u1ea3ng Saman\u00e1<\/h2>\n<ul>\n<li>Chuy\u1ebfn tham quan b\u1eb1ng thuy\u1ec1n \u0111\u1ebfn C\u00f4ng vi\u00ean Qu\u1ed1c gia Los Haitises<br \/>\n<h3>S\u1ef1 mi\u00eau t\u1ea3<\/h3>\n<p>Tham quan C\u00f4ng vi\u00ean Qu\u1ed1c gia Los Haitises t\u1eeb c\u1ea3ng Saman\u00e1. H\u00e3y c\u00f9ng ch\u00fang t\u00f4i \u0111\u1ebfn th\u0103m c\u00f4ng vi\u00ean qu\u1ed1c gia \u0111\u1eb9p nh\u1ea5t C\u1ed9ng h\u00f2a Dominica, tham quan r\u1eebng ng\u1eadp m\u1eb7n, hang \u0111\u1ed9ng v\u00e0 V\u1ecbnh San Lorenzo, c\u0169ng nh\u01b0 b\u0103ng qua V\u1ecbnh Saman\u00e1 xinh \u0111\u1eb9p. Sau \u0111\u00f3 quay tr\u1edf l\u1ea1i c\u1ea3ng Saman\u00e1.<\/li>\n<\/ul>\n<p>Sau tr\u1ea3i nghi\u1ec7m n\u00e0y, b\u1ea1n s\u1ebd quay tr\u1edf l\u1ea1i c\u1ea3ng Saman\u00e1.<\/p>\n<ul>\n<li>Bao g\u1ed3m thu\u1ebf<br \/>\nH\u01b0\u1edbng d\u1eabn cung c\u1ea5p h\u01b0\u1edbng d\u1eabn v\u00e0 gi\u00e1m s\u00e1t.<\/li>\n<li>Bao g\u1ed3m v\u00e0 lo\u1ea1i tr\u1eeb<\/li>\n<\/ul>\n<h3>Bao g\u1ed3m<\/h3>\n<ol>\n<li>Tour Los Haitises + Hang \u0110\u1ed9ng v\u00e0 Ch\u1eef T\u01b0\u1ee3ng H\u00ecnh<\/li>\n<li>T\u1ea5t c\u1ea3 c\u00e1c lo\u1ea1i thu\u1ebf, ph\u00ed v\u00e0 ph\u00ed x\u1eed l\u00fd.<\/li>\n<li>Thu\u1ebf \u0111\u1ecba ph\u01b0\u01a1ng<\/li>\n<li>\u0110\u00f4\u0340 u\u00f4\u0341ng<\/li>\n<li>T\u1ea5t c\u1ea3 c\u00e1c ho\u1ea1t \u0111\u1ed9ng<\/li>\n<li>H\u01b0\u1edbng d\u1eabn \u0111\u1ecba ph\u01b0\u01a1ng<\/li>\n<\/ol>\n<h3>Lo\u1ea1i tr\u1eeb<\/h3>\n<ol>\n<li>L\u1eddi khuy\u00ean<\/li>\n<li>Chuy\u1ec3n kho\u1ea3n<\/li>\n<li>\u0110\u1ed3 u\u1ed1ng c\u00f3 c\u1ed3n<\/li>\n<li>Kh\u00f4ng bao g\u1ed3m b\u1eefa tr\u01b0a, b\u1eefa tr\u01b0a bao g\u1ed3m ch\u1ecdn m\u1ed9t trong c\u00e1c chuy\u1ebfn \u0111i sau: Los Haitises + Cayo Levantado t\u1eeb c\u1ea3ng Saman\u00e1 ho\u1eb7c Los Haitises + Cano Hondo t\u1eeb c\u1ea3ng Saman\u00e1.<\/li>\n<\/ol>\n<h3>Kh\u1edfi h\u00e0nh v\u00e0 tr\u1edf v\u1ec1<\/h3>\n<p>Du kh\u00e1ch s\u1ebd c\u00f3 \u0111i\u1ec3m t\u1eadp trung sau qu\u00e1 tr\u00ecnh \u0111\u1eb7t ph\u00f2ng. Chuy\u1ebfn tham quan b\u1eaft \u0111\u1ea7u v\u00e0 k\u1ebft th\u00fac t\u1ea1i \u0111i\u1ec3m h\u1eb9n c\u1ee7a ch\u00fang t\u00f4i.<\/p>\n<h3>Nh\u1eefng g\u00ec mong \u0111\u1ee3i?<\/h3>\n<p>Nh\u1eadn v\u00e9 tham quan C\u00f4ng vi\u00ean Qu\u1ed1c gia Los Haitises v\u1edbi b\u1eefa tr\u01b0a tuy\u1ec7t v\u1eddi t\u1ea1i Ca\u00f1o Hondo v\u00e0 b\u01a1i l\u1ed9i trong d\u00f2ng su\u1ed1i t\u1ef1 nhi\u00ean.<\/p>\n<p>B\u1eaft \u0111\u1ea7u t\u1eeb c\u1ea3ng Saman\u00e1 tr\u00ean thuy\u1ec1n ho\u1eb7c catamaran v\u1edbi h\u01b0\u1edbng d\u1eabn vi\u00ean du l\u1ecbch \u0111\u1ecba ph\u01b0\u01a1ng, ch\u00fang t\u00f4i \u0111i qua v\u1ecbnh Saman\u00e1 c\u1ea1nh Sabana de la Mar \u0111\u1ec3 th\u0103m m\u1ed9t trong nh\u1eefng c\u00f4ng vi\u00ean qu\u1ed1c gia \u0111\u1eb9p nh\u1ea5t \u1edf C\u1ed9ng h\u00f2a Dominica. C\u00f4ng vi\u00ean qu\u1ed1c gia Haitises<\/p>\n<p>Tham quan \u0111\u1ea3o v\u1edbi chim xung quanh. V\u00e0o m\u00f9a l\u00e0m t\u1ed5, ch\u00fang ta c\u00f2n c\u00f3 th\u1ec3 nh\u00ecn th\u1ea5y nh\u1eefng ch\u00fa b\u1ed3 n\u00f4ng con trong t\u1ed5. \u0110i s\u00e2u h\u01a1n v\u00e0o \u0111\u1ea3o \u0111\u00e1 v\u00e0 tham quan c\u00e1c hang \u0111\u1ed9ng c\u00f3 ch\u1eef t\u01b0\u1ee3ng h\u00ecnh, th\u1ea1ch b\u1ea3n c\u1ee7a ng\u01b0\u1eddi d\u00e2n b\u1ea3n \u0111\u1ecba.<\/p>\n<p>El recorrido, organizado por \u00abBooking Adventures\u00bb, comienza en el punto de encuentro establecido con el gu\u00eda tur\u00edstico. Ven con Booking Adventures y comienza a observar algunos manglares llenos de p\u00e1jaros, colinas onduladas de exuberante vegetaci\u00f3n y cuevas del Parque Nacional Los Haitises.<\/p>\n<p>Xuy\u00ean qua r\u1eebng ng\u1eadp m\u1eb7n v\u00e0 v\u00f9ng \u0111\u1ea5t \u1edf V\u1ecbnh San Lorenzo r\u1ed9ng m\u1edf, t\u1eeb \u0111\u00f3 b\u1ea1n c\u00f3 th\u1ec3 ch\u1ee5p \u1ea3nh phong c\u1ea3nh r\u1eebng g\u1ed3 gh\u1ec1. Nh\u00ecn ra m\u1eb7t n\u01b0\u1edbc \u0111\u1ec3 ng\u1eafm l\u1ee3n bi\u1ec3n, \u0111\u1ed9ng v\u1eadt gi\u00e1p x\u00e1c v\u00e0 c\u00e1 heo.<\/p>\n<p>El nombre del parque nacional proviene de sus habitantes originales, los indios ta\u00ednos. En su idioma, \u00abHaitises\u00bb se traduce en tierras altas o colinas, una referencia a las empinadas formaciones geol\u00f3gicas de la costa con calizas. Avent\u00farate en el parque para explorar cuevas como la Cueva de la Arena y la Cueva de la L\u00ednea. Las cuevas en la reserva fueron utilizadas como refugio por los indios ta\u00ednos y, m\u00e1s tarde, por los piratas escondidos. Busque dibujos de indios que decoran algunas de las paredes. Despu\u00e9s de visitar el Parque Nacional Los Haitises, regresaremos al puerto de Saman\u00e1 pasando la bah\u00eda de Saman\u00e1 30 minutos.<\/p>\n<p>Trong tr\u01b0\u1eddng h\u1ee3p b\u1ea1n th\u00edch chuy\u1ebfn \u0111i n\u00e0y h\u01a1n, ch\u00fang t\u00f4i c\u00f3 c\u00e1c l\u1ef1a ch\u1ecdn sau:<\/p>\n<p>Los Haitises + Cayo Levantado t\u1eeb c\u1ea3ng Saman\u00e1.<br \/>\nLos Haitises + Cano Hondo t\u1eeb c\u1ea3ng Saman\u00e1.<\/p>\n<h3>B\u1ea1n n\u00ean mang theo nh\u1eefng g\u00ec?<\/h3>\n<ul>\n<li>M\u00e1y \u1ea3nh<\/li>\n<li>n\u1ee5 ch\u1ed1ng th\u1ea5m<\/li>\n<li>kem ch\u1ed1ng n\u1eafng<\/li>\n<li>M\u0169<\/li>\n<li>Qu\u1ea7n tho\u1ea3i m\u00e1i<\/li>\n<li>Gi\u00e0y \u0111i r\u1eebng<\/li>\n<li>D\u00e9p \u0111\u1ebfn mi\u1ec1n xu\u00e2n.<\/li>\n<li>v\u00e1y b\u01a1i<\/li>\n<\/ul>\n<h3>\u0110\u00f3n kh\u00e1ch s\u1ea1n<\/h3>\n<p>D\u1ecbch v\u1ee5 \u0111\u00f3n kh\u00e1ch t\u1ea1i kh\u00e1ch s\u1ea1n kh\u00f4ng \u0111\u01b0\u1ee3c cung c\u1ea5p cho chuy\u1ebfn tham quan n\u00e0y.<\/p>\n<p>L\u01b0u \u00fd: N\u1ebfu b\u1ea1n \u0111\u1eb7t v\u00e9 trong v\u00f2ng 24 gi\u1edd tr\u01b0\u1edbc gi\u1edd kh\u1edfi h\u00e0nh chuy\u1ebfn tham quan\/chuy\u1ebfn tham quan, ch\u00fang t\u00f4i c\u00f3 th\u1ec3 s\u1eafp x\u1ebfp \u0111\u00f3n kh\u00e1ch t\u1ea1i kh\u00e1ch s\u1ea1n v\u1edbi m\u1ed9t kho\u1ea3n ph\u1ee5 ph\u00ed. Sau khi vi\u1ec7c mua h\u00e0ng c\u1ee7a b\u1ea1n ho\u00e0n t\u1ea5t, ch\u00fang t\u00f4i s\u1ebd g\u1eedi cho b\u1ea1n th\u00f4ng tin li\u00ean h\u1ec7 \u0111\u1ea7y \u0111\u1ee7 (s\u1ed1 \u0111i\u1ec7n tho\u1ea1i, \u0111\u1ecba ch\u1ec9 email, v.v.) \u0111\u1ec3 h\u01b0\u1edbng d\u1eabn vi\u00ean du l\u1ecbch \u0111\u1ecba ph\u01b0\u01a1ng c\u1ee7a ch\u00fang t\u00f4i s\u1eafp x\u1ebfp vi\u1ec7c \u0111\u00f3n.<\/p>\n<h3>X\u00e1c nh\u1eadn th\u00f4ng tin b\u1ed5 sung<\/h3>\n<ol>\n<li>V\u00e9 l\u00e0 Bi\u00ean lai sau khi thanh to\u00e1n cho Chuy\u1ebfn tham quan n\u00e0y. B\u1ea1n c\u00f3 th\u1ec3 hi\u1ec3n th\u1ecb kho\u1ea3n thanh to\u00e1n tr\u00ean \u0111i\u1ec7n tho\u1ea1i c\u1ee7a m\u00ecnh.<\/li>\n<li>\u0110i\u1ec3m t\u1eadp trung s\u1ebd \u0111\u01b0\u1ee3c nh\u1eadn sau qu\u00e1 tr\u00ecnh \u0111\u1eb7t ch\u1ed7.<\/li>\n<li>Tr\u1ebb em ph\u1ea3i \u0111i c\u00f9ng ng\u01b0\u1eddi l\u1edbn.<\/li>\n<li>Kh\u00f4ng th\u1ec3 s\u1eed d\u1ee5ng xe l\u0103n<\/li>\n<li>Tr\u1ebb s\u01a1 sinh n\u00ean ng\u1ed3i tr\u00ean \u0111\u00f9i<\/li>\n<li>Kh\u00f4ng n\u00ean d\u00f9ng cho du kh\u00e1ch c\u00f3 v\u1ea5n \u0111\u1ec1 v\u1ec1 l\u01b0ng.<\/li>\n<li>Kh\u00f4ng n\u00ean d\u00f9ng cho du kh\u00e1ch mang thai.<\/li>\n<li>Kh\u00f4ng c\u00f3 v\u1ea5n \u0111\u1ec1 v\u1ec1 tim ho\u1eb7c c\u00e1c t\u00ecnh tr\u1ea1ng b\u1ec7nh l\u00fd nghi\u00eam tr\u1ecdng kh\u00e1c.<\/li>\n<li>H\u1ea7u h\u1ebft du kh\u00e1ch c\u00f3 th\u1ec3 tham gia.<\/li>\n<\/ol>\n<h3>Ch\u00ednh s\u00e1ch h\u1ee7y<\/h3>\n<p>\u0110\u1ec3 \u0111\u01b0\u1ee3c ho\u00e0n \u0111\u1ee7 ti\u1ec1n, h\u00e3y h\u1ee7y \u00edt nh\u1ea5t 24 gi\u1edd tr\u01b0\u1edbc ng\u00e0y b\u1eaft \u0111\u1ea7u tr\u1ea3i nghi\u1ec7m.<\/p>\n<h3>Li\u00ean h\u1ec7 ch\u00fang t\u00f4i?<\/h3>\n<p>\u0110\u1eb7t ch\u1ed7 cu\u1ed9c phi\u00eau l\u01b0u<br \/>\nH\u01b0\u1edbng d\u1eabn vi\u00ean v\u00e0 d\u1ecbch v\u1ee5 du l\u1ecbch trong n\u01b0\u1edbc v\u00e0 \u0111\u1ecba ph\u01b0\u01a1ng<\/p>\n<p>\u0110\u1eb7t ch\u1ed7: C\u00e1c chuy\u1ebfn tham quan v\u00e0 du ngo\u1ea1n t\u1ea1i Dom. Rep.<\/p>\n<p>\ud83d\udcde \u0110i\u1ec7n tho\u1ea1i\/Whatsapp +1-809-720-6035.<\/p>\n<p>\ud83d\udce9 info@bookingadventures.com.do<\/p>\n<p>Ch\u00fang t\u00f4i th\u1ef1c hi\u1ec7n c\u00e1c chuy\u1ebfn tham quan ri\u00eang m\u1ed9t c\u00e1ch linh ho\u1ea1t b\u1eb1ng Whatsapp: +18097206035.<\/p>\n\n\t\t<\/div>\n\t<\/div>\n<\/div><\/div><\/div><\/div><div class=\"vc_row wpb_row vc_row-fluid\" ><div class=\"wpb_column vc_column_container vc_col-sm-12\"><div class=\"vc_column-inner\"><div class=\"wpb_wrapper\"><div class=\"vc_empty_space\"   style=\"height: 32px\"><span class=\"vc_empty_space_inner\"><\/span><\/div>\n\t<div class=\"wpb_video_widget wpb_content_element vc_clearfix   vc_video-aspect-ratio-169 vc_video-el-width-100 vc_video-align-left\" >\n\t\t<div class=\"wpb_wrapper\">\n\t\t\t<h2 class=\"wpb_heading wpb_video_heading\">Los Haitises v\u00e0 h\u01a1n th\u1ebf n\u1eefa...<\/h2>\n\t\t\t<div class=\"wpb_video_wrapper\"><iframe loading=\"lazy\" title=\"C\u1ed9ng h\u00f2a Dominica - Hang \u0111\u1ed9ng Los Haitises (Tainos), Ch\u1eef t\u01b0\u1ee3ng h\u00ecnh &amp; Tranh kh\u1eafc \u0111\u00e1\" width=\"1100\" height=\"619\" src=\"https:\/\/www.youtube.com\/embed\/o_ExYqtOlH8?feature=oembed\" frameborder=\"0\" allow=\"accelerometer; autoplay; encrypted-media; gyroscope; picture-in-picture\" allowfullscreen><\/iframe><\/div>\n\t\t<\/div>\n\t<\/div>\n<\/div><\/div><\/div><\/div>","protected":false},"excerpt":{"rendered":"<p>Chuy\u1ebfn \u0111i sinh th\u00e1i \u0111\u1ebfn C\u00f4ng vi\u00ean Qu\u1ed1c gia Los Haitises v\u1edbi h\u01b0\u1edbng d\u1eabn vi\u00ean \u0111\u1ecba ph\u01b0\u01a1ng. Tham quan Keys \u1edf C\u00f4ng vi\u00ean Qu\u1ed1c gia Los Haitises, r\u1eebng ng\u1eadp m\u1eb7n, th\u1ea3m th\u1ef1c v\u1eadt, ng\u1eafm chim, hang \u0111\u1ed9ng, tranh v\u1ebd v\u00e0 c\u00e1c khu v\u1ef1c l\u1ecbch s\u1eed Sabana de la Mar \u1edf C\u00f4ng vi\u00ean Qu\u1ed1c gia Los Haitises.<\/p>\n<p>&nbsp;<\/p>\n<p><strong>Ch\u1ecdn ng\u00e0y b\u1ea1n \u0111\u1ebfn th\u0103m:<\/strong><\/p>","protected":false},"featured_media":225,"template":"","meta":[],"product_brand":[],"product_cat":[121,435,430,443],"product_tag":[132,133,432,142,148,143],"class_list":{"0":"post-543","1":"product","2":"type-product","3":"status-publish","4":"has-post-thumbnail","6":"product_cat-mangroves","7":"product_cat-manglares","8":"product_cat-parque-nacional-los-haitises-samana","9":"product_cat-tours-y-excursiones-es","10":"product_tag-los-haitises","11":"product_tag-los-haitises-national-park","12":"product_tag-parque-nacional-los-haitises-samana","13":"product_tag-samana","14":"product_tag-samana-excursions","15":"product_tag-samana-tours","17":"first","18":"instock","19":"sale","20":"sold-individually","21":"shipping-taxable","22":"product-type-external"},"_links":{"self":[{"href":"https:\/\/visitaloshaitises.com\/vi\/wp-json\/wp\/v2\/product\/543","targetHints":{"allow":["GET"]}}],"collection":[{"href":"https:\/\/visitaloshaitises.com\/vi\/wp-json\/wp\/v2\/product"}],"about":[{"href":"https:\/\/visitaloshaitises.com\/vi\/wp-json\/wp\/v2\/types\/product"}],"wp:featuredmedia":[{"embeddable":true,"href":"https:\/\/visitaloshaitises.com\/vi\/wp-json\/wp\/v2\/media\/225"}],"wp:attachment":[{"href":"https:\/\/visitaloshaitises.com\/vi\/wp-json\/wp\/v2\/media?parent=543"}],"wp:term":[{"taxonomy":"product_brand","embeddable":true,"href":"https:\/\/visitaloshaitises.com\/vi\/wp-json\/wp\/v2\/product_brand?post=543"},{"taxonomy":"product_cat","embeddable":true,"href":"https:\/\/visitaloshaitises.com\/vi\/wp-json\/wp\/v2\/product_cat?post=543"},{"taxonomy":"product_tag","embeddable":true,"href":"https:\/\/visitaloshaitises.com\/vi\/wp-json\/wp\/v2\/product_tag?post=543"}],"curies":[{"name":"wp","href":"https:\/\/api.w.org\/{rel}","templated":true}]}}