{"id":11670,"date":"2023-10-04T07:40:09","date_gmt":"2023-10-04T07:40:09","guid":{"rendered":"https:\/\/haitises.com\/?post_type=product&#038;p=11670"},"modified":"2023-10-04T07:40:26","modified_gmt":"2023-10-04T07:40:26","slug":"whale-watching-2023-in-punta-cana-cap-cana-to-samana-bay-cayo-levantado-bacardi-island-from-hotels","status":"publish","type":"product","link":"https:\/\/visitaloshaitises.com\/vi\/private\/xem-ca-voi-trong-punta-cana-to-samana-bay-cayo-levantado-bacardi-dao-tu-khach-san\/","title":{"rendered":"Ng\u1eafm c\u00e1 voi n\u0103m 2023 \u1edf Punta Cana \/ Cap Cana \u0111\u1ebfn V\u1ecbnh Saman\u00e1 + Cayo Levantado (\u0110\u1ea3o Bacardi) t\u1eeb c\u00e1c kh\u00e1ch s\u1ea1n."},"content":{"rendered":"<div class=\"vc_row wpb_row vc_row-fluid\" ><div class=\"wpb_column vc_column_container vc_col-sm-12\"><div class=\"vc_column-inner\"><div class=\"wpb_wrapper\"><div class=\"mkdf-section-title-holder\" style=\"text-align: left\">\n\t<div class=\"mkdf-st-inner\">\n\t\t\t\t\t<h5 class=\"mkdf-st-subtitle\" >\n\t\t\t\tPick Up from Hotels and Cayo Levantado (Bacardi Island).\t\t\t<\/h5>\n\t\t\t\t\t\t\t<h3 class=\"mkdf-st-title\" >\n\t\t\t\tWhale Watching 2023 in Punta Cana\/Cap Cana to Samana Bay\t\t\t<\/h3>\n\t\t\t\t\t<\/div>\n<\/div><\/div><\/div><\/div><\/div><div class=\"vc_row wpb_row vc_row-fluid\" ><div class=\"wpb_column vc_column_container vc_col-sm-12\"><div class=\"vc_column-inner\"><div class=\"wpb_wrapper\"><div class=\"vc_btn3-container vc_btn3-inline\" ><button class=\"vc_general vc_btn3 vc_btn3-size-md vc_btn3-shape-rounded vc_btn3-style-modern vc_btn3-color-green\">\u0110\u0102\u0323T B\u00c2Y GI\u1edc<\/button><\/div>\n\t<div class=\"wpb_text_column wpb_content_element\" >\n\t\t<div class=\"wpb_wrapper\">\n\t\t\t<div class=\"vc_row wpb_row vc_row-fluid\">\n<div class=\"wpb_column vc_column_container vc_col-sm-12\">\n<div class=\"vc_column-inner\">\n<div class=\"wpb_wrapper\">\n<div class=\"wpb_text_column wpb_content_element\">\n<div class=\"wpb_wrapper\">\n<div class=\"vc_row wpb_row vc_row-fluid\">\n<div class=\"wpb_column vc_column_container vc_col-sm-12\">\n<div class=\"vc_column-inner\">\n<div class=\"wpb_wrapper\">\n<div class=\"wpb_text_column wpb_content_element\">\n<div class=\"wpb_wrapper\">\n<h4><b><i>T\u1ed5ng quan<img decoding=\"async\" class=\"emoji\" draggable=\"false\" src=\"https:\/\/s.w.org\/images\/core\/emoji\/12.0.0-1\/svg\/1f433.svg\" alt=\"\ud83d\udc33\" \/><\/i><\/b><\/h4>\n<p>Whale Punta Cana, whale watching in Saman\u00e1 Bay and visit Cayo Levantado during this full-day excursion from Punta Cana hotels. Travel to Saman\u00e1 bay aboard a comfortable, air-conditioned coach, then transfer to a boat Catamaran\u00a0 at Miches. Cruise out into the open waters to look for the pods of humpback whales who visit to breed and have their calves in the area. Learn about the behavior and biology of these marine mammals from your expert naturalist guide. Continue to Cayo Levantado, or Bacardi Island, for lunch on the beach and a dip in the azure waters before returning to Punta Cana.<\/p>\n<p>&nbsp;<\/p>\n<p><strong>Ghi ch\u00fa: <\/strong>This tour can or not include the stop at\u00a0<strong>Limon Waterfall<\/strong>. To book same trip with the waterfalls please <a href=\"https:\/\/www.ticketswhales.com\/Tours-Excursions\/fees-entrace\/samana-whale-watching-cayo-levantado-bacardi-island-limon-waterfalls-from-punta-cana-hotels\/\" target=\"_blank\" rel=\"noopener\">CLICK HERE.<\/a><\/p>\n<p>&nbsp;<\/p>\n<ul>\n<li>Whale Watching trip<\/li>\n<li>Entrance fees to Observatory<\/li>\n<li>Bao g\u1ed3m buffet tr\u01b0a tr\u00ean b\u00e3i bi\u1ec3n<\/li>\n<li>\u0110\u01b0a \u0111\u00f3n b\u1eb1ng thuy\u1ec1n<\/li>\n<li>Transfer from Punta Cana Hotels<\/li>\n<li>Thuy\u1ec1n tr\u01b0\u1edfng cung c\u1ea5p h\u01b0\u1edbng d\u1eabn v\u00e0 gi\u00e1m s\u00e1t<\/li>\n<li>Tour Guide<\/li>\n<\/ul>\n<p>&nbsp;<\/p>\n<h4><b>Bao g\u1ed3m &amp; Lo\u1ea1i tr\u1eeb<\/b><\/h4>\n<p>&nbsp;<\/p>\n<p><b>Bao g\u1ed3m<\/b><\/p>\n<p>&nbsp;<\/p>\n<ol>\n<li>Buffet lunch on the beach<\/li>\n<li>Tour Guide<\/li>\n<li>Catamaran or Boat Trip<\/li>\n<li>T\u1ea5t c\u1ea3 c\u00e1c lo\u1ea1i thu\u1ebf, ph\u00ed v\u00e0 ph\u00ed x\u1eed l\u00fd<\/li>\n<li>Thu\u1ebf \u0111\u1ecba ph\u01b0\u01a1ng<\/li>\n<li>\u0110\u1ed3 u\u1ed1ng<\/li>\n<\/ol>\n<p><b>Lo\u1ea1i tr\u1eeb<\/b><\/p>\n<ol>\n<li>Ti\u1ec1n th\u01b0\u1edfng<\/li>\n<\/ol>\n<p>&nbsp;<\/p>\n<h4><em><strong>Kh\u1edfi h\u00e0nh &amp; Tr\u1edf v\u1ec1<\/strong><\/em><\/h4>\n<p>Hotel pick-up is offered for this tour. In Notes Just write the name of hotel for pick you up. We pick up in all Punta Cana Hotels.<\/p>\n<p>&nbsp;<\/p>\n<h3>Whale Watching 2023 in Punta Cana\/Cap Cana to Samana Bay + Cayo Levantado (Bacardi Island) from Hotels.<\/h3>\n<h4><b><i>Nh\u1eefng g\u00ec mong \u0111\u1ee3i?<\/i><\/b><\/h4>\n<p>Get up close with the Dominican Republic\u2019s gentle giants of the sea during this 12-hour Humpback whale-watching excursion on S\u00e1mana Bay. Spend an unforgettable day observing the thousands of whales that flock to the island each year to mate, feed and play in its warm tropical waters. As you observe these beautiful creatures you\u2019ll enjoy unique insights from your expert whale-watching guide. Finish the day with an included lunch and beach time on beautiful Cayo Levantado Island. Round-trip hotel transport is also included.<\/p>\n<p>From 9:00 Am until 12:00-noon Whale watching observatory and After this Whale trip we will visit Bacardi Island \/ Cayo Levantado. In Bacardi Island, Lunch Buffet from typical Dominican Style will be provided (Rice, Beans, Fish, Salads\u2026). When lunch is finished you are allowed to swim until 4:30 pm. Tour will be finished at 5:00 pm at the same port from where it will start onboad our Catamaran and them bus back to Punta Cana Hotels.<\/p>\n<p>This tour can or not include the stop at\u00a0<strong>Limon Waterfall<\/strong>. To book same trip with the waterfalls please <a href=\"https:\/\/www.ticketswhales.com\/Tours-Excursions\/fees-entrace\/samana-whale-watching-cayo-levantado-bacardi-island-limon-waterfalls-from-punta-cana-hotels\/\" target=\"_blank\" rel=\"noopener\">CLICK HERE.<\/a><\/p>\n<p><strong>Th\u1eddi gian bi\u1ec3u:<\/strong><\/p>\n<p>6:00 \u2013 7:00\u00a0Pick up of the customers from the different hotels<br \/>\n07:00 Departure to Las Canitas in Sabana de la mar<br \/>\n08:15 Arrival at the private dock<br \/>\n08:15 \u2013 8:40 Breakfast Time (sandwiches, muffins, tea, coffee, juices)<br \/>\n8:45 Boarding to start our journey to the sanctuary of the humpback whales in Samana<br \/>\n11:00 Search for the whales for a 45-minute period- This is the Timing follow by The government rules.<br \/>\n11:45 Head to Cayo Levantado in the Samana Bay<br \/>\n12:30 Arrival in Cayo Levantado<br \/>\n13:00 Lunch time\u00a0(lunch buffet, typical Dominican)*<br \/>\n13:45 \u2013 15:30\u00a0Spare time in Cayo Levantado<br \/>\n15:00 \u2013 15:45 On board again direction back to Miches<br \/>\n17:00 Arrival in Miches and departure to the hotels\u00a0in Punta Cana<br \/>\n19:30 \u2013 20:00 Arrival at hotels in Punta Cana<\/p>\n<p><strong>*Lunch Menu (typical Dominican)<br \/>\n<\/strong>Rice, grilled chicken or grilled fish, salad, vegetables, fresh fruit.<\/p>\n<p><strong>*Customers who choose to add the stop at the waterfall El Limon after the whale watching will move to the waterfall ad will have less time to spend in Cayo Levantado.<\/strong><\/p>\n<p>This tour can or not include the stop at\u00a0<strong>Limon Waterfall<\/strong>. To book same trip with the waterfalls please <a href=\"https:\/\/www.ticketswhales.com\/Tours-Excursions\/fees-entrace\/samana-whale-watching-cayo-levantado-bacardi-island-limon-waterfalls-from-punta-cana-hotels\/\" target=\"_blank\" rel=\"noopener\">CLICK HERE.<\/a><\/p>\n<p>&nbsp;<\/p>\n<h4><em><strong>B\u1ea1n n\u00ean mang theo nh\u1eefng g\u00ec?<\/strong><\/em><\/h4>\n<ul>\n<li>M\u00e1y \u1ea3nh<\/li>\n<li>Ch\u1ed3i \u0111u\u1ed5i<\/li>\n<li>kem ch\u1ed1ng n\u1eafng<\/li>\n<li>M\u0169<\/li>\n<li>Qu\u1ea7n tho\u1ea3i m\u00e1i<\/li>\n<li>D\u00e9p \u0111i bi\u1ec3n<\/li>\n<li>\u0110\u1ed3 b\u01a1i<\/li>\n<li>Ti\u1ec1n m\u1eb7t mua qu\u00e0 l\u01b0u ni\u1ec7m<\/li>\n<\/ul>\n<p>&nbsp;<\/p>\n<h4><b><i>\u0110\u00f3n kh\u00e1ch s\u1ea1n<\/i><\/b><\/h4>\n<p>Hotel pick-up is offered for this tour. In Notes Just write the name of hotel for pick you up. We pick up in all Punta Cana Hotels.<\/p>\n<p>&nbsp;<\/p>\n<p><b>Ghi ch\u00fa:<\/b> if you are booking within 24 hours of the tour\/Excursion departure time, we can arrangements hotel pick-up. Once your purchase is complete, we will send you complete contact information (phone number, email address, etc.) for our local Tour guide to organize pick-up arrangements.<\/p>\n<h4><b><i>X\u00e1c nh\u1eadn th\u00f4ng tin b\u1ed5 sung<\/i><\/b><\/h4>\n<ol>\n<li>V\u00e9 l\u00e0 Bi\u00ean lai sau khi thanh to\u00e1n Chuy\u1ebfn tham quan n\u00e0y. B\u1ea1n c\u00f3 th\u1ec3 hi\u1ec3n th\u1ecb kho\u1ea3n thanh to\u00e1n tr\u00ean \u0111i\u1ec7n tho\u1ea1i c\u1ee7a m\u00ecnh.<\/li>\n<li>\u0110i\u1ec3m t\u1eadp trung s\u1ebd \u0111\u01b0\u1ee3c nh\u1eadn sau qu\u00e1 tr\u00ecnh \u0111\u1eb7t ch\u1ed7.<\/li>\n<li>Tr\u1ebb em ph\u1ea3i \u0111i c\u00f9ng ng\u01b0\u1eddi l\u1edbn.<\/li>\n<li>Xe l\u0103n cho ng\u01b0\u1eddi khuy\u1ebft<\/li>\n<li>Tr\u1ebb s\u01a1 sinh ph\u1ea3i ng\u1ed3i tr\u00ean \u0111\u00f9i<\/li>\n<li>H\u1ea7u h\u1ebft du kh\u00e1ch c\u00f3 th\u1ec3 tham gia<\/li>\n<\/ol>\n<h5><b><i>Ch\u00ednh s\u00e1ch h\u1ee7y<\/i><\/b><\/h5>\n<p>\u0110\u1ec3 \u0111\u01b0\u1ee3c ho\u00e0n l\u1ea1i \u0111\u1ea7y \u0111\u1ee7, vui l\u00f2ng \u0111\u1ecdc ch\u00ednh s\u00e1ch H\u1ee7y c\u1ee7a ch\u00fang t\u00f4i\u00a0<a href=\"https:\/\/www.ticketswhales.com\/online-booking\/\" target=\"_blank\" rel=\"noopener\" data-saferedirecturl=\"https:\/\/www.google.com\/url?q=https:\/\/www.ticketswhales.com\/online-booking\/&amp;source=gmail&amp;ust=1672532492004000&amp;usg=AOvVaw3ylqI1cdbIPTimEqEWneyd\">B\u1ea5m v\u00e0o \u0111\u00e2y<\/a>. Ti\u1ec1n s\u1ebd b\u1ecb m\u1ea5t n\u1ebfu vi\u1ec7c \u0111\u1eb7t ch\u1ed7 b\u1ecb h\u1ee7y trong c\u00f9ng ng\u00e0y c\u1ee7a chuy\u1ebfn \u0111i.<\/p>\n<\/div>\n<\/div>\n<\/div>\n<\/div>\n<\/div>\n<\/div>\n<\/div>\n<\/div>\n<\/div>\n<\/div>\n<\/div>\n<\/div>\n<div class=\"vc_row wpb_row vc_row-fluid\">\n<div class=\"wpb_column vc_column_container vc_col-sm-12\">\n<div class=\"vc_column-inner\">\n<div class=\"wpb_wrapper\">\n<div class=\"vc_empty_space\"><\/div>\n<div class=\"wpb_text_column wpb_content_element\">\n<div class=\"wpb_wrapper\">\n<h4>Li\u00ean h\u1ec7 ch\u00fang t\u00f4i?<\/h4>\n<h5><b><i>TOUR WHALES SAMANA<\/i><\/b><\/h5>\n<p><em><strong>Ng\u01b0\u1eddi d\u00e2n \u0111\u1ecba ph\u01b0\u01a1ng<\/strong>\u00a0V\u00e0\u00a0<strong>Qu\u1ed1c t\u1ecbch<\/strong>\u00a0H\u01b0\u1edbng d\u1eabn vi\u00ean du l\u1ecbch &amp; D\u1ecbch v\u1ee5 kh\u00e1ch h\u00e0ng<\/em><\/p>\n<p><span class=\"text-turquoise\">\u0110\u1eb7t ch\u1ed7:<\/span>\u00a0Chuy\u1ebfn tham quan &amp; tham quan t\u1ea1i Dom. Rep.<\/p>\n<p><img decoding=\"async\" class=\"emoji\" draggable=\"false\" src=\"https:\/\/s.w.org\/images\/core\/emoji\/11.2.0\/svg\/1f4de.svg\" alt=\"\ud83d\udcde\" \/>\u00a0\u0110i\u1ec7n tho\u1ea1i\/Whatsapp\u00a0\u00a0<a href=\"tel:+1-809-720-6035\">+1-809-720-6035<\/a>.<\/p>\n<p><img decoding=\"async\" class=\"emoji\" draggable=\"false\" src=\"https:\/\/s.w.org\/images\/core\/emoji\/11.2.0\/svg\/1f4e9.svg\" alt=\"\ud83d\udce9\" \/>\u00a0<a href=\"mailto:info@bookingadventures.com.do\">info@bookingadventures.com.do<\/a><\/p>\n<p><strong>Ch\u00fang t\u00f4i linh ho\u1ea1t thi\u1ebft l\u1eadp c\u00e1c chuy\u1ebfn tham quan ri\u00eang b\u1eb1ng Whatsapp:\u00a0<a href=\"tel:+18097206035\">+18097206035.<\/a><\/strong><\/p>\n<\/div>\n<\/div>\n<\/div>\n<\/div>\n<\/div>\n<\/div>\n\n\t\t<\/div>\n\t<\/div>\n<\/div><\/div><\/div><\/div><div class=\"vc_row wpb_row vc_row-fluid\" ><div class=\"wpb_column vc_column_container vc_col-sm-12\"><div class=\"vc_column-inner\"><div class=\"wpb_wrapper\"><div class=\"vc_btn3-container vc_btn3-inline\" ><button class=\"vc_general vc_btn3 vc_btn3-size-md vc_btn3-shape-rounded vc_btn3-style-modern vc_btn3-color-green\">\u0110\u0102\u0323T B\u00c2Y GI\u1edc<\/button><\/div><\/div><\/div><\/div><\/div>","protected":false},"excerpt":{"rendered":"<p>From the Punta Cana hotels, we&#8217;ll enjoy the beautiful landscapes of the Oriental Mountain Range as we drive north of Punta Cana before arriving in the small fishing village of Miches at the southern shores of Samana Bay. There you will enjoy a quick breakfast prior to boarding the boat to Samana. We&#8217;ll cruise deep into the bay to whale watch. We will first reach Cayo Levantado, also known as Bacardi Island because of its close resemblance to the beaches Bacardi Rum once used for its famous commercials. Cayo Levantado is nothing short of a tropical oasis &#8211; a small island in the middle of the ocean with turquoise waters and white sands.<\/p>\n<p>This tour can or not include the stop at\u00a0<strong>Limon Waterfall<\/strong>. To book the same trip with the waterfalls please <a href=\"https:\/\/www.ticketswhales.com\/Tours-Excursions\/fees-entrace\/samana-whale-watching-cayo-levantado-bacardi-island-limon-waterfalls-from-punta-cana-hotels\/\">CLICK HERE.<\/a><\/p>\n<p>&nbsp;<\/p>\n<p>&nbsp;<\/p>\n<p><em><strong>Please Select the date for The Excursion:<\/strong><\/em><\/p>","protected":false},"featured_media":11203,"template":"","meta":[],"product_brand":[],"product_cat":[576,569,597,259,124,499],"product_tag":[390,137,162,364,260,345,201,141,391,228,147,392,357,271,393,234,280,394,236,395],"class_list":{"0":"post-11670","1":"product","2":"type-product","3":"status-publish","4":"has-post-thumbnail","6":"product_cat-1-punta-cana","7":"product_cat-punta-cana-group-tours","8":"product_cat-punta-cana-whale-watching","9":"product_cat-tours-excursions-punta-cana-dominican-republic","10":"product_cat-tours-excursions-samana-bay-dominican-republic","11":"product_cat-whale-watching-punta-cana","12":"product_tag-390","13":"product_tag-bacardi-island","14":"product_tag-cayo-levantado-day-pass","15":"product_tag-cheap-punta-cana-excursions","16":"product_tag-day-trip-punta-cana","17":"product_tag-half-day-whale-watching-miches","18":"product_tag-private-tours-samana","19":"product_tag-punta-cana","20":"product_tag-punta-cana-activities","21":"product_tag-punta-cana-tours","22":"product_tag-samana-bay","23":"product_tag-samana-day-trip","24":"product_tag-samana-day-trip-from-punta-cana","25":"product_tag-samana-whale-watching","26":"product_tag-whale-punta-cana","27":"product_tag-whale-samana","28":"product_tag-whale-watching-2020","29":"product_tag-whale-watching-2020-in-punta-cana-to-samana-bay-cayo-levantado-bacardi-island-from-hotels","30":"product_tag-whale-watching-dominican-republic","31":"product_tag-whale-watching-punta-cana","33":"first","34":"instock","35":"sale","36":"sold-individually","37":"shipping-taxable","38":"product-type-external"},"_links":{"self":[{"href":"https:\/\/visitaloshaitises.com\/vi\/wp-json\/wp\/v2\/product\/11670","targetHints":{"allow":["GET"]}}],"collection":[{"href":"https:\/\/visitaloshaitises.com\/vi\/wp-json\/wp\/v2\/product"}],"about":[{"href":"https:\/\/visitaloshaitises.com\/vi\/wp-json\/wp\/v2\/types\/product"}],"wp:featuredmedia":[{"embeddable":true,"href":"https:\/\/visitaloshaitises.com\/vi\/wp-json\/wp\/v2\/media\/11203"}],"wp:attachment":[{"href":"https:\/\/visitaloshaitises.com\/vi\/wp-json\/wp\/v2\/media?parent=11670"}],"wp:term":[{"taxonomy":"product_brand","embeddable":true,"href":"https:\/\/visitaloshaitises.com\/vi\/wp-json\/wp\/v2\/product_brand?post=11670"},{"taxonomy":"product_cat","embeddable":true,"href":"https:\/\/visitaloshaitises.com\/vi\/wp-json\/wp\/v2\/product_cat?post=11670"},{"taxonomy":"product_tag","embeddable":true,"href":"https:\/\/visitaloshaitises.com\/vi\/wp-json\/wp\/v2\/product_tag?post=11670"}],"curies":[{"name":"wp","href":"https:\/\/api.w.org\/{rel}","templated":true}]}}