{"id":11324,"date":"2021-08-15T20:08:37","date_gmt":"2021-08-15T20:08:37","guid":{"rendered":"https:\/\/haitises.com\/?post_type=product&#038;p=11324"},"modified":"2024-04-09T14:47:49","modified_gmt":"2024-04-09T14:47:49","slug":"27-waterfalls-of-damajagua-tour-from-puerto-plata-half-day-trip-not-bus-pick-up-2","status":"publish","type":"product","link":"https:\/\/visitaloshaitises.com\/vi\/private\/27-waterfalls-of-damajagua-tour-from-puerto-plata-half-day-trip-not-bus-pick-up-2\/","title":{"rendered":"Tour tham quan 27 th\u00e1c n\u01b0\u1edbc Damajagua t\u1eeb Puerto Plata. Chuy\u1ebfn \u0111i n\u1eeda ng\u00e0y. Kh\u00f4ng \u0111\u00f3n xe bu\u00fdt."},"content":{"rendered":"<div class=\"vc_row wpb_row vc_row-fluid\" ><div class=\"wpb_column vc_column_container vc_col-sm-12\"><div class=\"vc_column-inner\"><div class=\"wpb_wrapper\"><div class=\"mkdf-section-title-holder\" style=\"text-align: left\">\n\t<div class=\"mkdf-st-inner\">\n\t\t\t\t\t<h5 class=\"mkdf-st-subtitle\" >\n\t\t\t\t Lunch Included\t\t\t<\/h5>\n\t\t\t\t\t\t\t<h3 class=\"mkdf-st-title\" >\n\t\t\t\t27 Waterfalls of Damajagua Tour from Puerto Plata. Half Day Trip.\t\t\t<\/h3>\n\t\t\t\t\t<\/div>\n<\/div><\/div><\/div><\/div><\/div><div class=\"vc_row wpb_row vc_row-fluid\" ><div class=\"wpb_column vc_column_container vc_col-sm-12\"><div class=\"vc_column-inner\"><div class=\"wpb_wrapper\">\n\t<div class=\"wpb_text_column wpb_content_element\" >\n\t\t<div class=\"wpb_wrapper\">\n\t\t\t<h3 class=\"ui_header h1 attractions-product-info-ProductTitle__title--1qM0o\">27 Waterfalls of Damajagua Tour from Puerto Plata. Half Day Trip.<\/h3>\n<h4><b><i>T\u1ed5ng quan <\/i><\/b><\/h4>\n<p>Get your Tickets for a half day excursion here in the 27 Waterfall from Damajagua. Entrance tickets with Lunch and Excursion Include to Jump and swimming in the most beautiful waterfalls of the Dominican Republic. Hiking and Swimming with safety equipment to have the best experience ever!!<\/p>\n<p>After this experience, you will get Back to Location where you meet with the Tour Guide.<\/p>\n<ul>\n<li style=\"font-weight: 400;\">\u0110\u00e3 bao g\u1ed3m ph\u00ed<\/li>\n<li>B\u1eefa tr\u01b0a<\/li>\n<li>\u0110\u1ed3 \u0103n nh\u1eb9<\/li>\n<li style=\"font-weight: 400;\">Local Tour Guide in English<\/li>\n<\/ul>\n<p>&nbsp;<\/p>\n<h4><b>Bao g\u1ed3m &amp; Lo\u1ea1i tr\u1eeb<\/b><\/h4>\n<p>&nbsp;<\/p>\n<p><b>Bao g\u1ed3m<\/b><\/p>\n<ol>\n<li style=\"font-weight: 400;\">27 Waterfalls of Damajagua<\/li>\n<li>B\u1eefa tr\u01b0a<\/li>\n<li style=\"font-weight: 400;\"><span style=\"font-weight: 400;\">T\u1ea5t c\u1ea3 c\u00e1c lo\u1ea1i thu\u1ebf, ph\u00ed v\u00e0 ph\u00ed x\u1eed l\u00fd<\/span><\/li>\n<li style=\"font-weight: 400;\"><span style=\"font-weight: 400;\">Thu\u1ebf \u0111\u1ecba ph\u01b0\u01a1ng<\/span><\/li>\n<li style=\"font-weight: 400;\"><span style=\"font-weight: 400;\">\u0110\u1ed3 u\u1ed1ng<\/span><\/li>\n<li>\u0110\u1ed3 \u0103n nh\u1eb9<\/li>\n<li style=\"font-weight: 400;\"><span style=\"font-weight: 400;\">M\u1ecdi ho\u1ea1t \u0111\u1ed9ng<\/span><\/li>\n<li style=\"font-weight: 400;\"><span style=\"font-weight: 400;\">H\u01b0\u1edbng d\u1eabn \u0111\u1ecba ph\u01b0\u01a1ng<\/span><\/li>\n<\/ol>\n<p><b> Lo\u1ea1i tr\u1eeb<\/b><\/p>\n<ol>\n<li style=\"font-weight: 400;\"><span style=\"font-weight: 400;\">Ti\u1ec1n th\u01b0\u1edfng<\/span><\/li>\n<li>transportation ( Set by Contacting us)<\/li>\n<li style=\"font-weight: 400;\"><span style=\"font-weight: 400;\">\u0110\u1ed3 u\u1ed1ng c\u00f3 c\u1ed3n<\/span><\/li>\n<\/ol>\n<p>&nbsp;<\/p>\n<h4><em><strong>Kh\u1edfi h\u00e0nh &amp; Tr\u1edf v\u1ec1<\/strong><\/em><\/h4>\n<p><span style=\"font-weight: 400;\">Du kh\u00e1ch s\u1ebd c\u00f3 \u0111i\u1ec3m t\u1eadp trung sau qu\u00e1 tr\u00ecnh \u0111\u1eb7t ch\u1ed7. Chuy\u1ebfn tham quan b\u1eaft \u0111\u1ea7u v\u00e0 k\u1ebft th\u00fac t\u1ea1i \u0111i\u1ec3m h\u1eb9n c\u1ee7a b\u1ea1n.<\/span><\/p>\n<h4><\/h4>\n<h3 class=\"ui_header h1 attractions-product-info-ProductTitle__title--1qM0o\">27 Waterfalls of Damajagua Tour from Puerto Plata.<\/h3>\n<h4><b><i>Nh\u1eefng g\u00ec mong \u0111\u1ee3i?<\/i><\/b><\/h4>\n<div class=\"apd_content_block\" data-tab=\"TABS_OVERVIEW\">\n<div class=\"ui_card section attractions-product-details-Overview__sectionMargin--uHktd attractions-product-details-Overview__cleanslateOverrideDT--39Ov7\"><\/div>\n<\/div>\n<div data-tab=\"TABS_WHAT_TO_EXPECT\">\n<div class=\"ui_card attractions-card-CollapsibleProductDetailsCard__cardContainer--3r2wk attractions-card-CollapsibleProductDetailsCard__cleanslateOverrideDT--2AJh0\">\n<div class=\"attractions-card-CollapsibleCard__header--IDA3r\">\n<div class=\"attractions-card-CollapsibleCard__headerSection--3gTKb\"><\/div>\n<\/div>\n<div class=\"attractions-card-CollapsibleCard__content--2Ws8q\">\n<div class=\"attractions-card-CollapsibleCard__contentWrap--374jk attractions-card-CollapsibleCard__titleUnderline--1uHze\">\n<div>Discover the secluded Damajagua Waterfalls, tucked in the hills of the Dominican Republic&#8217;s Northern Corridor, on this full-day trip from Puerto Plata. Explore the twenty-seven pristine falls, cascading over limestone, with your local guide. Get a short safety briefing, then jump, swim and slide down natural waterslides.<\/div>\n<div><\/div>\n<div>Lunch, beverages are included. A moderate 40-minute uphill hike through a beautiful jungle landscape gets you to the 12th waterfall or, if you are in excellent physical shape, choose to hike all the way to the top of the 27 waterfalls (approximately 70 minutes) and experience it all.<\/div>\n<div class=\"attractions-card-CollapsibleProductDetailsCard__cardContent--23ext\">\n<div class=\"common-text-ReadMore__readMore--3Iu8c common-text-ReadMore__variantFadeOut--1tInd\">\n<div class=\"common-text-ReadMore__content--2X4LR\">\n<div class=\"ui_columns is-desktop\">\n<div><\/div>\n<div class=\"ui_column\">Either way, your real fun begins as we head back down-river and you jump, slide and swim your way through a series of spectacular waterfalls, canyons, and azure pools, emerging with a silly grin on your face and incredible memories to cherish! The tours include jumps of up to 25 feet (8 meters) but don&#8217;t worry, the big ones have another way down if you don&#8217;t want to jump.<\/div>\n<div><\/div>\n<div class=\"ui_column\">After a 15-minute walk back to base camp and changing into your dry clothes enjoy a delicious and varied Dominican buffet lunch, which includes things like barbecued chicken and pork, stews, rice, pasta, and salads.<\/div>\n<div><\/div>\n<div class=\"ui_column\">Local rum drinks, sodas, and water are included (beer is available but not included). After the meal, say goodbye to the local guides and your best experience will be kept in mind and photos or videos for the rest of your life.<\/div>\n<\/div>\n<\/div>\n<\/div>\n<\/div>\n<\/div>\n<\/div>\n<\/div>\n<\/div>\n<h4><em><strong>B\u1ea1n n\u00ean mang theo nh\u1eefng g\u00ec?<\/strong><\/em><\/h4>\n<ul>\n<li style=\"font-weight: 400;\"><span style=\"font-weight: 400;\">M\u00e1y \u1ea3nh<\/span><\/li>\n<li style=\"font-weight: 400;\"><span style=\"font-weight: 400;\">Ch\u1ed3i \u0111u\u1ed5i<\/span><\/li>\n<li style=\"font-weight: 400;\"><span style=\"font-weight: 400;\">kem ch\u1ed1ng n\u1eafng<\/span><\/li>\n<li style=\"font-weight: 400;\"><span style=\"font-weight: 400;\">M\u0169<\/span><\/li>\n<li style=\"font-weight: 400;\"><span style=\"font-weight: 400;\">Qu\u1ea7n tho\u1ea3i m\u00e1i<\/span><\/li>\n<li style=\"font-weight: 400;\"><span style=\"font-weight: 400;\">Gi\u00e0y \u0111i r\u1eebng<\/span><\/li>\n<li style=\"font-weight: 400;\"><span style=\"font-weight: 400;\">D\u00e9p \u0111\u1ebfn mi\u1ec1n Xu\u00e2n.<\/span><\/li>\n<li style=\"font-weight: 400;\"><span style=\"font-weight: 400;\">\u0110\u1ed3 b\u01a1i<\/span><\/li>\n<\/ul>\n<p>&nbsp;<\/p>\n<h4><b><i>\u0110\u00f3n kh\u00e1ch s\u1ea1n <\/i><\/b><\/h4>\n<p><span style=\"font-weight: 400;\">Hotel pick-up is not offered for this tour. We set Pick up contacting us by Whatsapp.<\/span><\/p>\n<p>&nbsp;<\/p>\n<p><b>Ghi ch\u00fa:<\/b><span style=\"font-weight: 400;\"> If you are booking within 24 hours of the tour\/Excursion departure time, we can arrangements hotel pick-up with extra Charges. Once your purchase is complete, we will send you complete contact information (phone number, email address, etc.) for our local Tour guide to organize pick-up arrangements.<\/span><\/p>\n<h4><b><i>X\u00e1c nh\u1eadn th\u00f4ng tin b\u1ed5 sung <\/i><\/b><\/h4>\n<ol>\n<li>V\u00e9 l\u00e0 Bi\u00ean lai sau khi thanh to\u00e1n Chuy\u1ebfn tham quan n\u00e0y. B\u1ea1n c\u00f3 th\u1ec3 hi\u1ec3n th\u1ecb kho\u1ea3n thanh to\u00e1n tr\u00ean \u0111i\u1ec7n tho\u1ea1i c\u1ee7a m\u00ecnh.<\/li>\n<li style=\"font-weight: 400;\"><span style=\"font-weight: 400;\">\u0110i\u1ec3m t\u1eadp trung s\u1ebd \u0111\u01b0\u1ee3c nh\u1eadn sau qu\u00e1 tr\u00ecnh \u0111\u1eb7t ch\u1ed7.<\/span><\/li>\n<li style=\"font-weight: 400;\"><span style=\"font-weight: 400;\">Tr\u1ebb em ph\u1ea3i \u0111i c\u00f9ng ng\u01b0\u1eddi l\u1edbn.<\/span><\/li>\n<li style=\"font-weight: 400;\"><span style=\"font-weight: 400;\"> Kh\u00f4ng th\u1ec3 s\u1eed d\u1ee5ng xe l\u0103n <\/span><\/li>\n<li style=\"font-weight: 400;\"><span style=\"font-weight: 400;\">Tr\u1ebb s\u01a1 sinh ph\u1ea3i ng\u1ed3i tr\u00ean \u0111\u00f9i <\/span><\/li>\n<li style=\"font-weight: 400;\"><span style=\"font-weight: 400;\">Kh\u00f4ng khuy\u1ebfn kh\u00edch cho du kh\u00e1ch c\u00f3 v\u1ea5n \u0111\u1ec1 v\u1ec1 l\u01b0ng<\/span><\/li>\n<li style=\"font-weight: 400;\"><span style=\"font-weight: 400;\">Kh\u00f4ng khuy\u1ebfn kh\u00edch cho du kh\u00e1ch mang thai <\/span><\/li>\n<li style=\"font-weight: 400;\"><span style=\"font-weight: 400;\"> Kh\u00f4ng c\u00f3 v\u1ea5n \u0111\u1ec1 v\u1ec1 tim ho\u1eb7c c\u00e1c t\u00ecnh tr\u1ea1ng b\u1ec7nh l\u00fd nghi\u00eam tr\u1ecdng kh\u00e1c <\/span><\/li>\n<li style=\"font-weight: 400;\"><span style=\"font-weight: 400;\">H\u1ea7u h\u1ebft du kh\u00e1ch c\u00f3 th\u1ec3 tham gia<\/span><\/li>\n<\/ol>\n<h4><b><i>Ch\u00ednh s\u00e1ch h\u1ee7y<\/i><\/b><\/h4>\n<p><span style=\"font-weight: 400;\">\u0110\u1ec3 \u0111\u01b0\u1ee3c ho\u00e0n \u0111\u1ee7 ti\u1ec1n, h\u00e3y h\u1ee7y \u00edt nh\u1ea5t 24 gi\u1edd tr\u01b0\u1edbc ng\u00e0y b\u1eaft \u0111\u1ea7u tr\u1ea3i nghi\u1ec7m. Ti\u1ec1n s\u1ebd b\u1ecb m\u1ea5t n\u1ebfu vi\u1ec7c \u0111\u1eb7t ch\u1ed7 b\u1ecb h\u1ee7y trong c\u00f9ng ng\u00e0y c\u1ee7a chuy\u1ebfn \u0111i.<\/span><\/p>\n\n\t\t<\/div>\n\t<\/div>\n<\/div><\/div><\/div><\/div><div class=\"vc_row wpb_row vc_row-fluid\" ><div class=\"wpb_column vc_column_container vc_col-sm-12\"><div class=\"vc_column-inner\"><div class=\"wpb_wrapper\">\n\t<div class=\"wpb_video_widget wpb_content_element vc_clearfix   vc_video-aspect-ratio-169 vc_video-el-width-100 vc_video-align-left\" >\n\t\t<div class=\"wpb_wrapper\">\n\t\t\t<h2 class=\"wpb_heading wpb_video_heading\">27 Waterfalls of Damajagua Tour from Puerto Plata:<\/h2>\n\t\t\t<div class=\"wpb_video_wrapper\"><iframe loading=\"lazy\" title=\"27 Waterfalls of Damajagua by Booking Adventures &amp; Travel Dominican Republic\" width=\"1100\" height=\"619\" src=\"https:\/\/www.youtube.com\/embed\/AVNh_we_RQE?start=17&feature=oembed\" frameborder=\"0\" allow=\"accelerometer; autoplay; clipboard-write; encrypted-media; gyroscope; picture-in-picture\" allowfullscreen><\/iframe><\/div>\n\t\t<\/div>\n\t<\/div>\n<\/div><\/div><\/div><\/div><div class=\"vc_row wpb_row vc_row-fluid\" ><div class=\"wpb_column vc_column_container vc_col-sm-12\"><div class=\"vc_column-inner\"><div class=\"wpb_wrapper\"><div class=\"vc_empty_space\"   style=\"height: 32px\"><span class=\"vc_empty_space_inner\"><\/span><\/div>\n\t<div class=\"wpb_text_column wpb_content_element\" >\n\t\t<div class=\"wpb_wrapper\">\n\t\t\t<h4>Li\u00ean h\u1ec7 ch\u00fang t\u00f4i?<\/h4>\n<h5><em><strong>\u0110\u1eb7t ch\u1ed7 cu\u1ed9c phi\u00eau l\u01b0u<\/strong><\/em><\/h5>\n<p><em><strong>Ng\u01b0\u1eddi d\u00e2n \u0111\u1ecba ph\u01b0\u01a1ng<\/strong>\u00a0V\u00e0\u00a0<strong>Qu\u1ed1c t\u1ecbch<\/strong>\u00a0H\u01b0\u1edbng d\u1eabn vi\u00ean du l\u1ecbch &amp; D\u1ecbch v\u1ee5 kh\u00e1ch h\u00e0ng<\/em><\/p>\n<p><span class=\"text-turquoise\">\u0110\u1eb7t ch\u1ed7:<\/span>\u00a0Chuy\u1ebfn tham quan &amp; tham quan t\u1ea1i Dom. Rep.<\/p>\n<p><img decoding=\"async\" class=\"emoji\" draggable=\"false\" src=\"https:\/\/s.w.org\/images\/core\/emoji\/11.2.0\/svg\/1f4de.svg\" alt=\"\ud83d\udcde\" \/>\u00a0\u0110i\u1ec7n tho\u1ea1i\/Whatsapp\u00a0\u00a0<a href=\"tel:+1-809-720-6035\">+1-809-720-6035<\/a>.<\/p>\n<p><img decoding=\"async\" class=\"emoji\" draggable=\"false\" src=\"https:\/\/s.w.org\/images\/core\/emoji\/11.2.0\/svg\/1f4e9.svg\" alt=\"\ud83d\udce9\" \/>\u00a0<a href=\"mailto:info@bookingadventures.com.do\">info@bookingadventures.com.do<\/a><\/p>\n<p><strong>Ch\u00fang t\u00f4i linh ho\u1ea1t thi\u1ebft l\u1eadp c\u00e1c chuy\u1ebfn tham quan ri\u00eang b\u1eb1ng Whatsapp:\u00a0<a href=\"tel:+18097206035\">+18097206035.<\/a><\/strong><\/p>\n\n\t\t<\/div>\n\t<\/div>\n<div class=\"vc_empty_space\"   style=\"height: 32px\"><span class=\"vc_empty_space_inner\"><\/span><\/div><\/div><\/div><\/div><\/div>","protected":false},"excerpt":{"rendered":"<p>This excursion from 27 waterfalls of Damajagua in Puerto Plata,\u00a0 Lunch and Excursion by the 27 waterfalls, hiking and jumping into the river.<\/p>\n<p>Ecological Trip to the 27 waterfalls of Puerto Plata. Get your Tickets for a half day excursion here in the 27 Waterfall from Damajagua. Entrance tickets with Lunch and Excursion Include to Jump and swimming in the most beautiful waterfalls of the Dominican Republic. Hiking and Swimming with safety equipment to have the best experience ever!!<\/p>\n<p>&nbsp;<\/p>\n<p><strong>Vui l\u00f2ng ch\u1ecdn ng\u00e0y tham quan:\u00a0<\/strong><\/p>","protected":false},"featured_media":271,"template":"","meta":[],"product_brand":[],"product_cat":[239,240,120,96,135,122,241,100],"product_tag":[242,243,244,245,246,247,248,249,250,251,252,253,254,255,256,257,258],"class_list":{"0":"post-11324","1":"product","2":"type-product","3":"status-publish","4":"has-post-thumbnail","6":"product_cat-27-waterfalls","7":"product_cat-damajagua","8":"product_cat-fees-entrace","9":"product_cat-hiking","10":"product_cat-lunch","11":"product_cat-tours-and-excursions","12":"product_cat-tours-excursions-27-waterfalls-puerto-plata-dominican-republic","13":"product_cat-waterfalls","14":"product_tag-27-charcos-de-damajagua","15":"product_tag-27-waterfalls","16":"product_tag-27-waterfalls-dominican-republic","17":"product_tag-27-waterfalls-dominican-republic-facts","18":"product_tag-27-waterfalls-excursion","19":"product_tag-27-waterfalls-puerto-plata","20":"product_tag-amber-cove-cruise-terminal-27-waterfalls","21":"product_tag-amber-cove-excursions","22":"product_tag-damajagua-falls-tours","23":"product_tag-damajagua-national-park","24":"product_tag-excursion-27-waterfalls","25":"product_tag-how-to-get-to-27-waterfalls-from-puerto-plata","26":"product_tag-jumping-27-waterfalls","27":"product_tag-los-27-charcos-de-puerto-plata","28":"product_tag-puerto-plata","29":"product_tag-things-to-do-in-amber-cove","30":"product_tag-tour-27-waterfalls","32":"first","33":"instock","34":"sale","35":"sold-individually","36":"shipping-taxable","37":"product-type-external"},"_links":{"self":[{"href":"https:\/\/visitaloshaitises.com\/vi\/wp-json\/wp\/v2\/product\/11324","targetHints":{"allow":["GET"]}}],"collection":[{"href":"https:\/\/visitaloshaitises.com\/vi\/wp-json\/wp\/v2\/product"}],"about":[{"href":"https:\/\/visitaloshaitises.com\/vi\/wp-json\/wp\/v2\/types\/product"}],"wp:featuredmedia":[{"embeddable":true,"href":"https:\/\/visitaloshaitises.com\/vi\/wp-json\/wp\/v2\/media\/271"}],"wp:attachment":[{"href":"https:\/\/visitaloshaitises.com\/vi\/wp-json\/wp\/v2\/media?parent=11324"}],"wp:term":[{"taxonomy":"product_brand","embeddable":true,"href":"https:\/\/visitaloshaitises.com\/vi\/wp-json\/wp\/v2\/product_brand?post=11324"},{"taxonomy":"product_cat","embeddable":true,"href":"https:\/\/visitaloshaitises.com\/vi\/wp-json\/wp\/v2\/product_cat?post=11324"},{"taxonomy":"product_tag","embeddable":true,"href":"https:\/\/visitaloshaitises.com\/vi\/wp-json\/wp\/v2\/product_tag?post=11324"}],"curies":[{"name":"wp","href":"https:\/\/api.w.org\/{rel}","templated":true}]}}