{"id":10903,"date":"2020-07-16T19:22:46","date_gmt":"2020-07-16T19:22:46","guid":{"rendered":"https:\/\/haitises.com\/?post_type=product&#038;p=10903"},"modified":"2020-10-19T19:32:19","modified_gmt":"2020-10-19T19:32:19","slug":"excursion-gavilan-de-la-hispaniola-observacion-de-aves-en-el-parque-nacional-los-haitises","status":"publish","type":"product","link":"https:\/\/visitaloshaitises.com\/vi\/private\/excursion-gavilan-de-la-hispaniola-observacion-de-aves-en-el-parque-nacional-los-haitises\/","title":{"rendered":"Chuy\u1ebfn tham quan Gavil\u00e1n de la Hispaniola \u2013 Ng\u1eafm chim \u1edf C\u00f4ng vi\u00ean qu\u1ed1c gia Los Haitises"},"content":{"rendered":"<div class=\"vc_row wpb_row vc_row-fluid\" ><div class=\"wpb_column vc_column_container vc_col-sm-12\"><div class=\"vc_column-inner\"><div class=\"wpb_wrapper\"><div class=\"mkdf-section-title-holder\" style=\"text-align: left\">\n\t<div class=\"mkdf-st-inner\">\n\t\t\t\t\t<h5 class=\"mkdf-st-subtitle\" >\n\t\t\t\tObservaci\u00f3n de aves en Los Haitises\t\t\t<\/h5>\n\t\t\t\t\t\t\t<h3 class=\"mkdf-st-title\" >\n\t\t\t\tTour de El Gavil\u00e1n\t\t\t<\/h3>\n\t\t\t\t\t<\/div>\n<\/div><\/div><\/div><\/div><\/div><div class=\"vc_row wpb_row vc_row-fluid\" ><div class=\"wpb_column vc_column_container vc_col-sm-12\"><div class=\"vc_column-inner\"><div class=\"wpb_wrapper\">\n\t<div class=\"wpb_text_column wpb_content_element\" >\n\t\t<div class=\"wpb_wrapper\">\n\t\t\t<p>S\u1ef1 mi\u00eau t\u1ea3<\/p>\n<p>El halc\u00f3n de La Hispaniola es una especie de rapaces diurnas en peligro cr\u00edtico de extinci\u00f3n end\u00e9mica de la isla de La Espa\u00f1ola. Hace cien a\u00f1os, el halc\u00f3n se encontr\u00f3 en toda la Espa\u00f1ola, pero hoy la \u00fanica poblaci\u00f3n reproductora restante de aproximadamente 300 individuos se encuentra en el Parque Nacional Los Haitises en la Rep\u00fablica Dominicana.<\/p>\n<p>El Parque Nacional Los Haitises es un destino popular para los amantes de la naturaleza y los observadores de aves, ya que es de suma importancia para la biodiversidad y la riqueza de la fauna, tanto en t\u00e9rminos de endemismo como de especies. Mientras que la mayor\u00eda de las personas salen en bote para explorar el parque y sus cuevas, islas y vida salvaje.<\/p>\n<p>Estamos conservando el Gavil\u00e1n de La Hispaniola en el Parque Nacional Los Haitises, donde puedes ver el h\u00e1bitat y la interesante historia de Los Gavilanes en los Bosques H\u00famedos. Conocemos los h\u00e1bitats de manchas para los b\u00fahos de La Hispaniola y Cara Ceniza. Adem\u00e1s, puede ver otras especies end\u00e9micas alrededor del parque. Este Tour se enfoca en la naturaleza y est\u00e1 m\u00e1s concentrado en la informaci\u00f3n sobre la vida silvestre. Por lo general es un privado.<\/p>\n<h3>Bao g\u1ed3m v\u00e0 lo\u1ea1i tr\u1eeb<\/h3>\n<h4>Bao g\u1ed3m<\/h4>\n<ol>\n<li>Tour de Observaci\u00f3n de Aves + Cuevas y Pictograf\u00edas<\/li>\n<li>T\u1ea5t c\u1ea3 c\u00e1c lo\u1ea1i thu\u1ebf, ph\u00ed v\u00e0 ph\u00ed x\u1eed l\u00fd<\/li>\n<li>Thu\u1ebf \u0111\u1ecba ph\u01b0\u01a1ng<\/li>\n<li>Gu\u00edas ecologistas oficiales<\/li>\n<\/ol>\n<h4>Lo\u1ea1i tr\u1eeb<\/h4>\n<ol>\n<li>L\u1eddi khuy\u00ean<\/li>\n<li>Chuy\u00ean ch\u1edf<\/li>\n<li>Bebida<\/li>\n<\/ol>\n<h3><em>Kh\u1edfi h\u00e0nh v\u00e0 tr\u1edf v\u1ec1<\/em><\/h3>\n<p>El recorrido, organizado por \u00abBooking Adventures\u00bb comienza en el punto de encuentro establecido con el gu\u00eda tur\u00edstico. El viajero obtendr\u00e1 un punto de encuentro despu\u00e9s del proceso de reserva. Los tours comienzan y terminan en nuestros puntos de encuentro.<\/p>\n<h3><em>Nh\u1eefng g\u00ec mong \u0111\u1ee3i?<\/em><\/h3>\n<p>Obtenga su boleto para conservar el Tour de El Gavil\u00e1n en el Parque Nacional Los Haitises.<\/p>\n<p>Esta excursi\u00f3n comienza desde el punto de encuentro haciendo senderismo por los senderos de hasta las \u00e1reas de anidaci\u00f3n. Despu\u00e9s de 30 minutos de caminata y observando a los Halcones o Gavilanes, tenemos la opci\u00f3n de continuar caminando y buscar loros, carpinteros y otras especies end\u00e9micas en el Parque Nacional Los Haitises.<\/p>\n<p>El Parque Nacional Los Haitises tiene solo dos senderos para observaci\u00f3n de aves en Sabana de la Mar. En el camino al Parque Nacional Los Hiatises nos detenemos en algunos lugares para ver m\u00e1s aves.<\/p>\n<p>En la bah\u00eda de San Lorenzo visitaremos dos cuevas, la llamada Sandly Cave en espa\u00f1ol Cueva de la Arena; En esta cueva, podemos ver los petroglifos de las comunidades ta\u00ednas que se quedaron en esta \u00e1rea. y usando las cuevas como templo.<\/p>\n<p>Despu\u00e9s de eso, nos dirigimos a la Cueva de Linea, esta con 2,243 pictograf\u00edas originales y nuestro gu\u00eda tur\u00edstico le explicar\u00e1 la informaci\u00f3n arqueol\u00f3gica sobre esas pictograf\u00edas.<\/p>\n<p>Tomando el bote nuevamente hacia la isla P\u00e1jaros (Cayo de los P\u00e1jaros) donde podemos ver la mayor\u00eda de las aves de los humedales alrededor del Parque Nacional Los Haitises. Solo porque todas las aves no est\u00e1n en el agua.<\/p>\n<p>Despu\u00e9s de 4.5 horas aprendiendo sobre las aves en el Parque Nacional Los Haitises, esta excursi\u00f3n termina en el mismo lugar que comenz\u00f3.<\/p>\n<p><strong>Ghi ch\u00fa:<\/strong> Estos recorridos son con gu\u00edas tur\u00edsticos de Ecologistas Oficiales. Reserve con tiempo porque en el parque no hay tantos especialistas.<\/p>\n<h3><em>B\u1ea1n n\u00ean mang theo nh\u1eefng g\u00ec?<\/em><\/h3>\n<ul>\n<li>M\u00e1y \u1ea3nh<\/li>\n<li>Binocular<\/li>\n<li>Thu\u1ed1c \u0111u\u1ed5i<\/li>\n<li>kem ch\u1ed1ng n\u1eafng<\/li>\n<li>M\u0169<\/li>\n<li>Qu\u1ea7n tho\u1ea3i m\u00e1i<\/li>\n<li>Gi\u00e0y \u0111i r\u1eebng<\/li>\n<li>D\u00e9p \u0111\u1ebfn mi\u1ec1n xu\u00e2n.<\/li>\n<li>\u0110\u1ed3 b\u01a1i<\/li>\n<\/ul>\n<h3><em>\u0110\u00f3n kh\u00e1ch s\u1ea1n<\/em><\/h3>\n<p>D\u1ecbch v\u1ee5 \u0111\u00f3n kh\u00e1ch t\u1ea1i kh\u00e1ch s\u1ea1n kh\u00f4ng \u0111\u01b0\u1ee3c cung c\u1ea5p cho chuy\u1ebfn tham quan n\u00e0y.<\/p>\n<p><strong>Ghi ch\u00fa<\/strong>: Si realiza la reserva dentro de las 24 horas de la hora de salida del tour \/ excursi\u00f3n, podemos organizar la recogida en el hotel con cargos adicionales. Una vez que se complete su compra, le enviaremos informaci\u00f3n de contacto completa (n\u00famero de tel\u00e9fono, direcci\u00f3n de correo electr\u00f3nico, etc.) para que nuestro gu\u00eda tur\u00edstico local organice los arreglos de recogida.<\/p>\n<h3><em>X\u00e1c nh\u1eadn th\u00f4ng tin b\u1ed5 sung<\/em><\/h3>\n<ol>\n<li>V\u00e9 l\u00e0 Bi\u00ean lai sau khi thanh to\u00e1n cho Chuy\u1ebfn tham quan n\u00e0y. B\u1ea1n c\u00f3 th\u1ec3 hi\u1ec3n th\u1ecb kho\u1ea3n thanh to\u00e1n tr\u00ean \u0111i\u1ec7n tho\u1ea1i c\u1ee7a m\u00ecnh.<\/li>\n<li>\u0110i\u1ec3m t\u1eadp trung s\u1ebd \u0111\u01b0\u1ee3c nh\u1eadn sau qu\u00e1 tr\u00ecnh \u0111\u1eb7t ch\u1ed7.<\/li>\n<li>Tr\u1ebb em ph\u1ea3i \u0111i c\u00f9ng ng\u01b0\u1eddi l\u1edbn.<\/li>\n<li>Kh\u00f4ng th\u1ec3 s\u1eed d\u1ee5ng xe l\u0103n<\/li>\n<li>Tr\u1ebb s\u01a1 sinh n\u00ean ng\u1ed3i tr\u00ean \u0111\u00f9i<\/li>\n<li>Kh\u00f4ng n\u00ean d\u00f9ng cho du kh\u00e1ch c\u00f3 v\u1ea5n \u0111\u1ec1 v\u1ec1 l\u01b0ng.<\/li>\n<li>Kh\u00f4ng n\u00ean d\u00f9ng cho ph\u1ee5 n\u1eef mang thai.<\/li>\n<li>Kh\u00f4ng c\u00f3 v\u1ea5n \u0111\u1ec1 v\u1ec1 tim ho\u1eb7c c\u00e1c t\u00ecnh tr\u1ea1ng b\u1ec7nh l\u00fd nghi\u00eam tr\u1ecdng kh\u00e1c.<\/li>\n<li>H\u1ea7u h\u1ebft du kh\u00e1ch c\u00f3 th\u1ec3 tham gia.<\/li>\n<\/ol>\n<p>Este tour se ofrece a un m\u00ednimo de 2 personas y un m\u00e1ximo de 15 personas. En caso de menos personas, cont\u00e1ctenos.<\/p>\n<h3><em>Ch\u00ednh s\u00e1ch h\u1ee7y<\/em><\/h3>\n<p>\u0110\u1ec3 \u0111\u01b0\u1ee3c ho\u00e0n \u0111\u1ee7 ti\u1ec1n, h\u00e3y h\u1ee7y \u00edt nh\u1ea5t 24 gi\u1edd tr\u01b0\u1edbc ng\u00e0y b\u1eaft \u0111\u1ea7u tr\u1ea3i nghi\u1ec7m.<\/p>\n\n\t\t<\/div>\n\t<\/div>\n<\/div><\/div><\/div><\/div><div class=\"vc_row wpb_row vc_row-fluid\" ><div class=\"wpb_column vc_column_container vc_col-sm-12\"><div class=\"vc_column-inner\"><div class=\"wpb_wrapper\"><div class=\"vc_empty_space\"   style=\"height: 32px\"><span class=\"vc_empty_space_inner\"><\/span><\/div>\n\t<div class=\"wpb_text_column wpb_content_element\" >\n\t\t<div class=\"wpb_wrapper\">\n\t\t\t<h4>Cont\u00e1ctenos<\/h4>\n<h5>Reserva de Aventuras<\/h5>\n<p><em>Gu\u00edas tur\u00edsticos Locales y nacionales y servicios para hu\u00e9spedes<\/em><\/p>\n<p>\u0110\u1eb7t ch\u1ed7: C\u00e1c chuy\u1ebfn tham quan v\u00e0 du ngo\u1ea1n t\u1ea1i Dom. Rep.<\/p>\n<p>\u0110i\u1ec7n tho\u1ea1i\/Whatsapp +1-809-720-6035.<\/p>\n<p>info@bookingadventures.com.do<\/p>\n<p>Somos flexibles Configurando tours privados por<strong>\u00a0WhatsApp: <a href=\"tel:+18097206035\">+18097206035.<\/a><\/strong><\/p>\n\n\t\t<\/div>\n\t<\/div>\n<div class=\"vc_empty_space\"   style=\"height: 32px\"><span class=\"vc_empty_space_inner\"><\/span><\/div><\/div><\/div><\/div><\/div>","protected":false},"excerpt":{"rendered":"<p>Viaje ecol\u00f3gico al Parque Nacional Los Haitises con un gu\u00eda local. Visitando los Gavilanes en el Parque Nacional Los Haitises, y las \u00e1reas hist\u00f3ricas de Sabana de la Mar en el Parque Nacional Los Haitises.<\/p>\n<p><em><strong>Vui l\u00f2ng ch\u1ecdn ng\u00e0y cho chuy\u1ebfn tham quan:<\/strong><\/em><\/p>","protected":false},"featured_media":223,"template":"","meta":[],"product_brand":[],"product_cat":[122,443,123,124],"product_tag":[177,180,132,133,191,192,114,142,147,193],"class_list":{"0":"post-10903","1":"product","2":"type-product","3":"status-publish","4":"has-post-thumbnail","6":"product_cat-tours-and-excursions","7":"product_cat-tours-y-excursiones-es","8":"product_cat-tours-excursions-los-haitises-national-park","9":"product_cat-tours-excursions-samana-bay-dominican-republic","10":"product_tag-birding","11":"product_tag-birdwatching","12":"product_tag-los-haitises","13":"product_tag-los-haitises-national-park","14":"product_tag-nature","15":"product_tag-ridgways-hawk","16":"product_tag-sabana-de-la-mar","17":"product_tag-samana","18":"product_tag-samana-bay","19":"product_tag-wildlife","21":"first","22":"instock","23":"sale","24":"virtual","25":"sold-individually","26":"purchasable","27":"product-type-simple"},"_links":{"self":[{"href":"https:\/\/visitaloshaitises.com\/vi\/wp-json\/wp\/v2\/product\/10903","targetHints":{"allow":["GET"]}}],"collection":[{"href":"https:\/\/visitaloshaitises.com\/vi\/wp-json\/wp\/v2\/product"}],"about":[{"href":"https:\/\/visitaloshaitises.com\/vi\/wp-json\/wp\/v2\/types\/product"}],"wp:featuredmedia":[{"embeddable":true,"href":"https:\/\/visitaloshaitises.com\/vi\/wp-json\/wp\/v2\/media\/223"}],"wp:attachment":[{"href":"https:\/\/visitaloshaitises.com\/vi\/wp-json\/wp\/v2\/media?parent=10903"}],"wp:term":[{"taxonomy":"product_brand","embeddable":true,"href":"https:\/\/visitaloshaitises.com\/vi\/wp-json\/wp\/v2\/product_brand?post=10903"},{"taxonomy":"product_cat","embeddable":true,"href":"https:\/\/visitaloshaitises.com\/vi\/wp-json\/wp\/v2\/product_cat?post=10903"},{"taxonomy":"product_tag","embeddable":true,"href":"https:\/\/visitaloshaitises.com\/vi\/wp-json\/wp\/v2\/product_tag?post=10903"}],"curies":[{"name":"wp","href":"https:\/\/api.w.org\/{rel}","templated":true}]}}