{"id":10883,"date":"2020-07-13T23:09:10","date_gmt":"2020-07-13T23:09:10","guid":{"rendered":"https:\/\/haitises.com\/?post_type=product&#038;p=10883"},"modified":"2024-04-16T01:58:11","modified_gmt":"2024-04-16T01:58:11","slug":"excursion-de-observacion-samana-desde-los-hoteles-de-las-terrenas-medio-dia-para-avistamiento-de-ballenas","status":"publish","type":"product","link":"https:\/\/visitaloshaitises.com\/vi\/rieng-tu\/excursion-de-observacion-samana-desde-los-hoteles-de-las-terrenas-medio-dia-para-avistamiento-de-ballenas\/","title":{"rendered":"Chuy\u1ebfn tham quan quan s\u00e1t Saman\u00e1 t\u1eeb kh\u00e1ch s\u1ea1n Las Terrenas. N\u1eeda ng\u00e0y \u0111\u1ec3 xem c\u00e1 voi."},"content":{"rendered":"<div class=\"vc_row wpb_row vc_row-fluid\" ><div class=\"wpb_column vc_column_container vc_col-sm-12\"><div class=\"vc_column-inner\"><div class=\"wpb_wrapper\">[mkdf_section_title title_tag=\u00bb\u00bb disable_break_words=\u00bbno\u00bb subtitle_tag=\u00bb\u00bb title=\u00bbExcursi\u00f3n de Ballenas 2020 desde Las Terrenas a la Bah\u00eda de Saman\u00e1\u00bb subtitle=\u00bbExcursi\u00f3n de Ballenas Saman\u00e1 desde los hoteles de Las Terrenas. Viaje de medio d\u00eda a Observaci\u00f3n de Ballenas\u00bb]<\/div><\/div><\/div><\/div><div class=\"vc_row wpb_row vc_row-fluid\" ><div class=\"wpb_column vc_column_container vc_col-sm-12\"><div class=\"vc_column-inner\"><div class=\"wpb_wrapper\">\n\t<div class=\"wpb_text_column wpb_content_element\" >\n\t\t<div class=\"wpb_wrapper\">\n\t\t\t<h3>S\u1ef1 mi\u00eau t\u1ea3<\/h3>\n<p>Ballenas Las Terrenas, observaci\u00f3n de ballenas en la Bah\u00eda de Saman\u00e1 desde los hoteles de Las Terrenas Excursi\u00f3n de medio d\u00eda. Viaje a la bah\u00eda de Saman\u00e1 a bordo de un c\u00f3modo autob\u00fas con aire acondicionado y luego traslado a un bote. Navegue en aguas abiertas para buscar las manadas de ballenas jorobadas que visitan para reproducirse y tener sus cr\u00edas en el \u00e1rea. Aprenda sobre el comportamiento y la biolog\u00eda de estos mam\u00edferos marinos de su gu\u00eda experto naturalista. Despu\u00e9s de este viaje de medio d\u00eda volvemos al punto de encuentro en Las Terrenas.<\/p>\n<p><strong>Ghi ch\u00fa:<\/strong> Este tour no es privado.<\/p>\n<ul>\n<li>xem c\u00e1 voi<\/li>\n<li>V\u00e9 v\u00e0o c\u1ed5ng \u0111\u00e0i quan s\u00e1t<\/li>\n<li>Samana Safari<\/li>\n<li>Transporte de barco<\/li>\n<li>Thuy\u1ec1n tr\u01b0\u1edfng cung c\u1ea5p h\u01b0\u1edbng d\u1eabn v\u00e0 gi\u00e1m s\u00e1t.<\/li>\n<li>H\u01b0\u1edbng d\u1eabn vi\u00ean du l\u1ecbch<\/li>\n<\/ul>\n<h3>Bao g\u1ed3m v\u00e0 lo\u1ea1i tr\u1eeb<\/h3>\n<h4>Bao g\u1ed3m<\/h4>\n<ol>\n<li>Almuerzo buffet<\/li>\n<li>Chuy\u1ec3n t\u1eeb kh\u00e1ch s\u1ea1n<\/li>\n<li>H\u01b0\u1edbng d\u1eabn vi\u00ean du l\u1ecbch<\/li>\n<li>Viaje en barco<\/li>\n<li>T\u1ea5t c\u1ea3 c\u00e1c lo\u1ea1i thu\u1ebf, ph\u00ed v\u00e0 ph\u00ed x\u1eed l\u00fd<\/li>\n<li>Thu\u1ebf \u0111\u1ecba ph\u01b0\u01a1ng<\/li>\n<li>\u0110\u00f4\u0340 u\u00f4\u0341ng<\/li>\n<\/ol>\n<h4>Lo\u1ea1i tr\u1eeb<\/h4>\n<ol>\n<li>L\u1eddi khuy\u00ean<\/li>\n<\/ol>\n<h3><em>Kh\u1edfi h\u00e0nh v\u00e0 tr\u1edf v\u1ec1<\/em><\/h3>\n<p>El viajero obtendr\u00e1 un punto de encuentro despu\u00e9s del proceso de reserva. Los tours comienzan y finalizan en nuestros puntos de encuentro.<\/p>\n<p>Avistamiento de ballenas en Saman\u00e1 desde los hoteles de Las Terrenas. Excursi\u00f3n de medio d\u00eda para avistamiento de ballenas.<\/p>\n<h3><em>Nh\u1eefng g\u00ec mong \u0111\u1ee3i?<\/em><\/h3>\n<p>Las ballenas jorobadas vienen a la Bah\u00eda de Saman\u00e1 para dar a luz y aparearse. La observaci\u00f3n de ballenas est\u00e1 permitida del 15 de enero al 15 de marzo solamente. Con unas medidas de unos 12 metros y un peso de 40 toneladas, las ballenas ofrecen una vista inolvidable para sus ojos asombrados. No pierdas la oportunidad de escuchar el poderoso sonido de este magn\u00edfico mam\u00edfero mientras sale del agua. Observe c\u00f3mo los machos se lanzan fuera del agua en un esfuerzo por impresionar a las \u00abdamas\u00bb como el ritual de apareamiento.<\/p>\n<p>Es muy emocionante ver a los terneros reci\u00e9n nacidos aferrados a sus madres, quienes a su vez pasan todo el tiempo acarici\u00e1ndolas y jugando con ellas. Nuestro gu\u00eda tur\u00edstico est\u00e1 especializado en mam\u00edferos marinos y lo sorprender\u00e1 con su conocimiento y lo ayudar\u00e1 a interpretar cada movimiento que hacen las ballenas.<\/p>\n<p>Desde las 9:00 a.m. hasta las 12:00 a.m. al mediod\u00eda Observatorio de avistamiento de ballenas y despu\u00e9s de este viaje, almorzaremos. El recorrido finalizar\u00e1 a la 1:30 p.m.en el mismo puerto desde donde comenzar\u00e1. Despu\u00e9s de esto regresaremos a Las Terrenas.<\/p>\n<p>L\u1ecbch tr\u00ecnh:<\/p>\n<p>8:00 AM &#8211; 1:30 PM<\/p>\n<h3><em>B\u1ea1n n\u00ean mang theo nh\u1eefng g\u00ec?<\/em><\/h3>\n<ul>\n<li>M\u00e1y \u1ea3nh<\/li>\n<li>Thu\u1ed1c \u0111u\u1ed5i<\/li>\n<li>kem ch\u1ed1ng n\u1eafng<\/li>\n<li>M\u0169<\/li>\n<li>Qu\u1ea7n tho\u1ea3i m\u00e1i<\/li>\n<li>D\u00e9p \u0111i bi\u1ec3n<\/li>\n<li>\u0110\u1ed3 b\u01a1i<\/li>\n<li>Ti\u1ec1n m\u1eb7t \u0111\u1ec3 mua qu\u00e0 l\u01b0u ni\u1ec7m v\u00e0 ti\u1ec1n boa<\/li>\n<\/ul>\n<h3><em>\u0110\u00f3n kh\u00e1ch s\u1ea1n<\/em><\/h3>\n<p>Se ofrece recogida en el hotel para este recorrido. Solo en Las Terrenas.<\/p>\n<p><strong>Ghi ch\u00fa:<\/strong> N\u1ebfu b\u1ea1n \u0111\u1eb7t v\u00e9 trong v\u00f2ng 24 gi\u1edd tr\u01b0\u1edbc gi\u1edd kh\u1edfi h\u00e0nh chuy\u1ebfn tham quan\/chuy\u1ebfn tham quan, ch\u00fang t\u00f4i c\u00f3 th\u1ec3 s\u1eafp x\u1ebfp \u0111\u00f3n kh\u00e1ch t\u1ea1i kh\u00e1ch s\u1ea1n. Sau khi vi\u1ec7c mua h\u00e0ng c\u1ee7a b\u1ea1n ho\u00e0n t\u1ea5t, ch\u00fang t\u00f4i s\u1ebd g\u1eedi cho b\u1ea1n th\u00f4ng tin li\u00ean h\u1ec7 \u0111\u1ea7y \u0111\u1ee7 (s\u1ed1 \u0111i\u1ec7n tho\u1ea1i, \u0111\u1ecba ch\u1ec9 email, v.v.) \u0111\u1ec3 h\u01b0\u1edbng d\u1eabn vi\u00ean du l\u1ecbch \u0111\u1ecba ph\u01b0\u01a1ng c\u1ee7a ch\u00fang t\u00f4i s\u1eafp x\u1ebfp vi\u1ec7c \u0111\u00f3n.<\/p>\n<h3><em>X\u00e1c nh\u1eadn th\u00f4ng tin b\u1ed5 sung<\/em><\/h3>\n<ul>\n<li>V\u00e9 l\u00e0 Bi\u00ean lai sau khi thanh to\u00e1n cho Chuy\u1ebfn tham quan n\u00e0y. B\u1ea1n c\u00f3 th\u1ec3 hi\u1ec3n th\u1ecb kho\u1ea3n thanh to\u00e1n tr\u00ean \u0111i\u1ec7n tho\u1ea1i c\u1ee7a m\u00ecnh.<\/li>\n<li>\u0110i\u1ec3m t\u1eadp trung s\u1ebd \u0111\u01b0\u1ee3c nh\u1eadn sau qu\u00e1 tr\u00ecnh \u0111\u1eb7t ch\u1ed7.<\/li>\n<li>Tr\u1ebb em ph\u1ea3i \u0111i c\u00f9ng ng\u01b0\u1eddi l\u1edbn.<\/li>\n<li>Accesible para sillas de ruedas<\/li>\n<li>Tr\u1ebb s\u01a1 sinh n\u00ean ng\u1ed3i tr\u00ean \u0111\u00f9i<\/li>\n<li>H\u1ea7u h\u1ebft du kh\u00e1ch c\u00f3 th\u1ec3 tham gia.<\/li>\n<\/ul>\n<h3><em>Ch\u00ednh s\u00e1ch h\u1ee7y<\/em><\/h3>\n<p>\u0110\u1ec3 \u0111\u01b0\u1ee3c ho\u00e0n \u0111\u1ee7 ti\u1ec1n, h\u00e3y h\u1ee7y \u00edt nh\u1ea5t 24 gi\u1edd tr\u01b0\u1edbc ng\u00e0y b\u1eaft \u0111\u1ea7u tr\u1ea3i nghi\u1ec7m.<\/p>\n<h4>Li\u00ean h\u1ec7 v\u1edbi ch\u00fang t\u00f4i!<br \/>\nTOUR C\u00c1 NH\u00c1 SAMANA<\/h4>\n<p><em>H\u01b0\u1edbng d\u1eabn vi\u00ean du l\u1ecbch <strong>M\u1eb7t b\u1eb1ng<\/strong> V\u00e0 <strong>qu\u1ed1c gia<\/strong> v\u00e0 d\u1ecbch v\u1ee5 kh\u00e1ch<\/em><\/p>\n<p>\u0110\u1eb7t ch\u1ed7: C\u00e1c chuy\u1ebfn tham quan v\u00e0 du ngo\u1ea1n t\u1ea1i Dom. Rep.<\/p>\n<p>\u0110i\u1ec7n tho\u1ea1i\/Whatsapp +1-809-720-6035.<\/p>\n<p>info@bookingadventures.com.do<\/p>\n<p>Ch\u00fang t\u00f4i th\u1ef1c hi\u1ec7n c\u00e1c chuy\u1ebfn tham quan ri\u00eang v\u1edbi c\u1ea5u h\u00ecnh linh ho\u1ea1t b\u1eb1ng Whatsapp: +18097206035.<\/p>\n\n\t\t<\/div>\n\t<\/div>\n<\/div><\/div><\/div><\/div>","protected":false},"excerpt":{"rendered":"<p>Desde los hoteles de Las Terrenas, ven con nosotros a visitar las ballenas jorobadas en el santuario de la Bah\u00eda de Saman\u00e1, Rep\u00fablica Dominicana. Todos los d\u00edas excursiones de avistamiento de ballenas desde las Terrenas en Saman\u00e1. Cont\u00e1ctenos si tiene alguna pregunta sobre los viajes de observaci\u00f3n de ballenas en la bah\u00eda de Saman\u00e1 desde Las Terrenas.<\/p>\n<p><strong>Vui l\u00f2ng ch\u1ecdn ng\u00e0y tham quan:<\/strong><\/p>","protected":false},"featured_media":428,"template":"","meta":[],"product_brand":[],"product_cat":[120,443,232],"product_tag":[390,137,162,364,283,422,225,381,423,420,201,147,392,271,424,234,280,236,425],"class_list":{"0":"post-10883","1":"product","2":"type-product","3":"status-publish","4":"has-post-thumbnail","6":"product_cat-fees-entrace","7":"product_cat-tours-y-excursiones-es","8":"product_cat-whale-watching-samana","9":"product_tag-390","10":"product_tag-bacardi-island","11":"product_tag-cayo-levantado-day-pass","12":"product_tag-cheap-punta-cana-excursions","13":"product_tag-el-limon-waterfall-and-bacardi-island-tour-from-punta-cana","14":"product_tag-half-day-whale-watching-las-terrenas","15":"product_tag-las-terrenas","16":"product_tag-las-terrenas-excursions","17":"product_tag-las-terrenas-whale-watching","18":"product_tag-limon-from-punta-cana","19":"product_tag-private-tours-samana","20":"product_tag-samana-bay","21":"product_tag-samana-day-trip","22":"product_tag-samana-whale-watching","23":"product_tag-whale-las-terrenas","24":"product_tag-whale-samana","25":"product_tag-whale-watching-2020","26":"product_tag-whale-watching-dominican-republic","27":"product_tag-whale-watching-trips-las-terrenas","29":"first","30":"instock","31":"sale","32":"sold-individually","33":"shipping-taxable","34":"product-type-external"},"_links":{"self":[{"href":"https:\/\/visitaloshaitises.com\/vi\/wp-json\/wp\/v2\/product\/10883","targetHints":{"allow":["GET"]}}],"collection":[{"href":"https:\/\/visitaloshaitises.com\/vi\/wp-json\/wp\/v2\/product"}],"about":[{"href":"https:\/\/visitaloshaitises.com\/vi\/wp-json\/wp\/v2\/types\/product"}],"wp:featuredmedia":[{"embeddable":true,"href":"https:\/\/visitaloshaitises.com\/vi\/wp-json\/wp\/v2\/media\/428"}],"wp:attachment":[{"href":"https:\/\/visitaloshaitises.com\/vi\/wp-json\/wp\/v2\/media?parent=10883"}],"wp:term":[{"taxonomy":"product_brand","embeddable":true,"href":"https:\/\/visitaloshaitises.com\/vi\/wp-json\/wp\/v2\/product_brand?post=10883"},{"taxonomy":"product_cat","embeddable":true,"href":"https:\/\/visitaloshaitises.com\/vi\/wp-json\/wp\/v2\/product_cat?post=10883"},{"taxonomy":"product_tag","embeddable":true,"href":"https:\/\/visitaloshaitises.com\/vi\/wp-json\/wp\/v2\/product_tag?post=10883"}],"curies":[{"name":"wp","href":"https:\/\/api.w.org\/{rel}","templated":true}]}}