{"id":11895,"date":"2023-11-20T10:47:47","date_gmt":"2023-11-20T10:47:47","guid":{"rendered":"https:\/\/haitises.com\/?page_id=11895"},"modified":"2023-11-20T10:59:11","modified_gmt":"2023-11-20T10:59:11","slug":"land-for-sale-in-samana-samana-land-for-sale","status":"publish","type":"page","link":"https:\/\/visitaloshaitises.com\/vi\/ban-dat-o-samana-samana-ban-dat\/","title":{"rendered":"b\u00e1n \u0111\u1ea5t \u1edf samana samana b\u00e1n \u0111\u1ea5t"},"content":{"rendered":"<details class=\"wp-block-details is-layout-flow wp-block-details-is-layout-flow\"><summary>B\u00e1n \u0111\u1ea5t \u1edf Saman\u00e1 \u2013 B\u00e1n \u0111\u1ea5t Samana<br>B\u1ea5t \u0111\u1ed9ng s\u1ea3n Samana<br>B\u00e1n \u0111\u1ea5t Samana<br>\u0110\u1ea4T \u0111\u1ec3 b\u00e1n \u1edf Saman\u00e1, C\u1ed9ng h\u00f2a Dominica. Xem h\u00ecnh \u1ea3nh v\u00e0 th\u00f4ng tin ni\u00eam y\u1ebft chi ti\u1ebft c\u1ee7a Saman\u00e1, Nh\u00e0 \u0111\u1ea7u t\u01b0 ch\u00fa \u00fd, Nh\u00e0 ph\u00e1t tri\u1ec3n \u0111\u1ea5t \u0111ai quan t\u00e2m \u0111\u1ebfn C\u1ed8NG H\u00d2A DOMINICA.<br>N\u1ebfu b\u1ea1n \u0111ang t\u00ecm \u0110\u1ea5t \u0111\u1ec3 Mua \u1edf Samana. T\u00ean t\u00f4i l\u00e0 Misael Calcano. Gia \u0111\u00ecnh t\u00f4i c\u00f3 v\u00e0i l\u00f4 \u0111\u1ea5t c\u1ea7n b\u00e1n, \u0111\u1ea7y \u0111\u1ee7 gi\u1ea5y t\u1edd. \u0110\u1ea5t h\u1ee3p ph\u00e1p \u0111\u1ed1i di\u1ec7n b\u00e3i bi\u1ec3n v\u00e0 c\u0169ng c\u00f3 t\u1ea7m nh\u00ecn tuy\u1ec7t v\u1eddi ra \u0111\u1ea1i d\u01b0\u01a1ng. H\u00e3y li\u00ean h\u1ec7 v\u1edbi t\u00f4i b\u1eb1ng whatsapp:\u00a0<a href=\"callto:+18097206035\">+1-809-720-6035<\/a>.<br><br>\u0110\u1ea7u t\u01b0 v\u00e0o Samana<br>T\u1ea1i sao n\u00ean \u0111\u1ea7u t\u01b0 v\u00e0o Samana C\u1ed9ng h\u00f2a Dominica?<br>Saman\u00e1 l\u00e0 \u0111i\u1ec3m \u0111\u1ebfn c\u1ee7a nh\u1eefng b\u00e3i bi\u1ec3n v\u00e0ng b\u1ea5t t\u1eadn, l\u00e0n n\u01b0\u1edbc m\u00e0u ng\u1ecdc lam v\u00e0 nh\u1eefng r\u1eb7ng d\u1eeba \u0111ung \u0111\u01b0a tr\u00ean \u0111\u01b0\u1eddng ch\u00e2n tr\u1eddi xanh t\u01b0\u01a1i, nh\u1ecbp \u0111i\u1ec7u Caribe, r\u01b0\u1ee3u rum v\u00e0 bia. M\u1ed9t th\u1ecb tr\u1ea5n c\u1ee7a nh\u1eefng con ng\u01b0\u1eddi t\u1eed t\u1ebf v\u00e0 t\u00ednh h\u00e0i h\u01b0\u1edbc d\u1ec5 l\u00e2y lan, n\u01a1i m\u1ecdi th\u1ee9 \u0111\u1ec1u tho\u1ea3i m\u00e1i v\u00e0 b\u00ecnh l\u1eb7ng.<br>\u1ede Saman\u00e1, c\u0103ng th\u1eb3ng kh\u00f4ng t\u1ed3n t\u1ea1i, ng\u01b0\u1eddi d\u00e2n s\u1ed1ng \u1edf \u0111\u00e2y th\u00edch th\u00fa v\u1edbi vi\u1ec7c ch\u1ea3i l\u00f4ng tr\u00ean b\u00e3i bi\u1ec3n v\u00e0 c\u00e1c m\u00f3n \u0103n \u0111\u01b0\u1ee3c ch\u1ebf bi\u1ebfn t\u1eeb h\u1ea3i s\u1ea3n t\u01b0\u01a1i s\u1ed1ng do ng\u01b0 d\u00e2n ven bi\u1ec3n mang \u0111\u1ebfn.<br>N\u1ebfu \u01b0\u1edbc m\u01a1 c\u1ee7a b\u1ea1n lu\u00f4n l\u00e0 \u0111\u01b0\u1ee3c s\u1ed1ng \u1edf thi\u00ean \u0111\u01b0\u1eddng, th\u00ec \u1edf Saman\u00e1 g\u1ea7n \u0111\u00e2y \u0111\u00e3 c\u00f3 m\u1ed9t s\u1ed1 d\u1ef1 \u00e1n \u0111\u01b0\u1ee3c x\u00e2y d\u1ef1ng, m\u1ed9t s\u1ed1 \u0111ang \u0111\u01b0\u1ee3c x\u00e2y d\u1ef1ng v\u00e0 m\u1ed9t s\u1ed1 \u0111\u00e3 ho\u00e0n th\u00e0nh, n\u01a1i b\u1ea1n c\u00f3 th\u1ec3 t\u00ecm th\u1ea5y ng\u00f4i nh\u00e0 ti\u1ebfp theo c\u1ee7a m\u00ecnh.<br>T\u00ecm b\u1ea5t \u0111\u1ed9ng s\u1ea3n \u0111\u1ec3 b\u00e1n \u1edf\u00a0<em>sa m\u00f4n<\/em>. T\u00ecm ki\u1ebfm\u00a0<em>\u0111\u1ecba \u1ed1c<\/em>\u00a0v\u00e0 t\u00ecm danh s\u00e1ch m\u1edbi nh\u1ea5t c\u1ee7a\u00a0<em>sa m\u00f4n<\/em>\u00a0B\u1ea5t \u0111\u1ed9ng s\u1ea3n \u0111\u1ec3 b\u00e1n.<br><br>C\u1ea7n b\u00e1n l\u00f4 Samana<br><br><br>H\u00e3y li\u00ean h\u1ec7 v\u1edbi t\u00f4i b\u1eb1ng whatsapp:\u00a0<a href=\"callto:+18097206035\">+1-809-720-6035<\/a>.<br><br>L\u00f4 &amp; Trang tr\u1ea1i Samana<br><br><br>H\u00e3y li\u00ean h\u1ec7 v\u1edbi t\u00f4i b\u1eb1ng whatsapp:\u00a0<a href=\"callto:+18097206035\">+1-809-720-6035<\/a>.<br><br>B\u00e1n l\u00f4 \u0111\u1ea5t Samana Ocean View B\u1ea5t \u0111\u1ed9ng s\u1ea3n<br><br><br>H\u00e3y li\u00ean h\u1ec7 v\u1edbi t\u00f4i b\u1eb1ng whatsapp:\u00a0<a href=\"callto:+18097206035\">+1-809-720-6035<\/a>.<br><br>B\u00e1n b\u1ea5t \u0111\u1ed9ng s\u1ea3n ph\u00eda tr\u01b0\u1edbc b\u00e3i bi\u1ec3n Samana<br><br><br>H\u00e3y li\u00ean h\u1ec7 v\u1edbi t\u00f4i b\u1eb1ng whatsapp:\u00a0<a href=\"callto:+18097206035\">+1-809-720-6035<\/a>.<br><br><a class=\"\" href=\"https:\/\/www.tourwhales.com\/wp-content\/uploads\/2023\/01\/land-mark-5-1024x567.png\" target=\"_blank\" rel=\"noopener\"><\/a><br><a class=\"\" href=\"https:\/\/www.tourwhales.com\/wp-content\/uploads\/2023\/01\/land-mark-4-1024x545.png\" target=\"_blank\" rel=\"noopener\"><\/a><br><a class=\"\" href=\"https:\/\/www.tourwhales.com\/wp-content\/uploads\/2023\/01\/land-mark-3-1024x571.png\" target=\"_blank\" rel=\"noopener\"><\/a><br><a class=\"\" href=\"https:\/\/www.tourwhales.com\/wp-content\/uploads\/2023\/01\/land-mark-2-1024x540.png\" target=\"_blank\" rel=\"noopener\"><\/a><br><a class=\"\" href=\"https:\/\/www.tourwhales.com\/wp-content\/uploads\/2023\/01\/land-maark-1024x445.png\" target=\"_blank\" rel=\"noopener\"><\/a><br><a class=\"\" href=\"https:\/\/www.tourwhales.com\/wp-content\/uploads\/2023\/01\/beachlimon-lands--1024x608.png\" target=\"_blank\" rel=\"noopener\"><\/a><br><a class=\"\" href=\"https:\/\/www.tourwhales.com\/land-for-sale-in-samana-samana-land-for-sale#\" target=\"_blank\" rel=\"noopener\">1<\/a><br><a class=\"\" href=\"https:\/\/www.tourwhales.com\/land-for-sale-in-samana-samana-land-for-sale#\" target=\"_blank\" rel=\"noopener\">2<\/a><br><a href=\"https:\/\/www.tourwhales.com\/land-for-sale-in-samana-samana-land-for-sale#\" target=\"_blank\" rel=\"noopener\">3<\/a><br><a class=\"\" href=\"https:\/\/www.tourwhales.com\/land-for-sale-in-samana-samana-land-for-sale#\" target=\"_blank\" rel=\"noopener\">4<\/a><br><a class=\"\" href=\"https:\/\/www.tourwhales.com\/land-for-sale-in-samana-samana-land-for-sale#\" target=\"_blank\" rel=\"noopener\">5<\/a><br><a class=\"\" href=\"https:\/\/www.tourwhales.com\/land-for-sale-in-samana-samana-land-for-sale#\" target=\"_blank\" rel=\"noopener\">6<\/a><br><a href=\"https:\/\/www.tourwhales.com\/land-for-sale-in-samana-samana-land-for-sale#\" target=\"_blank\" rel=\"noopener\">Tr\u01b0\u1edbc<\/a><br><a href=\"https:\/\/www.tourwhales.com\/land-for-sale-in-samana-samana-land-for-sale#\" target=\"_blank\" rel=\"noopener\">K\u1ebf ti\u1ebfp<\/a><br><br><br>H\u00e3y li\u00ean h\u1ec7 v\u1edbi t\u00f4i b\u1eb1ng whatsapp:\u00a0<a href=\"callto:+18097206035\">+1-809-720-6035<\/a>.<\/summary>\n<p><\/p>\n<\/details>","protected":false},"excerpt":{"rendered":"Land for Sale in Saman\u00e1 \u2013 Samana land for SaleSamana Real EstateSamana Land for SaleLANDS for sale in Saman\u00e1, Dominican Republic. View photos and listing details of Saman\u00e1, Attention Investors, Land Developers interested in the DOMINICAN REPUBLIC.If you are looking [...]","protected":false},"author":1,"featured_media":0,"parent":0,"menu_order":0,"comment_status":"closed","ping_status":"closed","template":"","meta":{"footnotes":""},"class_list":["post-11895","page","type-page","status-publish","hentry"],"_links":{"self":[{"href":"https:\/\/visitaloshaitises.com\/vi\/wp-json\/wp\/v2\/pages\/11895","targetHints":{"allow":["GET"]}}],"collection":[{"href":"https:\/\/visitaloshaitises.com\/vi\/wp-json\/wp\/v2\/pages"}],"about":[{"href":"https:\/\/visitaloshaitises.com\/vi\/wp-json\/wp\/v2\/types\/page"}],"author":[{"embeddable":true,"href":"https:\/\/visitaloshaitises.com\/vi\/wp-json\/wp\/v2\/users\/1"}],"replies":[{"embeddable":true,"href":"https:\/\/visitaloshaitises.com\/vi\/wp-json\/wp\/v2\/comments?post=11895"}],"version-history":[{"count":2,"href":"https:\/\/visitaloshaitises.com\/vi\/wp-json\/wp\/v2\/pages\/11895\/revisions"}],"predecessor-version":[{"id":11899,"href":"https:\/\/visitaloshaitises.com\/vi\/wp-json\/wp\/v2\/pages\/11895\/revisions\/11899"}],"wp:attachment":[{"href":"https:\/\/visitaloshaitises.com\/vi\/wp-json\/wp\/v2\/media?parent=11895"}],"curies":[{"name":"wp","href":"https:\/\/api.w.org\/{rel}","templated":true}]}}