{"id":558,"date":"2020-06-23T12:05:23","date_gmt":"2020-06-23T12:05:23","guid":{"rendered":"https:\/\/haitises.com\/?post_type=product&#038;p=558"},"modified":"2024-04-17T18:50:43","modified_gmt":"2024-04-17T18:50:43","slug":"excursion-a-los-haitises-con-senderismo-en-el-bosque-humedo","status":"publish","type":"product","link":"https:\/\/visitaloshaitises.com\/uz\/xususiy\/excursion-a-los-haitises-con-senderismo-en-el-bosque-humedo\/","title":{"rendered":"Nam o&#039;rmonda sayr qilish bilan Los-Gaitsesga ekskursiya"},"content":{"rendered":"<div class=\"vc_row wpb_row vc_row-fluid\" ><div class=\"wpb_column vc_column_container vc_col-sm-12\"><div class=\"vc_column-inner\"><div class=\"wpb_wrapper\">[mkdf_section_title title_tag=\u00bb\u00bb disable_break_words=\u00bbno\u00bb subtitle_tag=\u00bb\u00bb title=\u00bbLos Haitises National Park- From Sabana de la Mar + Hiking 2 Hours\u00bb subtitle=\u00bbHumid Forest + Normal Trip to Caves\u00bb]<\/div><\/div><\/div><\/div><div class=\"vc_row wpb_row vc_row-fluid\" ><div class=\"wpb_column vc_column_container vc_col-sm-12\"><div class=\"vc_column-inner\"><div class=\"wpb_wrapper\">\n\t<div class=\"wpb_text_column wpb_content_element\" >\n\t\t<div class=\"wpb_wrapper\">\n\t\t\t<h5>Nam o&#039;rmon + g&#039;orlarga oddiy sayohat<\/h5>\n<h2>Los Gaitises milliy bog&#039;i - Sabana de la Mardan + Piyoda 2 soat<\/h2>\n<h3><em>Tavsif<\/em><\/h3>\n<p>Los Haitises milliy bog&#039;i o&#039;rmoni bo&#039;ylab ikki soatlik yurishdan rohatlaning. Dorivor o&#039;simliklar haqida bilib oling va mahalliy joylarga tashrif buyuring. Sabana de la Mardan Los Haitises milliy bog&#039;iga yoki mahalliy gidlar bilan Ca\u00f1o Hondo mehmonxonalariga tashrif buyurganingizdan so&#039;ng.<\/p>\n<p>Biz kema sayohatidan keyin sayohat qilamiz. Los Haitises milliy bog&#039;iga oddiy shaxsiy sayohat. Biz bilan keling va Dominikan Respublikasidagi eng go&#039;zal milliy bog&#039;ga tashrif buyuring, mangrovlar, 3 g&#039;or va San-Lorenzo ko&#039;rfaziga tashrif buyuring. Ushbu tajriba Sabana de la Mar jamoasining Sabana de la Mar tarixini o&#039;rganishdan boshlanishi mumkin.<\/p>\n<ul>\n<li>O&#039;rmonda 2 soat yurish<\/li>\n<li>Sabana de la Mar tarixi<\/li>\n<li>Soliqlar kiritilgan<\/li>\n<li>Qo&#039;llanma ko&#039;rsatma va nazoratni ta&#039;minlaydi.<\/li>\n<li>Tushlik Cano Hondoda tushlikka kiritilmagan. Ushbu turni tanlang: Los Haitises Plus Ca\u00f1o Hondo.<\/li>\n<\/ul>\n<h3>Qo&#039;shimchalar va istisnolar<\/h3>\n<h4>Qo&#039;shimchalar<\/h4>\n<ol>\n<li>Los Haitises sayohati + g&#039;orlar va piktogrammalar<\/li>\n<li>Barcha soliqlar, yig&#039;imlar va ishlov berish to&#039;lovlari.<\/li>\n<li>Mahalliy soliqlar<\/li>\n<li>Barcha tadbirlar<\/li>\n<li>Mahalliy yo&#039;lboshchi<\/li>\n<\/ol>\n<h4>Istisnolar<\/h4>\n<ol>\n<li>Maslahatlar<\/li>\n<li>Tushlik Cano Hondoda tushlikka kiritilmagan. Ushbu turni tanlang: Los Haitises Plus Ca\u00f1o Hondo.<\/li>\n<li>Transport<\/li>\n<li>Spirtli ichimliklar<\/li>\n<\/ol>\n<h3><em>Ketish va qaytish<\/em><\/h3>\n<p>Sayohatchi bronlash jarayonidan so&#039;ng uchrashuv nuqtasini oladi. Ekskursiyalar bizning uchrashuv nuqtalarimizda boshlanadi va tugaydi.<\/p>\n<h3><em>Nimani kutish kerak?<\/em><\/h3>\n<p>Los Haitises milliy bog&#039;ining nam o&#039;rmoni bo&#039;ylab ikki soatlik sayohatdan so&#039;ng g&#039;orlar, mangrovlar va San-Lorenzo ko&#039;rfazi bilan Los-Gaitises milliy bog&#039;iga tashrif buyurish uchun chiptalarni oling.<\/p>\n<p>Sabana de la Mar yoki Ca\u00f1o Hondo mehmonxonalaridan Los Gaitises milliy bog&#039;i mahalliy gidlar bilan. Sayohat Los Haitises milliy bog&#039;ining asosiy portidan boshlanadi. Ushbu sayohat ertalab soat 10:00 da ajoyib Milliy bog&#039; haqidagi asl hikoyani biladigan mahalliy ekskursiya gid bilan boshlanadi.<\/p>\n<p>Keyin biz Los Gaitises milliy bog&#039;ining asosiy portidan boshlaymiz, u Kano Hondo (Deep Creek) deb nomlangan, qutqaruv jiletlari bo&#039;lgan KAYIKda. San-Lorenso ko&#039;rfaziga yetguncha qizil mangrov o&#039;rmonidan zavqlanamiz. Samana ko&#039;rfazidagi kichik ko&#039;rfaz. Va biz boramiz! Siz ko&#039;rishingiz mumkin bo&#039;lgan birinchi narsa - Mogotes deb nomlangan tog &#039;ohaktosh orolining ulkan to&#039;plami. Ularning ustida 700 dan ortiq turdagi o&#039;simliklar va ko&#039;plab suv-botqoq qushlari uchib yuradi. Keyin 750 yil avvalgi mahalliy jamoalarimizning piktogrammalari bilan g&#039;orlarni ziyorat qilish.<\/p>\n<p>Mangrovlar va ochiq San-Lorenso ko&#039;rfaziga quruqlik orqali, u erdan dag&#039;al o&#039;rmon manzarasini suratga olishingiz mumkin. Manat, qisqichbaqasimonlar va delfinlarni ko&#039;rish uchun suvga qarang.<\/p>\n<p>El nombre del parque nacional proviene de sus habitantes originales, los indios ta\u00ednos. En su idioma, \u00abHaitises\u00bb se traduce en tierras altas o colinas, una referencia a las empinadas formaciones geol\u00f3gicas de la costa con calizas. Avent\u00farate en el parque para explorar cuevas como la Cueva de la Arena y la Cueva de la L\u00ednea. Las cuevas en la reserva fueron utilizadas como refugio por los indios ta\u00ednos y, m\u00e1s adelante, por los piratas escondidos. Busque dibujos de indios que decoran algunas de las paredes. Despu\u00e9s de visitar el Parque Nacional Los Haitises, iremos al bosque h\u00famedo para caminar 2 horas y regresar al lugar donde comenz\u00f3 nuestro viaje.<\/p>\n<h3><em>Nimani olib kelish kerak?<\/em><\/h3>\n<ul>\n<li>Kamera<\/li>\n<li>Repelentlar<\/li>\n<li>quyosh kremi<\/li>\n<li>Shlyapa<\/li>\n<li>Qulay shimlar<\/li>\n<li>O&#039;rmon yurish poyabzali<\/li>\n<li>Bahor joylariga sandallar.<\/li>\n<li>Mayo<\/li>\n<\/ul>\n<h3><em>Mehmonxonadan olib ketish<\/em><\/h3>\n<p>Agar siz Paraiso Ca\u00f1o Hondo yoki Altos Ca\u00f1o Hondo mehmonxonasida joylashgan bo&#039;lsangiz, mehmonxonadan olib ketish taklif etiladi. Bizning uchrashuv joyimiz o&#039;sha mehmonxonalardan 5 daqiqalik piyoda.<\/p>\n<p><strong>Eslatma:<\/strong> Agar siz tur\/ekskursiya jo\u2018nash vaqtidan keyin 24 soat ichida band qilsangiz, Ca\u00f1o Hondo mehmonxonalarida bo\u2018lmasangiz, biz qo\u2018shimcha haq evaziga mehmonxonadan olib ketishni tashkil qilishimiz mumkin. Xaridingiz tugallangandan so&#039;ng, biz sizni olib ketishni tartibga solish uchun mahalliy ekskursiya yo&#039;riqnomamiz uchun to&#039;liq aloqa ma&#039;lumotlarini (telefon raqami, elektron pochta manzili va boshqalar) yuboramiz.<\/p>\n<h3><em>Qo&#039;shimcha ma&#039;lumotni tasdiqlash<\/em><\/h3>\n<ul>\n<li>Chiptalar ushbu tur uchun to&#039;langanidan keyin kvitansiya hisoblanadi. To&#039;lovni telefoningizda ko&#039;rsatishingiz mumkin.<\/li>\n<li>Uchrashuv nuqtasi bronlash jarayonidan so&#039;ng qabul qilinadi.<\/li>\n<li>Bolalar kattalar bilan birga bo&#039;lishi kerak.<\/li>\n<li>Nogironlar aravachasiga kira olmaydi<\/li>\n<li>Chaqaloqlar chaqaloq o&#039;rindig&#039;ida yoki kattalar bilan o&#039;tirishlari kerak<\/li>\n<li>Orqa muammolari bo&#039;lgan sayohatchilar uchun tavsiya etilmaydi.<\/li>\n<li>Homilador ayollar uchun tavsiya etilmaydi.<\/li>\n<li>Yurak muammosi yoki boshqa jiddiy tibbiy sharoitlar yo&#039;q.<\/li>\n<li>Aksariyat sayohatchilar qatnashishi mumkin.<\/li>\n<\/ul>\n<h3><em>Bekor qilish siyosati<\/em><\/h3>\n<p>To\u02bblovni to\u02bbliq qaytarish uchun tajriba boshlanishidan kamida 24 soat oldin bekor qiling.<\/p>\n\n\t\t<\/div>\n\t<\/div>\n<\/div><\/div><\/div><\/div><div class=\"vc_row wpb_row vc_row-fluid\" ><div class=\"wpb_column vc_column_container vc_col-sm-12\"><div class=\"vc_column-inner\"><div class=\"wpb_wrapper\"><div class=\"vc_empty_space\"   style=\"height: 32px\"><span class=\"vc_empty_space_inner\"><\/span><\/div>\n\t<div class=\"wpb_video_widget wpb_content_element vc_clearfix   vc_video-aspect-ratio-169 vc_video-el-width-100 vc_video-align-left\" >\n\t\t<div class=\"wpb_wrapper\">\n\t\t\t\n\t\t\t<div class=\"wpb_video_wrapper\"><iframe loading=\"lazy\" title=\"Los-Gaitises milliy bog&#039;i, Samana yoki Sabana de la Mar shahridan sayohatlar va ekskursiyalar. Bu yerda bron qiling:\" src=\"https:\/\/player.vimeo.com\/video\/346508015?dnt=1&amp;app_id=122963\" width=\"1100\" height=\"619\" frameborder=\"0\" allow=\"autoplay; fullscreen\" allowfullscreen><\/iframe><\/div>\n\t\t<\/div>\n\t<\/div>\n<\/div><\/div><\/div><\/div><div class=\"vc_row wpb_row vc_row-fluid\" ><div class=\"wpb_column vc_column_container vc_col-sm-12\"><div class=\"vc_column-inner\"><div class=\"wpb_wrapper\"><div class=\"vc_empty_space\"   style=\"height: 32px\"><span class=\"vc_empty_space_inner\"><\/span><\/div>\n\t<div class=\"wpb_text_column wpb_content_element\" >\n\t\t<div class=\"wpb_wrapper\">\n\t\t\t<h4>Biz bilan bog&#039;lanish?<\/h4>\n<h5>Sarguzashtlarni bron qilish<\/h5>\n<p><em><strong>Mahalliy aholi<\/strong>\u00a0va\u00a0<strong>Milliylar<\/strong>\u00a0Turistlar va mehmonlarga xizmatlar<\/em><\/p>\n<p><span class=\"text-turquoise\">Rezervasyonlar:<\/span>\u00a0Dom.Rep.da turlar va ekskursiyalar.<\/p>\n<p><img decoding=\"async\" class=\"emoji\" draggable=\"false\" src=\"https:\/\/s.w.org\/images\/core\/emoji\/11.2.0\/svg\/1f4de.svg\" alt=\"\ud83d\udcde\" \/>\u00a0Tel\/Whatsapp\u00a0\u00a0<a href=\"tel:+1-809-720-6035\">+1-809-720-6035<\/a>.<\/p>\n<p><img decoding=\"async\" class=\"emoji\" draggable=\"false\" src=\"https:\/\/s.w.org\/images\/core\/emoji\/11.2.0\/svg\/1f4e9.svg\" alt=\"\ud83d\udce9\" \/>\u00a0<a href=\"mailto:info@bookingadventures.com.do\">info@bookingadventures.com.do<\/a><\/p>\n<p><strong>Biz Whatsapp orqali xususiy sayohatlarni sozlashimiz mumkin:\u00a0<a href=\"tel:+18097206035\">+18097206035.<\/a><\/strong><\/p>\n\n\t\t<\/div>\n\t<\/div>\n<div class=\"vc_empty_space\"   style=\"height: 32px\"><span class=\"vc_empty_space_inner\"><\/span><\/div><\/div><\/div><\/div><\/div>","protected":false},"excerpt":{"rendered":"<p>Va biz boramiz! Siz ko&#039;rishingiz mumkin bo&#039;lgan birinchi narsa - Mogotes deb nomlangan ohaktosh tog&#039; orolining ulkan to&#039;plami, ularning tepasida 700 dan ortiq o&#039;simlik turlari va ko&#039;plab suv-botqoq qushlari uchadi. Keyin 750 yil avvalgi mahalliy jamoalarimizning piktogrammalari bo&#039;lgan g&#039;orlarga tashrif buyuring.<\/p>\n<p>Bundan tashqari, ushbu sayohat ular Gaitises milliy bog&#039;ida tashrif buyurish uchun eng muhim joylar ekanligini ko&#039;rsatadi. Eng ko&#039;p tashrif buyuriladigan ikkita g&#039;or - Cueva de la Linea va Cueva de la Arena. Ushbu go&#039;zal milliy bog&#039;ga bir necha soat tashrif buyurganimizdan so&#039;ng, biz Gaitises milliy bog&#039;ining nam o&#039;rmoni tomon yo&#039;l oldik, 2 soatlik piyoda yurganimizdan so&#039;ng, biz ekskursiyani boshlagan joyga qaytdik. Chiptalaringizni bu yerdan oling va Gaitises milliy bog&#039;i tarixini biladigan mahalliy aholi bilan sayohat qiling.<\/p>\n<p><strong>Iltimos, sayohat sanasini tanlang:<\/strong><\/p>\n<p>&nbsp;<\/p>\n<p>&nbsp;<\/p>","protected":false},"featured_media":84,"template":"","meta":[],"product_brand":[],"product_cat":[443,123,124],"product_tag":[179,125,126,129,130,104,221,131,132,210,222,134,223,146,114,224],"class_list":{"0":"post-558","1":"product","2":"type-product","3":"status-publish","4":"has-post-thumbnail","6":"product_cat-tours-y-excursiones-es","7":"product_cat-tours-excursions-los-haitises-national-park","8":"product_cat-tours-excursions-samana-bay-dominican-republic","9":"product_tag-birding-in-los-haitises","10":"product_tag-boat-tour","11":"product_tag-cano-hondo","12":"product_tag-eco-tours","13":"product_tag-excursion","14":"product_tag-hiking","15":"product_tag-hiking-los-haitises","16":"product_tag-locals-guides","17":"product_tag-los-haitises","18":"product_tag-los-haitises-excursions","19":"product_tag-los-haitises-from-samana","20":"product_tag-los-haitises-national-park-tour","21":"product_tag-los-haitises-sabana-de-la-mar","22":"product_tag-mangroves-los-haitises","23":"product_tag-sabana-de-la-mar","24":"product_tag-trails","26":"first","27":"instock","28":"sale","29":"sold-individually","30":"shipping-taxable","31":"product-type-external"},"_links":{"self":[{"href":"https:\/\/visitaloshaitises.com\/uz\/wp-json\/wp\/v2\/product\/558","targetHints":{"allow":["GET"]}}],"collection":[{"href":"https:\/\/visitaloshaitises.com\/uz\/wp-json\/wp\/v2\/product"}],"about":[{"href":"https:\/\/visitaloshaitises.com\/uz\/wp-json\/wp\/v2\/types\/product"}],"wp:featuredmedia":[{"embeddable":true,"href":"https:\/\/visitaloshaitises.com\/uz\/wp-json\/wp\/v2\/media\/84"}],"wp:attachment":[{"href":"https:\/\/visitaloshaitises.com\/uz\/wp-json\/wp\/v2\/media?parent=558"}],"wp:term":[{"taxonomy":"product_brand","embeddable":true,"href":"https:\/\/visitaloshaitises.com\/uz\/wp-json\/wp\/v2\/product_brand?post=558"},{"taxonomy":"product_cat","embeddable":true,"href":"https:\/\/visitaloshaitises.com\/uz\/wp-json\/wp\/v2\/product_cat?post=558"},{"taxonomy":"product_tag","embeddable":true,"href":"https:\/\/visitaloshaitises.com\/uz\/wp-json\/wp\/v2\/product_tag?post=558"}],"curies":[{"name":"wp","href":"https:\/\/api.w.org\/{rel}","templated":true}]}}