{"id":554,"date":"2020-06-22T17:36:48","date_gmt":"2020-06-22T17:36:48","guid":{"rendered":"https:\/\/haitises.com\/?post_type=product&#038;p=554"},"modified":"2024-04-17T20:44:54","modified_gmt":"2024-04-17T20:44:54","slug":"excursion-a-los-haitises-desde-sabana-de-la-mar-o-cano-hondo","status":"publish","type":"product","link":"https:\/\/visitaloshaitises.com\/uz\/private\/sabana-de-la-mar-yoki-kano-hondodan-haitliklarga-ekskursiya\/","title":{"rendered":"Sabana de la Mar yoki Ka\u00f1o Xondodan Los-Gaitsesga ekskursiya"},"content":{"rendered":"<div class=\"vc_row wpb_row vc_row-fluid\" ><div class=\"wpb_column vc_column_container vc_col-sm-12\"><div class=\"vc_column-inner\"><div class=\"wpb_wrapper\"><div class=\"mkdf-section-title-holder\" style=\"text-align: left\">\n\t<div class=\"mkdf-st-inner\">\n\t\t\t\t\t<h5 class=\"mkdf-st-subtitle\" >\n\t\t\t\tGaitisesga oddiy sayohat\t\t\t<\/h5>\n\t\t\t\t\t\t\t<\/div>\n<\/div><\/div><\/div><\/div><\/div><div class=\"vc_row wpb_row vc_row-fluid\" ><div class=\"wpb_column vc_column_container vc_col-sm-12\"><div class=\"vc_column-inner\"><div class=\"wpb_wrapper\">\n\t<div class=\"wpb_text_column wpb_content_element\" >\n\t\t<div class=\"wpb_wrapper\">\n\t\t\t<h2>Sabana de la Mar yoki Cano Hondo mehmonxonasidan Los Gaitises milliy bog&#039;i.<\/h2>\n<h3>Tavsif<\/h3>\n<p>Los Haitises milliy bog&#039;iga oddiy shaxsiy sayohat. Biz bilan keling va Dominikan Respublikasidagi eng go&#039;zal milliy bog&#039;ga tashrif buyuring, mangrovlar, g&#039;orlar va San-Lorenso ko&#039;rfaziga tashrif buyuring. Bu tajriba Sabana de la Mar jamoasining Sabana de la Mar tarixi bilan tanishishdan boshlanishi mumkin. Bundan tashqari, biz bu sayohatni Kano Xondo portidan boshlaymiz.<\/p>\n<ul>\n<li>Soliqlar kiritilgan<\/li>\n<li>Qo&#039;llanma ko&#039;rsatma va nazoratni ta&#039;minlaydi.<\/li>\n<li>Tushlik Ka\u00f1o Hondoda tushlikka kiritilmagan. Ushbu turni tanlang: Los Haitises Plus Kano Hondo.<\/li>\n<\/ul>\n<h3>Qo&#039;shimchalar va istisnolar<\/h3>\n<h4>Qo&#039;shimchalar<\/h4>\n<ol>\n<li>Los Haitises sayohati + g&#039;orlar va piktogrammalar<\/li>\n<li>Barcha soliqlar, yig&#039;imlar va ishlov berish to&#039;lovlari.<\/li>\n<li>Mahalliy soliqlar<\/li>\n<li>Barcha tadbirlar<\/li>\n<li>Mahalliy yo&#039;lboshchi<\/li>\n<\/ol>\n<h4>Istisnolar<\/h4>\n<ol>\n<li>Maslahatlar<\/li>\n<li>Tushlik Ka\u00f1o Hondoda tushlikka kiritilmagan. Ushbu turni tanlang: Los Haitises Plus Kano Hondo.<\/li>\n<li>Transport<\/li>\n<li>Spirtli ichimliklar<\/li>\n<\/ol>\n<h3><em>Ketish va qaytish<\/em><\/h3>\n<p>Sayohatchi bronlash jarayonidan so&#039;ng uchrashuv nuqtasini oladi. Ekskursiyalar bizning uchrashuv nuqtalarimizda boshlanadi va tugaydi.<\/p>\n<h4><em>Nimani kutish kerak?<\/em><\/h4>\n<p>G&#039;orlar, Mangrovlar va San Lorenzo ko&#039;rfazi bilan Los-Gaitises milliy bog&#039;iga tashrif buyurish uchun chiptalarni oling.<\/p>\n<p>Los Haitises milliy bog&#039;iga Sabana de la Mar yoki Ca\u00f1o Hondo mehmonxonalaridan mahalliy gidlar bilan tashrif buyurish uchun eng past narx. Sayohat Los Haitises milliy bog&#039;ining asosiy portidan boshlanadi. Ushbu sayohat ertalab soat 10:00 da ajoyib Milliy bog&#039; haqidagi asl hikoyani biladigan mahalliy ekskursiya gid bilan boshlanadi.<\/p>\n<p>Keyin biz Los Gaitises milliy bog&#039;ining asosiy portidan boshlaymiz, u Kano Hondo (Deep Creek) deb nomlangan, qutqaruv kurtkalari bilan BOATda. Biz San-Lorenso ko&#039;rfaziga yetguncha qizil mangrov o&#039;rmonidan zavqlanamiz. Samana ko&#039;rfazidagi kichik ko&#039;rfaz. Va biz boramiz! Siz ko&#039;rishingiz mumkin bo&#039;lgan birinchi narsa - Mogotes deb nomlangan ulkan ohaktosh tog&#039; orolining to&#039;plami. Ularning ustida 700 dan ortiq o&#039;simlik turlari va ko&#039;plab suv-botqoq qushlari uchib yuradi. Keyinchalik 750 yil avvalgi mahalliy jamoalarimizning piktogrammalari bilan g&#039;orlarga tashrif buyurish.<\/p>\n<p>Mangrovlar va ochiq San-Lorenso ko&#039;rfaziga quruqlik orqali, u erdan dag&#039;al o&#039;rmon manzarasini suratga olishingiz mumkin. Manat, qisqichbaqasimonlar va delfinlarni ko&#039;rish uchun suvga qarang.<\/p>\n<p>El nombre del parque nacional proviene de sus habitantes originales, los indios ta\u00ednos. En su idioma, \u00abHaitises\u00bb se traduce en tierras altas o colinas, una referencia a las empinadas formaciones geol\u00f3gicas de la costa con calizas. Avent\u00farate en el parque para explorar cuevas como la Cueva de la Arena y la Cueva de la L\u00ednea. Las cuevas en la reserva fueron utilizadas como refugio por los indios ta\u00ednos y, m\u00e1s tarde, por los piratas escondidos. Busque dibujos de indios que decoran algunas de las paredes. Despu\u00e9s de visitar el Parque Nacional Los Haitises, regresaremos al puerto donde comenz\u00f3 nuestro viaje.<\/p>\n<h3><em>Nimani olib kelish kerak?<\/em><\/h3>\n<ul>\n<li>Kamera<\/li>\n<li>Repelentlar<\/li>\n<li>quyosh kremi<\/li>\n<li>Shlyapa<\/li>\n<li>Qulay shimlar<\/li>\n<li>O&#039;rmon yurish poyabzali<\/li>\n<li>Bahor joylariga sandallar.<\/li>\n<li>Mayo<\/li>\n<\/ul>\n<h3><em>Mehmonxonadan olib ketish<\/em><\/h3>\n<p>Agar siz Paraiso Ca\u00f1o Hondo yoki Altos Ca\u00f1o Hondo mehmonxonasida joylashgan bo&#039;lsangiz, mehmonxonadan olib ketish taklif etiladi. Bizning uchrashuv joyimiz o&#039;sha mehmonxonalardan 5 daqiqalik piyoda.<\/p>\n<p><strong>Eslatma<\/strong>- Agar siz tur\/ekskursiya jo\u2018nash vaqtidan keyin 24 soat ichida band qilsangiz, Ca\u00f1o Hondo mehmonxonalarida bo\u2018lmasangiz, biz qo\u2018shimcha haq evaziga mehmonxonadan olib ketishni tashkil qilishimiz mumkin. Xaridingiz tugallangandan so&#039;ng, biz sizni olib ketishni tartibga solish uchun mahalliy ekskursiya yo&#039;riqnomamiz uchun to&#039;liq aloqa ma&#039;lumotlarini (telefon raqami, elektron pochta manzili va boshqalar) yuboramiz.<\/p>\n<h3><em>Qo&#039;shimcha ma&#039;lumotni tasdiqlash<\/em><\/h3>\n<ul>\n<li>Chiptalar ushbu tur uchun to&#039;langanidan keyin kvitansiya hisoblanadi. To&#039;lovni telefoningizda ko&#039;rsatishingiz mumkin.<\/li>\n<li>Uchrashuv nuqtasi bronlash jarayonidan so&#039;ng qabul qilinadi.<\/li>\n<li>Bolalar kattalar bilan birga bo&#039;lishi kerak.<\/li>\n<li>Nogironlar aravachasiga kira olmaydi<\/li>\n<li>Chaqaloqlar chaqaloq o&#039;rindig&#039;ida yoki kattalar bilan o&#039;tirishlari kerak<\/li>\n<li>Orqa muammolari bo&#039;lgan sayohatchilar uchun tavsiya etilmaydi.<\/li>\n<li>Homilador ayollar uchun tavsiya etilmaydi.<\/li>\n<li>Yurak muammosi yoki boshqa jiddiy tibbiy sharoitlar yo&#039;q.<\/li>\n<li>Aksariyat sayohatchilar qatnashishi mumkin.<\/li>\n<\/ul>\n<h3><em>Bekor qilish siyosati<\/em><\/h3>\n<p>To\u02bblovni to\u02bbliq qaytarish uchun tajriba boshlanishidan kamida 24 soat oldin bekor qiling.<\/p>\n<h3><em>Biz bilan bog&#039;lanish?<\/em><\/h3>\n<p>Sarguzashtlarni bron qilish<br \/>\nMahalliy va milliy ekskursiyalar va mehmonlarga xizmat ko&#039;rsatish<\/p>\n<p>Rezervasyonlar: Dom.Reps bo&#039;ylab sayohatlar va ekskursiyalar.<\/p>\n<p>\ud83d\udcde Tel\/Whatsapp +1-809-720-6035.<\/p>\n<p>\ud83d\udce9 info@bookingadventures.com.do<\/p>\n<p>Biz Whatsapp orqali moslashuvchan konfiguratsiyaga ega shaxsiy turlarni tashkil qilamiz: +18097206035.<\/p>\n\n\t\t<\/div>\n\t<\/div>\n<\/div><\/div><\/div><\/div>","protected":false},"excerpt":{"rendered":"<p>Los Haitises milliy bog&#039;iga Sabana de la Mar yoki Ca\u00f1o Hondo mehmonxonalaridan mahalliy gidlar bilan tashrif buyurish uchun eng past narx. Sayohat Los Haitises milliy bog&#039;ining asosiy portidan boshlanadi. Ushbu sayohat ertalab soat 10:00 da ajoyib Milliy bog&#039; haqidagi asl hikoyani biladigan mahalliy ekskursiya gid bilan boshlanadi.<\/p>\n<p>Keyin biz Los Gaitises milliy bog&#039;ining asosiy portidan boshlaymiz, u Kano Hondo (Deep Creek) deb nomlangan, qutqaruv jiletlari bo&#039;lgan KAYIKda. Samana ko&#039;rfazidagi kichik ko&#039;rfaz bo&#039;lgan San-Lorenso ko&#039;rfaziga etib borgunimizcha qizil mangrov o&#039;rmonidan zavqlanamiz. Va biz boramiz! Siz ko&#039;rishingiz mumkin bo&#039;lgan birinchi narsa - Mogotes deb nomlangan ulkan ohaktosh tog&#039; orolining to&#039;plami. Ularga qo&#039;shimcha ravishda 700 dan ortiq turdagi o&#039;simliklar va ko&#039;plab suv-botqoq qushlari atrofida uchib ketishadi. Keyinchalik 750 yil avvalgi mahalliy jamoalarimizning piktogrammalari bilan g&#039;orlarga tashrif buyurish.<\/p>\n<p><strong>Iltimos, sayohat sanasini tanlang\u00a0<\/strong><\/p>","protected":false},"featured_media":81,"template":"","meta":[],"product_brand":[],"product_cat":[119,120,98,121,99,122,443,123,124],"product_tag":[125,126,127,128,129,130,131,132,133,134,114],"class_list":{"0":"post-554","1":"product","2":"type-product","3":"status-publish","4":"has-post-thumbnail","6":"product_cat-caves","7":"product_cat-fees-entrace","8":"product_cat-local-tour-guides","9":"product_cat-mangroves","10":"product_cat-swimming-natural-springs","11":"product_cat-tours-and-excursions","12":"product_cat-tours-y-excursiones-es","13":"product_cat-tours-excursions-los-haitises-national-park","14":"product_cat-tours-excursions-samana-bay-dominican-republic","15":"product_tag-boat-tour","16":"product_tag-cano-hondo","17":"product_tag-cano-hondo-hotel","18":"product_tag-cano-hondo-tours","19":"product_tag-eco-tours","20":"product_tag-excursion","21":"product_tag-locals-guides","22":"product_tag-los-haitises","23":"product_tag-los-haitises-national-park","24":"product_tag-los-haitises-national-park-tour","25":"product_tag-sabana-de-la-mar","27":"first","28":"instock","29":"sale","30":"sold-individually","31":"shipping-taxable","32":"product-type-external"},"_links":{"self":[{"href":"https:\/\/visitaloshaitises.com\/uz\/wp-json\/wp\/v2\/product\/554","targetHints":{"allow":["GET"]}}],"collection":[{"href":"https:\/\/visitaloshaitises.com\/uz\/wp-json\/wp\/v2\/product"}],"about":[{"href":"https:\/\/visitaloshaitises.com\/uz\/wp-json\/wp\/v2\/types\/product"}],"wp:featuredmedia":[{"embeddable":true,"href":"https:\/\/visitaloshaitises.com\/uz\/wp-json\/wp\/v2\/media\/81"}],"wp:attachment":[{"href":"https:\/\/visitaloshaitises.com\/uz\/wp-json\/wp\/v2\/media?parent=554"}],"wp:term":[{"taxonomy":"product_brand","embeddable":true,"href":"https:\/\/visitaloshaitises.com\/uz\/wp-json\/wp\/v2\/product_brand?post=554"},{"taxonomy":"product_cat","embeddable":true,"href":"https:\/\/visitaloshaitises.com\/uz\/wp-json\/wp\/v2\/product_cat?post=554"},{"taxonomy":"product_tag","embeddable":true,"href":"https:\/\/visitaloshaitises.com\/uz\/wp-json\/wp\/v2\/product_tag?post=554"}],"curies":[{"name":"wp","href":"https:\/\/api.w.org\/{rel}","templated":true}]}}