{"id":543,"date":"2020-06-14T19:18:13","date_gmt":"2020-06-14T19:18:13","guid":{"rendered":"https:\/\/haitises.com\/?post_type=product&#038;p=543"},"modified":"2024-08-22T05:45:22","modified_gmt":"2024-08-22T05:45:22","slug":"parque-nacional-los-haitises-desde-el-puerto-de-samana","status":"publish","type":"product","link":"https:\/\/visitaloshaitises.com\/uz\/private\/parque-nacional-los-haitises-desde-el-puerto-de-samana\/","title":{"rendered":"Samana portidan Los-Haitises milliy bog&#039;i"},"content":{"rendered":"<div class=\"vc_row wpb_row vc_row-fluid\" ><div class=\"wpb_column vc_column_container vc_col-sm-12\"><div class=\"vc_column-inner\"><div class=\"wpb_wrapper\">\n\t<div class=\"wpb_text_column wpb_content_element\" >\n\t\t<div class=\"wpb_wrapper\">\n\t\t\t<h2>Los Gaitises milliy bog&#039;i (Samana ko&#039;rfazi) Samana portidan<\/h2>\n<ul>\n<li>Los Gaitises milliy bog&#039;iga qayiq ekskursiyasi<br \/>\n<h3>Tavsif<\/h3>\n<p>Samana portidan Los Haitises milliy bog&#039;iga tashrif buyuring. Biz bilan keling va Dominikan Respublikasidagi eng go&#039;zal milliy bog&#039;ga tashrif buyuring, mangrovlar, g&#039;orlar va San-Lorenso ko&#039;rfaziga tashrif buyuring, shuningdek, go&#039;zal Samana ko&#039;rfazini kesib o&#039;ting. Keyin Samana portiga qayting.<\/li>\n<\/ul>\n<p>Ushbu tajribadan so&#039;ng siz Samana portiga qaytasiz.<\/p>\n<ul>\n<li>Soliqlar kiritilgan<br \/>\nQo&#039;llanma ko&#039;rsatma va nazoratni ta&#039;minlaydi.<\/li>\n<li>Qo&#039;shimchalar va istisnolar<\/li>\n<\/ul>\n<h3>Qo&#039;shimchalar<\/h3>\n<ol>\n<li>Los Haitises sayohati + g&#039;orlar va piktogrammalar<\/li>\n<li>Barcha soliqlar, yig&#039;imlar va ishlov berish to&#039;lovlari.<\/li>\n<li>Mahalliy soliqlar<\/li>\n<li>Ichimliklar<\/li>\n<li>Barcha tadbirlar<\/li>\n<li>Mahalliy yo&#039;lboshchi<\/li>\n<\/ol>\n<h3>Istisnolar<\/h3>\n<ol>\n<li>Maslahatlar<\/li>\n<li>Transfer<\/li>\n<li>Spirtli ichimliklar<\/li>\n<li>Tushlik kiritilmagan, tushlik uchun quyidagi sayohatlardan birini tanlash kiradi: Los Haitises + Samana portidan Cayo Levantado yoki Los Haitises + Samana portidan Kano Hondo.<\/li>\n<\/ol>\n<h3>Ketish va qaytish<\/h3>\n<p>Sayohatchi bronlash jarayonidan so&#039;ng uchrashuv nuqtasini oladi. Ekskursiyalar bizning uchrashuv nuqtalarimizda boshlanadi va tugaydi.<\/p>\n<h3>Nimani kutish kerak?<\/h3>\n<p>Ca\u00f1o Hondoda ajoyib tushlik va tabiiy buloqlarda suzish bilan Los-Gaitises milliy bog&#039;iga tashrif buyurish uchun chiptalarni oling.<\/p>\n<p>Samana portidan qayiq yoki katamaranda mahalliy ekskursiya gid bilan biz Dominikan Respublikasidagi eng go&#039;zal milliy bog&#039;lardan biriga tashrif buyurish uchun Sabana de la Mar yonidagi Samana ko&#039;rfazidan o&#039;tamiz. Gaitises milliy bog&#039;i.<\/p>\n<p>Qushlar bilan orolga tashrif buyurish. Uya qo&#039;yish mavsumida biz hatto uyalarda pelikan jo&#039;jalarini ko&#039;rishimiz mumkin. Toshli orolga boring va mahalliy xalqlarning piktogrammalari va petrograflari bilan g&#039;orlarga tashrif buyuring.<\/p>\n<p>El recorrido, organizado por \u00abBooking Adventures\u00bb, comienza en el punto de encuentro establecido con el gu\u00eda tur\u00edstico. Ven con Booking Adventures y comienza a observar algunos manglares llenos de p\u00e1jaros, colinas onduladas de exuberante vegetaci\u00f3n y cuevas del Parque Nacional Los Haitises.<\/p>\n<p>Mangrovlar va ochiq San-Lorenso ko&#039;rfaziga quruqlik orqali, u erdan dag&#039;al o&#039;rmon manzarasini suratga olishingiz mumkin. Manat, qisqichbaqasimonlar va delfinlarni ko&#039;rish uchun suvga qarang.<\/p>\n<p>El nombre del parque nacional proviene de sus habitantes originales, los indios ta\u00ednos. En su idioma, \u00abHaitises\u00bb se traduce en tierras altas o colinas, una referencia a las empinadas formaciones geol\u00f3gicas de la costa con calizas. Avent\u00farate en el parque para explorar cuevas como la Cueva de la Arena y la Cueva de la L\u00ednea. Las cuevas en la reserva fueron utilizadas como refugio por los indios ta\u00ednos y, m\u00e1s tarde, por los piratas escondidos. Busque dibujos de indios que decoran algunas de las paredes. Despu\u00e9s de visitar el Parque Nacional Los Haitises, regresaremos al puerto de Saman\u00e1 pasando la bah\u00eda de Saman\u00e1 30 minutos.<\/p>\n<p>Agar sizga ushbu sayohat ko&#039;proq yoqqan bo&#039;lsa, bizda quyidagi variantlar mavjud:<\/p>\n<p>Samana portidan Los Haitises + Cayo Levantado.<br \/>\nSamana portidan Los Haitises + Cano Hondo.<\/p>\n<h3>Nimani olib kelish kerak?<\/h3>\n<ul>\n<li>Kamera<\/li>\n<li>qaytaruvchi kurtaklar<\/li>\n<li>quyosh kremi<\/li>\n<li>Shlyapa<\/li>\n<li>Qulay shimlar<\/li>\n<li>O&#039;rmon yurish poyabzali<\/li>\n<li>Bahor joylariga sandallar.<\/li>\n<li>suzish kiyimi<\/li>\n<\/ul>\n<h3>Mehmonxonadan olib ketish<\/h3>\n<p>Bu tur uchun mehmonxonadan olib ketish taklif etilmaydi.<\/p>\n<p>Eslatma: Agar siz tur\/ekskursiya jo\u2018nash vaqtidan keyin 24 soat ichida band qilsangiz, biz qo\u2018shimcha haq evaziga mehmonxonadan olib ketishni tashkil qilishimiz mumkin. Xaridingiz tugallangandan so&#039;ng, biz sizni olib ketishni tartibga solish uchun mahalliy ekskursiya yo&#039;riqnomamiz uchun to&#039;liq aloqa ma&#039;lumotlarini (telefon raqami, elektron pochta manzili va boshqalar) yuboramiz.<\/p>\n<h3>Qo&#039;shimcha ma&#039;lumotni tasdiqlash<\/h3>\n<ol>\n<li>Chiptalar ushbu tur uchun to&#039;langanidan keyin kvitansiya hisoblanadi. To&#039;lovni telefoningizda ko&#039;rsatishingiz mumkin.<\/li>\n<li>Uchrashuv nuqtasi bronlash jarayonidan so&#039;ng qabul qilinadi.<\/li>\n<li>Bolalar kattalar bilan birga bo&#039;lishi kerak.<\/li>\n<li>Nogironlar aravachasiga kira olmaydi<\/li>\n<li>Chaqaloqlar tizzada o&#039;tirishlari kerak<\/li>\n<li>Orqa muammolari bo&#039;lgan sayohatchilar uchun tavsiya etilmaydi.<\/li>\n<li>Homilador sayohatchilar uchun tavsiya etilmaydi.<\/li>\n<li>Yurak muammosi yoki boshqa jiddiy tibbiy sharoitlar yo&#039;q.<\/li>\n<li>Aksariyat sayohatchilar qatnashishi mumkin.<\/li>\n<\/ol>\n<h3>Bekor qilish siyosati<\/h3>\n<p>To\u02bblovni to\u02bbliq qaytarish uchun tajriba boshlanishidan kamida 24 soat oldin bekor qiling.<\/p>\n<h3>Biz bilan bog&#039;lanish?<\/h3>\n<p>Sarguzashtlarni bron qilish<br \/>\nMahalliy va milliy ekskursiyalar va mehmonlarga xizmat ko&#039;rsatish<\/p>\n<p>Rezervasyonlar: Dom.Rep.da turlar va ekskursiyalar.<\/p>\n<p>\ud83d\udcde Tel\/Whatsapp +1-809-720-6035.<\/p>\n<p>\ud83d\udce9 info@bookingadventures.com.do<\/p>\n<p>Biz Whatsapp orqali moslashuvchan sayohatlarni amalga oshiramiz: +18097206035.<\/p>\n\n\t\t<\/div>\n\t<\/div>\n<\/div><\/div><\/div><\/div><div class=\"vc_row wpb_row vc_row-fluid\" ><div class=\"wpb_column vc_column_container vc_col-sm-12\"><div class=\"vc_column-inner\"><div class=\"wpb_wrapper\"><div class=\"vc_empty_space\"   style=\"height: 32px\"><span class=\"vc_empty_space_inner\"><\/span><\/div>\n\t<div class=\"wpb_video_widget wpb_content_element vc_clearfix   vc_video-aspect-ratio-169 vc_video-el-width-100 vc_video-align-left\" >\n\t\t<div class=\"wpb_wrapper\">\n\t\t\t<h2 class=\"wpb_heading wpb_video_heading\">Los Gaitises va boshqalar...<\/h2>\n\t\t\t<div class=\"wpb_video_wrapper\"><iframe loading=\"lazy\" title=\"Dominikan Respublikasi - Los Gaitises g&#039;orlari (Tainos), Piktogrammalar va Petrogliflar\" width=\"1100\" height=\"619\" src=\"https:\/\/www.youtube.com\/embed\/o_ExYqtOlH8?feature=oembed\" frameborder=\"0\" allow=\"accelerometer; autoplay; encrypted-media; gyroscope; picture-in-picture\" allowfullscreen><\/iframe><\/div>\n\t\t<\/div>\n\t<\/div>\n<\/div><\/div><\/div><\/div>","protected":false},"excerpt":{"rendered":"<p>Mahalliy gid bilan Los Gaitises milliy bog&#039;iga ekologik sayohat. Los Haitises milliy bog&#039;idagi kalitlarga tashrif buyurish, mangrovlar, o&#039;simliklar, qushlarni kuzatish, g&#039;orlar, piktogrammalar va Los-Gaitises milliy bog&#039;idagi Sabana de la Marning tarixiy joylari.<\/p>\n<p>&nbsp;<\/p>\n<p><strong>Tashrif sanasini tanlang:<\/strong><\/p>","protected":false},"featured_media":225,"template":"","meta":[],"product_brand":[],"product_cat":[121,435,430,443],"product_tag":[132,133,432,142,148,143],"class_list":{"0":"post-543","1":"product","2":"type-product","3":"status-publish","4":"has-post-thumbnail","6":"product_cat-mangroves","7":"product_cat-manglares","8":"product_cat-parque-nacional-los-haitises-samana","9":"product_cat-tours-y-excursiones-es","10":"product_tag-los-haitises","11":"product_tag-los-haitises-national-park","12":"product_tag-parque-nacional-los-haitises-samana","13":"product_tag-samana","14":"product_tag-samana-excursions","15":"product_tag-samana-tours","17":"first","18":"instock","19":"sale","20":"sold-individually","21":"shipping-taxable","22":"product-type-external"},"_links":{"self":[{"href":"https:\/\/visitaloshaitises.com\/uz\/wp-json\/wp\/v2\/product\/543","targetHints":{"allow":["GET"]}}],"collection":[{"href":"https:\/\/visitaloshaitises.com\/uz\/wp-json\/wp\/v2\/product"}],"about":[{"href":"https:\/\/visitaloshaitises.com\/uz\/wp-json\/wp\/v2\/types\/product"}],"wp:featuredmedia":[{"embeddable":true,"href":"https:\/\/visitaloshaitises.com\/uz\/wp-json\/wp\/v2\/media\/225"}],"wp:attachment":[{"href":"https:\/\/visitaloshaitises.com\/uz\/wp-json\/wp\/v2\/media?parent=543"}],"wp:term":[{"taxonomy":"product_brand","embeddable":true,"href":"https:\/\/visitaloshaitises.com\/uz\/wp-json\/wp\/v2\/product_brand?post=543"},{"taxonomy":"product_cat","embeddable":true,"href":"https:\/\/visitaloshaitises.com\/uz\/wp-json\/wp\/v2\/product_cat?post=543"},{"taxonomy":"product_tag","embeddable":true,"href":"https:\/\/visitaloshaitises.com\/uz\/wp-json\/wp\/v2\/product_tag?post=543"}],"curies":[{"name":"wp","href":"https:\/\/api.w.org\/{rel}","templated":true}]}}