{"id":607,"date":"2020-07-11T21:05:03","date_gmt":"2020-07-11T21:05:03","guid":{"rendered":"https:\/\/haitises.com\/?post_type=product&#038;p=607"},"modified":"2024-04-16T04:05:26","modified_gmt":"2024-04-16T04:05:26","slug":"excursion-samana-zipline-tirolesa-el-valle-con-almuerzo-en-la-playa","status":"publish","type":"product","link":"https:\/\/visitaloshaitises.com\/ur\/\u0646\u062c\u06cc\/excursion-samana-zipline-tirolesa-el-valle-con-almuerzo-en-la-playa\/","title":{"rendered":"Saman\u00e1 Zipline (Zip Line) El Valle Excursion with the Lunch on the Beach"},"content":{"rendered":"<div class=\"vc_row wpb_row vc_row-fluid\" ><div class=\"wpb_column vc_column_container vc_col-sm-12\"><div class=\"vc_column-inner\"><div class=\"wpb_wrapper\">[mkdf_section_title subtitle_tag=\u00bb\u00bb subtitle=\u00bb Aventura de Zip Line\u00bb]<\/div><\/div><\/div><\/div><div class=\"vc_row wpb_row vc_row-fluid\" ><div class=\"wpb_column vc_column_container vc_col-sm-12\"><div class=\"vc_column-inner\"><div class=\"wpb_wrapper\"><div class=\"vc_empty_space\"   style=\"height: 32px\"><span class=\"vc_empty_space_inner\"><\/span><\/div><\/div><\/div><\/div><\/div><div class=\"vc_row wpb_row vc_row-fluid\" ><div class=\"wpb_column vc_column_container vc_col-sm-12\"><div class=\"vc_column-inner\"><div class=\"wpb_wrapper\">\n\t<div class=\"wpb_text_column wpb_content_element\" >\n\t\t<div class=\"wpb_wrapper\">\n\t\t\t<h2>\u0632\u067e \u0644\u0627\u0626\u0646 (\u0632\u067e \u0644\u0627\u0626\u0646) \u0633\u0645\u0627\u0646\u0627\u060c \u0627\u06cc\u0644 \u0648\u06cc\u0644\u06d2 \u0633\u0627\u062d\u0644 \u0633\u0645\u0646\u062f\u0631 \u067e\u0631 \u0644\u0646\u0686 \u06a9\u06d2 \u0633\u0627\u062a\u06be<\/h2>\n<h3>\u062a\u0641\u0635\u06cc\u0644<\/h3>\n<p>\u0633\u0645\u0627\u0646\u0627\u060c \u0627\u06cc\u0644 \u0648\u06cc\u0644\u06d2 \u0645\u06cc\u06ba \u0632\u067e \u0644\u0627\u0626\u0646 \u06a9\u06d2 \u0639\u0644\u0627\u0648\u06c1 \u0633\u0627\u062d\u0644 \u0633\u0645\u0646\u062f\u0631 \u067e\u0631 \u0644\u0646\u0686\u06d4 \u06c1\u0645\u0627\u0631\u06d2 \u0633\u0627\u062a\u06be \u0622\u0626\u06cc\u06ba \u0627\u0648\u0631 \u06a9\u06cc\u0631\u06cc\u0628\u06cc\u0646 \u06a9\u06cc \u0633\u0628 \u0633\u06d2 \u0644\u0645\u0628\u06cc \u0632\u067e \u0644\u0627\u0626\u0646\u0648\u06ba \u0645\u06cc\u06ba \u0633\u06d2 \u0627\u06cc\u06a9 \u062f\u06cc\u06a9\u06be\u06cc\u06ba\u06d4 12 \u0644\u0627\u0626\u0646\u06cc\u06ba\u060c 13 \u0627\u0633\u0679\u06cc\u0634\u0646 \u0627\u0648\u0631 7,400 \u0641\u0679 \u0633\u06d2 \u0632\u06cc\u0627\u062f\u06c1 \u06a9\u06cc\u0628\u0644\u06d4 \u062a\u06cc\u0627\u0631 \u06c1\u0648 \u062c\u0627\u0626\u06cc\u06ba \u0627\u0648\u0631 \u0628\u0627\u0631\u06c1 \u0632\u067e \u0644\u0627\u0626\u0646 \u067e\u0644\u06cc\u0679 \u0641\u0627\u0631\u0645\u0632 \u067e\u0631 \u0627\u067e\u0646\u06d2 \u06af\u0627\u0626\u06cc\u0688\u0632 \u06a9\u06cc \u067e\u06cc\u0631\u0648\u06cc \u06a9\u0631\u06cc\u06ba \u062c\u0648 \u0632\u0645\u06cc\u0646 \u06a9\u06cc \u062a\u0632\u0626\u06cc\u0646 \u06a9\u06d2 \u0641\u0636\u0627\u0626\u06cc \u0646\u0638\u0627\u0631\u0648\u06ba \u0633\u06d2 \u0644\u0637\u0641 \u0627\u0646\u062f\u0648\u0632 \u06c1\u0648\u062a\u06d2 \u06c1\u0648\u0626\u06d2 1,000 \u0641\u0679 (304 \u0645\u06cc\u0679\u0631) \u062a\u06a9 \u0644\u0627\u0626\u0646\u0648\u06ba \u06a9\u0648 \u0639\u0628\u0648\u0631 \u06a9\u0631\u062a\u06d2 \u06c1\u06cc\u06ba\u06d4<\/p>\n<p>\u0627\u0633 \u062a\u062c\u0631\u0628\u06d2 \u06a9\u06d2 \u0628\u0639\u062f \u0622\u067e \u06a9\u0648 \u0633\u0627\u062d\u0644 \u0633\u0645\u0646\u062f\u0631 \u06a9\u0627 \u0648\u0642\u062a \u0627\u0648\u0631 \u0633\u0627\u062d\u0644 \u0633\u0645\u0646\u062f\u0631 \u067e\u0631 \u0645\u0642\u0627\u0645\u06cc \u0644\u0646\u0686 \u0645\u0644\u06d2 \u06af\u0627\u06d4<\/p>\n<ul>\n<li>\u0633\u0627\u062d\u0644 \u0633\u0645\u0646\u062f\u0631 \u067e\u0631 \u0628\u0648\u0641\u06d2 \u0644\u0646\u0686 \u067e\u0631 \u0645\u0634\u062a\u0645\u0644 \u06c1\u06d2\u06d4<\/li>\n<li>\u0628\u0627\u0631\u0634 \u06a9\u06d2 \u062c\u0646\u06af\u0644 \u0645\u06cc\u06ba \u0632\u067e \u0644\u0627\u0626\u0646 \u06a9\u0631\u06cc\u06ba \u0627\u0648\u0631 \u0632\u0645\u06cc\u0646 \u06a9\u06cc \u062a\u0632\u0626\u06cc\u0646 \u06a9\u06d2 \u0646\u0638\u0627\u0631\u06d2 \u062d\u0627\u0635\u0644 \u06a9\u0631\u06cc\u06ba\u06d4<\/li>\n<li>\u06af\u0627\u0626\u06cc\u0688 \u06c1\u062f\u0627\u06cc\u0627\u062a \u0627\u0648\u0631 \u0646\u06af\u0631\u0627\u0646\u06cc \u0641\u0631\u0627\u06c1\u0645 \u06a9\u0631\u062a\u0627 \u06c1\u06d2\u06d4<\/li>\n<\/ul>\n<h3>\u0634\u0645\u0648\u0644\u06cc\u062a \u0627\u0648\u0631 \u0627\u062e\u0631\u0627\u062c<\/h3>\n<h4>\u0634\u0645\u0648\u0644\u06cc\u062a<\/h4>\n<ol>\n<li>\u0633\u0627\u062d\u0644 \u0633\u0645\u0646\u062f\u0631 \u067e\u0631 \u0628\u0648\u0641\u06d2 \u0644\u0646\u0686\u06d4<\/li>\n<li>\u0632\u067e \u0644\u0627\u0626\u0646 \u0679\u0648\u0631<\/li>\n<li>\u06a9\u0627\u0641\u06cc \u0627\u0648\u0631 \u06a9\u0648\u06a9\u0648 \u06a9\u0627 \u062c\u0646\u06af\u0644<\/li>\n<li>\u062a\u0645\u0627\u0645 \u0679\u06cc\u06a9\u0633\u060c \u0641\u06cc\u0633 \u0627\u0648\u0631 \u0686\u0627\u0631\u062c\u0632<\/li>\n<li>\u0645\u0642\u0627\u0645\u06cc \u0679\u06cc\u06a9\u0633<\/li>\n<li>\u0645\u0634\u0631\u0648\u0628\u0627\u062a<\/li>\n<li>\u062a\u0645\u0627\u0645 \u0633\u0631\u06af\u0631\u0645\u06cc\u0627\u06ba<\/li>\n<li>\u0645\u0642\u0627\u0645\u06cc \u06af\u0627\u0626\u06cc\u0688<\/li>\n<\/ol>\n<h3>\u0627\u062e\u0631\u0627\u062c\u0627\u062a<\/h3>\n<ol>\n<li>\u062a\u062c\u0627\u0648\u06cc\u0632<\/li>\n<li>\u0645\u0646\u062a\u0642\u0644\u06cc<\/li>\n<li>\u0627\u0644\u06a9\u062d\u0644 \u0645\u0634\u0631\u0648\u0628\u0627\u062a<\/li>\n<\/ol>\n<h3><em>\u0631\u0648\u0627\u0646\u06af\u06cc \u0627\u0648\u0631 \u0648\u0627\u067e\u0633\u06cc\u06d4<\/em><\/h3>\n<p>\u0628\u06a9\u0646\u06af \u06a9\u06d2 \u0639\u0645\u0644 \u06a9\u06d2 \u0628\u0639\u062f \u0645\u0633\u0627\u0641\u0631 \u06a9\u0648 \u0645\u06cc\u0679\u0646\u06af \u067e\u0648\u0627\u0626\u0646\u0679 \u0645\u0644\u06d2 \u06af\u0627\u06d4 \u062f\u0648\u0631\u06d2 \u06c1\u0645\u0627\u0631\u06d2 \u0645\u06cc\u0679\u0646\u06af \u067e\u0648\u0627\u0626\u0646\u0679\u0633 \u067e\u0631 \u0634\u0631\u0648\u0639 \u0627\u0648\u0631 \u062e\u062a\u0645 \u06c1\u0648\u062a\u06d2 \u06c1\u06cc\u06ba\u06d4<\/p>\n<h3><em>\u06a9\u06cc\u0627 \u062a\u0648\u0642\u0639 \u06a9\u06cc \u062c\u0627\u0626\u06d2\u061f<\/em><\/h3>\n<p>Saman\u00e1 \u0645\u06cc\u06ba El Valle Zipline \u062f\u06cc\u06a9\u06be\u0646\u06d2 \u06a9\u06d2 \u0644\u06cc\u06d2 \u0627\u067e\u0646\u06d2 \u0679\u06a9\u0679 \u062d\u0627\u0635\u0644 \u06a9\u0631\u06cc\u06ba\u060c \u0646\u06cc\u0632 El Valle beach \u067e\u0631 \u0627\u06cc\u06a9 \u0634\u0627\u0646\u062f\u0627\u0631 \u0644\u0646\u0686 \u0627\u0648\u0631 \u0633\u0627\u062d\u0644 \u0633\u0645\u0646\u062f\u0631 \u06a9\u0627 \u0648\u0642\u062a\u06d4<\/p>\n<p>\u0622\u067e \u06a9\u06cc \u062d\u0641\u0627\u0638\u062a \u06a9\u06d2 \u0644\u06cc\u06d2 \u062f\u0631\u06a9\u0627\u0631 \u062a\u0645\u0627\u0645 \u0642\u0633\u0645 \u06a9\u06d2 \u0622\u0644\u0627\u062a (\u06c1\u0627\u0631\u0646\u0633\u060c \u06c1\u06cc\u0644\u0645\u0679 \u0648\u063a\u06cc\u0631\u06c1) \u062d\u0627\u0635\u0644 \u06a9\u0631\u0646\u06d2 \u06a9\u06d2 \u0628\u0639\u062f\u060c \u0633\u0645\u0627\u0646\u0627 \u06a9\u06d2 \u0645\u0631\u0637\u0648\u0628 \u0646\u0627\u0631\u06cc\u0644 \u0627\u0648\u0631 \u06a9\u0648\u06a9\u0648 \u06a9\u06d2 \u062c\u0646\u06af\u0644 \u0645\u06cc\u06ba \u062a\u06be\u0648\u0691\u0627 \u0633\u0627 \u067e\u06cc\u062f\u0644 \u0686\u0644\u0646\u0627 \u0634\u0631\u0648\u0639 \u06c1\u0648 \u062c\u0627\u0626\u06d2 \u06af\u0627\u06d4<\/p>\n<p>El recorrido, organizado por \u00abBooking Adventures\u00bb comienza en el punto de encuentro establecido con el gu\u00eda tur\u00edstico. Con una caba\u00f1a de la zona, donde reciben a los invitados con una degustaci\u00f3n de chocolate y caf\u00e9 org\u00e1nico y un trago de Mamajuana tambi\u00e9n. La emoci\u00f3n comienza en el momento en que los gu\u00edas de Zip-Line comienzan a colocar todo el equipo regulador en cada Zipliner y explican paso a paso qu\u00e9 hacer en la Zip Line. Se requerir\u00e1 el uso de cascos de seguridad con arn\u00e9s doble &#8230; la adrenalina comienza a surtir efecto, suda e incluso se arrepiente para ver la distancia del primer salto. Espere y participe en la \u00abl\u00ednea de seguridad\u00bb en el cable de acero, as\u00ed que es hora de liberar su cuerpo, experimentar la sensaci\u00f3n de volar, volar de plataforma en plataforma y disfrutar del aire con una vista privilegiada de las monta\u00f1as exuberantes, antiguas y tropicales. .<\/p>\n<p>\u0645\u06c1\u0645 \u062c\u0648\u0626\u06cc \u06a9\u06cc \u0628\u06a9\u0646\u06af\u060c Zip-Line el Valle 12 \u067e\u0644\u06cc\u0679 \u0641\u0627\u0631\u0645\u0632 \u067e\u0631 \u0645\u0634\u062a\u0645\u0644 \u06c1\u06d2 \u062c\u0648 \u062a\u06cc\u0646 \u0627\u0633\u0679\u06cc\u0644 \u06a9\u06cc\u0628\u0644\u0632 \u06a9\u06d2 \u0630\u0631\u06cc\u0639\u06d2 \u06a9\u0644 7,400 \u0641\u0679 \u06a9\u06cc\u0628\u0644\u0632 \u06a9\u06d2 \u0644\u06cc\u06d2 \u0622\u067e\u0633 \u0645\u06cc\u06ba \u062c\u0691\u06d2 \u06c1\u0648\u0626\u06d2 \u06c1\u06cc\u06ba\u060c \u062c\u0646 \u0645\u06cc\u06ba \u0633\u06d2 \u06c1\u0631 \u0627\u06cc\u06a9 \u06a9\u0648 13 \u06c1\u0632\u0627\u0631 \u067e\u0627\u0624\u0646\u0688 \u06a9\u06cc \u0645\u062f\u062f \u0645\u0644\u062a\u06cc \u06c1\u06d2\u060c \u062c\u06c1\u0627\u06ba \u0645\u06c1\u0645 \u062c\u0648\u0626\u06cc \u067e\u06c1\u0644\u06d2 \u06a9\u0634\u062a\u06cc \u0633\u06d2 \u0645\u062a\u0627\u062b\u0631 \u067e\u0644\u06cc\u0679 \u0641\u0627\u0631\u0645 \u0642\u0632\u0627\u0642\u0648\u06ba \u0633\u06d2 \u0634\u0631\u0648\u0639 \u06c1\u0648\u062a\u06cc \u06c1\u06d2 \u0627\u0648\u0631 \u0627\u06cc\u06a9 \u0641\u0627\u0635\u0644\u06c1 \u0637\u06d2 \u06a9\u0631\u062a\u06cc \u06c1\u06d2\u06d4 \u062f\u0648\u0633\u0631\u06d2 \u067e\u0644\u06cc\u0679 \u0641\u0627\u0631\u0645 \u0633\u06d2 1,000 \u0641\u0679\u060c 400 \u0641\u0679 \u0633\u06d2 \u0632\u06cc\u0627\u062f\u06c1 \u06a9\u06cc \u0627\u0648\u0646\u0686\u0627\u0626\u06cc \u067e\u0631\u06d4 \u067e\u06cc\u0631\u0648\u06cc\u0679\u060c \u062c\u0648\u0634 \u06a9\u06d2 \u0633\u0627\u062a\u06be \u0686\u06cc\u062e\u06cc\u06ba \u06cc\u0627 \u0635\u0631\u0641 360 \u0688\u06af\u0631\u06cc \u06a9\u06d2 \u0632\u0627\u0648\u06cc\u06d2 \u067e\u0631 \u0627\u067e\u0646\u06cc \u0622\u0646\u06a9\u06be\u0648\u06ba \u06a9\u0648 \u0628\u06be\u0679\u06a9\u0627\u0626\u06cc\u06ba\u060c \u067e\u06c1\u0627\u0691\u0648\u06ba \u06a9\u06d2 \u0642\u0644\u0628 \u0645\u06cc\u06ba \u0627\u06af\u0646\u06d2 \u0648\u0627\u0644\u06d2 \u0627\u0646\u062a\u06c1\u0627\u0626\u06cc \u0633\u0631\u0633\u0628\u0632 \u0627\u0634\u0646\u06a9\u0679\u0628\u0646\u062f\u06cc\u06cc \u062c\u0646\u06af\u0644 \u06a9\u0648 \u062f\u0631\u06cc\u0627\u0641\u062a \u06a9\u0631\u06cc\u06ba\u06d4<\/p>\n<p>\u0628\u06c1\u062a \u0633\u0627\u0631\u06d2 \u0627\u0633\u0679\u06cc\u0634\u0646\u0648\u06ba \u06a9\u06d2 \u0644\u0626\u06d2 \u06a9\u06cc\u0628\u0644\u0632 \u067e\u0631 \u0633\u0648\u0627\u0631 \u06c1\u0648\u06ba \u0627\u0648\u0631 \u0627\u06cc\u0644 \u0648\u06cc\u0644\u06d2 \u0628\u06cc\u0686 \u067e\u0631 \u062e\u062a\u0645 \u06c1\u0648\u06ba\u06d4 \u06cc\u06c1 \u0633\u0627\u062d\u0644 \u0633\u0645\u0627\u0646\u0627 \u0645\u06cc\u06ba \u0633\u0628 \u0633\u06d2 \u062e\u0648\u0628\u0635\u0648\u0631\u062a \u0645\u06cc\u06ba \u0633\u06d2 \u0627\u06cc\u06a9 \u06c1\u06d2 \u0627\u0648\u0631 \u0639\u0627\u0645 \u0637\u0648\u0631 \u067e\u0631 \u0622\u0633 \u067e\u0627\u0633 \u06a9\u06d2 \u0639\u0644\u0627\u0642\u06d2 \u0645\u06cc\u06ba \u0632\u06cc\u0627\u062f\u06c1 \u0644\u0648\u06af \u0646\u06c1\u06cc\u06ba \u0622\u062a\u06d2 \u06c1\u06cc\u06ba\u06d4<\/p>\n<p>\u0633\u0627\u062d\u0644 \u0633\u0645\u0646\u062f\u0631 \u067e\u0631 \u062f\u0648\u067e\u06c1\u0631 \u06a9\u0627 \u06a9\u06be\u0627\u0646\u0627 \u06a9\u06be\u0627\u0626\u06cc\u06ba \u0627\u0648\u0631 \u0622\u067e \u062c\u0628 \u062a\u06a9 \u062a\u06cc\u0631\u0627\u06a9\u06cc \u06a9\u0631\u0646\u0627 \u0686\u0627\u06c1\u06cc\u06ba \u0679\u06be\u06c1\u0631 \u0633\u06a9\u062a\u06d2 \u06c1\u06cc\u06ba\u06d4 \u062a\u0644\u06cc \u06c1\u0648\u0626\u06cc \u0645\u0686\u06be\u0644\u06cc \u0627\u0648\u0631 \u0679\u0648\u0633\u0679\u0648\u0646 \u067e\u06cc\u0634 \u06a9\u06cc\u06d2 \u06af\u0626\u06d2! \u0627\u06af\u0631 \u0622\u067e \u0648\u06cc\u06af\u0646 \u06c1\u06cc\u06ba\u060c \u062a\u0648 \u06c1\u0645 \u0622\u067e \u06a9\u06d2 \u0644\u06cc\u06d2 \u06a9\u0686\u06be \u06a9\u06be\u0627\u0646\u0627 \u0628\u06be\u06cc \u062a\u06cc\u0627\u0631 \u06a9\u0631 \u0633\u06a9\u062a\u06d2 \u06c1\u06cc\u06ba\u06d4<\/p>\n<h3><em>\u0622\u067e \u06a9\u0648 \u06a9\u06cc\u0627 \u0644\u0627\u0646\u0627 \u0686\u0627\u06c1\u0626\u06d2\u061f<\/em><\/h3>\n<ul>\n<li>\u06a9\u06cc\u0645\u0631\u06c1<\/li>\n<li>\u0628\u06be\u06af\u0627\u0646\u06d2 \u0648\u0627\u0644\u06d2<\/li>\n<li>\u0633\u0646\u0633\u06a9\u0631\u06cc\u0646<\/li>\n<li>\u0679\u0648\u067e\u06cc<\/li>\n<li>\u0622\u0631\u0627\u0645 \u062f\u06c1 \u067e\u062a\u0644\u0648\u0646<\/li>\n<li>\u062c\u0646\u06af\u0644 \u0645\u06cc\u06ba \u067e\u06cc\u062f\u0644 \u0633\u0641\u0631 \u06a9\u06d2 \u062c\u0648\u062a\u06d2<\/li>\n<li>\u0633\u0627\u062d\u0644 \u0633\u0645\u0646\u062f\u0631 \u067e\u0631 \u0633\u06cc\u0646\u0688\u0644<\/li>\n<li>\u067e\u06cc\u0631\u0627\u06a9\u06cc \u06a9\u0627 \u0644\u0628\u0627\u0633<\/li>\n<\/ul>\n<h3><em>\u06c1\u0648\u0679\u0644 \u067e\u06a9 \u0627\u067e<\/em><\/h3>\n<p>\u0627\u0633 \u0679\u0648\u0631 \u06a9\u06d2 \u0644\u06cc\u06d2 \u06c1\u0648\u0679\u0644 \u067e\u06a9 \u0627\u067e \u06a9\u06cc \u067e\u06cc\u0634\u06a9\u0634 \u0646\u06c1\u06cc\u06ba \u06a9\u06cc \u062c\u0627\u062a\u06cc \u06c1\u06d2\u06d4<\/p>\n<p><strong>\u0646\u0648\u0679:<\/strong> \u0627\u06af\u0631 \u0622\u067e \u0679\u0648\u0631\/ \u0633\u06cc\u0631 \u06a9\u06cc \u0631\u0648\u0627\u0646\u06af\u06cc \u06a9\u06d2 \u0648\u0642\u062a \u06a9\u06d2 24 \u06af\u06be\u0646\u0679\u0648\u06ba \u06a9\u06d2 \u0627\u0646\u062f\u0631 \u0628\u06a9 \u06a9\u0631\u062a\u06d2 \u06c1\u06cc\u06ba\u060c \u062a\u0648 \u06c1\u0645 \u0627\u0636\u0627\u0641\u06cc \u0686\u0627\u0631\u062c\u0632 \u06a9\u06d2 \u0633\u0627\u062a\u06be \u06c1\u0648\u0679\u0644 \u067e\u06a9 \u0627\u067e \u06a9\u0627 \u0628\u0646\u062f\u0648\u0628\u0633\u062a \u06a9\u0631 \u0633\u06a9\u062a\u06d2 \u06c1\u06cc\u06ba\u06d4 \u0627\u06cc\u06a9 \u0628\u0627\u0631 \u062c\u0628 \u0622\u067e \u06a9\u06cc \u062e\u0631\u06cc\u062f\u0627\u0631\u06cc \u0645\u06a9\u0645\u0644 \u06c1\u0648 \u062c\u0627\u0626\u06d2 \u06af\u06cc\u060c \u06c1\u0645 \u0622\u067e \u06a9\u0648 \u067e\u06a9 \u0627\u067e \u06a9\u06d2 \u0627\u0646\u062a\u0638\u0627\u0645\u0627\u062a \u06a9\u0631\u0646\u06d2 \u06a9\u06d2 \u0644\u06cc\u06d2 \u0627\u067e\u0646\u06d2 \u0645\u0642\u0627\u0645\u06cc \u0679\u0648\u0631 \u06af\u0627\u0626\u06cc\u0688 \u06a9\u06d2 \u0644\u06cc\u06d2 \u0631\u0627\u0628\u0637\u06c1 \u06a9\u06cc \u0645\u06a9\u0645\u0644 \u0645\u0639\u0644\u0648\u0645\u0627\u062a (\u0641\u0648\u0646 \u0646\u0645\u0628\u0631\u060c \u0627\u06cc \u0645\u06cc\u0644 \u0627\u06cc\u0688\u0631\u06cc\u0633 \u0648\u063a\u06cc\u0631\u06c1) \u0628\u06be\u06cc\u062c\u06cc\u06ba \u06af\u06d2\u06d4<\/p>\n<h3><em>\u0627\u0636\u0627\u0641\u06cc \u0645\u0639\u0644\u0648\u0645\u0627\u062a \u06a9\u06cc \u062a\u0635\u062f\u06cc\u0642<\/em><\/h3>\n<ul>\n<li>\u0679\u06a9\u0679 \u0627\u0633 \u0679\u0648\u0631 \u06a9\u06cc \u0627\u062f\u0627\u0626\u06cc\u06af\u06cc \u06a9\u06d2 \u0628\u0639\u062f \u06a9\u06cc \u0631\u0633\u06cc\u062f \u06c1\u06cc\u06ba\u06d4 \u0622\u067e \u0627\u067e\u0646\u06d2 \u0641\u0648\u0646 \u067e\u0631 \u0627\u062f\u0627\u0626\u06cc\u06af\u06cc \u062f\u06a9\u06be\u0627 \u0633\u06a9\u062a\u06d2 \u06c1\u06cc\u06ba\u06d4<\/li>\n<li>\u0631\u06cc\u0632\u0631\u0648\u06cc\u0634\u0646 \u06a9\u06d2 \u0639\u0645\u0644 \u06a9\u06d2 \u0628\u0639\u062f \u0645\u06cc\u0679\u0646\u06af \u067e\u0648\u0627\u0626\u0646\u0679 \u0645\u0648\u0635\u0648\u0644 \u06c1\u0648\u06af\u0627\u06d4<\/li>\n<li>\u0628\u0686\u0648\u06ba \u06a9\u06d2 \u0633\u0627\u062a\u06be \u0627\u06cc\u06a9 \u0628\u0627\u0644\u063a \u06a9\u0627 \u06c1\u0648\u0646\u0627 \u0636\u0631\u0648\u0631\u06cc \u06c1\u06d2\u06d4<\/li>\n<li>\u0634\u0631\u06a9\u0627\u0621 \u06a9\u0627 \u0648\u0632\u0646 \u06a9\u0645 \u0627\u0632 \u06a9\u0645 45 \u067e\u0627\u0624\u0646\u0688 \u06c1\u0648\u0646\u0627 \u0686\u0627\u06c1\u06cc\u06d2\u06d4<\/li>\n<li>\u0632\u06cc\u0627\u062f\u06c1 \u0633\u06d2 \u0632\u06cc\u0627\u062f\u06c1 \u0648\u0632\u0646 \u0646\u06c1\u06cc\u06ba\u060c \u0644\u06cc\u06a9\u0646 \u06c1\u0627\u0631\u0646\u0633 \u0622\u067e \u06a9\u06d2 \u062c\u0633\u0645 \u06a9\u06d2 \u0645\u0637\u0627\u0628\u0642 \u06c1\u0648\u0646\u06d2 \u0686\u0627\u06c1\u0626\u06cc\u06ba\u06d4 (\u0633\u0627\u0626\u0632 54 \u06a9\u0645\u0631 \u0632\u06cc\u0627\u062f\u06c1 \u0633\u06d2 \u0632\u06cc\u0627\u062f\u06c1)<\/li>\n<li>\u0622\u067e \u0628\u0686\u0648\u06ba \u06a9\u06d2 \u0633\u0627\u062a\u06be \u06cc\u0627 \u06a9\u0633\u06cc \u062e\u0627\u0635 \u06a9\u06d2 \u0633\u0627\u062a\u06be \u0688\u0628\u0644 \u0632\u067e \u06a9\u0631 \u0633\u06a9\u062a\u06d2 \u06c1\u06cc\u06ba\u06d4<\/li>\n<\/ul>\n<p><strong>\u0646\u0648\u0679:<\/strong> \u067e\u06c1\u0644\u06d2 \u067e\u0644\u06cc\u0679 \u0641\u0627\u0631\u0645 \u062a\u06a9 \u067e\u06c1\u0646\u0686\u0646\u06d2 \u06a9\u06d2 \u0644\u06cc\u06d2 \u0628\u062c\u0631\u06cc \u06a9\u06cc \u06a9\u06be\u0691\u06cc \u067e\u06c1\u0627\u0691\u06cc \u067e\u0631 100 \u06af\u0632 \u067e\u06cc\u062f\u0644 \u0686\u0644\u0646\u0627 \u06c1\u06d2\u06d4<\/p>\n<ul>\n<li>\u0648\u06c1\u06cc\u0644 \u0686\u06cc\u0626\u0631 \u0642\u0627\u0628\u0644 \u0631\u0633\u0627\u0626\u06cc \u0646\u06c1\u06cc\u06ba \u06c1\u06d2\u06d4<\/li>\n<li>\u0634\u06cc\u0631 \u062e\u0648\u0627\u0631 \u0628\u0686\u0648\u06ba \u06a9\u0648 \u0627\u06cc\u06a9 \u0628\u0627\u0644\u063a \u06a9\u06d2 \u0633\u0627\u062a\u06be \u0628\u06cc\u0679\u06be\u0646\u0627 \u0686\u0627\u06c1\u06cc\u06d2\u06d4<\/li>\n<li>\u06a9\u0645\u0631 \u06a9\u06cc \u067e\u0631\u06cc\u0634\u0627\u0646\u06cc\u0648\u06ba \u0648\u0627\u0644\u06d2 \u0645\u0633\u0627\u0641\u0631\u0648\u06ba \u06a9\u06d2 \u0644\u0626\u06d2 \u0633\u0641\u0627\u0631\u0634 \u0646\u06c1\u06cc\u06ba \u06a9\u06cc \u062c\u0627\u062a\u06cc \u06c1\u06d2\u06d4<\/li>\n<li>\u062d\u0627\u0645\u0644\u06c1 \u062e\u0648\u0627\u062a\u06cc\u0646 \u06a9\u06d2 \u0644\u0626\u06d2 \u0633\u0641\u0627\u0631\u0634 \u0646\u06c1\u06cc\u06ba \u06a9\u06cc \u062c\u0627\u062a\u06cc \u06c1\u06d2.<\/li>\n<li>\u062f\u0644 \u06a9\u06cc \u06a9\u0648\u0626\u06cc \u067e\u0631\u06cc\u0634\u0627\u0646\u06cc \u06cc\u0627 \u062f\u06cc\u06af\u0631 \u0633\u0646\u06af\u06cc\u0646 \u0637\u0628\u06cc \u062d\u0627\u0644\u0627\u062a \u0646\u06c1\u06cc\u06ba\u06d4<\/li>\n<li>\u0632\u06cc\u0627\u062f\u06c1 \u062a\u0631 \u0645\u0633\u0627\u0641\u0631 \u0634\u0631\u06a9\u062a \u06a9\u0631 \u0633\u06a9\u062a\u06d2 \u06c1\u06cc\u06ba\u06d4<\/li>\n<\/ul>\n<h3><em>\u0645\u0646\u0633\u0648\u062e \u06a9\u0631\u0646\u06d2 \u06a9\u06cc \u062d\u06a9\u0645\u062a \u0639\u0645\u0644\u06cc<\/em><\/h3>\n<p>\u0645\u06a9\u0645\u0644 \u0631\u0642\u0645 \u06a9\u06cc \u0648\u0627\u067e\u0633\u06cc \u06a9\u06d2 \u0644\u06cc\u06d2\u060c \u0633\u0631\u06af\u0631\u0645\u06cc \u0634\u0631\u0648\u0639 \u06c1\u0648\u0646\u06d2 \u06a9\u06cc \u062a\u0627\u0631\u06cc\u062e \u0633\u06d2 \u06a9\u0645 \u0627\u0632 \u06a9\u0645 24 \u06af\u06be\u0646\u0679\u06d2 \u067e\u06c1\u0644\u06d2 \u0645\u0646\u0633\u0648\u062e \u06a9\u0631\u06cc\u06ba\u06d4<\/p>\n\n\t\t<\/div>\n\t<\/div>\n<\/div><\/div><\/div><\/div><div class=\"vc_row wpb_row vc_row-fluid\" ><div class=\"wpb_column vc_column_container vc_col-sm-12\"><div class=\"vc_column-inner\"><div class=\"wpb_wrapper\">\n\t<div class=\"wpb_text_column wpb_content_element\" >\n\t\t<div class=\"wpb_wrapper\">\n\t\t\t<h4>\u06c1\u0645 \u0633\u06d2 \u0631\u0627\u0628\u0637\u06c1 \u06a9\u0631\u06cc\u06ba!<\/h4>\n<h5>\u0627\u06cc\u0688\u0648\u0646\u0686\u0631 \u0631\u06cc\u0632\u0631\u0648<\/h5>\n<p><em>\u0633\u06cc\u0627\u062d\u062a\u06cc \u0631\u06c1\u0646\u0645\u0627\u060c \u0633\u06cc\u0627\u062d\u062a\u06cc \u0631\u06c1\u0628\u0631 <strong>\u0645\u0642\u0627\u0645\u06cc<\/strong> \u0627\u0648\u0631 <strong>\u0642\u0648\u0645\u06cc<\/strong> \u0627\u0648\u0631 \u0645\u06c1\u0645\u0627\u0646\u0648\u06ba \u06a9\u06cc \u062e\u062f\u0645\u0627\u062a<\/em><\/p>\n<p>\u0631\u06cc\u0632\u0631\u0648\u06cc\u0634\u0646\u0632: \u0688\u0648\u0645 \u0645\u06cc\u06ba \u0679\u0648\u0631 \u0627\u0648\u0631 \u0633\u06cc\u0631\u06d4<\/p>\n<p>Tel\/Whatsapp +1-809-720-6035\u06d4<\/p>\n<p>info@bookingadventures.com.do<\/p>\n<p>\u06c1\u0645 \u0648\u0627\u0679\u0633 \u0627\u06cc\u067e \u06a9\u06d2 \u0630\u0631\u06cc\u0639\u06d2 \u0644\u0686\u06a9\u062f\u0627\u0631 \u062a\u0631\u062a\u06cc\u0628 \u06a9\u06d2 \u0633\u0627\u062a\u06be \u0646\u062c\u06cc \u062f\u0648\u0631\u06d2 \u06a9\u0631\u062a\u06d2 \u06c1\u06cc\u06ba:<strong>\u00a0<a href=\"tel:+18097206035\">+18097206035.<\/a><\/strong><\/p>\n\n\t\t<\/div>\n\t<\/div>\n<div class=\"vc_empty_space\"   style=\"height: 32px\"><span class=\"vc_empty_space_inner\"><\/span><\/div><\/div><\/div><\/div><\/div>","protected":false},"excerpt":{"rendered":"<p>\u0633\u0645\u0627\u0646\u0627\u060c \u0627\u06cc\u0644 \u0648\u06cc\u0644\u06d2 \u0645\u06cc\u06ba \u0632\u067e \u0644\u0627\u0626\u0646 \u06a9\u06d2 \u0639\u0644\u0627\u0648\u06c1 \u0633\u0627\u062d\u0644 \u0633\u0645\u0646\u062f\u0631 \u067e\u0631 \u0644\u0646\u0686\u06d4 \u06c1\u0645\u0627\u0631\u06d2 \u0633\u0627\u062a\u06be \u0622\u0626\u06cc\u06ba \u0627\u0648\u0631 \u06a9\u06cc\u0631\u06cc\u0628\u06cc\u0646 \u06a9\u06cc \u0633\u0628 \u0633\u06d2 \u0644\u0645\u0628\u06cc \u0632\u067e \u0644\u0627\u0626\u0646\u0648\u06ba\u060c 12 \u0644\u0627\u0626\u0646\u0648\u06ba\u060c 13 \u0627\u0633\u0679\u06cc\u0634\u0646\u0648\u06ba \u0627\u0648\u0631 7,400 \u0641\u0679 \u0633\u06d2 \u0632\u06cc\u0627\u062f\u06c1 \u06a9\u06cc\u0628\u0644 \u067e\u0631 \u062c\u0627\u0626\u06cc\u06ba!<\/p>\n<p>\u0627\u0633 \u062a\u062c\u0631\u0628\u06d2 \u06a9\u06d2 \u0628\u0639\u062f \u0622\u067e \u06a9\u0648 \u0633\u0627\u062d\u0644 \u0633\u0645\u0646\u062f\u0631 \u06a9\u0627 \u0648\u0642\u062a \u0627\u0648\u0631 \u0633\u0627\u062d\u0644 \u0633\u0645\u0646\u062f\u0631 \u067e\u0631 \u0645\u0642\u0627\u0645\u06cc \u0644\u0646\u0686 \u0645\u0644\u06d2 \u06af\u0627\u06d4<\/p>\n<p><em><strong>\u0628\u0631\u0627\u06c1 \u06a9\u0631\u0645 \u0679\u0648\u0631 \u06a9\u06d2 \u0644\u06cc\u06d2 \u062a\u0627\u0631\u06cc\u062e \u0645\u0646\u062a\u062e\u0628 \u06a9\u0631\u06cc\u06ba:<\/strong><\/em><\/p>","protected":false},"featured_media":132,"template":"","meta":[],"product_brand":[],"product_cat":[96,135,122,443,123,124],"product_tag":[138,157,158,142,147,148,143,159,160,161],"class_list":{"0":"post-607","1":"product","2":"type-product","3":"status-publish","4":"has-post-thumbnail","6":"product_cat-hiking","7":"product_cat-lunch","8":"product_cat-tours-and-excursions","9":"product_cat-tours-y-excursiones-es","10":"product_cat-tours-excursions-los-haitises-national-park","11":"product_cat-tours-excursions-samana-bay-dominican-republic","12":"product_tag-beach-time","13":"product_tag-el-valle-beach","14":"product_tag-playa-el-valle","15":"product_tag-samana","16":"product_tag-samana-bay","17":"product_tag-samana-excursions","18":"product_tag-samana-tours","19":"product_tag-tours-dominican-republic","20":"product_tag-zip-line","21":"product_tag-zip-line-samana","23":"first","24":"instock","25":"sale","26":"sold-individually","27":"shipping-taxable","28":"product-type-external"},"_links":{"self":[{"href":"https:\/\/visitaloshaitises.com\/ur\/wp-json\/wp\/v2\/product\/607","targetHints":{"allow":["GET"]}}],"collection":[{"href":"https:\/\/visitaloshaitises.com\/ur\/wp-json\/wp\/v2\/product"}],"about":[{"href":"https:\/\/visitaloshaitises.com\/ur\/wp-json\/wp\/v2\/types\/product"}],"wp:featuredmedia":[{"embeddable":true,"href":"https:\/\/visitaloshaitises.com\/ur\/wp-json\/wp\/v2\/media\/132"}],"wp:attachment":[{"href":"https:\/\/visitaloshaitises.com\/ur\/wp-json\/wp\/v2\/media?parent=607"}],"wp:term":[{"taxonomy":"product_brand","embeddable":true,"href":"https:\/\/visitaloshaitises.com\/ur\/wp-json\/wp\/v2\/product_brand?post=607"},{"taxonomy":"product_cat","embeddable":true,"href":"https:\/\/visitaloshaitises.com\/ur\/wp-json\/wp\/v2\/product_cat?post=607"},{"taxonomy":"product_tag","embeddable":true,"href":"https:\/\/visitaloshaitises.com\/ur\/wp-json\/wp\/v2\/product_tag?post=607"}],"curies":[{"name":"wp","href":"https:\/\/api.w.org\/{rel}","templated":true}]}}