{"id":597,"date":"2020-07-03T18:18:34","date_gmt":"2020-07-03T18:18:34","guid":{"rendered":"https:\/\/haitises.com\/?post_type=product&#038;p=597"},"modified":"2024-04-16T18:07:59","modified_gmt":"2024-04-16T18:07:59","slug":"excursion-de-medio-dia-de-observacion-de-ballenas","status":"publish","type":"product","link":"https:\/\/visitaloshaitises.com\/uk\/private\/excursion-de-medio-dia-de-observacion-de-ballenas\/","title":{"rendered":"Excursi\u00f3n de medio d\u00eda de Observaci\u00f3n de Ballenas"},"content":{"rendered":"<div class=\"vc_row wpb_row vc_row-fluid\" ><div class=\"wpb_column vc_column_container vc_col-sm-12\"><div class=\"vc_column-inner\"><div class=\"wpb_wrapper\"><div class=\"mkdf-section-title-holder\" style=\"text-align: left\">\n\t<div class=\"mkdf-st-inner\">\n\t\t\t\t\t<h5 class=\"mkdf-st-subtitle\" >\n\t\t\t\tMa\u00f1ana o tarde\t\t\t<\/h5>\n\t\t\t\t\t\t\t<\/div>\n<\/div><\/div><\/div><\/div><\/div><div class=\"vc_row wpb_row vc_row-fluid\" ><div class=\"wpb_column vc_column_container vc_col-sm-12\"><div class=\"vc_column-inner\"><div class=\"wpb_wrapper\">\n\t<div class=\"wpb_text_column wpb_content_element\" >\n\t\t<div class=\"wpb_wrapper\">\n\t\t\t<h2>Excursi\u00f3n de Avistamiento de ballenas de medio d\u00eda Saman\u00e1 en catamar\u00e1n<\/h2>\n<h3>\u043e\u043f\u0438\u0441<\/h3>\n<p>Despu\u00e9s de abordar la embarcaci\u00f3n para visitar a las ballenas en su propio h\u00e1bitat. Nuestros capitanes est\u00e1n entrenados para asegurarse de que vean ballenas.<\/p>\n<p>De 9:00 a.m. a 12: 00 a mediod\u00eda o privado m\u00ednimo 4 personas de 1:00 p.m. a 3:30 p.m. Observatorio o avistamiento de ballenas y despu\u00e9s de este viaje de observaci\u00f3n de ballenas, volvemos al puerto principal de Saman\u00e1.<\/p>\n<p><strong>Nota<\/strong>: Este tour no es privado. Si desea establecer un recorrido privado, cont\u00e1ctenos.<\/p>\n<ul>\n<li>Avistamiento de ballenas<\/li>\n<li>Transferencia de catamar\u00e1n en barco<\/li>\n<li>El Capit\u00e1n proporciona instrucci\u00f3n y supervisi\u00f3n.<\/li>\n<li>Gu\u00eda tur\u00edstico<\/li>\n<\/ul>\n<h3><em>\u0412\u043a\u043b\u044e\u0447\u0435\u043d\u043d\u044f \u0442\u0430 \u0432\u0438\u043a\u043b\u044e\u0447\u0435\u043d\u043d\u044f<\/em><\/h3>\n<h4>\u0432\u043a\u043b\u044e\u0447\u0435\u043d\u043d\u044f<\/h4>\n<ol>\n<li>Gu\u00eda tur\u00edstico<\/li>\n<li>Catamar\u00e1n o paseo en barco<\/li>\n<li>Todos los impuestos, tarifas y cargos por manejo<\/li>\n<li>\u041c\u0456\u0441\u0446\u0435\u0432\u0456 \u043f\u043e\u0434\u0430\u0442\u043a\u0438<\/li>\n<li>\u041d\u0430\u043f\u043e\u0457<\/li>\n<li>Tabletas de Dramamine (Opcional)<\/li>\n<li>Tasas de entrada al Santuario. (Pulsera)<\/li>\n<\/ol>\n<h4>\u0412\u0438\u043d\u044f\u0442\u043a\u0438<\/h4>\n<ol>\n<li>\u041f\u043e\u0440\u0430\u0434\u0438<\/li>\n<li>\u0422\u0440\u0430\u043d\u0441\u0444\u0435\u0440\u043d\u0438\u0439 \u0430\u0432\u0442\u043e\u043c\u043e\u0431\u0456\u043b\u044c<\/li>\n<li>\u0410\u043b\u043a\u043e\u0433\u043e\u043b\u044c\u043d\u0456 \u043d\u0430\u043f\u043e\u0457<\/li>\n<\/ol>\n<h3>\u0412\u0456\u0434&#039;\u0457\u0437\u0434 \u0456 \u043f\u043e\u0432\u0435\u0440\u043d\u0435\u043d\u043d\u044f<\/h3>\n<p>El viajero obtendr\u00e1 un punto de encuentro despu\u00e9s del proceso de reserva. Los tours comienzan y finalizan en nuestros puntos de encuentro.<\/p>\n<p>Avistamiento de ballenas de medio d\u00eda Saman\u00e1 en catamar\u00e1n.<\/p>\n<h3><em>\u0427\u043e\u0433\u043e \u043e\u0447\u0456\u043a\u0443\u0432\u0430\u0442\u0438?<\/em><\/h3>\n<p>Obtenga sus boletos para un viaje de medio d\u00eda de avistamiento de ballenas en la bah\u00eda de Saman\u00e1.<\/p>\n<p>El viaje de avistamiento de ballenas de medio d\u00eda, organizado por \u00abBooking Adventures\u00bb comienza en el punto de encuentro establecido con el gu\u00eda tur\u00edstico. El almuerzo en la playa no est\u00e1 incluido en este tour.<\/p>\n<p><strong>Horario:<\/strong><\/p>\n<p>8:45 AM &#8211; 12: 30 PM<\/p>\n<p>1: 00 Pm &#8211; 3: 30 PM. (Normalmente puede ser un viaje privado m\u00ednimo 4 personas o cont\u00e1ctenos).<\/p>\n<p>El tiempo puede cambiar dependiendo de cu\u00e1ntas ballenas vemos.<\/p>\n<h3><em>\u0429\u043e \u043f\u043e\u0442\u0440\u0456\u0431\u043d\u043e \u0432\u0437\u044f\u0442\u0438 \u0437 \u0441\u043e\u0431\u043e\u044e?<\/em><\/h3>\n<ul>\n<li>\u041a\u0430\u043c\u0435\u0440\u0430<\/li>\n<li>\u0420\u0435\u043f\u0435\u043b\u0435\u043d\u0442\u0438<\/li>\n<li>\u0441\u043e\u043d\u0446\u0435\u0437\u0430\u0445\u0438\u0441\u043d\u0438\u0439 \u043a\u0440\u0435\u043c<\/li>\n<li>\u041a\u0430\u043f\u0435\u043b\u044e\u0445<\/li>\n<li>\u0417\u0440\u0443\u0447\u043d\u0456 \u0448\u0442\u0430\u043d\u0438<\/li>\n<li>\u041a\u0443\u043f\u0430\u043b\u044c\u043d\u0438\u043a<\/li>\n<li>Efectivo para souvenirs<\/li>\n<\/ul>\n<h3><em>\u0422\u0440\u0430\u043d\u0441\u0444\u0435\u0440 \u0437 \u0433\u043e\u0442\u0435\u043b\u044e<\/em><\/h3>\n<p>\u0422\u0440\u0430\u043d\u0441\u0444\u0435\u0440 \u0437 \u0433\u043e\u0442\u0435\u043b\u044e \u0434\u043b\u044f \u0446\u044c\u043e\u0433\u043e \u0442\u0443\u0440\u0443 \u043d\u0435 \u043d\u0430\u0434\u0430\u0454\u0442\u044c\u0441\u044f.<\/p>\n<p><strong>\u041f\u0440\u0438\u043c\u0456\u0442\u043a\u0430:<\/strong> \u042f\u043a\u0449\u043e \u0432\u0438 \u0431\u0440\u043e\u043d\u044e\u0454\u0442\u0435 \u043f\u0440\u043e\u0442\u044f\u0433\u043e\u043c 24 \u0433\u043e\u0434\u0438\u043d \u0434\u043e \u0447\u0430\u0441\u0443 \u0432\u0456\u0434\u043f\u0440\u0430\u0432\u043b\u0435\u043d\u043d\u044f \u0442\u0443\u0440\u0443\/\u0435\u043a\u0441\u043a\u0443\u0440\u0441\u0456\u0457, \u043c\u0438 \u043c\u043e\u0436\u0435\u043c\u043e \u043e\u0440\u0433\u0430\u043d\u0456\u0437\u0443\u0432\u0430\u0442\u0438 \u0442\u0440\u0430\u043d\u0441\u0444\u0435\u0440 \u0456\u0437 \u0433\u043e\u0442\u0435\u043b\u044e \u0437\u0430 \u0434\u043e\u0434\u0430\u0442\u043a\u043e\u0432\u0443 \u043f\u043b\u0430\u0442\u0443. \u041f\u0456\u0441\u043b\u044f \u0437\u0430\u0432\u0435\u0440\u0448\u0435\u043d\u043d\u044f \u043f\u043e\u043a\u0443\u043f\u043a\u0438 \u043c\u0438 \u043d\u0430\u0434\u0456\u0448\u043b\u0435\u043c\u043e \u0432\u0430\u043c \u043f\u043e\u0432\u043d\u0443 \u043a\u043e\u043d\u0442\u0430\u043a\u0442\u043d\u0443 \u0456\u043d\u0444\u043e\u0440\u043c\u0430\u0446\u0456\u044e (\u043d\u043e\u043c\u0435\u0440 \u0442\u0435\u043b\u0435\u0444\u043e\u043d\u0443, \u0430\u0434\u0440\u0435\u0441\u0443 \u0435\u043b\u0435\u043a\u0442\u0440\u043e\u043d\u043d\u043e\u0457 \u043f\u043e\u0448\u0442\u0438 \u0442\u043e\u0449\u043e), \u0449\u043e\u0431 \u043d\u0430\u0448 \u043c\u0456\u0441\u0446\u0435\u0432\u0438\u0439 \u0433\u0456\u0434 \u043c\u0456\u0433 \u043e\u0440\u0433\u0430\u043d\u0456\u0437\u0443\u0432\u0430\u0442\u0438 \u0442\u0440\u0430\u043d\u0441\u0444\u0435\u0440.<\/p>\n<h3><em>\u041f\u0456\u0434\u0442\u0432\u0435\u0440\u0434\u0436\u0435\u043d\u043d\u044f \u0434\u043e\u0434\u0430\u0442\u043a\u043e\u0432\u043e\u0457 \u0456\u043d\u0444\u043e\u0440\u043c\u0430\u0446\u0456\u0457<\/em><\/h3>\n<ul>\n<li>\u041a\u0432\u0438\u0442\u043a\u0438 \u0454 \u043a\u0432\u0438\u0442\u0430\u043d\u0446\u0456\u0454\u044e \u043f\u0456\u0441\u043b\u044f \u043e\u043f\u043b\u0430\u0442\u0438 \u0446\u044c\u043e\u0433\u043e \u0442\u0443\u0440\u0443. \u041f\u043e\u043a\u0430\u0437\u0430\u0442\u0438 \u043e\u043f\u043b\u0430\u0442\u0443 \u043c\u043e\u0436\u043d\u0430 \u043d\u0430 \u0442\u0435\u043b\u0435\u0444\u043e\u043d\u0456.<\/li>\n<li>\u041c\u0456\u0441\u0446\u0435 \u0437\u0443\u0441\u0442\u0440\u0456\u0447\u0456 \u0431\u0443\u0434\u0435 \u043e\u0442\u0440\u0438\u043c\u0430\u043d\u043e \u043f\u0456\u0441\u043b\u044f \u043f\u0440\u043e\u0446\u0435\u0441\u0443 \u0431\u0440\u043e\u043d\u044e\u0432\u0430\u043d\u043d\u044f.<\/li>\n<li>\u0414\u0456\u0442\u0438 \u043f\u043e\u0432\u0438\u043d\u043d\u0456 \u0431\u0443\u0442\u0438 \u0432 \u0441\u0443\u043f\u0440\u043e\u0432\u043e\u0434\u0456 \u0434\u043e\u0440\u043e\u0441\u043b\u043e\u0433\u043e.<\/li>\n<li>Accesible a silla de ruedas<\/li>\n<li>\u041d\u0435\u043c\u043e\u0432\u043b\u044f\u0442\u0430 \u043f\u043e\u0432\u0438\u043d\u043d\u0456 \u0441\u0438\u0434\u0456\u0442\u0438 \u0432 \u0434\u0438\u0442\u044f\u0447\u043e\u043c\u0443 \u043a\u0440\u0456\u0441\u043b\u0456 \u0430\u0431\u043e \u0437 \u0434\u043e\u0440\u043e\u0441\u043b\u0438\u043c<\/li>\n<li>\u0411\u0456\u043b\u044c\u0448\u0456\u0441\u0442\u044c \u043c\u0430\u043d\u0434\u0440\u0456\u0432\u043d\u0438\u043a\u0456\u0432 \u043c\u043e\u0436\u0443\u0442\u044c \u0431\u0440\u0430\u0442\u0438 \u0443\u0447\u0430\u0441\u0442\u044c.<\/li>\n<\/ul>\n<h3><em>\u041f\u043e\u043b\u0456\u0442\u0438\u043a\u0430 \u0441\u043a\u0430\u0441\u0443\u0432\u0430\u043d\u043d\u044f<\/em><\/h3>\n<p>\u0429\u043e\u0431 \u043e\u0442\u0440\u0438\u043c\u0430\u0442\u0438 \u043f\u043e\u0432\u043d\u0435 \u0432\u0456\u0434\u0448\u043a\u043e\u0434\u0443\u0432\u0430\u043d\u043d\u044f, \u0441\u043a\u0430\u0441\u0443\u0439\u0442\u0435 \u043f\u0440\u0438\u043d\u0430\u0439\u043c\u043d\u0456 \u0437\u0430 24 \u0433\u043e\u0434\u0438\u043d\u0438 \u0434\u043e \u0434\u0430\u0442\u0438 \u043f\u043e\u0447\u0430\u0442\u043a\u0443 \u0434\u043e\u0441\u0432\u0456\u0434\u0443.<\/p>\n<h3><em>\u0417\u0432&#039;\u044f\u0436\u0456\u0442\u044c\u0441\u044f \u0437 \u043d\u0430\u043c\u0438<\/em><br \/>\nTOUR BALLENAS SAMANA<\/h3>\n<p><em>\u041c\u0456\u0441\u0446\u0435\u0432\u0456 \u0442\u0430 \u043d\u0430\u0446\u0456\u043e\u043d\u0430\u043b\u044c\u043d\u0456 \u0435\u043a\u0441\u043a\u0443\u0440\u0441\u043e\u0432\u043e\u0434\u0438 \u0442\u0430 \u043e\u0431\u0441\u043b\u0443\u0433\u043e\u0432\u0443\u0432\u0430\u043d\u043d\u044f \u0433\u043e\u0441\u0442\u0435\u0439<\/em><\/p>\n<p>Reservas: Tours y Excursiones en Dom. Reps.<\/p>\n<p>\u0422\u0435\u043b\u0435\u0444\u043e\u043d\/Whatsapp +1-809-720-6035.<\/p>\n<p>info@bookingadventures.com.do<\/p>\n<p>\u0420\u043e\u0431\u0438\u043c\u043e \u043f\u0440\u0438\u0432\u0430\u0442\u043d\u0456 \u0442\u0443\u0440\u0438 \u0437 \u0433\u043d\u0443\u0447\u043a\u043e\u044e \u043a\u043e\u043d\u0444\u0456\u0433\u0443\u0440\u0430\u0446\u0456\u0454\u044e \u0447\u0435\u0440\u0435\u0437 Whatsapp: +18097206035.<\/p>\n\n\t\t<\/div>\n\t<\/div>\n<\/div><\/div><\/div><\/div>","protected":false},"excerpt":{"rendered":"<p>Avistamiento de ballenas de medio d\u00eda Bah\u00eda de Saman\u00e1, Rep\u00fablica Dominicana. Excursi\u00f3n de observaci\u00f3n de ballenas desde el puerto de Saman\u00e1 en un c\u00f3modo catamar\u00e1n. Reserve para la ma\u00f1ana o para la tarde excursiones para avistar ballenas. Reserve ahora esta excursi\u00f3n en la bah\u00eda de Saman\u00e1 para una buena experiencia de viaje de observaci\u00f3n de ballenas.<\/p>\n<p><em><strong>Por favor, seleccione la fecha de la excursi\u00f3n:<\/strong><\/em><\/p>","protected":false},"featured_media":427,"template":"","meta":[],"product_brand":[],"product_cat":[335,443,124,232],"product_tag":[336,201,271,234,235,236,337,338,238],"class_list":{"0":"post-597","1":"product","2":"type-product","3":"status-publish","4":"has-post-thumbnail","6":"product_cat-half-day-whale-watching-samana-in-catamaran","7":"product_cat-tours-y-excursiones-es","8":"product_cat-tours-excursions-samana-bay-dominican-republic","9":"product_cat-whale-watching-samana","10":"product_tag-half-day-whale-watching-samana-in-catamaran-morning-or-afternoon","11":"product_tag-private-tours-samana","12":"product_tag-samana-whale-watching","13":"product_tag-whale-samana","14":"product_tag-whale-tours","15":"product_tag-whale-watching-dominican-republic","16":"product_tag-whale-watching-las-galeras","17":"product_tag-whale-watching-las-terrenas","18":"product_tag-whale-watching-samana","20":"first","21":"instock","22":"sale","23":"sold-individually","24":"shipping-taxable","25":"product-type-external"},"_links":{"self":[{"href":"https:\/\/visitaloshaitises.com\/uk\/wp-json\/wp\/v2\/product\/597","targetHints":{"allow":["GET"]}}],"collection":[{"href":"https:\/\/visitaloshaitises.com\/uk\/wp-json\/wp\/v2\/product"}],"about":[{"href":"https:\/\/visitaloshaitises.com\/uk\/wp-json\/wp\/v2\/types\/product"}],"wp:featuredmedia":[{"embeddable":true,"href":"https:\/\/visitaloshaitises.com\/uk\/wp-json\/wp\/v2\/media\/427"}],"wp:attachment":[{"href":"https:\/\/visitaloshaitises.com\/uk\/wp-json\/wp\/v2\/media?parent=597"}],"wp:term":[{"taxonomy":"product_brand","embeddable":true,"href":"https:\/\/visitaloshaitises.com\/uk\/wp-json\/wp\/v2\/product_brand?post=597"},{"taxonomy":"product_cat","embeddable":true,"href":"https:\/\/visitaloshaitises.com\/uk\/wp-json\/wp\/v2\/product_cat?post=597"},{"taxonomy":"product_tag","embeddable":true,"href":"https:\/\/visitaloshaitises.com\/uk\/wp-json\/wp\/v2\/product_tag?post=597"}],"curies":[{"name":"wp","href":"https:\/\/api.w.org\/{rel}","templated":true}]}}