{"id":11319,"date":"2021-08-15T20:08:36","date_gmt":"2021-08-15T20:08:36","guid":{"rendered":"https:\/\/haitises.com\/?post_type=product&#038;p=11319"},"modified":"2021-08-15T20:08:42","modified_gmt":"2021-08-15T20:08:42","slug":"los-haitises-national-park-tour-from-samana-port-bacardi-island-cayo-levantado-2","status":"publish","type":"product","link":"https:\/\/visitaloshaitises.com\/uk\/private\/los-haitises-national-park-tour-from-samana-port-bacardi-island-cayo-levantado-2\/","title":{"rendered":"\u0415\u043a\u0441\u043a\u0443\u0440\u0441\u0456\u044f \u0434\u043e \u043d\u0430\u0446\u0456\u043e\u043d\u0430\u043b\u044c\u043d\u043e\u0433\u043e \u043f\u0430\u0440\u043a\u0443 \u041b\u043e\u0441-\u0425\u0430\u0439\u0442\u0456\u0441\u0435\u0441 \u0437 \u043f\u043e\u0440\u0442\u0443 \u0421\u0430\u043c\u0430\u043d\u0430 + \u043e\u0441\u0442\u0440\u043e\u0432\u0430 \u0411\u0430\u043a\u0430\u0440\u0434\u0456 (\u041a\u0430\u0439\u043e \u041b\u0435\u0432\u0430\u043d\u0442\u0430\u0434\u043e)"},"content":{"rendered":"<div class=\"vc_row wpb_row vc_row-fluid\" ><div class=\"wpb_column vc_column_container vc_col-sm-12\"><div class=\"vc_column-inner\"><div class=\"wpb_wrapper\"><div class=\"mkdf-section-title-holder\" style=\"text-align: left\">\n\t<div class=\"mkdf-st-inner\">\n\t\t\t\t\t<h5 class=\"mkdf-st-subtitle\" >\n\t\t\t\tEco Tours with Locals\t\t\t<\/h5>\n\t\t\t\t\t\t\t<h3 class=\"mkdf-st-title\" >\n\t\t\t\tLos Haitises National Park Boat Tour + Cayo Levantado Island\t\t\t<\/h3>\n\t\t\t\t\t<\/div>\n<\/div><\/div><\/div><\/div><\/div><div class=\"vc_row wpb_row vc_row-fluid\" ><div class=\"wpb_column vc_column_container vc_col-sm-12\"><div class=\"vc_column-inner\"><div class=\"wpb_wrapper\">\n\t<div class=\"wpb_text_column wpb_content_element\" >\n\t\t<div class=\"wpb_wrapper\">\n\t\t\t<h4><\/h4>\n<h2>\u0415\u043a\u0441\u043a\u0443\u0440\u0441\u0456\u044f \u0434\u043e \u043d\u0430\u0446\u0456\u043e\u043d\u0430\u043b\u044c\u043d\u043e\u0433\u043e \u043f\u0430\u0440\u043a\u0443 \u041b\u043e\u0441-\u0425\u0430\u0439\u0442\u0456\u0441\u0435\u0441 \u0437 \u043f\u043e\u0440\u0442\u0443 \u0421\u0430\u043c\u0430\u043d\u0430 + \u043e\u0441\u0442\u0440\u043e\u0432\u0430 \u0411\u0430\u043a\u0430\u0440\u0434\u0456 (\u041a\u0430\u0439\u043e \u041b\u0435\u0432\u0430\u043d\u0442\u0430\u0434\u043e)<\/h2>\n<h4><b><i>\u041e\u0433\u043b\u044f\u0434 <\/i><\/b><\/h4>\n<p>Los Haitises National park starting from Saman\u00e1 Port plus Lunch at Bacardi Island.\u00a0 Come with us and visit the most beautiful national park of the Dominican Republic, Visiting Mangroves, Caves and San Lorenzo Bay plus crossing the gorgeous Saman\u00e1 bay. Then Back to Saman\u00e1 area to Visit Bacardi island, have lunch at the beach and Swimming in one of the most pretty beaches in Saman\u00e1 Bay.<\/p>\n<p>After this experience, you will get Back to Saman\u00e1 port.<\/p>\n<ul>\n<li style=\"font-weight: 400;\">\u0417\u0431\u043e\u0440\u0438 \u0432\u043a\u043b\u044e\u0447\u0435\u043d\u0456<\/li>\n<li>Lunch at Bacardi island included<\/li>\n<li style=\"font-weight: 400;\"><span style=\"font-weight: 400;\">\u041f\u043e\u0441\u0456\u0431\u043d\u0438\u043a \u0437\u0430\u0431\u0435\u0437\u043f\u0435\u0447\u0443\u0454 \u0456\u043d\u0441\u0442\u0440\u0443\u043a\u0442\u0430\u0436 \u0442\u0430 \u043d\u0430\u0433\u043b\u044f\u0434<\/span><\/li>\n<\/ul>\n<p>&nbsp;<\/p>\n<h4><b>\u0412\u043a\u043b\u044e\u0447\u0435\u043d\u043d\u044f \u0442\u0430 \u0432\u0438\u043a\u043b\u044e\u0447\u0435\u043d\u043d\u044f<\/b><\/h4>\n<p><b>\u0412\u043a\u043b\u044e\u0447\u0435\u043d\u043d\u044f<\/b><\/p>\n<ol>\n<li style=\"font-weight: 400;\">Los Haitises Tour + Caves and Pictographs<\/li>\n<li>Lunch at Cayo Levantado ( Bacardi Island) if you will like similar tour: Los Haitises + Ca\u00f1o Hondo<\/li>\n<li style=\"font-weight: 400;\"><span style=\"font-weight: 400;\">\u0423\u0441\u0456 \u043f\u043e\u0434\u0430\u0442\u043a\u0438, \u0437\u0431\u043e\u0440\u0438 \u0442\u0430 \u0432\u0438\u0442\u0440\u0430\u0442\u0438 \u043d\u0430 \u043e\u0431\u0441\u043b\u0443\u0433\u043e\u0432\u0443\u0432\u0430\u043d\u043d\u044f<\/span><\/li>\n<li style=\"font-weight: 400;\"><span style=\"font-weight: 400;\">\u041c\u0456\u0441\u0446\u0435\u0432\u0456 \u043f\u043e\u0434\u0430\u0442\u043a\u0438<\/span><\/li>\n<li style=\"font-weight: 400;\"><span style=\"font-weight: 400;\">\u041d\u0430\u043f\u043e\u0457<\/span><\/li>\n<li style=\"font-weight: 400;\"><span style=\"font-weight: 400;\">\u0412\u0441\u0456 \u0437\u0430\u0445\u043e\u0434\u0438<\/span><\/li>\n<li style=\"font-weight: 400;\"><span style=\"font-weight: 400;\">\u041c\u0456\u0441\u0446\u0435\u0432\u0438\u0439 \u0433\u0456\u0434<\/span><\/li>\n<\/ol>\n<p><b> \u0412\u0438\u043d\u044f\u0442\u043a\u0438<\/b><\/p>\n<ol>\n<li style=\"font-weight: 400;\"><span style=\"font-weight: 400;\">\u0427\u0430\u0439\u043e\u0432\u0456<\/span><\/li>\n<li style=\"font-weight: 400;\"><span style=\"font-weight: 400;\">\u041f\u0435\u0440\u0435\u043a\u0430\u0437<\/span><\/li>\n<li style=\"font-weight: 400;\"><span style=\"font-weight: 400;\">\u0410\u043b\u043a\u043e\u0433\u043e\u043b\u044c\u043d\u0456 \u043d\u0430\u043f\u043e\u0457<\/span><\/li>\n<\/ol>\n<p>&nbsp;<\/p>\n<h4><em><strong>\u0412\u0438\u0457\u0437\u0434 \u0442\u0430 \u043f\u043e\u0432\u0435\u0440\u043d\u0435\u043d\u043d\u044f<\/strong><\/em><\/h4>\n<p><span style=\"font-weight: 400;\">\u041c\u0430\u043d\u0434\u0440\u0456\u0432\u043d\u0438\u043a \u043e\u0442\u0440\u0438\u043c\u0430\u0454 \u043c\u0456\u0441\u0446\u0435 \u0437\u0443\u0441\u0442\u0440\u0456\u0447\u0456 \u043f\u0456\u0441\u043b\u044f \u043f\u0440\u043e\u0446\u0435\u0441\u0443 \u0431\u0440\u043e\u043d\u044e\u0432\u0430\u043d\u043d\u044f. \u0415\u043a\u0441\u043a\u0443\u0440\u0441\u0456\u0457 \u043f\u043e\u0447\u0438\u043d\u0430\u044e\u0442\u044c\u0441\u044f \u0456 \u0437\u0430\u043a\u0456\u043d\u0447\u0443\u044e\u0442\u044c\u0441\u044f \u0432 \u043d\u0430\u0448\u0438\u0445 \u043c\u0456\u0441\u0446\u044f\u0445 \u0437\u0443\u0441\u0442\u0440\u0456\u0447\u0456.<\/span><\/p>\n<p>&nbsp;<\/p>\n<h2>Los Haitises National Park Tour from Saman\u00e1 Port mas Bacardi Island (Cayo Levantado)<\/h2>\n<h4><b><i>\u0427\u043e\u0433\u043e \u043e\u0447\u0456\u043a\u0443\u0432\u0430\u0442\u0438?<\/i><\/b><\/h4>\n<p><b><i>V<\/i><\/b>isiting<strong> Los Haitises National Park<\/strong> with a wonderful lunch at<strong> Cayo Levantado island<\/strong> and Swimming at the beach. Starting <strong>from Saman\u00e1 port<\/strong> onboard of a Boat or Catamaran with a Local tour guide we pass Saman\u00e1 bay to Sabana de la Mar side to Visit one of the most beautiful national parks of the Dominican Republic. <em><strong>The Haitises National Park<\/strong><\/em>.<\/p>\n<p>The tour, organized by \u00abBooking Adventures\u00bb starts at the meeting point set with the Tour Guide. Come with Booking Adventures and start checking some bird-filled mangroves, rolling hills of lush vegetation and caves of <em><strong>Los Haitises National Park<\/strong><\/em>. Visiting Island with birds around. In the nesting season, we can even see the Pelecanos chicks on the nests. Getting more inside of the Rocky Islands and visiting the Caves with pictographs and petrographs from the indigenous people.<\/p>\n<p>Through the mangroves and Land at the open San Lorenzo Bay, from where you can photograph the rugged forest landscape. Look to the water to spot <em><strong>Manatees<\/strong><\/em>, crustaceans, and <em><strong>dolphins.<\/strong><\/em><\/p>\n<h2><strong>Caves in Los Haitises National Park<\/strong><\/h2>\n<div class=\"body-description secondary\">\n<p>The national park\u2019s name comes from its original inhabitants, the Taino Indians. In their language \u201cHaitises\u201d translates to highlands or Hills, a reference to the coastline\u2019s steep geological formations with Limestones. Adventure deeper into the park to explore caves such as the <em><strong>Cueva de la Arena<\/strong><\/em> \u0456 <strong><em>Cueva de la L\u00ednea.<\/em><\/strong><\/p>\n<p>Caves in the reserve were used as shelter by the Taino Indians and, later, by hiding pirates. Look for drawings by Indians that decorate some of the walls. After visiting Los Haitises National Park we will go back to Saman\u00e1 port passing Saman\u00e1 bay 30 min and visiting Bacardi island. We will have a typical lunch on the island. If you are vegan no worries we also have food for you!<\/p>\n<p>After swimming full afternoon and chilling on the beach our tour guide will set time to go back to Saman\u00e1 port.<\/p>\n<\/div>\n<p>\u042f\u043a\u0449\u043e \u0432\u0438 \u0445\u043e\u0447\u0435\u0442\u0435, \u0449\u043e\u0431 \u0446\u044f \u043f\u043e\u0434\u043e\u0440\u043e\u0436 \u0431\u0443\u043b\u0430 \u0434\u043e\u0432\u0448\u043e\u044e \u0430\u0431\u043e \u043a\u043e\u0440\u043e\u0442\u0448\u043e\u044e, \u0443 \u043d\u0430\u0441 \u0454 \u0442\u0430\u043a\u0456 \u0432\u0430\u0440\u0456\u0430\u043d\u0442\u0438:<\/p>\n<ol>\n<li>Just Los Haitises from Saman\u00e1 Port.<\/li>\n<li>Los Haitises + Ca\u00f1o Hondo from Saman\u00e1 Port.<\/li>\n<\/ol>\n<p>&nbsp;<\/p>\n<h4><em><strong>\u0429\u043e \u043f\u043e\u0442\u0440\u0456\u0431\u043d\u043e \u0432\u0437\u044f\u0442\u0438 \u0437 \u0441\u043e\u0431\u043e\u044e?<\/strong><\/em><\/h4>\n<ul>\n<li style=\"font-weight: 400;\"><span style=\"font-weight: 400;\">\u041a\u0430\u043c\u0435\u0440\u0430<\/span><\/li>\n<li style=\"font-weight: 400;\"><span style=\"font-weight: 400;\">\u0420\u0435\u043f\u0435\u043b\u0435\u043d\u0442\u043d\u0456 \u0431\u0440\u0443\u043d\u044c\u043a\u0438<\/span><\/li>\n<li style=\"font-weight: 400;\"><span style=\"font-weight: 400;\">\u0421\u043e\u043d\u0446\u0435\u0437\u0430\u0445\u0438\u0441\u043d\u0438\u0439 \u043a\u0440\u0435\u043c.<\/span><\/li>\n<li style=\"font-weight: 400;\"><span style=\"font-weight: 400;\">\u041a\u0430\u043f\u0435\u043b\u044e\u0445<\/span><\/li>\n<li style=\"font-weight: 400;\"><span style=\"font-weight: 400;\">\u0417\u0440\u0443\u0447\u043d\u0456 \u0448\u0442\u0430\u043d\u0438<\/span><\/li>\n<li style=\"font-weight: 400;\"><span style=\"font-weight: 400;\">\u0422\u0443\u0440\u0438\u0441\u0442\u0438\u0447\u043d\u0435 \u0432\u0437\u0443\u0442\u0442\u044f \u0434\u043b\u044f \u043b\u0456\u0441\u0443<\/span><\/li>\n<li style=\"font-weight: 400;\"><span style=\"font-weight: 400;\">\u0411\u043e\u0441\u043e\u043d\u0456\u0436\u043a\u0438 \u0434\u043b\u044f \u0432\u0435\u0441\u043d\u044f\u043d\u0438\u0445 \u0440\u0430\u0439\u043e\u043d\u0456\u0432.<\/span><\/li>\n<li style=\"font-weight: 400;\"><span style=\"font-weight: 400;\">\u041a\u0443\u043f\u0430\u043b\u044c\u043d\u0438\u043a\u0438<\/span><\/li>\n<\/ul>\n<p>&nbsp;<\/p>\n<h4><b><i>Pickup Hotel <\/i><\/b><\/h4>\n<p><span style=\"font-weight: 400;\">\u0412 \u0440\u0430\u043c\u043a\u0430\u0445 \u0446\u044c\u043e\u0433\u043e \u0442\u0443\u0440\u0443 \u0442\u0440\u0430\u043d\u0441\u0444\u0435\u0440 \u0437 \u0433\u043e\u0442\u0435\u043b\u044e \u043d\u0435 \u043f\u0440\u043e\u043f\u043e\u043d\u0443\u0454\u0442\u044c\u0441\u044f. <\/span><\/p>\n<p>&nbsp;<\/p>\n<p><b>\u0417\u0430\u0443\u0432\u0430\u0436\u0442\u0435:<\/b><span style=\"font-weight: 400;\"> \u042f\u043a\u0449\u043e \u0432\u0438 \u0440\u043e\u0431\u0438\u0442\u0435 \u0431\u0440\u043e\u043d\u044e\u0432\u0430\u043d\u043d\u044f \u043f\u0440\u043e\u0442\u044f\u0433\u043e\u043c 24 \u0433\u043e\u0434\u0438\u043d \u0434\u043e \u043f\u043e\u0447\u0430\u0442\u043a\u0443 \u0442\u0443\u0440\u0443\/\u0435\u043a\u0441\u043a\u0443\u0440\u0441\u0456\u0457, \u043c\u0438 \u043c\u043e\u0436\u0435\u043c\u043e \u043e\u0440\u0433\u0430\u043d\u0456\u0437\u0443\u0432\u0430\u0442\u0438 \u0442\u0440\u0430\u043d\u0441\u0444\u0435\u0440 \u0437 \u0433\u043e\u0442\u0435\u043b\u044e \u0437\u0430 \u0434\u043e\u0434\u0430\u0442\u043a\u043e\u0432\u0443 \u043f\u043b\u0430\u0442\u0443. \u041f\u0456\u0441\u043b\u044f \u0437\u0430\u0432\u0435\u0440\u0448\u0435\u043d\u043d\u044f \u043f\u043e\u043a\u0443\u043f\u043a\u0438 \u043c\u0438 \u043d\u0430\u0434\u0456\u0448\u043b\u0435\u043c\u043e \u0432\u0430\u043c \u043f\u043e\u0432\u043d\u0443 \u043a\u043e\u043d\u0442\u0430\u043a\u0442\u043d\u0443 \u0456\u043d\u0444\u043e\u0440\u043c\u0430\u0446\u0456\u044e (\u043d\u043e\u043c\u0435\u0440 \u0442\u0435\u043b\u0435\u0444\u043e\u043d\u0443, \u0430\u0434\u0440\u0435\u0441\u0443 \u0435\u043b\u0435\u043a\u0442\u0440\u043e\u043d\u043d\u043e\u0457 \u043f\u043e\u0448\u0442\u0438 \u0442\u043e\u0449\u043e), \u0449\u043e\u0431 \u043d\u0430\u0448 \u043c\u0456\u0441\u0446\u0435\u0432\u0438\u0439 \u0433\u0456\u0434 \u043c\u0456\u0433 \u043e\u0440\u0433\u0430\u043d\u0456\u0437\u0443\u0432\u0430\u0442\u0438 \u0437\u0443\u0441\u0442\u0440\u0456\u0447.<\/span><\/p>\n<h4><b><i>\u041f\u0456\u0434\u0442\u0432\u0435\u0440\u0434\u0436\u0435\u043d\u043d\u044f \u0434\u043e\u0434\u0430\u0442\u043a\u043e\u0432\u043e\u0457 \u0456\u043d\u0444\u043e\u0440\u043c\u0430\u0446\u0456\u0457 <\/i><\/b><\/h4>\n<ol>\n<li>\u041a\u0432\u0438\u0442\u043a\u0438 - \u0446\u0435 \u043a\u0432\u0438\u0442\u0430\u043d\u0446\u0456\u044f \u043f\u0456\u0441\u043b\u044f \u043e\u043f\u043b\u0430\u0442\u0438 \u0446\u044c\u043e\u0433\u043e \u0442\u0443\u0440\u0443. \u0412\u0438 \u043c\u043e\u0436\u0435\u0442\u0435 \u043f\u043e\u043a\u0430\u0437\u0430\u0442\u0438 \u043f\u043b\u0430\u0442\u0456\u0436 \u043d\u0430 \u0441\u0432\u043e\u0454\u043c\u0443 \u0442\u0435\u043b\u0435\u0444\u043e\u043d\u0456.<\/li>\n<li style=\"font-weight: 400;\"><span style=\"font-weight: 400;\">\u041c\u0456\u0441\u0446\u0435 \u0437\u0443\u0441\u0442\u0440\u0456\u0447\u0456 \u0431\u0443\u0434\u0435 \u043f\u043e\u0432\u0456\u0434\u043e\u043c\u043b\u0435\u043d\u043e \u043f\u0456\u0441\u043b\u044f \u0437\u0430\u0432\u0435\u0440\u0448\u0435\u043d\u043d\u044f \u043f\u0440\u043e\u0446\u0435\u0441\u0443 \u0431\u0440\u043e\u043d\u044e\u0432\u0430\u043d\u043d\u044f.<\/span><\/li>\n<li style=\"font-weight: 400;\"><span style=\"font-weight: 400;\">\u0414\u0456\u0442\u0438 \u043f\u043e\u0432\u0438\u043d\u043d\u0456 \u0431\u0443\u0442\u0438 \u0432 \u0441\u0443\u043f\u0440\u043e\u0432\u043e\u0434\u0456 \u0434\u043e\u0440\u043e\u0441\u043b\u0438\u0445.<\/span><\/li>\n<li style=\"font-weight: 400;\"><span style=\"font-weight: 400;\"> \u041d\u0435 \u043f\u0440\u0438\u0441\u0442\u043e\u0441\u043e\u0432\u0430\u043d\u043e \u0434\u043b\u044f \u0456\u043d\u0432\u0430\u043b\u0456\u0434\u043d\u0438\u0445 \u0432\u0456\u0437\u043a\u0456\u0432 <\/span><\/li>\n<li style=\"font-weight: 400;\"><span style=\"font-weight: 400;\">\u041d\u0435\u043c\u043e\u0432\u043b\u044f\u0442\u0430 \u043f\u043e\u0432\u0438\u043d\u043d\u0456 \u0441\u0438\u0434\u0456\u0442\u0438 \u043d\u0430 \u043a\u043e\u043b\u0456\u043d\u0430\u0445 <\/span><\/li>\n<li style=\"font-weight: 400;\"><span style=\"font-weight: 400;\">\u041d\u0435 \u0440\u0435\u043a\u043e\u043c\u0435\u043d\u0434\u0443\u0454\u0442\u044c\u0441\u044f \u043c\u0430\u043d\u0434\u0440\u0456\u0432\u043d\u0438\u043a\u0430\u043c \u0456\u0437 \u043f\u0440\u043e\u0431\u043b\u0435\u043c\u0430\u043c\u0438 \u0441\u043f\u0438\u043d\u0438<\/span><\/li>\n<li style=\"font-weight: 400;\"><span style=\"font-weight: 400;\">\u041d\u0435 \u0440\u0435\u043a\u043e\u043c\u0435\u043d\u0434\u0443\u0454\u0442\u044c\u0441\u044f \u0434\u043b\u044f \u0432\u0430\u0433\u0456\u0442\u043d\u0438\u0445 \u043c\u0430\u043d\u0434\u0440\u0456\u0432\u043d\u0438\u0446\u044c <\/span><\/li>\n<li style=\"font-weight: 400;\"><span style=\"font-weight: 400;\"> \u0412\u0456\u0434\u0441\u0443\u0442\u043d\u0456\u0441\u0442\u044c \u043f\u0440\u043e\u0431\u043b\u0435\u043c \u0456\u0437 \u0441\u0435\u0440\u0446\u0435\u043c \u0430\u0431\u043e \u0456\u043d\u0448\u0438\u0445 \u0441\u0435\u0440\u0439\u043e\u0437\u043d\u0438\u0445 \u0437\u0430\u0445\u0432\u043e\u0440\u044e\u0432\u0430\u043d\u044c <\/span><\/li>\n<li style=\"font-weight: 400;\"><span style=\"font-weight: 400;\">\u0411\u0456\u043b\u044c\u0448\u0456\u0441\u0442\u044c \u043c\u0430\u043d\u0434\u0440\u0456\u0432\u043d\u0438\u043a\u0456\u0432 \u043c\u043e\u0436\u0443\u0442\u044c \u0432\u0437\u044f\u0442\u0438 \u0443\u0447\u0430\u0441\u0442\u044c<\/span><\/li>\n<\/ol>\n<h4><b><i>\u041f\u043e\u043b\u0456\u0442\u0438\u043a\u0430 \u0430\u043d\u0443\u043b\u044f\u0446\u0456\u0457<\/i><\/b><\/h4>\n<p><span style=\"font-weight: 400;\">\u0429\u043e\u0431 \u043e\u0442\u0440\u0438\u043c\u0430\u0442\u0438 \u043f\u043e\u0432\u043d\u0435 \u0432\u0456\u0434\u0448\u043a\u043e\u0434\u0443\u0432\u0430\u043d\u043d\u044f, \u0441\u043a\u0430\u0441\u0443\u0439\u0442\u0435 \u0431\u0440\u043e\u043d\u044e\u0432\u0430\u043d\u043d\u044f \u0449\u043e\u043d\u0430\u0439\u043c\u0435\u043d\u0448\u0435 \u0437\u0430 24 \u0433\u043e\u0434\u0438\u043d\u0438 \u0434\u043e \u0434\u0430\u0442\u0438 \u043f\u043e\u0447\u0430\u0442\u043a\u0443 \u0434\u043e\u0441\u0432\u0456\u0434\u0443. \u041a\u043e\u0448\u0442\u0438 \u0431\u0443\u0434\u0443\u0442\u044c \u0432\u0442\u0440\u0430\u0447\u0435\u043d\u0456, \u044f\u043a\u0449\u043e \u0431\u0440\u043e\u043d\u044e\u0432\u0430\u043d\u043d\u044f \u0431\u0443\u0434\u0435 \u0441\u043a\u0430\u0441\u043e\u0432\u0430\u043d\u043e \u0432 \u0442\u043e\u0439 \u0441\u0430\u043c\u0438\u0439 \u0434\u0435\u043d\u044c \u043f\u043e\u0457\u0437\u0434\u043a\u0438.<\/span><\/p>\n\n\t\t<\/div>\n\t<\/div>\n\n\t<div class=\"wpb_video_widget wpb_content_element vc_clearfix   vc_video-aspect-ratio-169 vc_video-el-width-100 vc_video-align-left\" >\n\t\t<div class=\"wpb_wrapper\">\n\t\t\t<h2 class=\"wpb_heading wpb_video_heading\">Los Haitises National Park<\/h2>\n\t\t\t<div class=\"wpb_video_wrapper\"><iframe loading=\"lazy\" title=\"\u0422\u0443\u0440\u0438 \u0442\u0430 \u0435\u043a\u0441\u043a\u0443\u0440\u0441\u0456\u0457 \u0432 \u043d\u0430\u0446\u0456\u043e\u043d\u0430\u043b\u044c\u043d\u0438\u0439 \u043f\u0430\u0440\u043a \u041b\u043e\u0441-\u0425\u0430\u0439\u0442\u0456\u0441\u0435\u0441\" width=\"1100\" height=\"619\" src=\"https:\/\/www.youtube.com\/embed\/vMI4Ou81cd4?feature=oembed\" frameborder=\"0\" allow=\"accelerometer; autoplay; clipboard-write; encrypted-media; gyroscope; picture-in-picture\" allowfullscreen><\/iframe><\/div>\n\t\t<\/div>\n\t<\/div>\n<\/div><\/div><\/div><\/div><div class=\"vc_row wpb_row vc_row-fluid\" ><div class=\"wpb_column vc_column_container vc_col-sm-12\"><div class=\"vc_column-inner\"><div class=\"wpb_wrapper\"><div class=\"vc_empty_space\"   style=\"height: 32px\"><span class=\"vc_empty_space_inner\"><\/span><\/div>\n\t<div class=\"wpb_text_column wpb_content_element\" >\n\t\t<div class=\"wpb_wrapper\">\n\t\t\t<h4>\u0417\u0432'\u044f\u0437\u0430\u0442\u0438\u0441\u044f \u0437 \u043d\u0430\u043c\u0438?<\/h4>\n<h5>\u0411\u0440\u043e\u043d\u044e\u0432\u0430\u043d\u043d\u044f \u043f\u0440\u0438\u0433\u043e\u0434<\/h5>\n<p><em><strong>\u041c\u0456\u0441\u0446\u0435\u0432\u0456 \u0436\u0438\u0442\u0435\u043b\u0456<\/strong>\u00a0\u0456\u00a0<strong>\u0413\u0440\u043e\u043c\u0430\u0434\u044f\u043d\u0438<\/strong>\u00a0\u0415\u043a\u0441\u043a\u0443\u0440\u0441\u043e\u0432\u043e\u0434\u0438 \u0442\u0430 \u043e\u0431\u0441\u043b\u0443\u0433\u043e\u0432\u0443\u0432\u0430\u043d\u043d\u044f \u0433\u043e\u0441\u0442\u0435\u0439<\/em><\/p>\n<p><span class=\"text-turquoise\">\u0411\u0440\u043e\u043d\u044e\u0432\u0430\u043d\u043d\u044f:<\/span>\u00a0\u0422\u0443\u0440\u0438 \u0442\u0430 \u0435\u043a\u0441\u043a\u0443\u0440\u0441\u0456\u0457 \u0432 \u0414\u043e\u043c. Rep.<\/p>\n<p><img decoding=\"async\" class=\"emoji\" draggable=\"false\" src=\"https:\/\/s.w.org\/images\/core\/emoji\/11.2.0\/svg\/1f4de.svg\" alt=\"\ud83d\udcde\" \/>\u00a0\u0422\u0435\u043b \/ Whatsapp\u00a0\u00a0<a href=\"tel:+1-809-720-6035\">+1-809-720-6035<\/a>.<\/p>\n<p><img decoding=\"async\" class=\"emoji\" draggable=\"false\" src=\"https:\/\/s.w.org\/images\/core\/emoji\/11.2.0\/svg\/1f4e9.svg\" alt=\"\ud83d\udce9\" \/>\u00a0<a href=\"mailto:info@bookingadventures.com.do\">info@bookingadventures.com.do<\/a><\/p>\n<p><strong>\u041c\u0438 \u0433\u043d\u0443\u0447\u043a\u043e \u043d\u0430\u043b\u0430\u0448\u0442\u043e\u0432\u0443\u0454\u043c\u043e \u043f\u0440\u0438\u0432\u0430\u0442\u043d\u0456 \u0442\u0443\u0440\u0438 \u043f\u043e Whatsapp:\u00a0<a href=\"tel:+18097206035\">+18097206035.<\/a><\/strong><\/p>\n\n\t\t<\/div>\n\t<\/div>\n<div class=\"vc_empty_space\"   style=\"height: 32px\"><span class=\"vc_empty_space_inner\"><\/span><\/div><\/div><\/div><\/div><\/div><div class=\"vc_row wpb_row vc_row-fluid\" ><div class=\"wpb_column vc_column_container vc_col-sm-12\"><div class=\"vc_column-inner\"><div class=\"wpb_wrapper\"><div class=\"mkdf-section-title-holder\" style=\"text-align: left\">\n\t<div class=\"mkdf-st-inner\">\n\t\t\t\t\t<h5 class=\"mkdf-st-subtitle\" >\n\t\t\t\tFrom Samana Port\t\t\t<\/h5>\n\t\t\t\t\t\t\t<h3 class=\"mkdf-st-title\" >\n\t\t\t\tLos Haitises and Cayo Levantado Samana Tour\t\t\t<\/h3>\n\t\t\t\t\t<\/div>\n<\/div><div class=\"vc_empty_space\"   style=\"height: 32px\"><span class=\"vc_empty_space_inner\"><\/span><\/div><\/div><\/div><\/div><\/div><div class=\"vc_row wpb_row vc_row-fluid\" ><div class=\"wpb_column vc_column_container vc_col-sm-12\"><div class=\"vc_column-inner\"><div class=\"wpb_wrapper\"><div class=\"woocommerce columns-4\"><\/div><\/div><\/div><\/div><\/div>","protected":false},"excerpt":{"rendered":"<p>Excursions a Los haitises y Cayo levantado, Ecological Trip to Los Haitises National Park with a Local Tour guide. Visiting the Cays in Los Haitises National Park, Mangroves, Vegetation, Birding, Caves, Pictographs and the historical areas of Sabana de la Mar in Los Haitises National Park. After Los Haitises we have Lunch at Bacardi Island Beach. Book now Los Haitises National Park Tour from Saman\u00e1 Port + Bacardi Island (Cayo Levantado) with us.<\/p>\n<p>&nbsp;<\/p>\n<p><strong>Please Select the date for The Tour :<\/strong><\/p>","protected":false},"featured_media":232,"template":"","meta":[],"product_brand":[],"product_cat":[123,124],"product_tag":[137,205,180,125,206,139,163,129,207,208,132,523,209,210,211,212,133,213,214,215,216,217,218,190,219,114,142,148,143,220],"class_list":{"0":"post-11319","1":"product","2":"type-product","3":"status-publish","4":"has-post-thumbnail","6":"product_cat-tours-excursions-los-haitises-national-park","7":"product_cat-tours-excursions-samana-bay-dominican-republic","8":"product_tag-bacardi-island","9":"product_tag-bacardi-island-tours","10":"product_tag-birdwatching","11":"product_tag-boat-tour","12":"product_tag-caves-los-haitises","13":"product_tag-cayo-levantado","14":"product_tag-cayo-levantado-tour","15":"product_tag-eco-tours","16":"product_tag-excursiones-a-los-haitises-y-cayo-levantado","17":"product_tag-haitises-park-and-cayo-levantado-island","18":"product_tag-los-haitises","19":"product_tag-los-haitises-and-cayo-levantado","20":"product_tag-los-haitises-excursiones","21":"product_tag-los-haitises-excursions","22":"product_tag-los-haitises-mapa","23":"product_tag-los-haitises-mas-cayo-levantado","24":"product_tag-los-haitises-national-park","25":"product_tag-los-haitises-national-park-map","26":"product_tag-los-haitises-national-park-mas-cayo-levantado","27":"product_tag-los-haitises-national-park-tour-from-las-terrenas","28":"product_tag-los-haitises-national-park-tour-from-samana-port-bacardi-island-cayo-levantado","29":"product_tag-los-haitises-national-park-tour-from-santo-domingo","30":"product_tag-los-haitises-park-tour-cayo-levantado-island","31":"product_tag-los-haitises-samana","32":"product_tag-los-haitises-y-cayo-levantado","33":"product_tag-sabana-de-la-mar","34":"product_tag-samana","35":"product_tag-samana-excursions","36":"product_tag-samana-tours","37":"product_tag-tour-los-haitises-national-park-cayo-levantado","39":"first","40":"instock","41":"sale","42":"virtual","43":"sold-individually","44":"purchasable","45":"product-type-simple"},"_links":{"self":[{"href":"https:\/\/visitaloshaitises.com\/uk\/wp-json\/wp\/v2\/product\/11319","targetHints":{"allow":["GET"]}}],"collection":[{"href":"https:\/\/visitaloshaitises.com\/uk\/wp-json\/wp\/v2\/product"}],"about":[{"href":"https:\/\/visitaloshaitises.com\/uk\/wp-json\/wp\/v2\/types\/product"}],"wp:featuredmedia":[{"embeddable":true,"href":"https:\/\/visitaloshaitises.com\/uk\/wp-json\/wp\/v2\/media\/232"}],"wp:attachment":[{"href":"https:\/\/visitaloshaitises.com\/uk\/wp-json\/wp\/v2\/media?parent=11319"}],"wp:term":[{"taxonomy":"product_brand","embeddable":true,"href":"https:\/\/visitaloshaitises.com\/uk\/wp-json\/wp\/v2\/product_brand?post=11319"},{"taxonomy":"product_cat","embeddable":true,"href":"https:\/\/visitaloshaitises.com\/uk\/wp-json\/wp\/v2\/product_cat?post=11319"},{"taxonomy":"product_tag","embeddable":true,"href":"https:\/\/visitaloshaitises.com\/uk\/wp-json\/wp\/v2\/product_tag?post=11319"}],"curies":[{"name":"wp","href":"https:\/\/api.w.org\/{rel}","templated":true}]}}