{"id":10913,"date":"2020-07-19T00:16:18","date_gmt":"2020-07-19T00:16:18","guid":{"rendered":"https:\/\/haitises.com\/?post_type=product&#038;p=10913"},"modified":"2024-04-15T18:40:08","modified_gmt":"2024-04-15T18:40:08","slug":"bahia-de-las-aguilas-dia-de-playa-y-tour-en-bote-pasa-dia-esnorquel-almuerzo","status":"publish","type":"product","link":"https:\/\/visitaloshaitises.com\/uk\/private\/bahia-de-las-aguilas-dia-de-playa-y-tour-en-bote-pasa-dia-esnorquel-almuerzo\/","title":{"rendered":"\u0411\u0430\u0457\u044f-\u0434\u0435-\u043b\u0430\u0441-\u0410\u0433\u0456\u043b\u0430\u0441: \u043f\u043b\u044f\u0436\u043d\u0438\u0439 \u0434\u0435\u043d\u044c \u0442\u0430 \u0435\u043a\u0441\u043a\u0443\u0440\u0441\u0456\u044f \u043d\u0430 \u0447\u043e\u0432\u043d\u0456 - \u0434\u0435\u043d\u043d\u0430 \u043f\u0435\u0440\u0435\u043f\u0443\u0441\u0442\u043a\u0430 - \u0441\u043d\u043e\u0440\u043a\u0435\u043b\u0456\u043d\u0433 \u0442\u0430 \u043e\u0431\u0456\u0434"},"content":{"rendered":"<div class=\"vc_row wpb_row vc_row-fluid\" ><div class=\"wpb_column vc_column_container vc_col-sm-12\"><div class=\"vc_column-inner\"><div class=\"wpb_wrapper\"><div class=\"mkdf-section-title-holder\" style=\"text-align: left\">\n\t<div class=\"mkdf-st-inner\">\n\t\t\t\t\t<h5 class=\"mkdf-st-subtitle\" >\n\t\t\t\tPasa d\u00eda - Esn\u00f3rquel &amp; Almuerzo\t\t\t<\/h5>\n\t\t\t\t\t\t\t<h3 class=\"mkdf-st-title\" >\n\t\t\t\tBah\u00eda de las \u00c1guilas: D\u00eda de playa y viaje en bote\t\t\t<\/h3>\n\t\t\t\t\t<\/div>\n<\/div><\/div><\/div><\/div><\/div><div class=\"vc_row wpb_row vc_row-fluid\" ><div class=\"wpb_column vc_column_container vc_col-sm-12\"><div class=\"vc_column-inner\"><div class=\"wpb_wrapper\">\n\t<div class=\"wpb_text_column wpb_content_element\" >\n\t\t<div class=\"wpb_wrapper\">\n\t\t\t<h3>\u043e\u043f\u0438\u0441<\/h3>\n<p>Disfruta de un d\u00eda en la playa y deja que tu esp\u00edritu fluya, lejos de las zonas tur\u00edsticas y de todo el estr\u00e9s. Ven y descubre el Parque Nacional Jaragua y Bah\u00eda de las \u00c1guilas. Conduzca por un hermoso camino con impresionantes vistas del peque\u00f1o puerto y el pueblo pesquero de Cabo Rojo. En Las Cuevas abordas un bote que te lleva en un viaje de 15 minutos a una de las playas naturales m\u00e1s bellas del mundo. Las arenas de la Bah\u00eda de las \u00c1guilas son v\u00edrgenes y la bah\u00eda cubre 8 km. Experimente un paisaje costero excepcional con aguas cristalinas que brillan en tonos que van desde el azul turquesa hasta el azul \u00f3palo derriti\u00e9ndose en el horizonte. El almuerzo se sirve en la playa, nada o practica snorkel y explora este para\u00edso natural virgen.<\/p>\n<ul>\n<li>Gu\u00eda local con experiencia en seguridad en la zona.<\/li>\n<li>Transporte privado<\/li>\n<li>Tasas incluidas<\/li>\n<li>Almuerzo<\/li>\n<li>Gu\u00eda de turismo local en espa\u00f1ol, ingl\u00e9s o franc\u00e9s.<\/li>\n<li>Excursionismo<\/li>\n<li>Bucear<\/li>\n<\/ul>\n<h3>\u0412\u043a\u043b\u044e\u0447\u0435\u043d\u043d\u044f \u0442\u0430 \u0432\u0438\u043a\u043b\u044e\u0447\u0435\u043d\u043d\u044f<\/h3>\n<h4>\u0432\u043a\u043b\u044e\u0447\u0435\u043d\u043d\u044f<\/h4>\n<ol>\n<li>Gu\u00eda local con experiencia en seguridad en la zona.<\/li>\n<li>Transporte privado para grupos peque\u00f1os.<\/li>\n<li>Todos los impuestos, tarifas y cargos por manejo<\/li>\n<li>\u041c\u0456\u0441\u0446\u0435\u0432\u0456 \u043f\u043e\u0434\u0430\u0442\u043a\u0438<\/li>\n<li>Almuerzo<\/li>\n<li>Excursionismo<\/li>\n<li>Piscinas Naturales<\/li>\n<li>Bucear<\/li>\n<li>\u0412\u0441\u0456 \u0437\u0430\u0445\u043e\u0434\u0438<\/li>\n<\/ol>\n<h4>\u0412\u0438\u043d\u044f\u0442\u043a\u0438<\/h4>\n<ol>\n<li>\u041f\u043e\u0440\u0430\u0434\u0438<\/li>\n<li>Todas las bebidas<\/li>\n<\/ol>\n<h3><em>\u0412\u0456\u0434&#039;\u0457\u0437\u0434 \u0456 \u043f\u043e\u0432\u0435\u0440\u043d\u0435\u043d\u043d\u044f<\/em><\/h3>\n<p>El viajero obtendr\u00e1 un punto de encuentro despu\u00e9s del proceso de reserva. Los recorridos comienzan y finalizan en sus puntos de encuentro.<\/p>\n<p>Bah\u00eda de las Aguilas: excursi\u00f3n de un d\u00eda a la playa en bote &#8211; Pase de un d\u00eda &#8211; Snorkeling y almuerzo<\/p>\n<h3><em>\u0427\u043e\u0433\u043e \u043e\u0447\u0456\u043a\u0443\u0432\u0430\u0442\u0438?<\/em><\/h3>\n<p>Playa de las Aguilas lleva el nombre del \u00e1guila ind\u00edgena. Es conocida como la playa m\u00e1s hermosa de todo el pa\u00eds. El clima del parque es muy \u00e1rido y la vegetaci\u00f3n se compone principalmente de cactus y otras plantas del desierto. El camino de tierra roja que corre a lo largo de la bah\u00eda es comparable a un paisaje de sabana africana.<br \/>\nDescubra este para\u00edso para los pescadores y amantes de las playas de arena blanca y aguas cristalinas. Pero primero, viaja al pueblo La Cueva, donde los pescadores locales viven dentro de las cuevas.<\/p>\n<p>\u00bfFalta algo en este momento perfecto de la imagen?<\/p>\n<p>El mar en calma y el viento suave evitar\u00e1n que sufras demasiado por el sol y el calor. Convi\u00e9rtete en un explorador por el d\u00eda y descubre un para\u00edso ecol\u00f3gico, natural y totalmente virgen. Puede observar m\u00e1s de 130 especies de aves, 76 de las cuales viven permanentemente en la bah\u00eda, 10 son end\u00e9micas y 47 son migrantes.<\/p>\n<p><strong>Horario:<\/strong><\/p>\n<ul>\n<li>08.00 &#8211; Salida desde su hotel<\/li>\n<li>09.30 &#8211; Parada corta en la Laguna de Oviedo para disfrutar de la vista desde la plataforma de observaci\u00f3n.<\/li>\n<li>11.00 &#8211; Salida en bote desde el pueblo La Cueva hacia la Bah\u00eda de las Aguilas<\/li>\n<li>12.30 &#8211; Almuerzo t\u00edpico en la playa.<\/li>\n<li>03.00 &#8211; Regreso a La Cueva<\/li>\n<li>06.00 &#8211; Llegada a su hotel<\/li>\n<\/ul>\n<h3><em>\u0429\u043e \u043f\u043e\u0442\u0440\u0456\u0431\u043d\u043e \u0432\u0437\u044f\u0442\u0438 \u0437 \u0441\u043e\u0431\u043e\u044e?<\/em><\/h3>\n<ul>\n<li>\u041a\u0430\u043c\u0435\u0440\u0430<\/li>\n<li>\u0420\u0435\u043f\u0435\u043b\u0435\u043d\u0442\u0438<\/li>\n<li>Crema solar<\/li>\n<li>Agua<\/li>\n<li>\u041a\u0430\u043f\u0435\u043b\u044e\u0445<\/li>\n<li>\u0417\u0440\u0443\u0447\u043d\u0456 \u0448\u0442\u0430\u043d\u0438<\/li>\n<li>\u0412\u0437\u0443\u0442\u0442\u044f \u0434\u043b\u044f \u043f\u043e\u0445\u043e\u0434\u0456\u0432 \u0443 \u043b\u0456\u0441<\/li>\n<li>\u0411\u043e\u0441\u043e\u043d\u0456\u0436\u043a\u0438 \u0434\u043b\u044f \u0432\u0435\u0441\u043d\u044f\u043d\u0438\u0445 \u043d\u0430\u043f\u0440\u044f\u043c\u043a\u0456\u0432.<\/li>\n<li>\u041a\u0443\u043f\u0430\u043b\u044c\u043d\u0438\u043a<\/li>\n<\/ul>\n<h3><em>\u0422\u0440\u0430\u043d\u0441\u0444\u0435\u0440 \u0437 \u0433\u043e\u0442\u0435\u043b\u044e<\/em><\/h3>\n<p>Se ofrece recogida en el hotel para este recorrido. Recogida \/ Transporte desde su hotel (\u00e1rea de Barahona \/ Paraiso \/ Los Patos).<\/p>\n<p><strong>\u041f\u0440\u0438\u043c\u0456\u0442\u043a\u0430:<\/strong> Si realiza la reserva dentro de las 24 horas de la hora de salida del tour \/ excursi\u00f3n, podemos organizar la recogida en el hotel. Acabamos de recoger en el \u00e1rea de Saman\u00e1. Una vez que se complete su compra, le enviaremos informaci\u00f3n de contacto completa (n\u00famero de tel\u00e9fono, direcci\u00f3n de correo electr\u00f3nico, etc.) para que nuestro gu\u00eda tur\u00edstico local organice los arreglos de recogida.<\/p>\n<h3><em>\u041f\u0456\u0434\u0442\u0432\u0435\u0440\u0434\u0436\u0435\u043d\u043d\u044f \u0434\u043e\u0434\u0430\u0442\u043a\u043e\u0432\u043e\u0457 \u0456\u043d\u0444\u043e\u0440\u043c\u0430\u0446\u0456\u0457<\/em><\/h3>\n<ol>\n<li>\u041a\u0432\u0438\u0442\u043a\u0438 \u0454 \u043a\u0432\u0438\u0442\u0430\u043d\u0446\u0456\u0454\u044e \u043f\u0456\u0441\u043b\u044f \u043e\u043f\u043b\u0430\u0442\u0438 \u0446\u044c\u043e\u0433\u043e \u0442\u0443\u0440\u0443. \u041f\u043e\u043a\u0430\u0437\u0430\u0442\u0438 \u043e\u043f\u043b\u0430\u0442\u0443 \u043c\u043e\u0436\u043d\u0430 \u043d\u0430 \u0442\u0435\u043b\u0435\u0444\u043e\u043d\u0456.<\/li>\n<li>\u041c\u0456\u0441\u0446\u0435 \u0437\u0443\u0441\u0442\u0440\u0456\u0447\u0456 \u0431\u0443\u0434\u0435 \u043e\u0442\u0440\u0438\u043c\u0430\u043d\u043e \u043f\u0456\u0441\u043b\u044f \u043f\u0440\u043e\u0446\u0435\u0441\u0443 \u0431\u0440\u043e\u043d\u044e\u0432\u0430\u043d\u043d\u044f.<\/li>\n<li>\u0414\u0456\u0442\u0438 \u043f\u043e\u0432\u0438\u043d\u043d\u0456 \u0431\u0443\u0442\u0438 \u0432 \u0441\u0443\u043f\u0440\u043e\u0432\u043e\u0434\u0456 \u0434\u043e\u0440\u043e\u0441\u043b\u043e\u0433\u043e.<\/li>\n<li>\u041d\u0435\u043c\u0430\u0454 \u0434\u043e\u0441\u0442\u0443\u043f\u0443 \u0434\u043b\u044f \u0456\u043d\u0432\u0430\u043b\u0456\u0434\u043d\u0438\u0445 \u0432\u0456\u0437\u043a\u0456\u0432<\/li>\n<li>\u041d\u0435\u043c\u043e\u0432\u043b\u044f\u0442\u0430 \u043f\u043e\u0432\u0438\u043d\u043d\u0456 \u0441\u0438\u0434\u0456\u0442\u0438 \u043d\u0430 \u043a\u043e\u043b\u0456\u043d\u0430\u0445<\/li>\n<li>\u041d\u0435 \u0440\u0435\u043a\u043e\u043c\u0435\u043d\u0434\u0443\u0454\u0442\u044c\u0441\u044f \u043c\u0430\u043d\u0434\u0440\u0456\u0432\u043d\u0438\u043a\u0430\u043c \u0437 \u043f\u0440\u043e\u0431\u043b\u0435\u043c\u0430\u043c\u0438 \u0441\u043f\u0438\u043d\u0438.<\/li>\n<li>No recomendado para muejeres embarazadas.<\/li>\n<li>\u041d\u0435\u043c\u0430\u0454 \u043f\u0440\u043e\u0431\u043b\u0435\u043c \u0456\u0437 \u0441\u0435\u0440\u0446\u0435\u043c \u0447\u0438 \u0456\u043d\u0448\u0438\u0445 \u0441\u0435\u0440\u0439\u043e\u0437\u043d\u0438\u0445 \u0437\u0430\u0445\u0432\u043e\u0440\u044e\u0432\u0430\u043d\u044c.<\/li>\n<li>\u0411\u0456\u043b\u044c\u0448\u0456\u0441\u0442\u044c \u043c\u0430\u043d\u0434\u0440\u0456\u0432\u043d\u0438\u043a\u0456\u0432 \u043c\u043e\u0436\u0443\u0442\u044c \u0431\u0440\u0430\u0442\u0438 \u0443\u0447\u0430\u0441\u0442\u044c.<\/li>\n<\/ol>\n<h3><em>\u041f\u043e\u043b\u0456\u0442\u0438\u043a\u0430 \u0441\u043a\u0430\u0441\u0443\u0432\u0430\u043d\u043d\u044f<\/em><\/h3>\n<p>Para obtener un reembolso completo, cancele al menos 24 horas antes de la fecha de inicio de la experiencia. Los fondos se perder\u00e1n si la reserva se cancela el mismo d\u00eda del viaje.<\/p>\n<p>&nbsp;<\/p>\n<p>&nbsp;<\/p>\n<h4>\u0417\u0432&#039;\u044f\u0436\u0456\u0442\u044c\u0441\u044f \u0437 \u043d\u0430\u043c\u0438<\/h4>\n<h5>Reserva de Aventuras<\/h5>\n<p><em>\u0415\u043a\u0441\u043a\u0443\u0440\u0441\u043e\u0432\u043e\u0434\u0438 <strong>Locales<\/strong> \u0456 <strong>\u043d\u0430\u0446\u0456\u043e\u043d\u0430\u043b\u044c\u043d\u0438\u0439<\/strong> y servicios para hu\u00e9spedes<\/em><\/p>\n<p>\u0411\u0440\u043e\u043d\u044e\u0432\u0430\u043d\u043d\u044f: \u0422\u0443\u0440\u0438 \u0442\u0430 \u0415\u043a\u0441\u043a\u0443\u0440\u0441\u0456\u0457 \u0432 \u0414\u043e\u043c \u0420\u0435\u0441\u043f.<\/p>\n<p>\u0422\u0435\u043b\u0435\u0444\u043e\u043d\/Whatsapp +1-809-720-6035.<\/p>\n<p>info@bookingadventures.com.do<\/p>\n<p>Somos flexibles Configurando tours privados por<strong>\u00a0Whatsapp: <a href=\"tel:+18097206035\">+18097206035.<\/a><\/strong><\/p>\n\n\t\t<\/div>\n\t<\/div>\n<\/div><\/div><\/div><\/div>","protected":false},"excerpt":{"rendered":"<p>La mejor actividad\u00a0 para visitar Bah\u00eda Las Aguilas desde Barahona. Conduce por el parque nacional Jaragua y dir\u00edgete a Cabo Rojo, donde te espera un bote. Despu\u00e9s de un paseo de 15 minutos con el bote, llegar\u00e1 a la hermosa y aislada Bah\u00eda de las \u00c1guilas, que se considera la playa m\u00e1s hermosa del pa\u00eds. El almuerzo se servir\u00e1 en la playa y tendr\u00e1 la oportunidad de nadar o simplemente relajarse en la playa. Disfruta de la arena blanca de esta playa de 8 km de largo.<\/p>\n<p>&nbsp;<\/p>\n<p><strong>Seleccione la fecha para este Tour:<\/strong><\/p>","protected":false},"featured_media":500,"template":"","meta":[],"product_brand":[],"product_cat":[396,135,443],"product_tag":[397,398,399,400,401,402,403,404,405,406,407,408,409,410,411],"class_list":{"0":"post-10913","1":"product","2":"type-product","3":"status-publish","4":"has-post-thumbnail","6":"product_cat-bahia-de-las-aguilas-dominican-republic","7":"product_cat-lunch","8":"product_cat-tours-y-excursiones-es","9":"product_tag-bahia-de-las-aguilas","10":"product_tag-bahia-de-las-aguilas-pedernales","11":"product_tag-bahia-de-las-aguilas-beach-tour","12":"product_tag-bahia-de-las-aguilas-hoteles","13":"product_tag-bahia-de-las-aguilas-map","14":"product_tag-bahia-de-las-aguilas-private-tour","15":"product_tag-bahia-de-las-aguilas-republica-dominicana-hotel","16":"product_tag-bahia-de-las-aguilas-tour-from-punta-cana","17":"product_tag-bahia-de-las-aguilas-beach-day-trip-by-boat","18":"product_tag-bahia-las-aguilas-tours","19":"product_tag-barahona-tours","20":"product_tag-closest-airport-to-bahia-de-las-aguilas","21":"product_tag-hotel-barahona","22":"product_tag-playa-bahia-de-las-aguilas-dominican-republic","23":"product_tag-tours-a-bahia-de-las-aguilas-desde-santo-domingo","25":"first","26":"instock","27":"sale","28":"sold-individually","29":"shipping-taxable","30":"product-type-external"},"_links":{"self":[{"href":"https:\/\/visitaloshaitises.com\/uk\/wp-json\/wp\/v2\/product\/10913","targetHints":{"allow":["GET"]}}],"collection":[{"href":"https:\/\/visitaloshaitises.com\/uk\/wp-json\/wp\/v2\/product"}],"about":[{"href":"https:\/\/visitaloshaitises.com\/uk\/wp-json\/wp\/v2\/types\/product"}],"wp:featuredmedia":[{"embeddable":true,"href":"https:\/\/visitaloshaitises.com\/uk\/wp-json\/wp\/v2\/media\/500"}],"wp:attachment":[{"href":"https:\/\/visitaloshaitises.com\/uk\/wp-json\/wp\/v2\/media?parent=10913"}],"wp:term":[{"taxonomy":"product_brand","embeddable":true,"href":"https:\/\/visitaloshaitises.com\/uk\/wp-json\/wp\/v2\/product_brand?post=10913"},{"taxonomy":"product_cat","embeddable":true,"href":"https:\/\/visitaloshaitises.com\/uk\/wp-json\/wp\/v2\/product_cat?post=10913"},{"taxonomy":"product_tag","embeddable":true,"href":"https:\/\/visitaloshaitises.com\/uk\/wp-json\/wp\/v2\/product_tag?post=10913"}],"curies":[{"name":"wp","href":"https:\/\/api.w.org\/{rel}","templated":true}]}}