{"id":607,"date":"2020-07-11T21:05:03","date_gmt":"2020-07-11T21:05:03","guid":{"rendered":"https:\/\/haitises.com\/?post_type=product&#038;p=607"},"modified":"2024-04-16T04:05:26","modified_gmt":"2024-04-16T04:05:26","slug":"excursion-samana-zipline-tirolesa-el-valle-con-almuerzo-en-la-playa","status":"publish","type":"product","link":"https:\/\/visitaloshaitises.com\/tr\/private\/excursion-samana-zipline-tirolesa-el-valle-con-almuerzo-en-la-playa\/","title":{"rendered":"Saman\u00e1 Zipline (Zipline) Gezisi El Valle, Sahilde \u00d6\u011fle Yeme\u011fi ile"},"content":{"rendered":"<div class=\"vc_row wpb_row vc_row-fluid\" ><div class=\"wpb_column vc_column_container vc_col-sm-12\"><div class=\"vc_column-inner\"><div class=\"wpb_wrapper\"><div class=\"mkdf-section-title-holder\" style=\"text-align: left\">\n\t<div class=\"mkdf-st-inner\">\n\t\t\t\t\t<h5 class=\"mkdf-st-subtitle\" >\n\t\t\t\t Aventura de Zip Line\t\t\t<\/h5>\n\t\t\t\t\t\t\t<\/div>\n<\/div><\/div><\/div><\/div><\/div><div class=\"vc_row wpb_row vc_row-fluid\" ><div class=\"wpb_column vc_column_container vc_col-sm-12\"><div class=\"vc_column-inner\"><div class=\"wpb_wrapper\"><div class=\"vc_empty_space\"   style=\"height: 32px\"><span class=\"vc_empty_space_inner\"><\/span><\/div><\/div><\/div><\/div><\/div><div class=\"vc_row wpb_row vc_row-fluid\" ><div class=\"wpb_column vc_column_container vc_col-sm-12\"><div class=\"vc_column-inner\"><div class=\"wpb_wrapper\">\n\t<div class=\"wpb_text_column wpb_content_element\" >\n\t\t<div class=\"wpb_wrapper\">\n\t\t\t<h2>Zip Line(Tirolesa) Saman\u00e1, El Valle con almuerzo en la playa<\/h2>\n<h3>Tan\u0131m<\/h3>\n<p>Tirolesa en Saman\u00e1, El Valle m\u00e1s un almuerzo en la playa. Ven con nosotros y visita una de las tirolesas m\u00e1s largas del Caribe. 12 l\u00edneas, 13 estaciones y m\u00e1s de 7,400 pies de cable. Equ\u00edpate y sigue a tus gu\u00edas en doce plataformas de tirolesa que cruzan l\u00edneas de hasta 1,000 pies (304 metros) mientras disfrutas de vistas a\u00e9reas del paisaje.<\/p>\n<p>Despu\u00e9s de esta experiencia, obtendr\u00e1 su tiempo de playa adem\u00e1s de un almuerzo local en la playa.<\/p>\n<ul>\n<li>Incluye almuerzo buffet en la playa.<\/li>\n<li>Tirolesa en el bosque tropical y obtener vistas del paisaje<\/li>\n<li>K\u0131lavuz talimat ve denetim sa\u011flar.<\/li>\n<\/ul>\n<h3>Dahil edilenler ve hari\u00e7 tutulanlar<\/h3>\n<h4>Kapsamalar<\/h4>\n<ol>\n<li>Almuerzo buffet en la playa.<\/li>\n<li>Zipline Turu<\/li>\n<li>Bosque de caf\u00e9 y cacao<\/li>\n<li>Todos los impuestos, tarifas y cargos<\/li>\n<li>Yerel vergiler<\/li>\n<li>\u0130\u00e7ecekler<\/li>\n<li>T\u00fcm aktiviteler<\/li>\n<li>Yerel rehber<\/li>\n<\/ol>\n<h3>\u0130stisnalar<\/h3>\n<ol>\n<li>\u0130pu\u00e7lar\u0131<\/li>\n<li>Aktar<\/li>\n<li>Alkoll\u00fc i\u00e7ecekler<\/li>\n<\/ol>\n<h3><em>Kalk\u0131\u015f ve d\u00f6n\u00fc\u015f<\/em><\/h3>\n<p>Gezgin, rezervasyon i\u015fleminden sonra bir bulu\u015fma noktas\u0131na sahip olacakt\u0131r. Turlar bulu\u015fma noktalar\u0131m\u0131zda ba\u015flar ve biter.<\/p>\n<h3><em>Ne bekleyebilece\u011finizi?<\/em><\/h3>\n<p>Obtenga sus boletos para visitar el Zipline El Valle en Saman\u00e1, adem\u00e1s de un maravilloso almuerzo y tiempo de playa en la playa de El Valle.<\/p>\n<p>Despu\u00e9s de obtener todo tipo de equipo requerido para su seguridad (arn\u00e9s, cascos, etc.), la acci\u00f3n comenzar\u00e1, a caminar un poco por el bosque h\u00famedo de cocos y cacaos de Saman\u00e1.<\/p>\n<p>El recorrido, organizado por \u00abBooking Adventures\u00bb comienza en el punto de encuentro establecido con el gu\u00eda tur\u00edstico. Con una caba\u00f1a de la zona, donde reciben a los invitados con una degustaci\u00f3n de chocolate y caf\u00e9 org\u00e1nico y un trago de Mamajuana tambi\u00e9n. La emoci\u00f3n comienza en el momento en que los gu\u00edas de Zip-Line comienzan a colocar todo el equipo regulador en cada Zipliner y explican paso a paso qu\u00e9 hacer en la Zip Line. Se requerir\u00e1 el uso de cascos de seguridad con arn\u00e9s doble &#8230; la adrenalina comienza a surtir efecto, suda e incluso se arrepiente para ver la distancia del primer salto. Espere y participe en la \u00abl\u00ednea de seguridad\u00bb en el cable de acero, as\u00ed que es hora de liberar su cuerpo, experimentar la sensaci\u00f3n de volar, volar de plataforma en plataforma y disfrutar del aire con una vista privilegiada de las monta\u00f1as exuberantes, antiguas y tropicales. .<\/p>\n<p>Reservando aventuras, Zip-Line el Valle se compone de 12 plataformas interconectadas por tres cables de acero para un total de 7,400 pies de cables, que soportan 13 mil libras cada uno, donde los aventureros se deslizan partiendo de la primera plataforma inspirada en un barco pirata y una distancia de 1,000 pies desde la segunda plataforma, a una altura de m\u00e1s de 400 pies. Pirouetea, grita de emoci\u00f3n o simplemente distrae la vista en un \u00e1ngulo de 360 \u200b\u200bgrados, descubriendo el bosque tropical m\u00e1s exuberante que crece en el coraz\u00f3n de las monta\u00f1as.<\/p>\n<p>Subirse a los cables para muchas estaciones y terminar en la playa de El Valle. Esta playa es una de las m\u00e1s bellas de Saman\u00e1 y, por lo general, no hay muchas personas visitando los alrededores.<\/p>\n<p>Almuerza en la playa y puedes quedarte todo el tiempo que quieras nadando. \u00a1Se ofrece pescado frito y Tostones! Si eres vegano, tambi\u00e9n podemos prepararte algo de comida.<\/p>\n<h3><em>Ne getirmelisiniz?<\/em><\/h3>\n<ul>\n<li>Kamera<\/li>\n<li>Kovucular<\/li>\n<li>g\u00fcne\u015f kremi<\/li>\n<li>\u015eapka<\/li>\n<li>Rahat pantolon<\/li>\n<li>Orman y\u00fcr\u00fcy\u00fc\u015f ayakkab\u0131lar\u0131<\/li>\n<li>Sandalias a la playa<\/li>\n<li>Mayo<\/li>\n<\/ul>\n<h3><em>Otelden alma<\/em><\/h3>\n<p>Bu tur i\u00e7in otelden alma hizmeti sunulmamaktad\u0131r.<\/p>\n<p><strong>Not:<\/strong> tur\/gezi\u0307 kalki\u015f saati\u0307nden i\u0307ti\u0307baren 24 saat i\u0307\u00e7i\u0307nde rezervasyon yaptirirsaniz, ek \u00fccret kar\u015fili\u011finda otelden alim ayarlayabi\u0307li\u0307ri\u0307z. Sat\u0131n alma i\u015fleminiz tamamland\u0131ktan sonra, yerel tur rehberimizin teslim alma d\u00fczenlemelerini ayarlamas\u0131 i\u00e7in size tam ileti\u015fim bilgilerini (telefon numaras\u0131, e-posta adresi vb.) G\u00f6nderece\u011fiz.<\/p>\n<h3><em>Ek bilgilerin do\u011frulanmas\u0131<\/em><\/h3>\n<ul>\n<li>Biletler, bu Tur i\u00e7in \u00f6deme yap\u0131ld\u0131ktan sonra al\u0131nan Makbuzdur. \u00d6demeyi telefonunuzda g\u00f6sterebilirsiniz.<\/li>\n<li>Rezervasyon i\u015fleminin ard\u0131ndan bulu\u015fma noktas\u0131 al\u0131nacakt\u0131r.<\/li>\n<li>\u00c7ocuklara bir yeti\u015fkinin e\u015flik etmesi gerekmektedir.<\/li>\n<li>Los participantes deben pesar al menos 45 libras.<\/li>\n<li>Sin peso m\u00e1ximo, pero los arneses deben adaptarse a su cuerpo. (talla 54 cintura m\u00e1x.)<\/li>\n<li>Puedes Zip doble, con ni\u00f1os o con alguien especial.<\/li>\n<\/ul>\n<p><strong>Not:<\/strong> Hay una caminata de 100 yardas por una empinada colina de grava para llegar a la primera plataforma.<\/p>\n<ul>\n<li>Tekerlekli sandalye eri\u015fimine uygun de\u011fil<\/li>\n<li>Los infantes deben sentarse con un adulto<\/li>\n<li>S\u0131rt sorunu olan gezginler i\u00e7in \u00f6nerilmez.<\/li>\n<li>Hamile kad\u0131nlara tavsiye edilmez.<\/li>\n<li>Kalp problemi ya da di\u011fer ciddi sa\u011fl\u0131k sorunlar\u0131 yok.<\/li>\n<li>\u00c7o\u011fu gezgin kat\u0131labilir.<\/li>\n<\/ul>\n<h3><em>\u0130ptal politikas\u0131<\/em><\/h3>\n<p>Para obtener un reembolso completo, cancele al menos 24 horas antes de la fecha de inicio de la actividad.<\/p>\n\n\t\t<\/div>\n\t<\/div>\n<\/div><\/div><\/div><\/div><div class=\"vc_row wpb_row vc_row-fluid\" ><div class=\"wpb_column vc_column_container vc_col-sm-12\"><div class=\"vc_column-inner\"><div class=\"wpb_wrapper\">\n\t<div class=\"wpb_text_column wpb_content_element\" >\n\t\t<div class=\"wpb_wrapper\">\n\t\t\t<h4>\u00a1Cont\u00e1ctenos!<\/h4>\n<h5>Reserva de aventuras<\/h5>\n<p><em>Tur rehberleri <strong>Locales<\/strong> Ve <strong>ulusal<\/strong> y servicios para hu\u00e9spedes<\/em><\/p>\n<p>Rezervasyonlar: Dom. Cum. Turlar\u0131 ve Gezileri<\/p>\n<p>Tel\/Whatsapp +1-809-720-6035.<\/p>\n<p>info@bookingadventures.com.do<\/p>\n<p>Hacemos tours privados de configuraci\u00f3n flexible por Whatsapp:<strong>\u00a0<a href=\"tel:+18097206035\">+18097206035.<\/a><\/strong><\/p>\n\n\t\t<\/div>\n\t<\/div>\n<div class=\"vc_empty_space\"   style=\"height: 32px\"><span class=\"vc_empty_space_inner\"><\/span><\/div><\/div><\/div><\/div><\/div>","protected":false},"excerpt":{"rendered":"<p>Tirolesa en Saman\u00e1, El Valle m\u00e1s un almuerzo en la playa. \u00a1Ven con nosotros y visita una de las tirolesas m\u00e1s largas del Caribe, 12 l\u00edneas, 13 estaciones y m\u00e1s de 7,400 pies de cable!<\/p>\n<p>Despu\u00e9s de esta experiencia, obtendr\u00e1 su tiempo en la playa adem\u00e1s de un almuerzo local en la playa.<\/p>\n<p><em><strong>L\u00fctfen Tur i\u00e7in tarih se\u00e7iniz:<\/strong><\/em><\/p>","protected":false},"featured_media":132,"template":"","meta":[],"product_brand":[],"product_cat":[96,135,122,443,123,124],"product_tag":[138,157,158,142,147,148,143,159,160,161],"class_list":{"0":"post-607","1":"product","2":"type-product","3":"status-publish","4":"has-post-thumbnail","6":"product_cat-hiking","7":"product_cat-lunch","8":"product_cat-tours-and-excursions","9":"product_cat-tours-y-excursiones-es","10":"product_cat-tours-excursions-los-haitises-national-park","11":"product_cat-tours-excursions-samana-bay-dominican-republic","12":"product_tag-beach-time","13":"product_tag-el-valle-beach","14":"product_tag-playa-el-valle","15":"product_tag-samana","16":"product_tag-samana-bay","17":"product_tag-samana-excursions","18":"product_tag-samana-tours","19":"product_tag-tours-dominican-republic","20":"product_tag-zip-line","21":"product_tag-zip-line-samana","23":"first","24":"instock","25":"sale","26":"sold-individually","27":"shipping-taxable","28":"product-type-external"},"_links":{"self":[{"href":"https:\/\/visitaloshaitises.com\/tr\/wp-json\/wp\/v2\/product\/607","targetHints":{"allow":["GET"]}}],"collection":[{"href":"https:\/\/visitaloshaitises.com\/tr\/wp-json\/wp\/v2\/product"}],"about":[{"href":"https:\/\/visitaloshaitises.com\/tr\/wp-json\/wp\/v2\/types\/product"}],"wp:featuredmedia":[{"embeddable":true,"href":"https:\/\/visitaloshaitises.com\/tr\/wp-json\/wp\/v2\/media\/132"}],"wp:attachment":[{"href":"https:\/\/visitaloshaitises.com\/tr\/wp-json\/wp\/v2\/media?parent=607"}],"wp:term":[{"taxonomy":"product_brand","embeddable":true,"href":"https:\/\/visitaloshaitises.com\/tr\/wp-json\/wp\/v2\/product_brand?post=607"},{"taxonomy":"product_cat","embeddable":true,"href":"https:\/\/visitaloshaitises.com\/tr\/wp-json\/wp\/v2\/product_cat?post=607"},{"taxonomy":"product_tag","embeddable":true,"href":"https:\/\/visitaloshaitises.com\/tr\/wp-json\/wp\/v2\/product_tag?post=607"}],"curies":[{"name":"wp","href":"https:\/\/api.w.org\/{rel}","templated":true}]}}