{"id":562,"date":"2020-06-25T15:24:34","date_gmt":"2020-06-25T15:24:34","guid":{"rendered":"https:\/\/haitises.com\/?post_type=product&#038;p=562"},"modified":"2024-04-17T17:28:59","modified_gmt":"2024-04-17T17:28:59","slug":"los-haitises-excursion-en-kayak-4-horas","status":"publish","type":"product","link":"https:\/\/visitaloshaitises.com\/tr\/private\/los-haitises-excursion-en-kayak-4-horas\/","title":{"rendered":"Los Haitises Kayak Gezisi 4 saat"},"content":{"rendered":"<div class=\"vc_row wpb_row vc_row-fluid\" ><div class=\"wpb_column vc_column_container vc_col-sm-12\"><div class=\"vc_column-inner\"><div class=\"wpb_wrapper\"><div class=\"vc_empty_space\"   style=\"height: 32px\"><span class=\"vc_empty_space_inner\"><\/span><\/div><\/div><\/div><\/div><\/div><div class=\"vc_row wpb_row vc_row-fluid\" ><div class=\"wpb_column vc_column_container vc_col-sm-12\"><div class=\"vc_column-inner\"><div class=\"wpb_wrapper\"><div class=\"mkdf-section-title-holder\" style=\"text-align: left\">\n\t<div class=\"mkdf-st-inner\">\n\t\t\t\t\t<h5 class=\"mkdf-st-subtitle\" >\n\t\t\t\tManglares, cuevas y m\u00e1s.\t\t\t<\/h5>\n\t\t\t\t\t\t\t<\/div>\n<\/div><\/div><\/div><\/div><\/div><div class=\"vc_row wpb_row vc_row-fluid\" ><div class=\"wpb_column vc_column_container vc_col-sm-12\"><div class=\"vc_column-inner\"><div class=\"wpb_wrapper\"><div class=\"vc_empty_space\"   style=\"height: 32px\"><span class=\"vc_empty_space_inner\"><\/span><\/div><\/div><\/div><\/div><\/div><div class=\"vc_row wpb_row vc_row-fluid\" ><div class=\"wpb_column vc_column_container vc_col-sm-12\"><div class=\"vc_column-inner\"><div class=\"wpb_wrapper\">\n\t<div class=\"wpb_text_column wpb_content_element\" >\n\t\t<div class=\"wpb_wrapper\">\n\t\t\t<h2>Kayak en Los Haitises con gu\u00eda tur\u00edstico de Ca\u00f1o Hondo 4 horas<\/h2>\n<h3>Tan\u0131m<\/h3>\n<p>Manglares en kayak en el Parque Nacional Los Haitises con un gu\u00eda local por 4 horas. Visitando manglares, cuevas, pictograf\u00edas en el r\u00edo Ca\u00f1o Hondo y una descripci\u00f3n general de la bah\u00eda de San Lorenzo en el parque nacional Los Haitises, \u00e1rea de Sabana de la Mar, Ca\u00f1o Hondo. En caso de viaje corto: kayak Los Haitises 2 horas<\/p>\n<ul>\n<li>K\u0131lavuz talimat ve denetim sa\u011flar.<\/li>\n<li>Kanolar ve k\u00fcrekler mevcuttur \u0130ki ki\u015fi i\u00e7in \u00e7ift ki\u015filik ve bir ki\u015fi i\u00e7in tek ki\u015filik.<\/li>\n<\/ul>\n<h3>Dahil edilenler ve hari\u00e7 tutulanlar<\/h3>\n<h4>Kapsamalar<\/h4>\n<ol>\n<li>Kay\u0131k gezisi<\/li>\n<li>Excursiones a las cuevas<\/li>\n<li>T\u00fcm vergiler, har\u00e7lar ve ta\u015f\u0131ma \u00fccretleri<\/li>\n<li>Yerel vergiler<\/li>\n<li>Yerel rehber<\/li>\n<\/ol>\n<h4>\u0130stisnalar<\/h4>\n<ol>\n<li>\u0130pu\u00e7lar\u0131<\/li>\n<li>Ula\u015f\u0131m<\/li>\n<li>El almuerzo no est\u00e1 incluido.<\/li>\n<li>Alkoll\u00fc i\u00e7ecekler<\/li>\n<\/ol>\n<h3><em>Kalk\u0131\u015f ve d\u00f6n\u00fc\u015f<\/em><\/h3>\n<p>Gezgin, rezervasyon i\u015fleminden sonra bir bulu\u015fma noktas\u0131na sahip olacakt\u0131r. Turlar bulu\u015fma noktalar\u0131m\u0131zda ba\u015flar ve biter.<\/p>\n<h3><em>Ne bekleyebilece\u011finizi?<\/em><\/h3>\n<p>Obtenga sus boletos para visitar 4 horas en kayak el bosque del r\u00edo Ca\u00f1o Hondo (manglares), las Islas Rocosas, Observar aves y Cuevass con el gu\u00eda tur\u00edstico local.<\/p>\n<p>Conseguimos todos los tipos de equipos necesarios para su seguridad (chalecos salvavidas, etc.), y la acci\u00f3n comienza en kayak desde el r\u00edo Ca\u00f1o Hondo.<\/p>\n<p>El recorrido, organizado por \u00abBooking Adventures\u00bb, comienza en el punto de encuentro establecido con el gu\u00eda tur\u00edstico. Tomando los kayaks y atravesando manglares, pasando por antiguas cuevas piratas y por bosques protegidos en esta pintoresca reserva a partir del \u00e1rea de los Hoteles Ca\u00f1o Hondo o de Sabana de la Mar.<\/p>\n<p>Ven con Booking Adventures y comienza a observar algunos manglares llenos de aves, colinas onduladas de exuberante vegetaci\u00f3n y cuevas del Parque Nacional Los Haitises. Hacer una excursi\u00f3n en kayaks desde el r\u00edo Ca\u00f1o Hondo, Sabana de la Mar. A trav\u00e9s de los manglares y tierra en la bah\u00eda abierta de San Lorenzo, desde donde se puede fotografiar el paisaje boscoso escarpado. Mire el agua para ver manat\u00edes, crust\u00e1ceos y delfines.<\/p>\n<p>El nombre del parque nacional proviene de sus habitantes originales, los indios ta\u00ednos. En su idioma, \u00abHaitises\u00bb se traduce como tierras altas o colinas, una referencia a las empinadas formaciones geol\u00f3gicas de la costa con calizas. Avent\u00farate m\u00e1s en el parque para explorar cuevas como la Cueva de la Arena y la Cueva de la L\u00ednea. Las cuevas en la reserva fueron utilizadas como refugio por los indios ta\u00ednos y, m\u00e1s tarde, por los piratas para esconderse. Busque dibujos de indios que decoran algunas de las paredes.<\/p>\n<p>En caso de que le guste este viaje m\u00e1s corto, tenemos una segunda opci\u00f3n: kayak en Los Haitises 2 horas<\/p>\n<p>Tur Los Haitises Ulusal Park\u0131'ndaki ba\u015flang\u0131\u00e7 noktas\u0131nda sona ermektedir. Denizay\u0131lar\u0131, kabuklular ve yunuslar\u0131 g\u00f6rmek istemeniz durumunda bu geziyi sabah 6: 00'da yapman\u0131z\u0131 \u00f6neririz.<\/p>\n<p>Sabah 6:00 erken bir saat, yani Los Haitises Ulusal Park\u0131'nda hen\u00fcz tekne yok.<\/p>\n<h3><em>Ne getirmelisiniz?<\/em><\/h3>\n<ul>\n<li>Kamera<\/li>\n<li>Kovucular<\/li>\n<li>G\u00fcne\u015f kremi<\/li>\n<li>SombreroPantalones c\u00f3modos<\/li>\n<li>Sandaletler<\/li>\n<li>Mayo<\/li>\n<\/ul>\n<h3><em>Otelden alma<\/em><\/h3>\n<p>Bu tur i\u00e7in otelden alma hizmeti sunulmamaktad\u0131r.<\/p>\n<p><strong>Not<\/strong>: si realiza la reserva dentro de las 24 horas de la hora de salida del tour \/ excursi\u00f3n, podemos organizar la recogida en el hotel con cargos adicionales. Una vez que se complete su compra, le enviaremos informaci\u00f3n de contacto completa (n\u00famero de tel\u00e9fono, direcci\u00f3n de correo electr\u00f3nico, etc.) para que nuestro gu\u00eda tur\u00edstico local organice los arreglos de recogida.<\/p>\n<h3><em>Ek bilgilerin do\u011frulanmas\u0131<\/em><\/h3>\n<ul>\n<li>Biletler, bu Tur i\u00e7in \u00f6deme yap\u0131ld\u0131ktan sonra al\u0131nan Makbuzdur. \u00d6demeyi telefonunuzda g\u00f6sterebilirsiniz.<\/li>\n<li>Rezervasyon i\u015fleminin ard\u0131ndan bulu\u015fma noktas\u0131 al\u0131nacakt\u0131r.<\/li>\n<li>\u00c7ocuklara bir yeti\u015fkinin e\u015flik etmesi gerekmektedir.<\/li>\n<li>Tekerlekli sandalye eri\u015fimine uygun de\u011fil<\/li>\n<li>Los infantes deben sentarse en un asiento de beb\u00e9s o con un adulto<\/li>\n<li>S\u0131rt sorunu olan gezginler i\u00e7in \u00f6nerilmez.<\/li>\n<li>Hamile kad\u0131nlara tavsiye edilmez.<\/li>\n<li>Kalp problemi ya da di\u011fer ciddi sa\u011fl\u0131k sorunlar\u0131 yok.<\/li>\n<li>\u00c7o\u011fu gezgin kat\u0131labilir.<\/li>\n<\/ul>\n<h3><em>\u0130ptal politikas\u0131<\/em><\/h3>\n<p>Tam para iadesi i\u00e7in deneyim ba\u015flang\u0131\u00e7 tarihinden en az 24 saat \u00f6nce iptal edin.<\/p>\n<h3><em>Bize Ula\u015f\u0131n?<\/em><\/h3>\n<p>Rezervasyon Maceralar\u0131<br \/>\nYerel ve ulusal tur rehberleri ve misafir hizmetleri<\/p>\n<p>Rezervasyonlar: Yurt Temsilciliklerinde Turlar ve Geziler.<\/p>\n<p>\ud83d\udcde Tel\/Whatsapp +1-809-720-6035.<\/p>\n<p>\ud83d\udce9 info@bookingadventures.com.do<\/p>\n<p>Hacemos tours privados con flexibilidad por Whatsapp: +18097206035.<\/p>\n\n\t\t<\/div>\n\t<\/div>\n<\/div><\/div><\/div><\/div>","protected":false},"excerpt":{"rendered":"<p>Excursi\u00f3n al Parque Nacional Los Haitises comenzando desde Sabana de la Mar en el \u00e1rea de Ca\u00f1o Hondo, visitando manglares, cuevas, pictograf\u00edas y formaciones rocosas.<\/p>\n<p>Este recorrido se puede configurar con el clip de Rutas de senderismo aqu\u00ed. Conozca la historia real de la historia del Parque Nacional Los Haitises con locales.<\/p>\n<p><strong>L\u00fctfen Tur i\u00e7in tarih se\u00e7iniz:<\/strong><\/p>","protected":false},"featured_media":229,"template":"","meta":[],"product_brand":[],"product_cat":[144,443,123,124],"product_tag":[126,127,145,150,197,198,199,132,133,200,201,114,147,148],"class_list":{"0":"post-562","1":"product","2":"type-product","3":"status-publish","4":"has-post-thumbnail","6":"product_cat-kayaking","7":"product_cat-tours-y-excursiones-es","8":"product_cat-tours-excursions-los-haitises-national-park","9":"product_cat-tours-excursions-samana-bay-dominican-republic","10":"product_tag-cano-hondo","11":"product_tag-cano-hondo-hotel","12":"product_tag-day-tour-cano-hondo","13":"product_tag-kayak-dominican-republic","14":"product_tag-kayaking-dominican-republic","15":"product_tag-kayaking-los-haitises","16":"product_tag-kayaks","17":"product_tag-los-haitises","18":"product_tag-los-haitises-national-park","19":"product_tag-los-haitises-tours","20":"product_tag-private-tours-samana","21":"product_tag-sabana-de-la-mar","22":"product_tag-samana-bay","23":"product_tag-samana-excursions","25":"first","26":"instock","27":"sale","28":"sold-individually","29":"shipping-taxable","30":"product-type-external"},"_links":{"self":[{"href":"https:\/\/visitaloshaitises.com\/tr\/wp-json\/wp\/v2\/product\/562","targetHints":{"allow":["GET"]}}],"collection":[{"href":"https:\/\/visitaloshaitises.com\/tr\/wp-json\/wp\/v2\/product"}],"about":[{"href":"https:\/\/visitaloshaitises.com\/tr\/wp-json\/wp\/v2\/types\/product"}],"wp:featuredmedia":[{"embeddable":true,"href":"https:\/\/visitaloshaitises.com\/tr\/wp-json\/wp\/v2\/media\/229"}],"wp:attachment":[{"href":"https:\/\/visitaloshaitises.com\/tr\/wp-json\/wp\/v2\/media?parent=562"}],"wp:term":[{"taxonomy":"product_brand","embeddable":true,"href":"https:\/\/visitaloshaitises.com\/tr\/wp-json\/wp\/v2\/product_brand?post=562"},{"taxonomy":"product_cat","embeddable":true,"href":"https:\/\/visitaloshaitises.com\/tr\/wp-json\/wp\/v2\/product_cat?post=562"},{"taxonomy":"product_tag","embeddable":true,"href":"https:\/\/visitaloshaitises.com\/tr\/wp-json\/wp\/v2\/product_tag?post=562"}],"curies":[{"name":"wp","href":"https:\/\/api.w.org\/{rel}","templated":true}]}}