{"id":42,"date":"2020-06-14T11:56:46","date_gmt":"2020-06-14T11:56:46","guid":{"rendered":"https:\/\/haitises.com\/product\/import-placeholder-for-8848\/"},"modified":"2024-04-24T19:14:25","modified_gmt":"2024-04-24T19:14:25","slug":"birdwatching-in-los-haitises-national-park","status":"publish","type":"product","link":"https:\/\/visitaloshaitises.com\/tr\/private\/los-haitises-ulusal-parkinda-kus-gozlemi\u0307\/","title":{"rendered":"Los Haitises Ulusal Park\u0131&#039;nda Ku\u015f G\u00f6zlemcili\u011fi"},"content":{"rendered":"<div class=\"vc_row wpb_row vc_row-fluid\" ><div class=\"wpb_column vc_column_container vc_col-sm-12\"><div class=\"vc_column-inner\"><div class=\"wpb_wrapper\"><div class=\"mkdf-section-title-holder\" style=\"text-align: left\">\n\t<div class=\"mkdf-st-inner\">\n\t\t\t\t\t<h5 class=\"mkdf-st-subtitle\" >\n\t\t\t\tLos Haitises Ulusal Park\u0131'nda ku\u015f g\u00f6zlemcili\u011fi\t\t\t<\/h5>\n\t\t\t\t\t\t\t<h3 class=\"mkdf-st-title\" >\n\t\t\t\tRidgway'in \u015eahin Turu\t\t\t<\/h3>\n\t\t\t\t\t<\/div>\n<\/div><\/div><\/div><\/div><\/div><div class=\"vc_row wpb_row vc_row-fluid\" ><div class=\"wpb_column vc_column_container vc_col-sm-12\"><div class=\"vc_column-inner\"><div class=\"wpb_wrapper\">\n\t<div class=\"wpb_text_column wpb_content_element\" >\n\t\t<div class=\"wpb_wrapper\">\n\t\t\t<h4><b><i>Genel Bak\u0131\u015f <\/i><\/b><\/h4>\n<section><\/section>\n<p><strong>Los Haitises Ulusal Park\u0131<\/strong> hem endemizm hem de t\u00fcr say\u0131s\u0131 a\u00e7\u0131s\u0131ndan biyolojik \u00e7e\u015fitlilik ve fauna zenginli\u011fi a\u00e7\u0131s\u0131ndan en y\u00fcksek \u00f6neme sahip olmas\u0131 nedeniyle do\u011faseverler ve ku\u015f g\u00f6zlemcileri i\u00e7in pop\u00fcler bir destinasyondur. \u00c7arp\u0131c\u0131 manzaralara sahip tropikal ya\u011fmur orman\u0131 ve Dominik Cumhuriyeti'ndeki en b\u00fcy\u00fck ve en \u00f6nemli do\u011fa koruma alanlar\u0131ndan biri. Los Haitises, baz\u0131lar\u0131 olduk\u00e7a nadir g\u00f6r\u00fclen ve nesli t\u00fckenmekte olan \u00e7ok \u00e7e\u015fitli yerli, endemik ve g\u00f6\u00e7men ku\u015flara ev sahipli\u011fi yapmaktad\u0131r. \u00c7o\u011fu insan park\u0131, ma\u011faralar\u0131n\u0131, adalar\u0131n\u0131 ve yaban hayat\u0131n\u0131 ke\u015ffetmek i\u00e7in tekneyle yola \u00e7\u0131kmaktad\u0131r.<\/p>\n<p>Los Haitises Ulusal Park\u0131'nda bulabilece\u011finiz 110 ku\u015f t\u00fcr\u00fcn\u00fc koruma alt\u0131na al\u0131yoruz. Papa\u011fanlar\u0131, Tody'leri, Ridgway \u015eahinlerini, tanagerleri, sinek ku\u015flar\u0131n\u0131 ve \u00e7ok daha fazlas\u0131n\u0131 aramak i\u00e7in bu b\u00fcy\u00fcl\u00fc ormanda y\u00fcr\u00fcy\u00fcn. Humit parkurunda g\u00f6rebilece\u011finiz t\u00fcm bu ku\u015flar hakk\u0131nda ilgin\u00e7 bir Tarih\u00e7e sunuyoruz. Ridgway'in, K\u00fcll\u00fc Y\u00fczl\u00fc Bayku\u015flar\u0131n ve di\u011fer endemik t\u00fcrlerin ya\u015fam alanlar\u0131n\u0131 biliyoruz. Bu tur do\u011faya odaklanm\u0131\u015ft\u0131r ve yaban hayat\u0131 ile ilgili bilgilere daha fazla yo\u011funla\u015fm\u0131\u015ft\u0131r.<\/p>\n<p><strong>Ger\u00e7ekten y\u00fcksek kaliteli bir deneyim i\u00e7in genellikle \u00f6zel bir turdur.<\/strong><\/p>\n<h4><\/h4>\n<h4><b>Dahil Edilenler ve Hari\u00e7 Tutulanlar<\/b><\/h4>\n<p><b>Kapsamalar<\/b><\/p>\n<ol>\n<li style=\"font-weight: 400;\">Park patikalar\u0131nda 3 saatlik ku\u015f y\u00fcr\u00fcy\u00fc\u015f\u00fc<\/li>\n<li style=\"font-weight: 400;\"><span style=\"font-weight: 400;\">T\u00fcm vergiler, har\u00e7lar ve i\u015flem \u00fccretleri<\/span><\/li>\n<li style=\"font-weight: 400;\"><span style=\"font-weight: 400;\">Yerel vergiler<\/span><\/li>\n<li style=\"font-weight: 400;\">Yetkililer Ekolog tur rehberleri \u0130ngilizce\/\u0130spanyolca<\/li>\n<\/ol>\n<p><b> \u0130stisnalar<\/b><\/p>\n<ol>\n<li style=\"font-weight: 400;\"><span style=\"font-weight: 400;\">Bah\u015fi\u015fler<\/span><\/li>\n<li style=\"font-weight: 400;\"><span style=\"font-weight: 400;\">Aktar<\/span><\/li>\n<li style=\"font-weight: 400;\"><span style=\"font-weight: 400;\">\u0130\u00e7ecek<\/span><\/li>\n<\/ol>\n<p>&nbsp;<\/p>\n<h4><em><strong>Gidi\u015f &amp; D\u00f6n\u00fc\u015f<\/strong><\/em><\/h4>\n<p><span style=\"font-weight: 400;\">The tour, organized by \u00abBooking Adventures\u00bb starts at the meeting point set with the Tour Guide. The traveler will get a meeting point after the Reservation Process. Tours start and Finished in our meeting points.<\/span><\/p>\n<p>&nbsp;<\/p>\n<h4><b><i>Ne bekleyebilece\u011finizi?<\/i><\/b><\/h4>\n<p><em><strong>Biletinizi al\u0131n<\/strong><\/em> Los Haitises Ulusal Park\u0131'nda ku\u015f g\u00f6zlemcili\u011fi i\u00e7in.<\/p>\n<p>Bu gezi, bulu\u015fma noktas\u0131ndan Ridgway patikalar\u0131ndan Yuvalama alanlar\u0131na do\u011fru y\u00fcr\u00fcy\u00fc\u015fle ba\u015flar. 30 dakika y\u00fcr\u00fcy\u00fc\u015f yapt\u0131ktan ve \u015eahinleri izledikten sonra y\u00fcr\u00fcy\u00fc\u015fe devam etme ve Los Haitises Ulusal Park\u0131'ndaki Papa\u011fanlar\u0131, pikuletleri ve Di\u011fer Endemik t\u00fcrleri kontrol etme se\u00e7ene\u011fimiz var.<\/p>\n<p>Los Haitises Ulusal Park\u0131'nda Sabana de la Mar'da Ku\u015f G\u00f6zlemcili\u011fi i\u00e7in sadece iki Parkur bulunmaktad\u0131r. Los Haitises Ulusal Park\u0131'na giderken daha fazla ku\u015f g\u00f6rmek i\u00e7in baz\u0131 noktalarda duruyoruz.<\/p>\n<p>San Lorenzo K\u00f6rfezindeydik. iki Ma\u011faray\u0131 ziyaret edece\u011fiz, \u0130spanyolca Cueva de la Arena olarak adland\u0131r\u0131lan \u00dcz\u00fcc\u00fc Ma\u011fara; Bu Ma\u011farada, bu b\u00f6lgede kalan Tainos topluluklar\u0131ndan petrograflar\u0131 g\u00f6rebiliriz. ve ma\u011faralar\u0131 bir tap\u0131nak olarak kullan\u0131yor.<\/p>\n<p>Daha sonra, 2.243 orijinal piktograf\u0131n bulundu\u011fu Linea Ma\u011faras\u0131'na gidiyoruz ve tur rehberimiz size arkeologlardan bu piktograflar hakk\u0131nda bilgi veriyor.<\/p>\n<p>Tekneyi tekrar Pajaros adas\u0131na (Ku\u015flar Adas\u0131) g\u00f6t\u00fcrerek Los Haitises Ulusal Park\u0131 \u00e7evresindeki sulak alan ku\u015flar\u0131n\u0131n \u00e7o\u011funu g\u00f6rebiliyoruz. \u00c7\u00fcnk\u00fc b\u00fct\u00fcn ku\u015flar suda de\u011fil.<\/p>\n<p>Los Haitises Ulusal Park\u0131'nda ku\u015flar hakk\u0131nda 4 bu\u00e7uk saat \u00f6\u011frendikten sonra, bu gezi ba\u015flad\u0131\u011f\u0131 yerde sona eriyor.<\/p>\n<p><strong>Not: Bu turlar Resmi Ekolog tur rehberleri ile yap\u0131lmaktad\u0131r. Parkta \u00e7ok fazla uzman bulunmad\u0131\u011f\u0131ndan l\u00fctfen zaman\u0131nda rezervasyon yapt\u0131r\u0131n.<\/strong><\/p>\n<p>&nbsp;<\/p>\n<h4><em><strong>Ne getirmelisiniz?<\/strong><\/em><\/h4>\n<ul>\n<li style=\"font-weight: 400;\"><span style=\"font-weight: 400;\">kamera<\/span><\/li>\n<li>Binok\u00fcler<\/li>\n<li style=\"font-weight: 400;\"><span style=\"font-weight: 400;\">Kovucu tomurcuklar<\/span><\/li>\n<li style=\"font-weight: 400;\"><span style=\"font-weight: 400;\">G\u00fcne\u015f kremi<\/span><\/li>\n<li style=\"font-weight: 400;\"><span style=\"font-weight: 400;\">\u015eapka<\/span><\/li>\n<li style=\"font-weight: 400;\"><span style=\"font-weight: 400;\">Rahat pantolon<\/span><\/li>\n<li style=\"font-weight: 400;\"><span style=\"font-weight: 400;\">Orman i\u00e7in y\u00fcr\u00fcy\u00fc\u015f ayakkab\u0131s\u0131<\/span><\/li>\n<li style=\"font-weight: 400;\"><span style=\"font-weight: 400;\">Bahar b\u00f6lgelerine sandaletler.<\/span><\/li>\n<li style=\"font-weight: 400;\"><span style=\"font-weight: 400;\">Y\u00fczme giysileri<\/span><\/li>\n<\/ul>\n<p>&nbsp;<\/p>\n<h4><b><i>Otelden Alma <\/i><\/b><\/h4>\n<p><span style=\"font-weight: 400;\">Bu tur i\u00e7in otelden ara\u00e7la alma hizmeti sunulmamaktad\u0131r. <\/span><\/p>\n<p>&nbsp;<\/p>\n<p><b>Not:<\/b><span style=\"font-weight: 400;\"> Tur\/Gezi kalk\u0131\u015f saatinden sonraki 24 saat i\u00e7inde rezervasyon yap\u0131yorsan\u0131z, ekstra \u00dccret kar\u015f\u0131l\u0131\u011f\u0131nda otelden alma i\u015flemini d\u00fczenleyebiliriz. Sat\u0131n alma i\u015fleminiz tamamland\u0131ktan sonra, yerel Tur rehberimizin kar\u015f\u0131lama d\u00fczenlemelerini organize etmesi i\u00e7in size eksiksiz ileti\u015fim bilgilerini (telefon numaras\u0131, e-posta adresi vb.) G\u00f6nderece\u011fiz.<\/span><\/p>\n<h4><b><i>Ek Bilgi Onay\u0131 <\/i><\/b><\/h4>\n<ol>\n<li>Biletler bu Turu \u00f6dedikten sonra al\u0131nan Makbuzdur. \u00d6demeyi telefonunuzda g\u00f6sterebilirsiniz.<\/li>\n<li style=\"font-weight: 400;\"><span style=\"font-weight: 400;\">Rezervasyon \u0130\u015fleminden Sonra Bulu\u015fma Noktas\u0131na Al\u0131nacakt\u0131r.<\/span><\/li>\n<li style=\"font-weight: 400;\"><span style=\"font-weight: 400;\">\u00c7ocuklara bir yeti\u015fkinin e\u015flik etmesi gerekmektedir.<\/span><\/li>\n<li style=\"font-weight: 400;\"><span style=\"font-weight: 400;\"> Tekerlekli sandalye eri\u015fimine uygun de\u011fil <\/span><\/li>\n<li style=\"font-weight: 400;\"><span style=\"font-weight: 400;\">Bebekler kucakta oturmal\u0131 <\/span><\/li>\n<li style=\"font-weight: 400;\"><span style=\"font-weight: 400;\">S\u0131rt sorunu olan gezginler i\u00e7in \u00f6nerilmez<\/span><\/li>\n<li style=\"font-weight: 400;\"><span style=\"font-weight: 400;\">Hamile gezginler i\u00e7in \u00f6nerilmez <\/span><\/li>\n<li style=\"font-weight: 400;\"><span style=\"font-weight: 400;\"> Kalp problemi veya ba\u015fka ciddi t\u0131bbi durum yok <\/span><\/li>\n<li style=\"font-weight: 400;\"><span style=\"font-weight: 400;\">\u00c7o\u011fu gezgin kat\u0131labilir<\/span><\/li>\n<\/ol>\n<p>Bu tur Minimum 2 ki\u015fi ve Maksimum 15 ki\u015fi i\u00e7in sunulmaktad\u0131r. Daha az ki\u015fi olmas\u0131 durumunda l\u00fctfen bizimle ileti\u015fime ge\u00e7in.<\/p>\n<h4><b><i>\u0130ptal politikas\u0131<\/i><\/b><\/h4>\n<p><span style=\"font-weight: 400;\">Tam para iadesi i\u00e7in deneyimin ba\u015flang\u0131\u00e7 tarihinden en az 24 saat \u00f6nce iptal edin.<\/span><\/p>\n\n\t\t<\/div>\n\t<\/div>\n<\/div><\/div><\/div><\/div><div class=\"vc_row wpb_row vc_row-fluid\" ><div class=\"wpb_column vc_column_container vc_col-sm-12\"><div class=\"vc_column-inner\"><div class=\"wpb_wrapper\">\n\t<div class=\"wpb_text_column wpb_content_element\" >\n\t\t<div class=\"wpb_wrapper\">\n\t\t\t<h4>Bize Ula\u015f\u0131n?<\/h4>\n<h5><em><strong>Rezervasyon Maceralar\u0131<\/strong><\/em><\/h5>\n<p><em><strong>Yerliler<\/strong> Ve <strong>Vatanda\u015flar<\/strong> Tur Rehberleri ve Misafir Hizmetleri<\/em><\/p>\n<p><span class=\"text-turquoise\">Rezervasyonlar:<\/span> Dom. Cum. s\u0131n\u0131rlar\u0131ndaki Turlar ve Geziler<\/p>\n<p><img decoding=\"async\" class=\"emoji\" draggable=\"false\" src=\"https:\/\/s.w.org\/images\/core\/emoji\/11.2.0\/svg\/1f4de.svg\" alt=\"\ud83d\udcde\" \/> Tel\/Whatsapp\u00a0 <a href=\"tel:+1-809-720-6035\">+1-809-720-6035<\/a>.<\/p>\n<p><img decoding=\"async\" class=\"emoji\" draggable=\"false\" src=\"https:\/\/s.w.org\/images\/core\/emoji\/11.2.0\/svg\/1f4e9.svg\" alt=\"\ud83d\udce9\" \/> <a href=\"mailto:info@bookingadventures.com.do\">info@bookingadventures.com.do<\/a><\/p>\n<p><strong>Whatsapp ile \u00d6zel Turlar\u0131 Esnek Ayarl\u0131yoruz: <a href=\"tel:+18097206035\">+18097206035.<\/a><\/strong><\/p>\n\n\t\t<\/div>\n\t<\/div>\n<\/div><\/div><\/div><\/div>","protected":false},"excerpt":{"rendered":"<p>Yerel Tur rehberi ile Los Haitises Ulusal Park\u0131 gezisi ku\u015f g\u00f6zlemcili\u011fi + Ma\u011faralar \u00fczerine yo\u011funla\u015fmaktad\u0131r. Los Haitises Ulusal Park\u0131'ndaki Koylar\u0131, Mangrovlar\u0131, Bitki \u00d6rt\u00fcs\u00fcn\u00fc, Ku\u015f\u00e7ulu\u011fu, Ma\u011faralar\u0131, Piktograflar\u0131 ve Sabana de la Mar'\u0131n tarihi alanlar\u0131n\u0131 ziyaret etmek.<\/p>\n<p>&nbsp;<\/p>\n<p><em><strong>L\u00fctfen Tur Tarihini Se\u00e7iniz\u00a0<\/strong><\/em><\/p>","protected":false},"featured_media":177,"template":"","meta":[],"product_brand":[],"product_cat":[119,120,96,98,121,122,123,124],"product_tag":[176,177,178,179,180,181,182,183,184,185,186,132,187,133,188,189,190,191,192,114,142,147,193],"class_list":{"0":"post-42","1":"product","2":"type-product","3":"status-publish","4":"has-post-thumbnail","6":"product_cat-caves","7":"product_cat-fees-entrace","8":"product_cat-hiking","9":"product_cat-local-tour-guides","10":"product_cat-mangroves","11":"product_cat-tours-and-excursions","12":"product_cat-tours-excursions-los-haitises-national-park","13":"product_cat-tours-excursions-samana-bay-dominican-republic","14":"product_tag-biding-sabana-de-la-mar","15":"product_tag-birding","16":"product_tag-birding-dominican-republic","17":"product_tag-birding-in-los-haitises","18":"product_tag-birdwatching","19":"product_tag-birdwatching-dominicana","20":"product_tag-birdwtaching","21":"product_tag-boat-tour-birding","22":"product_tag-carretera-cano-hondo","23":"product_tag-eco-lodge-paraiso-cano-hondo","24":"product_tag-hire-a-guide-in-los-haitises","25":"product_tag-los-haitises","26":"product_tag-los-haitises-birding","27":"product_tag-los-haitises-national-park","28":"product_tag-los-haitises-national-park-birding-tour-from-punta-cana","29":"product_tag-los-haitises-national-park-cano-hondo","30":"product_tag-los-haitises-samana","31":"product_tag-nature","32":"product_tag-ridgways-hawk","33":"product_tag-sabana-de-la-mar","34":"product_tag-samana","35":"product_tag-samana-bay","36":"product_tag-wildlife","38":"first","39":"instock","40":"sale","41":"sold-individually","42":"shipping-taxable","43":"product-type-external"},"_links":{"self":[{"href":"https:\/\/visitaloshaitises.com\/tr\/wp-json\/wp\/v2\/product\/42","targetHints":{"allow":["GET"]}}],"collection":[{"href":"https:\/\/visitaloshaitises.com\/tr\/wp-json\/wp\/v2\/product"}],"about":[{"href":"https:\/\/visitaloshaitises.com\/tr\/wp-json\/wp\/v2\/types\/product"}],"wp:featuredmedia":[{"embeddable":true,"href":"https:\/\/visitaloshaitises.com\/tr\/wp-json\/wp\/v2\/media\/177"}],"wp:attachment":[{"href":"https:\/\/visitaloshaitises.com\/tr\/wp-json\/wp\/v2\/media?parent=42"}],"wp:term":[{"taxonomy":"product_brand","embeddable":true,"href":"https:\/\/visitaloshaitises.com\/tr\/wp-json\/wp\/v2\/product_brand?post=42"},{"taxonomy":"product_cat","embeddable":true,"href":"https:\/\/visitaloshaitises.com\/tr\/wp-json\/wp\/v2\/product_cat?post=42"},{"taxonomy":"product_tag","embeddable":true,"href":"https:\/\/visitaloshaitises.com\/tr\/wp-json\/wp\/v2\/product_tag?post=42"}],"curies":[{"name":"wp","href":"https:\/\/api.w.org\/{rel}","templated":true}]}}