{"id":11643,"date":"2023-10-04T07:39:47","date_gmt":"2023-10-04T07:39:47","guid":{"rendered":"https:\/\/haitises.com\/?post_type=product&#038;p=11643"},"modified":"2024-04-01T15:06:27","modified_gmt":"2024-04-01T15:06:27","slug":"los-haitises-national-park-tour-from-punta-cana-montana-redonda-cano-hondo-3","status":"publish","type":"product","link":"https:\/\/visitaloshaitises.com\/tr\/private\/punta-cana-montana-redonda-cano-hondodan-los-haitises-milli-park-turu\/","title":{"rendered":"Los Haitises National Park Tour from Punta Cana, Montana Redonda &#038; Ca\u00f1o Hondo"},"content":{"rendered":"<div class=\"vc_row wpb_row vc_row-fluid\" ><div class=\"wpb_column vc_column_container vc_col-sm-12\"><div class=\"vc_column-inner\"><div class=\"wpb_wrapper\"><div class=\"vc_btn3-container vc_btn3-inline\" ><a class=\"vc_general vc_btn3 vc_btn3-size-md vc_btn3-shape-rounded vc_btn3-style-modern vc_btn3-color-green\" href=\"https:\/\/bookingadventures.tours\/booking.php?tour_id=2d52ebf3635f3c30a26b2bdd1f47c0d8\" title=\"\" target=\"_blank\" rel=\"noopener\">REZERVASYON YAP<\/a><\/div><div class=\"mkdf-section-title-holder\" style=\"text-align: left\">\n\t<div class=\"mkdf-st-inner\">\n\t\t\t\t\t<h5 class=\"mkdf-st-subtitle\" >\n\t\t\t\tUla\u015f\u0131m ve \u00d6\u011fle Yeme\u011fi Dahil\t\t\t<\/h5>\n\t\t\t\t\t\t\t<h3 class=\"mkdf-st-title\" >\n\t\t\t\tPunta Cana'dan Los Haitises Ulusal Park\u0131 Turu, Montana Redonda &amp; Cano Hondo G\u00fcn\u00fcbirlik Gezisi.\t\t\t<\/h3>\n\t\t\t\t\t<\/div>\n<\/div><\/div><\/div><\/div><\/div><div class=\"vc_row wpb_row vc_row-fluid\" ><div class=\"wpb_column vc_column_container vc_col-sm-12\"><div class=\"vc_column-inner\"><div class=\"wpb_wrapper\">\n\t<div class=\"wpb_text_column wpb_content_element\" >\n\t\t<div class=\"wpb_wrapper\">\n\t\t\t<h3><\/h3>\n<h4><b><i>Genel Bak\u0131\u015f <\/i><\/b><\/h4>\n<p>Punta Cana'dan Los Haitises Ulusal Park\u0131 Turu G\u00fcnl\u00fck Gezi. Punta Cana veya Bavaro'daki otelinizden ba\u015fl\u0131yoruz. Tur rehberimiz ile Montana Redonda'ya gidece\u011fiz. Dominik Cumhuriyeti'nin en etkileyici manzaralar\u0131ndan birinden muhte\u015fem Foto\u011fraflar \u00e7ekmek i\u00e7in zaman\u0131n\u0131z var. Bu ilk duraktan sonra, Jurassic Park'taki gibi mangrovlar\u0131n, ma\u011faralar\u0131n ve \u00fcnl\u00fc kayal\u0131k adalar\u0131n etraf\u0131nda dola\u015f\u0131rken Los Haitises Ulusal Park\u0131'n\u0131, baz\u0131 at\u0131\u015ft\u0131rmal\u0131klar\u0131 ve tipik i\u00e7ecekleri ziyaret etmeye devam ediyoruz. Los Haitises Ulusal Park\u0131n\u0131 ziyaret ettikten sonra Ca\u00f1o Hondo'da \u00f6\u011fle yeme\u011fi bizi bekliyor. Yerel ve gastronomik \u00f6\u011fle yeme\u011finden sonra Los Haitises Ulusal Park\u0131'ndan gelen e\u015fsiz Do\u011fal havuzlarda y\u00fczmek i\u00e7in zaman\u0131n\u0131z olmal\u0131.<\/p>\n<p>Bu deneyimden sonra, sizi ald\u0131\u011f\u0131m\u0131z yerden Punta Cana Toplulu\u011funa geri d\u00f6neceksiniz.<\/p>\n<ul>\n<li style=\"font-weight: 400;\">\u00dccretler dahil<\/li>\n<li>\u00d6\u011fle yeme\u011fi<\/li>\n<li>At\u0131\u015ft\u0131rmal\u0131klar<\/li>\n<li style=\"font-weight: 400;\">\u0130ngilizce veya Frans\u0131zca Yerel Tur Rehberi<\/li>\n<li>Ula\u015f\u0131m<\/li>\n<li>Tekne Gezisi<\/li>\n<li>Montana Turu<\/li>\n<li>Ca\u00f1o Hondo<\/li>\n<\/ul>\n<p>&nbsp;<\/p>\n<h4><b>Dahil Edilenler ve Hari\u00e7 Tutulanlar<\/b><\/h4>\n<p>&nbsp;<\/p>\n<p><b>Kapsamalar<\/b><\/p>\n<ol>\n<li style=\"font-weight: 400;\">Los Haitises Turu + Ma\u011faralar ve Piktograflar<\/li>\n<li>Montana Turu<\/li>\n<li>Ca\u00f1o Hondo<\/li>\n<li>\u00d6\u011fle yeme\u011fi<\/li>\n<li>Punta Cana B\u00f6lgesinde Otelden Alma.<\/li>\n<li style=\"font-weight: 400;\"><span style=\"font-weight: 400;\">T\u00fcm vergiler, har\u00e7lar ve i\u015flem \u00fccretleri<\/span><\/li>\n<li style=\"font-weight: 400;\"><span style=\"font-weight: 400;\">Yerel vergiler<\/span><\/li>\n<li style=\"font-weight: 400;\"><span style=\"font-weight: 400;\">\u0130\u00e7ecekler<\/span><\/li>\n<li>At\u0131\u015ft\u0131rmal\u0131klar<\/li>\n<li style=\"font-weight: 400;\"><span style=\"font-weight: 400;\">T\u00fcm faaliyetler<\/span><\/li>\n<li style=\"font-weight: 400;\"><span style=\"font-weight: 400;\">Yerel rehber<\/span><\/li>\n<\/ol>\n<p><b> \u0130stisnalar<\/b><\/p>\n<ol>\n<li style=\"font-weight: 400;\"><span style=\"font-weight: 400;\">Bah\u015fi\u015fler<\/span><\/li>\n<li style=\"font-weight: 400;\"><span style=\"font-weight: 400;\">Alkoll\u00fc i\u00e7ecekler<\/span><\/li>\n<\/ol>\n<p>&nbsp;<\/p>\n<h4><em><strong>Gidi\u015f &amp; D\u00f6n\u00fc\u015f<\/strong><\/em><\/h4>\n<p><span style=\"font-weight: 400;\">Yolcu, Rezervasyon \u0130\u015fleminden sonra bir bulu\u015fma noktas\u0131 alacakt\u0131r. Turlar bulu\u015fma noktalar\u0131n\u0131zda ba\u015flar ve biter.<\/span><\/p>\n<h4><\/h4>\n<h3>Punta Cana, Montana Redonda ve Cano Hondo'dan Los Haitises Ulusal Park\u0131 Turu.<\/h3>\n<h4><b><i>Ne bekleyebilece\u011finizi?<\/i><\/b><\/h4>\n<p><em><strong>Biletlerinizi al\u0131n<\/strong><\/em> Punta Cana'dan Los Haitises Ulusal Park\u0131 Turu'nu ziyaret etmek i\u00e7in. Tam G\u00fcnl\u00fck Gezi. Punta Cana, Dominik Cumhuriyeti'nden ba\u015fl\u0131yor. Yerel tur rehberimiz e\u015fli\u011finde Montana Redonda manzaralar\u0131n\u0131, Sabana de la Mar'daki Los Haitises Ulusal park\u0131n\u0131 ve Ca\u00f1o Hondo'da \u00f6\u011fle yeme\u011fini ziyaret etmek i\u00e7in ula\u015f\u0131m.<\/p>\n<p>The tour, organized by \u00abBooking Adventures\u00bb starts at the meeting point set with the Tour Guide. Come with Booking Adventures and start checking some bird-filled mangroves, rolling hills of lush vegetation and caves of <em><strong>Los Haitises Ulusal Park\u0131<\/strong><\/em>. Etrafta ku\u015flarla birlikte aday\u0131 ziyaret etmek. Yuvalama mevsiminde, yuvalardaki Pelecanos yavrular\u0131n\u0131 bile g\u00f6rebiliriz. Rocky Adalar\u0131'n\u0131n daha fazla i\u00e7ine girmek ve yerli halktan kalma piktograflar ve petrograflar\u0131n bulundu\u011fu Ma\u011faralar\u0131 ziyaret etmek.<\/p>\n<p>Mangrovlar\u0131n aras\u0131ndan ge\u00e7erek a\u00e7\u0131k San Lorenzo K\u00f6rfezi'ne, Sabana de la Mar'a inin ve buradan engebeli orman manzaras\u0131n\u0131 foto\u011fraflay\u0131n. G\u00f6rmek i\u00e7in suya bak\u0131n <em><strong>Denizay\u0131lar\u0131<\/strong><\/em>kabuklular ve <em><strong>Yunuslar.<\/strong><\/em><\/p>\n<div class=\"body-description secondary\">\n<p>Milli park\u0131n ad\u0131 ilk sakinleri olan Taino yerlilerinden gelmektedir. Onlar\u0131n dilinde \"Haitises\", k\u0131y\u0131 \u015feridinin kire\u00e7ta\u015flar\u0131yla kapl\u0131 dik jeolojik olu\u015fumlar\u0131na bir g\u00f6nderme olarak yaylalar ya da tepeler anlam\u0131na gelmektedir. Cueva San Gabriel gibi ma\u011faralar\u0131 ke\u015ffetmek i\u00e7in park\u0131n derinliklerine do\u011fru ilerleyin, <em><strong>Cueva de la Arena, <\/strong><\/em>Ve <strong><em>Cueva de la L\u00ednea.<\/em><\/strong><\/p>\n<p>Rezervdeki bu Ma\u011faralar Taino K\u0131z\u0131lderilileri taraf\u0131ndan s\u0131\u011f\u0131nak olarak kullan\u0131lm\u0131\u015f ve daha sonra korsanlar\u0131 saklamak i\u00e7in kullan\u0131lm\u0131\u015ft\u0131r. Baz\u0131 duvarlar\u0131 s\u00fcsleyen K\u0131z\u0131lderililerin \u00e7izimlerine bak\u0131n.<\/p>\n<p>Ayr\u0131ca Miches'teki Montana Redonda (Yuvarlak Da\u011f), k\u0131rsal\u0131n do\u011fas\u0131yla \u00e7evrili, lag\u00fcnlerin yans\u0131mas\u0131n\u0131n sahilde g\u00fcne\u015fin do\u011fu\u015fu ve da\u011flar\u0131n ye\u015fili ile g\u00fcn bat\u0131m\u0131yla birle\u015fti\u011fi panoramik bir manzaran\u0131n tad\u0131n\u0131 \u00e7\u0131karan unutulmaz bir yerdir. temiz hava ve \u015fark\u0131 s\u00f6yleyen ku\u015flar, huzur ve s\u00fckunet bizi kalma arzusuyla doldurur.<\/p>\n<\/div>\n<p>Plus Ca\u00f1o Hondo Bir da\u011f\u0131n tepesinde, do\u011fa ile dolu bir k\u00f6rfezin ve alttaki Samana koyunun nefes kesici manzaras\u0131na sahip muhte\u015fem bir kompleks. Sanki bir ya\u011fmur orman\u0131 cennetinde ya\u015f\u0131yormu\u015fsunuz gibi g\u00fczel bir tarza sahip ve \u00e7ok rahatlat\u0131c\u0131 ve sessiz. Los Haitises Ulusal Park\u0131'ndan gelen Do\u011fal Nehir'den havuzlara eri\u015fim.<\/p>\n<div class=\"body-description secondary\">\n<p>Buras\u0131 tipik bir \u00f6\u011fle yeme\u011fi yiyece\u011fimiz yer, e\u011fer vegansan\u0131z endi\u015felenmeyin, sizin i\u00e7in de yiyeceklerimiz var!<\/p>\n<p>\u00d6\u011fle yeme\u011finden sonra Punta Cana'ya geri d\u00f6n\u00fcyoruz!!!<\/p>\n<\/div>\n<p>Bu geziyi daha uzun veya daha k\u0131sa istemeniz durumunda Bizimle ileti\u015fime ge\u00e7meniz yeterlidir.<\/p>\n<p>&nbsp;<\/p>\n<h4><em><strong>Ne getirmelisiniz?<\/strong><\/em><\/h4>\n<ul>\n<li style=\"font-weight: 400;\"><span style=\"font-weight: 400;\">kamera<\/span><\/li>\n<li style=\"font-weight: 400;\"><span style=\"font-weight: 400;\">Kovucu tomurcuklar<\/span><\/li>\n<li style=\"font-weight: 400;\"><span style=\"font-weight: 400;\">G\u00fcne\u015f Kremi<\/span><\/li>\n<li style=\"font-weight: 400;\"><span style=\"font-weight: 400;\">\u015eapka<\/span><\/li>\n<li style=\"font-weight: 400;\"><span style=\"font-weight: 400;\">Rahat pantolon<\/span><\/li>\n<li style=\"font-weight: 400;\"><span style=\"font-weight: 400;\">Orman i\u00e7in y\u00fcr\u00fcy\u00fc\u015f ayakkab\u0131s\u0131<\/span><\/li>\n<li style=\"font-weight: 400;\"><span style=\"font-weight: 400;\">Bahar b\u00f6lgelerine sandaletler.<\/span><\/li>\n<li style=\"font-weight: 400;\"><span style=\"font-weight: 400;\">Y\u00fczme giysileri<\/span><\/li>\n<\/ul>\n<p>&nbsp;<\/p>\n<h4><b><i>Otelden Alma <\/i><\/b><\/h4>\n<p><span style=\"font-weight: 400;\">Bu tur i\u00e7in otelden alma hizmeti sunulmaktad\u0131r. Otel ad\u0131n\u0131 ve saatini buradan se\u00e7in. Otelinizin listede olmamas\u0131 durumunda l\u00fctfen Bize Ula\u015f\u0131n.<\/span><\/p>\n<p>&nbsp;<\/p>\n<p><b>Not:<\/b><span style=\"font-weight: 400;\"> Tur\/Gezi kalk\u0131\u015f saatinden sonraki 24 saat i\u00e7inde rezervasyon yap\u0131yorsan\u0131z, otelden alma i\u015flemini ayarlayabiliriz. Sat\u0131n alma i\u015fleminiz tamamland\u0131ktan sonra, yerel Tur rehberimizin teslim alma d\u00fczenlemelerini organize etmesi i\u00e7in size eksiksiz ileti\u015fim bilgilerini (telefon numaras\u0131, e-posta adresi vb.) G\u00f6nderece\u011fiz.<\/span><\/p>\n<h4><b><i>Ek Bilgi Onay\u0131 <\/i><\/b><\/h4>\n<ol>\n<li>Biletler bu Turu \u00f6dedikten sonra al\u0131nan Makbuzdur. \u00d6demeyi telefonunuzda g\u00f6sterebilirsiniz.<\/li>\n<li style=\"font-weight: 400;\"><span style=\"font-weight: 400;\">Rezervasyon \u0130\u015fleminden Sonra Bulu\u015fma Noktas\u0131na Al\u0131nacakt\u0131r.<\/span><\/li>\n<li style=\"font-weight: 400;\"><span style=\"font-weight: 400;\">\u00c7ocuklara bir yeti\u015fkinin e\u015flik etmesi gerekmektedir.<\/span><\/li>\n<li style=\"font-weight: 400;\"><span style=\"font-weight: 400;\"> Tekerlekli sandalye eri\u015fimine uygun de\u011fil <\/span><\/li>\n<li style=\"font-weight: 400;\"><span style=\"font-weight: 400;\">Bebekler kucakta oturmal\u0131 <\/span><\/li>\n<li style=\"font-weight: 400;\"><span style=\"font-weight: 400;\">S\u0131rt sorunu olan gezginler i\u00e7in \u00f6nerilmez<\/span><\/li>\n<li style=\"font-weight: 400;\"><span style=\"font-weight: 400;\">Hamile gezginler i\u00e7in \u00f6nerilmez <\/span><\/li>\n<li style=\"font-weight: 400;\"><span style=\"font-weight: 400;\"> Kalp problemi veya ba\u015fka ciddi t\u0131bbi durum yok <\/span><\/li>\n<li style=\"font-weight: 400;\"><span style=\"font-weight: 400;\">\u00c7o\u011fu gezgin kat\u0131labilir<\/span><\/li>\n<\/ol>\n<h4><b><i>\u0130ptal politikas\u0131<\/i><\/b><\/h4>\n<p>For a full refund, please read our Cancellations policies\u00a0<a href=\"https:\/\/www.ticketswhales.com\/online-booking\/\" target=\"_blank\" rel=\"noopener\" data-saferedirecturl=\"https:\/\/www.google.com\/url?q=https:\/\/www.ticketswhales.com\/online-booking\/&amp;source=gmail&amp;ust=1672529771100000&amp;usg=AOvVaw2NIGJBZ0qjB5RhPUl5Obc7\">Click here<\/a>. Funds will be lost if the reservation is cancelled the same day of the trip.<\/p>\n\n\t\t<\/div>\n\t<\/div>\n<\/div><\/div><\/div><\/div><div class=\"vc_row wpb_row vc_row-fluid\" ><div class=\"wpb_column vc_column_container vc_col-sm-12\"><div class=\"vc_column-inner\"><div class=\"wpb_wrapper\"><div class=\"vc_btn3-container vc_btn3-inline\" ><a class=\"vc_general vc_btn3 vc_btn3-size-md vc_btn3-shape-rounded vc_btn3-style-modern vc_btn3-color-green\" href=\"https:\/\/bookingadventures.tours\/booking.php?tour_id=2d52ebf3635f3c30a26b2bdd1f47c0d8\" title=\"\" target=\"_blank\" rel=\"noopener\">REZERVASYON YAP<\/a><\/div><div class=\"vc_empty_space\"   style=\"height: 32px\"><span class=\"vc_empty_space_inner\"><\/span><\/div>\n\t<div class=\"wpb_video_widget wpb_content_element vc_clearfix   vc_video-aspect-ratio-169 vc_video-el-width-100 vc_video-align-left\" >\n\t\t<div class=\"wpb_wrapper\">\n\t\t\t<h2 class=\"wpb_heading wpb_video_heading\">Los Haitises Ulusal Park\u0131 Videosu:<\/h2>\n\t\t\t<div class=\"wpb_video_wrapper\"><iframe loading=\"lazy\" title=\"Los Haitises National Park, Tours &amp; Excursion From Samana or Sabana de la Mar. Book Here:\" src=\"https:\/\/player.vimeo.com\/video\/346508015?dnt=1&amp;app_id=122963\" width=\"1100\" height=\"619\" frameborder=\"0\" allow=\"autoplay; fullscreen; picture-in-picture\"><\/iframe><\/div>\n\t\t<\/div>\n\t<\/div>\n<div class=\"vc_empty_space\"   style=\"height: 32px\"><span class=\"vc_empty_space_inner\"><\/span><\/div><\/div><\/div><\/div><\/div><div class=\"vc_row wpb_row vc_row-fluid\" ><div class=\"wpb_column vc_column_container vc_col-sm-12\"><div class=\"vc_column-inner\"><div class=\"wpb_wrapper\"><div class=\"vc_empty_space\"   style=\"height: 32px\"><span class=\"vc_empty_space_inner\"><\/span><\/div>\n\t<div class=\"wpb_text_column wpb_content_element\" >\n\t\t<div class=\"wpb_wrapper\">\n\t\t\t<h4>Bize Ula\u015f\u0131n?<\/h4>\n<h5><em><strong>Rezervasyon Maceralar\u0131<\/strong><\/em><\/h5>\n<p><em><strong>Yerliler<\/strong>\u00a0Ve\u00a0<strong>Vatanda\u015flar<\/strong>\u00a0Tur Rehberleri ve Misafir Hizmetleri<\/em><\/p>\n<p><span class=\"text-turquoise\">Rezervasyonlar:<\/span>\u00a0Dom. Cum. s\u0131n\u0131rlar\u0131ndaki Turlar ve Geziler<\/p>\n<p><img decoding=\"async\" class=\"emoji\" draggable=\"false\" src=\"https:\/\/s.w.org\/images\/core\/emoji\/11.2.0\/svg\/1f4de.svg\" alt=\"\ud83d\udcde\" \/>\u00a0Tel\/Whatsapp\u00a0\u00a0<a href=\"tel:+1-809-720-6035\">+1-809-720-6035<\/a>.<\/p>\n<p><img decoding=\"async\" class=\"emoji\" draggable=\"false\" src=\"https:\/\/s.w.org\/images\/core\/emoji\/11.2.0\/svg\/1f4e9.svg\" alt=\"\ud83d\udce9\" \/>\u00a0<a href=\"mailto:info@bookingadventures.com.do\">info@bookingadventures.com.do<\/a><\/p>\n<p><strong>Whatsapp ile \u00d6zel Turlar\u0131 Esnek Ayarl\u0131yoruz:\u00a0<a href=\"tel:+18097206035\">+18097206035.<\/a><\/strong><\/p>\n\n\t\t<\/div>\n\t<\/div>\n<div class=\"vc_empty_space\"   style=\"height: 32px\"><span class=\"vc_empty_space_inner\"><\/span><\/div><\/div><\/div><\/div><\/div><div class=\"vc_row wpb_row vc_row-fluid\" ><div class=\"wpb_column vc_column_container vc_col-sm-12\"><div class=\"vc_column-inner\"><div class=\"wpb_wrapper\"><\/div><\/div><\/div><\/div><div class=\"vc_row wpb_row vc_row-fluid\" ><div class=\"wpb_column vc_column_container vc_col-sm-12\"><div class=\"vc_column-inner\"><div class=\"wpb_wrapper\"><div class=\"vc_btn3-container vc_btn3-inline\" ><a class=\"vc_general vc_btn3 vc_btn3-size-md vc_btn3-shape-rounded vc_btn3-style-modern vc_btn3-color-green\" href=\"https:\/\/bookingadventures.tours\/booking.php?tour_id=2d52ebf3635f3c30a26b2bdd1f47c0d8\" title=\"\" target=\"_blank\" rel=\"noopener\">REZERVASYON YAP<\/a><\/div><\/div><\/div><\/div><\/div>","protected":false},"excerpt":{"rendered":"<p>Punta Cana'dan Los Haitises Ulusal Park\u0131, Montana Redonda ve Cano Hondo'yu ziyaret etmek i\u00e7in gezi. \u00d6\u011fle Yeme\u011fi ve 3 ana ma\u011fara ziyareti, 2 farkl\u0131 mangrov ekosisteminin ke\u015ffi, manzaralar ve Simming Havuzlar\u0131 i\u00e7in Ula\u015f\u0131m dahildir.<\/p>\n<p>Yerel Tur rehberi ile Los Haitises Ulusal Park\u0131na Tam G\u00fcnl\u00fck Gezi. Los Haitises Milli Park\u0131'ndaki Koylar\u0131, Mangrovlar\u0131, Bitki \u00d6rt\u00fcs\u00fcn\u00fc, Ku\u015f\u00e7ulu\u011fu, Ma\u011faralar\u0131, Piktograflar\u0131 ve Sabana de la Mar'\u0131n tarihi alanlar\u0131n\u0131 ziyaret etmek. Montana Redonda'da Muhte\u015fem Manzaralar ve Cano Hondo'da \u00d6\u011fle Yeme\u011fi ve Y\u00fczme Havuzlar\u0131.<\/p>\n<p>&nbsp;<\/p>\n<p><strong>L\u00fctfen Tur i\u00e7in tarih se\u00e7iniz:\u00a0<\/strong><\/p>","protected":false},"featured_media":11334,"template":"","meta":[],"product_brand":[],"product_cat":[576,565,566,119,120,135,121,572,569,586,587,122,259],"product_tag":[126,127,128,206,145,260,225,132,133,213,215,261,146,262,141,263,226],"class_list":{"0":"post-11643","1":"product","2":"type-product","3":"status-publish","4":"has-post-thumbnail","6":"product_cat-1-punta-cana","7":"product_cat-1-sabana-de-la-mar","8":"product_cat-boat-trip-los-haitises","9":"product_cat-caves","10":"product_cat-fees-entrace","11":"product_cat-lunch","12":"product_cat-mangroves","13":"product_cat-natural-pools-los-haitises","14":"product_cat-punta-cana-group-tours","15":"product_cat-punta-cana-los-haitises","16":"product_cat-punta-cana-montana-redonda","17":"product_cat-tours-and-excursions","18":"product_cat-tours-excursions-punta-cana-dominican-republic","19":"product_tag-cano-hondo","20":"product_tag-cano-hondo-hotel","21":"product_tag-cano-hondo-tours","22":"product_tag-caves-los-haitises","23":"product_tag-day-tour-cano-hondo","24":"product_tag-day-trip-punta-cana","25":"product_tag-las-terrenas","26":"product_tag-los-haitises","27":"product_tag-los-haitises-national-park","28":"product_tag-los-haitises-national-park-map","29":"product_tag-los-haitises-national-park-tour-from-las-terrenas","30":"product_tag-los-haitises-national-park-tours-excursions","31":"product_tag-mangroves-los-haitises","32":"product_tag-montana-redonda-tours-excursion","33":"product_tag-punta-cana","34":"product_tag-punta-cana-tours-excursions","35":"product_tag-transportation-los-haitises","37":"first","38":"instock","39":"sale","40":"sold-individually","41":"shipping-taxable","42":"product-type-external"},"_links":{"self":[{"href":"https:\/\/visitaloshaitises.com\/tr\/wp-json\/wp\/v2\/product\/11643","targetHints":{"allow":["GET"]}}],"collection":[{"href":"https:\/\/visitaloshaitises.com\/tr\/wp-json\/wp\/v2\/product"}],"about":[{"href":"https:\/\/visitaloshaitises.com\/tr\/wp-json\/wp\/v2\/types\/product"}],"wp:featuredmedia":[{"embeddable":true,"href":"https:\/\/visitaloshaitises.com\/tr\/wp-json\/wp\/v2\/media\/11334"}],"wp:attachment":[{"href":"https:\/\/visitaloshaitises.com\/tr\/wp-json\/wp\/v2\/media?parent=11643"}],"wp:term":[{"taxonomy":"product_brand","embeddable":true,"href":"https:\/\/visitaloshaitises.com\/tr\/wp-json\/wp\/v2\/product_brand?post=11643"},{"taxonomy":"product_cat","embeddable":true,"href":"https:\/\/visitaloshaitises.com\/tr\/wp-json\/wp\/v2\/product_cat?post=11643"},{"taxonomy":"product_tag","embeddable":true,"href":"https:\/\/visitaloshaitises.com\/tr\/wp-json\/wp\/v2\/product_tag?post=11643"}],"curies":[{"name":"wp","href":"https:\/\/api.w.org\/{rel}","templated":true}]}}