{"id":593,"date":"2020-07-01T16:40:04","date_gmt":"2020-07-01T16:40:04","guid":{"rendered":"https:\/\/haitises.com\/?post_type=product&#038;p=593"},"modified":"2024-04-16T19:44:59","modified_gmt":"2024-04-16T19:44:59","slug":"excursion-cascada-el-limon-senderismo-y-natacion","status":"publish","type":"product","link":"https:\/\/visitaloshaitises.com\/th\/\u0e2a\u0e48\u0e27\u0e19\u0e15\u0e31\u0e27\/excursion-cascada-el-limon-senderismo-y-natacion\/","title":{"rendered":"\u0e40\u0e17\u0e35\u0e48\u0e22\u0e27\u0e19\u0e49\u0e33\u0e15\u0e01 El Lim\u00f3n \u0e40\u0e14\u0e34\u0e19\u0e1b\u0e48\u0e32\u0e41\u0e25\u0e30\u0e27\u0e48\u0e32\u0e22\u0e19\u0e49\u0e33"},"content":{"rendered":"<div class=\"vc_row wpb_row vc_row-fluid\" ><div class=\"wpb_column vc_column_container vc_col-sm-12\"><div class=\"vc_column-inner\"><div class=\"wpb_wrapper\">[mkdf_section_title subtitle_tag=\u00bb\u00bb subtitle=\u00bbSenderismo a las cascadas\u00bb]<\/div><\/div><\/div><\/div><div class=\"vc_row wpb_row vc_row-fluid\" ><div class=\"wpb_column vc_column_container vc_col-sm-12\"><div class=\"vc_column-inner\"><div class=\"wpb_wrapper\"><div class=\"vc_empty_space\"   style=\"height: 32px\"><span class=\"vc_empty_space_inner\"><\/span><\/div><\/div><\/div><\/div><\/div><div class=\"vc_row wpb_row vc_row-fluid\" ><div class=\"wpb_column vc_column_container vc_col-sm-12\"><div class=\"vc_column-inner\"><div class=\"wpb_wrapper\">\n\t<div class=\"wpb_text_column wpb_content_element\" >\n\t\t<div class=\"wpb_wrapper\">\n\t\t\t<h2>Tour a las cascadas de El Lim\u00f3n (senderismo y nataci\u00f3n)<\/h2>\n<h3>\u0e04\u0e33\u0e2d\u0e18\u0e34\u0e1a\u0e32\u0e22<\/h3>\n<p>Las cascadas El Lim\u00f3n Senderismo con gu\u00edas locales. Visitando el bosque de cacao y caf\u00e9 bajo el cultivo de cocos. Cuando llegue a las cascadas, podr\u00e1 nadar y establecer la hora con su gu\u00eda local.<\/p>\n<p>Aprenda con los locales sobre la naturaleza y la historia de Saman\u00e1 y disfrute de\u00a0 un viaje seguro. Obtenga sus entradas en oferta hoy.<\/p>\n<ul>\n<li>Senderismo<\/li>\n<li>El gu\u00eda proporciona instrucciones y supervisi\u00f3n.<\/li>\n<li>Tarifas al Parque Nacional<\/li>\n<\/ul>\n<h3>\u0e01\u0e32\u0e23\u0e23\u0e27\u0e21\u0e41\u0e25\u0e30\u0e01\u0e32\u0e23\u0e22\u0e01\u0e40\u0e27\u0e49\u0e19<\/h3>\n<h4>\u0e01\u0e32\u0e23\u0e23\u0e27\u0e21<\/h4>\n<ol>\n<li>Tour de senderismo<\/li>\n<li>Todos los impuestos, tarifas y cargos de lugar<\/li>\n<li>\u0e20\u0e32\u0e29\u0e35\u0e17\u0e49\u0e2d\u0e07\u0e16\u0e34\u0e48\u0e19<\/li>\n<li>\u0e21\u0e31\u0e04\u0e04\u0e38\u0e40\u0e17\u0e28\u0e01\u0e4c\u0e17\u0e49\u0e2d\u0e07\u0e16\u0e34\u0e48\u0e19<\/li>\n<\/ol>\n<h4>\u0e02\u0e49\u0e2d\u0e22\u0e01\u0e40\u0e27\u0e49\u0e19<\/h4>\n<ol>\n<li>Comida no incluida<\/li>\n<li>\u0e40\u0e04\u0e25\u0e47\u0e14\u0e25\u0e31\u0e1a<\/li>\n<li>\u0e02\u0e19\u0e2a\u0e48\u0e07<\/li>\n<li>\u0e40\u0e04\u0e23\u0e37\u0e48\u0e2d\u0e07\u0e14\u0e37\u0e48\u0e21\u0e41\u0e2d\u0e25\u0e01\u0e2d\u0e2e\u0e2d\u0e25\u0e4c<\/li>\n<li>Comida en la playa no incluida<\/li>\n<\/ol>\n<h3><em>\u0e2d\u0e2d\u0e01\u0e40\u0e14\u0e34\u0e19\u0e17\u0e32\u0e07\u0e41\u0e25\u0e30\u0e01\u0e25\u0e31\u0e1a<\/em><\/h3>\n<p>\u0e1c\u0e39\u0e49\u0e40\u0e14\u0e34\u0e19\u0e17\u0e32\u0e07\u0e08\u0e30\u0e44\u0e14\u0e49\u0e23\u0e31\u0e1a\u0e08\u0e38\u0e14\u0e19\u0e31\u0e14\u0e1e\u0e1a\u0e2b\u0e25\u0e31\u0e07\u0e08\u0e32\u0e01\u0e02\u0e31\u0e49\u0e19\u0e15\u0e2d\u0e19\u0e01\u0e32\u0e23\u0e08\u0e2d\u0e07 \u0e17\u0e31\u0e27\u0e23\u0e4c\u0e40\u0e23\u0e34\u0e48\u0e21\u0e15\u0e49\u0e19\u0e41\u0e25\u0e30\u0e2a\u0e34\u0e49\u0e19\u0e2a\u0e38\u0e14\u0e17\u0e35\u0e48\u0e08\u0e38\u0e14\u0e19\u0e31\u0e14\u0e1e\u0e1a\u0e02\u0e2d\u0e07\u0e40\u0e23\u0e32<\/p>\n<h3>\u0e04\u0e32\u0e14\u0e2b\u0e27\u0e31\u0e07\u0e2d\u0e30\u0e44\u0e23?<\/h3>\n<p>Obtenga sus boletos para visitar La Cascada El Lim\u00f3n en Saman\u00e1 senderismo con un gu\u00eda tur\u00edstico local.<\/p>\n<p>El recorrido, organizado por \u00abBooking Adventures\u00bb, comienza en el punto de encuentro establecido con el gu\u00eda tur\u00edstico.<\/p>\n<p>Cascadas de El Lim\u00f3n con un gu\u00eda tur\u00edstico local. Reserve un viaje de senderismo por el bosque, rodeando el r\u00edo Lim\u00f3n, visitando plantaciones de cacao y caf\u00e9 bajo las sombra de coco.<\/p>\n<p>Primero, det\u00e9ngase en la peque\u00f1a cascada donde generalmente no hay mucha gente y puede nadar alrededor. Luego continuamos hacia la gran cascada donde nos quedaremos durante una hora o m\u00e1s si lo desea.<\/p>\n<p>Despu\u00e9s del Senderismo, puede configurar si desea almorzar con un cargo adicional.<\/p>\n<h3><em>\u0e04\u0e38\u0e13\u0e04\u0e27\u0e23\u0e19\u0e33\u0e2d\u0e30\u0e44\u0e23\u0e21\u0e32\u0e1a\u0e49\u0e32\u0e07?<\/em><\/h3>\n<ul>\n<li>\u0e01\u0e25\u0e49\u0e2d\u0e07<\/li>\n<li>\u0e44\u0e25\u0e48<\/li>\n<li>\u0e04\u0e23\u0e35\u0e21\u0e01\u0e31\u0e19\u0e41\u0e14\u0e14<\/li>\n<li>\u0e2b\u0e21\u0e27\u0e01<\/li>\n<li>\u0e01\u0e32\u0e07\u0e40\u0e01\u0e07\u0e43\u0e2a\u0e48\u0e2a\u0e1a\u0e32\u0e22<\/li>\n<li>\u0e23\u0e2d\u0e07\u0e40\u0e17\u0e49\u0e32\u0e40\u0e14\u0e34\u0e19\u0e1b\u0e48\u0e32<\/li>\n<li>\u0e0a\u0e38\u0e14\u0e27\u0e48\u0e32\u0e22\u0e19\u0e49\u0e33<\/li>\n<\/ul>\n<h3><em>\u0e23\u0e16\u0e44\u0e1b\u0e23\u0e31\u0e1a\u0e17\u0e35\u0e48\u0e42\u0e23\u0e07\u0e41\u0e23\u0e21<\/em><\/h3>\n<p>\u0e44\u0e21\u0e48\u0e21\u0e35\u0e1a\u0e23\u0e34\u0e01\u0e32\u0e23\u0e44\u0e1b\u0e23\u0e31\u0e1a\u0e17\u0e35\u0e48\u0e42\u0e23\u0e07\u0e41\u0e23\u0e21\u0e2a\u0e33\u0e2b\u0e23\u0e31\u0e1a\u0e17\u0e31\u0e27\u0e23\u0e4c\u0e19\u0e35\u0e49<\/p>\n<p><strong>\u0e1a\u0e31\u0e19\u0e17\u0e36\u0e01:<\/strong> \u0e2b\u0e32\u0e01\u0e04\u0e38\u0e13\u0e08\u0e2d\u0e07\u0e20\u0e32\u0e22\u0e43\u0e19 24 \u0e0a\u0e31\u0e48\u0e27\u0e42\u0e21\u0e07\u0e19\u0e31\u0e1a\u0e08\u0e32\u0e01\u0e40\u0e27\u0e25\u0e32\u0e2d\u0e2d\u0e01\u0e40\u0e14\u0e34\u0e19\u0e17\u0e32\u0e07\u0e02\u0e2d\u0e07\u0e17\u0e31\u0e27\u0e23\u0e4c\/\u0e01\u0e32\u0e23\u0e40\u0e14\u0e34\u0e19\u0e17\u0e32\u0e07 \u0e40\u0e23\u0e32\u0e2a\u0e32\u0e21\u0e32\u0e23\u0e16\u0e08\u0e31\u0e14\u0e40\u0e15\u0e23\u0e35\u0e22\u0e21\u0e1a\u0e23\u0e34\u0e01\u0e32\u0e23\u0e44\u0e1b\u0e23\u0e31\u0e1a\u0e17\u0e35\u0e48\u0e42\u0e23\u0e07\u0e41\u0e23\u0e21\u0e42\u0e14\u0e22\u0e21\u0e35\u0e04\u0e48\u0e32\u0e43\u0e0a\u0e49\u0e08\u0e48\u0e32\u0e22\u0e40\u0e1e\u0e34\u0e48\u0e21\u0e40\u0e15\u0e34\u0e21 \u0e40\u0e21\u0e37\u0e48\u0e2d\u0e01\u0e32\u0e23\u0e0b\u0e37\u0e49\u0e2d\u0e02\u0e2d\u0e07\u0e04\u0e38\u0e13\u0e40\u0e2a\u0e23\u0e47\u0e08\u0e2a\u0e21\u0e1a\u0e39\u0e23\u0e13\u0e4c \u0e40\u0e23\u0e32\u0e08\u0e30\u0e2a\u0e48\u0e07\u0e02\u0e49\u0e2d\u0e21\u0e39\u0e25\u0e15\u0e34\u0e14\u0e15\u0e48\u0e2d\u0e17\u0e35\u0e48\u0e04\u0e23\u0e1a\u0e16\u0e49\u0e27\u0e19 (\u0e2b\u0e21\u0e32\u0e22\u0e40\u0e25\u0e02\u0e42\u0e17\u0e23\u0e28\u0e31\u0e1e\u0e17\u0e4c \u0e17\u0e35\u0e48\u0e2d\u0e22\u0e39\u0e48\u0e2d\u0e35\u0e40\u0e21\u0e25 \u0e2f\u0e25\u0e2f) \u0e43\u0e2b\u0e49\u0e01\u0e31\u0e1a\u0e44\u0e01\u0e14\u0e4c\u0e19\u0e33\u0e40\u0e17\u0e35\u0e48\u0e22\u0e27\u0e17\u0e49\u0e2d\u0e07\u0e16\u0e34\u0e48\u0e19\u0e02\u0e2d\u0e07\u0e40\u0e23\u0e32\u0e40\u0e1e\u0e37\u0e48\u0e2d\u0e08\u0e31\u0e14\u0e40\u0e15\u0e23\u0e35\u0e22\u0e21\u0e01\u0e32\u0e23\u0e44\u0e1b\u0e23\u0e31\u0e1a<\/p>\n<h3><em>\u0e01\u0e32\u0e23\u0e22\u0e37\u0e19\u0e22\u0e31\u0e19\u0e02\u0e49\u0e2d\u0e21\u0e39\u0e25\u0e40\u0e1e\u0e34\u0e48\u0e21\u0e40\u0e15\u0e34\u0e21<\/em><\/h3>\n<ul>\n<li>\u0e15\u0e31\u0e4b\u0e27\u0e40\u0e1b\u0e47\u0e19\u0e43\u0e1a\u0e40\u0e2a\u0e23\u0e47\u0e08\u0e23\u0e31\u0e1a\u0e40\u0e07\u0e34\u0e19\u0e2b\u0e25\u0e31\u0e07\u0e08\u0e32\u0e01\u0e0a\u0e33\u0e23\u0e30\u0e04\u0e48\u0e32\u0e17\u0e31\u0e27\u0e23\u0e4c\u0e04\u0e23\u0e31\u0e49\u0e07\u0e19\u0e35\u0e49 \u0e04\u0e38\u0e13\u0e2a\u0e32\u0e21\u0e32\u0e23\u0e16\u0e41\u0e2a\u0e14\u0e07\u0e01\u0e32\u0e23\u0e0a\u0e33\u0e23\u0e30\u0e40\u0e07\u0e34\u0e19\u0e1a\u0e19\u0e42\u0e17\u0e23\u0e28\u0e31\u0e1e\u0e17\u0e4c\u0e02\u0e2d\u0e07\u0e04\u0e38\u0e13\u0e44\u0e14\u0e49<\/li>\n<li>\u0e08\u0e38\u0e14\u0e19\u0e31\u0e14\u0e1e\u0e1a\u0e08\u0e30\u0e44\u0e14\u0e49\u0e23\u0e31\u0e1a\u0e2b\u0e25\u0e31\u0e07\u0e08\u0e32\u0e01\u0e02\u0e31\u0e49\u0e19\u0e15\u0e2d\u0e19\u0e01\u0e32\u0e23\u0e08\u0e2d\u0e07<\/li>\n<li>\u0e40\u0e14\u0e47\u0e01\u0e08\u0e30\u0e15\u0e49\u0e2d\u0e07\u0e21\u0e35\u0e1c\u0e39\u0e49\u0e43\u0e2b\u0e0d\u0e48\u0e21\u0e32\u0e14\u0e49\u0e27\u0e22<\/li>\n<li>\u0e44\u0e21\u0e48\u0e23\u0e2d\u0e07\u0e23\u0e31\u0e1a\u0e40\u0e01\u0e49\u0e32\u0e2d\u0e35\u0e49\u0e23\u0e16\u0e40\u0e02\u0e47\u0e19<\/li>\n<li>Los infantes deben sentarse en un asiento para beb\u00e9s o con un\u00a0 adulto<\/li>\n<li>\u0e44\u0e21\u0e48\u0e41\u0e19\u0e30\u0e19\u0e33\u0e2a\u0e33\u0e2b\u0e23\u0e31\u0e1a\u0e19\u0e31\u0e01\u0e40\u0e14\u0e34\u0e19\u0e17\u0e32\u0e07\u0e17\u0e35\u0e48\u0e21\u0e35\u0e1b\u0e31\u0e0d\u0e2b\u0e32\u0e40\u0e01\u0e35\u0e48\u0e22\u0e27\u0e01\u0e31\u0e1a\u0e2b\u0e25\u0e31\u0e07<\/li>\n<li>\u0e44\u0e21\u0e48\u0e41\u0e19\u0e30\u0e19\u0e33\u0e2a\u0e33\u0e2b\u0e23\u0e31\u0e1a\u0e2a\u0e15\u0e23\u0e35\u0e21\u0e35\u0e04\u0e23\u0e23\u0e20\u0e4c<\/li>\n<li>\u0e44\u0e21\u0e48\u0e21\u0e35\u0e1b\u0e31\u0e0d\u0e2b\u0e32\u0e40\u0e01\u0e35\u0e48\u0e22\u0e27\u0e01\u0e31\u0e1a\u0e2b\u0e31\u0e27\u0e43\u0e08\u0e2b\u0e23\u0e37\u0e2d\u0e2d\u0e32\u0e01\u0e32\u0e23\u0e1b\u0e48\u0e27\u0e22\u0e23\u0e49\u0e32\u0e22\u0e41\u0e23\u0e07\u0e2d\u0e37\u0e48\u0e19\u0e46<\/li>\n<li>\u0e19\u0e31\u0e01\u0e17\u0e48\u0e2d\u0e07\u0e40\u0e17\u0e35\u0e48\u0e22\u0e27\u0e2a\u0e48\u0e27\u0e19\u0e43\u0e2b\u0e0d\u0e48\u0e2a\u0e32\u0e21\u0e32\u0e23\u0e16\u0e40\u0e02\u0e49\u0e32\u0e23\u0e48\u0e27\u0e21\u0e44\u0e14\u0e49<\/li>\n<\/ul>\n<h3><em>\u0e19\u0e42\u0e22\u0e1a\u0e32\u0e22\u0e01\u0e32\u0e23\u0e22\u0e01\u0e40\u0e25\u0e34\u0e01<\/em><\/h3>\n<p>\u0e2b\u0e32\u0e01\u0e15\u0e49\u0e2d\u0e07\u0e01\u0e32\u0e23\u0e04\u0e37\u0e19\u0e40\u0e07\u0e34\u0e19\u0e40\u0e15\u0e47\u0e21\u0e08\u0e33\u0e19\u0e27\u0e19 \u0e42\u0e1b\u0e23\u0e14\u0e22\u0e01\u0e40\u0e25\u0e34\u0e01\u0e25\u0e48\u0e27\u0e07\u0e2b\u0e19\u0e49\u0e32\u0e2d\u0e22\u0e48\u0e32\u0e07\u0e19\u0e49\u0e2d\u0e22 24 \u0e0a\u0e31\u0e48\u0e27\u0e42\u0e21\u0e07\u0e01\u0e48\u0e2d\u0e19\u0e27\u0e31\u0e19\u0e40\u0e23\u0e34\u0e48\u0e21\u0e1b\u0e23\u0e30\u0e2a\u0e1a\u0e01\u0e32\u0e23\u0e13\u0e4c<\/p>\n<h3>Cont\u00e1ctenos<\/h3>\n<p><em><strong>\u0e01\u0e32\u0e23\u0e08\u0e2d\u0e07\u0e01\u0e32\u0e23\u0e1c\u0e08\u0e0d\u0e20\u0e31\u0e22<\/strong><\/em><br \/>\n<em><strong>\u0e21\u0e31\u0e04\u0e04\u0e38\u0e40\u0e17\u0e28\u0e01\u0e4c\u0e17\u0e49\u0e2d\u0e07\u0e16\u0e34\u0e48\u0e19\u0e41\u0e25\u0e30\u0e23\u0e30\u0e14\u0e31\u0e1a\u0e0a\u0e32\u0e15\u0e34\u0e41\u0e25\u0e30\u0e1a\u0e23\u0e34\u0e01\u0e32\u0e23\u0e41\u0e02\u0e01<\/strong><\/em><\/p>\n<p>\u0e01\u0e32\u0e23\u0e08\u0e2d\u0e07: \u0e17\u0e31\u0e27\u0e23\u0e4c\u0e41\u0e25\u0e30\u0e17\u0e31\u0e28\u0e19\u0e28\u0e36\u0e01\u0e29\u0e32\u0e43\u0e19 Dom \u0e15\u0e31\u0e27\u0e41\u0e17\u0e19<\/p>\n<p>\ud83d\udcde \u0e42\u0e17\u0e23\/\u0e27\u0e2d\u0e17\u0e2a\u0e4c\u0e41\u0e2d\u0e1e +1-809-720-6035.<\/p>\n<p>info@bookingadventures.com.do<\/p>\n<p>\u0e40\u0e23\u0e32\u0e17\u0e33\u0e17\u0e31\u0e27\u0e23\u0e4c\u0e2a\u0e48\u0e27\u0e19\u0e15\u0e31\u0e27\u0e14\u0e49\u0e27\u0e22\u0e01\u0e32\u0e23\u0e01\u0e33\u0e2b\u0e19\u0e14\u0e04\u0e48\u0e32\u0e17\u0e35\u0e48\u0e22\u0e37\u0e14\u0e2b\u0e22\u0e38\u0e48\u0e19\u0e42\u0e14\u0e22 Whatsapp: +18097206035<\/p>\n\n\t\t<\/div>\n\t<\/div>\n<\/div><\/div><\/div><\/div>","protected":false},"excerpt":{"rendered":"<p>Las cascadas El Lim\u00f3n Senderismo con gu\u00edas locales. Visitando el bosque de cacao y caf\u00e9 bajo la sombra de las plantaciones de cocos. Cuando llegue a las cascadas, podr\u00e1 nadar y establecer la hora con su gu\u00eda local.<\/p>\n<p>Aprenda con los locales sobre la naturaleza y la historia de Saman\u00e1 y obtenga un viaje seguro. Obtenga sus entradas en oferta hoy.<\/p>\n<p><strong>\u0e42\u0e1b\u0e23\u0e14\u0e40\u0e25\u0e37\u0e2d\u0e01\u0e27\u0e31\u0e19\u0e17\u0e35\u0e48\u0e2a\u0e33\u0e2b\u0e23\u0e31\u0e1a\u0e17\u0e31\u0e27\u0e23\u0e4c:<\/strong><\/p>","protected":false},"featured_media":130,"template":"","meta":[],"product_brand":[],"product_cat":[120,96,136,99,122,443,123,124,154],"product_tag":[137,138,140,155,142,143],"class_list":{"0":"post-593","1":"product","2":"type-product","3":"status-publish","4":"has-post-thumbnail","6":"product_cat-fees-entrace","7":"product_cat-hiking","8":"product_cat-safari-samana","9":"product_cat-swimming-natural-springs","10":"product_cat-tours-and-excursions","11":"product_cat-tours-y-excursiones-es","12":"product_cat-tours-excursions-los-haitises-national-park","13":"product_cat-tours-excursions-samana-bay-dominican-republic","14":"product_cat-trails-or-paths","15":"product_tag-bacardi-island","16":"product_tag-beach-time","17":"product_tag-el-limon-waterfalls","18":"product_tag-hiking-el-limon","19":"product_tag-samana","20":"product_tag-samana-tours","22":"first","23":"instock","24":"sale","25":"sold-individually","26":"shipping-taxable","27":"product-type-external"},"_links":{"self":[{"href":"https:\/\/visitaloshaitises.com\/th\/wp-json\/wp\/v2\/product\/593","targetHints":{"allow":["GET"]}}],"collection":[{"href":"https:\/\/visitaloshaitises.com\/th\/wp-json\/wp\/v2\/product"}],"about":[{"href":"https:\/\/visitaloshaitises.com\/th\/wp-json\/wp\/v2\/types\/product"}],"wp:featuredmedia":[{"embeddable":true,"href":"https:\/\/visitaloshaitises.com\/th\/wp-json\/wp\/v2\/media\/130"}],"wp:attachment":[{"href":"https:\/\/visitaloshaitises.com\/th\/wp-json\/wp\/v2\/media?parent=593"}],"wp:term":[{"taxonomy":"product_brand","embeddable":true,"href":"https:\/\/visitaloshaitises.com\/th\/wp-json\/wp\/v2\/product_brand?post=593"},{"taxonomy":"product_cat","embeddable":true,"href":"https:\/\/visitaloshaitises.com\/th\/wp-json\/wp\/v2\/product_cat?post=593"},{"taxonomy":"product_tag","embeddable":true,"href":"https:\/\/visitaloshaitises.com\/th\/wp-json\/wp\/v2\/product_tag?post=593"}],"curies":[{"name":"wp","href":"https:\/\/api.w.org\/{rel}","templated":true}]}}