{"id":551,"date":"2020-06-19T20:10:32","date_gmt":"2020-06-19T20:10:32","guid":{"rendered":"https:\/\/haitises.com\/?post_type=product&#038;p=551"},"modified":"2023-10-14T21:50:12","modified_gmt":"2023-10-14T21:50:12","slug":"excursion-al-los-haitises-y-cano-hondo-desde-samana","status":"publish","type":"product","link":"https:\/\/visitaloshaitises.com\/th\/private\/excursion-al-los-haitises-y-cano-hondo-desde-samana\/","title":{"rendered":"\u0e17\u0e31\u0e28\u0e19\u0e28\u0e36\u0e01\u0e29\u0e32\u0e44\u0e1b\u0e22\u0e31\u0e07 Los Haitises \u0e41\u0e25\u0e30 Ca\u00f1o Hondo \u0e08\u0e32\u0e01Saman\u00e1"},"content":{"rendered":"<div class=\"vc_row wpb_row vc_row-fluid\" ><div class=\"wpb_column vc_column_container vc_col-sm-12\"><div class=\"vc_column-inner\"><div class=\"wpb_wrapper\"><div class=\"mkdf-section-title-holder\" style=\"text-align: left\">\n\t<div class=\"mkdf-st-inner\">\n\t\t\t\t\t<h5 class=\"mkdf-st-subtitle\" >\n\t\t\t\t\u0e23\u0e31\u0e1a\u0e1b\u0e23\u0e30\u0e17\u0e32\u0e19\u0e2d\u0e32\u0e2b\u0e32\u0e23\u0e01\u0e25\u0e32\u0e07\u0e27\u0e31\u0e19\u0e41\u0e25\u0e30\u0e27\u0e48\u0e32\u0e22\u0e19\u0e49\u0e33\u0e43\u0e19\u0e2a\u0e23\u0e30\u0e19\u0e49\u0e33\u0e18\u0e23\u0e23\u0e21\u0e0a\u0e32\u0e15\u0e34\t\t\t<\/h5>\n\t\t\t\t\t\t\t<\/div>\n<\/div><\/div><\/div><\/div><\/div><div class=\"vc_row wpb_row vc_row-fluid\" ><div class=\"wpb_column vc_column_container vc_col-sm-12\"><div class=\"vc_column-inner\"><div class=\"wpb_wrapper\">\n\t<div class=\"wpb_text_column wpb_content_element\" >\n\t\t<div class=\"wpb_wrapper\">\n\t\t\t<h2>\u0e2d\u0e38\u0e17\u0e22\u0e32\u0e19\u0e41\u0e2b\u0e48\u0e07\u0e0a\u0e32\u0e15\u0e34 Los Haitises + \u0e23\u0e31\u0e1a\u0e1b\u0e23\u0e30\u0e17\u0e32\u0e19\u0e2d\u0e32\u0e2b\u0e32\u0e23\u0e01\u0e25\u0e32\u0e07\u0e27\u0e31\u0e19\u0e43\u0e19 Cano Hondo \u0e08\u0e32\u0e01\u0e17\u0e48\u0e32\u0e40\u0e23\u0e37\u0e2d Saman\u00e1<\/h2>\n<h3><em>\u0e04\u0e33\u0e2d\u0e18\u0e34\u0e1a\u0e32\u0e22<\/em><\/h3>\n<p>\u0e2d\u0e38\u0e17\u0e22\u0e32\u0e19\u0e41\u0e2b\u0e48\u0e07\u0e0a\u0e32\u0e15\u0e34 Los Haitises \u0e40\u0e23\u0e34\u0e48\u0e21\u0e15\u0e49\u0e19\u0e08\u0e32\u0e01\u0e17\u0e48\u0e32\u0e40\u0e23\u0e37\u0e2d Saman\u00e1 \u0e1e\u0e23\u0e49\u0e2d\u0e21\u0e23\u0e31\u0e1a\u0e1b\u0e23\u0e30\u0e17\u0e32\u0e19\u0e2d\u0e32\u0e2b\u0e32\u0e23\u0e01\u0e25\u0e32\u0e07\u0e27\u0e31\u0e19\u0e40\u0e25\u0e34\u0e28\u0e23\u0e2a\u0e41\u0e25\u0e30\u0e27\u0e48\u0e32\u0e22\u0e19\u0e49\u0e33\u0e43\u0e19\u0e1a\u0e48\u0e2d\u0e19\u0e49\u0e33\u0e18\u0e23\u0e23\u0e21\u0e0a\u0e32\u0e15\u0e34\u0e17\u0e35\u0e48 Ca\u00f1o Hondo Ecolodge \u0e21\u0e32\u0e01\u0e31\u0e1a\u0e40\u0e23\u0e32\u0e41\u0e25\u0e30\u0e40\u0e22\u0e35\u0e48\u0e22\u0e21\u0e0a\u0e21\u0e2d\u0e38\u0e17\u0e22\u0e32\u0e19\u0e41\u0e2b\u0e48\u0e07\u0e0a\u0e32\u0e15\u0e34\u0e17\u0e35\u0e48\u0e2a\u0e27\u0e22\u0e17\u0e35\u0e48\u0e2a\u0e38\u0e14\u0e43\u0e19\u0e2a\u0e32\u0e18\u0e32\u0e23\u0e13\u0e23\u0e31\u0e10\u0e42\u0e14\u0e21\u0e34\u0e19\u0e34\u0e01\u0e31\u0e19 \u0e40\u0e22\u0e35\u0e48\u0e22\u0e21\u0e0a\u0e21\u0e1b\u0e48\u0e32\u0e0a\u0e32\u0e22\u0e40\u0e25\u0e19 \u0e16\u0e49\u0e33 \u0e41\u0e25\u0e30\u0e2d\u0e48\u0e32\u0e27\u0e0b\u0e32\u0e19\u0e25\u0e2d\u0e40\u0e23\u0e19\u0e42\u0e0b \u0e23\u0e27\u0e21\u0e16\u0e36\u0e07\u0e01\u0e32\u0e23\u0e02\u0e49\u0e32\u0e21\u0e2d\u0e48\u0e32\u0e27\u0e0b\u0e32\u0e21\u0e32\u0e19\u0e32\u0e17\u0e35\u0e48\u0e2a\u0e27\u0e22\u0e07\u0e32\u0e21 \u0e2b\u0e25\u0e31\u0e07\u0e08\u0e32\u0e01\u0e23\u0e31\u0e1a\u0e1b\u0e23\u0e30\u0e17\u0e32\u0e19\u0e2d\u0e32\u0e2b\u0e32\u0e23\u0e01\u0e25\u0e32\u0e07\u0e27\u0e31\u0e19\u0e17\u0e35\u0e48 Ca\u00f1o Hondo \u0e04\u0e38\u0e13\u0e08\u0e30\u0e21\u0e35\u0e42\u0e2d\u0e01\u0e32\u0e2a\u0e27\u0e48\u0e32\u0e22\u0e19\u0e49\u0e33\u0e43\u0e19\u0e2a\u0e23\u0e30\u0e19\u0e49\u0e33\u0e18\u0e23\u0e23\u0e21\u0e0a\u0e32\u0e15\u0e34\u0e2a\u0e31\u0e01\u0e2a\u0e2d\u0e07\u0e2a\u0e32\u0e21\u0e0a\u0e31\u0e48\u0e27\u0e42\u0e21\u0e07 \u0e08\u0e32\u0e01\u0e19\u0e31\u0e49\u0e19\u0e08\u0e36\u0e07\u0e40\u0e14\u0e34\u0e19\u0e17\u0e32\u0e07\u0e01\u0e25\u0e31\u0e1a\u0e44\u0e1b\u0e22\u0e31\u0e07\u0e17\u0e48\u0e32\u0e40\u0e23\u0e37\u0e2d Saman\u00e1<\/p>\n<p>\u0e2b\u0e25\u0e31\u0e07\u0e08\u0e32\u0e01\u0e1b\u0e23\u0e30\u0e2a\u0e1a\u0e01\u0e32\u0e23\u0e13\u0e4c\u0e19\u0e35\u0e49 \u0e04\u0e38\u0e13\u0e08\u0e30\u0e40\u0e14\u0e34\u0e19\u0e17\u0e32\u0e07\u0e01\u0e25\u0e31\u0e1a\u0e44\u0e1b\u0e22\u0e31\u0e07\u0e17\u0e48\u0e32\u0e40\u0e23\u0e37\u0e2d\u0e0b\u0e32\u0e21\u0e32\u0e19\u0e32<\/p>\n<ul>\n<li>\u0e23\u0e27\u0e21\u0e20\u0e32\u0e29\u0e35\u0e41\u0e25\u0e49\u0e27<\/li>\n<li>\u0e04\u0e39\u0e48\u0e21\u0e37\u0e2d\u0e19\u0e35\u0e49\u0e08\u0e30\u0e43\u0e2b\u0e49\u0e04\u0e33\u0e41\u0e19\u0e30\u0e19\u0e33\u0e41\u0e25\u0e30\u0e01\u0e32\u0e23\u0e01\u0e33\u0e01\u0e31\u0e1a\u0e14\u0e39\u0e41\u0e25<\/li>\n<\/ul>\n<h3>\u0e01\u0e32\u0e23\u0e23\u0e27\u0e21\u0e41\u0e25\u0e30\u0e01\u0e32\u0e23\u0e22\u0e01\u0e40\u0e27\u0e49\u0e19<\/h3>\n<h4>\u0e01\u0e32\u0e23\u0e23\u0e27\u0e21<\/h4>\n<ol>\n<li>\u0e17\u0e31\u0e27\u0e23\u0e4c Los Haitises + \u0e16\u0e49\u0e33\u0e41\u0e25\u0e30\u0e2a\u0e31\u0e0d\u0e25\u0e31\u0e01\u0e29\u0e13\u0e4c<\/li>\n<li>\u0e23\u0e31\u0e1a\u0e1b\u0e23\u0e30\u0e17\u0e32\u0e19\u0e2d\u0e32\u0e2b\u0e32\u0e23\u0e01\u0e25\u0e32\u0e07\u0e27\u0e31\u0e19\u0e17\u0e35\u0e48 Ca\u00f1o Hondo<\/li>\n<li>\u0e27\u0e48\u0e32\u0e22\u0e19\u0e49\u0e33\u0e43\u0e19\u0e2a\u0e23\u0e30\u0e19\u0e49\u0e33\u0e18\u0e23\u0e23\u0e21\u0e0a\u0e32\u0e15\u0e34<\/li>\n<li>\u0e20\u0e32\u0e29\u0e35 \u0e04\u0e48\u0e32\u0e18\u0e23\u0e23\u0e21\u0e40\u0e19\u0e35\u0e22\u0e21 \u0e41\u0e25\u0e30\u0e04\u0e48\u0e32\u0e18\u0e23\u0e23\u0e21\u0e40\u0e19\u0e35\u0e22\u0e21\u0e01\u0e32\u0e23\u0e08\u0e31\u0e14\u0e01\u0e32\u0e23\u0e17\u0e31\u0e49\u0e07\u0e2b\u0e21\u0e14<\/li>\n<li>\u0e20\u0e32\u0e29\u0e35\u0e17\u0e49\u0e2d\u0e07\u0e16\u0e34\u0e48\u0e19<\/li>\n<li>\u0e40\u0e04\u0e23\u0e37\u0e48\u0e2d\u0e07\u0e14\u0e37\u0e48\u0e21<\/li>\n<li>\u0e01\u0e34\u0e08\u0e01\u0e23\u0e23\u0e21\u0e17\u0e31\u0e49\u0e07\u0e2b\u0e21\u0e14<\/li>\n<li>\u0e21\u0e31\u0e04\u0e04\u0e38\u0e40\u0e17\u0e28\u0e01\u0e4c\u0e17\u0e49\u0e2d\u0e07\u0e16\u0e34\u0e48\u0e19<\/li>\n<\/ol>\n<h4>\u0e02\u0e49\u0e2d\u0e22\u0e01\u0e40\u0e27\u0e49\u0e19<\/h4>\n<ol>\n<li>\u0e40\u0e04\u0e25\u0e47\u0e14\u0e25\u0e31\u0e1a<\/li>\n<li>\u0e42\u0e2d\u0e19\u0e22\u0e49\u0e32\u0e22<\/li>\n<li>\u0e40\u0e04\u0e23\u0e37\u0e48\u0e2d\u0e07\u0e14\u0e37\u0e48\u0e21\u0e41\u0e2d\u0e25\u0e01\u0e2d\u0e2e\u0e2d\u0e25\u0e4c<\/li>\n<\/ol>\n<h3><em>\u0e2d\u0e2d\u0e01\u0e40\u0e14\u0e34\u0e19\u0e17\u0e32\u0e07\u0e41\u0e25\u0e30\u0e01\u0e25\u0e31\u0e1a<\/em><\/h3>\n<p>\u0e1c\u0e39\u0e49\u0e40\u0e14\u0e34\u0e19\u0e17\u0e32\u0e07\u0e08\u0e30\u0e44\u0e14\u0e49\u0e23\u0e31\u0e1a\u0e08\u0e38\u0e14\u0e19\u0e31\u0e14\u0e1e\u0e1a\u0e2b\u0e25\u0e31\u0e07\u0e08\u0e32\u0e01\u0e02\u0e31\u0e49\u0e19\u0e15\u0e2d\u0e19\u0e01\u0e32\u0e23\u0e08\u0e2d\u0e07 \u0e17\u0e31\u0e27\u0e23\u0e4c\u0e40\u0e23\u0e34\u0e48\u0e21\u0e15\u0e49\u0e19\u0e41\u0e25\u0e30\u0e2a\u0e34\u0e49\u0e19\u0e2a\u0e38\u0e14\u0e17\u0e35\u0e48\u0e08\u0e38\u0e14\u0e19\u0e31\u0e14\u0e1e\u0e1a\u0e02\u0e2d\u0e07\u0e40\u0e23\u0e32<\/p>\n<h3><em>\u0e04\u0e32\u0e14\u0e2b\u0e27\u0e31\u0e07\u0e2d\u0e30\u0e44\u0e23?<\/em><\/h3>\n<p>\u0e0b\u0e37\u0e49\u0e2d\u0e1a\u0e31\u0e15\u0e23\u0e40\u0e02\u0e49\u0e32\u0e0a\u0e21\u0e2d\u0e38\u0e17\u0e22\u0e32\u0e19\u0e41\u0e2b\u0e48\u0e07\u0e0a\u0e32\u0e15\u0e34 Los Haitises \u0e1e\u0e23\u0e49\u0e2d\u0e21\u0e23\u0e31\u0e1a\u0e1b\u0e23\u0e30\u0e17\u0e32\u0e19\u0e2d\u0e32\u0e2b\u0e32\u0e23\u0e01\u0e25\u0e32\u0e07\u0e27\u0e31\u0e19\u0e40\u0e25\u0e34\u0e28\u0e23\u0e2a\u0e17\u0e35\u0e48 Ca\u00f1o Hondo \u0e41\u0e25\u0e30\u0e27\u0e48\u0e32\u0e22\u0e19\u0e49\u0e33\u0e43\u0e19\u0e2a\u0e23\u0e30\u0e19\u0e49\u0e33\u0e18\u0e23\u0e23\u0e21\u0e0a\u0e32\u0e15\u0e34<\/p>\n<p>\u0e40\u0e23\u0e34\u0e48\u0e21\u0e15\u0e49\u0e19\u0e08\u0e32\u0e01\u0e17\u0e48\u0e32\u0e40\u0e23\u0e37\u0e2d Saman\u00e1 \u0e1a\u0e19\u0e40\u0e23\u0e37\u0e2d\u0e2b\u0e23\u0e37\u0e2d\u0e40\u0e23\u0e37\u0e2d\u0e04\u0e32\u0e15\u0e32\u0e21\u0e32\u0e23\u0e31\u0e19\u0e1e\u0e23\u0e49\u0e2d\u0e21\u0e44\u0e01\u0e14\u0e4c\u0e19\u0e33\u0e40\u0e17\u0e35\u0e48\u0e22\u0e27\u0e17\u0e49\u0e2d\u0e07\u0e16\u0e34\u0e48\u0e19 \u0e40\u0e23\u0e32\u0e08\u0e30\u0e1c\u0e48\u0e32\u0e19\u0e2d\u0e48\u0e32\u0e27 Saman\u00e1 \u0e16\u0e31\u0e14\u0e08\u0e32\u0e01 Sabana de la Mar \u0e40\u0e1e\u0e37\u0e48\u0e2d\u0e40\u0e22\u0e35\u0e48\u0e22\u0e21\u0e0a\u0e21\u0e2d\u0e38\u0e17\u0e22\u0e32\u0e19\u0e41\u0e2b\u0e48\u0e07\u0e0a\u0e32\u0e15\u0e34\u0e17\u0e35\u0e48\u0e2a\u0e27\u0e22\u0e17\u0e35\u0e48\u0e2a\u0e38\u0e14\u0e41\u0e2b\u0e48\u0e07\u0e2b\u0e19\u0e36\u0e48\u0e07\u0e43\u0e19\u0e2a\u0e32\u0e18\u0e32\u0e23\u0e13\u0e23\u0e31\u0e10\u0e42\u0e14\u0e21\u0e34\u0e19\u0e34\u0e01\u0e31\u0e19<\/p>\n<h5>\u0e2d\u0e38\u0e17\u0e22\u0e32\u0e19\u0e41\u0e2b\u0e48\u0e07\u0e0a\u0e32\u0e15\u0e34\u0e25\u0e2d\u0e2a\u0e40\u0e2e\u0e15\u0e34\u0e40\u0e0b\u0e2a<\/h5>\n<p>\u0e40\u0e17\u0e35\u0e48\u0e22\u0e27\u0e0a\u0e21\u0e40\u0e01\u0e32\u0e30\u0e17\u0e35\u0e48\u0e21\u0e35\u0e19\u0e01\u0e2d\u0e22\u0e39\u0e48\u0e23\u0e2d\u0e1a\u0e46 \u0e43\u0e19\u0e24\u0e14\u0e39\u0e27\u0e32\u0e07\u0e44\u0e02\u0e48 \u0e40\u0e23\u0e32\u0e22\u0e31\u0e07\u0e40\u0e2b\u0e47\u0e19\u0e19\u0e01\u0e01\u0e23\u0e30\u0e17\u0e38\u0e07\u0e2d\u0e22\u0e39\u0e48\u0e43\u0e19\u0e23\u0e31\u0e07\u0e14\u0e49\u0e27\u0e22\u0e0b\u0e49\u0e33 \u0e40\u0e08\u0e32\u0e30\u0e25\u0e36\u0e01\u0e40\u0e02\u0e49\u0e32\u0e44\u0e1b\u0e43\u0e19\u0e40\u0e01\u0e32\u0e30\u0e17\u0e35\u0e48\u0e40\u0e15\u0e47\u0e21\u0e44\u0e1b\u0e14\u0e49\u0e27\u0e22\u0e2b\u0e34\u0e19\u0e41\u0e25\u0e30\u0e40\u0e22\u0e35\u0e48\u0e22\u0e21\u0e0a\u0e21\u0e16\u0e49\u0e33\u0e17\u0e35\u0e48\u0e21\u0e35\u0e20\u0e32\u0e1e\u0e2a\u0e31\u0e0d\u0e25\u0e31\u0e01\u0e29\u0e13\u0e4c\u0e41\u0e25\u0e30\u0e20\u0e32\u0e1e\u0e2a\u0e01\u0e31\u0e14\u0e2b\u0e34\u0e19\u0e02\u0e2d\u0e07\u0e0a\u0e32\u0e27\u0e1e\u0e37\u0e49\u0e19\u0e40\u0e21\u0e37\u0e2d\u0e07<\/p>\n<p>El recorrido, organizado por \u00abBooking Adventures\u00bb, comienza en el punto de encuentro establecido con el gu\u00eda tur\u00edstico. Ven con Booking Adventures y comienza a observar algunos manglares llenos de aves, colinas onduladas de exuberante vegetaci\u00f3n y cuevas del Parque Nacional Los Haitises.<\/p>\n<p>El nombre del parque nacional proviene de sus habitantes originales, los indios ta\u00ednos. En su idioma, \u00abHaitises\u00bb se traduce a tierras altas o colinas, una referencia a las empinadas formaciones geol\u00f3gicas de la costa con calizas. Avent\u00farate en el parque para explorar cuevas como la Cueva de la Arena y la Cueva de la L\u00ednea.<\/p>\n<p>\u0e16\u0e49\u0e33\u0e43\u0e19\u0e40\u0e02\u0e15\u0e2a\u0e07\u0e27\u0e19\u0e16\u0e39\u0e01\u0e43\u0e0a\u0e49\u0e40\u0e1b\u0e47\u0e19\u0e17\u0e35\u0e48\u0e2b\u0e25\u0e1a\u0e20\u0e31\u0e22\u0e42\u0e14\u0e22\u0e0a\u0e32\u0e27\u0e2d\u0e34\u0e19\u0e40\u0e14\u0e35\u0e22\u0e19\u0e41\u0e14\u0e07 Ta\u00edno \u0e41\u0e25\u0e30\u0e15\u0e48\u0e2d\u0e21\u0e32\u0e16\u0e39\u0e01\u0e43\u0e0a\u0e49\u0e42\u0e14\u0e22\u0e42\u0e08\u0e23\u0e2a\u0e25\u0e31\u0e14\u0e17\u0e35\u0e48\u0e0b\u0e48\u0e2d\u0e19\u0e2d\u0e22\u0e39\u0e48 \u0e21\u0e2d\u0e07\u0e2b\u0e32\u0e20\u0e32\u0e1e\u0e27\u0e32\u0e14\u0e02\u0e2d\u0e07\u0e0a\u0e32\u0e27\u0e2d\u0e34\u0e19\u0e40\u0e14\u0e35\u0e22\u0e17\u0e35\u0e48\u0e01\u0e33\u0e25\u0e31\u0e07\u0e15\u0e01\u0e41\u0e15\u0e48\u0e07\u0e1c\u0e19\u0e31\u0e07\u0e1a\u0e32\u0e07\u0e2a\u0e48\u0e27\u0e19<\/p>\n<p>\u0e2b\u0e25\u0e31\u0e07\u0e08\u0e32\u0e01\u0e40\u0e22\u0e35\u0e48\u0e22\u0e21\u0e0a\u0e21\u0e2d\u0e38\u0e17\u0e22\u0e32\u0e19\u0e41\u0e2b\u0e48\u0e07\u0e0a\u0e32\u0e15\u0e34 Los Haitises \u0e41\u0e25\u0e49\u0e27 \u0e40\u0e23\u0e32\u0e01\u0e47\u0e44\u0e1b\u0e17\u0e35\u0e48 Cano Hondo \u0e43\u0e19 Cano Hondo \u0e04\u0e38\u0e13\u0e08\u0e30\u0e44\u0e14\u0e49\u0e40\u0e23\u0e35\u0e22\u0e19\u0e23\u0e39\u0e49\u0e40\u0e01\u0e35\u0e48\u0e22\u0e27\u0e01\u0e31\u0e1a\u0e1b\u0e23\u0e30\u0e27\u0e31\u0e15\u0e34\u0e28\u0e32\u0e2a\u0e15\u0e23\u0e4c\u0e17\u0e32\u0e07\u0e19\u0e34\u0e40\u0e27\u0e28\u0e27\u0e34\u0e17\u0e22\u0e32\u0e41\u0e25\u0e30\u0e23\u0e31\u0e1a\u0e1b\u0e23\u0e30\u0e17\u0e32\u0e19\u0e2d\u0e32\u0e2b\u0e32\u0e23\u0e01\u0e25\u0e32\u0e07\u0e27\u0e31\u0e19\u0e23\u0e48\u0e27\u0e21\u0e01\u0e31\u0e1a\u0e2d\u0e32\u0e2b\u0e32\u0e23\u0e17\u0e31\u0e48\u0e27\u0e44\u0e1b\u0e02\u0e2d\u0e07\u0e0a\u0e38\u0e21\u0e0a\u0e19 Sabana de la mar<\/p>\n<p>\u0e21\u0e37\u0e49\u0e2d\u0e40\u0e17\u0e35\u0e48\u0e22\u0e07\u0e08\u0e30\u0e2d\u0e23\u0e48\u0e2d\u0e22\u0e41\u0e15\u0e48\u0e40\u0e23\u0e32\u0e22\u0e31\u0e07\u0e44\u0e21\u0e48\u0e40\u0e2a\u0e23\u0e47\u0e08 \u0e2b\u0e25\u0e31\u0e07\u0e2d\u0e32\u0e2b\u0e32\u0e23\u0e01\u0e25\u0e32\u0e07\u0e27\u0e31\u0e19 \u0e40\u0e23\u0e32\u0e08\u0e30\u0e27\u0e48\u0e32\u0e22\u0e19\u0e49\u0e33\u0e43\u0e19\u0e2a\u0e23\u0e30\u0e19\u0e49\u0e33\u0e18\u0e23\u0e23\u0e21\u0e0a\u0e32\u0e15\u0e34\u0e15\u0e31\u0e49\u0e07\u0e41\u0e15\u0e48\u0e41\u0e21\u0e48\u0e19\u0e49\u0e33 Jibales \u0e41\u0e25\u0e30\u0e41\u0e21\u0e48\u0e19\u0e49\u0e33\u0e44\u0e1b\u0e08\u0e19\u0e16\u0e36\u0e07\u0e41\u0e21\u0e48\u0e19\u0e49\u0e33 Ca\u00f1o Hondo \u0e2d\u0e22\u0e39\u0e48\u0e43\u0e19 Ca\u00f1o Hondo \u0e08\u0e19\u0e16\u0e36\u0e07 16.00 \u0e19. \u0e41\u0e25\u0e30\u0e01\u0e25\u0e31\u0e1a\u0e44\u0e1b\u0e17\u0e35\u0e48\u0e17\u0e48\u0e32\u0e40\u0e23\u0e37\u0e2d Saman\u00e1 \u0e40\u0e23\u0e32\u0e08\u0e30\u0e1c\u0e48\u0e32\u0e19\u0e1b\u0e48\u0e32\u0e0a\u0e32\u0e22\u0e40\u0e25\u0e19\u0e2d\u0e35\u0e01\u0e04\u0e23\u0e31\u0e49\u0e07\u0e41\u0e25\u0e30\u0e21\u0e32\u0e16\u0e36\u0e07\u0e2d\u0e48\u0e32\u0e27\u0e40\u0e1b\u0e34\u0e14\u0e02\u0e2d\u0e07 San Lorenzo \u0e08\u0e32\u0e01\u0e08\u0e38\u0e14\u0e17\u0e35\u0e48\u0e04\u0e38\u0e13\u0e2a\u0e32\u0e21\u0e32\u0e23\u0e16\u0e16\u0e48\u0e32\u0e22\u0e20\u0e32\u0e1e\u0e20\u0e39\u0e21\u0e34\u0e17\u0e31\u0e28\u0e19\u0e4c\u0e1b\u0e48\u0e32\u0e02\u0e23\u0e38\u0e02\u0e23\u0e30\u0e44\u0e14\u0e49 \u0e21\u0e2d\u0e07\u0e2d\u0e2d\u0e01\u0e44\u0e1b\u0e43\u0e19\u0e19\u0e49\u0e33\u0e40\u0e1e\u0e37\u0e48\u0e2d\u0e14\u0e39\u0e1e\u0e30\u0e22\u0e39\u0e19 \u0e2a\u0e31\u0e15\u0e27\u0e4c\u0e19\u0e49\u0e33\u0e17\u0e35\u0e48\u0e21\u0e35\u0e40\u0e1b\u0e25\u0e37\u0e2d\u0e01\u0e41\u0e02\u0e47\u0e07 \u0e41\u0e25\u0e30\u0e42\u0e25\u0e21\u0e32<\/p>\n<p>\u0e08\u0e19\u0e16\u0e36\u0e07\u0e02\u0e13\u0e30\u0e19\u0e35\u0e49\u0e04\u0e38\u0e13\u0e08\u0e30\u0e15\u0e49\u0e2d\u0e07\u0e15\u0e01\u0e25\u0e07\u0e01\u0e31\u0e1a\u0e44\u0e01\u0e14\u0e4c\u0e19\u0e33\u0e40\u0e17\u0e35\u0e48\u0e22\u0e27\u0e41\u0e25\u0e30\u0e2b\u0e25\u0e31\u0e07\u0e08\u0e32\u0e01\u0e19\u0e31\u0e49\u0e19\u0e44\u0e1b\u0e17\u0e35\u0e48\u0e17\u0e48\u0e32\u0e40\u0e23\u0e37\u0e2d Cano Hondo \u0e41\u0e25\u0e30\u0e19\u0e31\u0e48\u0e07\u0e40\u0e23\u0e37\u0e2d\u0e01\u0e25\u0e31\u0e1a\u0e44\u0e1b\u0e17\u0e35\u0e48\u0e17\u0e48\u0e32\u0e40\u0e23\u0e37\u0e2d Saman\u00e1 \u0e1c\u0e48\u0e32\u0e19\u0e2d\u0e48\u0e32\u0e27 Saman\u00e1 30 \u0e19\u0e32\u0e17\u0e35<\/p>\n<p>\u0e43\u0e19\u0e01\u0e23\u0e13\u0e35\u0e17\u0e35\u0e48\u0e04\u0e38\u0e13\u0e0a\u0e2d\u0e1a\u0e17\u0e23\u0e34\u0e1b\u0e19\u0e35\u0e49\u0e21\u0e32\u0e01\u0e01\u0e27\u0e48\u0e32 \u0e40\u0e23\u0e32\u0e21\u0e35\u0e15\u0e31\u0e27\u0e40\u0e25\u0e37\u0e2d\u0e01\u0e40\u0e2b\u0e25\u0e48\u0e32\u0e19\u0e35\u0e49:<\/p>\n<p>Los Haitises + Cayo Levantado \u0e08\u0e32\u0e01\u0e17\u0e48\u0e32\u0e40\u0e23\u0e37\u0e2dSaman\u00e1<\/p>\n<h3><em>\u0e04\u0e38\u0e13\u0e04\u0e27\u0e23\u0e19\u0e33\u0e2d\u0e30\u0e44\u0e23\u0e21\u0e32\u0e1a\u0e49\u0e32\u0e07?<\/em><\/h3>\n<ul>\n<li>\u0e01\u0e25\u0e49\u0e2d\u0e07<\/li>\n<li>\u0e44\u0e25\u0e48<\/li>\n<li>\u0e04\u0e23\u0e35\u0e21\u0e01\u0e31\u0e19\u0e41\u0e14\u0e14<\/li>\n<li>\u0e2b\u0e21\u0e27\u0e01<\/li>\n<li>\u0e01\u0e32\u0e07\u0e40\u0e01\u0e07\u0e43\u0e2a\u0e48\u0e2a\u0e1a\u0e32\u0e22<\/li>\n<li>\u0e23\u0e2d\u0e07\u0e40\u0e17\u0e49\u0e32\u0e40\u0e14\u0e34\u0e19\u0e1b\u0e48\u0e32<\/li>\n<li>\u0e23\u0e2d\u0e07\u0e40\u0e17\u0e49\u0e32\u0e41\u0e15\u0e30\u0e44\u0e1b\u0e22\u0e31\u0e07\u0e1e\u0e37\u0e49\u0e19\u0e17\u0e35\u0e48\u0e2a\u0e1b\u0e23\u0e34\u0e07<\/li>\n<li>\u0e0a\u0e38\u0e14\u0e27\u0e48\u0e32\u0e22\u0e19\u0e49\u0e33<\/li>\n<\/ul>\n<h3><em>\u0e23\u0e16\u0e44\u0e1b\u0e23\u0e31\u0e1a\u0e17\u0e35\u0e48\u0e42\u0e23\u0e07\u0e41\u0e23\u0e21<\/em><\/h3>\n<p>\u0e44\u0e21\u0e48\u0e21\u0e35\u0e1a\u0e23\u0e34\u0e01\u0e32\u0e23\u0e44\u0e1b\u0e23\u0e31\u0e1a\u0e17\u0e35\u0e48\u0e42\u0e23\u0e07\u0e41\u0e23\u0e21\u0e2a\u0e33\u0e2b\u0e23\u0e31\u0e1a\u0e17\u0e31\u0e27\u0e23\u0e4c\u0e19\u0e35\u0e49<\/p>\n<p><strong>\u0e1a\u0e31\u0e19\u0e17\u0e36\u0e01:<\/strong> \u0e2b\u0e32\u0e01\u0e04\u0e38\u0e13\u0e08\u0e2d\u0e07\u0e20\u0e32\u0e22\u0e43\u0e19 24 \u0e0a\u0e31\u0e48\u0e27\u0e42\u0e21\u0e07\u0e19\u0e31\u0e1a\u0e08\u0e32\u0e01\u0e40\u0e27\u0e25\u0e32\u0e2d\u0e2d\u0e01\u0e40\u0e14\u0e34\u0e19\u0e17\u0e32\u0e07\u0e02\u0e2d\u0e07\u0e17\u0e31\u0e27\u0e23\u0e4c\/\u0e01\u0e32\u0e23\u0e40\u0e14\u0e34\u0e19\u0e17\u0e32\u0e07 \u0e40\u0e23\u0e32\u0e2a\u0e32\u0e21\u0e32\u0e23\u0e16\u0e08\u0e31\u0e14\u0e40\u0e15\u0e23\u0e35\u0e22\u0e21\u0e1a\u0e23\u0e34\u0e01\u0e32\u0e23\u0e44\u0e1b\u0e23\u0e31\u0e1a\u0e17\u0e35\u0e48\u0e42\u0e23\u0e07\u0e41\u0e23\u0e21\u0e42\u0e14\u0e22\u0e21\u0e35\u0e04\u0e48\u0e32\u0e43\u0e0a\u0e49\u0e08\u0e48\u0e32\u0e22\u0e40\u0e1e\u0e34\u0e48\u0e21\u0e40\u0e15\u0e34\u0e21 \u0e40\u0e21\u0e37\u0e48\u0e2d\u0e01\u0e32\u0e23\u0e0b\u0e37\u0e49\u0e2d\u0e02\u0e2d\u0e07\u0e04\u0e38\u0e13\u0e40\u0e2a\u0e23\u0e47\u0e08\u0e2a\u0e21\u0e1a\u0e39\u0e23\u0e13\u0e4c \u0e40\u0e23\u0e32\u0e08\u0e30\u0e2a\u0e48\u0e07\u0e02\u0e49\u0e2d\u0e21\u0e39\u0e25\u0e15\u0e34\u0e14\u0e15\u0e48\u0e2d\u0e17\u0e35\u0e48\u0e04\u0e23\u0e1a\u0e16\u0e49\u0e27\u0e19 (\u0e2b\u0e21\u0e32\u0e22\u0e40\u0e25\u0e02\u0e42\u0e17\u0e23\u0e28\u0e31\u0e1e\u0e17\u0e4c \u0e17\u0e35\u0e48\u0e2d\u0e22\u0e39\u0e48\u0e2d\u0e35\u0e40\u0e21\u0e25 \u0e2f\u0e25\u0e2f) \u0e43\u0e2b\u0e49\u0e01\u0e31\u0e1a\u0e44\u0e01\u0e14\u0e4c\u0e19\u0e33\u0e40\u0e17\u0e35\u0e48\u0e22\u0e27\u0e17\u0e49\u0e2d\u0e07\u0e16\u0e34\u0e48\u0e19\u0e02\u0e2d\u0e07\u0e40\u0e23\u0e32\u0e40\u0e1e\u0e37\u0e48\u0e2d\u0e08\u0e31\u0e14\u0e40\u0e15\u0e23\u0e35\u0e22\u0e21\u0e01\u0e32\u0e23\u0e44\u0e1b\u0e23\u0e31\u0e1a<\/p>\n<h3>\u0e01\u0e32\u0e23\u0e22\u0e37\u0e19\u0e22\u0e31\u0e19\u0e02\u0e49\u0e2d\u0e21\u0e39\u0e25\u0e40\u0e1e\u0e34\u0e48\u0e21\u0e40\u0e15\u0e34\u0e21<\/h3>\n<ol>\n<li>\u0e15\u0e31\u0e4b\u0e27\u0e40\u0e1b\u0e47\u0e19\u0e43\u0e1a\u0e40\u0e2a\u0e23\u0e47\u0e08\u0e23\u0e31\u0e1a\u0e40\u0e07\u0e34\u0e19\u0e2b\u0e25\u0e31\u0e07\u0e08\u0e32\u0e01\u0e0a\u0e33\u0e23\u0e30\u0e04\u0e48\u0e32\u0e17\u0e31\u0e27\u0e23\u0e4c\u0e04\u0e23\u0e31\u0e49\u0e07\u0e19\u0e35\u0e49 \u0e04\u0e38\u0e13\u0e2a\u0e32\u0e21\u0e32\u0e23\u0e16\u0e41\u0e2a\u0e14\u0e07\u0e01\u0e32\u0e23\u0e0a\u0e33\u0e23\u0e30\u0e40\u0e07\u0e34\u0e19\u0e1a\u0e19\u0e42\u0e17\u0e23\u0e28\u0e31\u0e1e\u0e17\u0e4c\u0e02\u0e2d\u0e07\u0e04\u0e38\u0e13\u0e44\u0e14\u0e49<\/li>\n<li>\u0e08\u0e38\u0e14\u0e19\u0e31\u0e14\u0e1e\u0e1a\u0e08\u0e30\u0e44\u0e14\u0e49\u0e23\u0e31\u0e1a\u0e2b\u0e25\u0e31\u0e07\u0e08\u0e32\u0e01\u0e02\u0e31\u0e49\u0e19\u0e15\u0e2d\u0e19\u0e01\u0e32\u0e23\u0e08\u0e2d\u0e07<\/li>\n<li>\u0e40\u0e14\u0e47\u0e01\u0e08\u0e30\u0e15\u0e49\u0e2d\u0e07\u0e21\u0e35\u0e1c\u0e39\u0e49\u0e43\u0e2b\u0e0d\u0e48\u0e21\u0e32\u0e14\u0e49\u0e27\u0e22<\/li>\n<li>\u0e44\u0e21\u0e48\u0e23\u0e2d\u0e07\u0e23\u0e31\u0e1a\u0e40\u0e01\u0e49\u0e32\u0e2d\u0e35\u0e49\u0e23\u0e16\u0e40\u0e02\u0e47\u0e19<\/li>\n<li>\u0e17\u0e32\u0e23\u0e01\u0e04\u0e27\u0e23\u0e19\u0e31\u0e48\u0e07\u0e43\u0e19\u0e17\u0e35\u0e48\u0e19\u0e31\u0e48\u0e07\u0e2a\u0e33\u0e2b\u0e23\u0e31\u0e1a\u0e17\u0e32\u0e23\u0e01\u0e2b\u0e23\u0e37\u0e2d\u0e23\u0e48\u0e27\u0e21\u0e01\u0e31\u0e1a\u0e1c\u0e39\u0e49\u0e43\u0e2b\u0e0d\u0e48<\/li>\n<li>\u0e44\u0e21\u0e48\u0e41\u0e19\u0e30\u0e19\u0e33\u0e2a\u0e33\u0e2b\u0e23\u0e31\u0e1a\u0e19\u0e31\u0e01\u0e40\u0e14\u0e34\u0e19\u0e17\u0e32\u0e07\u0e17\u0e35\u0e48\u0e21\u0e35\u0e1b\u0e31\u0e0d\u0e2b\u0e32\u0e40\u0e01\u0e35\u0e48\u0e22\u0e27\u0e01\u0e31\u0e1a\u0e2b\u0e25\u0e31\u0e07<\/li>\n<li>\u0e44\u0e21\u0e48\u0e41\u0e19\u0e30\u0e19\u0e33\u0e2a\u0e33\u0e2b\u0e23\u0e31\u0e1a\u0e2a\u0e15\u0e23\u0e35\u0e21\u0e35\u0e04\u0e23\u0e23\u0e20\u0e4c<\/li>\n<li>\u0e44\u0e21\u0e48\u0e21\u0e35\u0e1b\u0e31\u0e0d\u0e2b\u0e32\u0e40\u0e01\u0e35\u0e48\u0e22\u0e27\u0e01\u0e31\u0e1a\u0e2b\u0e31\u0e27\u0e43\u0e08\u0e2b\u0e23\u0e37\u0e2d\u0e2d\u0e32\u0e01\u0e32\u0e23\u0e1b\u0e48\u0e27\u0e22\u0e23\u0e49\u0e32\u0e22\u0e41\u0e23\u0e07\u0e2d\u0e37\u0e48\u0e19\u0e46<\/li>\n<li>\u0e19\u0e31\u0e01\u0e17\u0e48\u0e2d\u0e07\u0e40\u0e17\u0e35\u0e48\u0e22\u0e27\u0e2a\u0e48\u0e27\u0e19\u0e43\u0e2b\u0e0d\u0e48\u0e2a\u0e32\u0e21\u0e32\u0e23\u0e16\u0e40\u0e02\u0e49\u0e32\u0e23\u0e48\u0e27\u0e21\u0e44\u0e14\u0e49<\/li>\n<\/ol>\n<h3><em>\u0e19\u0e42\u0e22\u0e1a\u0e32\u0e22\u0e01\u0e32\u0e23\u0e22\u0e01\u0e40\u0e25\u0e34\u0e01<\/em><\/h3>\n<p>\u0e2b\u0e32\u0e01\u0e15\u0e49\u0e2d\u0e07\u0e01\u0e32\u0e23\u0e04\u0e37\u0e19\u0e40\u0e07\u0e34\u0e19\u0e40\u0e15\u0e47\u0e21\u0e08\u0e33\u0e19\u0e27\u0e19 \u0e42\u0e1b\u0e23\u0e14\u0e22\u0e01\u0e40\u0e25\u0e34\u0e01\u0e25\u0e48\u0e27\u0e07\u0e2b\u0e19\u0e49\u0e32\u0e2d\u0e22\u0e48\u0e32\u0e07\u0e19\u0e49\u0e2d\u0e22 24 \u0e0a\u0e31\u0e48\u0e27\u0e42\u0e21\u0e07\u0e01\u0e48\u0e2d\u0e19\u0e27\u0e31\u0e19\u0e40\u0e23\u0e34\u0e48\u0e21\u0e1b\u0e23\u0e30\u0e2a\u0e1a\u0e01\u0e32\u0e23\u0e13\u0e4c<\/p>\n\n\t\t<\/div>\n\t<\/div>\n<\/div><\/div><\/div><\/div><div class=\"vc_row wpb_row vc_row-fluid\" ><div class=\"wpb_column vc_column_container vc_col-sm-12\"><div class=\"vc_column-inner\"><div class=\"wpb_wrapper\"><div class=\"vc_empty_space\"   style=\"height: 32px\"><span class=\"vc_empty_space_inner\"><\/span><\/div>\n\t<div class=\"wpb_video_widget wpb_content_element vc_clearfix   vc_video-aspect-ratio-169 vc_video-el-width-100 vc_video-align-left\" >\n\t\t<div class=\"wpb_wrapper\">\n\t\t\t\n\t\t\t<div class=\"wpb_video_wrapper\"><iframe loading=\"lazy\" title=\"\u0e2d\u0e38\u0e17\u0e22\u0e32\u0e19\u0e41\u0e2b\u0e48\u0e07\u0e0a\u0e32\u0e15\u0e34 Los Haitises \u0e17\u0e31\u0e27\u0e23\u0e4c &amp; \u0e17\u0e31\u0e28\u0e19\u0e28\u0e36\u0e01\u0e29\u0e32\u0e08\u0e32\u0e01 Samana \u0e2b\u0e23\u0e37\u0e2d Sabana de la Mar \u0e08\u0e2d\u0e07\u0e17\u0e35\u0e48\u0e19\u0e35\u0e48:\" src=\"https:\/\/player.vimeo.com\/video\/346508015?dnt=1&amp;app_id=122963\" width=\"1100\" height=\"619\" frameborder=\"0\" allow=\"autoplay; fullscreen\" allowfullscreen><\/iframe><\/div>\n\t\t<\/div>\n\t<\/div>\n<\/div><\/div><\/div><\/div><div class=\"vc_row wpb_row vc_row-fluid\" ><div class=\"wpb_column vc_column_container vc_col-sm-12\"><div class=\"vc_column-inner\"><div class=\"wpb_wrapper\"><div class=\"vc_empty_space\"   style=\"height: 32px\"><span class=\"vc_empty_space_inner\"><\/span><\/div>\n\t<div class=\"wpb_text_column wpb_content_element\" >\n\t\t<div class=\"wpb_wrapper\">\n\t\t\t<h4>\u0e15\u0e34\u0e14\u0e15\u0e48\u0e2d\u0e40\u0e23\u0e32?<\/h4>\n<h5>\u0e01\u0e32\u0e23\u0e08\u0e2d\u0e07\u0e01\u0e32\u0e23\u0e1c\u0e08\u0e0d\u0e20\u0e31\u0e22<\/h5>\n<p><em>\u0e44\u0e01\u0e14\u0e4c\u0e19\u0e33\u0e40\u0e17\u0e35\u0e48\u0e22\u0e27<\/em> <em><strong>\u0e17\u0e49\u0e2d\u0e07\u0e16\u0e34\u0e48\u0e19<\/strong><\/em> \u0e41\u0e25\u0e30 <strong><em>\u0e23\u0e30\u0e14\u0e31\u0e1a\u0e0a\u0e32\u0e15\u0e34<\/em><\/strong> &amp;<em>\u00a0\u0e1a\u0e23\u0e34\u0e01\u0e32\u0e23\u0e41\u0e02\u0e01<\/em><\/p>\n<p>\u0e01\u0e32\u0e23\u0e08\u0e2d\u0e07: \u0e17\u0e31\u0e27\u0e23\u0e4c\u0e41\u0e25\u0e30\u0e17\u0e31\u0e28\u0e19\u0e28\u0e36\u0e01\u0e29\u0e32\u0e43\u0e19 Dom \u0e15\u0e31\u0e27\u0e41\u0e17\u0e19<\/p>\n<p>\u0e42\u0e17\u0e23\/\u0e27\u0e2d\u0e15\u0e2a\u0e4c\u0e41\u0e2d\u0e1e +1-809-720-6035<\/p>\n<p>info@bookingadventures.com.do<\/p>\n<p>\u0e40\u0e23\u0e32\u0e40\u0e1b\u0e47\u0e19\u0e17\u0e31\u0e27\u0e23\u0e4c\u0e2a\u0e48\u0e27\u0e19\u0e15\u0e31\u0e27\u0e17\u0e35\u0e48\u0e21\u0e35\u0e01\u0e32\u0e23\u0e01\u0e33\u0e2b\u0e19\u0e14\u0e04\u0e48\u0e32\u0e17\u0e35\u0e48\u0e22\u0e37\u0e14\u0e2b\u0e22\u0e38\u0e48\u0e19\u0e42\u0e14\u0e22 Whatsapp: +18097206035<\/p>\n\n\t\t<\/div>\n\t<\/div>\n<div class=\"vc_empty_space\"   style=\"height: 32px\"><span class=\"vc_empty_space_inner\"><\/span><\/div><\/div><\/div><\/div><\/div>","protected":false},"excerpt":{"rendered":"<p><strong>\u0e01\u0e23\u0e38\u0e13\u0e32\u0e40\u0e25\u0e37\u0e2d\u0e01\u0e27\u0e31\u0e19\u0e17\u0e35\u0e48\u0e2a\u0e33\u0e2b\u0e23\u0e31\u0e1a\u0e17\u0e31\u0e27\u0e23\u0e4c\u00a0<\/strong><\/p>","protected":false},"featured_media":104,"template":"","meta":[],"product_brand":[],"product_cat":[119,96,144,98,135,121,99,122,443,123,124],"product_tag":[126,127,128,145,132,133,146,147,148,143],"class_list":{"0":"post-551","1":"product","2":"type-product","3":"status-publish","4":"has-post-thumbnail","6":"product_cat-caves","7":"product_cat-hiking","8":"product_cat-kayaking","9":"product_cat-local-tour-guides","10":"product_cat-lunch","11":"product_cat-mangroves","12":"product_cat-swimming-natural-springs","13":"product_cat-tours-and-excursions","14":"product_cat-tours-y-excursiones-es","15":"product_cat-tours-excursions-los-haitises-national-park","16":"product_cat-tours-excursions-samana-bay-dominican-republic","17":"product_tag-cano-hondo","18":"product_tag-cano-hondo-hotel","19":"product_tag-cano-hondo-tours","20":"product_tag-day-tour-cano-hondo","21":"product_tag-los-haitises","22":"product_tag-los-haitises-national-park","23":"product_tag-mangroves-los-haitises","24":"product_tag-samana-bay","25":"product_tag-samana-excursions","26":"product_tag-samana-tours","28":"first","29":"instock","30":"sale","31":"sold-individually","32":"shipping-taxable","33":"product-type-external"},"_links":{"self":[{"href":"https:\/\/visitaloshaitises.com\/th\/wp-json\/wp\/v2\/product\/551","targetHints":{"allow":["GET"]}}],"collection":[{"href":"https:\/\/visitaloshaitises.com\/th\/wp-json\/wp\/v2\/product"}],"about":[{"href":"https:\/\/visitaloshaitises.com\/th\/wp-json\/wp\/v2\/types\/product"}],"wp:featuredmedia":[{"embeddable":true,"href":"https:\/\/visitaloshaitises.com\/th\/wp-json\/wp\/v2\/media\/104"}],"wp:attachment":[{"href":"https:\/\/visitaloshaitises.com\/th\/wp-json\/wp\/v2\/media?parent=551"}],"wp:term":[{"taxonomy":"product_brand","embeddable":true,"href":"https:\/\/visitaloshaitises.com\/th\/wp-json\/wp\/v2\/product_brand?post=551"},{"taxonomy":"product_cat","embeddable":true,"href":"https:\/\/visitaloshaitises.com\/th\/wp-json\/wp\/v2\/product_cat?post=551"},{"taxonomy":"product_tag","embeddable":true,"href":"https:\/\/visitaloshaitises.com\/th\/wp-json\/wp\/v2\/product_tag?post=551"}],"curies":[{"name":"wp","href":"https:\/\/api.w.org\/{rel}","templated":true}]}}