{"id":11671,"date":"2023-10-04T07:40:09","date_gmt":"2023-10-04T07:40:09","guid":{"rendered":"https:\/\/haitises.com\/?post_type=product&#038;p=11671"},"modified":"2024-03-30T12:27:40","modified_gmt":"2024-03-30T12:27:40","slug":"bahia-de-las-aguilas-beach-day-trip-by-boat-day-pass-snorkeling-lunch-3","status":"publish","type":"product","link":"https:\/\/visitaloshaitises.com\/th\/private\/%e0%b8%9a%e0%b8%b2%e0%b9%80%e0%b8%ad%e0%b8%b5%e0%b8%a2-%e0%b9%80%e0%b8%94%e0%b8%ad-%e0%b8%a5%e0%b8%b2%e0%b8%aa-%e0%b8%ad%e0%b8%b2%e0%b8%81%e0%b8%b5%e0%b8%a5%e0%b8%b2%e0%b8%aa-%e0%b8%8a%e0%b8%b2\/","title":{"rendered":"Bah\u00eda de las \u00c1guilas: Beach Day Trip by Boat &#8211; Day Pass &#8211; Snorkeling &#038; Lunch"},"content":{"rendered":"<div class=\"vc_row wpb_row vc_row-fluid\" ><div class=\"wpb_column vc_column_container vc_col-sm-12\"><div class=\"vc_column-inner\"><div class=\"wpb_wrapper\"><div class=\"vc_btn3-container vc_btn3-inline\" ><button class=\"vc_general vc_btn3 vc_btn3-size-md vc_btn3-shape-rounded vc_btn3-style-modern vc_btn3-color-green\">\u0e08\u0e2d\u0e07\u0e15\u0e2d\u0e19\u0e19\u0e35\u0e49<\/button><\/div><div class=\"mkdf-section-title-holder\" style=\"text-align: left\">\n\t<div class=\"mkdf-st-inner\">\n\t\t\t\t\t<h5 class=\"mkdf-st-subtitle\" >\n\t\t\t\tDay Pass - Snorkeling &amp; Lunch\t\t\t<\/h5>\n\t\t\t\t\t\t\t<h3 class=\"mkdf-st-title\" >\n\t\t\t\tBah\u00eda de las Aguilas: Beach Day Trip by Boat\t\t\t<\/h3>\n\t\t\t\t\t<\/div>\n<\/div><\/div><\/div><\/div><\/div><div class=\"vc_row wpb_row vc_row-fluid\" ><\/div><div class=\"wpb_column vc_column_container vc_col-sm-12\"><div class=\"vc_column-inner\"><div class=\"wpb_wrapper\"><\/div><\/div><\/div>\n\t<div class=\"wpb_text_column wpb_content_element\" >\n\t\t<div class=\"wpb_wrapper\">\n\t\t\t<p>I am text block. Click edit button to change this text. Lorem ipsum dolor sit amet, consectetur adipiscing elit. Ut elit tellus, luctus nec ullamcorper mattis, pulvinar dapibus leo.<\/p>\n\n\t\t<\/div>\n\t<\/div>\n<div class=\"vc_row wpb_row vc_row-fluid\" ><div class=\"wpb_column vc_column_container vc_col-sm-12\"><div class=\"vc_column-inner\"><div class=\"wpb_wrapper\"><div class=\"vc_btn3-container vc_btn3-inline\" ><button class=\"vc_general vc_btn3 vc_btn3-size-md vc_btn3-shape-rounded vc_btn3-style-modern vc_btn3-color-green\">\u0e08\u0e2d\u0e07\u0e15\u0e2d\u0e19\u0e19\u0e35\u0e49<\/button><\/div><\/div><\/div><\/div><\/div>","protected":false},"excerpt":{"rendered":"<p><span style=\"vertical-align: inherit;\"><span style=\"vertical-align: inherit;\">Compre un boleto de un d\u00eda a Bah\u00eda las \u00c1guilas desde Barahona. <\/span><span style=\"vertical-align: inherit;\">Conduciendo por el parque nacional Jaragua y rumbo a Cabo Rojo, donde un bote lo espera. <\/span><span style=\"vertical-align: inherit;\">Despu\u00e9s de un viaje de 15 minutos en bote, llegar\u00e1 a la hermosa y aislada Bah\u00eda de las \u00c1guilas, considerada la playa m\u00e1s hermosa del pa\u00eds. <\/span><span style=\"vertical-align: inherit;\">El almuerzo se servir\u00e1 en la playa y tendr\u00e1 la oportunidad de nadar o simplemente relajarse en la playa. <\/span><span style=\"vertical-align: inherit;\">Disfrute de la pr\u00edstina arena blanca de esta playa de 8 km de longitud.<\/span><\/span><\/p>\n<p>&nbsp;<\/p>\n<p><strong><span style=\"vertical-align: inherit;\"><span style=\"vertical-align: inherit;\">Seleccione el d\u00eda para este viaje:<\/span><\/span><\/strong><\/p>","protected":false},"featured_media":501,"template":"","meta":[],"product_brand":[],"product_cat":[396,135],"product_tag":[397,398,399,400,401,402,403,404,405,406,407,408,409,410,411],"class_list":{"0":"post-11671","1":"product","2":"type-product","3":"status-publish","4":"has-post-thumbnail","6":"product_cat-bahia-de-las-aguilas-dominican-republic","7":"product_cat-lunch","8":"product_tag-bahia-de-las-aguilas","9":"product_tag-bahia-de-las-aguilas-pedernales","10":"product_tag-bahia-de-las-aguilas-beach-tour","11":"product_tag-bahia-de-las-aguilas-hoteles","12":"product_tag-bahia-de-las-aguilas-map","13":"product_tag-bahia-de-las-aguilas-private-tour","14":"product_tag-bahia-de-las-aguilas-republica-dominicana-hotel","15":"product_tag-bahia-de-las-aguilas-tour-from-punta-cana","16":"product_tag-bahia-de-las-aguilas-beach-day-trip-by-boat","17":"product_tag-bahia-las-aguilas-tours","18":"product_tag-barahona-tours","19":"product_tag-closest-airport-to-bahia-de-las-aguilas","20":"product_tag-hotel-barahona","21":"product_tag-playa-bahia-de-las-aguilas-dominican-republic","22":"product_tag-tours-a-bahia-de-las-aguilas-desde-santo-domingo","24":"first","25":"instock","26":"sale","27":"shipping-taxable","28":"product-type-external"},"_links":{"self":[{"href":"https:\/\/visitaloshaitises.com\/th\/wp-json\/wp\/v2\/product\/11671","targetHints":{"allow":["GET"]}}],"collection":[{"href":"https:\/\/visitaloshaitises.com\/th\/wp-json\/wp\/v2\/product"}],"about":[{"href":"https:\/\/visitaloshaitises.com\/th\/wp-json\/wp\/v2\/types\/product"}],"wp:featuredmedia":[{"embeddable":true,"href":"https:\/\/visitaloshaitises.com\/th\/wp-json\/wp\/v2\/media\/501"}],"wp:attachment":[{"href":"https:\/\/visitaloshaitises.com\/th\/wp-json\/wp\/v2\/media?parent=11671"}],"wp:term":[{"taxonomy":"product_brand","embeddable":true,"href":"https:\/\/visitaloshaitises.com\/th\/wp-json\/wp\/v2\/product_brand?post=11671"},{"taxonomy":"product_cat","embeddable":true,"href":"https:\/\/visitaloshaitises.com\/th\/wp-json\/wp\/v2\/product_cat?post=11671"},{"taxonomy":"product_tag","embeddable":true,"href":"https:\/\/visitaloshaitises.com\/th\/wp-json\/wp\/v2\/product_tag?post=11671"}],"curies":[{"name":"wp","href":"https:\/\/api.w.org\/{rel}","templated":true}]}}