{"id":11657,"date":"2023-10-04T07:40:08","date_gmt":"2023-10-04T07:40:08","guid":{"rendered":"https:\/\/haitises.com\/?post_type=product&#038;p=11657"},"modified":"2024-03-31T23:53:14","modified_gmt":"2024-03-31T23:53:14","slug":"santo-domingo-city-tour-from-punta-cana-all-inclusive-day-trip-3","status":"publish","type":"product","link":"https:\/\/visitaloshaitises.com\/th\/private\/%e0%b8%8b%e0%b8%b2%e0%b8%99%e0%b9%82%e0%b8%95%e0%b9%82%e0%b8%94%e0%b8%a1%e0%b8%b4%e0%b8%87%e0%b9%82%e0%b8%81%e0%b8%8b%e0%b8%b4%e0%b8%95%e0%b8%b5%e0%b9%89%e0%b8%97%e0%b8%b1%e0%b8%a7%e0%b8%a3%e0%b9%8c\/","title":{"rendered":"\u0e17\u0e31\u0e27\u0e23\u0e4c\u0e40\u0e21\u0e37\u0e2d\u0e07\u0e0b\u0e32\u0e19\u0e42\u0e15\u0e42\u0e14\u0e21\u0e34\u0e07\u0e42\u0e01\u0e08\u0e32\u0e01\u0e1b\u0e38\u0e19\u0e15\u0e32\u0e04\u0e32\u0e19\u0e32\u0e41\u0e1a\u0e1a\u0e23\u0e27\u0e21\u0e17\u0e38\u0e01\u0e2d\u0e22\u0e48\u0e32\u0e07"},"content":{"rendered":"<div class=\"vc_row wpb_row vc_row-fluid\" ><div class=\"wpb_column vc_column_container vc_col-sm-12\"><div class=\"vc_column-inner\"><div class=\"wpb_wrapper\"><div class=\"mkdf-section-title-holder\" style=\"text-align: left\">\n\t<div class=\"mkdf-st-inner\">\n\t\t\t\t\t<h5 class=\"mkdf-st-subtitle\" >\n\t\t\t\tTransportation &amp; Lunch Included\t\t\t<\/h5>\n\t\t\t\t\t\t\t<h3 class=\"mkdf-st-title\" >\n\t\t\t\t\u0e17\u0e31\u0e27\u0e23\u0e4c\u0e40\u0e21\u0e37\u0e2d\u0e07\u0e0b\u0e32\u0e19\u0e42\u0e15\u0e42\u0e14\u0e21\u0e34\u0e07\u0e42\u0e01\u0e08\u0e32\u0e01\u0e1b\u0e38\u0e19\u0e15\u0e32\u0e04\u0e32\u0e19\u0e32\u0e41\u0e1a\u0e1a\u0e23\u0e27\u0e21\u0e17\u0e38\u0e01\u0e2d\u0e22\u0e48\u0e32\u0e07\t\t\t<\/h3>\n\t\t\t\t\t<\/div>\n<\/div><\/div><\/div><\/div><\/div><div class=\"vc_row wpb_row vc_row-fluid\" ><div class=\"wpb_column vc_column_container vc_col-sm-12\"><div class=\"vc_column-inner\"><div class=\"wpb_wrapper\"><div class=\"vc_btn3-container vc_btn3-inline\" ><button class=\"vc_general vc_btn3 vc_btn3-size-md vc_btn3-shape-rounded vc_btn3-style-modern vc_btn3-color-green\">\u0e08\u0e2d\u0e07\u0e15\u0e2d\u0e19\u0e19\u0e35\u0e49<\/button><\/div>\n\t<div class=\"wpb_text_column wpb_content_element\" >\n\t\t<div class=\"wpb_wrapper\">\n\t\t\t<h3 class=\"ui_header h1 attractions-product-info-ProductTitle__title--1qM0o\"><\/h3>\n<h4><b><i>\u0e20\u0e32\u0e1e\u0e23\u0e27\u0e21 <\/i><\/b><\/h4>\n<p>Spend a day in the colonial historical zone of the oldest city in Latin America.\u00a0 Explore landmarks and highlights such as the Plaza de Espa\u00f1a, the National Palace, the Columbus lighthouse and the Colonial Zone.<\/p>\n<p>Stop at the Tree Eyes National Park and see the underground caves and loagoons used by the Taino Indians.First you will be picked up from your hotel by bus.<\/p>\n<p>The tour will start with meeting a professional guide that will give you some information regarding the island and the Dominican culture, food, music and much more. Lunch at a typical Dominican restaurant is included. This\u00a0tour will definitely give you the\u00a0real history of this island!<\/p>\n<p>After this experience, you will get Back to Location where you meet with the Tour Guide<\/p>\n<p>&nbsp;<\/p>\n<h4><b>\u0e01\u0e32\u0e23\u0e23\u0e27\u0e21\u0e41\u0e25\u0e30\u0e01\u0e32\u0e23\u0e22\u0e01\u0e40\u0e27\u0e49\u0e19<\/b><\/h4>\n<p><b>\u0e01\u0e32\u0e23\u0e23\u0e27\u0e21<\/b><\/p>\n<ol>\n<li>Lunch Buffet<\/li>\n<li>Columbus lighthouse<\/li>\n<li>Day Trip Santo Domingo<\/li>\n<li>Los Tres Ojos National Park<\/li>\n<li>The Colonial Zone Walk<\/li>\n<li>The National Palace<\/li>\n<li>\u00a0The Plaza de Espa\u00f1a<\/li>\n<li style=\"font-weight: 400;\"><span style=\"font-weight: 400;\">\u0e20\u0e32\u0e29\u0e35 \u0e04\u0e48\u0e32\u0e18\u0e23\u0e23\u0e21\u0e40\u0e19\u0e35\u0e22\u0e21 \u0e41\u0e25\u0e30\u0e04\u0e48\u0e32\u0e18\u0e23\u0e23\u0e21\u0e40\u0e19\u0e35\u0e22\u0e21\u0e01\u0e32\u0e23\u0e08\u0e31\u0e14\u0e01\u0e32\u0e23\u0e17\u0e31\u0e49\u0e07\u0e2b\u0e21\u0e14<\/span><\/li>\n<li style=\"font-weight: 400;\"><span style=\"font-weight: 400;\">\u0e20\u0e32\u0e29\u0e35\u0e17\u0e49\u0e2d\u0e07\u0e16\u0e34\u0e48\u0e19<\/span><\/li>\n<li style=\"font-weight: 400;\"><span style=\"font-weight: 400;\">\u0e40\u0e04\u0e23\u0e37\u0e48\u0e2d\u0e07\u0e14\u0e37\u0e48\u0e21<\/span><\/li>\n<li>Snacks<\/li>\n<li style=\"font-weight: 400;\"><span style=\"font-weight: 400;\">\u0e21\u0e31\u0e04\u0e04\u0e38\u0e40\u0e17\u0e28\u0e01\u0e4c\u0e17\u0e49\u0e2d\u0e07\u0e16\u0e34\u0e48\u0e19<\/span><\/li>\n<\/ol>\n<p><b> \u0e02\u0e49\u0e2d\u0e22\u0e01\u0e40\u0e27\u0e49\u0e19<\/b><\/p>\n<ol>\n<li style=\"font-weight: 400;\"><span style=\"font-weight: 400;\">\u0e1a\u0e33\u0e40\u0e2b\u0e19\u0e47\u0e08<\/span><\/li>\n<li style=\"font-weight: 400;\"><span style=\"font-weight: 400;\">\u0e40\u0e04\u0e23\u0e37\u0e48\u0e2d\u0e07\u0e14\u0e37\u0e48\u0e21\u0e41\u0e2d\u0e25\u0e01\u0e2d\u0e2e\u0e2d\u0e25\u0e4c<\/span><\/li>\n<\/ol>\n<p>&nbsp;<\/p>\n<h4><em><strong>\u0e2d\u0e2d\u0e01\u0e40\u0e14\u0e34\u0e19\u0e17\u0e32\u0e07\u0e41\u0e25\u0e30\u0e01\u0e25\u0e31\u0e1a<\/strong><\/em><\/h4>\n<p><span style=\"font-weight: 400;\">The traveler will get a meeting point after the Reservation Process. Tours start and Finish in your meeting points.<\/span><\/p>\n<h3><\/h3>\n<h3 class=\"ui_header h1 attractions-product-info-ProductTitle__title--1qM0o\">\u0e17\u0e31\u0e27\u0e23\u0e4c\u0e40\u0e21\u0e37\u0e2d\u0e07\u0e0b\u0e32\u0e19\u0e42\u0e15\u0e42\u0e14\u0e21\u0e34\u0e07\u0e42\u0e01\u0e08\u0e32\u0e01\u0e1b\u0e38\u0e19\u0e15\u0e32\u0e04\u0e32\u0e19\u0e32\u0e41\u0e1a\u0e1a\u0e23\u0e27\u0e21\u0e17\u0e38\u0e01\u0e2d\u0e22\u0e48\u0e32\u0e07<\/h3>\n<h4><b><i>\u0e04\u0e32\u0e14\u0e2b\u0e27\u0e31\u0e07\u0e2d\u0e30\u0e44\u0e23?<\/i><\/b><\/h4>\n<div class=\"apd_content_block\" data-tab=\"TABS_OVERVIEW\">\n<div class=\"ui_card section attractions-product-details-Overview__sectionMargin--uHktd attractions-product-details-Overview__cleanslateOverrideDT--39Ov7\"><\/div>\n<\/div>\n<div data-tab=\"TABS_WHAT_TO_EXPECT\">\n<div class=\"ui_card attractions-card-CollapsibleProductDetailsCard__cardContainer--3r2wk attractions-card-CollapsibleProductDetailsCard__cleanslateOverrideDT--2AJh0\">\n<div class=\"attractions-card-CollapsibleCard__header--IDA3r\">\n<div class=\"attractions-card-CollapsibleCard__headerSection--3gTKb\"><\/div>\n<\/div>\n<div class=\"attractions-card-CollapsibleCard__content--2Ws8q\">\n<div class=\"attractions-card-CollapsibleCard__contentWrap--374jk attractions-card-CollapsibleCard__titleUnderline--1uHze\">\n<div class=\"attractions-card-CollapsibleProductDetailsCard__cardContent--23ext\">\n<div class=\"common-text-ReadMore__readMore--3Iu8c common-text-ReadMore__variantFadeOut--1tInd\">\n<div class=\"common-text-ReadMore__content--2X4LR\">\n<div class=\"ui_columns is-desktop\">\n<div class=\"ui_column\">Santo Domingo is a magical city, full of history, culture and amazing landscapes. Walk through the oldest capital of the \u201cNew\u201d World; Santo Domingo is the first city founded in America.<\/div>\n<div>In 1992 Santo Domingo, the oldest city in Americas, celebrated its 500th anniversary of its discovery by Christopher Columbus. Santo Domingo has\u00a0 the first cathedral, university and town hall of the new world. The entire city center is crammed with colonial buildings from the 15th and 16th centuries.<\/div>\n<div>On this tour you will not only visit the most important historical buildings but also some museums and a fascinating cave. \u00abLos Tres Ojos\u00bb is the first stop where you will see a cave learn about Taino Indian life.<\/div>\n<div><\/div>\n<\/div>\n<\/div>\n<\/div>\n<\/div>\n<\/div>\n<\/div>\n<\/div>\n<\/div>\n<h4><em><strong>\u0e04\u0e38\u0e13\u0e04\u0e27\u0e23\u0e19\u0e33\u0e2d\u0e30\u0e44\u0e23\u0e21\u0e32\u0e1a\u0e49\u0e32\u0e07?<\/strong><\/em><\/h4>\n<ul>\n<li style=\"font-weight: 400;\"><span style=\"font-weight: 400;\">\u0e01\u0e25\u0e49\u0e2d\u0e07<\/span><\/li>\n<li style=\"font-weight: 400;\"><span style=\"font-weight: 400;\">\u0e15\u0e32\u0e02\u0e31\u0e1a\u0e44\u0e25\u0e48<\/span><\/li>\n<li style=\"font-weight: 400;\"><span style=\"font-weight: 400;\">Suncream<\/span><\/li>\n<li style=\"font-weight: 400;\"><span style=\"font-weight: 400;\">\u0e2b\u0e21\u0e27\u0e01<\/span><\/li>\n<li style=\"font-weight: 400;\"><span style=\"font-weight: 400;\">\u0e01\u0e32\u0e07\u0e40\u0e01\u0e07\u0e43\u0e2a\u0e48\u0e2a\u0e1a\u0e32\u0e22<\/span><\/li>\n<li style=\"font-weight: 400;\"><span style=\"font-weight: 400;\">Hiking shoes\u00a0<\/span><\/li>\n<li style=\"font-weight: 400;\"><span style=\"font-weight: 400;\">\u0e23\u0e2d\u0e07\u0e40\u0e17\u0e49\u0e32\u0e41\u0e15\u0e30\u0e44\u0e1b\u0e22\u0e31\u0e07\u0e1e\u0e37\u0e49\u0e19\u0e17\u0e35\u0e48\u0e24\u0e14\u0e39\u0e43\u0e1a\u0e44\u0e21\u0e49\u0e1c\u0e25\u0e34<\/span><\/li>\n<li style=\"font-weight: 400;\"><span style=\"font-weight: 400;\">\u0e0a\u0e38\u0e14\u0e27\u0e48\u0e32\u0e22\u0e19\u0e49\u0e33<\/span><\/li>\n<\/ul>\n<p>&nbsp;<\/p>\n<h4><b><i>\u0e23\u0e16\u0e44\u0e1b\u0e23\u0e31\u0e1a\u0e17\u0e35\u0e48\u0e42\u0e23\u0e07\u0e41\u0e23\u0e21 <\/i><\/b><\/h4>\n<p><span style=\"font-weight: 400;\">Traveler pickup is offered!<\/span><\/p>\n<p><span style=\"font-weight: 400;\">We do pick up from all the Hotels in Punta Cana. Pick up Location is Hotel Lobby<br \/>\nIf you are staying at a condo in the area, we will be picking you up at the condo or at the entrance of the closest resort.. We set Pick up contacting us by Whatsapp.<\/span><\/p>\n<p><b>\u0e1a\u0e31\u0e19\u0e17\u0e36\u0e01:<\/b><span style=\"font-weight: 400;\"> If you are booking within 24 hours of the tour\/Excursion departure time, we can arrangements hotel pick-up. Once your purchase is complete, we will send you complete contact information (phone number, email address, etc.) for our local Tour guide to organize pick-up arrangements.<\/span><\/p>\n<h4><b><i>\u0e01\u0e32\u0e23\u0e22\u0e37\u0e19\u0e22\u0e31\u0e19\u0e02\u0e49\u0e2d\u0e21\u0e39\u0e25\u0e40\u0e1e\u0e34\u0e48\u0e21\u0e40\u0e15\u0e34\u0e21 <\/i><\/b><\/h4>\n<ol>\n<li>\u0e15\u0e31\u0e4b\u0e27\u0e40\u0e1b\u0e47\u0e19\u0e43\u0e1a\u0e40\u0e2a\u0e23\u0e47\u0e08\u0e23\u0e31\u0e1a\u0e40\u0e07\u0e34\u0e19\u0e2b\u0e25\u0e31\u0e07\u0e08\u0e32\u0e01\u0e0a\u0e33\u0e23\u0e30\u0e04\u0e48\u0e32\u0e17\u0e31\u0e27\u0e23\u0e4c\u0e19\u0e35\u0e49 \u0e04\u0e38\u0e13\u0e2a\u0e32\u0e21\u0e32\u0e23\u0e16\u0e41\u0e2a\u0e14\u0e07\u0e01\u0e32\u0e23\u0e0a\u0e33\u0e23\u0e30\u0e40\u0e07\u0e34\u0e19\u0e1a\u0e19\u0e42\u0e17\u0e23\u0e28\u0e31\u0e1e\u0e17\u0e4c\u0e02\u0e2d\u0e07\u0e04\u0e38\u0e13\u0e44\u0e14\u0e49<\/li>\n<li style=\"font-weight: 400;\"><span style=\"font-weight: 400;\">\u0e08\u0e38\u0e14\u0e19\u0e31\u0e14\u0e1e\u0e1a\u0e08\u0e30\u0e44\u0e14\u0e49\u0e23\u0e31\u0e1a\u0e2b\u0e25\u0e31\u0e07\u0e08\u0e32\u0e01\u0e02\u0e31\u0e49\u0e19\u0e15\u0e2d\u0e19\u0e01\u0e32\u0e23\u0e08\u0e2d\u0e07<\/span><\/li>\n<li style=\"font-weight: 400;\"><span style=\"font-weight: 400;\">\u0e40\u0e14\u0e47\u0e01\u0e08\u0e30\u0e15\u0e49\u0e2d\u0e07\u0e21\u0e35\u0e1c\u0e39\u0e49\u0e43\u0e2b\u0e0d\u0e48\u0e21\u0e32\u0e14\u0e49\u0e27\u0e22<\/span><\/li>\n<li style=\"font-weight: 400;\"><span style=\"font-weight: 400;\"> \u0e44\u0e21\u0e48\u0e23\u0e2d\u0e07\u0e23\u0e31\u0e1a\u0e40\u0e01\u0e49\u0e32\u0e2d\u0e35\u0e49\u0e23\u0e16\u0e40\u0e02\u0e47\u0e19 <\/span><\/li>\n<li style=\"font-weight: 400;\"><span style=\"font-weight: 400;\">\u0e17\u0e32\u0e23\u0e01\u0e08\u0e30\u0e15\u0e49\u0e2d\u0e07\u0e19\u0e31\u0e48\u0e07\u0e1a\u0e19\u0e15\u0e31\u0e01 <\/span><\/li>\n<li style=\"font-weight: 400;\"><span style=\"font-weight: 400;\">\u0e44\u0e21\u0e48\u0e41\u0e19\u0e30\u0e19\u0e33\u0e2a\u0e33\u0e2b\u0e23\u0e31\u0e1a\u0e19\u0e31\u0e01\u0e40\u0e14\u0e34\u0e19\u0e17\u0e32\u0e07\u0e17\u0e35\u0e48\u0e21\u0e35\u0e1b\u0e31\u0e0d\u0e2b\u0e32\u0e40\u0e01\u0e35\u0e48\u0e22\u0e27\u0e01\u0e31\u0e1a\u0e2b\u0e25\u0e31\u0e07<\/span><\/li>\n<li style=\"font-weight: 400;\"><span style=\"font-weight: 400;\">\u0e44\u0e21\u0e48\u0e41\u0e19\u0e30\u0e19\u0e33\u0e2a\u0e33\u0e2b\u0e23\u0e31\u0e1a\u0e19\u0e31\u0e01\u0e40\u0e14\u0e34\u0e19\u0e17\u0e32\u0e07\u0e17\u0e35\u0e48\u0e15\u0e31\u0e49\u0e07\u0e04\u0e23\u0e23\u0e20\u0e4c <\/span><\/li>\n<li style=\"font-weight: 400;\"><span style=\"font-weight: 400;\"> \u0e44\u0e21\u0e48\u0e21\u0e35\u0e1b\u0e31\u0e0d\u0e2b\u0e32\u0e40\u0e01\u0e35\u0e48\u0e22\u0e27\u0e01\u0e31\u0e1a\u0e2b\u0e31\u0e27\u0e43\u0e08\u0e2b\u0e23\u0e37\u0e2d\u0e2d\u0e32\u0e01\u0e32\u0e23\u0e1b\u0e48\u0e27\u0e22\u0e23\u0e49\u0e32\u0e22\u0e41\u0e23\u0e07\u0e2d\u0e37\u0e48\u0e19\u0e46 <\/span><\/li>\n<li style=\"font-weight: 400;\"><span style=\"font-weight: 400;\">\u0e19\u0e31\u0e01\u0e17\u0e48\u0e2d\u0e07\u0e40\u0e17\u0e35\u0e48\u0e22\u0e27\u0e2a\u0e48\u0e27\u0e19\u0e43\u0e2b\u0e0d\u0e48\u0e2a\u0e32\u0e21\u0e32\u0e23\u0e16\u0e40\u0e02\u0e49\u0e32\u0e23\u0e48\u0e27\u0e21\u0e44\u0e14\u0e49<\/span><\/li>\n<\/ol>\n<h4><b><i>\u0e19\u0e42\u0e22\u0e1a\u0e32\u0e22\u0e01\u0e32\u0e23\u0e22\u0e01\u0e40\u0e25\u0e34\u0e01<\/i><\/b><\/h4>\n<p>For a full refund, please read our Cancellations policies\u00a0<a href=\"https:\/\/www.ticketswhales.com\/online-booking\/\" target=\"_blank\" rel=\"noopener\" data-saferedirecturl=\"https:\/\/www.google.com\/url?q=https:\/\/www.ticketswhales.com\/online-booking\/&amp;source=gmail&amp;ust=1672449202351000&amp;usg=AOvVaw1yAeVAPktmaVCqDujgUn90\">\u0e04\u0e25\u0e34\u0e01\u0e17\u0e35\u0e48\u0e19\u0e35\u0e48<\/a>. Funds will be lost if the reservation is cancelled the same day of the trip.<\/p>\n\n\t\t<\/div>\n\t<\/div>\n<div class=\"vc_btn3-container vc_btn3-inline\" ><button class=\"vc_general vc_btn3 vc_btn3-size-md vc_btn3-shape-rounded vc_btn3-style-modern vc_btn3-color-green\">\u0e08\u0e2d\u0e07\u0e15\u0e2d\u0e19\u0e19\u0e35\u0e49<\/button><\/div><\/div><\/div><\/div><\/div><div class=\"vc_row wpb_row vc_row-fluid\" ><div class=\"wpb_column vc_column_container vc_col-sm-12\"><div class=\"vc_column-inner\"><div class=\"wpb_wrapper\">\n\t<div class=\"wpb_video_widget wpb_content_element vc_clearfix   vc_video-aspect-ratio-169 vc_video-el-width-100 vc_video-align-left\" >\n\t\t<div class=\"wpb_wrapper\">\n\t\t\t<h2 class=\"wpb_heading wpb_video_heading\">Santo Domingo video:<\/h2>\n\t\t\t<div class=\"wpb_video_wrapper\"><iframe loading=\"lazy\" title=\"Santo Domingo, Capital City of the Dominican Republic | TRAVEL DIARY\" width=\"1100\" height=\"619\" src=\"https:\/\/www.youtube.com\/embed\/CixCl3alHJw?feature=oembed\" frameborder=\"0\" allow=\"accelerometer; autoplay; clipboard-write; encrypted-media; gyroscope; picture-in-picture; web-share\" allowfullscreen><\/iframe><\/div>\n\t\t<\/div>\n\t<\/div>\n<\/div><\/div><\/div><\/div><div class=\"vc_row wpb_row vc_row-fluid\" ><\/div><div class=\"wpb_column vc_column_container vc_col-sm-12\"><div class=\"vc_column-inner\"><div class=\"wpb_wrapper\"><div class=\"vc_btn3-container vc_btn3-inline\" ><button class=\"vc_general vc_btn3 vc_btn3-size-md vc_btn3-shape-rounded vc_btn3-style-modern vc_btn3-color-green\">\u0e08\u0e2d\u0e07\u0e15\u0e2d\u0e19\u0e19\u0e35\u0e49<\/button><\/div><\/div><\/div><\/div><div class=\"vc_empty_space\"   style=\"height: 32px\"><span class=\"vc_empty_space_inner\"><\/span><\/div><div class=\"vc_empty_space\"   style=\"height: 32px\"><span class=\"vc_empty_space_inner\"><\/span><\/div><div class=\"vc_row wpb_row vc_row-fluid\" ><div class=\"wpb_column vc_column_container vc_col-sm-12\"><div class=\"vc_column-inner\"><div class=\"wpb_wrapper\"><\/div><\/div><\/div><\/div>","protected":false},"excerpt":{"rendered":"<p><span style=\"vertical-align: inherit;\"><span style=\"vertical-align: inherit;\">Para experimentar verdaderamente la rica historia y cultura de la Rep\u00fablica Dominicana, \u00fanase a nosotros en un recorrido de todo el d\u00eda por Santo Domingo, la ciudad m\u00e1s antigua de Am\u00e9rica. <\/span><span style=\"vertical-align: inherit;\">Viajando en un autob\u00fas moderno, limpio y c\u00f3modo, ser\u00e1 entretenido por un gu\u00eda profesional que har\u00e1 que este viaje sea a la vez animado e informativo.<\/span><\/span><\/p>\n<p><span style=\"vertical-align: inherit;\"><span style=\"vertical-align: inherit;\">Ver\u00e1 muchos sitios interesantes en el camino, incluido el r\u00edo Chav\u00f3n, que ha aparecido en pel\u00edculas, como Apocalypse Now y Rambo. <\/span><span style=\"vertical-align: inherit;\">Visitando el Parque Nacional Los Tres Ojos y la Zona Colonial completa luego de un Almuerzo T\u00edpico Buffet.<\/span><\/span><\/p>\n<p>&nbsp;<\/p>\n<p><strong><span style=\"vertical-align: inherit;\"><span style=\"vertical-align: inherit;\">Seleccione la fecha para el City Tour:\u00a0<\/span><\/span><\/strong><\/p>","protected":false},"featured_media":11686,"template":"","meta":[],"product_brand":[],"product_cat":[576,120,135,569,591,303,304,305,122],"product_tag":[306,307,308,309,310,311,312,313,314,315,316],"class_list":{"0":"post-11657","1":"product","2":"type-product","3":"status-publish","4":"has-post-thumbnail","6":"product_cat-1-punta-cana","7":"product_cat-fees-entrace","8":"product_cat-lunch","9":"product_cat-punta-cana-group-tours","10":"product_cat-punta-cana-santo-domingo","11":"product_cat-santo-domingo-from-punta-cana","12":"product_cat-tours-excursion-santo-domingo","13":"product_cat-tours-and-excursion-punta-cana","14":"product_cat-tours-and-excursions","15":"product_tag-columbus-lighthouse","16":"product_tag-day-trip-santo-domingo","17":"product_tag-los-tres-ojos-national-park","18":"product_tag-los-tres-ojos-santo-domingo","19":"product_tag-santo-domingo-city-tour","20":"product_tag-santo-domingo-excursion","21":"product_tag-santo-domingo-tour","22":"product_tag-the-3-eyes","23":"product_tag-the-colonial-zone","24":"product_tag-the-national-palace","25":"product_tag-the-plaza-de-espana","27":"first","28":"instock","29":"sale","30":"sold-individually","31":"shipping-taxable","32":"product-type-external"},"_links":{"self":[{"href":"https:\/\/visitaloshaitises.com\/th\/wp-json\/wp\/v2\/product\/11657","targetHints":{"allow":["GET"]}}],"collection":[{"href":"https:\/\/visitaloshaitises.com\/th\/wp-json\/wp\/v2\/product"}],"about":[{"href":"https:\/\/visitaloshaitises.com\/th\/wp-json\/wp\/v2\/types\/product"}],"wp:featuredmedia":[{"embeddable":true,"href":"https:\/\/visitaloshaitises.com\/th\/wp-json\/wp\/v2\/media\/11686"}],"wp:attachment":[{"href":"https:\/\/visitaloshaitises.com\/th\/wp-json\/wp\/v2\/media?parent=11657"}],"wp:term":[{"taxonomy":"product_brand","embeddable":true,"href":"https:\/\/visitaloshaitises.com\/th\/wp-json\/wp\/v2\/product_brand?post=11657"},{"taxonomy":"product_cat","embeddable":true,"href":"https:\/\/visitaloshaitises.com\/th\/wp-json\/wp\/v2\/product_cat?post=11657"},{"taxonomy":"product_tag","embeddable":true,"href":"https:\/\/visitaloshaitises.com\/th\/wp-json\/wp\/v2\/product_tag?post=11657"}],"curies":[{"name":"wp","href":"https:\/\/api.w.org\/{rel}","templated":true}]}}