{"id":546,"date":"2020-06-15T15:29:37","date_gmt":"2020-06-15T15:29:37","guid":{"rendered":"https:\/\/haitises.com\/?post_type=product&#038;p=546"},"modified":"2024-04-19T14:24:18","modified_gmt":"2024-04-19T14:24:18","slug":"parque-nacional-los-haitises-y-playa-rincon","status":"publish","type":"product","link":"https:\/\/visitaloshaitises.com\/sv\/private\/parque-nacional-los-haitises-y-playa-rincon\/","title":{"rendered":"Nationalparken Los Haitises och stranden Rinc\u00f3n"},"content":{"rendered":"<div class=\"vc_row wpb_row vc_row-fluid\" ><div class=\"wpb_column vc_column_container vc_col-sm-12\"><div class=\"vc_column-inner\"><div class=\"wpb_wrapper\">\n\t<div class=\"wpb_text_column wpb_content_element\" >\n\t\t<div class=\"wpb_wrapper\">\n\t\t\t<p><em>Cuevas, manglares, almuerzo y nataci\u00f3n en la playa<\/em><\/p>\n<h2>Parque Nacional Los Haitises y Playa el Rinc\u00f3n<\/h2>\n<h3>Beskrivning<\/h3>\n<p>Parque Nacional Los Haitises y Playa El Rinc\u00f3n con almuerzo en la playa. Ven con nosotros y visita el parque nacional m\u00e1s hermoso de Rep\u00fablica Dominicana, visitando manglares, cuevas y la bah\u00eda de San Lorenzo. Despu\u00e9s de regresar al puerto de Saman\u00e1 para hacer un viaje privado a Playa El Rinc\u00f3n con almuerzo en la playa.<\/p>\n<p>Despu\u00e9s de esta experiencia, tendr\u00e1 su tiempo en la playa adem\u00e1s de un almuerzo local en la playa.<\/p>\n<ul>\n<li>Inkluderar buff\u00e9 lunch p\u00e5 stranden.<\/li>\n<li>Skatter ing\u00e5r<\/li>\n<li>Guiden ger instruktioner och handledning.<\/li>\n<\/ul>\n<h3>Inklusioner och undantag<\/h3>\n<h4>Inklusioner<\/h4>\n<ol>\n<li>almuerzo en la playa<\/li>\n<li>Tour Los Haitises + Playa El Rinc\u00f3n<\/li>\n<li>Alla skatter, avgifter och hanteringsavgifter.<\/li>\n<li>Lokala skatter<\/li>\n<li>Drycker<\/li>\n<li>Alla aktiviteter<\/li>\n<li>Lokal guide<\/li>\n<\/ol>\n<h4>Uteslutningar<\/h4>\n<ol>\n<li>Tips<\/li>\n<li>Transport<\/li>\n<li>Alkoholhaltiga drycker<\/li>\n<\/ol>\n<h3><em>Avresa och hemresa<\/em><\/h3>\n<p>Resen\u00e4ren kommer att f\u00e5 en m\u00f6tesplats efter bokningsprocessen. Turerna b\u00f6rjar och slutar vid v\u00e5ra m\u00f6tesplatser.<\/p>\n<h3><em>Vad du kan f\u00f6rv\u00e4nta?<\/em><\/h3>\n<p>Obtenga sus boletos para visitar el Parque Nacional Los Haitises con un maravilloso almuerzo en Playa El Rinc\u00f3n.<\/p>\n<p>El recorrido, organizado por \u00abBooking Adventures\u00bb, comienza en el punto de encuentro establecido con el gu\u00eda tur\u00edstico.<\/p>\n<p>Haremos un recorrido en bote por la bah\u00eda de Saman\u00e1 para visitar el Parque Nacional Los Haitises, pasando por manglares, por antiguas cuevas piratas y en bosques protegidos en esta pintoresca reserva.<br \/>\nVen con Booking Adventures y comienza a observar algunos manglares llenos de p\u00e1jaros, colinas onduladas de exuberante vegetaci\u00f3n y cuevas del Parque Nacional Los Haitises. Tomando un barco, Excursi\u00f3n desde el puerto de Saman\u00e1.<\/p>\n<p>El nombre del parque nacional proviene de sus habitantes originales, los indios ta\u00ednos. En su idioma, \u00abHaitises\u00bb se traduce en tierras altas o colinas, una referencia a las empinadas formaciones geol\u00f3gicas de la costa con calizas. Avent\u00farate en el parque para explorar cuevas como la Cueva de la Arena y la Cueva de la L\u00cdnea. Las cuevas en la reserva fueron utilizadas como refugio por los indios ta\u00ednos y, m\u00e1s tarde, por los piratas escondidos. Busque dibujos de indios que decoran algunas de las paredes.<\/p>\n<p>Despu\u00e9s de visitar el Parque Nacional Los Haitises, tomaremos el bote y atravesaremos los manglares y llegaremos a la bah\u00eda abierta de San Lorenzo directamente al puerto de Saman\u00e1. En el puerto de Saman\u00e1, tomamos nuestro transporte privado a la playa de El Rinc\u00f3n para almorzar.<\/p>\n<p>El almuerzo ser\u00e1 delicioso pero a\u00fan no terminamos. Despu\u00e9s del almuerzo, tendr\u00e1 tiempo para disfrutar de la playa o simplemente sentarse a la sombra y disfrutar de Pi\u00f1a Colada o Coco Loco en uno de los t\u00edpicos bares dominicanos. Alrededor de las 4:30 pm saliendo de la playa y regresando a Saman\u00e1.<\/p>\n<p>En la playa y puedes quedarte todo el tiempo que quieras nadando. Se ofrecen Pescado frito y Tostones! Si eres vegano, tambi\u00e9n podemos prepararte algo de comida.<\/p>\n<h3><em>Vad ska du ta med?<\/em><\/h3>\n<ul>\n<li>Kamera<\/li>\n<li>Repellenter<\/li>\n<li>Solskydd<\/li>\n<li>Hatt<\/li>\n<li>Bekv\u00e4ma byxor<\/li>\n<li>Skogsvandringsskor<\/li>\n<li>Sandaler till stranden<\/li>\n<li>Vestido nadador<\/li>\n<\/ul>\n<h3><em>Hotellh\u00e4mtning<\/em><\/h3>\n<p>Hotellh\u00e4mtning erbjuds inte f\u00f6r denna turn\u00e9.<\/p>\n<p><strong>Notera<\/strong>- Om du bokar inom 24 timmar efter turn\u00e9ns\/utflyktens avg\u00e5ngstid kan vi ordna hotellh\u00e4mtning mot extra avgifter. N\u00e4r ditt k\u00f6p \u00e4r slutf\u00f6rt skickar vi fullst\u00e4ndig kontaktinformation (telefonnummer, e-postadress, etc.) till dig s\u00e5 att v\u00e5r lokala reseguide kan ordna h\u00e4mtning.<\/p>\n<h3><em>Bekr\u00e4ftelse av ytterligare information<\/em><\/h3>\n<ul>\n<li>Biljetterna \u00e4r kvittot efter betalning f\u00f6r denna turn\u00e9. Du kan visa betalningen p\u00e5 din telefon.<\/li>\n<li>M\u00f6tesplatsen kommer att tas emot efter bokningsprocessen.<\/li>\n<li>Barn m\u00e5ste \u00e5tf\u00f6ljas av en vuxen.<\/li>\n<li>Ej rullstolsanpassat<\/li>\n<li>Los infantes deben sentarse en el regazo<\/li>\n<li>Rekommenderas inte f\u00f6r resen\u00e4rer med ryggproblem.<\/li>\n<li>No recomendado para viajeros embarazadas.<\/li>\n<li>Inga hj\u00e4rtproblem eller andra allvarliga medicinska tillst\u00e5nd.<\/li>\n<li>De flesta resen\u00e4rer kan delta.<\/li>\n<\/ul>\n<h3><em>Avbokningsregler<\/em><\/h3>\n<p>F\u00f6r full \u00e5terbetalning, avboka minst 24 timmar innan upplevelsens startdatum.<\/p>\n\n\t\t<\/div>\n\t<\/div>\n<\/div><\/div><\/div><\/div>","protected":false},"excerpt":{"rendered":"<p>Parque Nacional Los Haitises y Playa El Rinc\u00f3n con almuerzo en la playa. Ven con nosotros y visita el parque nacional m\u00e1s hermoso de la Rep\u00fablica Dominicana, visitando manglares, cuevas y la bah\u00eda de San Lorenzo. Despu\u00e9s de regresar al puerto de Saman\u00e1 para hacer un viaje privado a Playa El Rinc\u00f3n con almuerzo en la playa.<\/p>\n<p>Consigue tus entradas con ofertas aqu\u00ed &#8230;<\/p>\n<p>Por favor seleccione la fecha para el Tour<\/p>","protected":false},"featured_media":227,"template":"","meta":[],"product_brand":[],"product_cat":[433,443],"product_tag":[138,195,196,142,147,148,143],"class_list":{"0":"post-546","1":"product","2":"type-product","3":"status-publish","4":"has-post-thumbnail","6":"product_cat-excursiones-privadas","7":"product_cat-tours-y-excursiones-es","8":"product_tag-beach-time","9":"product_tag-el-rincon-beach","10":"product_tag-playa-el-rincon","11":"product_tag-samana","12":"product_tag-samana-bay","13":"product_tag-samana-excursions","14":"product_tag-samana-tours","16":"first","17":"instock","18":"sale","19":"sold-individually","20":"shipping-taxable","21":"product-type-external"},"_links":{"self":[{"href":"https:\/\/visitaloshaitises.com\/sv\/wp-json\/wp\/v2\/product\/546","targetHints":{"allow":["GET"]}}],"collection":[{"href":"https:\/\/visitaloshaitises.com\/sv\/wp-json\/wp\/v2\/product"}],"about":[{"href":"https:\/\/visitaloshaitises.com\/sv\/wp-json\/wp\/v2\/types\/product"}],"wp:featuredmedia":[{"embeddable":true,"href":"https:\/\/visitaloshaitises.com\/sv\/wp-json\/wp\/v2\/media\/227"}],"wp:attachment":[{"href":"https:\/\/visitaloshaitises.com\/sv\/wp-json\/wp\/v2\/media?parent=546"}],"wp:term":[{"taxonomy":"product_brand","embeddable":true,"href":"https:\/\/visitaloshaitises.com\/sv\/wp-json\/wp\/v2\/product_brand?post=546"},{"taxonomy":"product_cat","embeddable":true,"href":"https:\/\/visitaloshaitises.com\/sv\/wp-json\/wp\/v2\/product_cat?post=546"},{"taxonomy":"product_tag","embeddable":true,"href":"https:\/\/visitaloshaitises.com\/sv\/wp-json\/wp\/v2\/product_tag?post=546"}],"curies":[{"name":"wp","href":"https:\/\/api.w.org\/{rel}","templated":true}]}}