{"id":36,"date":"2020-06-14T11:56:46","date_gmt":"2020-06-14T11:56:46","guid":{"rendered":"https:\/\/haitises.com\/product\/import-placeholder-for-8237\/"},"modified":"2024-04-24T17:08:03","modified_gmt":"2024-04-24T17:08:03","slug":"kayaking-in-los-haitises-with-tour-guide-from-cano-hondo-2-hours","status":"publish","type":"product","link":"https:\/\/visitaloshaitises.com\/sv\/private\/kayaking-in-los-haitises-with-tour-guide-from-cano-hondo-2-hours\/","title":{"rendered":"Kajakpaddling i Los Haitises med reseledare fr\u00e5n Ca\u00f1o Hondo 2 timmar"},"content":{"rendered":"<div class=\"vc_row wpb_row vc_row-fluid\" ><div class=\"wpb_column vc_column_container vc_col-sm-12\"><div class=\"vc_column-inner\"><div class=\"wpb_wrapper\"><div class=\"mkdf-section-title-holder\" style=\"text-align: left\">\n\t<div class=\"mkdf-st-inner\">\n\t\t\t\t\t<h5 class=\"mkdf-st-subtitle\" >\n\t\t\t\tKayaks &amp; Local Guide\t\t\t<\/h5>\n\t\t\t\t\t\t\t<h3 class=\"mkdf-st-title\" >\n\t\t\t\tKayaking in Los Haitises National Park with Tour guide from Ca\u00f1o Hondo 2 hours\t\t\t<\/h3>\n\t\t\t\t\t<\/div>\n<\/div><\/div><\/div><\/div><\/div><div class=\"vc_row wpb_row vc_row-fluid\" ><div class=\"wpb_column vc_column_container vc_col-sm-12\"><div class=\"vc_column-inner\"><div class=\"wpb_wrapper\"><div class=\"vc_empty_space\"   style=\"height: 32px\"><span class=\"vc_empty_space_inner\"><\/span><\/div><\/div><\/div><\/div><\/div><div class=\"vc_row wpb_row vc_row-fluid\" ><div class=\"wpb_column vc_column_container vc_col-sm-12\"><div class=\"vc_column-inner\"><div class=\"wpb_wrapper\">\n\t<div class=\"wpb_text_column wpb_content_element\" >\n\t\t<div class=\"wpb_wrapper\">\n\t\t\t<h4><b><i>\u00d6versikt <\/i><\/b><\/h4>\n<p>Kayaking Mangroves in Los Haitises National Park with a local tour guide 2 Hours. Visiting Mangroves in Cano Hondo River plus an Overview of the San Lorenzo Bay in Los Haitises National park, Sabana de la mar Cano Hondo area. In Case you will like longer: <a href=\"https:\/\/www.ticketswhales.com\/Tours-Excursions\/kayaking\/kayaking-in-los-haitises-with-tour-guide-from-cano-hondo-4-hours\/\" target=\"_blank\" rel=\"noopener\"><strong>Kayaking 4 Hours in Los Haitises.<\/strong><\/a><\/p>\n<ul>\n<li style=\"font-weight: 400;\"><span style=\"font-weight: 400;\">Guiden ger instruktioner och handledning<\/span><\/li>\n<li>Kajaker och paddlar tillg\u00e4ngliga Dubbel f\u00f6r tv\u00e5 personer och singel f\u00f6r bara en person.<\/li>\n<\/ul>\n<p>&nbsp;<\/p>\n<h4><b>Inklusioner och undantag<\/b><\/h4>\n<p>&nbsp;<\/p>\n<p><b>Inklusioner<\/b><\/p>\n<p>&nbsp;<\/p>\n<ol>\n<li style=\"font-weight: 400;\">Kajakpaddling<\/li>\n<li style=\"font-weight: 400;\"><span style=\"font-weight: 400;\">Alla skatter, avgifter och hanteringsavgifter<\/span><\/li>\n<li style=\"font-weight: 400;\"><span style=\"font-weight: 400;\">Lokala skatter<\/span><\/li>\n<li style=\"font-weight: 400;\"><span style=\"font-weight: 400;\">Lokal guide<\/span><\/li>\n<\/ol>\n<p><b> Uteslutningar<\/b><\/p>\n<ol>\n<li style=\"font-weight: 400;\"><span style=\"font-weight: 400;\">Dricks<\/span><\/li>\n<li style=\"font-weight: 400;\"><span style=\"font-weight: 400;\">\u00d6verf\u00f6ra<\/span><\/li>\n<li>Lunch ing\u00e5r inte<\/li>\n<li>Caves are not included<\/li>\n<li style=\"font-weight: 400;\"><span style=\"font-weight: 400;\">Alkoholhaltiga drycker<\/span><\/li>\n<\/ol>\n<p>&nbsp;<\/p>\n<h4><em><strong>Avresa och retur<\/strong><\/em><\/h4>\n<p><span style=\"font-weight: 400;\">Resen\u00e4ren kommer att f\u00e5 en m\u00f6tesplats efter bokningsprocessen. Turerna startar och slutar i v\u00e5ra m\u00f6tesplatser.<\/span><\/p>\n<p>&nbsp;<\/p>\n<h4><b><i>Vad du kan f\u00f6rv\u00e4nta?<\/i><\/b><\/h4>\n<p>&nbsp;<\/p>\n<p><em><strong>Skaffa dina biljetter<\/strong><\/em> for visiting 2 hours by Kayaking the Ca\u00f1o Hondo River Forest ( Mangroves) with the local\u00a0tour guides.<\/p>\n<p>N\u00e4r vi f\u00e5r all typ av utrustning som kr\u00e4vs f\u00f6r din s\u00e4kerhet (flytv\u00e4star, etc) b\u00f6rjar aktionen kajakpaddling fr\u00e5n floden Ca\u00f1o Hondo.<\/p>\n<p><span style=\"font-weight: 400;\">The tour, organized by \u00abBooking Adventures\u00bb starts at the meeting point set with the Tour Guide. <\/span>Taking kayaks and going through mangrove swamps, past ancient pirate caves, and into protected forests in this picturesque reserve starting from Cano Hondo Hotels area or from Sabana de la Mar,<\/p>\n<div class=\"body-description secondary\">\n<p>Kom med Booking Adventures och b\u00f6rja kolla in n\u00e5gra f\u00e5gelfyllda mangroveskogar, b\u00f6ljande kullar med frodig vegetation och grottor av <em><strong>Los Haitises nationalpark<\/strong><\/em>. Taking a Kayaks Excursion from Cano Hondo river, Sabana de la Mar. Through the mangroves and Land at the open San Lorenzo Bay, from where you can photograph the rugged forest landscape. Look to the water to spot <em><strong>Manater<\/strong><\/em>, kr\u00e4ftdjur och <em><strong>Delfiner.<\/strong><\/em><\/p>\n<p>In case you will like this trip Longer we have a second option: <a href=\"https:\/\/www.ticketswhales.com\/Tours-Excursions\/kayaking\/kayaking-in-los-haitises-with-tour-guide-from-cano-hondo-4-hours\/\" target=\"_blank\" rel=\"noopener\"><em><strong>Kayaking in Los Haitises 4 Hours<\/strong><\/em><\/a><\/p>\n<p>Turn\u00e9n avslutas vid startpunkten i Los Haitises nationalpark. Vi rekommenderar denna resa kl. 06.00 i det fall du vill se <em><strong>Manater<\/strong><\/em>, kr\u00e4ftdjur och <em><strong>Delfiner.<\/strong><\/em><\/p>\n<\/div>\n<p><em><strong>06:00<\/strong><\/em> Det \u00e4r tidigt s\u00e5 det finns inga b\u00e5tar kvar i nationalparken Los Haitises.<\/p>\n<h4><em><strong>Vad ska du ta med?<\/strong><\/em><\/h4>\n<ul>\n<li style=\"font-weight: 400;\"><span style=\"font-weight: 400;\">kamera<\/span><\/li>\n<li style=\"font-weight: 400;\"><span style=\"font-weight: 400;\">Avvisande knoppar<\/span><\/li>\n<li style=\"font-weight: 400;\"><span style=\"font-weight: 400;\">solkr\u00e4m<\/span><\/li>\n<li style=\"font-weight: 400;\"><span style=\"font-weight: 400;\">Hatt<\/span><\/li>\n<li style=\"font-weight: 400;\"><span style=\"font-weight: 400;\">Bekv\u00e4ma byxor<\/span><\/li>\n<li style=\"font-weight: 400;\"><span style=\"font-weight: 400;\">sandaler\u00a0<\/span><\/li>\n<li style=\"font-weight: 400;\"><span style=\"font-weight: 400;\">Badkl\u00e4der<\/span><\/li>\n<\/ul>\n<p>&nbsp;<\/p>\n<h4><b><i>Hotellh\u00e4mtning <\/i><\/b><\/h4>\n<p><span style=\"font-weight: 400;\">Hotellh\u00e4mtning erbjuds inte f\u00f6r denna turn\u00e9. <\/span><\/p>\n<p>&nbsp;<\/p>\n<p><b>Notera:<\/b><span style=\"font-weight: 400;\"> Om du \u00e4r bokad inom 24 timmar efter turn\u00e9ns\/utflyktens avg\u00e5ngstid, kan vi ordna hotellh\u00e4mtning med extra avgifter. N\u00e4r ditt k\u00f6p \u00e4r klart skickar vi fullst\u00e4ndig kontaktinformation (telefonnummer, e-postadress, etc.) till dig f\u00f6r att v\u00e5r lokala reseguide ska kunna ordna h\u00e4mtning.<\/span><\/p>\n<h4><b><i>Ytterligare information Bekr\u00e4ftelse <\/i><\/b><\/h4>\n<ol>\n<li>Biljetter \u00e4r kvittot efter betalning av denna turn\u00e9. Du kan visa betalningen p\u00e5 din telefon.<\/li>\n<li style=\"font-weight: 400;\"><span style=\"font-weight: 400;\">M\u00f6tesplats kommer att tas emot efter bokningsprocessen.<\/span><\/li>\n<li style=\"font-weight: 400;\"><span style=\"font-weight: 400;\">Barn m\u00e5ste \u00e5tf\u00f6ljas av en vuxen.<\/span><\/li>\n<li style=\"font-weight: 400;\"><span style=\"font-weight: 400;\"> Ej rullstolsanpassat <\/span><\/li>\n<li style=\"font-weight: 400;\"><span style=\"font-weight: 400;\">Sp\u00e4dbarn m\u00e5ste sitta i kn\u00e4 <\/span><\/li>\n<li style=\"font-weight: 400;\"><span style=\"font-weight: 400;\">Rekommenderas inte f\u00f6r resen\u00e4rer med ryggproblem<\/span><\/li>\n<li style=\"font-weight: 400;\"><span style=\"font-weight: 400;\">Rekommenderas inte f\u00f6r gravida resen\u00e4rer <\/span><\/li>\n<li style=\"font-weight: 400;\"><span style=\"font-weight: 400;\"> Inga hj\u00e4rtproblem eller andra allvarliga medicinska tillst\u00e5nd <\/span><\/li>\n<li style=\"font-weight: 400;\"><span style=\"font-weight: 400;\">De flesta resen\u00e4rer kan delta<\/span><\/li>\n<\/ol>\n<h4><b><i>Avbokningsregler<\/i><\/b><\/h4>\n<p><span style=\"font-weight: 400;\">F\u00f6r full \u00e5terbetalning, avboka minst 24 timmar f\u00f6re startdatumet f\u00f6r upplevelsen.<\/span><\/p>\n\n\t\t<\/div>\n\t<\/div>\n<\/div><\/div><\/div><\/div><div class=\"vc_row wpb_row vc_row-fluid\" ><div class=\"wpb_column vc_column_container vc_col-sm-12\"><div class=\"vc_column-inner\"><div class=\"wpb_wrapper\"><div class=\"vc_empty_space\"   style=\"height: 32px\"><span class=\"vc_empty_space_inner\"><\/span><\/div>\n\t<div class=\"wpb_text_column wpb_content_element\" >\n\t\t<div class=\"wpb_wrapper\">\n\t\t\t<h4>Kontakta oss?<\/h4>\n<h5><em><strong>Bokning \u00e4ventyr<\/strong><\/em><\/h5>\n<p><em><strong>Lokalbefolkningen<\/strong> och <strong>Nationals<\/strong> Reseguider och g\u00e4sttj\u00e4nster<\/em><\/p>\n<p><span class=\"text-turquoise\">Bokningar:<\/span> Rundturer och utflykter i Dom. Rep.<\/p>\n<p><img decoding=\"async\" class=\"emoji\" draggable=\"false\" src=\"https:\/\/s.w.org\/images\/core\/emoji\/11.2.0\/svg\/1f4de.svg\" alt=\"\ud83d\udcde\" \/> Tel\/Whatsapp\u00a0 <a href=\"tel:+1-809-720-6035\">+1-809-720-6035<\/a>.<\/p>\n<p><img decoding=\"async\" class=\"emoji\" draggable=\"false\" src=\"https:\/\/s.w.org\/images\/core\/emoji\/11.2.0\/svg\/1f4e9.svg\" alt=\"\ud83d\udce9\" \/> <a href=\"mailto:info@bookingadventures.com.do\">info@bookingadventures.com.do<\/a><\/p>\n<p><strong>Vi \u00e4r flexibla med privata turer med Whatsapp: <a href=\"tel:+18097206035\">+18097206035.<\/a><\/strong><\/p>\n\n\t\t<\/div>\n\t<\/div>\n<div class=\"vc_empty_space\"   style=\"height: 32px\"><span class=\"vc_empty_space_inner\"><\/span><\/div><\/div><\/div><\/div><\/div>","protected":false},"excerpt":{"rendered":"<p>Excursion to Los Haitises National Park starting from Sabana de la Mar or Ca\u00f1o Hondo Hotels. Kayaking Mangroves in Los Haitises National Park with a local tour guide. Visiting Mangroves in Ca\u00f1o Hondo River plus an Overview of the San Lorenzo Bay in Los Haitises National park, Sabana de la Mar Ca\u00f1o Hondo area. If you are interested in visit also the caves please book 4 Hours Kayaking <a href=\"https:\/\/www.ticketswhales.com\/Tours-Excursions\/kayaking\/kayaking-in-los-haitises-with-tour-guide-from-cano-hondo-4-hours\/\">trip here.<\/a><\/p>\n<ul>\n<li style=\"font-weight: 400;\"><span style=\"font-weight: 400;\">Guiden ger instruktioner och handledning<\/span><\/li>\n<li>Kajaker och paddlar tillg\u00e4ngliga Dubbel f\u00f6r tv\u00e5 personer och singel f\u00f6r bara en person.<\/li>\n<\/ul>\n<p>&nbsp;<\/p>\n<p>Set this tour with a Hiking Trail and learn about the history of Los Haitises National Park with Locals.<\/p>\n<p>&nbsp;<\/p>\n<p><strong>V\u00e4lj datum f\u00f6r turn\u00e9n\u00a0<\/strong><\/p>","protected":false},"featured_media":113,"template":"","meta":[],"product_brand":[],"product_cat":[119,96,144,98,121,99,122,123,124],"product_tag":[126,127,149,145,150,151,152,153,132,133,114,148,143],"class_list":{"0":"post-36","1":"product","2":"type-product","3":"status-publish","4":"has-post-thumbnail","6":"product_cat-caves","7":"product_cat-hiking","8":"product_cat-kayaking","9":"product_cat-local-tour-guides","10":"product_cat-mangroves","11":"product_cat-swimming-natural-springs","12":"product_cat-tours-and-excursions","13":"product_cat-tours-excursions-los-haitises-national-park","14":"product_cat-tours-excursions-samana-bay-dominican-republic","15":"product_tag-cano-hondo","16":"product_tag-cano-hondo-hotel","17":"product_tag-cano-hondo-river","18":"product_tag-day-tour-cano-hondo","19":"product_tag-kayak-dominican-republic","20":"product_tag-kayak-los-haitises","21":"product_tag-kayak-tour","22":"product_tag-kayaking","23":"product_tag-los-haitises","24":"product_tag-los-haitises-national-park","25":"product_tag-sabana-de-la-mar","26":"product_tag-samana-excursions","27":"product_tag-samana-tours","29":"first","30":"instock","31":"sale","32":"sold-individually","33":"shipping-taxable","34":"product-type-external"},"_links":{"self":[{"href":"https:\/\/visitaloshaitises.com\/sv\/wp-json\/wp\/v2\/product\/36","targetHints":{"allow":["GET"]}}],"collection":[{"href":"https:\/\/visitaloshaitises.com\/sv\/wp-json\/wp\/v2\/product"}],"about":[{"href":"https:\/\/visitaloshaitises.com\/sv\/wp-json\/wp\/v2\/types\/product"}],"wp:featuredmedia":[{"embeddable":true,"href":"https:\/\/visitaloshaitises.com\/sv\/wp-json\/wp\/v2\/media\/113"}],"wp:attachment":[{"href":"https:\/\/visitaloshaitises.com\/sv\/wp-json\/wp\/v2\/media?parent=36"}],"wp:term":[{"taxonomy":"product_brand","embeddable":true,"href":"https:\/\/visitaloshaitises.com\/sv\/wp-json\/wp\/v2\/product_brand?post=36"},{"taxonomy":"product_cat","embeddable":true,"href":"https:\/\/visitaloshaitises.com\/sv\/wp-json\/wp\/v2\/product_cat?post=36"},{"taxonomy":"product_tag","embeddable":true,"href":"https:\/\/visitaloshaitises.com\/sv\/wp-json\/wp\/v2\/product_tag?post=36"}],"curies":[{"name":"wp","href":"https:\/\/api.w.org\/{rel}","templated":true}]}}