{"id":11895,"date":"2023-11-20T10:47:47","date_gmt":"2023-11-20T10:47:47","guid":{"rendered":"https:\/\/haitises.com\/?page_id=11895"},"modified":"2023-11-20T10:59:11","modified_gmt":"2023-11-20T10:59:11","slug":"land-for-sale-in-samana-samana-land-for-sale","status":"publish","type":"page","link":"https:\/\/visitaloshaitises.com\/sv\/mark-till-salu-i-samana-samana-mark-till-salu\/","title":{"rendered":"mark till salu i samana samana mark till salu"},"content":{"rendered":"<details class=\"wp-block-details is-layout-flow wp-block-details-is-layout-flow\"><summary>Tomt till salu i Saman\u00e1 \u2013 Samana mark till salu<br>Samana Fastigheter<br>Samana mark till salu<br>LANDS till salu i Saman\u00e1, Dominikanska republiken. Se bilder och listinformation om Saman\u00e1, Attention Investors, Mark Developers intresserade av DOMINIKANSKA REPUBLIKEN.<br>Om du letar efter land att k\u00f6pa i Samana. Jag heter Misael Calcano. Jag har f\u00e5 mark till salu fr\u00e5n min familj med alla dokument. Lagliga landomr\u00e5den framf\u00f6r stranden och \u00e4ven med fantastisk havsutsikt. Kontakta mig g\u00e4rna via whatsapp:\u00a0<a href=\"callto:+18097206035\">+1-809-720-6035<\/a>.<br><br>Investera i Samana<br>Varf\u00f6r investera i Samana Dominikanska republiken?<br>Saman\u00e1 \u00e4r ett resm\u00e5l med o\u00e4ndliga gyllene str\u00e4nder, turkost vatten och kokospalmer som vajar i en gr\u00f6n horisont, karibiska rytmer, rom och \u00f6l. En stad med trevliga m\u00e4nniskor och en smittande humor, d\u00e4r allt \u00e4r avslappnat och lugnt.<br>I Saman\u00e1 existerar inte stressen, de som bor h\u00e4r njuter av strandsm\u00e4rtning och r\u00e4tter tillagade p\u00e5 f\u00e4rska skaldjur som fiskare tar med p\u00e5 stranden.<br>Om din dr\u00f6m alltid har varit att bo i paradiset, i Saman\u00e1 har det nyligen byggts flera projekt, n\u00e5gra under konstruktion och n\u00e5gra redan f\u00e4rdiga d\u00e4r du kan hitta ditt n\u00e4sta hem.<br>Hitta fastighet till salu i\u00a0<em>Samana<\/em>. S\u00f6ka efter\u00a0<em>fastighet<\/em>\u00a0och hitta de senaste listorna \u00f6ver\u00a0<em>Samana<\/em>\u00a0Egendom till salu.<br><br>Samana tomter till salu<br><br><br>Kontakta mig g\u00e4rna via whatsapp:\u00a0<a href=\"callto:+18097206035\">+1-809-720-6035<\/a>.<br><br>Lots &amp; Farms Samana<br><br><br>Kontakta mig g\u00e4rna via whatsapp:\u00a0<a href=\"callto:+18097206035\">+1-809-720-6035<\/a>.<br><br>Samana Ocean View tomter till salu fastighet<br><br><br>Kontakta mig g\u00e4rna via whatsapp:\u00a0<a href=\"callto:+18097206035\">+1-809-720-6035<\/a>.<br><br>Samana Beach front fastighet till salu<br><br><br>Kontakta mig g\u00e4rna via whatsapp:\u00a0<a href=\"callto:+18097206035\">+1-809-720-6035<\/a>.<br><br><a class=\"\" href=\"https:\/\/www.tourwhales.com\/wp-content\/uploads\/2023\/01\/land-mark-5-1024x567.png\" target=\"_blank\" rel=\"noopener\"><\/a><br><a class=\"\" href=\"https:\/\/www.tourwhales.com\/wp-content\/uploads\/2023\/01\/land-mark-4-1024x545.png\" target=\"_blank\" rel=\"noopener\"><\/a><br><a class=\"\" href=\"https:\/\/www.tourwhales.com\/wp-content\/uploads\/2023\/01\/land-mark-3-1024x571.png\" target=\"_blank\" rel=\"noopener\"><\/a><br><a class=\"\" href=\"https:\/\/www.tourwhales.com\/wp-content\/uploads\/2023\/01\/land-mark-2-1024x540.png\" target=\"_blank\" rel=\"noopener\"><\/a><br><a class=\"\" href=\"https:\/\/www.tourwhales.com\/wp-content\/uploads\/2023\/01\/land-maark-1024x445.png\" target=\"_blank\" rel=\"noopener\"><\/a><br><a class=\"\" href=\"https:\/\/www.tourwhales.com\/wp-content\/uploads\/2023\/01\/beachlimon-lands--1024x608.png\" target=\"_blank\" rel=\"noopener\"><\/a><br><a class=\"\" href=\"https:\/\/www.tourwhales.com\/land-for-sale-in-samana-samana-land-for-sale#\" target=\"_blank\" rel=\"noopener\">1<\/a><br><a class=\"\" href=\"https:\/\/www.tourwhales.com\/land-for-sale-in-samana-samana-land-for-sale#\" target=\"_blank\" rel=\"noopener\">2<\/a><br><a href=\"https:\/\/www.tourwhales.com\/land-for-sale-in-samana-samana-land-for-sale#\" target=\"_blank\" rel=\"noopener\">3<\/a><br><a class=\"\" href=\"https:\/\/www.tourwhales.com\/land-for-sale-in-samana-samana-land-for-sale#\" target=\"_blank\" rel=\"noopener\">4<\/a><br><a class=\"\" href=\"https:\/\/www.tourwhales.com\/land-for-sale-in-samana-samana-land-for-sale#\" target=\"_blank\" rel=\"noopener\">5<\/a><br><a class=\"\" href=\"https:\/\/www.tourwhales.com\/land-for-sale-in-samana-samana-land-for-sale#\" target=\"_blank\" rel=\"noopener\">6<\/a><br><a href=\"https:\/\/www.tourwhales.com\/land-for-sale-in-samana-samana-land-for-sale#\" target=\"_blank\" rel=\"noopener\">Tidigare<\/a><br><a href=\"https:\/\/www.tourwhales.com\/land-for-sale-in-samana-samana-land-for-sale#\" target=\"_blank\" rel=\"noopener\">N\u00e4sta<\/a><br><br><br>Kontakta mig g\u00e4rna via whatsapp:\u00a0<a href=\"callto:+18097206035\">+1-809-720-6035<\/a>.<\/summary>\n<p><\/p>\n<\/details>","protected":false},"excerpt":{"rendered":"Land for Sale in Saman\u00e1 \u2013 Samana land for SaleSamana Real EstateSamana Land for SaleLANDS for sale in Saman\u00e1, Dominican Republic. View photos and listing details of Saman\u00e1, Attention Investors, Land Developers interested in the DOMINICAN REPUBLIC.If you are looking [...]","protected":false},"author":1,"featured_media":0,"parent":0,"menu_order":0,"comment_status":"closed","ping_status":"closed","template":"","meta":{"footnotes":""},"class_list":["post-11895","page","type-page","status-publish","hentry"],"_links":{"self":[{"href":"https:\/\/visitaloshaitises.com\/sv\/wp-json\/wp\/v2\/pages\/11895","targetHints":{"allow":["GET"]}}],"collection":[{"href":"https:\/\/visitaloshaitises.com\/sv\/wp-json\/wp\/v2\/pages"}],"about":[{"href":"https:\/\/visitaloshaitises.com\/sv\/wp-json\/wp\/v2\/types\/page"}],"author":[{"embeddable":true,"href":"https:\/\/visitaloshaitises.com\/sv\/wp-json\/wp\/v2\/users\/1"}],"replies":[{"embeddable":true,"href":"https:\/\/visitaloshaitises.com\/sv\/wp-json\/wp\/v2\/comments?post=11895"}],"version-history":[{"count":2,"href":"https:\/\/visitaloshaitises.com\/sv\/wp-json\/wp\/v2\/pages\/11895\/revisions"}],"predecessor-version":[{"id":11899,"href":"https:\/\/visitaloshaitises.com\/sv\/wp-json\/wp\/v2\/pages\/11895\/revisions\/11899"}],"wp:attachment":[{"href":"https:\/\/visitaloshaitises.com\/sv\/wp-json\/wp\/v2\/media?parent=11895"}],"curies":[{"name":"wp","href":"https:\/\/api.w.org\/{rel}","templated":true}]}}