{"id":602,"date":"2020-07-06T21:08:32","date_gmt":"2020-07-06T21:08:32","guid":{"rendered":"https:\/\/haitises.com\/?post_type=product&#038;p=602"},"modified":"2024-04-16T16:45:03","modified_gmt":"2024-04-16T16:45:03","slug":"excursion-parque-nacional-salto-de-la-jalda-el-salto-mas-alto-de-el-caribe-272-pies","status":"publish","type":"product","link":"https:\/\/visitaloshaitises.com\/sr\/private\/excursion-parque-nacional-salto-de-la-jalda-el-salto-mas-alto-de-el-caribe-272-pies\/","title":{"rendered":"Excursi\u00f3n Parque Nacional Salto de la Jalda-El Salto m\u00e1s alto de El Caribe 272 pies"},"content":{"rendered":"<div class=\"vc_row wpb_row vc_row-fluid\" ><div class=\"wpb_column vc_column_container vc_col-sm-12\"><div class=\"vc_column-inner\"><div class=\"wpb_wrapper\"><div class=\"mkdf-section-title-holder\" style=\"text-align: left\">\n\t<div class=\"mkdf-st-inner\">\n\t\t\t\t\t<h5 class=\"mkdf-st-subtitle\" >\n\t\t\t\tLa cascada m\u00e1s alta del Caribe 272 pies\t\t\t<\/h5>\n\t\t\t\t\t\t\t\t\t<p class=\"mkdf-st-text\" >\n\t\t\t\tSenderismo o a caballo\t\t\t<\/p>\n\t\t\t<\/div>\n<\/div><\/div><\/div><\/div><\/div><div class=\"vc_row wpb_row vc_row-fluid\" ><div class=\"wpb_column vc_column_container vc_col-sm-12\"><div class=\"vc_column-inner\"><div class=\"wpb_wrapper\">\n\t<div class=\"wpb_text_column wpb_content_element\" >\n\t\t<div class=\"wpb_wrapper\">\n\t\t\t<h2>Parque Nacional Salto de la Jalda<\/h2>\n<h3>\u041e\u043f\u0438\u0441<\/h3>\n<p>Este es un tour privado a las cascadas del Salto de la Jalda con paseos a caballo o senderismo. Visitando el bosque de cacao y caf\u00e9 bajo los cocos. Cuando llegue a las cascadas, podr\u00e1 nadar y establecer la hora con su gu\u00eda local.<\/p>\n<p>Aprenda con los lugare\u00f1os y obtenga un viaje seguro. Obtenga sus entradas en oferta hoy.<\/p>\n<ul>\n<li>Cabalgata o senderismo<\/li>\n<li>E gu\u00eda proporciona instrucciones y supervisi\u00f3n.<\/li>\n<li>Tarifas al Parque Nacional<\/li>\n<\/ul>\n<h3>\u0423\u043a\u0459\u0443\u0447\u0438\u0432\u0430\u045a\u0430 \u0438 \u0438\u0441\u043a\u0459\u0443\u0447\u0435\u045a\u0430<\/h3>\n<h4>\u0418\u043d\u043a\u043b\u0443\u0437\u0438\u0458\u0435<\/h4>\n<ol>\n<li>Excursi\u00f3n a pie o a caballo<\/li>\n<li>Todos los impuestos, tarifas y cargos<\/li>\n<li>\u041b\u043e\u043a\u0430\u043b\u043d\u0438 \u043f\u043e\u0440\u0435\u0437\u0438<\/li>\n<li>\u041f\u0438\u045b\u0435<\/li>\n<li>\u0421\u0432\u0435 \u0430\u043a\u0442\u0438\u0432\u043d\u043e\u0441\u0442\u0438<\/li>\n<li>\u041b\u043e\u043a\u0430\u043b\u043d\u0438 \u0432\u043e\u0434\u0438\u0447<\/li>\n<\/ol>\n<h4>\u0418\u0441\u043a\u0459\u0443\u0447\u0435\u045a\u0430<\/h4>\n<ol>\n<li>\u0421\u0430\u0432\u0435\u0442\u0438<\/li>\n<li>\u0422\u0440\u0430\u043d\u0441\u043f\u043e\u0440\u0442<\/li>\n<li>Almuerzo<\/li>\n<li>\u0410\u043b\u043a\u043e\u0445\u043e\u043b\u043d\u0438 \u043d\u0430\u043f\u0438\u0446\u0438<\/li>\n<\/ol>\n<h3><em>\u041f\u043e\u043b\u0430\u0437\u0430\u043a \u0438 \u043f\u043e\u0432\u0440\u0430\u0442\u0430\u043a<\/em><\/h3>\n<p>\u041f\u0443\u0442\u043d\u0438\u043a \u045b\u0435 \u0434\u043e\u0431\u0438\u0442\u0438 \u043c\u0435\u0441\u0442\u043e \u0441\u0430\u0441\u0442\u0430\u043d\u043a\u0430 \u043d\u0430\u043a\u043e\u043d \u043f\u0440\u043e\u0446\u0435\u0441\u0430 \u0440\u0435\u0437\u0435\u0440\u0432\u0430\u0446\u0438\u0458\u0435. \u041e\u0431\u0438\u043b\u0430\u0441\u0446\u0438 \u043f\u043e\u0447\u0438\u045a\u0443 \u0438 \u0437\u0430\u0432\u0440\u0448\u0430\u0432\u0430\u0458\u0443 \u0441\u0435 \u043d\u0430 \u043d\u0430\u0448\u0438\u043c \u043c\u0435\u0441\u0442\u0438\u043c\u0430 \u043e\u043a\u0443\u043f\u0459\u0430\u045a\u0430.<\/p>\n<h2>Caminata al Parque Nacional Salto de la Jalda<\/h2>\n<h3><em>\u0428\u0442\u0430 \u0434\u0430 \u043e\u0447\u0435\u043a\u0443\u0458\u0435\u0442\u0435?<\/em><\/h3>\n<p>Obtenga sus boletos para visitar las cascadas m\u00e1s altas del Caribe. El Salto la Jalda Senderismo o a caballo.<\/p>\n<p>El recorrido, organizado por \u00abBooking Adventures\u00bb comienza en el punto de encuentro establecido con el gu\u00eda tur\u00edstico. Para comenzar nuestro recorrido, nos encontramos en Sabana de la Mar. Luego nos subimos al veh\u00edculo que conducimos 25 minutos a la Comunidad Magua. Donde nos encontraremos con nuestros gu\u00edas locales de senderismo. Dejando su veh\u00edculo en un lugar de estacionamiento seguro, vamos a caballo o a pie al Parque Nacional Salto de La Jalda, con un tiempo de tres horas para llegar all\u00ed.<\/p>\n<p>El camino consta de 6.5 kil\u00f3metros, es una larga experiencia a trav\u00e9s del bosque dominicano, pasando por los bosques de cacaos, cocos y caf\u00e9. En nuestro viaje completo, pasaremos cerca del r\u00edo Magua y lo cruzaremos aproximadamente 8 veces sin mucha dificultad.<\/p>\n<p>Casi todo el sendero tiene la sombra de una gran cantidad de bosque de cacao plantado antes de que el \u00e1rea fue declarada Parque Nacional Salto de La Jalda. En esta primera parte de la aventura de ecoturismo, puedes disfrutar del canto de los p\u00e1jaros, el sonido de las corrientes de agua, el terreno mayormente llano y toda la vegetaci\u00f3n verde.<\/p>\n<p>Adem\u00e1s del cacao en la tierra del Parque Nacional de La Jalda, tambi\u00e9n se pueden ver cafetales. Casi llegando a la cascada nos detenemos en la casa de guardaparques nativos de la comunidad de Magua, asignadas al Parque Nacional de la Jalda. All\u00ed puede tomar un breve descanso, desde donde puede ver una vista general incre\u00edble del Salto de La Jalda.<\/p>\n<p>Continuaremos hasta las cascadas. nadar all\u00ed y despu\u00e9s de unas horas volver al veh\u00edculo por el mismo sendero. Esta es una aventura extrema. Por favor, si no tiene condiciones para hacer senderismo, debe montar a caballo.<\/p>\n<h3><em>\u0428\u0442\u0430 \u0442\u0440\u0435\u0431\u0430 \u0434\u0430 \u043f\u043e\u043d\u0435\u0441\u0435\u0442\u0435?<\/em><\/h3>\n<ul>\n<li>\u041a\u0430\u043c\u0435\u0440\u0430<\/li>\n<li>\u0420\u0435\u043f\u0435\u043b\u0435\u043d\u0442\u0438<\/li>\n<li>\u043a\u0440\u0435\u043c\u0430 \u0437\u0430 \u0441\u0443\u043d\u0447\u0430\u045a\u0435<\/li>\n<li>\u0428\u0435\u0448\u0438\u0440<\/li>\n<li>\u0423\u0434\u043e\u0431\u043d\u0435 \u043f\u0430\u043d\u0442\u0430\u043b\u043e\u043d\u0435<\/li>\n<li>\u0428\u0443\u043c\u0441\u043a\u0435 \u043f\u043b\u0430\u043d\u0438\u043d\u0430\u0440\u0441\u043a\u0435 \u0446\u0438\u043f\u0435\u043b\u0435<\/li>\n<li>\u041a\u0443\u043f\u0430\u045b\u0438 \u043a\u043e\u0441\u0442\u0438\u043c<\/li>\n<li>Botella de agua extra<\/li>\n<li>Almuerzo o meriendas<\/li>\n<\/ul>\n<h3><em>\u041f\u0440\u0435\u0432\u043e\u0437 \u0443 \u0445\u043e\u0442\u0435\u043b<\/em><\/h3>\n<p>\u041f\u0440\u0435\u0432\u043e\u0437 \u0443 \u0445\u043e\u0442\u0435\u043b \u043d\u0438\u0458\u0435 \u0443 \u043f\u043e\u043d\u0443\u0434\u0438 \u0437\u0430 \u043e\u0432\u0430\u0458 \u043e\u0431\u0438\u043b\u0430\u0437\u0430\u043a.<\/p>\n<p><strong>\u0411\u0435\u043b\u0435\u0448\u043a\u0430:<\/strong> Si realiza la reserva dentro de las 24 horas de la hora de salida del tour \/ excursi\u00f3n, podemos organizar la recogida en el hotel con cargos adicionales. Una vez que se complete su compra, le enviaremos informaci\u00f3n de contacto completa (n\u00famero de tel\u00e9fono, direcci\u00f3n de correo electr\u00f3nico, etc.) para que nuestro gu\u00eda tur\u00edstico local organice los arreglos de recogida.<\/p>\n<h3><em>\u041f\u043e\u0442\u0432\u0440\u0434\u0430 \u0434\u043e\u0434\u0430\u0442\u043d\u0438\u0445 \u0438\u043d\u0444\u043e\u0440\u043c\u0430\u0446\u0438\u0458\u0430<\/em><\/h3>\n<ul>\n<li>\u0423\u043b\u0430\u0437\u043d\u0438\u0446\u0435 \u0441\u0443 \u043f\u0440\u0438\u0437\u043d\u0430\u043d\u0438\u0446\u0430 \u043d\u0430\u043a\u043e\u043d \u0443\u043f\u043b\u0430\u0442\u0435 \u0437\u0430 \u043e\u0432\u0443 \u0442\u0443\u0440\u043d\u0435\u0458\u0443. \u041c\u043e\u0436\u0435\u0442\u0435 \u043f\u0440\u0438\u043a\u0430\u0437\u0430\u0442\u0438 \u0443\u043f\u043b\u0430\u0442\u0443 \u043d\u0430 \u0441\u0432\u043e\u043c \u0442\u0435\u043b\u0435\u0444\u043e\u043d\u0443.<\/li>\n<li>\u041c\u0435\u0441\u0442\u043e \u0441\u0430\u0441\u0442\u0430\u043d\u043a\u0430 \u045b\u0435 \u0431\u0438\u0442\u0438 \u043f\u0440\u0438\u043c\u0459\u0435\u043d\u043e \u043d\u0430\u043a\u043e\u043d \u043f\u0440\u043e\u0446\u0435\u0441\u0430 \u0440\u0435\u0437\u0435\u0440\u0432\u0430\u0446\u0438\u0458\u0435.<\/li>\n<li>\u0414\u0435\u0446\u0430 \u043c\u043e\u0440\u0430\u0458\u0443 \u0431\u0438\u0442\u0438 \u0443 \u043f\u0440\u0430\u0442\u045a\u0438 \u043e\u0434\u0440\u0430\u0441\u043b\u0435 \u043e\u0441\u043e\u0431\u0435.<\/li>\n<li>\u041d\u0438\u0458\u0435 \u0434\u043e\u0441\u0442\u0443\u043f\u043d\u043e \u0437\u0430 \u0438\u043d\u0432\u0430\u043b\u0438\u0434\u0441\u043a\u0430 \u043a\u043e\u043b\u0438\u0446\u0430<\/li>\n<li>No se permiten beb\u00e9s para este viaje<\/li>\n<li>\u041d\u0435 \u043f\u0440\u0435\u043f\u043e\u0440\u0443\u0447\u0443\u0458\u0435 \u0441\u0435 \u043f\u0443\u0442\u043d\u0438\u0446\u0438\u043c\u0430 \u0441\u0430 \u043f\u0440\u043e\u0431\u043b\u0435\u043c\u0438\u043c\u0430 \u0441\u0430 \u043b\u0435\u0452\u0438\u043c\u0430.<\/li>\n<li>\u041d\u0435 \u043f\u0440\u0435\u043f\u043e\u0440\u0443\u0447\u0443\u0458\u0435 \u0441\u0435 \u0442\u0440\u0443\u0434\u043d\u0438\u0446\u0430\u043c\u0430.<\/li>\n<li>\u041d\u0435\u043c\u0430 \u0441\u0440\u0447\u0430\u043d\u0438\u0445 \u043f\u0440\u043e\u0431\u043b\u0435\u043c\u0430 \u0438\u043b\u0438 \u0434\u0440\u0443\u0433\u0438\u0445 \u043e\u0437\u0431\u0438\u0459\u043d\u0438\u0445 \u0437\u0434\u0440\u0430\u0432\u0441\u0442\u0432\u0435\u043d\u0438\u0445 \u0441\u0442\u0430\u045a\u0430.<\/li>\n<li>\u0412\u0435\u045b\u0438\u043d\u0430 \u043f\u0443\u0442\u043d\u0438\u043a\u0430 \u043c\u043e\u0436\u0435 \u0443\u0447\u0435\u0441\u0442\u0432\u043e\u0432\u0430\u0442\u0438.<\/li>\n<\/ul>\n<h3><em>\u041f\u043e\u043b\u0438\u0442\u0438\u043a\u0430 \u043e\u0442\u043a\u0430\u0437\u0438\u0432\u0430\u045a\u0430<\/em><\/h3>\n<p>\u0417\u0430 \u043f\u043e\u0442\u043f\u0443\u043d\u0438 \u043f\u043e\u0432\u0440\u0430\u045b\u0430\u0458 \u043d\u043e\u0432\u0446\u0430, \u043e\u0442\u043a\u0430\u0436\u0438\u0442\u0435 \u043d\u0430\u0458\u043c\u0430\u045a\u0435 24 \u0441\u0430\u0442\u0430 \u043f\u0440\u0435 \u0434\u0430\u0442\u0443\u043c\u0430 \u043f\u043e\u0447\u0435\u0442\u043a\u0430 \u0438\u0441\u043a\u0443\u0441\u0442\u0432\u0430.<\/p>\n\n\t\t<\/div>\n\t<\/div>\n<\/div><\/div><\/div><\/div><div class=\"vc_row wpb_row vc_row-fluid\" ><div class=\"wpb_column vc_column_container vc_col-sm-12\"><div class=\"vc_column-inner\"><div class=\"wpb_wrapper\">\n\t<div class=\"wpb_text_column wpb_content_element\" >\n\t\t<div class=\"wpb_wrapper\">\n\t\t\t<h4>\u00bfCont\u00e1ctenos?<\/h4>\n<h5>\u0420\u0435\u0437\u0435\u0440\u0432\u0430\u0446\u0438\u0458\u0435 \u0437\u0430 \u0430\u0432\u0430\u043d\u0442\u0443\u0440\u0443<\/h5>\n<p><em>\u0422\u0443\u0440\u0438\u0441\u0442\u0438\u0447\u043a\u0438 \u0432\u043e\u0434\u0438\u0447\u0438 <strong>Locales<\/strong> \u0438 <strong>\u043d\u0430\u0446\u0438\u043e\u043d\u0430\u043b\u043d\u0438\u043c<\/strong> y servicios para hu\u00e9spedes<\/em><\/p>\n<p>\u0420\u0435\u0437\u0435\u0440\u0432\u0430\u0446\u0438\u0458\u0435: \u041e\u0431\u0438\u043b\u0430\u0441\u0446\u0438 \u0438 \u0435\u043a\u0441\u043a\u0443\u0440\u0437\u0438\u0458\u0435 \u0443 \u0414\u043e\u043c\u0443 \u0420\u0435\u043f.<\/p>\n<p>\u0422\u0435\u043b\/\u0412\u0445\u0430\u0442\u0441\u0430\u043f\u043f +1-809-720-6035.<\/p>\n<p>\u0438\u043d\u0444\u043e@\u0431\u043e\u043e\u043a\u0438\u043d\u0433\u0430\u0434\u0432\u0435\u043d\u0442\u0443\u0440\u0435\u0441.\u0446\u043e\u043c.\u0434\u043e<\/p>\n<p>Hacemos tours privados de configuraci\u00f3n flexible por Whatsapp: +18097206035.<\/p>\n\n\t\t<\/div>\n\t<\/div>\n<\/div><\/div><\/div><\/div>","protected":false},"excerpt":{"rendered":"<p>Una aventura extrema a la cascada m\u00e1s alta del Caribe. Ven con los locales caminando o montando a caballo a la cascada. Aprender sobre el verdadero estilo de vida dominicano del bosque. Visitando las plantaciones m\u00e1s grandes del bosque de \u00e1rboles de cacao en la Rep\u00fablica Dominicana y aprendiendo sobre esta historia con gu\u00edas nativos.<\/p>\n<p>Cuando reservas este viaje, est\u00e1s apoyando a Familias de Magua, Comunidad Sabana de la Mar. Donde no hay turistas durante todo el a\u00f1o. El dinero se queda con estos lugare\u00f1os.<\/p>\n<p><strong>\u041c\u043e\u043b\u0438\u043c\u043e \u0438\u0437\u0430\u0431\u0435\u0440\u0438\u0442\u0435 \u0434\u0430\u0442\u0443\u043c \u0442\u0443\u0440\u043d\u0435\u0458\u0435:<\/strong><\/p>","protected":false},"featured_media":62,"template":"","meta":[],"product_brand":[],"product_cat":[95,96,97,98,99,443,100],"product_tag":[101,102,103,104,105,106,107,108,109,110,111,112,113,114,115,116,117,118],"class_list":{"0":"post-602","1":"product","2":"type-product","3":"status-publish","4":"has-post-thumbnail","6":"product_cat-hike-to-miches-la-jalda-waterfall-waterfalls","7":"product_cat-hiking","8":"product_cat-horse-riding-to-waterfalls","9":"product_cat-local-tour-guides","10":"product_cat-swimming-natural-springs","11":"product_cat-tours-y-excursiones-es","12":"product_cat-waterfalls","13":"product_tag-higthest-waterfall-in-the-caribean","14":"product_tag-hike-la-jalda","15":"product_tag-hike-to-miches-la-jalda-waterfall-waterfalls","16":"product_tag-hiking","17":"product_tag-la-jalda-excursions","18":"product_tag-la-jalda-horses","19":"product_tag-la-jalda-national-park","20":"product_tag-la-jalda-waterfall","21":"product_tag-leaping","22":"product_tag-leaping-jalda","23":"product_tag-magua","24":"product_tag-magua-la-jalda","25":"product_tag-miches","26":"product_tag-sabana-de-la-mar","27":"product_tag-salto-de-la-jalda","28":"product_tag-salto-la-jalda-sabana-de-la-mar","29":"product_tag-salto-la-jalda-tours","30":"product_tag-waterfalls","32":"first","33":"instock","34":"sale","35":"featured","36":"sold-individually","37":"shipping-taxable","38":"product-type-external"},"_links":{"self":[{"href":"https:\/\/visitaloshaitises.com\/sr\/wp-json\/wp\/v2\/product\/602","targetHints":{"allow":["GET"]}}],"collection":[{"href":"https:\/\/visitaloshaitises.com\/sr\/wp-json\/wp\/v2\/product"}],"about":[{"href":"https:\/\/visitaloshaitises.com\/sr\/wp-json\/wp\/v2\/types\/product"}],"wp:featuredmedia":[{"embeddable":true,"href":"https:\/\/visitaloshaitises.com\/sr\/wp-json\/wp\/v2\/media\/62"}],"wp:attachment":[{"href":"https:\/\/visitaloshaitises.com\/sr\/wp-json\/wp\/v2\/media?parent=602"}],"wp:term":[{"taxonomy":"product_brand","embeddable":true,"href":"https:\/\/visitaloshaitises.com\/sr\/wp-json\/wp\/v2\/product_brand?post=602"},{"taxonomy":"product_cat","embeddable":true,"href":"https:\/\/visitaloshaitises.com\/sr\/wp-json\/wp\/v2\/product_cat?post=602"},{"taxonomy":"product_tag","embeddable":true,"href":"https:\/\/visitaloshaitises.com\/sr\/wp-json\/wp\/v2\/product_tag?post=602"}],"curies":[{"name":"wp","href":"https:\/\/api.w.org\/{rel}","templated":true}]}}