{"id":11622,"date":"2023-10-04T07:39:45","date_gmt":"2023-10-04T07:39:45","guid":{"rendered":"https:\/\/haitises.com\/?post_type=product&#038;p=11622"},"modified":"2024-04-02T15:13:14","modified_gmt":"2024-04-02T15:13:14","slug":"el-limon-waterfalls-bacardi-island-excursion-from-punta-cana-area-meeting-point-sabana-de-la-mar-3","status":"publish","type":"product","link":"https:\/\/visitaloshaitises.com\/sr\/private\/el-limon-waterfalls-bacardi-island-excursion-from-punta-cana-area-meeting-point-sabana-de-la-mar-3\/","title":{"rendered":"\u0412\u043e\u0434\u043e\u043f\u0430\u0434\u0438 \u0415\u043b \u041b\u0438\u043c\u043e\u043d \u0438 \u043e\u0441\u0442\u0440\u0432\u043e \u0411\u0430\u043a\u0430\u0440\u0434\u0438 \u2013 \u0415\u043a\u0441\u043a\u0443\u0440\u0437\u0438\u0458\u0430 \u0438\u0437 \u043e\u0431\u043b\u0430\u0441\u0442\u0438 \u041f\u0443\u043d\u0442\u0430 \u041a\u0430\u043d\u0430 (\u043c\u0435\u0441\u0442\u0430 \u0441\u0430\u0441\u0442\u0430\u043d\u043a\u0430 \u0421\u0430\u0431\u0430\u043d\u0430 \u0434\u0435 \u043b\u0430 \u041c\u0430\u0440)"},"content":{"rendered":"<div class=\"vc_row wpb_row vc_row-fluid\" ><div class=\"wpb_column vc_column_container vc_col-sm-12\"><div class=\"vc_column-inner\"><div class=\"wpb_wrapper\"><div class=\"mkdf-section-title-holder\" style=\"text-align: left\">\n\t<div class=\"mkdf-st-inner\">\n\t\t\t\t\t<h5 class=\"mkdf-st-subtitle\" >\n\t\t\t\t(Meeting point Sabana de la mar)\t\t\t<\/h5>\n\t\t\t\t\t\t\t<h3 class=\"mkdf-st-title\" >\n\t\t\t\tEl Limon Waterfalls &amp; Bacardi Island - Excursion from Punta Cana area\t\t\t<\/h3>\n\t\t\t\t\t<\/div>\n<\/div><\/div><\/div><\/div><\/div><div class=\"vc_row wpb_row vc_row-fluid\" ><div class=\"wpb_column vc_column_container vc_col-sm-12\"><div class=\"vc_column-inner\"><div class=\"wpb_wrapper\"><div class=\"vc_btn3-container vc_btn3-inline\" ><button class=\"vc_general vc_btn3 vc_btn3-size-md vc_btn3-shape-rounded vc_btn3-style-modern vc_btn3-color-green\">\u0420\u0415\u0417\u0415\u0420\u0412\u0418\u0420\u0410\u0408\u0422\u0415 \u0421\u0410\u0414\u0410<\/button><\/div>\n\t<div class=\"wpb_text_column wpb_content_element\" >\n\t\t<div class=\"wpb_wrapper\">\n\t\t\t<h4><b><i>\u041f\u0440\u0435\u0433\u043b\u0435\u0434 <\/i><\/b><\/h4>\n<p>If you are in Punta Cana or Bavaro, Looking for a day trip paying less than normal. Just book this trip starting from Sabana de la Mar area. Visiting Samana community on Safari to arrive in El Lim\u00f3n Comunity, Horse riding or Hiking to the Waterfalls after crossing Samana Bay and Luch time at Bacardi Island. This trip Starts at 9: 00 am and finish at 4:30 pm.<\/p>\n<p>After this experience, you will get Back to Sabana de la Mar port.<\/p>\n<ul>\n<li style=\"font-weight: 400;\">\u0423\u043a\u0459\u0443\u0447\u0435\u043d\u0435 \u043d\u0430\u043a\u043d\u0430\u0434\u0435<\/li>\n<li>Lunch at the beach included<\/li>\n<li style=\"font-weight: 400;\"><span style=\"font-weight: 400;\">The guide provides instruction and Supervision<\/span><\/li>\n<\/ul>\n<p>&nbsp;<\/p>\n<h4><b>\u0423\u043a\u0459\u0443\u0447\u0438\u0432\u0430\u045a\u0430 \u0438 \u0438\u0441\u043a\u0459\u0443\u0447\u0435\u045a\u0430<\/b><\/h4>\n<p>&nbsp;<\/p>\n<p><b>\u0418\u043d\u043a\u043b\u0443\u0437\u0438\u0458\u0435<\/b><\/p>\n<ol>\n<li style=\"font-weight: 400;\">Saman\u00e1 Bay<\/li>\n<li>Bacardi Island, Beach, and Lunch<\/li>\n<li>Safari to El Lim\u00f3n<\/li>\n<li>Horse riding or Hiking to Waterfalls<\/li>\n<li>Dominicans Cocktails<\/li>\n<li style=\"font-weight: 400;\"><span style=\"font-weight: 400;\">\u0421\u0432\u0438 \u043f\u043e\u0440\u0435\u0437\u0438, \u043d\u0430\u043a\u043d\u0430\u0434\u0435 \u0438 \u043d\u0430\u043a\u043d\u0430\u0434\u0435 \u0437\u0430 \u0440\u0443\u043a\u043e\u0432\u0430\u045a\u0435<\/span><\/li>\n<li style=\"font-weight: 400;\"><span style=\"font-weight: 400;\">\u041b\u043e\u043a\u0430\u043b\u043d\u0438 \u043f\u043e\u0440\u0435\u0437\u0438<\/span><\/li>\n<li style=\"font-weight: 400;\"><span style=\"font-weight: 400;\">Beverages<\/span><\/li>\n<li style=\"font-weight: 400;\"><span style=\"font-weight: 400;\">\u0421\u0432\u0435 \u0430\u043a\u0442\u0438\u0432\u043d\u043e\u0441\u0442\u0438<\/span><\/li>\n<li style=\"font-weight: 400;\"><span style=\"font-weight: 400;\">\u041b\u043e\u043a\u0430\u043b\u043d\u0438 \u0432\u043e\u0434\u0438\u0447<\/span><\/li>\n<\/ol>\n<p><b> \u0418\u0441\u043a\u0459\u0443\u0447\u0435\u045a\u0430<\/b><\/p>\n<ol>\n<li style=\"font-weight: 400;\"><span style=\"font-weight: 400;\">\u0413\u0440\u0430\u0442\u0438\u0441<\/span><\/li>\n<li style=\"font-weight: 400;\"><span style=\"font-weight: 400;\">Transfers from Punta Cana not included<\/span><\/li>\n<li style=\"font-weight: 400;\"><span style=\"font-weight: 400;\">Alcoholic Drinks after Cocktails\u00a0<\/span><\/li>\n<\/ol>\n<p>&nbsp;<\/p>\n<h4><em><strong>\u041f\u043e\u043b\u0430\u0437\u0430\u043a \u0438 \u043f\u043e\u0432\u0440\u0430\u0442\u0430\u043a<\/strong><\/em><\/h4>\n<p><span style=\"font-weight: 400;\">The traveler will get a meeting point after the Reservation Process. Tours start and Finished in our meeting points.<\/span><\/p>\n<p>&nbsp;<\/p>\n<h4><b><i>\u0428\u0442\u0430 \u0434\u0430 \u043e\u0447\u0435\u043a\u0443\u0458\u0435\u0442\u0435?<\/i><\/b><\/h4>\n<p>&nbsp;<\/p>\n<p><em><strong>\u0423\u0437\u043c\u0438\u0442\u0435 \u0441\u0432\u043e\u0458\u0435 \u043a\u0430\u0440\u0442\u0435<\/strong><\/em> for visiting The Waterfalls on Horses riding or Hiking, Safari Saman\u00e1, Swimming at the Natural Springs from the waterfalls lunch at Bacardi island plus Beach Time.<\/p>\n<p>Starting from Sabana de la Mar ports onboard of a Boat or Catamaran with a Local tour guide we pass Saman\u00e1 Bay to Saman\u00e1 community. Taking a Safari with a local tour guide to talk about Saman\u00e1 history until arrive in El Limon Comunity. In El Lim\u00f3n Comunity we start hiking or Horse riding by El Limon waterfalls forest to the El Lim\u00f3n Waterfalls. Where when we arrive we can swim!\u00a0 After back to Safari to go to Samana port. Visit Bacardi island for lunch on the beach and swimming in one of the most beautiful islands from the Dominican Republic.<\/p>\n<p>In Case you will like this trip longer or Shorter we have these options:<\/p>\n<ol>\n<li><a href=\"https:\/\/www.ticketswhales.com\/tour\/los-haitises-national-park-tour-from-samana-port\/\" target=\"_blank\" rel=\"noopener\">Los Haitises + Cayo Levantado from Samana Port.<\/a><\/li>\n<li><a href=\"https:\/\/www.ticketswhales.com\/tour\/los-haitises-national-park-lunch-at-cano-hondo-from-samana-port\/\" target=\"_blank\" rel=\"noopener\">Los Haitises + Cano Hondo from Samana Port.<\/a><\/li>\n<\/ol>\n<p>&nbsp;<\/p>\n<h4><em><strong>\u0428\u0442\u0430 \u0442\u0440\u0435\u0431\u0430 \u0434\u0430 \u043f\u043e\u043d\u0435\u0441\u0435\u0442\u0435?<\/strong><\/em><\/h4>\n<ul>\n<li style=\"font-weight: 400;\"><span style=\"font-weight: 400;\">\u041a\u0430\u043c\u0435\u0440\u0430<\/span><\/li>\n<li style=\"font-weight: 400;\"><span style=\"font-weight: 400;\">\u0420\u0435\u043f\u0435\u043b\u0435\u043d\u0442\u043d\u0438 \u043f\u0443\u043f\u043e\u0459\u0446\u0438<\/span><\/li>\n<li style=\"font-weight: 400;\"><span style=\"font-weight: 400;\">suncream<\/span><\/li>\n<li style=\"font-weight: 400;\"><span style=\"font-weight: 400;\">\u0428\u0435\u0448\u0438\u0440<\/span><\/li>\n<li style=\"font-weight: 400;\"><span style=\"font-weight: 400;\">\u0423\u0434\u043e\u0431\u043d\u0435 \u043f\u0430\u043d\u0442\u0430\u043b\u043e\u043d\u0435<\/span><\/li>\n<li style=\"font-weight: 400;\"><span style=\"font-weight: 400;\">\u041f\u043b\u0430\u043d\u0438\u043d\u0430\u0440\u0441\u043a\u0435 \u0446\u0438\u043f\u0435\u043b\u0435 \u0437\u0430 \u0448\u0443\u043c\u0443<\/span><\/li>\n<li style=\"font-weight: 400;\"><span style=\"font-weight: 400;\">\u0421\u0430\u043d\u0434\u0430\u043b\u0435 \u0443 \u043e\u0431\u043b\u0430\u0441\u0442\u0438 \u043f\u0440\u043e\u043b\u0435\u045b\u0430.<\/span><\/li>\n<li style=\"font-weight: 400;\"><span style=\"font-weight: 400;\">\u041e\u0434\u0458\u0435\u045b\u0430 \u0437\u0430 \u043a\u0443\u043f\u0430\u045a\u0435<\/span><\/li>\n<\/ul>\n<p>&nbsp;<\/p>\n<h4><b><i>\u0425\u043e\u0442\u0435\u043b \u041f\u0438\u0446\u043a\u0443\u043f <\/i><\/b><\/h4>\n<p><span style=\"font-weight: 400;\">Hotel pick-up is not offered for this tour. But if you contact us we can talk about it.<\/span><\/p>\n<p>&nbsp;<\/p>\n<p><b>\u0411\u0435\u043b\u0435\u0448\u043a\u0430:<\/b><span style=\"font-weight: 400;\"> \u0410\u043a\u043e \u0441\u0442\u0435 \u0440\u0435\u0437\u0435\u0440\u0432\u0438\u0441\u0430\u043d\u0438 \u0443 \u0440\u043e\u043a\u0443 \u043e\u0434 24 \u0441\u0430\u0442\u0430 \u043e\u0434 \u0432\u0440\u0435\u043c\u0435\u043d\u0430 \u043f\u043e\u043b\u0430\u0441\u043a\u0430 \u043d\u0430 \u043e\u0431\u0438\u043b\u0430\u0437\u0430\u043a\/\u0438\u0437\u043b\u0435\u0442, \u043c\u043e\u0436\u0435\u043c\u043e \u043e\u0440\u0433\u0430\u043d\u0438\u0437\u043e\u0432\u0430\u0442\u0438 \u043f\u0440\u0435\u0443\u0437\u0438\u043c\u0430\u045a\u0435 \u0445\u043e\u0442\u0435\u043b\u0430 \u0443\u0437 \u0434\u043e\u043f\u043b\u0430\u0442\u0443. \u041a\u0430\u0434\u0430 \u0441\u0435 \u0432\u0430\u0448\u0430 \u043a\u0443\u043f\u043e\u0432\u0438\u043d\u0430 \u0437\u0430\u0432\u0440\u0448\u0438, \u043f\u043e\u0441\u043b\u0430\u045b\u0435\u043c\u043e \u0432\u0430\u043c \u043a\u043e\u043c\u043f\u043b\u0435\u0442\u043d\u0435 \u043a\u043e\u043d\u0442\u0430\u043a\u0442 \u0438\u043d\u0444\u043e\u0440\u043c\u0430\u0446\u0438\u0458\u0435 (\u0431\u0440\u043e\u0458 \u0442\u0435\u043b\u0435\u0444\u043e\u043d\u0430, \u0438\u043c\u0435\u0458\u043b \u0430\u0434\u0440\u0435\u0441\u0443, \u0438\u0442\u0434.) \u0437\u0430 \u043d\u0430\u0448 \u043b\u043e\u043a\u0430\u043b\u043d\u0438 \u0442\u0443\u0440\u0438\u0441\u0442\u0438\u0447\u043a\u0438 \u0432\u043e\u0434\u0438\u0447 \u0434\u0430 \u043e\u0440\u0433\u0430\u043d\u0438\u0437\u0443\u0458\u0435 \u0430\u0440\u0430\u043d\u0436\u043c\u0430\u043d\u0435 \u0437\u0430 \u043f\u0440\u0435\u0443\u0437\u0438\u043c\u0430\u045a\u0435.<\/span><\/p>\n<h4><b><i>\u041f\u043e\u0442\u0432\u0440\u0434\u0430 \u0434\u043e\u0434\u0430\u0442\u043d\u0438\u0445 \u0438\u043d\u0444\u043e\u0440\u043c\u0430\u0446\u0438\u0458\u0430 <\/i><\/b><\/h4>\n<ol>\n<li>\u0423\u043b\u0430\u0437\u043d\u0438\u0446\u0435 \u0441\u0443 \u043f\u0440\u0438\u0437\u043d\u0430\u043d\u0438\u0446\u0430 \u043d\u0430\u043a\u043e\u043d \u043f\u043b\u0430\u045b\u0430\u045a\u0430 \u043e\u0432\u0435 \u0442\u0443\u0440\u043d\u0435\u0458\u0435. \u041c\u043e\u0436\u0435\u0442\u0435 \u043f\u0440\u0438\u043a\u0430\u0437\u0430\u0442\u0438 \u0443\u043f\u043b\u0430\u0442\u0443 \u043d\u0430 \u0441\u0432\u043e\u043c \u0442\u0435\u043b\u0435\u0444\u043e\u043d\u0443.<\/li>\n<li style=\"font-weight: 400;\"><span style=\"font-weight: 400;\">\u041c\u0435\u0441\u0442\u043e \u0441\u0430\u0441\u0442\u0430\u043d\u043a\u0430 \u045b\u0435 \u0431\u0438\u0442\u0438 \u043f\u0440\u0438\u043c\u0459\u0435\u043d\u043e \u043d\u0430\u043a\u043e\u043d \u043f\u0440\u043e\u0446\u0435\u0441\u0430 \u0440\u0435\u0437\u0435\u0440\u0432\u0430\u0446\u0438\u0458\u0435.<\/span><\/li>\n<li style=\"font-weight: 400;\"><span style=\"font-weight: 400;\">\u0414\u0435\u0446\u0430 \u043c\u043e\u0440\u0430\u0458\u0443 \u0431\u0438\u0442\u0438 \u0443 \u043f\u0440\u0430\u0442\u045a\u0438 \u043e\u0434\u0440\u0430\u0441\u043b\u0435 \u043e\u0441\u043e\u0431\u0435.<\/span><\/li>\n<li style=\"font-weight: 400;\"><span style=\"font-weight: 400;\"> \u041d\u0438\u0458\u0435 \u0434\u043e\u0441\u0442\u0443\u043f\u043d\u043e \u0437\u0430 \u0438\u043d\u0432\u0430\u043b\u0438\u0434\u0441\u043a\u0430 \u043a\u043e\u043b\u0438\u0446\u0430 <\/span><\/li>\n<li style=\"font-weight: 400;\"><span style=\"font-weight: 400;\">\u0411\u0435\u0431\u0435 \u043c\u043e\u0440\u0430\u0458\u0443 \u0441\u0435\u0434\u0435\u0442\u0438 \u0443 \u043a\u0440\u0438\u043b\u0443 <\/span><\/li>\n<li style=\"font-weight: 400;\"><span style=\"font-weight: 400;\">\u041d\u0435 \u043f\u0440\u0435\u043f\u043e\u0440\u0443\u0447\u0443\u0458\u0435 \u0441\u0435 \u043f\u0443\u0442\u043d\u0438\u0446\u0438\u043c\u0430 \u0441\u0430 \u043f\u0440\u043e\u0431\u043b\u0435\u043c\u0438\u043c\u0430 \u0441\u0430 \u043b\u0435\u0452\u0438\u043c\u0430<\/span><\/li>\n<li style=\"font-weight: 400;\"><span style=\"font-weight: 400;\">\u041d\u0435 \u043f\u0440\u0435\u043f\u043e\u0440\u0443\u0447\u0443\u0458\u0435 \u0441\u0435 \u0442\u0440\u0443\u0434\u043d\u0438\u0446\u0430\u043c\u0430 <\/span><\/li>\n<li style=\"font-weight: 400;\"><span style=\"font-weight: 400;\"> \u041d\u0435\u043c\u0430 \u0441\u0440\u0447\u0430\u043d\u0438\u0445 \u043f\u0440\u043e\u0431\u043b\u0435\u043c\u0430 \u0438\u043b\u0438 \u0434\u0440\u0443\u0433\u0438\u0445 \u043e\u0437\u0431\u0438\u0459\u043d\u0438\u0445 \u0437\u0434\u0440\u0430\u0432\u0441\u0442\u0432\u0435\u043d\u0438\u0445 \u0441\u0442\u0430\u045a\u0430 <\/span><\/li>\n<li style=\"font-weight: 400;\"><span style=\"font-weight: 400;\">\u0412\u0435\u045b\u0438\u043d\u0430 \u043f\u0443\u0442\u043d\u0438\u043a\u0430 \u043c\u043e\u0436\u0435 \u0443\u0447\u0435\u0441\u0442\u0432\u043e\u0432\u0430\u0442\u0438<\/span><\/li>\n<\/ol>\n<h4><b><i>\u041f\u043e\u043b\u0438\u0442\u0438\u043a\u0430 \u043e\u0442\u043a\u0430\u0437\u0438\u0432\u0430\u045a\u0430<\/i><\/b><\/h4>\n<p>For a full refund, please read our Cancellations policies\u00a0<a href=\"https:\/\/www.ticketswhales.com\/online-booking\/\" target=\"_blank\" rel=\"noopener\" data-saferedirecturl=\"https:\/\/www.google.com\/url?q=https:\/\/www.ticketswhales.com\/online-booking\/&amp;source=gmail&amp;ust=1672449202351000&amp;usg=AOvVaw1yAeVAPktmaVCqDujgUn90\">Click here<\/a>. Funds will be lost if the reservation is cancelled the same day of the trip.<\/p>\n\n\t\t<\/div>\n\t<\/div>\n<div class=\"vc_btn3-container vc_btn3-inline\" ><button class=\"vc_general vc_btn3 vc_btn3-size-md vc_btn3-shape-rounded vc_btn3-style-modern vc_btn3-color-green\">\u0420\u0415\u0417\u0415\u0420\u0412\u0418\u0420\u0410\u0408\u0422\u0415 \u0421\u0410\u0414\u0410<\/button><\/div><\/div><\/div><\/div><\/div><div class=\"vc_row wpb_row vc_row-fluid\" ><div class=\"wpb_column vc_column_container vc_col-sm-12\"><div class=\"vc_column-inner\"><div class=\"wpb_wrapper\"><div class=\"vc_empty_space\"   style=\"height: 32px\"><span class=\"vc_empty_space_inner\"><\/span><\/div>\n\t<div class=\"wpb_text_column wpb_content_element\" >\n\t\t<div class=\"wpb_wrapper\">\n\t\t\t<h4>\u041a\u043e\u043d\u0442\u0430\u043a\u0442\u0438\u0440\u0430\u0458\u0442\u0435 \u043d\u0430\u0441?<\/h4>\n<h5><em><strong>\u0411\u043e\u043e\u043a\u0438\u043d\u0433 \u0410\u0434\u0432\u0435\u043d\u0442\u0443\u0440\u0435\u0441<\/strong><\/em><\/h5>\n<p><em><strong>\u041b\u043e\u043a\u0430\u043b\u043d\u043e \u0441\u0442\u0430\u043d\u043e\u0432\u043d\u0438\u0448\u0442\u0432\u043e<\/strong> \u0438 <strong>\u0414\u0440\u0436\u0430\u0432\u0459\u0430\u043d\u0438<\/strong> \u0422\u0443\u0440\u0438\u0441\u0442\u0438\u0447\u043a\u0438 \u0432\u043e\u0434\u0438\u0447\u0438 \u0438 \u0443\u0441\u043b\u0443\u0433\u0435 \u0437\u0430 \u0433\u043e\u0441\u0442\u0435<\/em><\/p>\n<p><span class=\"text-turquoise\">\u0420\u0435\u0437\u0435\u0440\u0432\u0430\u0446\u0438\u0458\u0435:<\/span> \u041e\u0431\u0438\u043b\u0430\u0441\u0446\u0438 \u0438 \u0435\u043a\u0441\u043a\u0443\u0440\u0437\u0438\u0458\u0435 \u0443 \u0414\u043e\u043c. \u0420\u0435\u043f.<\/p>\n<p><img decoding=\"async\" class=\"emoji\" draggable=\"false\" src=\"https:\/\/s.w.org\/images\/core\/emoji\/11.2.0\/svg\/1f4de.svg\" alt=\"\ud83d\udcde\" \/> \u0422\u0435\u043b\/\u0412\u0445\u0430\u0442\u0441\u0430\u043f\u043f\u00a0 <a href=\"tel:+1-809-720-6035\">+1-809-720-6035<\/a>.<\/p>\n<p><img decoding=\"async\" class=\"emoji\" draggable=\"false\" src=\"https:\/\/s.w.org\/images\/core\/emoji\/11.2.0\/svg\/1f4e9.svg\" alt=\"\ud83d\udce9\" \/> <a href=\"mailto:info@bookingadventures.com.do\">\u0438\u043d\u0444\u043e@\u0431\u043e\u043e\u043a\u0438\u043d\u0433\u0430\u0434\u0432\u0435\u043d\u0442\u0443\u0440\u0435\u0441.\u0446\u043e\u043c.\u0434\u043e<\/a><\/p>\n<p><strong>\u041c\u0438 \u0441\u043c\u043e \u0444\u043b\u0435\u043a\u0441\u0438\u0431\u0438\u043b\u043d\u043e \u043f\u043e\u0434\u0435\u0448\u0430\u0432\u0430\u045a\u0435 \u043f\u0440\u0438\u0432\u0430\u0442\u043d\u0438\u0445 \u043e\u0431\u0438\u043b\u0430\u0437\u0430\u043a\u0430 \u043f\u0443\u0442\u0435\u043c \u0412\u0445\u0430\u0442\u0441\u0430\u043f\u043f-\u0430: <a href=\"tel:+18097206035\">+18097206035.<\/a><\/strong><\/p>\n\n\t\t<\/div>\n\t<\/div>\n<div class=\"vc_empty_space\"   style=\"height: 32px\"><span class=\"vc_empty_space_inner\"><\/span><\/div><\/div><\/div><\/div><\/div><div class=\"vc_row wpb_row vc_row-fluid\" ><div class=\"wpb_column vc_column_container vc_col-sm-12\"><div class=\"vc_column-inner\"><div class=\"wpb_wrapper\"><div class=\"vc_btn3-container vc_btn3-inline\" ><button class=\"vc_general vc_btn3 vc_btn3-size-md vc_btn3-shape-rounded vc_btn3-style-modern vc_btn3-color-green\">\u0420\u0415\u0417\u0415\u0420\u0412\u0418\u0420\u0410\u0408\u0422\u0415 \u0421\u0410\u0414\u0410<\/button><\/div><\/div><\/div><\/div><\/div>","protected":false},"excerpt":{"rendered":"<p><strong>\u041c\u043e\u043b\u0438\u043c\u043e \u0438\u0437\u0430\u0431\u0435\u0440\u0438\u0442\u0435 \u0434\u0430\u0442\u0443\u043c \u0437\u0430 \u0442\u0443\u0440\u043d\u0435\u0458\u0443\u00a0<\/strong><\/p>","protected":false},"featured_media":94,"template":"","meta":[],"product_brand":[],"product_cat":[567,568,96,97,135,569,570,136,122,123,124],"product_tag":[137,138,139,140,141,114,142,143],"class_list":{"0":"post-11622","1":"product","2":"type-product","3":"status-publish","4":"has-post-thumbnail","6":"product_cat-el-limon-horseback-riding","7":"product_cat-el-limon-sabana-de-la-mar-miches","8":"product_cat-hiking","9":"product_cat-horse-riding-to-waterfalls","10":"product_cat-lunch","11":"product_cat-punta-cana-group-tours","12":"product_cat-punta-cana-samana-day-trips","13":"product_cat-safari-samana","14":"product_cat-tours-and-excursions","15":"product_cat-tours-excursions-los-haitises-national-park","16":"product_cat-tours-excursions-samana-bay-dominican-republic","17":"product_tag-bacardi-island","18":"product_tag-beach-time","19":"product_tag-cayo-levantado","20":"product_tag-el-limon-waterfalls","21":"product_tag-punta-cana","22":"product_tag-sabana-de-la-mar","23":"product_tag-samana","24":"product_tag-samana-tours","26":"first","27":"instock","28":"sale","29":"shipping-taxable","30":"product-type-external"},"_links":{"self":[{"href":"https:\/\/visitaloshaitises.com\/sr\/wp-json\/wp\/v2\/product\/11622","targetHints":{"allow":["GET"]}}],"collection":[{"href":"https:\/\/visitaloshaitises.com\/sr\/wp-json\/wp\/v2\/product"}],"about":[{"href":"https:\/\/visitaloshaitises.com\/sr\/wp-json\/wp\/v2\/types\/product"}],"wp:featuredmedia":[{"embeddable":true,"href":"https:\/\/visitaloshaitises.com\/sr\/wp-json\/wp\/v2\/media\/94"}],"wp:attachment":[{"href":"https:\/\/visitaloshaitises.com\/sr\/wp-json\/wp\/v2\/media?parent=11622"}],"wp:term":[{"taxonomy":"product_brand","embeddable":true,"href":"https:\/\/visitaloshaitises.com\/sr\/wp-json\/wp\/v2\/product_brand?post=11622"},{"taxonomy":"product_cat","embeddable":true,"href":"https:\/\/visitaloshaitises.com\/sr\/wp-json\/wp\/v2\/product_cat?post=11622"},{"taxonomy":"product_tag","embeddable":true,"href":"https:\/\/visitaloshaitises.com\/sr\/wp-json\/wp\/v2\/product_tag?post=11622"}],"curies":[{"name":"wp","href":"https:\/\/api.w.org\/{rel}","templated":true}]}}