{"id":604,"date":"2020-07-08T17:08:34","date_gmt":"2020-07-08T17:08:34","guid":{"rendered":"https:\/\/haitises.com\/?post_type=product&#038;p=604"},"modified":"2024-04-16T15:38:45","modified_gmt":"2024-04-16T15:38:45","slug":"tour-de-dia-completo-a-santo-domingo-desde-punta-cana-todo-incluido","status":"publish","type":"product","link":"https:\/\/visitaloshaitises.com\/sl\/private\/tour-de-dia-completo-a-santo-domingo-desde-punta-cana-todo-incluido\/","title":{"rendered":"Celodnevni izlet v Santo Domingo iz Punta Cane Vse vklju\u010deno"},"content":{"rendered":"<div class=\"vc_row wpb_row vc_row-fluid\" ><div class=\"wpb_column vc_column_container vc_col-sm-12\"><div class=\"vc_column-inner\"><div class=\"wpb_wrapper\"><div class=\"mkdf-section-title-holder\" style=\"text-align: left\">\n\t<div class=\"mkdf-st-inner\">\n\t\t\t\t\t<h5 class=\"mkdf-st-subtitle\" >\n\t\t\t\tTransporte &amp; Almuerzo incluidos\t\t\t<\/h5>\n\t\t\t\t\t\t\t<\/div>\n<\/div><\/div><\/div><\/div><\/div><div class=\"vc_row wpb_row vc_row-fluid\" ><div class=\"wpb_column vc_column_container vc_col-sm-12\"><div class=\"vc_column-inner\"><div class=\"wpb_wrapper\">\n\t<div class=\"wpb_text_column wpb_content_element\" >\n\t\t<div class=\"wpb_wrapper\">\n\t\t\t<h2>Tour de la ciudad de Santo Domingo desde Punta Cana. Excursi\u00f3n de un d\u00eda con todo incluido.<\/h2>\n<h3>Opis<\/h3>\n<p>Pase un d\u00eda en la Zona hist\u00f3rica Colonial de la ciudad m\u00e1s antigua de Am\u00e9rica Latina. Explore puntos de referencia y puntos destacados como la Plaza de Espa\u00f1a, el Palacio Nacional, el faro de Col\u00f3n y la Zona Colonial.<\/p>\n<p>Det\u00e9ngase en el Parque Nacional Los Tres Ojos y vea las cuevas subterr\u00e1neas y las lagunas utilizadas por los indios ta\u00ednos. Primero lo recoger\u00e1n de su hotel en autob\u00fas.<\/p>\n<p>El recorrido comenzar\u00e1 con la reuni\u00f3n de un gu\u00eda profesional que le brindar\u00e1 informaci\u00f3n sobre la isla y la cultura dominicana, la comida, la m\u00fasica y mucho m\u00e1s. El almuerzo en un restaurante t\u00edpico dominicano est\u00e1 incluido. \u00a1Este tour definitivamente te dar\u00e1 la verdadera historia de esta isla!<\/p>\n<p>Despu\u00e9s de esta experiencia, volver\u00e1 a la ubicaci\u00f3n donde se reunir\u00e1 con el gu\u00eda tur\u00edstico.<\/p>\n<h3>Vklju\u010ditve in izklju\u010ditve<\/h3>\n<h4>Vklju\u010dki<\/h4>\n<ol>\n<li>Almuerzo buffet<\/li>\n<li>Faro de Col\u00f3n<\/li>\n<li>Excursi\u00f3n de un d\u00eda a Santo Domingo<\/li>\n<li>Parque Nacional Los Tres Ojos<\/li>\n<li>La caminata de la zona colonial<\/li>\n<li>El palacio nacional<\/li>\n<li>La plaza de espa\u00f1a<\/li>\n<li>Todos los impuestos, tarifas y cargos por manejo<\/li>\n<li>Lokalni davki<\/li>\n<li>pija\u010de<\/li>\n<li>Aperitivos<\/li>\n<li>Lokalni vodnik<\/li>\n<\/ol>\n<h4>Izklju\u010ditve<\/h4>\n<ol>\n<li>Nasveti<\/li>\n<li>Alkoholne pija\u010de<\/li>\n<\/ol>\n<h3><em>Odhod in povratek<\/em><\/h3>\n<p>El viajero obtendr\u00e1 un punto de encuentro despu\u00e9s del proceso de reserva. Los recorridos comienzan y finalizan en sus puntos de encuentro.<\/p>\n<h3>Tour de la ciudad de Santo Domingo desde Punta Cana. Excursi\u00f3n de un d\u00eda con todo incluido.<\/h3>\n<h3><em>Kaj pri\u010dakovati?<\/em><\/h3>\n<p>Santo Domingo es una ciudad m\u00e1gica, llena de historia, cultura y paisajes incre\u00edbles. Camina por la capital m\u00e1s antigua del \u00abNuevo Mundo\u00bb; Santo Domingo es la primera ciudad fundada en Am\u00e9rica.<br \/>\nEn 1992, Santo Domingo, la ciudad m\u00e1s antigua de Am\u00e9rica, celebr\u00f3 su 500 aniversario de su descubrimiento por Crist\u00f3bal Col\u00f3n. Santo Domingo tiene la primera catedral, universidad y ayuntamiento del nuevo mundo. Todo el centro de la ciudad est\u00e1 repleto de edificios coloniales de los siglos XV y XVI.<br \/>\nEn este recorrido no solo visitar\u00e1 los edificios hist\u00f3ricos m\u00e1s importantes, sino tambi\u00e9n algunos museos y una cueva fascinante. \u00abLos Tres Ojos\u00bb es la primera parada donde ver\u00e1s una cueva para aprender sobre la vida de los indios ta\u00ednos.<\/p>\n<h3><em>Kaj morate prinesti?<\/em><\/h3>\n<ul>\n<li>Kamera<\/li>\n<li>Repelenti<\/li>\n<li>Crema solar<\/li>\n<li>Klobuk<\/li>\n<li>Udobne hla\u010de<\/li>\n<li>Zapatos de senderismo<\/li>\n<li>Sandali za pomladne predele.<\/li>\n<li>Kopalke<\/li>\n<\/ul>\n<h3><em>Prevzem iz hotela<\/em><\/h3>\n<p>Se ofrece recogida de viajeros!<\/p>\n<p>Recogemos de todos los hoteles en Punta Cana. La ubicaci\u00f3n de recogida es el vest\u00edbulo del hotel<br \/>\nSi se hospeda en un condominio en el \u00e1rea, lo recogeremos en el condominio o en la entrada del resort m\u00e1s cercano. Configuramos Recoger contactando con nosotros por Whatsapp.<\/p>\n<p><strong>Opomba:<\/strong> Si realiza la reserva dentro de las 24 horas de la hora de salida del tour \/ excursi\u00f3n, podemos organizar la recogida en el hotel. Una vez que se complete su compra, le enviaremos informaci\u00f3n de contacto completa (n\u00famero de tel\u00e9fono, direcci\u00f3n de correo electr\u00f3nico, etc.) para que nuestro gu\u00eda tur\u00edstico local organice los arreglos de recogida.<\/p>\n<h3><em>Potrditev dodatnih informacij<\/em><\/h3>\n<ul>\n<li>Vstopnice so potrdilo po pla\u010dilu tega izleta. Pla\u010dilo lahko prika\u017eete na telefonu.<\/li>\n<li>Zbirno mesto prejmemo po opravljeni rezervaciji.<\/li>\n<li>Otroci morajo biti v spremstvu odrasle osebe.<\/li>\n<li>Ni dostopno z invalidskim vozi\u010dkom<\/li>\n<li>Dojen\u010dki naj sedijo v naro\u010dju<\/li>\n<li>Ni priporo\u010dljivo za popotnike s te\u017eavami s hrbtom.<\/li>\n<li>Ni priporo\u010dljivo za nose\u010dnice.<\/li>\n<li>Brez te\u017eav s srcem ali drugih resnih zdravstvenih te\u017eav.<\/li>\n<li>Ve\u010dina popotnikov lahko sodeluje.<\/li>\n<\/ul>\n<h3><em>Politika odpovedi<\/em><\/h3>\n<p>Para obtener un reembolso completo, cancele al menos 24 horas antes de la fecha de inicio de la experiencia. Los fondos se perder\u00e1n si la reserva se cancela el mismo d\u00eda del viaje.<\/p>\n\n\t\t<\/div>\n\t<\/div>\n<\/div><\/div><\/div><\/div><div class=\"vc_row wpb_row vc_row-fluid\" ><div class=\"wpb_column vc_column_container vc_col-sm-12\"><div class=\"vc_column-inner\"><div class=\"wpb_wrapper\">\n\t<div class=\"wpb_video_widget wpb_content_element vc_clearfix   vc_video-aspect-ratio-169 vc_video-el-width-100 vc_video-align-left\" >\n\t\t<div class=\"wpb_wrapper\">\n\t\t\t<h2 class=\"wpb_heading wpb_video_heading\">Santo Domingo video:<\/h2>\n\t\t\t<div class=\"wpb_video_wrapper\"><iframe loading=\"lazy\" title=\"Santo Domingo, Capital City of the Dominican Republic | TRAVEL DIARY\" width=\"1100\" height=\"619\" src=\"https:\/\/www.youtube.com\/embed\/CixCl3alHJw?feature=oembed\" frameborder=\"0\" allow=\"accelerometer; autoplay; encrypted-media; gyroscope; picture-in-picture\" allowfullscreen><\/iframe><\/div>\n\t\t<\/div>\n\t<\/div>\n<\/div><\/div><\/div><\/div><div class=\"vc_row wpb_row vc_row-fluid\" ><div class=\"wpb_column vc_column_container vc_col-sm-12\"><div class=\"vc_column-inner\"><div class=\"wpb_wrapper\"><div class=\"vc_empty_space\"   style=\"height: 32px\"><span class=\"vc_empty_space_inner\"><\/span><\/div>\n\t<div class=\"wpb_text_column wpb_content_element\" >\n\t\t<div class=\"wpb_wrapper\">\n\t\t\t<h4>Cont\u00e1ctenos<\/h4>\n<h5>Reserva de aventuras<\/h5>\n<p><em><strong>Gu\u00edas tur\u00edsticos Locales y nacionales\u00a0 y servicios para hu\u00e9spedes<\/strong><\/em><\/p>\n<p>Rezervacije: Ogledi in izleti v Domu Rep.<\/p>\n<p>Tel\/Whatsapp +1-809-720-6035.<\/p>\n<p>info@bookingadventures.com.do<\/p>\n<p><strong>Izvajamo zasebne oglede s prilagodljivo konfiguracijo WhatsApp: +18097206035.<\/strong><\/p>\n\n\t\t<\/div>\n\t<\/div>\n<div class=\"vc_empty_space\"   style=\"height: 32px\"><span class=\"vc_empty_space_inner\"><\/span><\/div><\/div><\/div><\/div><\/div>","protected":false},"excerpt":{"rendered":"<p>Para experimentar verdaderamente la rica historia y cultura de la Rep\u00fablica Dominicana, \u00fanete a nosotros para un recorrido de todo el d\u00eda por Santo Domingo, la ciudad m\u00e1s antigua de Am\u00e9rica. Viajando en un autob\u00fas moderno, limpio y c\u00f3modo, ser\u00e1 entretenido por un gu\u00eda profesional que har\u00e1 que este viaje sea animado e informativo.<\/p>\n<p>Ver\u00e1 muchos sitios interesantes en el camino, incluido el r\u00edo Chavon, que ha aparecido en pel\u00edculas, como Apocalypse Now y Rambo. Visitando el Parque Nacional Los Tres Ojos y la Zona Colonial completa despu\u00e9s de un almuerzo buffet t\u00edpico.<\/p>\n<p><strong>Por favor seleccione la fecha para City Tour:<\/strong><\/p>","protected":false},"featured_media":364,"template":"","meta":[],"product_brand":[],"product_cat":[120,135,303,304,305,122,443],"product_tag":[306,307,308,309,310,311,312,313,314,315,316],"class_list":{"0":"post-604","1":"product","2":"type-product","3":"status-publish","4":"has-post-thumbnail","6":"product_cat-fees-entrace","7":"product_cat-lunch","8":"product_cat-santo-domingo-from-punta-cana","9":"product_cat-tours-excursion-santo-domingo","10":"product_cat-tours-and-excursion-punta-cana","11":"product_cat-tours-and-excursions","12":"product_cat-tours-y-excursiones-es","13":"product_tag-columbus-lighthouse","14":"product_tag-day-trip-santo-domingo","15":"product_tag-los-tres-ojos-national-park","16":"product_tag-los-tres-ojos-santo-domingo","17":"product_tag-santo-domingo-city-tour","18":"product_tag-santo-domingo-excursion","19":"product_tag-santo-domingo-tour","20":"product_tag-the-3-eyes","21":"product_tag-the-colonial-zone","22":"product_tag-the-national-palace","23":"product_tag-the-plaza-de-espana","25":"first","26":"instock","27":"sale","28":"sold-individually","29":"shipping-taxable","30":"product-type-external"},"_links":{"self":[{"href":"https:\/\/visitaloshaitises.com\/sl\/wp-json\/wp\/v2\/product\/604","targetHints":{"allow":["GET"]}}],"collection":[{"href":"https:\/\/visitaloshaitises.com\/sl\/wp-json\/wp\/v2\/product"}],"about":[{"href":"https:\/\/visitaloshaitises.com\/sl\/wp-json\/wp\/v2\/types\/product"}],"wp:featuredmedia":[{"embeddable":true,"href":"https:\/\/visitaloshaitises.com\/sl\/wp-json\/wp\/v2\/media\/364"}],"wp:attachment":[{"href":"https:\/\/visitaloshaitises.com\/sl\/wp-json\/wp\/v2\/media?parent=604"}],"wp:term":[{"taxonomy":"product_brand","embeddable":true,"href":"https:\/\/visitaloshaitises.com\/sl\/wp-json\/wp\/v2\/product_brand?post=604"},{"taxonomy":"product_cat","embeddable":true,"href":"https:\/\/visitaloshaitises.com\/sl\/wp-json\/wp\/v2\/product_cat?post=604"},{"taxonomy":"product_tag","embeddable":true,"href":"https:\/\/visitaloshaitises.com\/sl\/wp-json\/wp\/v2\/product_tag?post=604"}],"curies":[{"name":"wp","href":"https:\/\/api.w.org\/{rel}","templated":true}]}}