{"id":602,"date":"2020-07-06T21:08:32","date_gmt":"2020-07-06T21:08:32","guid":{"rendered":"https:\/\/haitises.com\/?post_type=product&#038;p=602"},"modified":"2024-04-16T16:45:03","modified_gmt":"2024-04-16T16:45:03","slug":"excursion-parque-nacional-salto-de-la-jalda-el-salto-mas-alto-de-el-caribe-272-pies","status":"publish","type":"product","link":"https:\/\/visitaloshaitises.com\/sl\/private\/izlet-nacionalni-park-salto-de-la-jalda-najvisji-slap-na-karibih-272-ft\/","title":{"rendered":"Izlet Nacionalni park Salto de la Jalda - najvi\u0161ji slap na Karibih 272 \u010devljev"},"content":{"rendered":"<div class=\"vc_row wpb_row vc_row-fluid\" ><div class=\"wpb_column vc_column_container vc_col-sm-12\"><div class=\"vc_column-inner\"><div class=\"wpb_wrapper\"><div class=\"mkdf-section-title-holder\" style=\"text-align: left\">\n\t<div class=\"mkdf-st-inner\">\n\t\t\t\t\t<h5 class=\"mkdf-st-subtitle\" >\n\t\t\t\tNajvi\u0161ji slap na Karibih 272 \u010devljev.\t\t\t<\/h5>\n\t\t\t\t\t\t\t\t\t<p class=\"mkdf-st-text\" >\n\t\t\t\tPohodni\u0161tvo ali jahanje\t\t\t<\/p>\n\t\t\t<\/div>\n<\/div><\/div><\/div><\/div><\/div><div class=\"vc_row wpb_row vc_row-fluid\" ><div class=\"wpb_column vc_column_container vc_col-sm-12\"><div class=\"vc_column-inner\"><div class=\"wpb_wrapper\">\n\t<div class=\"wpb_text_column wpb_content_element\" >\n\t\t<div class=\"wpb_wrapper\">\n\t\t\t<h2>Nacionalni park Salto de la Jalda<\/h2>\n<h3>Opis<\/h3>\n<p>To je zasebni izlet do slapov Salto de la Jalda z jahanjem ali pohodni\u0161tvom. Obisk gozda kakava in kave pod kokosovimi orehi. Ko prispete do slapov, se lahko kopate in dolo\u010dite \u010das z lokalnim vodnikom.<\/p>\n<p>U\u010dite se od doma\u010dinov in si zagotovite varno potovanje. Vstopnice si zagotovite \u0161e danes.<\/p>\n<ul>\n<li>Jahanje ali pohodni\u0161tvo<\/li>\n<li>Vodnik vsebuje navodila in nadzor.<\/li>\n<li>Pristojbine za obisk narodnega parka<\/li>\n<\/ul>\n<h3>Vklju\u010ditve in izklju\u010ditve<\/h3>\n<h4>Vklju\u010dki<\/h4>\n<ol>\n<li>Izlet pe\u0161 ali na konju<\/li>\n<li>Vsi davki, pristojbine in stro\u0161ki<\/li>\n<li>Lokalni davki<\/li>\n<li>pija\u010de<\/li>\n<li>Vse dejavnosti<\/li>\n<li>Lokalni vodnik<\/li>\n<\/ol>\n<h4>Izklju\u010ditve<\/h4>\n<ol>\n<li>Nasveti<\/li>\n<li>Transport<\/li>\n<li>Kosilo<\/li>\n<li>Alkoholne pija\u010de<\/li>\n<\/ol>\n<h3><em>Odhod in povratek<\/em><\/h3>\n<p>Po opravljeni rezervaciji bo potnik dobil zbirali\u0161\u010de. Ogledi se za\u010dnejo in kon\u010dajo na na\u0161ih zbirali\u0161\u010dih.<\/p>\n<h2>Pohod v nacionalni park Salto de la Jalda<\/h2>\n<h3><em>Kaj pri\u010dakovati?<\/em><\/h3>\n<p>Kupite vstopnice za obisk najvi\u0161jih slapov na Karibih. El Salto la Jalda Pohodni\u0161tvo ali jahanje.<\/p>\n<p>El recorrido, organizado por \u00abBooking Adventures\u00bb comienza en el punto de encuentro establecido con el gu\u00eda tur\u00edstico. Para comenzar nuestro recorrido, nos encontramos en Sabana de la Mar. Luego nos subimos al veh\u00edculo que conducimos 25 minutos a la Comunidad Magua. Donde nos encontraremos con nuestros gu\u00edas locales de senderismo. Dejando su veh\u00edculo en un lugar de estacionamiento seguro, vamos a caballo o a pie al Parque Nacional Salto de La Jalda, con un tiempo de tres horas para llegar all\u00ed.<\/p>\n<p>6,5 kilometra dolga pot je dolga izku\u0161nja v dominikanskem gozdu, ki vodi skozi gozdove kakava, kokosa in kave. Na celotnem potovanju se bomo pribli\u017eali reki Magua in jo brez ve\u010djih te\u017eav pre\u010dkali pribli\u017eno osemkrat.<\/p>\n<p>Skoraj celotna pot je v senci velikega kakavovega gozda, ki so ga zasadili, preden je bilo obmo\u010dje razgla\u0161eno za narodni park Salto de La Jalda. Na tem prvem delu ekoturisti\u010dne pustolov\u0161\u010dine lahko u\u017eivate v pti\u010djem petju, \u0161umenju dero\u010de vode, ve\u010dinoma ravnem terenu in vsem zelenem rastlinju.<\/p>\n<p>Poleg kakavovca na obmo\u010dju narodnega parka La Jalda so na voljo tudi nasadi kave. Skoraj do slapu se ustavimo pri hi\u0161i avtohtonih \u010duvajev parka skupnosti Magua, ki so dodeljeni narodnemu parku La Jalda. Tam si lahko privo\u0161\u010dite kratek po\u010ditek, od koder se odpira neverjeten razgled na slap La Jalda.<\/p>\n<p>Pot bomo nadaljevali do slapov, se tam kopali in se po nekaj urah po isti poti vrnili do vozila. To je ekstremna pustolov\u0161\u010dina. \u010ce niste primerni za pohodni\u0161tvo, morate jahati konja.<\/p>\n<h3><em>Kaj morate prinesti?<\/em><\/h3>\n<ul>\n<li>Kamera<\/li>\n<li>Repelenti<\/li>\n<li>krema za son\u010denje<\/li>\n<li>Klobuk<\/li>\n<li>Udobne hla\u010de<\/li>\n<li>Gozdni pohodni \u010devlji<\/li>\n<li>Kopalke<\/li>\n<li>Dodatna steklenica vode<\/li>\n<li>Kosilo ali prigrizki<\/li>\n<\/ul>\n<h3><em>Prevzem iz hotela<\/em><\/h3>\n<p>Prevzem iz hotela za to turnejo ni na voljo.<\/p>\n<p><strong>Opomba:<\/strong> \u010ce rezervacijo opravite v 24 urah pred odhodom na izlet\/izlet, lahko za dopla\u010dilo organiziramo prevzem v hotelu. Ko bo va\u0161 nakup opravljen, vam bomo poslali vse kontaktne podatke (telefonsko \u0161tevilko, e-po\u0161tni naslov itd.) za na\u0161ega lokalnega turisti\u010dnega vodnika, ki bo poskrbel za organizacijo prevzema.<\/p>\n<h3><em>Potrditev dodatnih informacij<\/em><\/h3>\n<ul>\n<li>Vstopnice so potrdilo po pla\u010dilu tega izleta. Pla\u010dilo lahko prika\u017eete na telefonu.<\/li>\n<li>Zbirno mesto prejmemo po opravljeni rezervaciji.<\/li>\n<li>Otroci morajo biti v spremstvu odrasle osebe.<\/li>\n<li>Ni dostopno z invalidskim vozi\u010dkom<\/li>\n<li>Dojen\u010dki na tem potovanju niso dovoljeni<\/li>\n<li>Ni priporo\u010dljivo za popotnike s te\u017eavami s hrbtom.<\/li>\n<li>Ni priporo\u010dljivo za nose\u010dnice.<\/li>\n<li>Brez te\u017eav s srcem ali drugih resnih zdravstvenih te\u017eav.<\/li>\n<li>Ve\u010dina popotnikov lahko sodeluje.<\/li>\n<\/ul>\n<h3><em>Politika odpovedi<\/em><\/h3>\n<p>\u010ce \u017eelite povrniti celotno kupnino, prekli\u010dite vsaj 24 ur pred za\u010detnim datumom izku\u0161nje.<\/p>\n\n\t\t<\/div>\n\t<\/div>\n<\/div><\/div><\/div><\/div><div class=\"vc_row wpb_row vc_row-fluid\" ><div class=\"wpb_column vc_column_container vc_col-sm-12\"><div class=\"vc_column-inner\"><div class=\"wpb_wrapper\">\n\t<div class=\"wpb_text_column wpb_content_element\" >\n\t\t<div class=\"wpb_wrapper\">\n\t\t\t<h4>Kontaktirajte nas?<\/h4>\n<h5>Rezervacije avanture<\/h5>\n<p><em>Turisti\u010dni vodniki <strong>Prostori<\/strong> in <strong>nacionalni<\/strong> in storitve za goste<\/em><\/p>\n<p>Rezervacije: Ogledi in izleti v Domu Rep.<\/p>\n<p>Tel\/Whatsapp +1-809-720-6035.<\/p>\n<p>info@bookingadventures.com.do<\/p>\n<p>Izvajamo zasebne oglede s prilagodljivo konfiguracijo WhatsApp: +18097206035.<\/p>\n\n\t\t<\/div>\n\t<\/div>\n<\/div><\/div><\/div><\/div>","protected":false},"excerpt":{"rendered":"<p>Ekstremna pustolov\u0161\u010dina do najvi\u0161jega slapa na Karibih. Z doma\u010dini se odpravite na pohod ali jahanje do slapu. Spoznajte pravi dominikanski gozdni na\u010din \u017eivljenja. Obi\u0161\u010dite najve\u010dje gozdne nasade kakavovca v Dominikanski republiki in z doma\u010dimi vodniki spoznajte to zgodovino.<\/p>\n<p>Z rezervacijo tega potovanja podpirate Familias de Magua, Comunidad Sabana de la Mar. Kjer vse leto ni turistov. Denar ostane doma\u010dinom.<\/p>\n<p><strong>Izberite datum ogleda:<\/strong><\/p>","protected":false},"featured_media":62,"template":"","meta":[],"product_brand":[],"product_cat":[95,96,97,98,99,443,100],"product_tag":[101,102,103,104,105,106,107,108,109,110,111,112,113,114,115,116,117,118],"class_list":{"0":"post-602","1":"product","2":"type-product","3":"status-publish","4":"has-post-thumbnail","6":"product_cat-hike-to-miches-la-jalda-waterfall-waterfalls","7":"product_cat-hiking","8":"product_cat-horse-riding-to-waterfalls","9":"product_cat-local-tour-guides","10":"product_cat-swimming-natural-springs","11":"product_cat-tours-y-excursiones-es","12":"product_cat-waterfalls","13":"product_tag-higthest-waterfall-in-the-caribean","14":"product_tag-hike-la-jalda","15":"product_tag-hike-to-miches-la-jalda-waterfall-waterfalls","16":"product_tag-hiking","17":"product_tag-la-jalda-excursions","18":"product_tag-la-jalda-horses","19":"product_tag-la-jalda-national-park","20":"product_tag-la-jalda-waterfall","21":"product_tag-leaping","22":"product_tag-leaping-jalda","23":"product_tag-magua","24":"product_tag-magua-la-jalda","25":"product_tag-miches","26":"product_tag-sabana-de-la-mar","27":"product_tag-salto-de-la-jalda","28":"product_tag-salto-la-jalda-sabana-de-la-mar","29":"product_tag-salto-la-jalda-tours","30":"product_tag-waterfalls","32":"first","33":"instock","34":"sale","35":"featured","36":"sold-individually","37":"shipping-taxable","38":"product-type-external"},"_links":{"self":[{"href":"https:\/\/visitaloshaitises.com\/sl\/wp-json\/wp\/v2\/product\/602","targetHints":{"allow":["GET"]}}],"collection":[{"href":"https:\/\/visitaloshaitises.com\/sl\/wp-json\/wp\/v2\/product"}],"about":[{"href":"https:\/\/visitaloshaitises.com\/sl\/wp-json\/wp\/v2\/types\/product"}],"wp:featuredmedia":[{"embeddable":true,"href":"https:\/\/visitaloshaitises.com\/sl\/wp-json\/wp\/v2\/media\/62"}],"wp:attachment":[{"href":"https:\/\/visitaloshaitises.com\/sl\/wp-json\/wp\/v2\/media?parent=602"}],"wp:term":[{"taxonomy":"product_brand","embeddable":true,"href":"https:\/\/visitaloshaitises.com\/sl\/wp-json\/wp\/v2\/product_brand?post=602"},{"taxonomy":"product_cat","embeddable":true,"href":"https:\/\/visitaloshaitises.com\/sl\/wp-json\/wp\/v2\/product_cat?post=602"},{"taxonomy":"product_tag","embeddable":true,"href":"https:\/\/visitaloshaitises.com\/sl\/wp-json\/wp\/v2\/product_tag?post=602"}],"curies":[{"name":"wp","href":"https:\/\/api.w.org\/{rel}","templated":true}]}}