{"id":600,"date":"2020-07-04T19:39:50","date_gmt":"2020-07-04T19:39:50","guid":{"rendered":"https:\/\/haitises.com\/?post_type=product&#038;p=600"},"modified":"2024-04-16T17:14:51","modified_gmt":"2024-04-16T17:14:51","slug":"excursion-paravelismo-desde-punta-cana-30-usd","status":"publish","type":"product","link":"https:\/\/visitaloshaitises.com\/sl\/private\/excursion-paravelismo-desde-punta-cana-30-usd\/","title":{"rendered":"Izlet z jadralnim padalom iz Punta Cane 30 USD"},"content":{"rendered":"<div class=\"vc_row wpb_row vc_row-fluid\" ><div class=\"wpb_column vc_column_container vc_col-sm-12\"><div class=\"vc_column-inner\"><div class=\"wpb_wrapper\">\n\t<div class=\"wpb_text_column wpb_content_element\" >\n\t\t<div class=\"wpb_wrapper\">\n\t\t\t<p>oz<\/p>\n\n\t\t<\/div>\n\t<\/div>\n<\/div><\/div><\/div><\/div><div class=\"vc_row wpb_row vc_row-fluid\" ><div class=\"wpb_column vc_column_container vc_col-sm-12\"><div class=\"vc_column-inner\"><div class=\"wpb_wrapper\"><div class=\"mkdf-section-title-holder\" style=\"text-align: left\">\n\t<div class=\"mkdf-st-inner\">\n\t\t\t\t\t<h5 class=\"mkdf-st-subtitle\" >\n\t\t\t\tDesde los hoteles de Punta Cana\t\t\t<\/h5>\n\t\t\t\t\t\t\t\t\t<p class=\"mkdf-st-text\" >\n\t\t\t\tNota: Este recorrido comienza a las 7:00 am. Dependiendo de d\u00f3nde est\u00e9 el horario de recogida de los hoteles, puede cambiar. Costo adicional para recoger en \u00e1reas no incluidas en nuestra descripci\u00f3n\t\t\t<\/p>\n\t\t\t<\/div>\n<\/div><\/div><\/div><\/div><\/div><div class=\"vc_row wpb_row vc_row-fluid\" ><div class=\"wpb_column vc_column_container vc_col-sm-12\"><div class=\"vc_column-inner\"><div class=\"wpb_wrapper\"><div class=\"vc_empty_space\"   style=\"height: 32px\"><span class=\"vc_empty_space_inner\"><\/span><\/div><\/div><\/div><\/div><\/div><div class=\"vc_row wpb_row vc_row-fluid\" ><div class=\"wpb_column vc_column_container vc_col-sm-12\"><div class=\"vc_column-inner\"><div class=\"wpb_wrapper\">\n\t<div class=\"wpb_text_column wpb_content_element\" >\n\t\t<div class=\"wpb_wrapper\">\n\t\t\t<h2>Tour de paravelismo (parasailing) desde Punta Cana<\/h2>\n<h3>Opis<\/h3>\n<p>Parasail sobre la costa de Punta Cana \/ B\u00e1varo durante esta actividad de 40 minutos que sale de Punta Cana. Benef\u00edciese de la experiencia de una de las compa\u00f1\u00edas de parasail m\u00e1s experimentadas en la Rep\u00fablica Dominicana, con m\u00e1s de 60,000 vuelos desde 2001. Obtenga impresionantes vistas de las playas, aguas turquesas y complejos en expansi\u00f3n que bordean la costa mientras vuelan cientos de pies en el aire. Trae bloqueador solar, traje de ba\u00f1o y una sensaci\u00f3n de aventura. Recorrido a\u00e9reo panor\u00e1mico Viaje en bote y vea las vistas desde el agua Elecci\u00f3n de la salida de la ma\u00f1ana o la tarde Recogida y regreso gratis al hotel incluido.<\/p>\n<ul>\n<li>Elecci\u00f3n de varias salidas a lo largo del d\u00eda.<\/li>\n<li>Disfruta de fant\u00e1sticas vistas a\u00e9reas<\/li>\n<li>En Familia y amigos<\/li>\n<li>Recogida desde un punto de encuentro ubicado en el centro<\/li>\n<li>Experiencia rom\u00e1ntica, perfecta para parejas.<\/li>\n<\/ul>\n<h3>Vklju\u010ditve in izklju\u010ditve<\/h3>\n<h4>Vklju\u010dki<\/h4>\n<ol>\n<li>Tour de paracaidismo<\/li>\n<li>Recogida en autob\u00fas desde su hotel<\/li>\n<li>Vsi davki, pristojbine in stro\u0161ki<\/li>\n<li>pija\u010de<\/li>\n<\/ol>\n<h4>Izklju\u010ditve<\/h4>\n<ol>\n<li>Nasveti<\/li>\n<li>Kosilo<\/li>\n<\/ol>\n<h3><em>Odhod in povratek<\/em><\/h3>\n<p>Po opravljeni rezervaciji bo potnik dobil zbirali\u0161\u010de. Ogledi se za\u010dnejo in kon\u010dajo na na\u0161ih zbirali\u0161\u010dih.<\/p>\n<h3><em>Kaj pri\u010dakovati?<\/em><\/h3>\n<p>Imagine que se eleva 150 pies en el aire, el viento fresco acaricia su rostro mientras se relaja con una vista espectacular de la costa de B\u00e1varo &#8211; Punta Cana. Deja de imaginar y \u00fanete a nosotros en el emocionante viaje real, una experiencia verdaderamente inolvidable. Solo necesita protector solar y traje de ba\u00f1o, mientras disfruta de la emoci\u00f3n del viaje. Vuela con la principal compa\u00f1\u00eda de parasail de la Rep\u00fablica Dominicana. Con m\u00e1s de 60,000 vuelos desde 2001, nuestros capitanes y tripulaci\u00f3n calificados se encuentran entre los m\u00e1s experimentados en el negocio.<\/p>\n<p><strong>Calendario:<\/strong><\/p>\n<p>7:00 AM &#8211; 7:00 PM &#8230; Cambio de hora dependiendo de d\u00f3nde se encuentre en Punta Cana.<\/p>\n<h3><em>Kaj morate prinesti?<\/em><\/h3>\n<ul>\n<li>Kamera<\/li>\n<li>Repelenti<\/li>\n<li>krema za son\u010denje<\/li>\n<li>Klobuk<\/li>\n<li>Udobne hla\u010de<\/li>\n<li>Gozdni pohodni \u010devlji<\/li>\n<li>Sandalias a la playa<\/li>\n<li>Kopalke<\/li>\n<li>Efectivo para souvenirs<\/li>\n<\/ul>\n<h3><em>Prevzem iz hotela<\/em><\/h3>\n<p>\u00a1Se ofrece recogida de viajeros!<\/p>\n<p>Recogemos de todos los hoteles en Punta Cana. La ubicaci\u00f3n de recogida es el vest\u00edbulo del hotel<br \/>\nSi se hospeda en un condominio en el \u00e1rea, lo recogeremos en el condominio o en la entrada del resort m\u00e1s cercano. Configuramos Recoger contactando con nosotros por Whatsapp.<\/p>\n<p><strong>Opomba:<\/strong> Si realiza la reserva dentro de las 24 horas del horario de salida del tour \/ excursi\u00f3n, podemos organizar la recogida en el hotel. Una vez que se complete su compra, le enviaremos informaci\u00f3n de contacto completa (n\u00famero de tel\u00e9fono, direcci\u00f3n de correo electr\u00f3nico, etc.) para que nuestro gu\u00eda tur\u00edstico local organice los arreglos de recogida.<\/p>\n<h3><em>Potrditev dodatnih informacij<\/em><\/h3>\n<ul>\n<li>Vstopnice so potrdilo po pla\u010dilu tega izleta. Pla\u010dilo lahko prika\u017eete na telefonu.<\/li>\n<li>Zbirno mesto prejmemo po opravljeni rezervaciji.<\/li>\n<li>Otroci morajo biti v spremstvu odrasle osebe.<\/li>\n<li>Accesible a silla de ruedas<\/li>\n<li>Dojen\u010dki naj sedijo v otro\u0161kem sede\u017eu ali z odraslim<\/li>\n<li>Ve\u010dina popotnikov lahko sodeluje.<\/li>\n<\/ul>\n<h3><em>Politika odpovedi<\/em><\/h3>\n<p>\u010ce \u017eelite povrniti celotno kupnino, prekli\u010dite vsaj 24 ur pred za\u010detnim datumom izku\u0161nje.<\/p>\n\n\t\t<\/div>\n\t<\/div>\n<\/div><\/div><\/div><\/div><div class=\"vc_row wpb_row vc_row-fluid\" ><div class=\"wpb_column vc_column_container vc_col-sm-12\"><div class=\"vc_column-inner\"><div class=\"wpb_wrapper\"><div class=\"vc_empty_space\"   style=\"height: 32px\"><span class=\"vc_empty_space_inner\"><\/span><\/div>\n\t<div class=\"wpb_text_column wpb_content_element\" >\n\t\t<div class=\"wpb_wrapper\">\n\t\t\t<h4>Cont\u00e1ctenos<\/h4>\n<h5>Rezervacije avanture<\/h5>\n<p><em>Turisti\u010dni vodniki <strong>lokalni<\/strong> in <strong>nacionalni<\/strong> in storitve za goste<\/em><\/p>\n<p>Rezervacije: Ogledi in izleti v Domu Rep.<\/p>\n<p>Tel\/Whatsapp +1-809-720-6035.<\/p>\n<p>info@bookingadventures.com.do<\/p>\n<p>Izvajamo zasebne oglede s prilagodljivo konfiguracijo WhatsApp: +18097206035.<\/p>\n\n\t\t<\/div>\n\t<\/div>\n<div class=\"vc_empty_space\"   style=\"height: 32px\"><span class=\"vc_empty_space_inner\"><\/span><\/div><\/div><\/div><\/div><\/div>","protected":false},"excerpt":{"rendered":"<p>Parasailing en Punta Cana es una aventura incre\u00edble y una de las mejores cosas que hacer en Punta Cana. La costa desde 200 pies en el aire, mientras navegas, es absolutamente impresionante.<\/p>\n<p>Parasailing es una experiencia simple y divertida para todos los miembros de la familia. Como la principal compa\u00f1\u00eda de parasail y aventura en la Rep\u00fablica Dominicana, nuestro equipo de paravelismo se encuentra entre los m\u00e1s experimentados en Punta Cana, con m\u00e1s de 16 a\u00f1os de experiencia en vuelos. Puede disfrutar de unos 15 minutos de vuelo mientras disfruta de la hermosa vista panor\u00e1mica.<\/p>\n<p><strong>Izberite datum ogleda:<\/strong><\/p>","protected":false},"featured_media":451,"template":"","meta":[],"product_brand":[],"product_cat":[359,305,122,443,259],"product_tag":[167,360,361,141,362,228,171],"class_list":{"0":"post-600","1":"product","2":"type-product","3":"status-publish","4":"has-post-thumbnail","6":"product_cat-parasaling","7":"product_cat-tours-and-excursion-punta-cana","8":"product_cat-tours-and-excursions","9":"product_cat-tours-y-excursiones-es","10":"product_cat-tours-excursions-punta-cana-dominican-republic","11":"product_tag-catamaran","12":"product_tag-parasail-punta-cana","13":"product_tag-parasailing-in-punta-cana","14":"product_tag-punta-cana","15":"product_tag-punta-cana-catamaran-party-with-snorkeling-and-parasailing","16":"product_tag-punta-cana-tours","17":"product_tag-saona-island","19":"first","20":"instock","21":"sale","22":"featured","23":"sold-individually","24":"shipping-taxable","25":"product-type-external"},"_links":{"self":[{"href":"https:\/\/visitaloshaitises.com\/sl\/wp-json\/wp\/v2\/product\/600","targetHints":{"allow":["GET"]}}],"collection":[{"href":"https:\/\/visitaloshaitises.com\/sl\/wp-json\/wp\/v2\/product"}],"about":[{"href":"https:\/\/visitaloshaitises.com\/sl\/wp-json\/wp\/v2\/types\/product"}],"wp:featuredmedia":[{"embeddable":true,"href":"https:\/\/visitaloshaitises.com\/sl\/wp-json\/wp\/v2\/media\/451"}],"wp:attachment":[{"href":"https:\/\/visitaloshaitises.com\/sl\/wp-json\/wp\/v2\/media?parent=600"}],"wp:term":[{"taxonomy":"product_brand","embeddable":true,"href":"https:\/\/visitaloshaitises.com\/sl\/wp-json\/wp\/v2\/product_brand?post=600"},{"taxonomy":"product_cat","embeddable":true,"href":"https:\/\/visitaloshaitises.com\/sl\/wp-json\/wp\/v2\/product_cat?post=600"},{"taxonomy":"product_tag","embeddable":true,"href":"https:\/\/visitaloshaitises.com\/sl\/wp-json\/wp\/v2\/product_tag?post=600"}],"curies":[{"name":"wp","href":"https:\/\/api.w.org\/{rel}","templated":true}]}}