{"id":565,"date":"2020-06-27T16:23:17","date_gmt":"2020-06-27T16:23:17","guid":{"rendered":"https:\/\/haitises.com\/?post_type=product&#038;p=565"},"modified":"2024-04-17T17:12:17","modified_gmt":"2024-04-17T17:12:17","slug":"excursion-a-los-27-charcos-de-damajagua","status":"publish","type":"product","link":"https:\/\/visitaloshaitises.com\/sl\/private\/excursion-a-los-27-charcos-de-damajagua\/","title":{"rendered":"Ekskurzija v 27 Charcos iz Damajagua"},"content":{"rendered":"<div class=\"vc_row wpb_row vc_row-fluid\" ><div class=\"wpb_column vc_column_container vc_col-sm-12\"><div class=\"vc_column-inner\"><div class=\"wpb_wrapper\"><div class=\"mkdf-section-title-holder\" style=\"text-align: left\">\n\t<div class=\"mkdf-st-inner\">\n\t\t\t\t\t<h5 class=\"mkdf-st-subtitle\" >\n\t\t\t\tAlmuerzo Inclu\u00eddo\t\t\t<\/h5>\n\t\t\t\t\t\t\t<\/div>\n<\/div><\/div><\/div><\/div><\/div><div class=\"vc_row wpb_row vc_row-fluid\" ><div class=\"wpb_column vc_column_container vc_col-sm-12\"><div class=\"vc_column-inner\"><div class=\"wpb_wrapper\">\n\t<div class=\"wpb_text_column wpb_content_element\" >\n\t\t<div class=\"wpb_wrapper\">\n\t\t\t<h2>27 Cascadas de Damajagua Tour desde Puerto Plata. Excursi\u00f3n de medio d\u00eda.<\/h2>\n<h5>27 Charcos de Damajagua Excursi\u00f3n desde Puerto Plata. Tour de medio d\u00eda.<\/h5>\n<h3>Opis<\/h3>\n<p>Obtenga sus entradas para una excursi\u00f3n de medio d\u00eda aqu\u00ed en los 27 Charcos de Damajagua. Las entradas con almuerzo y excursi\u00f3n incluyen saltar y nadar en las cascadas m\u00e1s hermosas de la Rep\u00fablica Dominicana. Senderismo y nataci\u00f3n con equipo de seguridad para tener la mejor experiencia de su vida!<\/p>\n<p>Despu\u00e9s de esta experiencia, volver\u00e1 a la ubicaci\u00f3n donde se reunir\u00e1 con el gu\u00eda tur\u00edstico.<\/p>\n<ul>\n<li>Davki vklju\u010deni<\/li>\n<li>Kosilo<\/li>\n<li>Aperitivos<\/li>\n<li>Gu\u00eda de turismo local en ingl\u00e9s<\/li>\n<\/ul>\n<h3>Vklju\u010ditve in izklju\u010ditve<\/h3>\n<h4>Vklju\u010dki<\/h4>\n<ol>\n<li>27 cascadas de Damajagua<\/li>\n<li>Kosilo<\/li>\n<li>Todos los impuestos, tarifas y cargos por manejo<\/li>\n<li>Lokalni davki<\/li>\n<li>pija\u010de<\/li>\n<li>Aperitivos<\/li>\n<li>Vse dejavnosti<\/li>\n<li>Lokalni vodnik<\/li>\n<\/ol>\n<h4>Izklju\u010ditve<\/h4>\n<ol>\n<li>Nasveti<\/li>\n<li>Transporte (establecido al contactarnos)<\/li>\n<li>Alkoholne pija\u010de<\/li>\n<\/ol>\n<h3><em>Odhod in povratek<\/em><\/h3>\n<p>El viajero obtendr\u00e1 un punto de encuentro despu\u00e9s del proceso de reserva. Los recorridos comienzan y finalizan en sus puntos de encuentro.<\/p>\n<p>27 Cascadas de Damajagua Tour desde Puerto Plata.<\/p>\n<h3><em>Kaj pri\u010dakovati?<\/em><\/h3>\n<p>Descubra las aisladas cascadas de Damajagua, escondidas en las colinas del Corredor Norte de la Rep\u00fablica Dominicana, en esta excursi\u00f3n de un d\u00eda desde Puerto Plata. Explore las veintisiete ca\u00eddas v\u00edrgenes, que caen en cascada sobre la piedra caliza, con su gu\u00eda local. Obtenga una breve sesi\u00f3n informativa de seguridad, luego salte, nade y desl\u00edcese por toboganes naturales.<br \/>\nAlmuerzo y bebidas inclu\u00eddas. Una caminata moderada de 40 minutos cuesta arriba a trav\u00e9s de un hermoso paisaje selv\u00e1tico lo lleva a la cascada 12 o, si est\u00e1 en excelente estado f\u00edsico, elija caminar hasta la cima de las 27 cascadas (aproximadamente 70 minutos) y experimentarlo todo .<br \/>\nDe cualquier manera, tu verdadera diversi\u00f3n comienza cuando volvemos r\u00edo abajo y saltas, te deslizas y nadas a trav\u00e9s de una serie de espectaculares cascadas, ca\u00f1ones y piscinas azules, emergiendo con una sonrisa tonta en la cara y recuerdos incre\u00edbles para atesorar. Los recorridos incluyen saltos de hasta 25 pies (8 metros), pero no se preocupe, los grandes tienen otra forma de bajar si no quiere saltar.<br \/>\nDespu\u00e9s de una caminata de 15 minutos de regreso al campamento base y de ponerse ropa seca, disfrute de un delicioso y variado almuerzo buffet dominicano, que incluye cosas como pollo y cerdo a la parrilla, guisos, arroz, pasta y ensaladas.<br \/>\nSe incluyen bebidas locales de ron, gaseosas y agua (cerveza disponible pero no inclu\u00edda). Despu\u00e9s de la comida, desp\u00eddase de los gu\u00edas locales y su mejor experiencia se tendr\u00e1 en cuenta y fotos o videos para el resto de su vida.<\/p>\n<h3><em>Kaj morate prinesti?<\/em><\/h3>\n<ul>\n<li>Kamera<\/li>\n<li>Repelenti<\/li>\n<li>Crema solar<\/li>\n<li>Klobuk<\/li>\n<li>Udobne hla\u010de<\/li>\n<li>Gozdni pohodni \u010devlji<\/li>\n<li>Sandali za pomladne predele.<\/li>\n<li>Kopalke<\/li>\n<\/ul>\n<h3><em>Prevzem iz hotela<\/em><\/h3>\n<p>No se ofrece la recogida en el hotel para este tour. Configuramos recogida contact\u00e1ndonos por Whatsapp +1 809-720-6035.<\/p>\n<p><strong>Opomba<\/strong>: Si realiza la reserva dentro de las 24 horas de la hora de salida del tour \/ excursi\u00f3n, podemos organizar la recogida en el hotel con cargos adicionales. Una vez que se complete su compra, le enviaremos informaci\u00f3n de contacto completa (n\u00famero de tel\u00e9fono, direcci\u00f3n de correo electr\u00f3nico, etc.) para que nuestro gu\u00eda tur\u00edstico local organice los arreglos de recogida.<\/p>\n<h3><em>Potrditev dodatnih informacij<\/em><\/h3>\n<ul>\n<li>Vstopnice so potrdilo po pla\u010dilu tega izleta. Pla\u010dilo lahko prika\u017eete na telefonu.<\/li>\n<li>Zbirno mesto prejmemo po opravljeni rezervaciji.<\/li>\n<li>Otroci morajo biti v spremstvu odrasle osebe.<\/li>\n<li>Ni dostopno z invalidskim vozi\u010dkom<\/li>\n<li>Dojen\u010dki naj sedijo v otro\u0161kem sede\u017eu ali z odraslim<\/li>\n<li>Ni priporo\u010dljivo za popotnike s te\u017eavami s hrbtom.<\/li>\n<li>Ni priporo\u010dljivo za nose\u010dnice.<\/li>\n<li>Brez te\u017eav s srcem ali drugih resnih zdravstvenih te\u017eav.<\/li>\n<li>Ve\u010dina popotnikov lahko sodeluje.<\/li>\n<\/ul>\n<h3><em>Politika odpovedi<\/em><\/h3>\n<p>Para obtener un reembolso completo, cancele al menos 24 horas antes de la fecha de inicio de la experiencia. Los fondos se perder\u00e1n si la reserva se cancela el mismo d\u00eda del viaje.<\/p>\n\n\t\t<\/div>\n\t<\/div>\n<\/div><\/div><\/div><\/div><div class=\"vc_row wpb_row vc_row-fluid\" ><div class=\"wpb_column vc_column_container vc_col-sm-12\"><div class=\"vc_column-inner\"><div class=\"wpb_wrapper\">\n\t<div class=\"wpb_video_widget wpb_content_element vc_clearfix   vc_video-aspect-ratio-169 vc_video-el-width-100 vc_video-align-left\" >\n\t\t<div class=\"wpb_wrapper\">\n\t\t\t<h2 class=\"wpb_heading wpb_video_heading\">27 slapov Damajagua Tour iz Puerto Plata:<\/h2>\n\t\t\t<div class=\"wpb_video_wrapper\"><iframe loading=\"lazy\" title=\"27 slapov Damajagua z Booking Adventures &amp; Travel Dominikanska republika\" width=\"1100\" height=\"619\" src=\"https:\/\/www.youtube.com\/embed\/AVNh_we_RQE?start=17&feature=oembed\" frameborder=\"0\" allow=\"accelerometer; autoplay; encrypted-media; gyroscope; picture-in-picture\" allowfullscreen><\/iframe><\/div>\n\t\t<\/div>\n\t<\/div>\n<\/div><\/div><\/div><\/div><div class=\"vc_row wpb_row vc_row-fluid\" ><div class=\"wpb_column vc_column_container vc_col-sm-12\"><div class=\"vc_column-inner\"><div class=\"wpb_wrapper\"><div class=\"vc_empty_space\"   style=\"height: 32px\"><span class=\"vc_empty_space_inner\"><\/span><\/div>\n\t<div class=\"wpb_text_column wpb_content_element\" >\n\t\t<div class=\"wpb_wrapper\">\n\t\t\t<h4>Cont\u00e1ctenos<\/h4>\n<h5>Rezervacije avanture<\/h5>\n<p><strong><em>Lokalni in nacionalni turisti\u010dni vodniki ter storitve za goste<\/em><\/strong><\/p>\n<p>Rezervacije: Ogledi in izleti v Domu Rep.<\/p>\n<p>Tel\/Whatsapp +1-809-720-6035.<\/p>\n<p>info@bookingadventures.com.do<\/p>\n<p>Izvajamo zasebne oglede s prilagodljivo konfiguracijo WhatsApp: +18097206035.<\/p>\n\n\t\t<\/div>\n\t<\/div>\n<div class=\"vc_empty_space\"   style=\"height: 32px\"><span class=\"vc_empty_space_inner\"><\/span><\/div><\/div><\/div><\/div><\/div>","protected":false},"excerpt":{"rendered":"<p>Esta excursi\u00f3n a las 27 cascadas de Damajagua en Puerto Plata, almuerzo y excursi\u00f3n por las 27 cascadas, senderismo y salto al r\u00edo.<\/p>\n<p>Viaje ecol\u00f3gico a las 27 cascadas de Puerto Plata. Obtenga sus entradas para una excursi\u00f3n de medio d\u00eda aqu\u00ed en los 27 charcos de Damajagua. Las entradas con almuerzo y excursi\u00f3n incluyen saltar y nadar en las cascadas m\u00e1s hermosas de la Rep\u00fablica Dominicana. Senderismo y nataci\u00f3n con equipo de seguridad para tener la mejor experiencia de su vida!<\/p>\n<p><strong>Izberite datum ogleda:<\/strong><\/p>","protected":false},"featured_media":271,"template":"","meta":[],"product_brand":[],"product_cat":[239,240,120,96,135,122,443,241,100],"product_tag":[242,243,244,245,246,247,248,249,250,251,252,253,254,255,256,257,258],"class_list":{"0":"post-565","1":"product","2":"type-product","3":"status-publish","4":"has-post-thumbnail","6":"product_cat-27-waterfalls","7":"product_cat-damajagua","8":"product_cat-fees-entrace","9":"product_cat-hiking","10":"product_cat-lunch","11":"product_cat-tours-and-excursions","12":"product_cat-tours-y-excursiones-es","13":"product_cat-tours-excursions-27-waterfalls-puerto-plata-dominican-republic","14":"product_cat-waterfalls","15":"product_tag-27-charcos-de-damajagua","16":"product_tag-27-waterfalls","17":"product_tag-27-waterfalls-dominican-republic","18":"product_tag-27-waterfalls-dominican-republic-facts","19":"product_tag-27-waterfalls-excursion","20":"product_tag-27-waterfalls-puerto-plata","21":"product_tag-amber-cove-cruise-terminal-27-waterfalls","22":"product_tag-amber-cove-excursions","23":"product_tag-damajagua-falls-tours","24":"product_tag-damajagua-national-park","25":"product_tag-excursion-27-waterfalls","26":"product_tag-how-to-get-to-27-waterfalls-from-puerto-plata","27":"product_tag-jumping-27-waterfalls","28":"product_tag-los-27-charcos-de-puerto-plata","29":"product_tag-puerto-plata","30":"product_tag-things-to-do-in-amber-cove","31":"product_tag-tour-27-waterfalls","33":"first","34":"instock","35":"sale","36":"sold-individually","37":"shipping-taxable","38":"product-type-external"},"_links":{"self":[{"href":"https:\/\/visitaloshaitises.com\/sl\/wp-json\/wp\/v2\/product\/565","targetHints":{"allow":["GET"]}}],"collection":[{"href":"https:\/\/visitaloshaitises.com\/sl\/wp-json\/wp\/v2\/product"}],"about":[{"href":"https:\/\/visitaloshaitises.com\/sl\/wp-json\/wp\/v2\/types\/product"}],"wp:featuredmedia":[{"embeddable":true,"href":"https:\/\/visitaloshaitises.com\/sl\/wp-json\/wp\/v2\/media\/271"}],"wp:attachment":[{"href":"https:\/\/visitaloshaitises.com\/sl\/wp-json\/wp\/v2\/media?parent=565"}],"wp:term":[{"taxonomy":"product_brand","embeddable":true,"href":"https:\/\/visitaloshaitises.com\/sl\/wp-json\/wp\/v2\/product_brand?post=565"},{"taxonomy":"product_cat","embeddable":true,"href":"https:\/\/visitaloshaitises.com\/sl\/wp-json\/wp\/v2\/product_cat?post=565"},{"taxonomy":"product_tag","embeddable":true,"href":"https:\/\/visitaloshaitises.com\/sl\/wp-json\/wp\/v2\/product_tag?post=565"}],"curies":[{"name":"wp","href":"https:\/\/api.w.org\/{rel}","templated":true}]}}