{"id":554,"date":"2020-06-22T17:36:48","date_gmt":"2020-06-22T17:36:48","guid":{"rendered":"https:\/\/haitises.com\/?post_type=product&#038;p=554"},"modified":"2024-04-17T20:44:54","modified_gmt":"2024-04-17T20:44:54","slug":"excursion-a-los-haitises-desde-sabana-de-la-mar-o-cano-hondo","status":"publish","type":"product","link":"https:\/\/visitaloshaitises.com\/sl\/private\/izlet-v-haitise-iz-sabana-de-la-mar-ali-cano-hondo\/","title":{"rendered":"Izlet v Los Haitises iz Sabana de la Mar ali Ca\u00f1o Hondo"},"content":{"rendered":"<div class=\"vc_row wpb_row vc_row-fluid\" ><div class=\"wpb_column vc_column_container vc_col-sm-12\"><div class=\"vc_column-inner\"><div class=\"wpb_wrapper\"><div class=\"mkdf-section-title-holder\" style=\"text-align: left\">\n\t<div class=\"mkdf-st-inner\">\n\t\t\t\t\t<h5 class=\"mkdf-st-subtitle\" >\n\t\t\t\tObi\u010dajna tura na Haitises\t\t\t<\/h5>\n\t\t\t\t\t\t\t<\/div>\n<\/div><\/div><\/div><\/div><\/div><div class=\"vc_row wpb_row vc_row-fluid\" ><div class=\"wpb_column vc_column_container vc_col-sm-12\"><div class=\"vc_column-inner\"><div class=\"wpb_wrapper\">\n\t<div class=\"wpb_text_column wpb_content_element\" >\n\t\t<div class=\"wpb_wrapper\">\n\t\t\t<h2>Narodni park Los Haitises Iz mesta Sabana de la Mar ali hotela Cano Hondo.<\/h2>\n<h3>Opis<\/h3>\n<p>Obi\u010dajno zasebno potovanje v nacionalni park Los Haitises. Pojdite z nami in obi\u0161\u010dite najlep\u0161i nacionalni park v Dominikanski republiki, obi\u0161\u010dite mangrove, jame in zaliv San Lorenzo. Ta izku\u0161nja se lahko za\u010dne tako, da se skupnost Sabana de la Mar seznani s to zgodovino mesta Sabana de la Mar. Poleg tega to potovanje za\u010dnemo iz pristani\u0161\u010da Ca\u00f1o Hondo.<\/p>\n<ul>\n<li>Davki vklju\u010deni<\/li>\n<li>Vodnik zagotavlja navodila in nadzor.<\/li>\n<li>Kosilo ni vklju\u010deno v kosilo v Ca\u00f1o Hondo. Izberite ta izlet: Los Haitises Plus Ca\u00f1o Hondo.<\/li>\n<\/ul>\n<h3>Vklju\u010ditve in izklju\u010ditve<\/h3>\n<h4>Vklju\u010dki<\/h4>\n<ol>\n<li>Ogled Los Haitises + jame in piktogrami<\/li>\n<li>Vsi davki, pristojbine in manipulativni stro\u0161ki.<\/li>\n<li>Lokalni davki<\/li>\n<li>Vse dejavnosti<\/li>\n<li>Lokalni vodnik<\/li>\n<\/ol>\n<h4>Izklju\u010ditve<\/h4>\n<ol>\n<li>Nasveti<\/li>\n<li>Kosilo ni vklju\u010deno v kosilo v Ca\u00f1o Hondo. Izberite ta izlet: Los Haitises Plus Ca\u00f1o Hondo.<\/li>\n<li>Transport<\/li>\n<li>Alkoholne pija\u010de<\/li>\n<\/ol>\n<h3><em>Odhod in povratek<\/em><\/h3>\n<p>Po opravljeni rezervaciji bo potnik dobil zbirali\u0161\u010de. Ogledi se za\u010dnejo in kon\u010dajo na na\u0161ih zbirali\u0161\u010dih.<\/p>\n<h4><em>Kaj pri\u010dakovati?<\/em><\/h4>\n<p>Zagotovite si vstopnice za obisk nacionalnega parka Los Haitises z jamami, mangrovami in zalivom San Lorenzo.<\/p>\n<p>Najni\u017eja cena za obisk narodnega parka Los Haitises iz hotelov Sabana de la Mar ali Ca\u00f1o Hondo z lokalnimi vodniki. Potovanje se za\u010dne v glavnem pristani\u0161\u010du nacionalnega parka Los Haitises. Ta izlet se za\u010dne ob 10.00 z lokalnim vodnikom, ki pozna izvirno zgodbo o veli\u010dastnem narodnem parku.<\/p>\n<p>Nato krenemo iz glavnega pristani\u0161\u010da nacionalnega parka Los Haitises, imenovanega Ca\u00f1o Hondo (Deep Creek) v \u010cOLNU z re\u0161ilnimi jopi\u010di. U\u017eivali bomo v gozdu rde\u010dih mangrov do zaliva San Lorenzo. Majhen zaliv v zalivu Saman\u00e1. In gremo! Prva stvar, ki jo lahko vidite, je zbirka ogromnega apnen\u010dastega gorskega otoka, imenovanega Mogotes. Nad njimi ve\u010d kot 700 vrst rastlin in \u0161tevilne mo\u010dvirske ptice, ki letajo naokoli. Kasneje ogled jam s piktogrami na\u0161ih staroselskih skupnosti pred 750 leti.<\/p>\n<p>Skozi mangrove in kopno v odprtem zalivu San Lorenzo, od koder lahko fotografirate razgibano gozdno pokrajino. Poglejte v vodo in si oglejte morske krave, rake in delfine.<\/p>\n<p>El nombre del parque nacional proviene de sus habitantes originales, los indios ta\u00ednos. En su idioma, \u00abHaitises\u00bb se traduce en tierras altas o colinas, una referencia a las empinadas formaciones geol\u00f3gicas de la costa con calizas. Avent\u00farate en el parque para explorar cuevas como la Cueva de la Arena y la Cueva de la L\u00ednea. Las cuevas en la reserva fueron utilizadas como refugio por los indios ta\u00ednos y, m\u00e1s tarde, por los piratas escondidos. Busque dibujos de indios que decoran algunas de las paredes. Despu\u00e9s de visitar el Parque Nacional Los Haitises, regresaremos al puerto donde comenz\u00f3 nuestro viaje.<\/p>\n<h3><em>Kaj morate prinesti?<\/em><\/h3>\n<ul>\n<li>Kamera<\/li>\n<li>Repelenti<\/li>\n<li>krema za son\u010denje<\/li>\n<li>Klobuk<\/li>\n<li>Udobne hla\u010de<\/li>\n<li>Gozdni pohodni \u010devlji<\/li>\n<li>Sandali za pomladne predele.<\/li>\n<li>Kopalke<\/li>\n<\/ul>\n<h3><em>Prevzem iz hotela<\/em><\/h3>\n<p>Prevzem iz hotela je na voljo, \u010de se nahajate v hotelu Paraiso Ca\u00f1o Hondo ali Altos Ca\u00f1o Hondo. Na\u0161e zbirali\u0161\u010de je 5 minut hoje od teh hotelov.<\/p>\n<p><strong>Opomba<\/strong>- \u010ce rezervirate v 24 urah po \u010dasu odhoda potovanja\/izleta, lahko organiziramo prevzem iz hotela z dopla\u010dilom, \u010de niste v hotelih Ca\u00f1o Hondo. Ko bo va\u0161 nakup opravljen, vam bomo poslali popolne kontaktne podatke (telefonsko \u0161tevilko, e-po\u0161tni naslov itd.), da bo na\u0161 lokalni turisti\u010dni vodnik organiziral prevzem.<\/p>\n<h3><em>Potrditev dodatnih informacij<\/em><\/h3>\n<ul>\n<li>Vstopnice so potrdilo po pla\u010dilu tega izleta. Pla\u010dilo lahko prika\u017eete na telefonu.<\/li>\n<li>Zbirno mesto prejmemo po opravljeni rezervaciji.<\/li>\n<li>Otroci morajo biti v spremstvu odrasle osebe.<\/li>\n<li>Ni dostopno z invalidskim vozi\u010dkom<\/li>\n<li>Dojen\u010dki naj sedijo v otro\u0161kem sede\u017eu ali z odraslim<\/li>\n<li>Ni priporo\u010dljivo za popotnike s te\u017eavami s hrbtom.<\/li>\n<li>Ni priporo\u010dljivo za nose\u010dnice.<\/li>\n<li>Brez te\u017eav s srcem ali drugih resnih zdravstvenih te\u017eav.<\/li>\n<li>Ve\u010dina popotnikov lahko sodeluje.<\/li>\n<\/ul>\n<h3><em>Politika odpovedi<\/em><\/h3>\n<p>\u010ce \u017eelite povrniti celotno kupnino, prekli\u010dite vsaj 24 ur pred za\u010detnim datumom izku\u0161nje.<\/p>\n<h3><em>Kontaktiraj nas?<\/em><\/h3>\n<p>Booking Adventures<br \/>\nLokalni in nacionalni turisti\u010dni vodniki ter storitve za goste<\/p>\n<p>Rezervacije: Ogledi in izleti v Domu Rep.<\/p>\n<p>\ud83d\udcde Tel\/Whatsapp +1-809-720-6035.<\/p>\n<p>\ud83d\udce9 info@bookingadventures.com.do<\/p>\n<p>Organiziramo zasebne izlete s prilagodljivo konfiguracijo WhatsApp: +18097206035.<\/p>\n\n\t\t<\/div>\n\t<\/div>\n<\/div><\/div><\/div><\/div>","protected":false},"excerpt":{"rendered":"<p>Najni\u017eja cena za obisk narodnega parka Los Haitises iz hotelov Sabana de la Mar ali Ca\u00f1o Hondo z lokalnimi vodniki. Potovanje se za\u010dne v glavnem pristani\u0161\u010du nacionalnega parka Los Haitises. Ta izlet se za\u010dne ob 10.00 z lokalnim vodnikom, ki pozna izvirno zgodbo o veli\u010dastnem narodnem parku.<\/p>\n<p>Nato krenemo iz glavnega pristani\u0161\u010da nacionalnega parka Los Haitises, imenovanega Ca\u00f1o Hondo (Deep Creek) v \u010cOLNU z re\u0161ilnimi jopi\u010di. U\u017eivali bomo v gozdu rde\u010dih mangrov, dokler ne pridemo do zaliva San Lorenzo, majhnega zaliva v zalivu Saman\u00e1. In gremo! Prva stvar, ki jo lahko vidite, je zbirka ogromnega apnen\u010dastega gorskega otoka, imenovanega Mogotes. Poleg njih leta okoli 700 vrst rastlin in \u0161tevilne mo\u010dvirske ptice. Kasneje ogled jam s piktogrami na\u0161ih staroselskih skupnosti pred 750 leti.<\/p>\n<p><strong>Prosimo izberite datum turneje\u00a0<\/strong><\/p>","protected":false},"featured_media":81,"template":"","meta":[],"product_brand":[],"product_cat":[119,120,98,121,99,122,443,123,124],"product_tag":[125,126,127,128,129,130,131,132,133,134,114],"class_list":{"0":"post-554","1":"product","2":"type-product","3":"status-publish","4":"has-post-thumbnail","6":"product_cat-caves","7":"product_cat-fees-entrace","8":"product_cat-local-tour-guides","9":"product_cat-mangroves","10":"product_cat-swimming-natural-springs","11":"product_cat-tours-and-excursions","12":"product_cat-tours-y-excursiones-es","13":"product_cat-tours-excursions-los-haitises-national-park","14":"product_cat-tours-excursions-samana-bay-dominican-republic","15":"product_tag-boat-tour","16":"product_tag-cano-hondo","17":"product_tag-cano-hondo-hotel","18":"product_tag-cano-hondo-tours","19":"product_tag-eco-tours","20":"product_tag-excursion","21":"product_tag-locals-guides","22":"product_tag-los-haitises","23":"product_tag-los-haitises-national-park","24":"product_tag-los-haitises-national-park-tour","25":"product_tag-sabana-de-la-mar","27":"first","28":"instock","29":"sale","30":"sold-individually","31":"shipping-taxable","32":"product-type-external"},"_links":{"self":[{"href":"https:\/\/visitaloshaitises.com\/sl\/wp-json\/wp\/v2\/product\/554","targetHints":{"allow":["GET"]}}],"collection":[{"href":"https:\/\/visitaloshaitises.com\/sl\/wp-json\/wp\/v2\/product"}],"about":[{"href":"https:\/\/visitaloshaitises.com\/sl\/wp-json\/wp\/v2\/types\/product"}],"wp:featuredmedia":[{"embeddable":true,"href":"https:\/\/visitaloshaitises.com\/sl\/wp-json\/wp\/v2\/media\/81"}],"wp:attachment":[{"href":"https:\/\/visitaloshaitises.com\/sl\/wp-json\/wp\/v2\/media?parent=554"}],"wp:term":[{"taxonomy":"product_brand","embeddable":true,"href":"https:\/\/visitaloshaitises.com\/sl\/wp-json\/wp\/v2\/product_brand?post=554"},{"taxonomy":"product_cat","embeddable":true,"href":"https:\/\/visitaloshaitises.com\/sl\/wp-json\/wp\/v2\/product_cat?post=554"},{"taxonomy":"product_tag","embeddable":true,"href":"https:\/\/visitaloshaitises.com\/sl\/wp-json\/wp\/v2\/product_tag?post=554"}],"curies":[{"name":"wp","href":"https:\/\/api.w.org\/{rel}","templated":true}]}}