{"id":553,"date":"2020-06-21T20:30:49","date_gmt":"2020-06-21T20:30:49","guid":{"rendered":"https:\/\/haitises.com\/?post_type=product&#038;p=553"},"modified":"2024-04-17T21:13:57","modified_gmt":"2024-04-17T21:13:57","slug":"excursion-a-los-haitises-y-cano-hondo-desde-sabana-de-la-mar","status":"publish","type":"product","link":"https:\/\/visitaloshaitises.com\/sl\/private\/ekskurzija-na-haitises-in-cano-hondo-iz-sabana-de-la-mar\/","title":{"rendered":"Zasebni izlet v Los Haitises in Ca\u00f1o Hondo iz mesta Sabana de la Mar"},"content":{"rendered":"<div class=\"vc_row wpb_row vc_row-fluid\" ><div class=\"wpb_column vc_column_container vc_col-sm-12\"><div class=\"vc_column-inner\"><div class=\"wpb_wrapper\"><div class=\"mkdf-section-title-holder\" style=\"text-align: left\">\n\t<div class=\"mkdf-st-inner\">\n\t\t\t\t\t<h5 class=\"mkdf-st-subtitle\" >\n\t\t\t\tKosilo in kopanje v naravnih bazenih\t\t\t<\/h5>\n\t\t\t\t\t\t\t<\/div>\n<\/div><\/div><\/div><\/div><\/div><div class=\"vc_row wpb_row vc_row-fluid\" ><div class=\"wpb_column vc_column_container vc_col-sm-12\"><div class=\"vc_column-inner\"><div class=\"wpb_wrapper\"><div class=\"vc_empty_space\"   style=\"height: 32px\"><span class=\"vc_empty_space_inner\"><\/span><\/div><\/div><\/div><\/div><\/div><div class=\"vc_row wpb_row vc_row-fluid\" ><div class=\"wpb_column vc_column_container vc_col-sm-12\"><div class=\"vc_column-inner\"><div class=\"wpb_wrapper\">\n\t<div class=\"wpb_text_column wpb_content_element\" >\n\t\t<div class=\"wpb_wrapper\">\n\t\t\t<h2>Nacionalni park Los Haitises + kosilo v Ca\u00f1o Hondo iz mesta Sabana de la Mar<\/h2>\n<h3>Opis<\/h3>\n<p>Celodnevni izlet v nacionalni park Los Haitises in kosilo v Ca\u00f1o Hondo ter kopanje v naravnih bazenih. Pojdite z nami in obi\u0161\u010dite najlep\u0161i nacionalni park v Dominikanski republiki, obi\u0161\u010dite mangrove, jame in zaliv San Lorenzo. Vrnite se v pristani\u0161\u010de Ca\u00f1o Hondo, da se sprehodite 15 minut in u\u017eivate v tipi\u010dnem kosilu s pogledom na ocean v narodnem parku Los Haitises. Po tem kopanje v naravnem izviru do 16.30 ure.<\/p>\n<ul>\n<li>Vklju\u010duje samopostre\u017eno kosilo.<\/li>\n<li>Zaplavajte v naravnih bazenih<\/li>\n<li>Davki vklju\u010deni<\/li>\n<li>Vodnik zagotavlja navodila in nadzor.<\/li>\n<\/ul>\n<h3>Vklju\u010ditve in izklju\u010ditve<\/h3>\n<h4>Vklju\u010dki<\/h4>\n<ol>\n<li>kosilo v Ecolodgeu<\/li>\n<li>Ogled Los Haitises + jame in piktogrami<\/li>\n<li>Vsi davki, pristojbine in manipulativni stro\u0161ki.<\/li>\n<li>Lokalni davki<\/li>\n<li>pija\u010de<\/li>\n<li>Vse dejavnosti<\/li>\n<li>Lokalni vodnik<\/li>\n<\/ol>\n<h4>Izklju\u010ditve<\/h4>\n<ol>\n<li>Nasveti<\/li>\n<li>Transport<\/li>\n<li>Alkoholne pija\u010de<\/li>\n<\/ol>\n<h3><em>Odhod in povratek<\/em><\/h3>\n<p>Po opravljeni rezervaciji bo potnik dobil zbirali\u0161\u010de. Ogledi se za\u010dnejo in kon\u010dajo na na\u0161ih zbirali\u0161\u010dih.<\/p>\n<h3><em>Kaj pri\u010dakovati?<\/em><\/h3>\n<p>Zagotovite si vstopnice za obisk nacionalnega parka Los Haitises s \u010dudovitim kosilom v Ca\u00f1o Hondo in kopanjem v naravnih izvirih. Od hotelskega obmo\u010dja Ca\u00f1o Hondo ali iz mesta Sabana de la Mar se odpravite na izlet z ladjo skozi mangrove, starodavne piratske jame in za\u0161\u010ditene gozdove tega slikovitega rezervata.<\/p>\n<p>El recorrido, organizado por \u00abBooking Adventures\u00bb, comienza en el punto de encuentro establecido con el gu\u00eda tur\u00edstico. Ven con Booking Adventures y comienza a observar algunos manglares llenos de p\u00e1jaros, colinas onduladas de exuberante vegetaci\u00f3n y cuevas del Parque Nacional Los Haitises. Excursi\u00f3n en bote desde el r\u00edo Ca\u00f1o Hondo, Sabana de la Mar.<\/p>\n<p>Skozi mangrove in kopno v odprtem zalivu San Lorenzo, od koder lahko fotografirate razgibano gozdno pokrajino. Poglejte v vodo in si oglejte morske krave, rake in delfine.<\/p>\n<p>El nombre del parque nacional proviene de sus habitantes originales, los indios ta\u00ednos. En su idioma, \u00abHaitises\u00bb se traduce en tierras altas o colinas, una referencia a las empinadas formaciones geol\u00f3gicas de la costa con calizas. Avent\u00farate m\u00e1s en el parque para explorar cuevas como la Cueva de la Arena y la Cueva de la l\u00ednea. Las cuevas en la reserva fueron utilizadas como refugio por los indios ta\u00ednos y, m\u00e1s tarde, por los piratas escondidos. Busque dibujos de indios que decoran algunas de las paredes. Despu\u00e9s de visitar el Parque Nacional Los Haitises iremos a Ca\u00f1o Hondo. En Ca\u00f1o Hondo aprendiendo sobre esta historia de ecolodge y la hora del almuerzo con la comida t\u00edpica de la comunidad de Sabana de la Mar.<\/p>\n<p>Kosilo bo okusno, a nismo \u0161e kon\u010dali. Po kosilu bomo plavali v naravnem izviru od reke Jibales, trajne reke do reke Ca\u00f1o Hondo. Ostanite v Ca\u00f1o Hondo do 18.00, \u010de \u017eelite ali manj.<\/p>\n<p>V Naravnih bazenih lahko ostanete, dokler \u017eelite plavati in hoditi. \u010ce ste vegan, vam lahko pripravimo tudi kak\u0161no hrano.<\/p>\n<h3><em>Kaj morate prinesti?<\/em><\/h3>\n<ul>\n<li>Kamera<\/li>\n<li>Repelenti<\/li>\n<li>krema za son\u010denje<\/li>\n<li>Klobuk<\/li>\n<li>Udobne hla\u010de<\/li>\n<li>Gozdni pohodni \u010devlji<\/li>\n<li>Sandali za pomladne predele.<\/li>\n<li>Kopalke<\/li>\n<\/ul>\n<h3><em>Prevzem iz hotela<\/em><\/h3>\n<p>Prevzem iz hotela za to turnejo ni na voljo.<\/p>\n<p><strong>Opomba:<\/strong> \u010ce rezervirate v 24 urah po \u010dasu odhoda potovanja\/izleta, lahko organiziramo hotelski prevzem z dopla\u010dilom. Ko bo va\u0161 nakup opravljen, vam bomo poslali popolne kontaktne podatke (telefonsko \u0161tevilko, e-po\u0161tni naslov itd.), da bo na\u0161 lokalni turisti\u010dni vodnik organiziral prevzem.<\/p>\n<h3><em>Potrditev dodatnih informacij<\/em><\/h3>\n<ul>\n<li>Vstopnice so potrdilo po pla\u010dilu tega izleta. Pla\u010dilo lahko prika\u017eete na telefonu.<\/li>\n<li>Zbirno mesto prejmemo po opravljeni rezervaciji.<\/li>\n<li>Otroci morajo biti v spremstvu odrasle osebe.<\/li>\n<li>Ni dostopno z invalidskim vozi\u010dkom<\/li>\n<li>Dojen\u010dki naj sedijo v otro\u0161kem sede\u017eu ali z odraslim<\/li>\n<li>Ni priporo\u010dljivo za popotnike s te\u017eavami s hrbtom.<\/li>\n<li>Ni priporo\u010dljivo za nose\u010dnice.<\/li>\n<li>Brez te\u017eav s srcem ali drugih resnih zdravstvenih te\u017eav.<\/li>\n<li>Ve\u010dina popotnikov lahko sodeluje.<\/li>\n<\/ul>\n<h3><em>Politika odpovedi<\/em><\/h3>\n<p>\u010ce \u017eelite povrniti celotno kupnino, prekli\u010dite vsaj 24 ur pred za\u010detnim datumom izku\u0161nje.<\/p>\n\n\t\t<\/div>\n\t<\/div>\n<\/div><\/div><\/div><\/div><div class=\"vc_row wpb_row vc_row-fluid\" ><div class=\"wpb_column vc_column_container vc_col-sm-12\"><div class=\"vc_column-inner\"><div class=\"wpb_wrapper\">\n\t<div class=\"wpb_video_widget wpb_content_element vc_clearfix   vc_video-aspect-ratio-169 vc_video-el-width-100 vc_video-align-left\" >\n\t\t<div class=\"wpb_wrapper\">\n\t\t\t\n\t\t\t<div class=\"wpb_video_wrapper\"><iframe loading=\"lazy\" title=\"Nacionalni park Los Haitises, ogledi in izleti iz Samane ali Sabane de la Mar. Rezervirajte tukaj:\" src=\"https:\/\/player.vimeo.com\/video\/346508015?dnt=1&amp;app_id=122963\" width=\"1100\" height=\"619\" frameborder=\"0\" allow=\"autoplay; fullscreen\" allowfullscreen><\/iframe><\/div>\n\t\t<\/div>\n\t<\/div>\n<\/div><\/div><\/div><\/div><div class=\"vc_row wpb_row vc_row-fluid\" ><div class=\"wpb_column vc_column_container vc_col-sm-12\"><div class=\"vc_column-inner\"><div class=\"wpb_wrapper\"><div class=\"vc_empty_space\"   style=\"height: 32px\"><span class=\"vc_empty_space_inner\"><\/span><\/div>\n\t<div class=\"wpb_text_column wpb_content_element\" >\n\t\t<div class=\"wpb_wrapper\">\n\t\t\t<h4>Kontaktiraj nas?<\/h4>\n<h5>Rezervacije avanture<\/h5>\n<p><strong><em>Lokalni in nacionalni turisti\u010dni vodniki ter storitve za goste<\/em><\/strong><\/p>\n<p>Rezervacije: Ogledi in izleti v Domu Rep.<\/p>\n<p>Tel\/Whatsapp +1-809-720-6035.<\/p>\n<p>info@bookingadventures.com.do<\/p>\n<p>Izvajamo zasebne oglede s prilagodljivo konfiguracijo WhatsApp: +18097206035.<\/p>\n\n\t\t<\/div>\n\t<\/div>\n<div class=\"vc_empty_space\"   style=\"height: 32px\"><span class=\"vc_empty_space_inner\"><\/span><\/div><\/div><\/div><\/div><\/div>","protected":false},"excerpt":{"rendered":"<p>Izlet v narodni park Los Haitises iz Sabana de la Mar, ogled mangrov, jam, piktografov + kosilo v Ca\u00f1o Hondo ogledih in bazenih.<\/p>\n<p>Nastavite to turnejo s pohodni\u0161ko potjo in spoznajte zgodovino narodnega parka Los Haitises od lokalnih vodnikov.<\/p>","protected":false},"featured_media":82,"template":"","meta":[],"product_brand":[],"product_cat":[443,123,124],"product_tag":[126,127,128,145,202,203,132,133,146,114,204],"class_list":{"0":"post-553","1":"product","2":"type-product","3":"status-publish","4":"has-post-thumbnail","6":"product_cat-tours-y-excursiones-es","7":"product_cat-tours-excursions-los-haitises-national-park","8":"product_cat-tours-excursions-samana-bay-dominican-republic","9":"product_tag-cano-hondo","10":"product_tag-cano-hondo-hotel","11":"product_tag-cano-hondo-tours","12":"product_tag-day-tour-cano-hondo","13":"product_tag-la-arena-cave","14":"product_tag-line-cave","15":"product_tag-los-haitises","16":"product_tag-los-haitises-national-park","17":"product_tag-mangroves-los-haitises","18":"product_tag-sabana-de-la-mar","19":"product_tag-san-lorenzo-bay","21":"first","22":"instock","23":"sale","24":"sold-individually","25":"shipping-taxable","26":"product-type-external"},"_links":{"self":[{"href":"https:\/\/visitaloshaitises.com\/sl\/wp-json\/wp\/v2\/product\/553","targetHints":{"allow":["GET"]}}],"collection":[{"href":"https:\/\/visitaloshaitises.com\/sl\/wp-json\/wp\/v2\/product"}],"about":[{"href":"https:\/\/visitaloshaitises.com\/sl\/wp-json\/wp\/v2\/types\/product"}],"wp:featuredmedia":[{"embeddable":true,"href":"https:\/\/visitaloshaitises.com\/sl\/wp-json\/wp\/v2\/media\/82"}],"wp:attachment":[{"href":"https:\/\/visitaloshaitises.com\/sl\/wp-json\/wp\/v2\/media?parent=553"}],"wp:term":[{"taxonomy":"product_brand","embeddable":true,"href":"https:\/\/visitaloshaitises.com\/sl\/wp-json\/wp\/v2\/product_brand?post=553"},{"taxonomy":"product_cat","embeddable":true,"href":"https:\/\/visitaloshaitises.com\/sl\/wp-json\/wp\/v2\/product_cat?post=553"},{"taxonomy":"product_tag","embeddable":true,"href":"https:\/\/visitaloshaitises.com\/sl\/wp-json\/wp\/v2\/product_tag?post=553"}],"curies":[{"name":"wp","href":"https:\/\/api.w.org\/{rel}","templated":true}]}}