{"id":42,"date":"2020-06-14T11:56:46","date_gmt":"2020-06-14T11:56:46","guid":{"rendered":"https:\/\/haitises.com\/product\/import-placeholder-for-8848\/"},"modified":"2024-04-24T19:14:25","modified_gmt":"2024-04-24T19:14:25","slug":"birdwatching-in-los-haitises-national-park","status":"publish","type":"product","link":"https:\/\/visitaloshaitises.com\/sl\/private\/birdwatching-in-los-haitises-national-park\/","title":{"rendered":"Opazovanje ptic v narodnem parku Los Haitises"},"content":{"rendered":"<div class=\"vc_row wpb_row vc_row-fluid\" ><div class=\"wpb_column vc_column_container vc_col-sm-12\"><div class=\"vc_column-inner\"><div class=\"wpb_wrapper\"><div class=\"mkdf-section-title-holder\" style=\"text-align: left\">\n\t<div class=\"mkdf-st-inner\">\n\t\t\t\t\t<h5 class=\"mkdf-st-subtitle\" >\n\t\t\t\tOpazovanje ptic v narodnem parku Los Haitises\t\t\t<\/h5>\n\t\t\t\t\t\t\t<h3 class=\"mkdf-st-title\" >\n\t\t\t\tRidgway&#039;s Hawk Tour\t\t\t<\/h3>\n\t\t\t\t\t<\/div>\n<\/div><\/div><\/div><\/div><\/div><div class=\"vc_row wpb_row vc_row-fluid\" ><div class=\"wpb_column vc_column_container vc_col-sm-12\"><div class=\"vc_column-inner\"><div class=\"wpb_wrapper\">\n\t<div class=\"wpb_text_column wpb_content_element\" >\n\t\t<div class=\"wpb_wrapper\">\n\t\t\t<h4><b><i>Pregled <\/i><\/b><\/h4>\n<section><\/section>\n<p><strong>Nacionalni park Los Haitises<\/strong> is a popular destination for nature lovers and bird watchers cause of the highest importance for biodiversity and richness of fauna, both in terms of endemism and species numbers. Tropical rain forest with stunning landscapes and one of the largest and most important nature preserves in the Dominican Republic. Los Haitises is home to a wide variety of native, endemic, and migratory birds, some of which are quite rare and highly endangered. While most people head out by boat to explore the park and its caves, islands, and wildlife.<\/p>\n<p>We are conserving 110 species of birds which you can find in Los Haitises National Park. Walking through this magical forest in search of parrots, Todys, Ridgway\u2019s Hawks, tanagers, hummingbirds and much more. Providing interesting History about all these birds which you can see on the Humit trail. We know the spots habitats of Ridgway\u2019s, Ashy Faced Owls and other endemics species. This Tour is focus on nature and is more concentrated in the information about wildlife.<\/p>\n<p><strong>Obi\u010dajno je to zasebna tura za resni\u010dno visoko kakovostno izku\u0161njo.<\/strong><\/p>\n<h4><\/h4>\n<h4><b>Vklju\u010ditve in izklju\u010ditve<\/b><\/h4>\n<p><b>Vklju\u010dki<\/b><\/p>\n<ol>\n<li style=\"font-weight: 400;\">3 ure sprehoda s pticami po poteh parka<\/li>\n<li style=\"font-weight: 400;\"><span style=\"font-weight: 400;\">Vsi davki, pristojbine in manipulativni stro\u0161ki<\/span><\/li>\n<li style=\"font-weight: 400;\"><span style=\"font-weight: 400;\">Lokalni davki<\/span><\/li>\n<li style=\"font-weight: 400;\">Uradni turisti\u010dni vodi\u010di ekolog angle\u0161ki\/\u0161panski jezik<\/li>\n<\/ol>\n<p><b> Izklju\u010ditve<\/b><\/p>\n<ol>\n<li style=\"font-weight: 400;\"><span style=\"font-weight: 400;\">Napitnine<\/span><\/li>\n<li style=\"font-weight: 400;\"><span style=\"font-weight: 400;\">Prenos<\/span><\/li>\n<li style=\"font-weight: 400;\"><span style=\"font-weight: 400;\">pija\u010da<\/span><\/li>\n<\/ol>\n<p>&nbsp;<\/p>\n<h4><em><strong>Odhod in povratek<\/strong><\/em><\/h4>\n<p><span style=\"font-weight: 400;\">The tour, organized by \u00abBooking Adventures\u00bb starts at the meeting point set with the Tour Guide. The traveler will get a meeting point after the Reservation Process. Tours start and Finished in our meeting points.<\/span><\/p>\n<p>&nbsp;<\/p>\n<h4><b><i>Kaj pri\u010dakovati?<\/i><\/b><\/h4>\n<p><em><strong>Zagotovite si vstopnico<\/strong><\/em> za opazovanje ptic v nacionalnem parku Los Haitises.<\/p>\n<p>Ta izlet se za\u010dne na zbirnem mestu s pohodom po poteh Ridgway do obmo\u010dij Nesting. Po 30 minutah hoje in opazovanju jastrebov imamo mo\u017enost, da nadaljujemo s pohodom in preverimo, ali obstajajo papagaji, pikule in druge endemi\u010dne vrste v narodnem parku Los Haitises.<\/p>\n<p>Nacionalni park Los Haitises ima samo dve poti za opazovanje ptic v Sabana de la Mar. Na poti do narodnega parka Los Hiatises se na nekaterih mestih ustavimo, da vidimo ve\u010d ptic.<\/p>\n<p>Bil v zalivu San Lorenzo. obiskali bomo dve jami, \u017dalostno jamo v \u0161pan\u0161\u010dini Cueva de la Arena; v tej jami lahko vidimo petrografije skupnosti Tainos, ki so se zadr\u017eevale na tem obmo\u010dju. in uporaba jam kot tempelj.<\/p>\n<p>Po tem gremo naprej do jame Linea, te z 2.243 originalnimi piktogrami in na\u0161 vodi\u010d vam razlo\u017ei podatke arheologa o teh piktogramih.<\/p>\n<p>Z ladjo se ponovno vrnemo do otoka Pajaros (Pti\u010dji otok), kjer lahko vidimo ve\u010dino mo\u010dvirskih ptic okoli nacionalnega parka Los Haitises. Samo zato, ker niso vse ptice v vodi.<\/p>\n<p>Po 4 urah in pol u\u010denja o pticah v narodnem parku Los Haitises se ta izlet kon\u010da na istem mestu, kot se je za\u010del.<\/p>\n<p><strong>Opomba: Ti izleti potekajo z uradnimi turisti\u010dnimi vodniki Ekologa. Rezervirajte pravo\u010dasno, ker v parku ni preve\u010d strokovnjakov.<\/strong><\/p>\n<p>&nbsp;<\/p>\n<h4><em><strong>Kaj morate prinesti?<\/strong><\/em><\/h4>\n<ul>\n<li style=\"font-weight: 400;\"><span style=\"font-weight: 400;\">fotoaparat<\/span><\/li>\n<li>Daljnogled<\/li>\n<li style=\"font-weight: 400;\"><span style=\"font-weight: 400;\">Odganjalni popki<\/span><\/li>\n<li style=\"font-weight: 400;\"><span style=\"font-weight: 400;\">son\u010dna krema<\/span><\/li>\n<li style=\"font-weight: 400;\"><span style=\"font-weight: 400;\">Klobuk<\/span><\/li>\n<li style=\"font-weight: 400;\"><span style=\"font-weight: 400;\">Udobne hla\u010de<\/span><\/li>\n<li style=\"font-weight: 400;\"><span style=\"font-weight: 400;\">Pohodni\u0161ki \u010devlji za gozd<\/span><\/li>\n<li style=\"font-weight: 400;\"><span style=\"font-weight: 400;\">Sandali za pomladna obmo\u010dja.<\/span><\/li>\n<li style=\"font-weight: 400;\"><span style=\"font-weight: 400;\">Kopalna obla\u010dila<\/span><\/li>\n<\/ul>\n<p>&nbsp;<\/p>\n<h4><b><i>Prevzem v hotelu <\/i><\/b><\/h4>\n<p><span style=\"font-weight: 400;\">Prevzem iz hotela za to turnejo ni na voljo. <\/span><\/p>\n<p>&nbsp;<\/p>\n<p><b>Opomba:<\/b><span style=\"font-weight: 400;\"> \u010ce ste rezervirani v 24 urah po \u010dasu odhoda potovanja\/izleta, lahko organiziramo hotelski prevzem z dopla\u010dilom. Ko bo va\u0161 nakup opravljen, vam bomo poslali popolne kontaktne podatke (telefonsko \u0161tevilko, e-po\u0161tni naslov itd.) za na\u0161ega lokalnega turisti\u010dnega vodnika, ki bo organiziral prevzem.<\/span><\/p>\n<h4><b><i>Potrditev dodatnih informacij <\/i><\/b><\/h4>\n<ol>\n<li>Vstopnice so potrdilo po pla\u010dilu tega izleta. Pla\u010dilo lahko prika\u017eete na telefonu.<\/li>\n<li style=\"font-weight: 400;\"><span style=\"font-weight: 400;\">Zbirno mesto bo prejeto po opravljenem postopku rezervacije.<\/span><\/li>\n<li style=\"font-weight: 400;\"><span style=\"font-weight: 400;\">Otroci morajo biti v spremstvu odrasle osebe.<\/span><\/li>\n<li style=\"font-weight: 400;\"><span style=\"font-weight: 400;\"> Ni dostopno z invalidskim vozi\u010dkom <\/span><\/li>\n<li style=\"font-weight: 400;\"><span style=\"font-weight: 400;\">Dojen\u010dki morajo sedeti v naro\u010dju <\/span><\/li>\n<li style=\"font-weight: 400;\"><span style=\"font-weight: 400;\">Ni priporo\u010dljivo za popotnike s te\u017eavami s hrbtom<\/span><\/li>\n<li style=\"font-weight: 400;\"><span style=\"font-weight: 400;\">Ni priporo\u010dljivo za nose\u010dnice <\/span><\/li>\n<li style=\"font-weight: 400;\"><span style=\"font-weight: 400;\"> Brez te\u017eav s srcem ali drugih resnih zdravstvenih te\u017eav <\/span><\/li>\n<li style=\"font-weight: 400;\"><span style=\"font-weight: 400;\">Ve\u010dina popotnikov lahko sodeluje<\/span><\/li>\n<\/ol>\n<p>Ta izlet je na voljo za najmanj 2 osebi in najve\u010d 15 oseb. V primeru manj\u0161ega \u0161tevila ljudi nas kontaktirajte.<\/p>\n<h4><b><i>Politika odpovedi<\/i><\/b><\/h4>\n<p><span style=\"font-weight: 400;\">Za povra\u010dilo celotnega zneska prekli\u010dite vsaj 24 ur pred datumom za\u010detka do\u017eivetja.<\/span><\/p>\n\n\t\t<\/div>\n\t<\/div>\n<\/div><\/div><\/div><\/div><div class=\"vc_row wpb_row vc_row-fluid\" ><div class=\"wpb_column vc_column_container vc_col-sm-12\"><div class=\"vc_column-inner\"><div class=\"wpb_wrapper\">\n\t<div class=\"wpb_text_column wpb_content_element\" >\n\t\t<div class=\"wpb_wrapper\">\n\t\t\t<h4>Kontaktiraj nas?<\/h4>\n<h5><em><strong>Booking Adventures<\/strong><\/em><\/h5>\n<p><em><strong>Doma\u010dini<\/strong> in <strong>Dr\u017eavljani<\/strong> Turisti\u010dni vodniki in storitve za goste<\/em><\/p>\n<p><span class=\"text-turquoise\">Rezervacije:<\/span> Ogledi in izleti v Dom Rep.<\/p>\n<p><img decoding=\"async\" class=\"emoji\" draggable=\"false\" src=\"https:\/\/s.w.org\/images\/core\/emoji\/11.2.0\/svg\/1f4de.svg\" alt=\"\ud83d\udcde\" \/> Tel\/Whatsapp\u00a0 <a href=\"tel:+1-809-720-6035\">+1-809-720-6035<\/a>.<\/p>\n<p><img decoding=\"async\" class=\"emoji\" draggable=\"false\" src=\"https:\/\/s.w.org\/images\/core\/emoji\/11.2.0\/svg\/1f4e9.svg\" alt=\"\ud83d\udce9\" \/> <a href=\"mailto:info@bookingadventures.com.do\">info@bookingadventures.com.do<\/a><\/p>\n<p><strong>Zasebne izlete prek Whatsappa smo prilagodljivi: <a href=\"tel:+18097206035\">+18097206035.<\/a><\/strong><\/p>\n\n\t\t<\/div>\n\t<\/div>\n<\/div><\/div><\/div><\/div>","protected":false},"excerpt":{"rendered":"<p>Izlet v narodni park Los Haitises z lokalnim vodnikom se osredoto\u010da na opazovanje ptic + jame. Obisk Cays v narodnem parku Los Haitises, mangrove, vegetacija, ptice, jame, piktografi in zgodovinska obmo\u010dja Sabana de la Mar v narodnem parku Los Haitises.<\/p>\n<p>&nbsp;<\/p>\n<p><em><strong>Prosimo izberite datum za turnejo\u00a0<\/strong><\/em><\/p>","protected":false},"featured_media":177,"template":"","meta":[],"product_brand":[],"product_cat":[119,120,96,98,121,122,123,124],"product_tag":[176,177,178,179,180,181,182,183,184,185,186,132,187,133,188,189,190,191,192,114,142,147,193],"class_list":{"0":"post-42","1":"product","2":"type-product","3":"status-publish","4":"has-post-thumbnail","6":"product_cat-caves","7":"product_cat-fees-entrace","8":"product_cat-hiking","9":"product_cat-local-tour-guides","10":"product_cat-mangroves","11":"product_cat-tours-and-excursions","12":"product_cat-tours-excursions-los-haitises-national-park","13":"product_cat-tours-excursions-samana-bay-dominican-republic","14":"product_tag-biding-sabana-de-la-mar","15":"product_tag-birding","16":"product_tag-birding-dominican-republic","17":"product_tag-birding-in-los-haitises","18":"product_tag-birdwatching","19":"product_tag-birdwatching-dominicana","20":"product_tag-birdwtaching","21":"product_tag-boat-tour-birding","22":"product_tag-carretera-cano-hondo","23":"product_tag-eco-lodge-paraiso-cano-hondo","24":"product_tag-hire-a-guide-in-los-haitises","25":"product_tag-los-haitises","26":"product_tag-los-haitises-birding","27":"product_tag-los-haitises-national-park","28":"product_tag-los-haitises-national-park-birding-tour-from-punta-cana","29":"product_tag-los-haitises-national-park-cano-hondo","30":"product_tag-los-haitises-samana","31":"product_tag-nature","32":"product_tag-ridgways-hawk","33":"product_tag-sabana-de-la-mar","34":"product_tag-samana","35":"product_tag-samana-bay","36":"product_tag-wildlife","38":"first","39":"instock","40":"sale","41":"sold-individually","42":"shipping-taxable","43":"product-type-external"},"_links":{"self":[{"href":"https:\/\/visitaloshaitises.com\/sl\/wp-json\/wp\/v2\/product\/42","targetHints":{"allow":["GET"]}}],"collection":[{"href":"https:\/\/visitaloshaitises.com\/sl\/wp-json\/wp\/v2\/product"}],"about":[{"href":"https:\/\/visitaloshaitises.com\/sl\/wp-json\/wp\/v2\/types\/product"}],"wp:featuredmedia":[{"embeddable":true,"href":"https:\/\/visitaloshaitises.com\/sl\/wp-json\/wp\/v2\/media\/177"}],"wp:attachment":[{"href":"https:\/\/visitaloshaitises.com\/sl\/wp-json\/wp\/v2\/media?parent=42"}],"wp:term":[{"taxonomy":"product_brand","embeddable":true,"href":"https:\/\/visitaloshaitises.com\/sl\/wp-json\/wp\/v2\/product_brand?post=42"},{"taxonomy":"product_cat","embeddable":true,"href":"https:\/\/visitaloshaitises.com\/sl\/wp-json\/wp\/v2\/product_cat?post=42"},{"taxonomy":"product_tag","embeddable":true,"href":"https:\/\/visitaloshaitises.com\/sl\/wp-json\/wp\/v2\/product_tag?post=42"}],"curies":[{"name":"wp","href":"https:\/\/api.w.org\/{rel}","templated":true}]}}