{"id":34,"date":"2020-06-14T11:56:46","date_gmt":"2020-06-14T11:56:46","guid":{"rendered":"https:\/\/haitises.com\/product\/import-placeholder-for-8209\/"},"modified":"2024-03-31T23:21:00","modified_gmt":"2024-03-31T23:21:00","slug":"el-limon-waterfalls-bacardi-island-excursion-from-punta-cana-area-meeting-point-sabana-de-la-mar","status":"publish","type":"product","link":"https:\/\/visitaloshaitises.com\/sl\/private\/el-limon-waterfalls-bacardi-island-excursion-from-punta-cana-area-meeting-point-sabana-de-la-mar\/","title":{"rendered":"Slapovi El Lim\u00f3n in otok Bacardi \u2013 izlet iz obmo\u010dja Punta Cana (zborno mesto Sabana de la Mar)"},"content":{"rendered":"<div class=\"vc_row wpb_row vc_row-fluid\" ><div class=\"wpb_column vc_column_container vc_col-sm-12\"><div class=\"vc_column-inner\"><div class=\"wpb_wrapper\"><div class=\"mkdf-section-title-holder\" style=\"text-align: left\">\n\t<div class=\"mkdf-st-inner\">\n\t\t\t\t\t<h5 class=\"mkdf-st-subtitle\" >\n\t\t\t\t(Meeting point Sabana de la mar)\t\t\t<\/h5>\n\t\t\t\t\t\t\t<h3 class=\"mkdf-st-title\" >\n\t\t\t\tEl Limon Waterfalls &amp; Bacardi Island - Excursion from Punta Cana area\t\t\t<\/h3>\n\t\t\t\t\t<\/div>\n<\/div><\/div><\/div><\/div><\/div><div class=\"vc_row wpb_row vc_row-fluid\" ><div class=\"wpb_column vc_column_container vc_col-sm-12\"><div class=\"vc_column-inner\"><div class=\"wpb_wrapper\">\n\t<div class=\"wpb_text_column wpb_content_element\" >\n\t\t<div class=\"wpb_wrapper\">\n\t\t\t<h4><b><i>Pregled <\/i><\/b><\/h4>\n<p>If you are in Punta Cana or Bavaro, Looking for a day trip paying less than normal. Just book this trip starting from Sabana de la Mar area. Visiting Samana community on Safari to arrive in El Lim\u00f3n Comunity, Horse riding or Hiking to the Waterfalls after crossing Samana Bay and Luch time at Bacardi Island. This trip Starts at 9: 00 am and finish at 4:30 pm.<\/p>\n<p>After this experience, you will get Back to Sabana de la Mar port.<\/p>\n<ul>\n<li style=\"font-weight: 400;\">Pristojbine vklju\u010dene<\/li>\n<li>Vklju\u010deno kosilo na pla\u017ei<\/li>\n<li style=\"font-weight: 400;\"><span style=\"font-weight: 400;\">Vodnik zagotavlja navodila in nadzor<\/span><\/li>\n<\/ul>\n<p>&nbsp;<\/p>\n<h4><b>Vklju\u010ditve in izklju\u010ditve<\/b><\/h4>\n<p>&nbsp;<\/p>\n<p><b>Vklju\u010dki<\/b><\/p>\n<ol>\n<li style=\"font-weight: 400;\">Zaliv Samana<\/li>\n<li>Otok Bacardi, pla\u017ea in kosilo<\/li>\n<li>Safari do El Limon<\/li>\n<li>Jahanje ali pohodni\u0161tvo do slapov<\/li>\n<li>Dominikanski koktajli<\/li>\n<li style=\"font-weight: 400;\"><span style=\"font-weight: 400;\">Vsi davki, pristojbine in manipulativni stro\u0161ki<\/span><\/li>\n<li style=\"font-weight: 400;\"><span style=\"font-weight: 400;\">Lokalni davki<\/span><\/li>\n<li style=\"font-weight: 400;\"><span style=\"font-weight: 400;\">pija\u010de<\/span><\/li>\n<li style=\"font-weight: 400;\"><span style=\"font-weight: 400;\">Vse dejavnosti<\/span><\/li>\n<li style=\"font-weight: 400;\"><span style=\"font-weight: 400;\">Lokalni vodnik<\/span><\/li>\n<\/ol>\n<p><b> Izklju\u010ditve<\/b><\/p>\n<ol>\n<li style=\"font-weight: 400;\"><span style=\"font-weight: 400;\">Napitnine<\/span><\/li>\n<li style=\"font-weight: 400;\"><span style=\"font-weight: 400;\">Transfers from Punta Cana not included<\/span><\/li>\n<li style=\"font-weight: 400;\"><span style=\"font-weight: 400;\">Alkoholne pija\u010de po koktajlih\u00a0<\/span><\/li>\n<\/ol>\n<p>&nbsp;<\/p>\n<h4><em><strong>Odhod in povratek<\/strong><\/em><\/h4>\n<p><span style=\"font-weight: 400;\">Potnik bo dobil zbirali\u0161\u010de po opravljenem postopku rezervacije. Ogledi se za\u010dnejo in kon\u010dajo na na\u0161ih zbirali\u0161\u010dih.<\/span><\/p>\n<p>&nbsp;<\/p>\n<h4><b><i>Kaj pri\u010dakovati?<\/i><\/b><\/h4>\n<p>&nbsp;<\/p>\n<p><em><strong>Zagotovite si vstopnice<\/strong><\/em> for visiting The Waterfalls on Horses riding or Hiking, Safari Saman\u00e1, Swimming at the Natural Springs from the waterfalls lunch at Bacardi island plus Beach Time.<\/p>\n<p>Starting from Sabana de la Mar ports onboard of a Boat or Catamaran with a Local tour guide we pass Saman\u00e1 Bay to Saman\u00e1 community. Taking a Safari with a local tour guide to talk about Saman\u00e1 history until arrive in El Limon Comunity. In El Lim\u00f3n Comunity we start hiking or Horse riding by El Limon waterfalls forest to the El Lim\u00f3n Waterfalls. Where when we arrive we can swim!\u00a0 After back to Safari to go to Samana port. Visit Bacardi island for lunch on the beach and swimming in one of the most beautiful islands from the Dominican Republic.<\/p>\n<p>V primeru, da vam bo to potovanje v\u0161e\u010d dalj\u0161e ali kraj\u0161e, imamo te mo\u017enosti:<\/p>\n<ol>\n<li><a href=\"https:\/\/www.ticketswhales.com\/tour\/los-haitises-national-park-tour-from-samana-port\/\" target=\"_blank\" rel=\"noopener\">Los Haitises + Cayo Levantado from Samana Port.<\/a><\/li>\n<li><a href=\"https:\/\/www.ticketswhales.com\/tour\/los-haitises-national-park-lunch-at-cano-hondo-from-samana-port\/\" target=\"_blank\" rel=\"noopener\">Los Haitises + Cano Hondo from Samana Port.<\/a><\/li>\n<\/ol>\n<p>&nbsp;<\/p>\n<h4><em><strong>Kaj morate prinesti?<\/strong><\/em><\/h4>\n<ul>\n<li style=\"font-weight: 400;\"><span style=\"font-weight: 400;\">fotoaparat<\/span><\/li>\n<li style=\"font-weight: 400;\"><span style=\"font-weight: 400;\">Odganjalni popki<\/span><\/li>\n<li style=\"font-weight: 400;\"><span style=\"font-weight: 400;\">son\u010dna krema<\/span><\/li>\n<li style=\"font-weight: 400;\"><span style=\"font-weight: 400;\">Klobuk<\/span><\/li>\n<li style=\"font-weight: 400;\"><span style=\"font-weight: 400;\">Udobne hla\u010de<\/span><\/li>\n<li style=\"font-weight: 400;\"><span style=\"font-weight: 400;\">Pohodni\u0161ki \u010devlji za gozd<\/span><\/li>\n<li style=\"font-weight: 400;\"><span style=\"font-weight: 400;\">Sandali za pomladna obmo\u010dja.<\/span><\/li>\n<li style=\"font-weight: 400;\"><span style=\"font-weight: 400;\">Kopalna obla\u010dila<\/span><\/li>\n<\/ul>\n<p>&nbsp;<\/p>\n<h4><b><i>Prevzem v hotelu <\/i><\/b><\/h4>\n<p><span style=\"font-weight: 400;\">Hotel pick-up is not offered for this tour. But if you contact us we can talk about it.<\/span><\/p>\n<p>&nbsp;<\/p>\n<p><b>Opomba:<\/b><span style=\"font-weight: 400;\"> \u010ce ste rezervirani v 24 urah po \u010dasu odhoda potovanja\/izleta, lahko organiziramo hotelski prevzem z dopla\u010dilom. Ko bo va\u0161 nakup opravljen, vam bomo poslali popolne kontaktne podatke (telefonsko \u0161tevilko, e-po\u0161tni naslov itd.) za na\u0161ega lokalnega turisti\u010dnega vodnika, ki bo organiziral prevzem.<\/span><\/p>\n<h4><b><i>Potrditev dodatnih informacij <\/i><\/b><\/h4>\n<ol>\n<li>Vstopnice so potrdilo po pla\u010dilu tega izleta. Pla\u010dilo lahko prika\u017eete na telefonu.<\/li>\n<li style=\"font-weight: 400;\"><span style=\"font-weight: 400;\">Zbirno mesto bo prejeto po opravljenem postopku rezervacije.<\/span><\/li>\n<li style=\"font-weight: 400;\"><span style=\"font-weight: 400;\">Otroci morajo biti v spremstvu odrasle osebe.<\/span><\/li>\n<li style=\"font-weight: 400;\"><span style=\"font-weight: 400;\"> Ni dostopno z invalidskim vozi\u010dkom <\/span><\/li>\n<li style=\"font-weight: 400;\"><span style=\"font-weight: 400;\">Dojen\u010dki morajo sedeti v naro\u010dju <\/span><\/li>\n<li style=\"font-weight: 400;\"><span style=\"font-weight: 400;\">Ni priporo\u010dljivo za popotnike s te\u017eavami s hrbtom<\/span><\/li>\n<li style=\"font-weight: 400;\"><span style=\"font-weight: 400;\">Ni priporo\u010dljivo za nose\u010dnice <\/span><\/li>\n<li style=\"font-weight: 400;\"><span style=\"font-weight: 400;\"> Brez te\u017eav s srcem ali drugih resnih zdravstvenih te\u017eav <\/span><\/li>\n<li style=\"font-weight: 400;\"><span style=\"font-weight: 400;\">Ve\u010dina popotnikov lahko sodeluje<\/span><\/li>\n<\/ol>\n<h4><b><i>Politika odpovedi<\/i><\/b><\/h4>\n<p><span style=\"font-weight: 400;\">Za povra\u010dilo celotnega zneska prekli\u010dite vsaj 24 ur pred datumom za\u010detka do\u017eivetja.<\/span><\/p>\n\n\t\t<\/div>\n\t<\/div>\n<\/div><\/div><\/div><\/div><div class=\"vc_row wpb_row vc_row-fluid\" ><div class=\"wpb_column vc_column_container vc_col-sm-12\"><div class=\"vc_column-inner\"><div class=\"wpb_wrapper\"><div class=\"vc_empty_space\"   style=\"height: 32px\"><span class=\"vc_empty_space_inner\"><\/span><\/div>\n\t<div class=\"wpb_text_column wpb_content_element\" >\n\t\t<div class=\"wpb_wrapper\">\n\t\t\t<h4>Kontaktiraj nas?<\/h4>\n<h5><em><strong>Booking Adventures<\/strong><\/em><\/h5>\n<p><em><strong>Doma\u010dini<\/strong> in <strong>Dr\u017eavljani<\/strong> Turisti\u010dni vodniki in storitve za goste<\/em><\/p>\n<p><span class=\"text-turquoise\">Rezervacije:<\/span> Ogledi in izleti v Dom Rep.<\/p>\n<p><img decoding=\"async\" class=\"emoji\" draggable=\"false\" src=\"https:\/\/s.w.org\/images\/core\/emoji\/11.2.0\/svg\/1f4de.svg\" alt=\"\ud83d\udcde\" \/> Tel\/Whatsapp\u00a0 <a href=\"tel:+1-809-720-6035\">+1-809-720-6035<\/a>.<\/p>\n<p><img decoding=\"async\" class=\"emoji\" draggable=\"false\" src=\"https:\/\/s.w.org\/images\/core\/emoji\/11.2.0\/svg\/1f4e9.svg\" alt=\"\ud83d\udce9\" \/> <a href=\"mailto:info@bookingadventures.com.do\">info@bookingadventures.com.do<\/a><\/p>\n<p><strong>Zasebne izlete prek Whatsappa smo prilagodljivi: <a href=\"tel:+18097206035\">+18097206035.<\/a><\/strong><\/p>\n\n\t\t<\/div>\n\t<\/div>\n<div class=\"vc_empty_space\"   style=\"height: 32px\"><span class=\"vc_empty_space_inner\"><\/span><\/div><\/div><\/div><\/div><\/div>","protected":false},"excerpt":{"rendered":"<p><strong>Prosimo izberite datum za turnejo\u00a0<\/strong><\/p>","protected":false},"featured_media":94,"template":"","meta":[],"product_brand":[],"product_cat":[96,97,135,136,122,123,124],"product_tag":[137,138,139,140,141,114,142,143],"class_list":{"0":"post-34","1":"product","2":"type-product","3":"status-publish","4":"has-post-thumbnail","6":"product_cat-hiking","7":"product_cat-horse-riding-to-waterfalls","8":"product_cat-lunch","9":"product_cat-safari-samana","10":"product_cat-tours-and-excursions","11":"product_cat-tours-excursions-los-haitises-national-park","12":"product_cat-tours-excursions-samana-bay-dominican-republic","13":"product_tag-bacardi-island","14":"product_tag-beach-time","15":"product_tag-cayo-levantado","16":"product_tag-el-limon-waterfalls","17":"product_tag-punta-cana","18":"product_tag-sabana-de-la-mar","19":"product_tag-samana","20":"product_tag-samana-tours","22":"first","23":"instock","24":"sale","25":"sold-individually","26":"shipping-taxable","27":"product-type-external"},"_links":{"self":[{"href":"https:\/\/visitaloshaitises.com\/sl\/wp-json\/wp\/v2\/product\/34","targetHints":{"allow":["GET"]}}],"collection":[{"href":"https:\/\/visitaloshaitises.com\/sl\/wp-json\/wp\/v2\/product"}],"about":[{"href":"https:\/\/visitaloshaitises.com\/sl\/wp-json\/wp\/v2\/types\/product"}],"wp:featuredmedia":[{"embeddable":true,"href":"https:\/\/visitaloshaitises.com\/sl\/wp-json\/wp\/v2\/media\/94"}],"wp:attachment":[{"href":"https:\/\/visitaloshaitises.com\/sl\/wp-json\/wp\/v2\/media?parent=34"}],"wp:term":[{"taxonomy":"product_brand","embeddable":true,"href":"https:\/\/visitaloshaitises.com\/sl\/wp-json\/wp\/v2\/product_brand?post=34"},{"taxonomy":"product_cat","embeddable":true,"href":"https:\/\/visitaloshaitises.com\/sl\/wp-json\/wp\/v2\/product_cat?post=34"},{"taxonomy":"product_tag","embeddable":true,"href":"https:\/\/visitaloshaitises.com\/sl\/wp-json\/wp\/v2\/product_tag?post=34"}],"curies":[{"name":"wp","href":"https:\/\/api.w.org\/{rel}","templated":true}]}}