{"id":247,"date":"2020-06-14T12:00:36","date_gmt":"2020-06-14T12:00:36","guid":{"rendered":"https:\/\/haitises.com\/product\/import-placeholder-for-9731\/"},"modified":"2024-04-19T21:53:54","modified_gmt":"2024-04-19T21:53:54","slug":"bahia-de-las-aguilas-beach-day-trip-by-boat-day-pass-snorkeling-lunch","status":"publish","type":"product","link":"https:\/\/visitaloshaitises.com\/sl\/private\/bahia-de-las-aguilas-plaza-celodnevni-izlet-z-ladjo-dnevna-vstopnica-potapljanje-kosilo\/","title":{"rendered":"Bahia de las Aguilas: Celodnevni izlet na pla\u017eo z ladjo - dnevna karta - potapljanje in kosilo"},"content":{"rendered":"<div class=\"vc_row wpb_row vc_row-fluid\" ><div class=\"wpb_column vc_column_container vc_col-sm-12\"><div class=\"vc_column-inner\"><div class=\"wpb_wrapper\"><div class=\"mkdf-section-title-holder\" style=\"text-align: left\">\n\t<div class=\"mkdf-st-inner\">\n\t\t\t\t\t<h5 class=\"mkdf-st-subtitle\" >\n\t\t\t\tCelodnevni vozovnica - Potapljanje in kosilo\t\t\t<\/h5>\n\t\t\t\t\t\t\t<h3 class=\"mkdf-st-title\" >\n\t\t\t\tBah\u00eda de las Aguilas: celodnevni izlet na pla\u017eo z ladjo\t\t\t<\/h3>\n\t\t\t\t\t<\/div>\n<\/div><\/div><\/div><\/div><\/div><div class=\"vc_row wpb_row vc_row-fluid\" ><div class=\"wpb_column vc_column_container vc_col-sm-12\"><div class=\"vc_column-inner\"><div class=\"wpb_wrapper\">\n\t<div class=\"wpb_text_column wpb_content_element\" >\n\t\t<div class=\"wpb_wrapper\">\n\t\t\t<h4><b><i>Pregled<\/i><\/b><\/h4>\n<p>Pre\u017eivite dan na pla\u017ei in se prepu\u0161\u010dajte duhu, dale\u010d stran od turisti\u010dnih obmo\u010dij in vsega stresa. Pridite in odkrijte narodni park Jaragua in Bahia de las \u00c1guilas. Zapeljite se po \u010dudoviti cesti s \u010dudovitim razgledom na majhno pristani\u0161\u010de in ribi\u0161ko vasico Cabo Rojo. V kraju Las Cuevas se vkrcajte na ladjo, ki vas v 15 minutah popelje do ene najlep\u0161ih naravnih pla\u017e na svetu. Pesek v zalivu Bah\u00eda de las Aguilas je nedotaknjen, zaliv pa meri 8 km. Do\u017eivite izjemno obalno pokrajino s kristalno \u010disto vodo, ki se sveti v odtenkih od turkizne do opalno modre, ki se staplja z obzorjem. Kosilo vam postre\u017eejo na pla\u017ei, kopajte ali se potapljajte in raziskujte ta nedotaknjen naravni raj.<\/p>\n<p>&nbsp;<\/p>\n<ul>\n<li>Lokalni vodnik z izku\u0161njami na podro\u010dju varnosti.<\/li>\n<li>Privatni prevoz<\/li>\n<li>Pristojbine vklju\u010dene<\/li>\n<li>Kosilo<\/li>\n<li>Lokalni vodnik v \u0161pan\u0161\u010dini, angle\u0161\u010dini ali franco\u0161\u010dini.<\/li>\n<li>Pohodni\u0161tvo<\/li>\n<li>Potapljanje z masko<\/li>\n<\/ul>\n<h4><b>Vklju\u010ditve in izklju\u010ditve<\/b><\/h4>\n<p>&nbsp;<\/p>\n<p><b>Vklju\u010dki<\/b><\/p>\n<ol>\n<li>Lokalni vodnik z izku\u0161njami na podro\u010dju varnosti.<\/li>\n<li>Zasebni prevozi za manj\u0161e skupine<\/li>\n<li>Vsi davki, pristojbine in manipulativni stro\u0161ki<\/li>\n<li>Lokalni davki<\/li>\n<li>Kosilo<\/li>\n<li>Pohodni\u0161tvo<\/li>\n<li>Naravni bazeni<\/li>\n<li>Potapljanje z masko<\/li>\n<li>Vse dejavnosti<\/li>\n<\/ol>\n<p><b>Izklju\u010ditve<\/b><\/p>\n<ol>\n<li>Napitnine<\/li>\n<li>Vse pija\u010de<\/li>\n<\/ol>\n<h4><em><strong>Odhod in povratek<\/strong><\/em><\/h4>\n<p>Potnik bo dobil zbirali\u0161\u010de po opravljenem postopku rezervacije. Ogledi se za\u010dnejo in kon\u010dajo na va\u0161ih zbirali\u0161\u010dih.<\/p>\n<h2 class=\"styles__heading___mD4_3\" data-radium=\"true\">Bahia de las Aguilas: celodnevni izlet na pla\u017eo z ladjo - dnevna karta - potapljanje in kosilo<\/h2>\n<h4><em>Kaj pri\u010dakovati?<\/em><\/h4>\n<p>Playa de las Aguilas je dobila ime po avtohtonem orlu. Znana je kot najlep\u0161a pla\u017ea v vsej dr\u017eavi. Podnebje v parku je zelo suho, rastlinje pa sestavljajo predvsem kaktusi in druge pu\u0161\u010davske rastline. Rde\u010da pra\u0161na cesta, ki poteka ob zalivu, je primerljiva s pokrajino afri\u0161ke savane.<br \/>\nOdkrijte ta raj za ribi\u010de in ljubitelje belih pe\u0161\u010denih pla\u017e ter kristalno \u010diste vode. Najprej se odpravite v vas La Cueva, kjer v jamah \u017eivijo lokalni ribi\u010di.<\/p>\n<p>Ali v tem popolnem trenutku kaj manjka?<\/p>\n<p>Zaradi mirnega morja in rahlega vetra ne boste preve\u010d trpeli zaradi sonca in vro\u010dine. Postanite raziskovalec za en dan in odkrijte ekolo\u0161ki, naravni in popolnoma neokrnjen raj. Opazujete lahko ve\u010d kot 130 vrst ptic, od katerih jih 76 stalno \u017eivi v zalivu, 10 je endemi\u010dnih, 47 pa se jih seli.<\/p>\n<p>08.00 - Odhod iz hotela<br \/>\n09.30 - Kratek postanek v Laguni de Oviedo, kjer lahko u\u017eivate v razgledu z razgledne plo\u0161\u010dadi<br \/>\n11.00 - Odhod z ladjo iz vasi La Cueva do Bahia de las Aguilas<br \/>\n12.30 - Tipi\u010dno kosilo na pla\u017ei<br \/>\n03.00 - Vrnitev v La Cuevo<br \/>\n06.00 - Prihod v hotel<\/p>\n<h4><em><strong>Kaj morate prinesti?<\/strong><\/em><\/h4>\n<ul>\n<li>fotoaparat<\/li>\n<li>Odganjalni popki<\/li>\n<li>son\u010dna krema<\/li>\n<li>Voda<\/li>\n<li>Klobuk<\/li>\n<li>Udobne hla\u010de<\/li>\n<li>Pohodni\u0161ki \u010devlji za gozd<\/li>\n<li>Sandali za pomladna obmo\u010dja.<\/li>\n<li>Kopalna obla\u010dila<\/li>\n<\/ul>\n<p>&nbsp;<\/p>\n<h4><b><i>Prevzem v hotelu<\/i><\/b><\/h4>\n<p>Za to turo je na voljo prevzem v hotelu. Prevzem\/prevoz iz hotela (obmo\u010dje Barahona\/Paraiso\/Los Patos).<\/p>\n<p><b>Opomba:<\/b>\u00a0\u010ce rezervacijo opravite v 24 urah pred odhodom na izlet\/ekskurzijo, lahko uredimo prevzem v hotelu. Prevzemamo samo na obmo\u010dju Samane. Ko bo va\u0161 nakup opravljen, vam bomo poslali popolne kontaktne podatke (telefonsko \u0161tevilko, e-po\u0161tni naslov itd.) za na\u0161ega lokalnega turisti\u010dnega vodnika, ki bo organiziral prevzem.<\/p>\n<h4><b><i>Potrditev dodatnih informacij<\/i><\/b><\/h4>\n<ol>\n<li>Vstopnice so potrdilo po pla\u010dilu tega izleta. Pla\u010dilo lahko prika\u017eete na telefonu.<\/li>\n<li>Zbirno mesto bo prejeto po opravljenem postopku rezervacije.<\/li>\n<li>Otroci morajo biti v spremstvu odrasle osebe.<\/li>\n<li>Ni dostopno z invalidskim vozi\u010dkom<\/li>\n<li>Dojen\u010dki morajo sedeti v naro\u010dju<\/li>\n<li>Ni priporo\u010dljivo za popotnike s te\u017eavami s hrbtom<\/li>\n<li>Ni priporo\u010dljivo za nose\u010dnice<\/li>\n<li>Brez te\u017eav s srcem ali drugih resnih zdravstvenih te\u017eav<\/li>\n<li>Ve\u010dina popotnikov lahko sodeluje<\/li>\n<\/ol>\n<h4><b><i>Politika odpovedi<\/i><\/b><\/h4>\n<p>Za povra\u010dilo celotnega zneska prekli\u010dite vsaj 24 ur pred datumom za\u010detka do\u017eivetja. Sredstva bodo izgubljena, \u010de je rezervacija odpovedana isti dan potovanja.<\/p>\n\n\t\t<\/div>\n\t<\/div>\n<\/div><\/div><\/div><\/div>","protected":false},"excerpt":{"rendered":"<p>Kupite dnevno vozovnico za Bahia las Aguilas iz Barahone. Vo\u017enja skozi narodni park Jaragua do Cabo Rojo, kjer vas \u010daka ladja. Po 15-minutni vo\u017enji z ladjo boste prispeli do \u010dudovite in odmaknjene pla\u017ee Bahia de las Aguilas, ki velja za najlep\u0161o pla\u017eo v dr\u017eavi. Na pla\u017ei vam bomo postregli s kosilom in imeli boste prilo\u017enost za kopanje ali preprosto sprostitev na pla\u017ei. U\u017eivajte v nedotaknjenem belem pesku te 8 km dolge pla\u017ee.<\/p>\n<p>&nbsp;<\/p>\n<p><strong>Izberite dan za to potovanje:<\/strong><\/p>","protected":false},"featured_media":500,"template":"","meta":[],"product_brand":[],"product_cat":[396,135],"product_tag":[397,398,399,400,401,402,403,404,405,406,407,408,409,410,411],"class_list":{"0":"post-247","1":"product","2":"type-product","3":"status-publish","4":"has-post-thumbnail","6":"product_cat-bahia-de-las-aguilas-dominican-republic","7":"product_cat-lunch","8":"product_tag-bahia-de-las-aguilas","9":"product_tag-bahia-de-las-aguilas-pedernales","10":"product_tag-bahia-de-las-aguilas-beach-tour","11":"product_tag-bahia-de-las-aguilas-hoteles","12":"product_tag-bahia-de-las-aguilas-map","13":"product_tag-bahia-de-las-aguilas-private-tour","14":"product_tag-bahia-de-las-aguilas-republica-dominicana-hotel","15":"product_tag-bahia-de-las-aguilas-tour-from-punta-cana","16":"product_tag-bahia-de-las-aguilas-beach-day-trip-by-boat","17":"product_tag-bahia-las-aguilas-tours","18":"product_tag-barahona-tours","19":"product_tag-closest-airport-to-bahia-de-las-aguilas","20":"product_tag-hotel-barahona","21":"product_tag-playa-bahia-de-las-aguilas-dominican-republic","22":"product_tag-tours-a-bahia-de-las-aguilas-desde-santo-domingo","24":"first","25":"instock","26":"sale","27":"sold-individually","28":"shipping-taxable","29":"product-type-external"},"_links":{"self":[{"href":"https:\/\/visitaloshaitises.com\/sl\/wp-json\/wp\/v2\/product\/247","targetHints":{"allow":["GET"]}}],"collection":[{"href":"https:\/\/visitaloshaitises.com\/sl\/wp-json\/wp\/v2\/product"}],"about":[{"href":"https:\/\/visitaloshaitises.com\/sl\/wp-json\/wp\/v2\/types\/product"}],"wp:featuredmedia":[{"embeddable":true,"href":"https:\/\/visitaloshaitises.com\/sl\/wp-json\/wp\/v2\/media\/500"}],"wp:attachment":[{"href":"https:\/\/visitaloshaitises.com\/sl\/wp-json\/wp\/v2\/media?parent=247"}],"wp:term":[{"taxonomy":"product_brand","embeddable":true,"href":"https:\/\/visitaloshaitises.com\/sl\/wp-json\/wp\/v2\/product_brand?post=247"},{"taxonomy":"product_cat","embeddable":true,"href":"https:\/\/visitaloshaitises.com\/sl\/wp-json\/wp\/v2\/product_cat?post=247"},{"taxonomy":"product_tag","embeddable":true,"href":"https:\/\/visitaloshaitises.com\/sl\/wp-json\/wp\/v2\/product_tag?post=247"}],"curies":[{"name":"wp","href":"https:\/\/api.w.org\/{rel}","templated":true}]}}