{"id":11694,"date":"2023-10-04T07:40:34","date_gmt":"2023-10-04T07:40:34","guid":{"rendered":"https:\/\/haitises.com\/?post_type=product&#038;p=11694"},"modified":"2024-03-28T17:22:23","modified_gmt":"2024-03-28T17:22:23","slug":"pico-duarte-hike-with-local-experts-duarte-peak-camping-trekking-3","status":"publish","type":"product","link":"https:\/\/visitaloshaitises.com\/sl\/private\/pohod-na-vrh-duarte-z-lokalnimi-strokovnjaki-duarte-peak-camping-treking-3\/","title":{"rendered":"Pohod na Duarte Peak z lokalnimi strokovnjaki - Duarte Peak Camping &amp; Trekking"},"content":{"rendered":"<div class=\"vc_row wpb_row vc_row-fluid\" ><div class=\"wpb_column vc_column_container vc_col-sm-12\"><div class=\"vc_column-inner\"><div class=\"wpb_wrapper\"><div class=\"vc_empty_space\"   style=\"height: 32px\"><span class=\"vc_empty_space_inner\"><\/span><\/div><div class=\"mkdf-section-title-holder\" style=\"text-align: left\">\n\t<div class=\"mkdf-st-inner\">\n\t\t\t\t\t<h5 class=\"mkdf-st-subtitle\" >\n\t\t\t\tDuarte Peak Camping &amp; Trekking\t\t\t<\/h5>\n\t\t\t\t\t\t\t<h3 class=\"mkdf-st-title\" >\n\t\t\t\tPohod po Pico Duarte z lokalnimi strokovnjaki\t\t\t<\/h3>\n\t\t\t\t\t<\/div>\n<\/div><div class=\"vc_empty_space\"   style=\"height: 32px\"><span class=\"vc_empty_space_inner\"><\/span><\/div><div class=\"vc_message_box vc_message_box-standard vc_message_box-rounded vc_color-info\" ><div class=\"vc_message_box-icon\"><i class=\"fas fa-info-circle\"><\/i><\/div><p>Rezervirajte ( 7) dni pred dnevom pla\u010dila.<\/p>\n<\/div><div class=\"vc_empty_space\"   style=\"height: 32px\"><span class=\"vc_empty_space_inner\"><\/span><\/div><\/div><\/div><\/div><\/div><div class=\"vc_row wpb_row vc_row-fluid\" ><\/div><div class=\"wpb_column vc_column_container vc_col-sm-12\"><div class=\"vc_column-inner\"><div class=\"wpb_wrapper\"><\/div><\/div><\/div>\n\t<div class=\"wpb_text_column wpb_content_element\" >\n\t\t<div class=\"wpb_wrapper\">\n\t\t\t\n\t\t<\/div>\n\t<\/div>\n<div class=\"vc_row wpb_row vc_row-fluid\">\n<div class=\"wpb_column vc_column_container vc_col-sm-12\">\n<div class=\"vc_column-inner\">\n<div class=\"wpb_wrapper\">\n<div class=\"wpb_text_column wpb_content_element\">\n<div class=\"wpb_wrapper\">\n<div class=\"vc_row wpb_row vc_row-fluid\">\n<div class=\"wpb_column vc_column_container vc_col-sm-12\">\n<div class=\"vc_column-inner\">\n<div class=\"wpb_wrapper\">\n<div class=\"wpb_text_column wpb_content_element\">\n<div class=\"wpb_wrapper\">\n<h2><span style=\"font-weight: 400;\">Treking na vrh Duarte\u00a0<\/span><\/h2>\n<p><span style=\"font-weight: 400;\">Pridru\u017eite se nam pri vzponu na najvi\u0161jo to\u010dko Karibov na nacionalnem obmo\u010dju J. Almando Bermudez, ki se nahaja v osrednjem gorskem pasu dr\u017eave. <\/span><span style=\"font-weight: 400;\">Iz tropskega gozda se boste podali v borov gozd narodnega parka J. Armando Bermudez, kjer boste hodili po poteh med tiso\u010derimi praproti, videli papige, zlate \u017eli\u010darke in druge eksoti\u010dne ptice.\u00a0<\/span><\/p>\n<p><span style=\"font-weight: 400;\">Nacionalni park Armando Berm\u00fadez je bil ustanovljen leta 1956 in obsega 767 kvadratnih kilometrov (296 kvadratnih milj), skupaj s sosednjim nacionalnim parkom Jos\u00e9 del Carmen Ram\u00edrez.<\/span><\/p>\n<p><span style=\"font-weight: 400;\">Iz njega izvira reka Yaque del Norte in \u0161e ve\u010d drugih rek. Oba parka pokrivata povr\u0161ino celotnega gorskega masiva Cordillera Central. Na tej nadmorski vi\u0161ini, kjer se temperature gibljejo od 12\u00baC (53\u00baF) do -8\u00baC (17\u00baF) pono\u010di, boste opazili edinstveno rastlinstvo.<\/span><\/p>\n<\/div>\n<h4><strong>Turisti\u010dni vodniki:\u00a0<\/strong><\/h4>\n<div class=\"wpb_wrapper\">\n<p><span style=\"font-weight: 400;\">V dru\u017ebi strokovnega vodnika boste to pot prepotovali najve\u010dje gorsko obmo\u010dje z ve\u010d kot 250 km dol\u017eine in 60 km svetlobe, Pico Duarte je najvi\u0161ji vrh na Karibih z (3'098 m), kar je pribli\u017eno 10.164 \u010devljev.<\/span><\/p>\n<p>&nbsp;<\/p>\n<p><span style=\"font-weight: 400;\">Pico Duarte (vrh Duarte) je poimenovan po Juanu Pablu Duarteju, ki velja za enega od ustanoviteljev Dominikanske republike. <\/span><span style=\"font-weight: 400;\">Ta tura je dolga 28 milj (46 kilometrov) v obe smeri in jo je mogo\u010de prehoditi v treh dneh, preno\u010di\u0161\u010de pa je zagotovljeno v dobro urejenih planinskih ko\u010dah.<\/span><\/p>\n<p><span style=\"font-weight: 400;\">Ta tridnevni pohod vodijo lokalni dominikanski vodniki, ki so odgovorni za vodenje v obe smeri. Za tiste, ki ne \u017eelijo prehoditi razdalje, imajo na voljo tudi konje, lahko pa tudi mule. Med hojo si oglejte \u010dudovito pokrajino in opazujte lokalne divje \u017eivali.\u00a0<\/span><\/p>\n<p><span style=\"font-weight: 400;\">Gore in pokrajino naseljujejo razli\u010dne ptice in legvani, ki \u017eivijo na razgibanem terenu. U\u017eivajte, ko vas obkro\u017eajo sen\u010dna drevesa in vodni izviri, kjer se lahko ohladite po napornem dnevu pohodni\u0161tva.<\/span><\/p>\n<p>&nbsp;<\/p>\n<h2><b>Vozni red:\u00a0<\/b><\/h2>\n<p>&nbsp;<\/p>\n<h4><b>1. dan<\/b><span style=\"font-weight: 400;\">&#8211; <\/span><\/h4>\n<p><span style=\"font-weight: 400;\">Zbirno mesto mora biti ob 9:30 v Jarabacoi. Kosilo v mestu Jarabacoa (ta obrok ni vklju\u010den) Prihod v Cienaga de Jarabacoa. Sprehod do Caseta de Los Tablones v parku (4 km). Ve\u010derja. Spanje<\/span><\/p>\n<p>&nbsp;<\/p>\n<h4><b>Dan 2- <\/b><\/h4>\n<p><span style=\"font-weight: 400;\">Danes zjutraj bomo zgodaj vstali. Imeli smo zajtrk. Za\u010detek hoje ob 5. uri zjutraj proti La Caseta de Compartici\u00f3n, pribli\u017eno 13 km. Kratek po\u010ditek. Nekaj prigrizkov. Nadaljujemo proti vrhu vrha, in sicer skozi Valle de Lil\u00eds (6 km od Compartici\u00f3n do vrha). Tam bodo posebne to\u010dke za po\u010ditek. Z vrha se vrnemo v La Compartici\u00f3n, kjer si privo\u0161\u010dimo kosilo\/ve\u010derjo, po\u010ditek, kopanje, \u010daj ob tabornem ognju in spanje.<\/span><\/p>\n<p>&nbsp;<\/p>\n<h4><b>Dan 3 - 3<\/b><\/h4>\n<p><span style=\"font-weight: 400;\"> Vstanemo ob 6. uri zjutraj. Zajtrkujemo in se vrnemo v La Ci\u00e9naga, pribli\u017eno 17 km. Pred povratkom sledi tipi\u010dno kosilo.<\/span><\/p>\n<p>&nbsp;<\/p>\n<p><span style=\"font-weight: 400;\">Opomba: Vsak udele\u017eenec mora v nahrbtniku nositi prigrizke s sprehoda (hidratantne, sladke in slane, jedilne po lastni izbiri, plastenke z vodo, ki jih lahko napolni med potjo).\u00a0<\/span><\/p>\n<p><span style=\"font-weight: 400;\">Ljudje, ki bodo sodelovali, morajo biti optimalno telesno in du\u0161evno zdravi. Ljudje z zdravstvenim stanjem, ki lahko vpliva na dolgotrajne napore, kot so astma, te\u017eave s pritiskom, sladkorna bolezen ali druge bolezni, povezane s to vrsto telesne dejavnosti, ki bi lahko ogrozile, ne smejo sodelovati.<\/span><\/p>\n<p>&nbsp;<\/p>\n<h4><b>Vklju\u010ditve in izklju\u010ditve<\/b><\/h4>\n<p><b>Vklju\u010dki<\/b><\/p>\n<ul>\n<li style=\"font-weight: 400;\"><span style=\"font-weight: 400;\">Trije dnevi trekinga<\/span><\/li>\n<li style=\"font-weight: 400;\"><span style=\"font-weight: 400;\">Lokalni vodnik<\/span><\/li>\n<li style=\"font-weight: 400;\"><span style=\"font-weight: 400;\">Mule za prena\u0161anje stvari<\/span><\/li>\n<li style=\"font-weight: 400;\"><span style=\"font-weight: 400;\">Voda\u00a0<\/span><\/li>\n<li style=\"font-weight: 400;\"><span style=\"font-weight: 400;\">Sadje\u00a0<\/span><\/li>\n<li style=\"font-weight: 400;\"><span style=\"font-weight: 400;\">Davki za narodne parke\u00a0<\/span><\/li>\n<li style=\"font-weight: 400;\"><span style=\"font-weight: 400;\">Sok, kava, vro\u010da \u010dokolada<\/span><\/li>\n<\/ul>\n<p><b>Izklju\u010ditve<\/b><\/p>\n<ol>\n<li>Napitnine<\/li>\n<li>Avto za prenos<\/li>\n<li>Kampiranje se nagiba<\/li>\n<li>Paket za hrbet<\/li>\n<li>Obroki<\/li>\n<li>Alkoholne pija\u010de<\/li>\n<\/ol>\n<h4><em><strong>Odhod in povratek<\/strong><\/em><\/h4>\n<p>To potovanje se za\u010dne ob 9:30 in kon\u010da dva dni pozneje okoli 16:00.<\/p>\n<p>Potnik bo dobil zbirali\u0161\u010de po opravljenem postopku rezervacije. Ture se za\u010dnejo in kon\u010dajo na na\u0161ih zbirali\u0161\u010dih.<\/p>\n<p><strong>urnik:<\/strong><\/p>\n<p>3-DNEVNI IZLET<\/p>\n<p>&nbsp;<\/p>\n<h4><em><strong>Kaj morate prinesti?<\/strong><\/em><\/h4>\n<ul>\n<li>fotoaparat<\/li>\n<li>Brisa\u010de<\/li>\n<li>Za\u0161\u010dita pred soncem<\/li>\n<li>Klobuk<\/li>\n<li>Hrana<\/li>\n<li>\u0160otori za kampiranje<\/li>\n<li>Udobne hla\u010de in \u010devlji<\/li>\n<li>Kopalna obla\u010dila<\/li>\n<li>Gotovina za spominke<\/li>\n<\/ul>\n<p>&nbsp;<\/p>\n<h4><b><i>Prevzem v hotelu<\/i><\/b><\/h4>\n<p>Prevzem iz hotela za to turnejo ni na voljo.<\/p>\n<p><b>Opomba:<\/b> \u010de rezervirate v 24 urah pred \u010dasom odhoda na izlet\/ekskurzijo, lahko z dopla\u010dilom uredimo prevzem v hotelu iz kateregakoli kraja Dominikanske republike. Ko bo va\u0161 nakup opravljen, vam bomo poslali popolne kontaktne podatke (telefonsko \u0161tevilko, e-po\u0161tni naslov itd.) za na\u0161ega lokalnega turisti\u010dnega vodnika, ki bo organiziral prevzem.<\/p>\n<h4><b><i>Potrditev dodatnih informacij<\/i><\/b><\/h4>\n<ol>\n<li>Vstopnice so potrdilo po pla\u010dilu tega izleta. Pla\u010dilo lahko prika\u017eete na telefonu.<\/li>\n<li>Zbirno mesto bo prejeto po opravljenem postopku rezervacije.<\/li>\n<li><span style=\"vertical-align: inherit;\"><span style=\"vertical-align: inherit;\">Otroci morajo biti v spremstvu odrasle osebe.<\/span><\/span><\/li>\n<li><span style=\"vertical-align: inherit;\"><span style=\"vertical-align: inherit;\">dostopen invalidski vozi\u010dek<\/span><\/span><\/li>\n<li><span style=\"vertical-align: inherit;\"><span style=\"vertical-align: inherit;\">Dojen\u010dki morajo sedeti v naro\u010dju<\/span><\/span><\/li>\n<li><span style=\"vertical-align: inherit;\"><span style=\"vertical-align: inherit;\">Sodeluje lahko ve\u010dina potnikov.<\/span><\/span><\/li>\n<li><span style=\"vertical-align: inherit;\"><span style=\"vertical-align: inherit;\">Nose\u010dnicam ni priporo\u010dljivo sodelovati.<\/span><\/span><\/li>\n<\/ol>\n<h4><b><i><span style=\"vertical-align: inherit;\"><span style=\"vertical-align: inherit;\">Politika odpovedi<\/span><\/span><\/i><\/b><\/h4>\n<p><span style=\"vertical-align: inherit;\"><span style=\"vertical-align: inherit;\">Za vra\u010dilo celotne kupnine prekli\u010dite udele\u017ebo vsaj 14 dni pred za\u010detkom do\u017eivetja.<\/span><\/span><\/p>\n<\/div>\n<\/div>\n<\/div>\n<\/div>\n<\/div>\n<\/div>\n<\/div>\n<\/div>\n<\/div>\n<\/div>\n<\/div>\n<\/div>\n<div class=\"vc_row wpb_row vc_row-fluid\">\n<div class=\"wpb_column vc_column_container vc_col-sm-12\">\n<div class=\"vc_column-inner\">\n<div class=\"wpb_wrapper\">\n<div class=\"vc_empty_space\"><\/div>\n<div class=\"wpb_text_column wpb_content_element\">\n<div class=\"wpb_wrapper\">\n<h4><span style=\"vertical-align: inherit;\"><span style=\"vertical-align: inherit;\">Kontaktirajte nas?<\/span><\/span><\/h4>\n<h5><b><i><span style=\"vertical-align: inherit;\"><span style=\"vertical-align: inherit;\">Rezervacije avanture<\/span><\/span><\/i><\/b><\/h5>\n<p><em><span style=\"vertical-align: inherit;\"><span style=\"vertical-align: inherit;\">\u00a0Turisti\u010dni vodniki in storitve za goste <\/span><strong><span style=\"vertical-align: inherit;\">lokalni<\/span><\/strong><span style=\"vertical-align: inherit;\"> \u00a0in\u00a0 <\/span><\/span><strong><span style=\"vertical-align: inherit;\"><span style=\"vertical-align: inherit;\">nacionalni<\/span><\/span><\/strong><\/em><\/p>\n<p><span class=\"text-turquoise\"><span style=\"vertical-align: inherit;\"><span style=\"vertical-align: inherit;\">Rezervacije:<\/span><\/span><\/span><span style=\"vertical-align: inherit;\"><span style=\"vertical-align: inherit;\"> \u00a0Ogledi in izleti v Dom. <\/span><span style=\"vertical-align: inherit;\">Predstavniki.<\/span><\/span><\/p>\n<p><img decoding=\"async\" class=\"emoji\" draggable=\"false\" src=\"https:\/\/s.w.org\/images\/core\/emoji\/11.2.0\/svg\/1f4de.svg\" alt=\"\ud83d\udcde\" \/><span style=\"vertical-align: inherit;\"><span style=\"vertical-align: inherit;\">\u00a0Tel\/Whatsapp\u00a0\u00a0 <\/span><\/span><a href=\"tel:+1-809-720-6035\"><span style=\"vertical-align: inherit;\"><span style=\"vertical-align: inherit;\">+ 1-809-720-6035<\/span><\/span><\/a><span style=\"vertical-align: inherit;\"><span style=\"vertical-align: inherit;\"> .<\/span><\/span><\/p>\n<p><img decoding=\"async\" class=\"emoji\" draggable=\"false\" src=\"https:\/\/s.w.org\/images\/core\/emoji\/11.2.0\/svg\/1f4e9.svg\" alt=\"\ud83d\udce9\" \/>\u00a0<a href=\"mailto:info@bookingadventures.com.do\"><span style=\"vertical-align: inherit;\"><span style=\"vertical-align: inherit;\">info@bookingadventures.com.do<\/span><\/span><\/a><\/p>\n<p><strong><span style=\"vertical-align: inherit;\"><span style=\"vertical-align: inherit;\">Smo zasebni izleti prilagodljive konfiguracije z Whatsapp:\u00a0 <\/span><\/span><a href=\"tel:+18097206035\"><span style=\"vertical-align: inherit;\"><span style=\"vertical-align: inherit;\">+18097206035.<\/span><\/span><\/a><\/strong><\/p>\n<\/div>\n<\/div>\n<\/div>\n<\/div>\n<\/div>\n<\/div>\n<p><span style=\"vertical-align: inherit;\"><span style=\"vertical-align: inherit;\">[\/ vc_column_text] <div class=\"vc_empty_space\"   style=\"height: 32px\"><span class=\"vc_empty_space_inner\"><\/span><\/div> <div class=\"vc_message_box vc_message_box-standard vc_message_box-rounded vc_color-info\" ><div class=\"vc_message_box-icon\"><i class=\"fas fa-info-circle\"><\/i><\/div><\/div> Rezerva (7) dni pred datumom izteka veljavnosti. [\/ vc_message]. <div class=\"vc_empty_space\"   style=\"height: 32px\"><span class=\"vc_empty_space_inner\"><\/span><\/div> [\/ vc_column] [\/ vc_row] [\/ vc_column] [\/ vc_row].<\/span><\/span><\/p>","protected":false},"excerpt":{"rendered":"<p>&nbsp;<\/p>\n<p><span style=\"font-weight: 400;\"><span style=\"vertical-align: inherit;\"><span style=\"vertical-align: inherit;\">Pridru\u017eite se nam pri vzponu na najvi\u0161jo to\u010dko Karibov, ki se nahaja na nacionalnem otoku J. Almando Bermudez v gorovju Cordillera Central.<\/span><\/span><\/span><\/p>\n<p><span style=\"font-weight: 400;\"><span style=\"vertical-align: inherit;\"><span style=\"vertical-align: inherit;\">Iz tropskega gozda se boste podali v borov gozd narodnega parka J. Armando Bermudez, kjer boste hodili po poteh med tiso\u010di praproti, videli papige, zlatovranke in druge eksoti\u010dne ptice. <\/span><\/span><\/span><\/p>\n<p><em><strong><span style=\"vertical-align: inherit;\"><span style=\"vertical-align: inherit;\">Izberite datum za\u010detka potovanja:<\/span><\/span><\/strong><\/em><\/p>","protected":false},"featured_media":11133,"template":"","meta":[],"product_brand":[],"product_cat":[565,465],"product_tag":[466,467,468],"class_list":{"0":"post-11694","1":"product","2":"type-product","3":"status-publish","4":"has-post-thumbnail","6":"product_cat-1-sabana-de-la-mar","7":"product_cat-pico-duarte-hike-with-local-experts-duarte-peak-camping-trekking","8":"product_tag-camping-trekking","9":"product_tag-duarte-peak","10":"product_tag-pico-duarte-hike-with-local-experts-duarte-peak-camping-trekking","12":"first","13":"instock","14":"sale","15":"sold-individually","16":"shipping-taxable","17":"product-type-external"},"_links":{"self":[{"href":"https:\/\/visitaloshaitises.com\/sl\/wp-json\/wp\/v2\/product\/11694","targetHints":{"allow":["GET"]}}],"collection":[{"href":"https:\/\/visitaloshaitises.com\/sl\/wp-json\/wp\/v2\/product"}],"about":[{"href":"https:\/\/visitaloshaitises.com\/sl\/wp-json\/wp\/v2\/types\/product"}],"wp:featuredmedia":[{"embeddable":true,"href":"https:\/\/visitaloshaitises.com\/sl\/wp-json\/wp\/v2\/media\/11133"}],"wp:attachment":[{"href":"https:\/\/visitaloshaitises.com\/sl\/wp-json\/wp\/v2\/media?parent=11694"}],"wp:term":[{"taxonomy":"product_brand","embeddable":true,"href":"https:\/\/visitaloshaitises.com\/sl\/wp-json\/wp\/v2\/product_brand?post=11694"},{"taxonomy":"product_cat","embeddable":true,"href":"https:\/\/visitaloshaitises.com\/sl\/wp-json\/wp\/v2\/product_cat?post=11694"},{"taxonomy":"product_tag","embeddable":true,"href":"https:\/\/visitaloshaitises.com\/sl\/wp-json\/wp\/v2\/product_tag?post=11694"}],"curies":[{"name":"wp","href":"https:\/\/api.w.org\/{rel}","templated":true}]}}