{"id":11668,"date":"2023-10-04T07:40:09","date_gmt":"2023-10-04T07:40:09","guid":{"rendered":"https:\/\/haitises.com\/?post_type=product&#038;p=11668"},"modified":"2024-03-29T19:29:50","modified_gmt":"2024-03-29T19:29:50","slug":"catalina-island-altos-de-chavon-from-punta-cana-snorkeling-with-catamaran-party","status":"publish","type":"product","link":"https:\/\/visitaloshaitises.com\/sl\/private\/catalina-island-altos-de-chavon-from-punta-cana-snorkeling-with-catamaran-party\/","title":{"rendered":"Otok Catalina in Altos de Chavon iz Punta Cane (potapljanje s katamaranom)"},"content":{"rendered":"<div class=\"vc_row wpb_row vc_row-fluid\" ><div class=\"wpb_column vc_column_container vc_col-sm-12\"><div class=\"vc_column-inner\"><div class=\"wpb_wrapper\"><div class=\"mkdf-section-title-holder\" style=\"text-align: left\">\n\t<div class=\"mkdf-st-inner\">\n\t\t\t\t\t<h5 class=\"mkdf-st-subtitle\" >\n\t\t\t\tPoldnevno do\u017eivetje\t\t\t<\/h5>\n\t\t\t\t\t\t\t<h3 class=\"mkdf-st-title\" >\n\t\t\t\tOtok Catalina in potapljanje s katamaranom iz Punta Cane\t\t\t<\/h3>\n\t\t\t\t\t<\/div>\n<\/div><div class=\"vc_btn3-container vc_btn3-inline\" ><button class=\"vc_general vc_btn3 vc_btn3-size-md vc_btn3-shape-rounded vc_btn3-style-modern vc_btn3-color-green\">REZERVIRAJTE ZDAJ<\/button><\/div><\/div><\/div><\/div><\/div><div class=\"vc_row wpb_row vc_row-fluid\" ><div class=\"wpb_column vc_column_container vc_col-sm-12\"><div class=\"vc_column-inner\"><div class=\"wpb_wrapper\">\n\t<div class=\"wpb_text_column wpb_content_element\" >\n\t\t<div class=\"wpb_wrapper\">\n\t\t\t<div class=\"vc_row wpb_row vc_row-fluid\">\n<div class=\"wpb_column vc_column_container vc_col-sm-12\">\n<div class=\"vc_column-inner\">\n<div class=\"wpb_wrapper\">\n<div class=\"wpb_text_column wpb_content_element\">\n<div class=\"wpb_wrapper\">\n<div class=\"vc_row wpb_row vc_row-fluid\">\n<div class=\"wpb_column vc_column_container vc_col-sm-12\">\n<div class=\"vc_column-inner\">\n<div class=\"wpb_wrapper\">\n<div class=\"wpb_text_column wpb_content_element\">\n<div class=\"wpb_wrapper\">\n<h4><b><i>Pregled<\/i><\/b><\/h4>\n<p>U\u017eivamo v izletu s katamaranom po kristalno \u010disti vodi do otoka Catalina, najbolj znanega obmo\u010dja za snorklanje v Dominikanski republiki.<\/p>\n<p>Va\u0161 dan se za\u010dne s prevzemom v glavnem hotelskem preddverju ali na dolo\u010denem zbirnem mestu. Nato bomo nadaljevali do otoka Catalina, kjer bomo u\u017eivali v osve\u017eilni kopeli in pija\u010di, medtem ko lahko kdorkoli izvede 2 vrsti potapljanja z dihalko z in\u0161truktorjem, nato pa bomo na pla\u017ei pojedli okusno samopostre\u017eno kosilo in se udele\u017eili nekaj ur salse. in Bachata, pripravljamo pa tudi nekaj okusnih pija\u010d. Ko se naveli\u010date lenarjenja na pla\u017ei, vzemite opremo za snorklanje in ob\u010dudujte Catalinin podvodni svet.<\/p>\n<p>Ocean, tako neverjetno \u010dist, in pla\u017ea z belim peskom \u010daka nate. Sprostitev na le\u017ealniku ali potapljanje z masko, vse vklju\u010deno za vas. U\u017eivali boste tam, kjer boste videli tradicijo na\u0161e glasbe in plesa.<\/p>\n<p>After this we go to Altos de Chavon Cattle and River!<\/p>\n<p><strong>Opomba:<\/strong> Ta ogled ni zaseben. \u010ce \u017eelite nastaviti zasebno turnejo, nas kontaktirajte!<\/p>\n<ul>\n<li>\n<div class=\"py-1 inclusions-exclusions-item d-flex\" lang=\"en-x-mtfrom-en\">\n<div class=\"d-inline-block inclusions-exclusions-text\">Privatni prevoz<\/div>\n<\/div>\n<\/li>\n<li>Naravni plavalni bazen za opazovanje morskih zvezd<\/li>\n<li>Potapljanje z masko<\/li>\n<li>Kosilo<\/li>\n<li>Prevoz s \u010dolnom in katamaranom<\/li>\n<li>Kapitan zagotavlja navodila in nadzor<\/li>\n<li>Vodi\u010d<\/li>\n<\/ul>\n<p>&nbsp;<\/p>\n<h4><b>Vklju\u010ditve in izklju\u010ditve<\/b><\/h4>\n<p><b>Vklju\u010dki<\/b><\/p>\n<ol>\n<li>Vodi\u010d<\/li>\n<li>potapljanje z masko<\/li>\n<li>Kosilo<\/li>\n<li>Prevzem v hotelih<\/li>\n<li>Izlet s katamaranom ali \u010dolnom<\/li>\n<li>Vsi davki, pristojbine in manipulativni stro\u0161ki<\/li>\n<li>Lokalni davki<\/li>\n<li>pija\u010de<\/li>\n<\/ol>\n<p><b>Izklju\u010ditve<\/b><\/p>\n<ol>\n<li>Napitnine<\/li>\n<li>Fotografije<\/li>\n<\/ol>\n<h4><em><strong>Odhod in povratek<\/strong><\/em><\/h4>\n<p>Potnik bo dobil zbirali\u0161\u010de po opravljenem postopku rezervacije. Ture se za\u010dnejo in kon\u010dajo na na\u0161ih zbirali\u0161\u010dih.<\/p>\n<h3>Otok Catalina in potapljanje s katamaranom iz Punta Cane \u2013 poldnevno do\u017eivetje.<\/h3>\n<h4><b><i>Kaj pri\u010dakovati?<\/i><\/b><\/h4>\n<p>Med izletom po otoku Catalina iz Punta Cane boste imeli gostje prilo\u017enost potapljati se z dihalko v \u017eivahnih koralnih grebenih v Catalini, plavati med \u017eivahnimi jatami rib in u\u017eivati v osupljivi karibski podvodni \u017eivalski vrst.<\/p>\n<p>Za\u010deli bomo s potaplja\u0161ko ekskurzijo z odhodom zjutraj proti La Romani. Med vo\u017enjo se bomo peljali skozi polja sladkornega trsa, saj bo va\u0161 vodnik ponudil zanimive informacije o zgodovini obmo\u010dja, splo\u0161ni kulturi in tehnikah izdelave ruma v dr\u017eavi. Po prihodu v La Romano se bomo vkrcali na na\u0161 katamaran in odpluli proti Catalini. Na\u0161 prvi postanek na otoku bo &quot;The Wall&quot;, veli\u010dasten koralni zid, ki se razteza od otoka do Karibskega morja.<\/p>\n<p>Po snorklanju boste nadaljevali pot do \u010dudovite pla\u017ee Catalina, ekskluzivnega kraja. Ob prihodu bo gostom na voljo 2 kilometra belih pe\u0161\u010denih pla\u017e in kristalno \u010distih voda, bar na pla\u017ei s pija\u010do in okusno dominikansko samopostre\u017eno kosilo z \u017earom. Okoli 15.30 se bomo vkrcali na katamaran in se vrnili v Punta Cano po neverjetnem dnevu potapljanja in sprostitve na otoku Catalina. Otok Med izletom po otoku Catalina iz Punta Cane bodo gostje imeli prilo\u017enost potapljati z dihalko v \u017eivahnih koralnih grebenih v Catalini, plavati med \u017eivahnimi jatami rib in u\u017eivati v osupljivi karibski podvodni \u017eivalski vrst.<\/p>\n<p>Za\u010deli bomo s potaplja\u0161ko ekskurzijo z odhodom zjutraj proti La Romani. Med vo\u017enjo se bomo peljali skozi polja sladkornega trsa, saj bo va\u0161 vodnik ponudil zanimive informacije o zgodovini obmo\u010dja, splo\u0161ni kulturi in tehnikah izdelave ruma v dr\u017eavi. Po prihodu v La Romano se bomo vkrcali na na\u0161 katamaran in odpluli proti Catalini.<\/p>\n<p>Na\u0161 prvi postanek na otoku bo The Wall, veli\u010dastna koralna stena, ki se razteza od otoka do Karibskega morja.Po snorklanju boste nadaljevali pot do \u010dudovite pla\u017ee Catalina, ekskluzivnega kraja. Ob prihodu bo gostom na voljo 2 kilometra belih pe\u0161\u010denih pla\u017e in kristalno \u010distih voda, bar na pla\u017ei s pija\u010do in okusno dominikansko samopostre\u017eno kosilo z \u017earom. Okoli 15.30 se bomo vkrcali na katamaran in se vrnili v Punta Cano po neverjetnem dnevu potapljanja in sprostitve na otoku Catalina.<\/p>\n<div class=\"a-text--first-content _for-copy-large l-hide-for-large\">\n<p>Let the<strong>\u00a0Caribbean paradise of Catalina Island captivate you\u00a0<\/strong>and explore the picturesque\u00a0<strong>Altos de Chav\u00f3n<\/strong>\u00a0on this unmissable day trip from La Romana.<\/p>\n<\/div>\n<div id=\"o-slider--activity-detail__container\" class=\"o-slider js-module-slider is-photos\"><\/div>\n<div id=\"l-768-calendar-anchor\"><\/div>\n<div id=\"new-fading-text\" class=\"new-fading-text _loaded u-no-before show-hidden-elements\">\n<div class=\"o-activity-description\">\n<h2>Catalina Island &amp; Altos de Chav\u00f3n Day Trip<\/h2>\n<p>Having been picked up from your hotel first thing in the morning, you&#8217;ll set off on your adventure, making your first stop in\u00a0<strong>Altos de Chav\u00f3n<\/strong>. You&#8217;ll have 40 minutes to explore this<strong>\u00a0beautiful recreation of a Mediterranean-style village<\/strong>\u00a0and admire the views of the\u00a0Chav\u00f3n River that flows next to it. Truly enchanting!<\/p>\n<p class=\"new-fading-text__hidden-element\">Continuing your tour, you&#8217;ll be taken to a dock on the\u00a0<strong>River Salado\u00a0<\/strong>where your\u00a0<strong>katamaran\u00a0<\/strong>will be waiting for you to set sail to Isla Catalina. During your cruise, which will take around 40 minutes, you&#8217;ll enjoy a drink on board while marvelling at the\u00a0<strong>piercing blue of the sparkling Caribbean Sea<\/strong>.<\/p>\n<p class=\"new-fading-text__hidden-element\">On the approach to your destination, you&#8217;ll head directly to the coral reef known as La Pared, or The Wall, where you&#8217;ll have the opportunity to\u00a0<strong>cool off with a refreshing dip in the sea and snorkel amongst the incredible marine life<\/strong>. Spend 40 minutes exploring underwater, before returning to the catamaran and dropping anchor at the dock on Catalina Island.<\/p>\n<p class=\"new-fading-text__hidden-element\">With your feet on dry land, you&#8217;ll be taken to a small restaurant with stunning sea views, where you&#8217;ll be treated to a\u00a0<strong>delicious buffet lunch<\/strong>. With renewed energy, you&#8217;ll then have three hours of free time to make the most of the\u00a0<strong>paradise white sand beaches<\/strong>. Whether you prefer to relax and sunbathe or try a fun activity like paddle surfing, you&#8217;ll enjoy an unforgettable afternoon.<\/p>\n<p class=\"new-fading-text__hidden-element\">At the end of the day, you&#8217;ll return to the catamaran to sail back to La Romana, where you&#8217;ll be dropped off at your hotel.<\/p>\n<\/div>\n<\/div>\n<p>&nbsp;<\/p>\n<p><strong>urnik:<\/strong><\/p>\n<p>7.00 \u2013 16.30<\/p>\n<p>&nbsp;<\/p>\n<\/div>\n<p>\u010cas se lahko spremeni glede na \u010das odhoda iz hotela.<\/p>\n<div class=\"wpb_wrapper\">\n<p>&nbsp;<\/p>\n<h4><em><strong>Kaj morate prinesti?<\/strong><\/em><\/h4>\n<ul>\n<li>fotoaparat<\/li>\n<li>Odganjalni popki<\/li>\n<li>son\u010dna krema<\/li>\n<li>Klobuk<\/li>\n<li>Udobne hla\u010de<\/li>\n<li>Kopalna obla\u010dila<\/li>\n<li>Gotovina za spominke<\/li>\n<\/ul>\n<p>&nbsp;<\/p>\n<h4><b><i>Prevzem v hotelu<\/i><\/b><\/h4>\n<p>Hotel pick-up is offered for this tour. We Can Set it Via- Whatsapp. From La Romana, Punta Cana, Bavaro and Bayahibe Hotels.<\/p>\n<p>&nbsp;<\/p>\n<p><b>Opomba:<\/b> if you are booking within 24 hours of the tour\/Excursion departure time, we can arrangements hotel pick-up . Once your purchase is complete, we will send you complete contact information (phone number, email address, etc.) for our local Tour guide to organize pick-up arrangements.<\/p>\n<h4><b><i>Potrditev dodatnih informacij<\/i><\/b><\/h4>\n<ol>\n<li>Vstopnice so potrdilo po pla\u010dilu tega izleta. Pla\u010dilo lahko prika\u017eete na telefonu.<\/li>\n<li>Zbirno mesto bo prejeto po opravljenem postopku rezervacije.<\/li>\n<li>Otroci morajo biti v spremstvu odrasle osebe.<\/li>\n<li>dostopno z invalidskim vozi\u010dkom<\/li>\n<li>Dojen\u010dki morajo sedeti v naro\u010dju<\/li>\n<li>Ve\u010dina popotnikov lahko sodeluje<\/li>\n<\/ol>\n<h4><b><i>Politika odpovedi<\/i><\/b><\/h4>\n<p>Za celotno vra\u010dilo preberite na\u0161e pravilnike o odpovedih\u00a0<a href=\"https:\/\/www.ticketswhales.com\/online-booking\/\" target=\"_blank\" rel=\"noopener\" data-saferedirecturl=\"https:\/\/www.google.com\/url?q=https:\/\/www.ticketswhales.com\/online-booking\/&amp;source=gmail&amp;ust=1672532492004000&amp;usg=AOvVaw3ylqI1cdbIPTimEqEWneyd\">Klikni tukaj<\/a>. Sredstva bodo izgubljena, \u010de je rezervacija odpovedana isti dan potovanja.<\/p>\n<\/div>\n<\/div>\n<\/div>\n<\/div>\n<\/div>\n<\/div>\n<\/div>\n<\/div>\n<\/div>\n<\/div>\n<\/div>\n<\/div>\n<div class=\"vc_row wpb_row vc_row-fluid\">\n<div class=\"wpb_column vc_column_container vc_col-sm-12\">\n<div class=\"vc_column-inner\">\n<div class=\"wpb_wrapper\">\n<div class=\"vc_empty_space\"><\/div>\n<div class=\"wpb_text_column wpb_content_element\">\n<div class=\"wpb_wrapper\">\n<h4>Kontaktiraj nas?<\/h4>\n<h5><b><i>Booking Adventures<\/i><\/b><\/h5>\n<p><em><strong>Doma\u010dini<\/strong>\u00a0in\u00a0<strong>Dr\u017eavljani<\/strong>\u00a0Turisti\u010dni vodniki in storitve za goste<\/em><\/p>\n<p><span class=\"text-turquoise\">Rezervacije:<\/span>\u00a0Ogledi in izleti v Dom Rep.<\/p>\n<p><img decoding=\"async\" class=\"emoji\" src=\"https:\/\/s.w.org\/images\/core\/emoji\/11.2.0\/svg\/1f4de.svg\" alt=\"\ud83d\udcde\" \/>\u00a0Tel\/Whatsapp\u00a0\u00a0<a href=\"tel:+1-809-720-6035\">+1-809-720-6035<\/a>.<\/p>\n<p><img decoding=\"async\" class=\"emoji\" src=\"https:\/\/s.w.org\/images\/core\/emoji\/11.2.0\/svg\/1f4e9.svg\" alt=\"\ud83d\udce9\" \/>\u00a0<a href=\"mailto:info@bookingadventures.com.do\">info@bookingadventures.com.do<\/a><\/p>\n<p><strong>Zasebne izlete prek Whatsappa smo prilagodljivi:\u00a0<a href=\"tel:+18097206035\">+18097206035.<\/a><\/strong><\/p>\n<\/div>\n<\/div>\n<\/div>\n<\/div>\n<\/div>\n<\/div>\n\n\t\t<\/div>\n\t<\/div>\n<div class=\"vc_btn3-container vc_btn3-inline\" ><button class=\"vc_general vc_btn3 vc_btn3-size-md vc_btn3-shape-rounded vc_btn3-style-modern vc_btn3-color-green\">REZERVIRAJTE ZDAJ<\/button><\/div><\/div><\/div><\/div><\/div><div class=\"vc_row wpb_row vc_row-fluid\" ><div class=\"wpb_column vc_column_container vc_col-sm-12\"><div class=\"vc_column-inner\"><div class=\"wpb_wrapper\"><\/div><\/div><\/div><\/div>","protected":false},"excerpt":{"rendered":"<p>Majhen otok Catalina (Isla Catalina), le 1,5 milje (2,4 kilometra) od celine Dominikanske republike, je idili\u010dna pe\u0161\u010dena pika v turkiznih karibskih vodah. Catalina, znana po svojih dobro naseljenih koralnih grebenih, je miren oddih za tiste, ki \u017eelijo pobegniti od \u017eivahne Punta Cane in La Romane.<\/p>\n<p>Book a day trip with us. Catalina Island in a Party Catamaran with Snorkeling!<\/p>\n<p>&nbsp;<\/p>\n<p>Prosimo izberite datum ekskurzije:<\/p>","protected":false},"featured_media":482,"template":"","meta":[],"product_brand":[],"product_cat":[576,373,135,569,592,305,122,124],"product_tag":[593,594,595,374,596,364,260,362,375],"class_list":{"0":"post-11668","1":"product","2":"type-product","3":"status-publish","4":"has-post-thumbnail","6":"product_cat-1-punta-cana","7":"product_cat-catalina-island-catamaran-and-snorkeling","8":"product_cat-lunch","9":"product_cat-punta-cana-group-tours","10":"product_cat-punta-cana-catalina-island","11":"product_cat-tours-and-excursion-punta-cana","12":"product_cat-tours-and-excursions","13":"product_cat-tours-excursions-samana-bay-dominican-republic","14":"product_tag-catalina-island","15":"product_tag-catalina-island-dominican-republic-snorkeling","16":"product_tag-catalina-island-packages","17":"product_tag-catalina-island-snorkeling-dominican-republic","18":"product_tag-catalina-island-tour","19":"product_tag-cheap-punta-cana-excursions","20":"product_tag-day-trip-punta-cana","21":"product_tag-punta-cana-catamaran-party-with-snorkeling-and-parasailing","22":"product_tag-talina-island-snorkeling","24":"first","25":"instock","26":"sale","27":"sold-individually","28":"shipping-taxable","29":"product-type-external"},"_links":{"self":[{"href":"https:\/\/visitaloshaitises.com\/sl\/wp-json\/wp\/v2\/product\/11668","targetHints":{"allow":["GET"]}}],"collection":[{"href":"https:\/\/visitaloshaitises.com\/sl\/wp-json\/wp\/v2\/product"}],"about":[{"href":"https:\/\/visitaloshaitises.com\/sl\/wp-json\/wp\/v2\/types\/product"}],"wp:featuredmedia":[{"embeddable":true,"href":"https:\/\/visitaloshaitises.com\/sl\/wp-json\/wp\/v2\/media\/482"}],"wp:attachment":[{"href":"https:\/\/visitaloshaitises.com\/sl\/wp-json\/wp\/v2\/media?parent=11668"}],"wp:term":[{"taxonomy":"product_brand","embeddable":true,"href":"https:\/\/visitaloshaitises.com\/sl\/wp-json\/wp\/v2\/product_brand?post=11668"},{"taxonomy":"product_cat","embeddable":true,"href":"https:\/\/visitaloshaitises.com\/sl\/wp-json\/wp\/v2\/product_cat?post=11668"},{"taxonomy":"product_tag","embeddable":true,"href":"https:\/\/visitaloshaitises.com\/sl\/wp-json\/wp\/v2\/product_tag?post=11668"}],"curies":[{"name":"wp","href":"https:\/\/api.w.org\/{rel}","templated":true}]}}