{"id":11466,"date":"2021-10-15T07:23:50","date_gmt":"2021-10-15T07:23:50","guid":{"rendered":"https:\/\/haitises.com\/?post_type=product&#038;p=11466"},"modified":"2021-10-15T07:24:08","modified_gmt":"2021-10-15T07:24:08","slug":"cano-hondo-hotel-room-free-breakfast-for-3-guests","status":"publish","type":"product","link":"https:\/\/visitaloshaitises.com\/sl\/private\/cano-hondo-hotelska-soba-brezplacen-zajtrk-za-3-goste\/","title":{"rendered":"Hotelska soba Ca\u00f1o Hondo in brezpla\u010den zajtrk za 3 goste"},"content":{"rendered":"<div class=\"vc_row wpb_row vc_row-fluid\" ><div class=\"wpb_column vc_column_container vc_col-sm-12\"><div class=\"vc_column-inner\"><div class=\"wpb_wrapper\">\n\t<div class=\"wpb_text_column wpb_content_element\" >\n\t\t<div class=\"wpb_wrapper\">\n\t\t\t<p data-name-en=\"roomsize\"><strong>Brezpla\u010den brez\u017ei\u010dni internet v sobi ali avli,\u00a0<\/strong><strong>Brezpla\u010dno parkiranje, Dnevno \u010di\u0161\u010denje prostorov<\/strong><\/p>\n<p data-name-en=\"roomsize\"><em>(brezpla\u010den zajtrk za 2 gosta)<\/em><\/p>\n<h4 class=\"hprt-lightbox-title\" data-et-view=\"ZdffZZLJbFcFbRAOAcEUJXDbNZRO:1\"><strong>V kopalnici:<\/strong><\/h4>\n<ul class=\"hprt-lightbox-list js-lightbox-facilities\" data-nr-of-facilities=\"4\" data-et-view=\"\">\n<li class=\"hprt-lightbox-list__item js-lightbox-facility\" data-name-en=\"Shower\" data-id=\"4\">- Tu\u0161<\/li>\n<li class=\"hprt-lightbox-list__item js-lightbox-facility\" data-name-en=\"Free Toiletries\" data-id=\"27\">- Brezpla\u010dni toaletni izdelki<\/li>\n<li class=\"hprt-lightbox-list__item js-lightbox-facility\" data-name-en=\"Bathroom\" data-id=\"38\">- Ensuite kopalnica<\/li>\n<li class=\"hprt-lightbox-list__item js-lightbox-facility\" data-name-en=\"higher level toilet\" data-id=\"151\">- Dvignjeno strani\u0161\u010de<\/li>\n<\/ul>\n<h4 class=\"hprt-lightbox-title\"><strong>V sobi je na voljo:<\/strong><\/h4>\n<ul class=\"hprt-lightbox-list js-lightbox-facilities\" data-nr-of-facilities=\"10\">\n<li style=\"list-style-type: none;\">\n<ul class=\"hprt-lightbox-list js-lightbox-facilities\" data-nr-of-facilities=\"10\">\n<li class=\"hprt-lightbox-list__item js-lightbox-facility\" data-name-en=\"Balcony\" data-id=\"17\">- Balkon<\/li>\n<li class=\"hprt-lightbox-list__item js-lightbox-facility\" data-name-en=\"Garden View\" data-id=\"110\">- Pogled na ocean<\/li>\n<li class=\"hprt-lightbox-list__item js-lightbox-facility\" data-name-en=\"Fan\" data-id=\"30\">\u2022 Fan<\/li>\n<li class=\"hprt-lightbox-list__item js-lightbox-facility\" data-name-en=\"Tumble dryer (machine)\" data-id=\"94\">- Pohi\u0161tvo<\/li>\n<li>- 2 zakonski postelji<\/li>\n<li class=\"hprt-lightbox-list__item js-lightbox-facility\" data-name-en=\"Wardrobe\/Closet\" data-id=\"95\">- Garderoba ali omara<\/li>\n<\/ul>\n<\/li>\n<\/ul>\n<p>[preberi ve\u010d]<\/p>\n<div>\n<h4><strong>Dostop za goste:<\/strong><\/h4>\n<ul>\n<li>- 24-urna recepcija<\/li>\n<li>- 16 nekadilskih sob za goste<\/li>\n<li>- Restavracija in bar<\/li>\n<li>- Ve\u010djezi\u010dno osebje<\/li>\n<li>- Lena reka in 11 zunanjih naravnih bazenov<\/li>\n<li>- Stre\u0161na terasa<\/li>\n<li>- Vrt<\/li>\n<li>- Obmo\u010dje za piknike<\/li>\n<li>- Dnevno \u010di\u0161\u010denje prostorov<\/li>\n<li>- Storitev pranja perila<\/li>\n<\/ul>\n<h2><strong><em>Udobje v sobi:<\/em><\/strong><\/h2>\n<ul>\n<li>Stropni ventilator<\/li>\n<li>Individualno okra\u0161eno<\/li>\n<li>Su\u0161ilnik za lase (na zahtevo)<\/li>\n<li>Brezpla\u010dna ustekleni\u010dena voda<\/li>\n<li>Balkon<\/li>\n<li>Dnevno \u010di\u0161\u010denje prostorov<\/li>\n<li>24-urna recepcija<\/li>\n<li>Lep pogled<\/li>\n<\/ul>\n<p>[\/brati]<\/p>\n<hr \/>\n<h2>Ve\u010d podrobnosti o mestu Ca\u00f1o Hondo:<\/h2>\n<h2><strong><em>Ognji\u0161\u010de in kampiranje<\/em><\/strong><\/h2>\n<p>U\u017eivajte v no\u010dnem ognju pod odejo zvezd... brez svetlobnega onesna\u017eevanja, le temno no\u010dno nebo in zvoki \u017eivljenja v tropskem gozdu.<\/p>\n<p>Poleg odli\u010dnih storitev lahko u\u017eivate v tipi\u010dni lokalni hrani (sve\u017ei morski sade\u017ei) ali dejavnostih na prostem in izletih z lokalnim strokovnim vodnikom.<\/p>\n<p>Vsaka od na\u0161ih 16 sob je poimenovana po pticah, ki jih najdemo v narodnem parku Los Haitises (v parku je pribli\u017eno 110 vrst). Predvsem pa so sobe individualno okra\u0161ene, v celoti pozitivna energija, ki prina\u0161a bolj\u0161e bivanje v Ca\u00f1o Hondo. U\u017eivate lahko v razgledu na zaliv San Lorenzo in zaliv Samana!<\/p>\n<p>&nbsp;<\/p>\n<hr \/>\n<h2>Posebne ponudbe Ca\u00f1o Hondo Aktivnosti in izleti<\/h2>\n<ul>\n<li>Seznam dejavnosti in izletov:<\/li>\n<li>Zip obloge<\/li>\n<li>Plezanje po skalni steni<\/li>\n<li>Jahanje konj<\/li>\n<li>Pohodni\u0161ka pot v narodnem parku (2 ali 4 ure, lahko v kombinaciji s kajakom)<\/li>\n<li>Vo\u017enja s kajakom (2 ali 4 ure, lahko v kombinaciji s pohodni\u0161tvom)<\/li>\n<li>Vodeni izleti z ladjo v Los Haitises z ogledom jam<\/li>\n<li>Opazovanje kitov (sezona od 15. januarja do 30. marca)<\/li>\n<li>Vodeno opazovanje ptic<\/li>\n<li>Odkrijte park Los Haitises s kanuji<\/li>\n<li>Otok Cayo Levantado\/Bacardi<\/li>\n<li>Slapovi El Limon<\/li>\n<li>Pla\u017ea Fronton<\/li>\n<li>Boca del Diablo<\/li>\n<li>ATV + pla\u017ea El Valle<\/li>\n<\/ul>\n<p>Izdelujemo zasebne ali skupinske ture, kombinirane pakete, ki ustrezajo na\u0161im gostom. Za ve\u010d informacij o dejavnostih in izletih se obrnite na nas.<\/p>\n<h2><span class=\"_6ijom0\">Ca\u00f1o Hondo Dostop za goste<\/span><\/h2>\n<p>Kaj je okoli ...<\/p>\n<ol>\n<li>16 nekadilskih sob za goste<\/li>\n<li>Restavracija in bar\/lounge<\/li>\n<li>Lena reka in 15 zunanjih bazenov<\/li>\n<li>Brezpla\u010dni vodni park<\/li>\n<li>Stre\u0161na terasa<\/li>\n<li>24-urna recepcija<\/li>\n<li>Dnevno \u010di\u0161\u010denje prostorov<\/li>\n<li>Pogledi na vrt<\/li>\n<li>Storitev pranja perila<\/li>\n<li>Ve\u010djezi\u010dno osebje<\/li>\n<li>Storitve Concierge<\/li>\n<li>Obmo\u010dje za piknike<\/li>\n<li>Brezpla\u010den samopostre\u017eni zajtrk, brezpla\u010den brez\u017ei\u010dni internet v javnih prostorih in brezpla\u010dno parkiri\u0161\u010de<\/li>\n<\/ol>\n<\/div>\n\n\t\t<\/div>\n\t<\/div>\n<\/div><\/div><\/div><\/div><div class=\"vc_row wpb_row vc_row-fluid\" ><div class=\"wpb_column vc_column_container vc_col-sm-12\"><div class=\"vc_column-inner\"><div class=\"wpb_wrapper\">\n\t<div class=\"wpb_text_column wpb_content_element\" >\n\t\t<div class=\"wpb_wrapper\">\n\t\t\t<h2><em>Druge mo\u017enosti sob<\/em><\/h2>\n<div id=\"gtx-trans\" style=\"position: absolute; left: -6px; top: 45.275px;\">\n<div class=\"gtx-trans-icon\"><\/div>\n<\/div>\n\n\t\t<\/div>\n\t<\/div>\n<\/div><\/div><\/div><\/div><div class=\"vc_row wpb_row vc_row-fluid\" ><div class=\"wpb_column vc_column_container vc_col-sm-12\"><div class=\"vc_column-inner\"><div class=\"wpb_wrapper\"><div class=\"woocommerce columns-3\"><ul class=\"products columns-3\">\n<li class=\"product type-product post-11916 status-publish first instock product_cat-1-samana product_cat-boat-trip-los-haitises product_cat-caves product_cat-hiking product_cat-kayaking product_cat-local-tour-guides product_cat-lunch product_cat-mangroves product_cat-natural-pools-los-haitises product_cat-swimming-natural-springs product_cat-tours-and-excursions product_cat-tours-excursions-los-haitises-national-park product_cat-tours-excursions-samana-bay-dominican-republic product_tag-cano-hondo product_tag-cano-hondo-hotel product_tag-cano-hondo-tours product_tag-day-tour-cano-hondo product_tag-los-haitises product_tag-los-haitises-national-park product_tag-mangroves-los-haitises product_tag-samana-bay product_tag-samana-excursions product_tag-samana-tours has-post-thumbnail sale sold-individually shipping-taxable product-type-external\">\n\t<div class=\"mkdf-pl-inner\"><div class=\"mkdf-pl-image\">\n\t<span class=\"mkdf-onsale\">SALE<\/span>\n\t<img loading=\"lazy\" decoding=\"async\" width=\"300\" height=\"300\" src=\"https:\/\/visitaloshaitises.com\/wp-content\/uploads\/2020\/06\/cano-hondo-300x300.jpg\" class=\"attachment-woocommerce_thumbnail size-woocommerce_thumbnail\" alt=\"Haitises + tropski bazen\" srcset=\"https:\/\/visitaloshaitises.com\/wp-content\/uploads\/2020\/06\/cano-hondo-300x300.jpg 300w, https:\/\/visitaloshaitises.com\/wp-content\/uploads\/2020\/06\/cano-hondo-100x100.jpg 100w, https:\/\/visitaloshaitises.com\/wp-content\/uploads\/2020\/06\/cano-hondo-150x150.jpg 150w, https:\/\/visitaloshaitises.com\/wp-content\/uploads\/2020\/06\/cano-hondo-550x550.jpg 550w\" sizes=\"auto, (max-width: 300px) 100vw, 300px\" \/><div class=\"mkdf-pl-text\"><div class=\"mkdf-pl-text-outer\"><div class=\"mkdf-pl-text-inner\"><a href=\"https:\/\/bookingadventures.tours\/booking.php?slug=Los_Haitises_National_Park__Lunch_at_Cao_Hondo_from_Sabana_de_la_Mar\" aria-describedby=\"woocommerce_loop_add_to_cart_link_describedby_11916\" data-quantity=\"1\" class=\"button product_type_external\" data-product_id=\"11916\" data-product_sku=\"\" aria-label=\"REZERVIRAJTE ZDAJ\" rel=\"nofollow noopener\" target=\"_blank\">REZERVIRAJTE ZDAJ<\/a>\t<span id=\"woocommerce_loop_add_to_cart_link_describedby_11916\" class=\"screen-reader-text\">\n\t\t\t<\/span>\n<\/div><\/div><\/div><\/div><a href=\"https:\/\/visitaloshaitises.com\/sl\/private\/haitises-piscina-tropical\/\" class=\"woocommerce-LoopProduct-link woocommerce-loop-product__link\"><\/a><\/div><div class=\"mkdf-pl-text-wrapper\"><h4 class=\"mkdf-product-list-title\"><a href=\"https:\/\/visitaloshaitises.com\/sl\/private\/haitises-piscina-tropical\/\">Haitises + tropski bazen<\/a><\/h4>\n\t<span class=\"price\"><del aria-hidden=\"true\"><span class=\"woocommerce-Price-amount amount\"><bdi><span class=\"woocommerce-Price-currencySymbol\">&#36;<\/span>150.00<\/bdi><\/span><\/del> <span class=\"screen-reader-text\" data-no-translation=\"\" data-trp-gettext=\"\">Izvirna cena je bila: &#036;150.00.<\/span><ins aria-hidden=\"true\"><span class=\"woocommerce-Price-amount amount\"><bdi><span class=\"woocommerce-Price-currencySymbol\">&#36;<\/span>97.50<\/bdi><\/span><\/ins><span class=\"screen-reader-text\" data-no-translation=\"\" data-trp-gettext=\"\">Trenutna cena je: &#036;97.50.<\/span><\/span>\n<\/div><\/li><li class=\"product type-product post-11912 status-publish instock product_cat-1-samana product_cat-boat-trip-los-haitises product_cat-tours-excursions-los-haitises-national-park product_cat-tours-excursions-samana-bay-dominican-republic product_tag-bacardi-island product_tag-bacardi-island-tours product_tag-birdwatching product_tag-boat-tour product_tag-caves-los-haitises product_tag-cayo-levantado product_tag-cayo-levantado-tour product_tag-eco-tours product_tag-excursiones-a-los-haitises-y-cayo-levantado product_tag-haitises-park-and-cayo-levantado-island product_tag-los-haitises product_tag-los-haitises-excursiones product_tag-los-haitises-excursions product_tag-los-haitises-mapa product_tag-los-haitises-mas-cayo-levantado product_tag-los-haitises-national-park product_tag-los-haitises-national-park-map product_tag-los-haitises-national-park-mas-cayo-levantado product_tag-los-haitises-national-park-tour-from-las-terrenas product_tag-los-haitises-national-park-tour-from-samana-port-bacardi-island-cayo-levantado product_tag-los-haitises-national-park-tour-from-santo-domingo product_tag-los-haitises-park-tour-cayo-levantado-island product_tag-los-haitises-samana product_tag-los-haitises-y-cayo-levantado product_tag-sabana-de-la-mar product_tag-samana product_tag-samana-excursions product_tag-samana-tours product_tag-tour-los-haitises-national-park-cayo-levantado has-post-thumbnail sale sold-individually shipping-taxable product-type-external\">\n\t<div class=\"mkdf-pl-inner\"><div class=\"mkdf-pl-image\">\n\t<span class=\"mkdf-onsale\">SALE<\/span>\n\t<img loading=\"lazy\" decoding=\"async\" width=\"274\" height=\"184\" src=\"https:\/\/visitaloshaitises.com\/wp-content\/uploads\/2020\/06\/The-Haitises-National-Park-sand-cave.jpg\" class=\"attachment-woocommerce_thumbnail size-woocommerce_thumbnail\" alt=\"Private: Los Haitises &amp; Cayo Levantado from Samana\" srcset=\"https:\/\/visitaloshaitises.com\/wp-content\/uploads\/2020\/06\/The-Haitises-National-Park-sand-cave.jpg 274w, https:\/\/visitaloshaitises.com\/wp-content\/uploads\/2020\/06\/The-Haitises-National-Park-sand-cave-64x43.jpg 64w\" sizes=\"auto, (max-width: 274px) 100vw, 274px\" \/><div class=\"mkdf-pl-text\"><div class=\"mkdf-pl-text-outer\"><div class=\"mkdf-pl-text-inner\"><a href=\"https:\/\/bookingadventures.tours\/booking.php?slug=SAMANA__LOS_HAITISES__CAYO_LEVANTADO\" aria-describedby=\"woocommerce_loop_add_to_cart_link_describedby_11912\" data-quantity=\"1\" class=\"button product_type_external\" data-product_id=\"11912\" data-product_sku=\"\" aria-label=\"REZERVIRAJTE ZDAJ\" rel=\"nofollow noopener\" target=\"_blank\">REZERVIRAJTE ZDAJ<\/a>\t<span id=\"woocommerce_loop_add_to_cart_link_describedby_11912\" class=\"screen-reader-text\">\n\t\t\t<\/span>\n<\/div><\/div><\/div><\/div><a href=\"https:\/\/visitaloshaitises.com\/sl\/private\/private-los-haitises-cayo-levantado-from-samana\/\" class=\"woocommerce-LoopProduct-link woocommerce-loop-product__link\"><\/a><\/div><div class=\"mkdf-pl-text-wrapper\"><h4 class=\"mkdf-product-list-title\"><a href=\"https:\/\/visitaloshaitises.com\/sl\/private\/private-los-haitises-cayo-levantado-from-samana\/\">Zasebno: Los Haitises in Cayo Levantado iz Samane<\/a><\/h4>\n\t<span class=\"price\"><del aria-hidden=\"true\"><span class=\"woocommerce-Price-amount amount\"><bdi><span class=\"woocommerce-Price-currencySymbol\">&#36;<\/span>80.00<\/bdi><\/span><\/del> <span class=\"screen-reader-text\" data-no-translation=\"\" data-trp-gettext=\"\">Izvirna cena je bila: &#036;80.00.<\/span><ins aria-hidden=\"true\"><span class=\"woocommerce-Price-amount amount\"><bdi><span class=\"woocommerce-Price-currencySymbol\">&#36;<\/span>70.00<\/bdi><\/span><\/ins><span class=\"screen-reader-text\" data-no-translation=\"\" data-trp-gettext=\"\">Trenutna cena je: &#036;70.00.<\/span><\/span>\n<\/div><\/li><li class=\"product type-product post-11703 status-publish last instock product_cat-1-samana product_cat-boat-trip-los-haitises product_cat-cano-hondo product_cat-cano-hondo-2021 product_cat-los-haitises-national-park product_cat-natural-pools-los-haitises product_cat-tour-excursion product_cat-tours-excursions product_cat-tours-excursions-whale-watching-samana-bay-dominican-republic product_cat-whale-miches product_cat-whale-sabana-de-la-mar product_cat-whale-samana product_cat-whale-watching product_cat-whale-watching-puerto-plata product_cat-whale-watching-punta-cana product_cat-whale-watching-samana product_cat-whale-watching-samana-bay product_tag-bacardi-island product_tag-cano-hondo product_tag-cayo-levantado product_tag-los-haitises product_tag-samana product_tag-samana-tour product_tag-whale product_tag-whale-punta-cana product_tag-whale-sabana-de-la-mar product_tag-whale-samana product_tag-whale-watching-dominican-republic product_tag-whales-in-samana product_tag-whales-trips has-post-thumbnail sale shipping-taxable product-type-external\">\n\t<div class=\"mkdf-pl-inner\"><div class=\"mkdf-pl-image\">\n\t<span class=\"mkdf-onsale\">SALE<\/span>\n\t<img loading=\"lazy\" decoding=\"async\" width=\"300\" height=\"300\" src=\"https:\/\/visitaloshaitises.com\/wp-content\/uploads\/2021\/04\/whales-123-300x300.jpg\" class=\"attachment-woocommerce_thumbnail size-woocommerce_thumbnail\" alt=\"Izlet Opazovanje kitov v zalivu Saman\u00e1 + Ca\u00f1o Hondo + Los Haitises iz pristani\u0161\u010da Saman\u00e1\" srcset=\"https:\/\/visitaloshaitises.com\/wp-content\/uploads\/2021\/04\/whales-123-300x300.jpg 300w, https:\/\/visitaloshaitises.com\/wp-content\/uploads\/2021\/04\/whales-123-100x100.jpg 100w, https:\/\/visitaloshaitises.com\/wp-content\/uploads\/2021\/04\/whales-123-150x150.jpg 150w, https:\/\/visitaloshaitises.com\/wp-content\/uploads\/2021\/04\/whales-123-85x85.jpg 85w, https:\/\/visitaloshaitises.com\/wp-content\/uploads\/2021\/04\/whales-123-550x550.jpg 550w\" sizes=\"auto, (max-width: 300px) 100vw, 300px\" \/><div class=\"mkdf-pl-text\"><div class=\"mkdf-pl-text-outer\"><div class=\"mkdf-pl-text-inner\"><a href=\"https:\/\/bookingadventures.tours\/booking.php?slug=Whale_Watching_Saman_Bay__Cao_Hondo__Los_Haitises_from_Saman_port\" aria-describedby=\"woocommerce_loop_add_to_cart_link_describedby_11703\" data-quantity=\"1\" class=\"button product_type_external\" data-product_id=\"11703\" data-product_sku=\"\" aria-label=\"REZERVIRAJTE ZDAJ\" rel=\"nofollow noopener\" target=\"_blank\">REZERVIRAJTE ZDAJ<\/a>\t<span id=\"woocommerce_loop_add_to_cart_link_describedby_11703\" class=\"screen-reader-text\">\n\t\t\t<\/span>\n<\/div><\/div><\/div><\/div><a href=\"https:\/\/visitaloshaitises.com\/sl\/private\/excursion-whale-watching-samana-bay-cano-hondo-los-haitises-from-samana-port-3\/\" class=\"woocommerce-LoopProduct-link woocommerce-loop-product__link\"><\/a><\/div><div class=\"mkdf-pl-text-wrapper\"><h4 class=\"mkdf-product-list-title\"><a href=\"https:\/\/visitaloshaitises.com\/sl\/private\/excursion-whale-watching-samana-bay-cano-hondo-los-haitises-from-samana-port-3\/\">Izlet Opazovanje kitov v zalivu Saman\u00e1 + Ca\u00f1o Hondo + Los Haitises iz pristani\u0161\u010da Saman\u00e1<\/a><\/h4>\n\t<span class=\"price\"><del aria-hidden=\"true\"><span class=\"woocommerce-Price-amount amount\"><bdi><span class=\"woocommerce-Price-currencySymbol\">&#36;<\/span>150.00<\/bdi><\/span><\/del> <span class=\"screen-reader-text\" data-no-translation=\"\" data-trp-gettext=\"\">Izvirna cena je bila: &#036;150.00.<\/span><ins aria-hidden=\"true\"><span class=\"woocommerce-Price-amount amount\"><bdi><span class=\"woocommerce-Price-currencySymbol\">&#36;<\/span>140.00<\/bdi><\/span><\/ins><span class=\"screen-reader-text\" data-no-translation=\"\" data-trp-gettext=\"\">Trenutna cena je: &#036;140.00.<\/span><\/span>\n<\/div><\/li><\/ul>\n<\/div><\/div><\/div><\/div><\/div>","protected":false},"excerpt":{"rendered":"<h2><strong>Hotel Ca\u00f1o Hondo<\/strong><\/h2>\n<p><em>(brezpla\u010den zajtrk za 3 goste)<\/em><\/p>\n<p>Eco-Lodge je \u010daroben, miren in izviren kraj za bivanje. Ta naravni in avtenti\u010dni hotel se nahaja v znamenitem narodnem parku Los Haitises v Sabana de la Mar. Vse na\u0161e sobe so polne pozitivne energije z neverjetnim razgledom na zaliv San Lorenzo in zaliv Samana! Sobe imajo zasebno kopalnico s toplo vodo in stropni ventilator. Vklju\u010den je zajtrk, brezpla\u010dna pitna voda in kava sta na voljo ves dan. Izbirate lahko tudi med na\u0161imi programi prehrane.<br \/>\n[preberi ve\u010d]<\/p>\n<h2><strong><em><span class=\"_6ijom0\">\u00a0Cano Hondo <\/span><\/em><\/strong><em><strong>Naravni bazeni<\/strong><\/em><\/h2>\n<p>U\u017eivajte v naravnih ekolo\u0161kih bazenih z zdravo in osve\u017eujo\u010do vodo, ki se z dru\u017eino ali gosti lepo zlijejo s pokrajino. Bazeni so popolnoma biolo\u0161ki, brez potrebe po kloru ali kemikalijah, ki razvijajo lastno naravno ekologijo in uravnote\u017een ekosistem, saj so zasnovani in zgrajeni na dolo\u010den na\u010din.<\/p>\n<h2><em><strong>Pravila za otroke Ca\u00f1o Hondo:<\/strong><\/em><\/h2>\n<p>-Otroci, stari od 2 do 10 let, pla\u010dajo ceno za otroke<br \/>\n-Mlaj\u0161i od 2 let brez stro\u0161kov<\/p>\n<h2><em><strong>Restavracija Ca\u00f1o Hondo:\u00a0<\/strong><\/em><\/h2>\n<p>Na voljo je meni s \u0161tevilnimi mo\u017enostmi. Vsak obrok vklju\u010duje tudi eno pija\u010do na osebo. Alkoholne pija\u010de so na voljo za dopla\u010dilo, prav tako tudi dodatne pija\u010de.<\/p>\n<p>Na hotelskem meniju so na voljo nenavadne zgodbe o avtohtonih besedah in bajeslovnih zgodbah tega obmo\u010dja. Poudarja tudi zna\u010dilne jedi, kot so rakovice, kon\u010di in minutas, majhne sladkovodne ribe, ki jih na lokalni ravni za\u010dinijo in ocvrejo. Sve\u017ei naravni sadni sokovi se dnevno menjavajo: limeta, melona, mango, tamarind, ananas itd.<br \/>\n[\/brati]<\/p>","protected":false},"featured_media":11503,"template":"","meta":[],"product_brand":[],"product_cat":[558,560,561],"product_tag":[339,521,126,340,127,447,562,342],"class_list":{"0":"post-11466","1":"product","2":"type-product","3":"status-publish","4":"has-post-thumbnail","6":"product_cat-all-rooms","7":"product_cat-hotel-cano-hondo","8":"product_cat-room-offers","9":"product_tag-altos-cano-hondo","10":"product_tag-altos-de-cano-hondo","11":"product_tag-cano-hondo","12":"product_tag-cano-hondo-day-pass","13":"product_tag-cano-hondo-hotel","14":"product_tag-hotel-cano-hondo","15":"product_tag-hotel-sabana-de-la-mar","16":"product_tag-paraiso-cano-hondo","18":"first","19":"instock","20":"shipping-taxable","21":"product-type-external"},"_links":{"self":[{"href":"https:\/\/visitaloshaitises.com\/sl\/wp-json\/wp\/v2\/product\/11466","targetHints":{"allow":["GET"]}}],"collection":[{"href":"https:\/\/visitaloshaitises.com\/sl\/wp-json\/wp\/v2\/product"}],"about":[{"href":"https:\/\/visitaloshaitises.com\/sl\/wp-json\/wp\/v2\/types\/product"}],"wp:featuredmedia":[{"embeddable":true,"href":"https:\/\/visitaloshaitises.com\/sl\/wp-json\/wp\/v2\/media\/11503"}],"wp:attachment":[{"href":"https:\/\/visitaloshaitises.com\/sl\/wp-json\/wp\/v2\/media?parent=11466"}],"wp:term":[{"taxonomy":"product_brand","embeddable":true,"href":"https:\/\/visitaloshaitises.com\/sl\/wp-json\/wp\/v2\/product_brand?post=11466"},{"taxonomy":"product_cat","embeddable":true,"href":"https:\/\/visitaloshaitises.com\/sl\/wp-json\/wp\/v2\/product_cat?post=11466"},{"taxonomy":"product_tag","embeddable":true,"href":"https:\/\/visitaloshaitises.com\/sl\/wp-json\/wp\/v2\/product_tag?post=11466"}],"curies":[{"name":"wp","href":"https:\/\/api.w.org\/{rel}","templated":true}]}}