{"id":11415,"date":"2021-08-15T20:09:23","date_gmt":"2021-08-15T20:09:23","guid":{"rendered":"https:\/\/haitises.com\/?post_type=product&#038;p=11415"},"modified":"2024-04-02T19:14:23","modified_gmt":"2024-04-02T19:14:23","slug":"los-haitises-national-park-and-cayo-levantado-from-miches","status":"publish","type":"product","link":"https:\/\/visitaloshaitises.com\/sl\/private\/los-haitises-national-park-and-cayo-levantado-from-miches\/","title":{"rendered":"Nacionalni park Los Haitises in Cayo Levantado iz Michesa"},"content":{"rendered":"<div class=\"vc_row wpb_row vc_row-fluid\" ><div class=\"wpb_column vc_column_container vc_col-sm-12\"><div class=\"vc_column-inner\"><div class=\"wpb_wrapper\"><div class=\"mkdf-section-title-holder\" style=\"text-align: left\">\n\t<div class=\"mkdf-st-inner\">\n\t\t\t\t\t<h5 class=\"mkdf-st-subtitle\" >\n\t\t\t\tNacionalni park Los Haitises in otok Bacardi\t\t\t<\/h5>\n\t\t\t\t\t\t\t<h3 class=\"mkdf-st-title\" >\n\t\t\t\tLos Haitises National Park and Cayo Levantado From Miches\t\t\t<\/h3>\n\t\t\t\t\t<\/div>\n<\/div><\/div><\/div><\/div><\/div><div class=\"vc_row wpb_row vc_row-fluid\" ><div class=\"wpb_column vc_column_container vc_col-sm-12\"><div class=\"vc_column-inner\"><div class=\"wpb_wrapper\">\n\t<div class=\"wpb_text_column wpb_content_element\" >\n\t\t<div class=\"wpb_wrapper\">\n\t\t\t<h4><\/h4>\n<h2>Los Haitises National Park and Cayo Levantado From Miches<\/h2>\n<h4><b><i>Pregled <\/i><\/b><\/h4>\n<p>Pick up in Your Hotel at Miches on comfortable transfer to Los Haitises National Park\u00a0 From Punta Cana plus Lunch at Bacardi Island.\u00a0 Come with us and visit the most beautiful national park of the Dominican Republic, Visiting Mangroves, Caves, and San Lorenzo Bay plus crossing the gorgeous Saman\u00e1 bay. To Visit Bacardi island, have lunch at the beach and swimming in one of the most pretty beaches in Saman\u00e1 Bay. After this<\/p>\n<p>After this experience, you will get Back to Sabana de la mar port and back to Miches areas.<\/p>\n<ul>\n<li style=\"font-weight: 400;\">Pristojbine vklju\u010dene<\/li>\n<li>Vklju\u010deno kosilo na otoku Bacardi<\/li>\n<li style=\"font-weight: 400;\"><span style=\"font-weight: 400;\">Vodnik zagotavlja navodila in nadzor<\/span><\/li>\n<\/ul>\n<p>&nbsp;<\/p>\n<h4><b>Vklju\u010ditve in izklju\u010ditve<\/b><\/h4>\n<p><b>Vklju\u010dki<\/b><\/p>\n<ol>\n<li style=\"font-weight: 400;\">Ogled Los Haitises + jame in piktogrami<\/li>\n<li>Izlet z ladjo<\/li>\n<li>Kosilo na Cayo Levantado (otok Bacardi), \u010de vam je v\u0161e\u010d podobna tura: Los Haitises + Ca\u00f1o Hondo<\/li>\n<li style=\"font-weight: 400;\"><span style=\"font-weight: 400;\">Vsi davki, pristojbine in manipulativni stro\u0161ki<\/span><\/li>\n<li style=\"font-weight: 400;\"><span style=\"font-weight: 400;\">Lokalni davki<\/span><\/li>\n<li style=\"font-weight: 400;\"><span style=\"font-weight: 400;\">pija\u010de<\/span><\/li>\n<li style=\"font-weight: 400;\"><span style=\"font-weight: 400;\">Vse dejavnosti<\/span><\/li>\n<li style=\"font-weight: 400;\"><span style=\"font-weight: 400;\">Lokalni vodnik<\/span><\/li>\n<\/ol>\n<p><b> Izklju\u010ditve<\/b><\/p>\n<ol>\n<li style=\"font-weight: 400;\"><span style=\"font-weight: 400;\">Napitnine<\/span><\/li>\n<li style=\"font-weight: 400;\"><span style=\"font-weight: 400;\">Alkoholne pija\u010de<\/span><\/li>\n<\/ol>\n<p>&nbsp;<\/p>\n<h4><em><strong>Odhod in povratek<\/strong><\/em><\/h4>\n<p><span style=\"font-weight: 400;\">Potnik bo dobil zbirali\u0161\u010de po opravljenem postopku rezervacije. Ture se za\u010dnejo in kon\u010dajo na na\u0161ih zbirali\u0161\u010dih.<\/span><\/p>\n<p>&nbsp;<\/p>\n<h2>Los Haitises National Park and Cayo Levantado From Miches<\/h2>\n<h4><b><i>Kaj pri\u010dakovati?<\/i><\/b><\/h4>\n<p><b><i>V<\/i><\/b>obiskovanje<strong> Nacionalni park Los Haitises<\/strong> s \u010dudovitim kosilom ob<strong> Otok Cayo Levantado<\/strong> and Swimming at the beach. Pick up in Miches and Starting <strong>from Sabana de la mar areas<\/strong> to take a Boat with a Local tour guide visiting Samana bayside and one of the most beautiful national parks of the Dominican Republic. <em><strong>Narodni park Haitises<\/strong><\/em>.<\/p>\n<p>The tour, organized by \u00abBooking Adventures\u00bb starts at hotels in Punta Cana with transportation. Come with Booking Adventures and start checking some bird-filled mangroves, rolling hills of lush vegetation and caves of <em><strong>Nacionalni park Los Haitises<\/strong><\/em>. Obisk otoka s pticami okoli. V gnezditveni sezoni lahko na gnezdih opazimo tudi mladi\u010de pelecanos. Poglobiti se v Skalnate otoke in obiskati jame s piktografi in petrografijami staroselcev.<\/p>\n<p>Skozi mangrove in de\u017eelo ob odprtem zalivu San Lorenzo, od koder lahko fotografirate razgibano gozdno pokrajino. Poglejte v vodo, da opazite <em><strong>morske krave<\/strong><\/em>, raki in <em><strong>Delfini.<\/strong><\/em><\/p>\n<h2><strong>Jame v narodnem parku Los Haitises<\/strong><\/h2>\n<div class=\"body-description secondary\">\n<p>Ime narodnega parka izvira iz njegovih prvotnih prebivalcev, Indijancev Taino. V njihovem jeziku &quot;Haitises&quot; pomeni visokogorje ali hribovje, kar pomeni strme geolo\u0161ke formacije obale z apnenci. Pustolov\u0161\u010dina globlje v park, da razi\u0161\u010dete jame, kot je <em><strong>Pe\u0161\u010dena jama<\/strong><\/em> in <strong><em>Jama Line.<\/em><\/strong><\/p>\n<p>Jame v rezervatu so uporabljali kot zavetje Indijanci Taino in kasneje skrivajo\u010di se pirati. Poi\u0161\u010dite risbe Indijancev, ki krasijo nekatere stene. Po obisku nacionalnega parka Los Haitises se bomo vrnili v pristani\u0161\u010de Saman\u00e1, mimo zaliva Saman\u00e1 30 min in obiskali otok Bacardi. Na otoku si bomo privo\u0161\u010dili tipi\u010dno kosilo. \u010ce ste vegan, brez skrbi, imamo hrano tudi za vas!<\/p>\n<p>After swimming a full afternoon and chilling on the beach our tour guide will set time to go back to Sabana de la mar port and after this going to Miches Areas.<\/p>\n<\/div>\n<p>V primeru, da vam bo to potovanje v\u0161e\u010d dalj\u0161e ali kraj\u0161e, imamo te mo\u017enosti:<\/p>\n<ol>\n<li>Samo Los Haitises iz pristani\u0161\u010da Saman\u00e1.<\/li>\n<li>Los Haitises + Ca\u00f1o Hondo iz pristani\u0161\u010da Saman\u00e1.<\/li>\n<\/ol>\n<p>&nbsp;<\/p>\n<h4><em><strong>Kaj morate prinesti?<\/strong><\/em><\/h4>\n<ul>\n<li style=\"font-weight: 400;\"><span style=\"font-weight: 400;\">fotoaparat<\/span><\/li>\n<li style=\"font-weight: 400;\"><span style=\"font-weight: 400;\">Odganjalni popki<\/span><\/li>\n<li style=\"font-weight: 400;\"><span style=\"font-weight: 400;\">son\u010dna krema<\/span><\/li>\n<li style=\"font-weight: 400;\"><span style=\"font-weight: 400;\">Klobuk<\/span><\/li>\n<li style=\"font-weight: 400;\"><span style=\"font-weight: 400;\">Udobne hla\u010de<\/span><\/li>\n<li style=\"font-weight: 400;\"><span style=\"font-weight: 400;\">Pohodni\u0161ki \u010devlji za gozd<\/span><\/li>\n<li style=\"font-weight: 400;\"><span style=\"font-weight: 400;\">Sandali za pomladna obmo\u010dja.<\/span><\/li>\n<li style=\"font-weight: 400;\"><span style=\"font-weight: 400;\">Kopalna obla\u010dila<\/span><\/li>\n<\/ul>\n<p>&nbsp;<\/p>\n<h4><b><i>Prevzem v hotelu <\/i><\/b><\/h4>\n<p><span style=\"font-weight: 400;\">Hotel pick-up is no offered for this tour. <\/span><\/p>\n<p>&nbsp;<\/p>\n<p><b>Opomba:<\/b><span style=\"font-weight: 400;\"> If you are booking within 24 hours of the tour\/Excursion departure time, we can arrange hotel pick-up with extra Cost. Once your purchase is complete, we will send you complete contact information (phone number, email address, etc.) for our local Tour guide to organize pick-up arrangements.<\/span><\/p>\n<h4><b><i>Potrditev dodatnih informacij <\/i><\/b><\/h4>\n<ol>\n<li>Vstopnice so potrdilo po pla\u010dilu tega izleta. Pla\u010dilo lahko prika\u017eete na telefonu.<\/li>\n<li style=\"font-weight: 400;\"><span style=\"font-weight: 400;\">Zbirno mesto bo prejeto po opravljenem postopku rezervacije.<\/span><\/li>\n<li style=\"font-weight: 400;\"><span style=\"font-weight: 400;\">Otroci morajo biti v spremstvu odrasle osebe.<\/span><\/li>\n<li style=\"font-weight: 400;\"><span style=\"font-weight: 400;\"> Ni dostopno z invalidskim vozi\u010dkom <\/span><\/li>\n<li style=\"font-weight: 400;\"><span style=\"font-weight: 400;\">Dojen\u010dki morajo sedeti v naro\u010dju <\/span><\/li>\n<li style=\"font-weight: 400;\"><span style=\"font-weight: 400;\">Ni priporo\u010dljivo za popotnike s te\u017eavami s hrbtom<\/span><\/li>\n<li style=\"font-weight: 400;\"><span style=\"font-weight: 400;\">Ni priporo\u010dljivo za nose\u010dnice <\/span><\/li>\n<li style=\"font-weight: 400;\"><span style=\"font-weight: 400;\"> Brez te\u017eav s srcem ali drugih resnih zdravstvenih te\u017eav <\/span><\/li>\n<li style=\"font-weight: 400;\"><span style=\"font-weight: 400;\">Ve\u010dina popotnikov lahko sodeluje<\/span><\/li>\n<\/ol>\n<h4><b><i>Politika odpovedi<\/i><\/b><\/h4>\n<p><span style=\"font-weight: 400;\">Za povra\u010dilo celotnega zneska prekli\u010dite vsaj 74 ur pred datumom za\u010detka do\u017eivetja. Sredstva bodo izgubljena, \u010de je rezervacija odpovedana isti dan potovanja.<\/span><\/p>\n\n\t\t<\/div>\n\t<\/div>\n\n\t<div class=\"wpb_video_widget wpb_content_element vc_clearfix   vc_video-aspect-ratio-169 vc_video-el-width-100 vc_video-align-left\" >\n\t\t<div class=\"wpb_wrapper\">\n\t\t\t<h2 class=\"wpb_heading wpb_video_heading\">Nacionalni park Los Haitises<\/h2>\n\t\t\t<div class=\"wpb_video_wrapper\"><iframe loading=\"lazy\" title=\"Nacionalni park Los Haitises Ogledi in izleti\" width=\"1100\" height=\"619\" src=\"https:\/\/www.youtube.com\/embed\/vMI4Ou81cd4?feature=oembed\" frameborder=\"0\" allow=\"accelerometer; autoplay; clipboard-write; encrypted-media; gyroscope; picture-in-picture\" allowfullscreen><\/iframe><\/div>\n\t\t<\/div>\n\t<\/div>\n<\/div><\/div><\/div><\/div><div class=\"vc_row wpb_row vc_row-fluid\" ><div class=\"wpb_column vc_column_container vc_col-sm-12\"><div class=\"vc_column-inner\"><div class=\"wpb_wrapper\"><div class=\"vc_empty_space\"   style=\"height: 32px\"><span class=\"vc_empty_space_inner\"><\/span><\/div>\n\t<div class=\"wpb_text_column wpb_content_element\" >\n\t\t<div class=\"wpb_wrapper\">\n\t\t\t<h4>Kontaktiraj nas?<\/h4>\n<h5>Booking Adventures<\/h5>\n<p><em><strong>Doma\u010dini<\/strong>\u00a0in\u00a0<strong>Dr\u017eavljani<\/strong>\u00a0Turisti\u010dni vodniki in storitve za goste<\/em><\/p>\n<p><span class=\"text-turquoise\">Rezervacije:<\/span>\u00a0Ogledi in izleti v Dom Rep.<\/p>\n<p><img decoding=\"async\" class=\"emoji\" draggable=\"false\" src=\"https:\/\/s.w.org\/images\/core\/emoji\/11.2.0\/svg\/1f4de.svg\" alt=\"\ud83d\udcde\" \/>\u00a0Tel\/Whatsapp\u00a0\u00a0<a href=\"tel:+1-809-720-6035\">+1-809-720-6035<\/a>.<\/p>\n<p><img decoding=\"async\" class=\"emoji\" draggable=\"false\" src=\"https:\/\/s.w.org\/images\/core\/emoji\/11.2.0\/svg\/1f4e9.svg\" alt=\"\ud83d\udce9\" \/>\u00a0<a href=\"mailto:info@bookingadventures.com.do\">info@bookingadventures.com.do<\/a><\/p>\n<p><strong>Zasebne izlete prek Whatsappa smo prilagodljivi:\u00a0<a href=\"tel:+18097206035\">+18097206035.<\/a><\/strong><\/p>\n\n\t\t<\/div>\n\t<\/div>\n<div class=\"vc_empty_space\"   style=\"height: 32px\"><span class=\"vc_empty_space_inner\"><\/span><\/div><\/div><\/div><\/div><\/div><div class=\"vc_row wpb_row vc_row-fluid\" ><div class=\"wpb_column vc_column_container vc_col-sm-12\"><div class=\"vc_column-inner\"><div class=\"wpb_wrapper\"><div class=\"mkdf-section-title-holder\" style=\"text-align: left\">\n\t<div class=\"mkdf-st-inner\">\n\t\t\t\t\t<h5 class=\"mkdf-st-subtitle\" >\n\t\t\t\tFrom Miches\t\t\t<\/h5>\n\t\t\t\t\t\t\t<h3 class=\"mkdf-st-title\" >\n\t\t\t\tLos Haitises National Park and Cayo Levantado From Miches\t\t\t<\/h3>\n\t\t\t\t\t<\/div>\n<\/div><div class=\"vc_empty_space\"   style=\"height: 32px\"><span class=\"vc_empty_space_inner\"><\/span><\/div><\/div><\/div><\/div><\/div><div class=\"vc_row wpb_row vc_row-fluid\" ><div class=\"wpb_column vc_column_container vc_col-sm-12\"><div class=\"vc_column-inner\"><div class=\"wpb_wrapper\"><div class=\"woocommerce columns-4\"><\/div><\/div><\/div><\/div><\/div>","protected":false},"excerpt":{"rendered":"<p>Los Haitises National Park\u00a0 From Sabana de la mar plus Lunch at Bacardi Island.\u00a0 Come with us and visit the most beautiful national park of the Dominican Republic, Visiting Mangroves, Caves, and San Lorenzo Bay plus crossing the gorgeous Saman\u00e1 bay. To Visit Bacardi island, have lunch at the beach and swimming in one of the most pretty beaches in Saman\u00e1 Bay. After this<\/p>\n<p>After this experience, you will get Back to Sabana de la mar port.<\/p>\n<p>&nbsp;<\/p>\n<p><strong>Prosimo izberite datum turneje:<\/strong><\/p>","protected":false},"featured_media":11242,"template":"","meta":[],"product_brand":[],"product_cat":[123,124],"product_tag":[137,205,180,125,206,139,163,129,207,208,132,209,210,211,212,133,213,214,215,216,217,218,190,219,114,142,148,143,220],"class_list":{"0":"post-11415","1":"product","2":"type-product","3":"status-publish","4":"has-post-thumbnail","6":"product_cat-tours-excursions-los-haitises-national-park","7":"product_cat-tours-excursions-samana-bay-dominican-republic","8":"product_tag-bacardi-island","9":"product_tag-bacardi-island-tours","10":"product_tag-birdwatching","11":"product_tag-boat-tour","12":"product_tag-caves-los-haitises","13":"product_tag-cayo-levantado","14":"product_tag-cayo-levantado-tour","15":"product_tag-eco-tours","16":"product_tag-excursiones-a-los-haitises-y-cayo-levantado","17":"product_tag-haitises-park-and-cayo-levantado-island","18":"product_tag-los-haitises","19":"product_tag-los-haitises-excursiones","20":"product_tag-los-haitises-excursions","21":"product_tag-los-haitises-mapa","22":"product_tag-los-haitises-mas-cayo-levantado","23":"product_tag-los-haitises-national-park","24":"product_tag-los-haitises-national-park-map","25":"product_tag-los-haitises-national-park-mas-cayo-levantado","26":"product_tag-los-haitises-national-park-tour-from-las-terrenas","27":"product_tag-los-haitises-national-park-tour-from-samana-port-bacardi-island-cayo-levantado","28":"product_tag-los-haitises-national-park-tour-from-santo-domingo","29":"product_tag-los-haitises-park-tour-cayo-levantado-island","30":"product_tag-los-haitises-samana","31":"product_tag-los-haitises-y-cayo-levantado","32":"product_tag-sabana-de-la-mar","33":"product_tag-samana","34":"product_tag-samana-excursions","35":"product_tag-samana-tours","36":"product_tag-tour-los-haitises-national-park-cayo-levantado","38":"first","39":"instock","40":"sale","41":"sold-individually","42":"shipping-taxable","43":"product-type-external"},"_links":{"self":[{"href":"https:\/\/visitaloshaitises.com\/sl\/wp-json\/wp\/v2\/product\/11415","targetHints":{"allow":["GET"]}}],"collection":[{"href":"https:\/\/visitaloshaitises.com\/sl\/wp-json\/wp\/v2\/product"}],"about":[{"href":"https:\/\/visitaloshaitises.com\/sl\/wp-json\/wp\/v2\/types\/product"}],"wp:featuredmedia":[{"embeddable":true,"href":"https:\/\/visitaloshaitises.com\/sl\/wp-json\/wp\/v2\/media\/11242"}],"wp:attachment":[{"href":"https:\/\/visitaloshaitises.com\/sl\/wp-json\/wp\/v2\/media?parent=11415"}],"wp:term":[{"taxonomy":"product_brand","embeddable":true,"href":"https:\/\/visitaloshaitises.com\/sl\/wp-json\/wp\/v2\/product_brand?post=11415"},{"taxonomy":"product_cat","embeddable":true,"href":"https:\/\/visitaloshaitises.com\/sl\/wp-json\/wp\/v2\/product_cat?post=11415"},{"taxonomy":"product_tag","embeddable":true,"href":"https:\/\/visitaloshaitises.com\/sl\/wp-json\/wp\/v2\/product_tag?post=11415"}],"curies":[{"name":"wp","href":"https:\/\/api.w.org\/{rel}","templated":true}]}}