{"id":11375,"date":"2021-08-15T20:09:01","date_gmt":"2021-08-15T20:09:01","guid":{"rendered":"https:\/\/haitises.com\/?post_type=product&#038;p=11375"},"modified":"2024-04-05T15:10:23","modified_gmt":"2024-04-05T15:10:23","slug":"bahia-de-las-aguilas-beach-day-trip-by-boat-day-pass-pedernales-2","status":"publish","type":"product","link":"https:\/\/visitaloshaitises.com\/sl\/private\/bahia-de-las-aguilas-beach-day-trip-by-boat-day-pass-pedernales-2\/","title":{"rendered":"Bah\u00eda de las Aguilas: Celodnevni izlet na pla\u017eo z ladjo - Dnevna vozovnica - Pedernales"},"content":{"rendered":"<div class=\"vc_row wpb_row vc_row-fluid\" ><div class=\"wpb_column vc_column_container vc_col-sm-12\"><div class=\"vc_column-inner\"><div class=\"wpb_wrapper\"><div class=\"mkdf-section-title-holder\" style=\"text-align: left\">\n\t<div class=\"mkdf-st-inner\">\n\t\t\t\t\t<h5 class=\"mkdf-st-subtitle\" >\n\t\t\t\tCelodnevni vozovnica - Potapljanje in kosilo\t\t\t<\/h5>\n\t\t\t\t\t\t\t<h3 class=\"mkdf-st-title\" >\n\t\t\t\tBah\u00eda de las Aguilas: celodnevni izlet na pla\u017eo z ladjo\t\t\t<\/h3>\n\t\t\t\t\t<\/div>\n<\/div><\/div><\/div><\/div><\/div><div class=\"vc_row wpb_row vc_row-fluid\" ><div class=\"wpb_column vc_column_container vc_col-sm-12\"><div class=\"vc_column-inner\"><div class=\"wpb_wrapper\">\n\t<div class=\"wpb_text_column wpb_content_element\" >\n\t\t<div class=\"wpb_wrapper\">\n\t\t\t<h4><b><i>Pregled<\/i><\/b><\/h4>\n<p>Pre\u017eivite dan na pla\u017ei in se prepu\u0161\u010dajte duhu, dale\u010d stran od turisti\u010dnih obmo\u010dij in vsega stresa. Pridite in odkrijte narodni park Jaragua in Bahia de las \u00c1guilas. Zapeljite se po \u010dudoviti cesti s \u010dudovitim razgledom na majhno pristani\u0161\u010de in ribi\u0161ko vasico Cabo Rojo. V kraju Las Cuevas se vkrcajte na ladjo, ki vas v 15 minutah popelje do ene najlep\u0161ih naravnih pla\u017e na svetu. Pesek v zalivu Bah\u00eda de las Aguilas je nedotaknjen, zaliv pa meri 8 km. Do\u017eivite izjemno obalno pokrajino s kristalno \u010disto vodo, ki se sveti v odtenkih od turkizne do opalno modre, ki se staplja z obzorjem. Kosilo vam postre\u017eejo na pla\u017ei, kopajte ali se potapljajte in raziskujte ta nedotaknjen naravni raj.<\/p>\n<p>&nbsp;<\/p>\n<ul>\n<li>Lokalni vodnik z izku\u0161njami na podro\u010dju varnosti.<\/li>\n<li>Privatni prevoz<\/li>\n<li>Pristojbine vklju\u010dene<\/li>\n<li>Kosilo<\/li>\n<li>Lokalni vodnik v \u0161pan\u0161\u010dini, angle\u0161\u010dini ali franco\u0161\u010dini.<\/li>\n<li>Pohodni\u0161tvo<\/li>\n<li>Potapljanje z masko<\/li>\n<\/ul>\n<h4><b>Vklju\u010ditve in izklju\u010ditve<\/b><\/h4>\n<p>&nbsp;<\/p>\n<p><b>Vklju\u010dki<\/b><\/p>\n<ol>\n<li>Lokalni vodnik z izku\u0161njami na podro\u010dju varnosti.<\/li>\n<li>Zasebni prevozi za manj\u0161e skupine<\/li>\n<li>Vsi davki, pristojbine in manipulativni stro\u0161ki<\/li>\n<li>Lokalni davki<\/li>\n<li>Kosilo<\/li>\n<li>Pohodni\u0161tvo<\/li>\n<li>Naravni bazeni<\/li>\n<li>Potapljanje z masko<\/li>\n<li>Vse dejavnosti<\/li>\n<\/ol>\n<p><b>Izklju\u010ditve<\/b><\/p>\n<ol>\n<li>Napitnine<\/li>\n<li>Vse pija\u010de<\/li>\n<\/ol>\n<h4><em><strong>Odhod in povratek<\/strong><\/em><\/h4>\n<p>Potnik bo dobil zbirali\u0161\u010de po opravljenem postopku rezervacije. Ogledi se za\u010dnejo in kon\u010dajo na va\u0161ih zbirali\u0161\u010dih.<\/p>\n<h2 class=\"styles__heading___mD4_3\" data-radium=\"true\">Bahia de las Aguilas: celodnevni izlet na pla\u017eo z ladjo - dnevna karta - potapljanje in kosilo<\/h2>\n<h4><em>Kaj pri\u010dakovati?<\/em><\/h4>\n<p>Playa de las Aguilas was named after the indigenous eagle. The tour is in private transport from Bahia de las Aguilas where it allows you to discover the natural wonders of this aphrodisiac beach in a very different and sustainable way. Spend the day on a nature tour of the southern part of the country where you will get to know the Bahia de las Aguila, one of the most beautiful beaches in the Dominican Republic, where we will arrive by speedboat to this paradisiacal beach, an area fully protected by environmental law. Spend a relaxing time at Bahia de las Aguilas, an uninhabited nature reserve and national park, and enjoy a barbecue-style lunch in the caves.<\/p>\n<p>Zaradi mirnega morja in rahlega vetra ne boste preve\u010d trpeli zaradi sonca in vro\u010dine. Postanite raziskovalec za en dan in odkrijte ekolo\u0161ki, naravni in popolnoma neokrnjen raj. Opazujete lahko ve\u010d kot 130 vrst ptic, od katerih jih 76 stalno \u017eivi v zalivu, 10 je endemi\u010dnih, 47 pa se jih seli.<\/p>\n<p>08.30 \u2013 Departure from Meeting Point<br \/>\n08.45 \u2013 Departure by boat from the village La Cueva to the Bahia de las Aguilas<br \/>\n12.30 - Tipi\u010dno kosilo na pla\u017ei<br \/>\n03.00 - Vrnitev v La Cuevo<br \/>\n05.30 \u2013 Arrival at Meeting Point<\/p>\n<h4><em><strong>Kaj morate prinesti?<\/strong><\/em><\/h4>\n<ul>\n<li>fotoaparat<\/li>\n<li>Odganjalni popki<\/li>\n<li>son\u010dna krema<\/li>\n<li>Voda<\/li>\n<li>Klobuk<\/li>\n<li>Udobne hla\u010de<\/li>\n<li>Pohodni\u0161ki \u010devlji za gozd<\/li>\n<li>Sandali za pomladna obmo\u010dja.<\/li>\n<li>Kopalna obla\u010dila<\/li>\n<\/ul>\n<p>&nbsp;<\/p>\n<h4><b><i>Prevzem v hotelu<\/i><\/b><\/h4>\n<p>Hotel pick-up is offered for this tour with Extra Cost.<\/p>\n<p><b>Opomba:<\/b> If you are booking within 24 hours of the tour\/Excursion departure time, we can arrange hotel pick-up. We just pick up in the Pedernales area. Once your purchase is complete, we will send you complete contact information (phone number, email address, etc.) for our local Tour guide to organize pick-up arrangements.<\/p>\n<h4><b><i>Potrditev dodatnih informacij<\/i><\/b><\/h4>\n<ol>\n<li>Vstopnice so potrdilo po pla\u010dilu tega izleta. Pla\u010dilo lahko prika\u017eete na telefonu.<\/li>\n<li>Zbirno mesto bo prejeto po opravljenem postopku rezervacije.<\/li>\n<li>Otroci morajo biti v spremstvu odrasle osebe.<\/li>\n<li>Ni dostopno z invalidskim vozi\u010dkom<\/li>\n<li>Dojen\u010dki morajo sedeti v naro\u010dju<\/li>\n<li>Ni priporo\u010dljivo za popotnike s te\u017eavami s hrbtom<\/li>\n<li>Ni priporo\u010dljivo za nose\u010dnice<\/li>\n<li>Brez te\u017eav s srcem ali drugih resnih zdravstvenih te\u017eav<\/li>\n<li>Ve\u010dina popotnikov lahko sodeluje<\/li>\n<\/ol>\n<h4><b><i>Politika odpovedi<\/i><\/b><\/h4>\n<p>Za povra\u010dilo celotnega zneska prekli\u010dite vsaj 24 ur pred datumom za\u010detka do\u017eivetja. Sredstva bodo izgubljena, \u010de je rezervacija odpovedana isti dan potovanja.<\/p>\n\n\t\t<\/div>\n\t<\/div>\n<\/div><\/div><\/div><\/div>","protected":false},"excerpt":{"rendered":"<p>Buy a Day Pass Tickets to Bahia las Aguilas from Pedernales areas. Enjoy a day at the beach and let your spirits flow, far away from the touristy areas and all the stress. Come and discover the Jaragua National park and Bahia de las \u00c1guilas. Drive along a beautiful road with breathtaking views of the small port and fishing village Cabo Rojo. In Las Cuevas, you board a boat that takes you on a 15-minute ride to one of the most beautiful natural beaches of the world. The sands of Bah\u00eda de las Aguilas are pristine and the bay covers 8 km. Experience an exceptional coastal landscape with crystal clear water shining in shades reaching from turquoise to opal-blue melting into the horizon. Lunch is served at the beach, go swimming or snorkeling, and explore this untouched natural paradise.<\/p>\n<p>&nbsp;<\/p>\n<p><strong>Izberite dan za to potovanje:<\/strong><\/p>","protected":false},"featured_media":502,"template":"","meta":[],"product_brand":[],"product_cat":[396,135],"product_tag":[397,398,399,400,401,402,403,404,405,406,407,408,409,410,411],"class_list":{"0":"post-11375","1":"product","2":"type-product","3":"status-publish","4":"has-post-thumbnail","6":"product_cat-bahia-de-las-aguilas-dominican-republic","7":"product_cat-lunch","8":"product_tag-bahia-de-las-aguilas","9":"product_tag-bahia-de-las-aguilas-pedernales","10":"product_tag-bahia-de-las-aguilas-beach-tour","11":"product_tag-bahia-de-las-aguilas-hoteles","12":"product_tag-bahia-de-las-aguilas-map","13":"product_tag-bahia-de-las-aguilas-private-tour","14":"product_tag-bahia-de-las-aguilas-republica-dominicana-hotel","15":"product_tag-bahia-de-las-aguilas-tour-from-punta-cana","16":"product_tag-bahia-de-las-aguilas-beach-day-trip-by-boat","17":"product_tag-bahia-las-aguilas-tours","18":"product_tag-barahona-tours","19":"product_tag-closest-airport-to-bahia-de-las-aguilas","20":"product_tag-hotel-barahona","21":"product_tag-playa-bahia-de-las-aguilas-dominican-republic","22":"product_tag-tours-a-bahia-de-las-aguilas-desde-santo-domingo","24":"first","25":"instock","26":"sale","27":"sold-individually","28":"shipping-taxable","29":"product-type-external"},"_links":{"self":[{"href":"https:\/\/visitaloshaitises.com\/sl\/wp-json\/wp\/v2\/product\/11375","targetHints":{"allow":["GET"]}}],"collection":[{"href":"https:\/\/visitaloshaitises.com\/sl\/wp-json\/wp\/v2\/product"}],"about":[{"href":"https:\/\/visitaloshaitises.com\/sl\/wp-json\/wp\/v2\/types\/product"}],"wp:featuredmedia":[{"embeddable":true,"href":"https:\/\/visitaloshaitises.com\/sl\/wp-json\/wp\/v2\/media\/502"}],"wp:attachment":[{"href":"https:\/\/visitaloshaitises.com\/sl\/wp-json\/wp\/v2\/media?parent=11375"}],"wp:term":[{"taxonomy":"product_brand","embeddable":true,"href":"https:\/\/visitaloshaitises.com\/sl\/wp-json\/wp\/v2\/product_brand?post=11375"},{"taxonomy":"product_cat","embeddable":true,"href":"https:\/\/visitaloshaitises.com\/sl\/wp-json\/wp\/v2\/product_cat?post=11375"},{"taxonomy":"product_tag","embeddable":true,"href":"https:\/\/visitaloshaitises.com\/sl\/wp-json\/wp\/v2\/product_tag?post=11375"}],"curies":[{"name":"wp","href":"https:\/\/api.w.org\/{rel}","templated":true}]}}