{"id":11895,"date":"2023-11-20T10:47:47","date_gmt":"2023-11-20T10:47:47","guid":{"rendered":"https:\/\/haitises.com\/?page_id=11895"},"modified":"2023-11-20T10:59:11","modified_gmt":"2023-11-20T10:59:11","slug":"land-for-sale-in-samana-samana-land-for-sale","status":"publish","type":"page","link":"https:\/\/visitaloshaitises.com\/sl\/zemljisce-za-prodajo-v-samani-samana-zemljisce-za-prodajo\/","title":{"rendered":"zemlji\u0161\u010de za prodajo v samani samana zemlji\u0161\u010de za prodajo"},"content":{"rendered":"<details class=\"wp-block-details is-layout-flow wp-block-details-is-layout-flow\"><summary>Zemlji\u0161\u010de za prodajo v Saman\u00e1 \u2013 zemlji\u0161\u010de Samana za prodajo<br>Nepremi\u010dnine Samana<br>Zemlji\u0161\u010de Samana za prodajo<br>ZEMLJI\u0160\u010cA za prodajo v Saman\u00e1, Dominikanska republika. Oglejte si fotografije in podrobnosti seznama Saman\u00e1, Pozor, vlagatelji, razvijalci zemlji\u0161\u010d, ki jih zanima DOMINIKANSKA REPUBLIKA.<br>\u010ce i\u0161\u010dete zemlji\u0161\u010da za nakup v Samani. Moje ime je Misael Calcano. Imam nekaj zemlji\u0161\u010d za prodajo od moje dru\u017eine z vsemi dokumenti. Pravna zemlji\u0161\u010da pred pla\u017eo in tudi s \u010dudovitim pogledom na ocean. Vas prosimo, da me kontaktirate preko WhatsApp:\u00a0<a href=\"callto:+18097206035\">+1-809-720-6035<\/a>.<br><br>Investirajte v Samano<br>Zakaj vlagati v Samano Dominikanska republika?<br>Saman\u00e1 je destinacija neskon\u010dnih zlatih pla\u017e, turkiznih voda in kokosovih palm, ki se zibljejo v zelenem obzorju, karibskih ritmov, ruma in piva. Mesto prijetnih ljudi in nalezljivega humorja, kjer je vse spro\u0161\u010deno in umirjeno.<br>V Samani stresa ni, ljudje, ki \u017eivijo tukaj, u\u017eivajo v \u010desanju pla\u017ee in jedeh, pripravljenih na osnovi sve\u017eih morskih sade\u017eev, ki jih ribi\u010di prinesejo na obalo pla\u017ee.<br>\u010ce so bile va\u0161e sanje vedno \u017eiveti v raju, je bilo v Saman\u00e1 pred kratkim zgrajenih ve\u010d projektov, nekateri v gradnji in nekateri \u017ee dokon\u010dani, kjer lahko najdete svoj naslednji dom.<br>Poi\u0161\u010dite nepremi\u010dnino za prodajo v\u00a0<em>Samana<\/em>. I\u0161\u010di\u00a0<em>nepremi\u010dnina<\/em>\u00a0in poi\u0161\u010dite najnovej\u0161e sezname\u00a0<em>Samana<\/em>\u00a0Nepremi\u010dnina naprodaj.<br><br>Parcele Samana naprodaj<br><br><br>Vas prosimo, da me kontaktirate preko WhatsApp:\u00a0<a href=\"callto:+18097206035\">+1-809-720-6035<\/a>.<br><br>Lots &amp; Farms Samana<br><br><br>Vas prosimo, da me kontaktirate preko WhatsApp:\u00a0<a href=\"callto:+18097206035\">+1-809-720-6035<\/a>.<br><br>Samana Ocean View zemlji\u0161\u010da za prodajo nepremi\u010dnine<br><br><br>Vas prosimo, da me kontaktirate preko WhatsApp:\u00a0<a href=\"callto:+18097206035\">+1-809-720-6035<\/a>.<br><br>Nepremi\u010dnina ob pla\u017ei Samana za prodajo<br><br><br>Vas prosimo, da me kontaktirate preko WhatsApp:\u00a0<a href=\"callto:+18097206035\">+1-809-720-6035<\/a>.<br><br><a class=\"\" href=\"https:\/\/www.tourwhales.com\/wp-content\/uploads\/2023\/01\/land-mark-5-1024x567.png\" target=\"_blank\" rel=\"noopener\"><\/a><br><a class=\"\" href=\"https:\/\/www.tourwhales.com\/wp-content\/uploads\/2023\/01\/land-mark-4-1024x545.png\" target=\"_blank\" rel=\"noopener\"><\/a><br><a class=\"\" href=\"https:\/\/www.tourwhales.com\/wp-content\/uploads\/2023\/01\/land-mark-3-1024x571.png\" target=\"_blank\" rel=\"noopener\"><\/a><br><a class=\"\" href=\"https:\/\/www.tourwhales.com\/wp-content\/uploads\/2023\/01\/land-mark-2-1024x540.png\" target=\"_blank\" rel=\"noopener\"><\/a><br><a class=\"\" href=\"https:\/\/www.tourwhales.com\/wp-content\/uploads\/2023\/01\/land-maark-1024x445.png\" target=\"_blank\" rel=\"noopener\"><\/a><br><a class=\"\" href=\"https:\/\/www.tourwhales.com\/wp-content\/uploads\/2023\/01\/beachlimon-lands--1024x608.png\" target=\"_blank\" rel=\"noopener\"><\/a><br><a class=\"\" href=\"https:\/\/www.tourwhales.com\/land-for-sale-in-samana-samana-land-for-sale#\" target=\"_blank\" rel=\"noopener\">1<\/a><br><a class=\"\" href=\"https:\/\/www.tourwhales.com\/land-for-sale-in-samana-samana-land-for-sale#\" target=\"_blank\" rel=\"noopener\">2<\/a><br><a href=\"https:\/\/www.tourwhales.com\/land-for-sale-in-samana-samana-land-for-sale#\" target=\"_blank\" rel=\"noopener\">3<\/a><br><a class=\"\" href=\"https:\/\/www.tourwhales.com\/land-for-sale-in-samana-samana-land-for-sale#\" target=\"_blank\" rel=\"noopener\">4<\/a><br><a class=\"\" href=\"https:\/\/www.tourwhales.com\/land-for-sale-in-samana-samana-land-for-sale#\" target=\"_blank\" rel=\"noopener\">5<\/a><br><a class=\"\" href=\"https:\/\/www.tourwhales.com\/land-for-sale-in-samana-samana-land-for-sale#\" target=\"_blank\" rel=\"noopener\">6<\/a><br><a href=\"https:\/\/www.tourwhales.com\/land-for-sale-in-samana-samana-land-for-sale#\" target=\"_blank\" rel=\"noopener\">Prej\u0161nja<\/a><br><a href=\"https:\/\/www.tourwhales.com\/land-for-sale-in-samana-samana-land-for-sale#\" target=\"_blank\" rel=\"noopener\">Naslednji<\/a><br><br><br>Vas prosimo, da me kontaktirate preko WhatsApp:\u00a0<a href=\"callto:+18097206035\">+1-809-720-6035<\/a>.<\/summary>\n<p><\/p>\n<\/details>","protected":false},"excerpt":{"rendered":"Land for Sale in Saman\u00e1 \u2013 Samana land for SaleSamana Real EstateSamana Land for SaleLANDS for sale in Saman\u00e1, Dominican Republic. View photos and listing details of Saman\u00e1, Attention Investors, Land Developers interested in the DOMINICAN REPUBLIC.If you are looking [...]","protected":false},"author":1,"featured_media":0,"parent":0,"menu_order":0,"comment_status":"closed","ping_status":"closed","template":"","meta":{"footnotes":""},"class_list":["post-11895","page","type-page","status-publish","hentry"],"_links":{"self":[{"href":"https:\/\/visitaloshaitises.com\/sl\/wp-json\/wp\/v2\/pages\/11895","targetHints":{"allow":["GET"]}}],"collection":[{"href":"https:\/\/visitaloshaitises.com\/sl\/wp-json\/wp\/v2\/pages"}],"about":[{"href":"https:\/\/visitaloshaitises.com\/sl\/wp-json\/wp\/v2\/types\/page"}],"author":[{"embeddable":true,"href":"https:\/\/visitaloshaitises.com\/sl\/wp-json\/wp\/v2\/users\/1"}],"replies":[{"embeddable":true,"href":"https:\/\/visitaloshaitises.com\/sl\/wp-json\/wp\/v2\/comments?post=11895"}],"version-history":[{"count":2,"href":"https:\/\/visitaloshaitises.com\/sl\/wp-json\/wp\/v2\/pages\/11895\/revisions"}],"predecessor-version":[{"id":11899,"href":"https:\/\/visitaloshaitises.com\/sl\/wp-json\/wp\/v2\/pages\/11895\/revisions\/11899"}],"wp:attachment":[{"href":"https:\/\/visitaloshaitises.com\/sl\/wp-json\/wp\/v2\/media?parent=11895"}],"curies":[{"name":"wp","href":"https:\/\/api.w.org\/{rel}","templated":true}]}}