{"id":554,"date":"2020-06-22T17:36:48","date_gmt":"2020-06-22T17:36:48","guid":{"rendered":"https:\/\/haitises.com\/?post_type=product&#038;p=554"},"modified":"2024-04-17T20:44:54","modified_gmt":"2024-04-17T20:44:54","slug":"excursion-a-los-haitises-desde-sabana-de-la-mar-o-cano-hondo","status":"publish","type":"product","link":"https:\/\/visitaloshaitises.com\/sk\/sukromne\/excursion-a-los-haitises-desde-sabana-de-la-mar-o-cano-hondo\/","title":{"rendered":"V\u00fdlet do Los Haitises zo Sabana de la Mar alebo Ca\u00f1o Hondo"},"content":{"rendered":"<div class=\"vc_row wpb_row vc_row-fluid\" ><div class=\"wpb_column vc_column_container vc_col-sm-12\"><div class=\"vc_column-inner\"><div class=\"wpb_wrapper\">[mkdf_section_title subtitle_tag=\u00bb\u00bb subtitle=\u00bbTour normal a los Haitises\u00bb]<\/div><\/div><\/div><\/div><div class=\"vc_row wpb_row vc_row-fluid\" ><div class=\"wpb_column vc_column_container vc_col-sm-12\"><div class=\"vc_column-inner\"><div class=\"wpb_wrapper\">\n\t<div class=\"wpb_text_column wpb_content_element\" >\n\t\t<div class=\"wpb_wrapper\">\n\t\t\t<h2>N\u00e1rodn\u00fd park Los Haitises Zo Sabana de la Mar alebo Hotel Cano Hondo.<\/h2>\n<h3>Popis<\/h3>\n<p>Norm\u00e1lny s\u00fakromn\u00fd v\u00fdlet do n\u00e1rodn\u00e9ho parku Los Haitises. Po\u010fte s nami nav\u0161t\u00edvi\u0165 najkraj\u0161\u00ed n\u00e1rodn\u00fd park v Dominik\u00e1nskej republike, nav\u0161t\u00edvte mangrovy, jaskyne a z\u00e1liv San Lorenzo. Tento z\u00e1\u017eitok m\u00f4\u017ee za\u010da\u0165 t\u00fdm, \u017ee sa komunita Sabana de la Mar dozvie o tejto hist\u00f3rii Sabana de la Mar. Okrem toho tento v\u00fdlet za\u010dneme z pr\u00edstavu Ca\u00f1o Hondo.<\/p>\n<ul>\n<li>Vr\u00e1tane dan\u00ed<\/li>\n<li>Sprievodca poskytuje pokyny a dozor.<\/li>\n<li>Obed nie je zahrnut\u00fd v cene obeda v Ca\u00f1o Hondo Vyberte si tento z\u00e1jazd: Los Haitises Plus Ca\u00f1o Hondo.<\/li>\n<\/ul>\n<h3>Inkl\u00fazie a vyl\u00fa\u010denia<\/h3>\n<h4>Inkl\u00fazie<\/h4>\n<ol>\n<li>Prehliadka Los Haitises + jaskyne a piktogramy<\/li>\n<li>V\u0161etky dane, poplatky a manipula\u010dn\u00e9 poplatky.<\/li>\n<li>Miestne dane<\/li>\n<li>V\u0161etky aktivity<\/li>\n<li>Miestny sprievodca<\/li>\n<\/ol>\n<h4>Vyl\u00fa\u010denia<\/h4>\n<ol>\n<li>Tipy<\/li>\n<li>Obed nie je zahrnut\u00fd v cene obeda v Ca\u00f1o Hondo Vyberte si tento z\u00e1jazd: Los Haitises Plus Ca\u00f1o Hondo.<\/li>\n<li>Doprava<\/li>\n<li>Alkoholick\u00e9 n\u00e1poje<\/li>\n<\/ol>\n<h3><em>Odlet a n\u00e1vrat<\/em><\/h3>\n<p>Cestuj\u00faci dostane miesto stretnutia po procese rezerv\u00e1cie. Prehliadky za\u010d\u00ednaj\u00fa a kon\u010dia na na\u0161ich miestach stretnutia.<\/p>\n<h4><em>\u010co o\u010dak\u00e1va\u0165?<\/em><\/h4>\n<p>Z\u00edskajte vstupenky na n\u00e1v\u0161tevu n\u00e1rodn\u00e9ho parku Los Haitises s jasky\u0148ami, mangrovn\u00edkmi a z\u00e1livom San Lorenzo.<\/p>\n<p>Najni\u017e\u0161ia cena za n\u00e1v\u0161tevu n\u00e1rodn\u00e9ho parku Los Haitises z hotelov Sabana de la Mar alebo Ca\u00f1o Hondo s miestnymi sprievodcami. V\u00fdlet za\u010d\u00edna v hlavnom pr\u00edstave n\u00e1rodn\u00e9ho parku Los Haitises. Tento v\u00fdlet za\u010d\u00edna o 10:00 s miestnym sprievodcom, ktor\u00fd pozn\u00e1 p\u00f4vodn\u00fd pr\u00edbeh o n\u00e1dhernom n\u00e1rodnom parku.<\/p>\n<p>Potom vyraz\u00edme z hlavn\u00e9ho pr\u00edstavu n\u00e1rodn\u00e9ho parku Los Haitises s n\u00e1zvom Ca\u00f1o Hondo (Hlbok\u00fd potok) na \u010cLNE so z\u00e1chrann\u00fdmi vestami. \u010cerven\u00fd mangrovov\u00fd les si vychutn\u00e1me a\u017e k\u00fdm sa nedostaneme do z\u00e1livu San Lorenzo. Mal\u00e1 z\u00e1toka v z\u00e1live Saman\u00e1. A tu to m\u00e1me! Prv\u00e1 vec, ktor\u00fa m\u00f4\u017eete vidie\u0165, je zbierka obrovsk\u00e9ho v\u00e1pencov\u00e9ho horsk\u00e9ho ostrova s n\u00e1zvom Mogotes. Nad nimi lieta viac ako 700 druhov rastl\u00edn a mno\u017estvo mokra\u010fov\u00fdch vt\u00e1kov. Nesk\u00f4r n\u00e1v\u0161teva jask\u00fd\u0148 s piktogramami na\u0161ich domorod\u00fdch komun\u00edt pred 750 rokmi.<\/p>\n<p>Cez mangrovy a pozemky v otvorenom z\u00e1live San Lorenzo, odkia\u013e m\u00f4\u017eete fotografova\u0165 drsn\u00fa lesn\u00fa krajinu. Pozrite sa do vody a uvid\u00edte lamant\u00edny, k\u00f4rovce a delf\u00edny.<\/p>\n<p>El nombre del parque nacional proviene de sus habitantes originales, los indios ta\u00ednos. En su idioma, \u00abHaitises\u00bb se traduce en tierras altas o colinas, una referencia a las empinadas formaciones geol\u00f3gicas de la costa con calizas. Avent\u00farate en el parque para explorar cuevas como la Cueva de la Arena y la Cueva de la L\u00ednea. Las cuevas en la reserva fueron utilizadas como refugio por los indios ta\u00ednos y, m\u00e1s tarde, por los piratas escondidos. Busque dibujos de indios que decoran algunas de las paredes. Despu\u00e9s de visitar el Parque Nacional Los Haitises, regresaremos al puerto donde comenz\u00f3 nuestro viaje.<\/p>\n<h3><em>\u010co by ste si mali prinies\u0165?<\/em><\/h3>\n<ul>\n<li>fotoapar\u00e1t<\/li>\n<li>Repelenty<\/li>\n<li>opa\u013eovac\u00ed kr\u00e9m<\/li>\n<li>Klob\u00fak<\/li>\n<li>Pohodln\u00e9 nohavice<\/li>\n<li>Lesn\u00e9 turistick\u00e9 top\u00e1nky<\/li>\n<li>Sand\u00e1le do jarn\u00fdch oblast\u00ed.<\/li>\n<li>Plavky<\/li>\n<\/ul>\n<h3><em>Vyzdvihnutie v hoteli<\/em><\/h3>\n<p>Hotelov\u00e9 vyzdvihnutie je pon\u00fakan\u00e9, ak sa nach\u00e1dzate v hoteli Paraiso Ca\u00f1o Hondo alebo Altos Ca\u00f1o Hondo. Miesto stretnutia je 5 min\u00fat ch\u00f4dze od t\u00fdchto hotelov.<\/p>\n<p><strong>Pozn\u00e1mka<\/strong>- Ak si rezervujete do 24 hod\u00edn od \u010dasu odchodu z\u00e1jazdu\/exkurzie, m\u00f4\u017eeme v\u00e1m zabezpe\u010di\u0165 vyzdvihnutie v hoteli s dodato\u010dn\u00fdmi poplatkami, ak nie ste v hoteloch Ca\u00f1o Hondo. Po dokon\u010den\u00ed n\u00e1kupu v\u00e1m po\u0161leme kompletn\u00e9 kontaktn\u00e9 inform\u00e1cie (telef\u00f3nne \u010d\u00edslo, e-mailov\u00fa adresu at\u010f.) na n\u00e1\u0161ho miestneho sprievodcu, aby sme si dohodli vyzdvihnutie.<\/p>\n<h3><em>Potvrdenie dodato\u010dn\u00fdch inform\u00e1ci\u00ed<\/em><\/h3>\n<ul>\n<li>Vstupenky s\u00fa potvrden\u00edm po zaplaten\u00ed tohto z\u00e1jazdu. Platbu m\u00f4\u017eete zobrazi\u0165 na telef\u00f3ne.<\/li>\n<li>Miesto stretnutia bude doru\u010den\u00e9 po procese rezerv\u00e1cie.<\/li>\n<li>Deti musia by\u0165 v sprievode dospelej osoby.<\/li>\n<li>Bezbari\u00e9rov\u00fd pr\u00edstup<\/li>\n<li>Doj\u010dat\u00e1 by mali sedie\u0165 v detskej seda\u010dke alebo s dospel\u00fdm<\/li>\n<li>Neodpor\u00fa\u010da sa pre cestuj\u00facich s probl\u00e9mami s chrbtom.<\/li>\n<li>Neodpor\u00fa\u010da sa tehotn\u00fdm \u017een\u00e1m.<\/li>\n<li>\u017diadne srdcov\u00e9 probl\u00e9my ani in\u00e9 v\u00e1\u017ene zdravotn\u00e9 \u0165a\u017ekosti.<\/li>\n<li>V\u00e4\u010d\u0161ina cestovate\u013eov sa m\u00f4\u017ee z\u00fa\u010dastni\u0165.<\/li>\n<\/ul>\n<h3><em>Podmienky zru\u0161enia<\/em><\/h3>\n<p>Ak chcete z\u00edska\u0165 pln\u00fa n\u00e1hradu, zru\u0161te aspo\u0148 24 hod\u00edn pred d\u00e1tumom za\u010diatku z\u00e1\u017eitku.<\/p>\n<h3><em>Kontaktuj n\u00e1s?<\/em><\/h3>\n<p>Rezerva\u010dn\u00e9 dobrodru\u017estv\u00e1<br \/>\nMiestni a n\u00e1rodn\u00ed turistick\u00ed sprievodcovia a slu\u017eby pre host\u00ed<\/p>\n<p>Rezerv\u00e1cie: Prehliadky a exkurzie v Dom.<\/p>\n<p>\ud83d\udcde Tel\/Whatsapp +1-809-720-6035.<\/p>\n<p>\ud83d\udce9 info@bookingadventures.com.do<\/p>\n<p>Organizujeme s\u00fakromn\u00e9 z\u00e1jazdy s flexibilnou konfigur\u00e1ciou cez Whatsapp: +18097206035.<\/p>\n\n\t\t<\/div>\n\t<\/div>\n<\/div><\/div><\/div><\/div>","protected":false},"excerpt":{"rendered":"<p>Najni\u017e\u0161ia cena za n\u00e1v\u0161tevu n\u00e1rodn\u00e9ho parku Los Haitises z hotelov Sabana de la Mar alebo Ca\u00f1o Hondo s miestnymi sprievodcami. V\u00fdlet za\u010d\u00edna v hlavnom pr\u00edstave n\u00e1rodn\u00e9ho parku Los Haitises. Tento v\u00fdlet za\u010d\u00edna o 10:00 s miestnym sprievodcom, ktor\u00fd pozn\u00e1 p\u00f4vodn\u00fd pr\u00edbeh o n\u00e1dhernom n\u00e1rodnom parku.<\/p>\n<p>Potom vyraz\u00edme z hlavn\u00e9ho pr\u00edstavu n\u00e1rodn\u00e9ho parku Los Haitises s n\u00e1zvom Ca\u00f1o Hondo (Hlbok\u00fd potok) na \u010cLNE so z\u00e1chrann\u00fdmi vestami. \u010cerven\u00fd mangrovov\u00fd les si vychutn\u00e1me, k\u00fdm sa nedostaneme do San Lorenzo Bay, malej z\u00e1toky v z\u00e1live Saman\u00e1. A tu to m\u00e1me! Prv\u00e1 vec, ktor\u00fa m\u00f4\u017eete vidie\u0165, je zbierka obrovsk\u00e9ho v\u00e1pencov\u00e9ho horsk\u00e9ho ostrova s n\u00e1zvom Mogotes. Okrem nich lieta okolo viac ako 700 druhov rastl\u00edn a mno\u017estvo mokra\u010fov\u00fdch vt\u00e1kov. Nesk\u00f4r n\u00e1v\u0161teva jask\u00fd\u0148 s piktogramami na\u0161ich domorod\u00fdch komun\u00edt pred 750 rokmi.<\/p>\n<p><strong>Vyberte d\u00e1tum prehliadky\u00a0<\/strong><\/p>","protected":false},"featured_media":81,"template":"","meta":[],"product_brand":[],"product_cat":[119,120,98,121,99,122,443,123,124],"product_tag":[125,126,127,128,129,130,131,132,133,134,114],"class_list":{"0":"post-554","1":"product","2":"type-product","3":"status-publish","4":"has-post-thumbnail","6":"product_cat-caves","7":"product_cat-fees-entrace","8":"product_cat-local-tour-guides","9":"product_cat-mangroves","10":"product_cat-swimming-natural-springs","11":"product_cat-tours-and-excursions","12":"product_cat-tours-y-excursiones-es","13":"product_cat-tours-excursions-los-haitises-national-park","14":"product_cat-tours-excursions-samana-bay-dominican-republic","15":"product_tag-boat-tour","16":"product_tag-cano-hondo","17":"product_tag-cano-hondo-hotel","18":"product_tag-cano-hondo-tours","19":"product_tag-eco-tours","20":"product_tag-excursion","21":"product_tag-locals-guides","22":"product_tag-los-haitises","23":"product_tag-los-haitises-national-park","24":"product_tag-los-haitises-national-park-tour","25":"product_tag-sabana-de-la-mar","27":"first","28":"instock","29":"sale","30":"sold-individually","31":"shipping-taxable","32":"product-type-external"},"_links":{"self":[{"href":"https:\/\/visitaloshaitises.com\/sk\/wp-json\/wp\/v2\/product\/554","targetHints":{"allow":["GET"]}}],"collection":[{"href":"https:\/\/visitaloshaitises.com\/sk\/wp-json\/wp\/v2\/product"}],"about":[{"href":"https:\/\/visitaloshaitises.com\/sk\/wp-json\/wp\/v2\/types\/product"}],"wp:featuredmedia":[{"embeddable":true,"href":"https:\/\/visitaloshaitises.com\/sk\/wp-json\/wp\/v2\/media\/81"}],"wp:attachment":[{"href":"https:\/\/visitaloshaitises.com\/sk\/wp-json\/wp\/v2\/media?parent=554"}],"wp:term":[{"taxonomy":"product_brand","embeddable":true,"href":"https:\/\/visitaloshaitises.com\/sk\/wp-json\/wp\/v2\/product_brand?post=554"},{"taxonomy":"product_cat","embeddable":true,"href":"https:\/\/visitaloshaitises.com\/sk\/wp-json\/wp\/v2\/product_cat?post=554"},{"taxonomy":"product_tag","embeddable":true,"href":"https:\/\/visitaloshaitises.com\/sk\/wp-json\/wp\/v2\/product_tag?post=554"}],"curies":[{"name":"wp","href":"https:\/\/api.w.org\/{rel}","templated":true}]}}