{"id":11620,"date":"2023-10-04T07:39:44","date_gmt":"2023-10-04T07:39:44","guid":{"rendered":"https:\/\/haitises.com\/?post_type=product&#038;p=11620"},"modified":"2024-04-02T16:46:23","modified_gmt":"2024-04-02T16:46:23","slug":"salto-la-jalda-hiking-and-swimming","status":"publish","type":"product","link":"https:\/\/visitaloshaitises.com\/sk\/private\/salto-la-jalda-hiking-and-swimming\/","title":{"rendered":"Salto La Jalda (Hiking and Swimming)"},"content":{"rendered":"<div class=\"vc_row wpb_row vc_row-fluid\" ><div class=\"wpb_column vc_column_container vc_col-sm-12\"><div class=\"vc_column-inner\"><div class=\"wpb_wrapper\"><div class=\"mkdf-section-title-holder\" style=\"text-align: left\">\n\t<div class=\"mkdf-st-inner\">\n\t\t\t\t\t<h5 class=\"mkdf-st-subtitle\" >\n\t\t\t\tThe highest Waterfall in Caribbean 272 feet\t\t\t<\/h5>\n\t\t\t\t\t\t\t<h3 class=\"mkdf-st-title\" >\n\t\t\t\tSalto de la Jalda National Park\t\t\t<\/h3>\n\t\t\t\t\t\t\t<p class=\"mkdf-st-text\" >\n\t\t\t\tHike or Horses Riding.\t\t\t<\/p>\n\t\t\t<\/div>\n<\/div><\/div><\/div><\/div><\/div><div class=\"vc_row wpb_row vc_row-fluid\" ><div class=\"wpb_column vc_column_container vc_col-sm-12\"><div class=\"vc_column-inner\"><div class=\"wpb_wrapper\"><div class=\"vc_btn3-container vc_btn3-inline\" ><button class=\"vc_general vc_btn3 vc_btn3-size-md vc_btn3-shape-rounded vc_btn3-style-modern vc_btn3-color-green\">REZERVOVA\u0164<\/button><\/div>\n\t<div class=\"wpb_text_column wpb_content_element\" >\n\t\t<div class=\"wpb_wrapper\">\n\t\t\t<h4><b><i>Preh\u013ead <\/i><\/b><\/h4>\n<p>This is a Private tour to\u00a0<strong>Salto de la Jalda Waterfalls<\/strong> with Horse riding or Hiking. Visiting cacao and Coffe forest under Coconuts Palms Canopy. When you arrive at the Waterfalls you are allowed to swim and Set the time with your Local Guide.<\/p>\n<p>Learn with locals and get a Safe trip. Get your Tickets in Offer Today.<\/p>\n<p>&nbsp;<\/p>\n<ul>\n<li>Horse Riding or Hiking<\/li>\n<li style=\"font-weight: 400;\"><span style=\"font-weight: 400;\">The guide provides instructions and Supervision<\/span><\/li>\n<li>Fees to the National Park<\/li>\n<\/ul>\n<p>&nbsp;<\/p>\n<h4><b>Inkl\u00fazie a vyl\u00fa\u010denia<\/b><\/h4>\n<p>&nbsp;<\/p>\n<p><b>Inkl\u00fazie<\/b><\/p>\n<ol>\n<li style=\"font-weight: 400;\"><span style=\"font-weight: 400;\">Hiking or Horses Riding Tour<\/span><\/li>\n<li style=\"font-weight: 400;\"><span style=\"font-weight: 400;\">V\u0161etky dane, poplatky a manipula\u010dn\u00e9 poplatky<\/span><\/li>\n<li style=\"font-weight: 400;\"><span style=\"font-weight: 400;\">Miestne dane<\/span><\/li>\n<li style=\"font-weight: 400;\"><span style=\"font-weight: 400;\">N\u00e1poje<\/span><\/li>\n<li style=\"font-weight: 400;\"><span style=\"font-weight: 400;\">V\u0161etky aktivity<\/span><\/li>\n<li style=\"font-weight: 400;\"><span style=\"font-weight: 400;\">Miestny sprievodca<\/span><\/li>\n<\/ol>\n<p><b> Vyl\u00fa\u010denia<\/b><\/p>\n<ol>\n<li style=\"font-weight: 400;\"><span style=\"font-weight: 400;\">Spropitn\u00e9<\/span><\/li>\n<li style=\"font-weight: 400;\"><span style=\"font-weight: 400;\">Transfer<\/span><\/li>\n<li>obed<\/li>\n<li style=\"font-weight: 400;\"><span style=\"font-weight: 400;\">Alkoholick\u00e9 n\u00e1poje<\/span><\/li>\n<\/ol>\n<p>&nbsp;<\/p>\n<h4><em><strong>Odchod a n\u00e1vrat<\/strong><\/em><\/h4>\n<p><span style=\"font-weight: 400;\">Cestuj\u00faci dostane miesto stretnutia po procese rezerv\u00e1cie. V\u00fdlety za\u010d\u00ednaj\u00fa a kon\u010dia na na\u0161ich miestach stretnutia.<\/span><\/p>\n<p>&nbsp;<\/p>\n<h2>Hike Salto de la Jalda National Park<\/h2>\n<h4><b><i>\u010co o\u010dak\u00e1va\u0165?<\/i><\/b><\/h4>\n<p><em><strong>Z\u00edskajte l\u00edstky<\/strong><\/em> for visiting The Highest Waterfalls in the Caribean.\u00a0 <strong>El Salto la Jalda<\/strong> Hiking al horse riding.<\/p>\n<p><span style=\"font-weight: 400;\">The tour, organized by \u00abBooking Adventures\u00bb starts at the meeting point set with the Tour Guide. <\/span>To start our tour, we meet in<strong> Savannah of the Sea<\/strong>. Then we get into the vehicle we drive 25 min to Magua Community. Where we will meet our local hiking guides. Living your vehicle in a safe parking place, we go on horse riding or on foot to the National Park Salto de La Jalda, with a time of three hours to arrive there.<\/p>\n<p>The path consists of 6.5 kilometers,\u00a0 it is a long experience through the Dominican Forest, Passing by Cacaos, Coconuts, and Coffe forest.\u00a0 In our full trip, we will be passing near the Magua River and crossing it about 8 times without much difficulty.<\/p>\n<p>Almost the entire trail has the shade of a large amount of cacao forest planted before the area is declared Salto de La Jalda National Park. In this first part of the ecotourism adventure, you can enjoy the song of the birds, the sound of water flow currents, the mostly flat terrain and all the green vegetation.<\/p>\n<p>Apart from the cocoa in the land of the National Park of La Jalda, you can also see coffee plantations. Almost arriving at the waterfall we stop by the park rangers houses native to the town of Magua, assigned to the National Park of Jalda. There you can take a short break, from where you can see in a general amazing view of the Salto de La Jalda.<\/p>\n<p>We will continue until the waterfalls. swimming there and after a few hours getting back to the vehicle through the same trail. This is an extreme adventure. Please if you have not conditions for hiking you need to take the horse riding.<\/p>\n<p>&nbsp;<\/p>\n<h4><em><strong>\u010co by ste si mali prinies\u0165?<\/strong><\/em><\/h4>\n<ul>\n<li style=\"font-weight: 400;\"><span style=\"font-weight: 400;\">fotoapar\u00e1t<\/span><\/li>\n<li style=\"font-weight: 400;\"><span style=\"font-weight: 400;\">Repelentn\u00e9 p\u00fa\u010diky<\/span><\/li>\n<li style=\"font-weight: 400;\"><span style=\"font-weight: 400;\">opa\u013eovac\u00ed kr\u00e9m<\/span><\/li>\n<li style=\"font-weight: 400;\"><span style=\"font-weight: 400;\">Klob\u00fak<\/span><\/li>\n<li style=\"font-weight: 400;\"><span style=\"font-weight: 400;\">Pohodln\u00e9 nohavice<\/span><\/li>\n<li style=\"font-weight: 400;\"><span style=\"font-weight: 400;\">Turistick\u00e1 obuv do lesa<\/span><\/li>\n<li style=\"font-weight: 400;\"><span style=\"font-weight: 400;\">Oble\u010denie na pl\u00e1vanie<\/span><\/li>\n<li>Extra Waterbottle<\/li>\n<li>Lunch or snacks<\/li>\n<\/ul>\n<p>&nbsp;<\/p>\n<h4><b><i>Vyzdvihnutie v hoteli <\/i><\/b><\/h4>\n<p><span style=\"font-weight: 400;\">Hotel pick-up is not offered for this tour. <\/span><\/p>\n<p>&nbsp;<\/p>\n<p><b>Pozn\u00e1mka:<\/b><span style=\"font-weight: 400;\"> Ak si rezervujete pobyt do 24 hod\u00edn pred odchodom na v\u00fdlet\/exkurziu, za pr\u00edplatok v\u00e1m zabezpe\u010d\u00edme vyzdvihnutie z hotela. Po dokon\u010den\u00ed n\u00e1kupu v\u00e1m za\u0161leme kompletn\u00e9 kontaktn\u00e9 inform\u00e1cie (telef\u00f3nne \u010d\u00edslo, e-mailov\u00fa adresu at\u010f.) pre n\u00e1\u0161ho miestneho sprievodcu, ktor\u00fd zorganizuje vyzdvihnutie.<\/span><\/p>\n<h4><b><i>Potvrdenie dodato\u010dn\u00fdch inform\u00e1ci\u00ed <\/i><\/b><\/h4>\n<ol>\n<li>Vstupenky s\u00fa potvrden\u00edm po zaplaten\u00ed tohto z\u00e1jazdu. Platbu m\u00f4\u017eete zobrazi\u0165 na svojom telef\u00f3ne.<\/li>\n<li style=\"font-weight: 400;\"><span style=\"font-weight: 400;\">Miesto stretnutia bude prijat\u00e9 po procese rezerv\u00e1cie.<\/span><\/li>\n<li style=\"font-weight: 400;\"><span style=\"font-weight: 400;\">Deti musia by\u0165 v sprievode dospelej osoby.<\/span><\/li>\n<li style=\"font-weight: 400;\"><span style=\"font-weight: 400;\"> Bezbari\u00e9rov\u00fd pr\u00edstup <\/span><\/li>\n<li style=\"font-weight: 400;\"><span style=\"font-weight: 400;\">Not Infants for this trip are allowed<\/span><\/li>\n<li style=\"font-weight: 400;\"><span style=\"font-weight: 400;\">Neodpor\u00fa\u010da sa pre cestuj\u00facich s probl\u00e9mami s chrbtom<\/span><\/li>\n<li style=\"font-weight: 400;\"><span style=\"font-weight: 400;\">Neodpor\u00fa\u010da sa pre tehotn\u00e9 cestovate\u013eky <\/span><\/li>\n<li style=\"font-weight: 400;\"><span style=\"font-weight: 400;\"> \u017diadne srdcov\u00e9 probl\u00e9my ani in\u00e9 v\u00e1\u017ene zdravotn\u00e9 \u0165a\u017ekosti <\/span><\/li>\n<li style=\"font-weight: 400;\"><span style=\"font-weight: 400;\">V\u00e4\u010d\u0161ina cestovate\u013eov sa m\u00f4\u017ee z\u00fa\u010dastni\u0165<\/span><\/li>\n<\/ol>\n<h4><b><i>Podmienky zru\u0161enia<\/i><\/b><\/h4>\n<p>For a full refund, please read our Cancellations policies\u00a0<a href=\"https:\/\/www.ticketswhales.com\/online-booking\/\" target=\"_blank\" rel=\"noopener\" data-saferedirecturl=\"https:\/\/www.google.com\/url?q=https:\/\/www.ticketswhales.com\/online-booking\/&amp;source=gmail&amp;ust=1672449202351000&amp;usg=AOvVaw1yAeVAPktmaVCqDujgUn90\">Click here<\/a>. Funds will be lost if the reservation is canceled the same day of the trip.<\/p>\n\n\t\t<\/div>\n\t<\/div>\n<\/div><\/div><\/div><\/div><div class=\"vc_row wpb_row vc_row-fluid\" ><div class=\"wpb_column vc_column_container vc_col-sm-12\"><div class=\"vc_column-inner\"><div class=\"wpb_wrapper\">\n\t<div class=\"wpb_text_column wpb_content_element\" >\n\t\t<div class=\"wpb_wrapper\">\n\t\t\t<h4>Kontaktuj n\u00e1s?<\/h4>\n<h5><em><strong>Rezerva\u010dn\u00e9 dobrodru\u017estv\u00e1<\/strong><\/em><\/h5>\n<p><em><strong>Miestni obyvatelia<\/strong> a <strong>\u0160t\u00e1tni pr\u00edslu\u0161n\u00edci<\/strong> Sprievodcovia a slu\u017eby pre host\u00ed<\/em><\/p>\n<p><span class=\"text-turquoise\">Rezerv\u00e1cie:<\/span> Prehliadky a exkurzie v Dom.<\/p>\n<p><img decoding=\"async\" class=\"emoji\" draggable=\"false\" src=\"https:\/\/s.w.org\/images\/core\/emoji\/11.2.0\/svg\/1f4de.svg\" alt=\"\ud83d\udcde\" \/> Tel\/Whatsapp\u00a0 <a href=\"tel:+1-809-720-6035\">+1-809-720-6035<\/a>.<\/p>\n<p><img decoding=\"async\" class=\"emoji\" draggable=\"false\" src=\"https:\/\/s.w.org\/images\/core\/emoji\/11.2.0\/svg\/1f4e9.svg\" alt=\"\ud83d\udce9\" \/> <a href=\"mailto:info@bookingadventures.com.do\">info@bookingadventures.com.do<\/a><\/p>\n<p><strong>Flexibilne nastavujeme s\u00fakromn\u00e9 prehliadky od Whatsapp: <a href=\"tel:+18097206035\">+18097206035.<\/a><\/strong><\/p>\n\n\t\t<\/div>\n\t<\/div>\n<\/div><\/div><\/div><\/div><div class=\"vc_row wpb_row vc_row-fluid\" ><div class=\"wpb_column vc_column_container vc_col-sm-12\"><div class=\"vc_column-inner\"><div class=\"wpb_wrapper\"><div class=\"vc_btn3-container vc_btn3-inline\" ><button class=\"vc_general vc_btn3 vc_btn3-size-md vc_btn3-shape-rounded vc_btn3-style-modern vc_btn3-color-green\">REZERVOVA\u0164<\/button><\/div><\/div><\/div><\/div><\/div>","protected":false},"excerpt":{"rendered":"<p>An extreme adventure to the higher waterfall of the Caribbean. Come with locals hiking or Horse riding to the Waterfall. Learning about the real Dominican lifestyle of the forest. Visiting the biggest plantations of Cacao trees forest in the Dominican Republic and learning about this story with Natives Tour guides.<\/p>\n<p>When you book this trip you are supporting Families from Magua, Sabana de la Mar Comunity. Where there are not tourists all around the year. Money stays with these locals.<\/p>\n<p>&nbsp;<\/p>\n<p><strong>Pros\u00edm, vyberte d\u00e1tum turn\u00e9\u00a0<\/strong><\/p>","protected":false},"featured_media":322,"template":"","meta":[],"product_brand":[],"product_cat":[565,95,96,97,98,99,100],"product_tag":[101,102,103,104,105,106,107,108,109,110,111,112,113,114,115,116,117,118],"class_list":{"0":"post-11620","1":"product","2":"type-product","3":"status-publish","4":"has-post-thumbnail","6":"product_cat-1-sabana-de-la-mar","7":"product_cat-hike-to-miches-la-jalda-waterfall-waterfalls","8":"product_cat-hiking","9":"product_cat-horse-riding-to-waterfalls","10":"product_cat-local-tour-guides","11":"product_cat-swimming-natural-springs","12":"product_cat-waterfalls","13":"product_tag-higthest-waterfall-in-the-caribean","14":"product_tag-hike-la-jalda","15":"product_tag-hike-to-miches-la-jalda-waterfall-waterfalls","16":"product_tag-hiking","17":"product_tag-la-jalda-excursions","18":"product_tag-la-jalda-horses","19":"product_tag-la-jalda-national-park","20":"product_tag-la-jalda-waterfall","21":"product_tag-leaping","22":"product_tag-leaping-jalda","23":"product_tag-magua","24":"product_tag-magua-la-jalda","25":"product_tag-miches","26":"product_tag-sabana-de-la-mar","27":"product_tag-salto-de-la-jalda","28":"product_tag-salto-la-jalda-sabana-de-la-mar","29":"product_tag-salto-la-jalda-tours","30":"product_tag-waterfalls","32":"first","33":"instock","34":"sale","35":"featured","36":"shipping-taxable","37":"product-type-external"},"_links":{"self":[{"href":"https:\/\/visitaloshaitises.com\/sk\/wp-json\/wp\/v2\/product\/11620","targetHints":{"allow":["GET"]}}],"collection":[{"href":"https:\/\/visitaloshaitises.com\/sk\/wp-json\/wp\/v2\/product"}],"about":[{"href":"https:\/\/visitaloshaitises.com\/sk\/wp-json\/wp\/v2\/types\/product"}],"wp:featuredmedia":[{"embeddable":true,"href":"https:\/\/visitaloshaitises.com\/sk\/wp-json\/wp\/v2\/media\/322"}],"wp:attachment":[{"href":"https:\/\/visitaloshaitises.com\/sk\/wp-json\/wp\/v2\/media?parent=11620"}],"wp:term":[{"taxonomy":"product_brand","embeddable":true,"href":"https:\/\/visitaloshaitises.com\/sk\/wp-json\/wp\/v2\/product_brand?post=11620"},{"taxonomy":"product_cat","embeddable":true,"href":"https:\/\/visitaloshaitises.com\/sk\/wp-json\/wp\/v2\/product_cat?post=11620"},{"taxonomy":"product_tag","embeddable":true,"href":"https:\/\/visitaloshaitises.com\/sk\/wp-json\/wp\/v2\/product_tag?post=11620"}],"curies":[{"name":"wp","href":"https:\/\/api.w.org\/{rel}","templated":true}]}}