{"id":10885,"date":"2020-07-14T02:35:41","date_gmt":"2020-07-14T02:35:41","guid":{"rendered":"https:\/\/haitises.com\/?post_type=product&#038;p=10885"},"modified":"2024-04-16T01:40:10","modified_gmt":"2024-04-16T01:40:10","slug":"excursion-de-ballenas-2021-desde-los-hoteles-de-punta-cana-a-la-bahia-de-samana-cayo-levantado-bacardi-island","status":"publish","type":"product","link":"https:\/\/visitaloshaitises.com\/sk\/private\/vylet-za-velrybami-2021-z-hotelov-v-punta-cana-do-zatoky-samana-cayo-levantado-ostrov-bacardi\/","title":{"rendered":"Exkurzia za ve\u013erybami 2022 z hotelov v Punta Cana do z\u00e1toky Samana + Cayo Levantado (ostrov Bacardi)."},"content":{"rendered":"<div class=\"vc_row wpb_row vc_row-fluid\" ><div class=\"wpb_column vc_column_container vc_col-sm-12\"><div class=\"vc_column-inner\"><div class=\"wpb_wrapper\"><div class=\"mkdf-section-title-holder\" style=\"text-align: left\">\n\t<div class=\"mkdf-st-inner\">\n\t\t\t\t\t<h5 class=\"mkdf-st-subtitle\" >\n\t\t\t\tVyzdvihnutie z hotelov + Cayo Levantado (ostrov Bacardi).\t\t\t<\/h5>\n\t\t\t\t\t\t\t<h3 class=\"mkdf-st-title\" >\n\t\t\t\tExkurzia za ve\u013erybami 2021 z Punta Cany do z\u00e1toky Samana\t\t\t<\/h3>\n\t\t\t\t\t<\/div>\n<\/div><\/div><\/div><\/div><\/div><div class=\"vc_row wpb_row vc_row-fluid\" ><div class=\"wpb_column vc_column_container vc_col-sm-12\"><div class=\"vc_column-inner\"><div class=\"wpb_wrapper\">\n\t<div class=\"wpb_text_column wpb_content_element\" >\n\t\t<div class=\"wpb_wrapper\">\n\t\t\t<div class=\"vc_row wpb_row vc_row-fluid\">\n<div class=\"wpb_column vc_column_container vc_col-sm-12\">\n<div class=\"vc_column-inner\">\n<div class=\"wpb_wrapper\">\n<div class=\"wpb_text_column wpb_content_element\">\n<div class=\"wpb_wrapper\">\n<div class=\"vc_row wpb_row vc_row-fluid\">\n<div class=\"wpb_column vc_column_container vc_col-sm-12\">\n<div class=\"vc_column-inner\">\n<div class=\"wpb_wrapper\">\n<div class=\"wpb_text_column wpb_content_element\">\n<div class=\"wpb_wrapper\"><\/div>\n<\/div>\n<\/div>\n<\/div>\n<\/div>\n<\/div>\n<\/div>\n<\/div>\n<\/div>\n<\/div>\n<\/div>\n<\/div>\n<div class=\"vc_row wpb_row vc_row-fluid\">\n<div class=\"wpb_column vc_column_container vc_col-sm-12\">\n<div class=\"vc_column-inner\">\n<div class=\"wpb_wrapper\">\n<div class=\"wpb_text_column wpb_content_element\">\n<div class=\"wpb_wrapper\">\n<h3>Popis<\/h3>\n<p>Ve\u013eryby Punta Cana, pozorovanie ve\u013er\u00fdb v z\u00e1toke Samana a n\u00e1v\u0161teva z\u00e1livu Cayo Levantado po\u010das tohto celodenn\u00e9ho v\u00fdletu z hotelov Punta Cana. Cestujte do z\u00e1toky Samana na palube pohodln\u00e9ho klimatizovan\u00e9ho autobusu a potom sa presu\u0148te na katamar\u00e1n v meste Miches. Vypl\u00e1vajte na otvoren\u00e9 vody a h\u013eadajte k\u0155dle ve\u013er\u00fdb hrbat\u00fdch, ktor\u00e9 sa v tejto oblasti rozmno\u017euj\u00fa a telia. Od svojho odborn\u00e9ho sprievodcu pr\u00edrodovedca sa dozviete viac o spr\u00e1van\u00ed a biol\u00f3gii t\u00fdchto morsk\u00fdch cicavcov. Pokra\u010dujte na ostrov Cayo Levantado alebo Bacardi, kde si pred n\u00e1vratom do Punta Cany dajte obed na pl\u00e1\u017ei a ponorte sa do modrej vody.<\/p>\n<p><strong>Pozn\u00e1mka:<\/strong> T\u00e1to prehliadka m\u00f4\u017ee, ale nemus\u00ed zah\u0155\u0148a\u0165 zast\u00e1vku pri vodop\u00e1de Limon. Ak si chcete rezervova\u0165 rovnak\u00fd v\u00fdlet s vodop\u00e1dmi, KLIKNITE TU.<\/p>\n<ul>\n<li>Pozorovanie ve\u013er\u00fdb<\/li>\n<li>Vstupenky do observat\u00f3ria<\/li>\n<li>Zah\u0155\u0148a obed formou bufetu na pl\u00e1\u017ei.<\/li>\n<li>Presun lode<\/li>\n<li>Transfer z hotelov Punta Cana<\/li>\n<li>Kapit\u00e1n poskytuje in\u0161trukcie a doh\u013ead.<\/li>\n<li>Turistick\u00fd sprievodca<\/li>\n<\/ul>\n<h3>Inkl\u00fazie a vyl\u00fa\u010denia<\/h3>\n<h4>Inkl\u00fazie<\/h4>\n<ol>\n<li>Obed formou bufetu na pl\u00e1\u017ei.<\/li>\n<li>Turistick\u00fd sprievodca<\/li>\n<li>V\u00fdlet katamar\u00e1nom alebo lo\u010fou<\/li>\n<li>V\u0161etky dane, poplatky a manipula\u010dn\u00e9 poplatky<\/li>\n<li>Miestne dane<\/li>\n<li>N\u00e1poje<\/li>\n<\/ol>\n<h4>Vyl\u00fa\u010denia<\/h4>\n<ol>\n<li>Tipy<\/li>\n<\/ol>\n<h3><em>Odlet a n\u00e1vrat<\/em><\/h3>\n<p>Pri tejto prehliadke sa pon\u00faka vyzdvihnutie z hotela. Do pozn\u00e1mok jednoducho nap\u00ed\u0161te n\u00e1zov hotela, z ktor\u00e9ho si chcete z\u00e1jazd vyzdvihn\u00fa\u0165. Vyzved\u00e1vame vo v\u0161etk\u00fdch hoteloch v Punta Cana.<\/p>\n<h3>Pozorovanie ve\u013er\u00fdb 2021 v Punta Cana do z\u00e1toky Samana Bay + Cayo Levantado (ostrov Bacardi) z hotelov.<\/h3>\n<h3><em>\u010co o\u010dak\u00e1va\u0165?<\/em><\/h3>\n<p>Pribl\u00ed\u017ete sa k ne\u017en\u00fdm morsk\u00fdm obrom Dominik\u00e1nskej republiky po\u010das 12-hodinov\u00e9ho v\u00fdletu za pozorovan\u00edm ve\u013er\u00fdb hrbat\u00fdch v z\u00e1live S\u00e1mana. Str\u00e1vte nezabudnute\u013en\u00fd de\u0148 pozorovan\u00edm tis\u00edcov ve\u013er\u00fdb, ktor\u00e9 ka\u017edoro\u010dne pripl\u00e1vaj\u00fa na ostrov, aby sa p\u00e1rili, k\u0155mili a hrali v jeho tepl\u00fdch tropick\u00fdch vod\u00e1ch. Po\u010das pozorovania t\u00fdchto n\u00e1dhern\u00fdch tvorov si vychutn\u00e1te jedine\u010dn\u00fd v\u00fdklad v\u00e1\u0161ho odborn\u00e9ho sprievodcu na pozorovanie ve\u013er\u00fdb. De\u0148 zakon\u010dite obedom a \u010dasom str\u00e1ven\u00fdm na pl\u00e1\u017ei na kr\u00e1snom ostrove Cayo Levantado. V cene je zahrnut\u00e1 aj doprava do hotela a sp\u00e4\u0165.<\/p>\n<p>Od 9:00 do 12:00 pozorovanie ve\u013er\u00fdb a po tomto v\u00fdlete nav\u0161t\u00edvime ostrov Bacardi \/ Cayo Levantado. Na ostrove Bacardi bude zabezpe\u010den\u00fd typick\u00fd dominik\u00e1nsky obed formou bufetu (ry\u017ea, fazu\u013ea, ryby, \u0161al\u00e1ty...). Po skon\u010den\u00ed obeda sa m\u00f4\u017eete k\u00fapa\u0165 do 16:30. V\u00fdlet sa skon\u010d\u00ed o 17:00 v tom istom pr\u00edstave, odkia\u013e sa vyd\u00e1te na palubu n\u00e1\u0161ho katamar\u00e1nu a autobusom sp\u00e4\u0165 do hotelov v Punta Cana.<\/p>\n<p>T\u00e1to prehliadka m\u00f4\u017ee, ale nemus\u00ed zah\u0155\u0148a\u0165 zast\u00e1vku pri vodop\u00e1de Limon. Ak si chcete rezervova\u0165 rovnak\u00fd v\u00fdlet s vodop\u00e1dmi, KLIKNITE TU.<\/p>\n<p><strong>Rozvrh:<\/strong><\/p>\n<ul>\n<li>6:00 - 7:00 Vyzdvihnutie klientov z r\u00f4znych hotelov.<\/li>\n<li>07:00 Odchod do Las Canitas v Sabana de la mar<\/li>\n<li>08:15 Pr\u00edchod do s\u00fakromn\u00e9ho pr\u00edstavu<\/li>\n<li>08:15 - 8:40 Ra\u0148ajky (sendvi\u010de, muffiny, \u010daj, k\u00e1va, d\u017e\u00fasy)<\/li>\n<li>8:45 n\u00e1stup na lo\u010f a za\u010diatok na\u0161ej cesty do rezerv\u00e1cie ve\u013er\u00fdb hrbat\u00fdch v Saman\u00e1.<\/li>\n<li>11:00 H\u013eadanie ve\u013er\u00fdb po\u010das 45 min\u00fat. Tento \u010das sa riadi vl\u00e1dnymi pravidlami.<\/li>\n<li>11:45 Cesta na Cayo Levantado v z\u00e1live Samana<\/li>\n<li>12:30 Pr\u00edchod na Cayo Levantado<\/li>\n<li>13:00 Obed (obed formou bufetu, typick\u00fd dominik\u00e1nsky)<\/li>\n<li>13:45 - 15:30 Vo\u013en\u00fd \u010das v Cayo Levantado<\/li>\n<li>15:00 - 15:45 Op\u00e4\u0165 na palube smer Miches<\/li>\n<li>17:00 Pr\u00edchod do Miches a odchod do hotelov v Punta Cana<\/li>\n<li>19:30 - 20:00 Pr\u00edchod do hotelov v Punta Cana<\/li>\n<\/ul>\n<p><strong>* Obedov\u00e9 menu (typick\u00e9 dominik\u00e1nske)<\/strong><br \/>\nRy\u017ea, grilovan\u00e9 kur\u010da alebo grilovan\u00e1 ryba, \u0161al\u00e1t, zelenina, \u010derstv\u00e9 ovocie.<\/p>\n<p>* Klienti, ktor\u00ed sa rozhodn\u00fa prida\u0165 zast\u00e1vku pri vodop\u00e1de El Limon po pozorovan\u00ed ve\u013er\u00fdb, sa presun\u00fa k vodop\u00e1du a bud\u00fa ma\u0165 menej \u010dasu na Cayo Levantado.<\/p>\n<p>T\u00e1to prehliadka m\u00f4\u017ee, ale nemus\u00ed zah\u0155\u0148a\u0165 zast\u00e1vku pri vodop\u00e1de Limon. Ak si chcete rezervova\u0165 rovnak\u00fd v\u00fdlet s vodop\u00e1dmi, KLIKNITE TU.<\/p>\n<h3><em>\u010co by ste si mali prinies\u0165?<\/em><\/h3>\n<ul>\n<li>fotoapar\u00e1t<\/li>\n<li>Repelenty<\/li>\n<li>opa\u013eovac\u00ed kr\u00e9m<\/li>\n<li>Klob\u00fak<\/li>\n<li>Pohodln\u00e9 nohavice<\/li>\n<li>Sand\u00e1le na pl\u00e1\u017e<\/li>\n<li>Plavky<\/li>\n<li>Peniaze na suven\u00edry<\/li>\n<\/ul>\n<h3><em>Vyzdvihnutie v hoteli<\/em><\/h3>\n<p>Pri tejto prehliadke sa pon\u00faka vyzdvihnutie z hotela. Do pozn\u00e1mok jednoducho nap\u00ed\u0161te n\u00e1zov hotela, z ktor\u00e9ho si chcete z\u00e1jazd vyzdvihn\u00fa\u0165. Vyzved\u00e1vame vo v\u0161etk\u00fdch hoteloch v Punta Cana.<\/p>\n<p><strong>Pozn\u00e1mka:<\/strong> ak si rezerv\u00e1ciu urob\u00edte do 24 hod\u00edn pred odchodom na v\u00fdlet\/exkurziu, m\u00f4\u017eeme v\u00e1m zabezpe\u010di\u0165 vyzdvihnutie z hotela. Po dokon\u010den\u00ed n\u00e1kupu v\u00e1m za\u0161leme v\u0161etky kontaktn\u00e9 inform\u00e1cie (telef\u00f3nne \u010d\u00edslo, e-mailov\u00fa adresu at\u010f.), aby n\u00e1\u0161 miestny sprievodca mohol zariadi\u0165 vyzdvihnutie.<\/p>\n<h3><em>Potvrdenie dodato\u010dn\u00fdch inform\u00e1ci\u00ed<\/em><\/h3>\n<ul>\n<li>Vstupenky s\u00fa potvrden\u00edm po zaplaten\u00ed tohto z\u00e1jazdu. Platbu m\u00f4\u017eete zobrazi\u0165 na telef\u00f3ne.<\/li>\n<li>Miesto stretnutia bude doru\u010den\u00e9 po procese rezerv\u00e1cie.<\/li>\n<li>Deti musia by\u0165 v sprievode dospelej osoby.<\/li>\n<li>Bezbari\u00e9rov\u00fd pr\u00edstup<\/li>\n<li>Doj\u010dat\u00e1 by mali sedie\u0165 na kolen\u00e1ch<\/li>\n<li>V\u00e4\u010d\u0161ina cestovate\u013eov sa m\u00f4\u017ee z\u00fa\u010dastni\u0165.<\/li>\n<\/ul>\n<h3><em>Podmienky zru\u0161enia<\/em><\/h3>\n<p>Ak chcete z\u00edska\u0165 pln\u00fa n\u00e1hradu, zru\u0161te aspo\u0148 24 hod\u00edn pred d\u00e1tumom za\u010diatku z\u00e1\u017eitku.<\/p>\n<h4>Kontaktujte n\u00e1s!<br \/>\nSAMANA VE\u013dRYBY TOUR<\/h4>\n<p><em>Turistick\u00ed sprievodcovia <strong>Priestory<\/strong> y <strong>n\u00e1rodn\u00e9<\/strong> a slu\u017eby pre host\u00ed<\/em><\/p>\n<p>Rezerv\u00e1cie: Prehliadky a exkurzie v Dom.<\/p>\n<p>Tel \/ Whatsapp + 1-809-720-6035.<\/p>\n<p>info@bookingadventures.com.do<\/p>\n<p>Sme flexibiln\u00ed Konfigur\u00e1cia s\u00fakromn\u00fdch prehliadok <strong>WhatsApp:\u00a0<a href=\"tel:+18097206035\">+18097206035.<\/a><\/strong><\/p>\n<\/div>\n<\/div>\n<\/div>\n<\/div>\n<\/div>\n<\/div>\n\n\t\t<\/div>\n\t<\/div>\n<\/div><\/div><\/div><\/div>","protected":false},"excerpt":{"rendered":"<p>Z hotelov v Punta Cana si vychutn\u00e1me n\u00e1dhern\u00fa scen\u00e9riu V\u00fdchodn\u00fdch Kordiller po\u010das jazdy na sever od Punta Cana a potom doraz\u00edme do malej ryb\u00e1rskej dedinky Miches na ju\u017enom pobre\u017e\u00ed z\u00e1livu Samana. Tam si vychutn\u00e1te r\u00fdchle ra\u0148ajky pred n\u00e1stupom na lo\u010f do Samany. Budeme sa plavi\u0165 hlboko do z\u00e1livu na pozorovanie ve\u013er\u00fdb. Najsk\u00f4r doraz\u00edme na ostrov Cayo Levantado, zn\u00e1my aj ako ostrov Bacardi, preto\u017ee sa ve\u013emi podob\u00e1 pl\u00e1\u017eam, ktor\u00e9 kedysi pou\u017e\u00edvala spolo\u010dnos\u0165 Bacardi Rum vo svojich sl\u00e1vnych reklam\u00e1ch. Cayo Levantado je tropick\u00e1 o\u00e1za: mal\u00fd ostrov uprostred oce\u00e1nu s tyrkysovou vodou a bielym pieskom.<\/p>\n<p>T\u00e1to prehliadka m\u00f4\u017ee, ale nemus\u00ed zah\u0155\u0148a\u0165 zast\u00e1vku pri vodop\u00e1de Limon. Ak si chcete rezervova\u0165 rovnak\u00fd v\u00fdlet s vodop\u00e1dmi, KLIKNITE TU.<\/p>\n<p><strong>Vyberte d\u00e1tum exkurzie:<\/strong><\/p>","protected":false},"featured_media":497,"template":"","meta":[],"product_brand":[],"product_cat":[443,259,124,232],"product_tag":[390,137,162,364,260,345,201,141,391,228,147,392,357,271,393,234,280,394,236,395],"class_list":{"0":"post-10885","1":"product","2":"type-product","3":"status-publish","4":"has-post-thumbnail","6":"product_cat-tours-y-excursiones-es","7":"product_cat-tours-excursions-punta-cana-dominican-republic","8":"product_cat-tours-excursions-samana-bay-dominican-republic","9":"product_cat-whale-watching-samana","10":"product_tag-390","11":"product_tag-bacardi-island","12":"product_tag-cayo-levantado-day-pass","13":"product_tag-cheap-punta-cana-excursions","14":"product_tag-day-trip-punta-cana","15":"product_tag-half-day-whale-watching-miches","16":"product_tag-private-tours-samana","17":"product_tag-punta-cana","18":"product_tag-punta-cana-activities","19":"product_tag-punta-cana-tours","20":"product_tag-samana-bay","21":"product_tag-samana-day-trip","22":"product_tag-samana-day-trip-from-punta-cana","23":"product_tag-samana-whale-watching","24":"product_tag-whale-punta-cana","25":"product_tag-whale-samana","26":"product_tag-whale-watching-2020","27":"product_tag-whale-watching-2020-in-punta-cana-to-samana-bay-cayo-levantado-bacardi-island-from-hotels","28":"product_tag-whale-watching-dominican-republic","29":"product_tag-whale-watching-punta-cana","31":"first","32":"instock","33":"sale","34":"sold-individually","35":"shipping-taxable","36":"product-type-external"},"_links":{"self":[{"href":"https:\/\/visitaloshaitises.com\/sk\/wp-json\/wp\/v2\/product\/10885","targetHints":{"allow":["GET"]}}],"collection":[{"href":"https:\/\/visitaloshaitises.com\/sk\/wp-json\/wp\/v2\/product"}],"about":[{"href":"https:\/\/visitaloshaitises.com\/sk\/wp-json\/wp\/v2\/types\/product"}],"wp:featuredmedia":[{"embeddable":true,"href":"https:\/\/visitaloshaitises.com\/sk\/wp-json\/wp\/v2\/media\/497"}],"wp:attachment":[{"href":"https:\/\/visitaloshaitises.com\/sk\/wp-json\/wp\/v2\/media?parent=10885"}],"wp:term":[{"taxonomy":"product_brand","embeddable":true,"href":"https:\/\/visitaloshaitises.com\/sk\/wp-json\/wp\/v2\/product_brand?post=10885"},{"taxonomy":"product_cat","embeddable":true,"href":"https:\/\/visitaloshaitises.com\/sk\/wp-json\/wp\/v2\/product_cat?post=10885"},{"taxonomy":"product_tag","embeddable":true,"href":"https:\/\/visitaloshaitises.com\/sk\/wp-json\/wp\/v2\/product_tag?post=10885"}],"curies":[{"name":"wp","href":"https:\/\/api.w.org\/{rel}","templated":true}]}}