{"id":10883,"date":"2020-07-13T23:09:10","date_gmt":"2020-07-13T23:09:10","guid":{"rendered":"https:\/\/haitises.com\/?post_type=product&#038;p=10883"},"modified":"2024-04-16T01:58:11","modified_gmt":"2024-04-16T01:58:11","slug":"excursion-de-observacion-samana-desde-los-hoteles-de-las-terrenas-medio-dia-para-avistamiento-de-ballenas","status":"publish","type":"product","link":"https:\/\/visitaloshaitises.com\/sk\/sukromne\/excursion-de-observacion-samana-desde-los-hoteles-de-las-terrenas-medio-dia-para-avistamiento-de-ballenas\/","title":{"rendered":"Excursi\u00f3n de Observaci\u00f3n Saman\u00e1 desde los hoteles de Las Terrenas. Medio d\u00eda para avistamiento de Ballenas."},"content":{"rendered":"<div class=\"vc_row wpb_row vc_row-fluid\" ><div class=\"wpb_column vc_column_container vc_col-sm-12\"><div class=\"vc_column-inner\"><div class=\"wpb_wrapper\">[mkdf_section_title title_tag=\u00bb\u00bb disable_break_words=\u00bbno\u00bb subtitle_tag=\u00bb\u00bb title=\u00bbExcursi\u00f3n de Ballenas 2020 desde Las Terrenas a la Bah\u00eda de Saman\u00e1\u00bb subtitle=\u00bbExcursi\u00f3n de Ballenas Saman\u00e1 desde los hoteles de Las Terrenas. Viaje de medio d\u00eda a Observaci\u00f3n de Ballenas\u00bb]<\/div><\/div><\/div><\/div><div class=\"vc_row wpb_row vc_row-fluid\" ><div class=\"wpb_column vc_column_container vc_col-sm-12\"><div class=\"vc_column-inner\"><div class=\"wpb_wrapper\">\n\t<div class=\"wpb_text_column wpb_content_element\" >\n\t\t<div class=\"wpb_wrapper\">\n\t\t\t<h3>Popis<\/h3>\n<p>Ballenas Las Terrenas, observaci\u00f3n de ballenas en la Bah\u00eda de Saman\u00e1 desde los hoteles de Las Terrenas Excursi\u00f3n de medio d\u00eda. Viaje a la bah\u00eda de Saman\u00e1 a bordo de un c\u00f3modo autob\u00fas con aire acondicionado y luego traslado a un bote. Navegue en aguas abiertas para buscar las manadas de ballenas jorobadas que visitan para reproducirse y tener sus cr\u00edas en el \u00e1rea. Aprenda sobre el comportamiento y la biolog\u00eda de estos mam\u00edferos marinos de su gu\u00eda experto naturalista. Despu\u00e9s de este viaje de medio d\u00eda volvemos al punto de encuentro en Las Terrenas.<\/p>\n<p><strong>Pozn\u00e1mka:<\/strong> Este tour no es privado.<\/p>\n<ul>\n<li>Pozorovanie ve\u013er\u00fdb<\/li>\n<li>Vstupenky do observat\u00f3ria<\/li>\n<li>Samana Safari<\/li>\n<li>Transporte de barco<\/li>\n<li>Kapit\u00e1n poskytuje in\u0161trukcie a doh\u013ead.<\/li>\n<li>Turistick\u00fd sprievodca<\/li>\n<\/ul>\n<h3>Inkl\u00fazie a vyl\u00fa\u010denia<\/h3>\n<h4>Inkl\u00fazie<\/h4>\n<ol>\n<li>Almuerzo buffet<\/li>\n<li>Traslado desde hoteles<\/li>\n<li>Turistick\u00fd sprievodca<\/li>\n<li>Viaje en barco<\/li>\n<li>V\u0161etky dane, poplatky a manipula\u010dn\u00e9 poplatky<\/li>\n<li>Miestne dane<\/li>\n<li>N\u00e1poje<\/li>\n<\/ol>\n<h4>Vyl\u00fa\u010denia<\/h4>\n<ol>\n<li>Tipy<\/li>\n<\/ol>\n<h3><em>Odlet a n\u00e1vrat<\/em><\/h3>\n<p>El viajero obtendr\u00e1 un punto de encuentro despu\u00e9s del proceso de reserva. Los tours comienzan y finalizan en nuestros puntos de encuentro.<\/p>\n<p>Avistamiento de ballenas en Saman\u00e1 desde los hoteles de Las Terrenas. Excursi\u00f3n de medio d\u00eda para avistamiento de ballenas.<\/p>\n<h3><em>\u010co o\u010dak\u00e1va\u0165?<\/em><\/h3>\n<p>Las ballenas jorobadas vienen a la Bah\u00eda de Saman\u00e1 para dar a luz y aparearse. La observaci\u00f3n de ballenas est\u00e1 permitida del 15 de enero al 15 de marzo solamente. Con unas medidas de unos 12 metros y un peso de 40 toneladas, las ballenas ofrecen una vista inolvidable para sus ojos asombrados. No pierdas la oportunidad de escuchar el poderoso sonido de este magn\u00edfico mam\u00edfero mientras sale del agua. Observe c\u00f3mo los machos se lanzan fuera del agua en un esfuerzo por impresionar a las \u00abdamas\u00bb como el ritual de apareamiento.<\/p>\n<p>Es muy emocionante ver a los terneros reci\u00e9n nacidos aferrados a sus madres, quienes a su vez pasan todo el tiempo acarici\u00e1ndolas y jugando con ellas. Nuestro gu\u00eda tur\u00edstico est\u00e1 especializado en mam\u00edferos marinos y lo sorprender\u00e1 con su conocimiento y lo ayudar\u00e1 a interpretar cada movimiento que hacen las ballenas.<\/p>\n<p>Desde las 9:00 a.m. hasta las 12:00 a.m. al mediod\u00eda Observatorio de avistamiento de ballenas y despu\u00e9s de este viaje, almorzaremos. El recorrido finalizar\u00e1 a la 1:30 p.m.en el mismo puerto desde donde comenzar\u00e1. Despu\u00e9s de esto regresaremos a Las Terrenas.<\/p>\n<p>Rozvrh:<\/p>\n<p>8:00 AM &#8211; 1:30 PM<\/p>\n<h3><em>\u010co by ste si mali prinies\u0165?<\/em><\/h3>\n<ul>\n<li>fotoapar\u00e1t<\/li>\n<li>Repelenty<\/li>\n<li>opa\u013eovac\u00ed kr\u00e9m<\/li>\n<li>Klob\u00fak<\/li>\n<li>Pohodln\u00e9 nohavice<\/li>\n<li>Sand\u00e1le na pl\u00e1\u017e<\/li>\n<li>Plavky<\/li>\n<li>Efectivo para recuerdos y propinas<\/li>\n<\/ul>\n<h3><em>Vyzdvihnutie v hoteli<\/em><\/h3>\n<p>Se ofrece recogida en el hotel para este recorrido. Solo en Las Terrenas.<\/p>\n<p><strong>Pozn\u00e1mka:<\/strong> ak si rezerv\u00e1ciu urob\u00edte do 24 hod\u00edn pred odchodom na v\u00fdlet\/exkurziu, m\u00f4\u017eeme v\u00e1m zabezpe\u010di\u0165 vyzdvihnutie z hotela. Po dokon\u010den\u00ed n\u00e1kupu v\u00e1m za\u0161leme v\u0161etky kontaktn\u00e9 inform\u00e1cie (telef\u00f3nne \u010d\u00edslo, e-mailov\u00fa adresu at\u010f.), aby n\u00e1\u0161 miestny sprievodca mohol zariadi\u0165 vyzdvihnutie.<\/p>\n<h3><em>Potvrdenie dodato\u010dn\u00fdch inform\u00e1ci\u00ed<\/em><\/h3>\n<ul>\n<li>Vstupenky s\u00fa potvrden\u00edm po zaplaten\u00ed tohto z\u00e1jazdu. Platbu m\u00f4\u017eete zobrazi\u0165 na telef\u00f3ne.<\/li>\n<li>Miesto stretnutia bude doru\u010den\u00e9 po procese rezerv\u00e1cie.<\/li>\n<li>Deti musia by\u0165 v sprievode dospelej osoby.<\/li>\n<li>Accesible para sillas de ruedas<\/li>\n<li>Doj\u010dat\u00e1 by mali sedie\u0165 na kolen\u00e1ch<\/li>\n<li>V\u00e4\u010d\u0161ina cestovate\u013eov sa m\u00f4\u017ee z\u00fa\u010dastni\u0165.<\/li>\n<\/ul>\n<h3><em>Podmienky zru\u0161enia<\/em><\/h3>\n<p>Ak chcete z\u00edska\u0165 pln\u00fa n\u00e1hradu, zru\u0161te aspo\u0148 24 hod\u00edn pred d\u00e1tumom za\u010diatku z\u00e1\u017eitku.<\/p>\n<h4>Kontaktujte n\u00e1s!<br \/>\nSAMANA VE\u013dRYBY TOUR<\/h4>\n<p><em>Turistick\u00ed sprievodcovia <strong>Priestory<\/strong> y <strong>n\u00e1rodn\u00e9<\/strong> a slu\u017eby pre host\u00ed<\/em><\/p>\n<p>Rezerv\u00e1cie: Prehliadky a exkurzie v Dom.<\/p>\n<p>Tel \/ Whatsapp + 1-809-720-6035.<\/p>\n<p>info@bookingadventures.com.do<\/p>\n<p>Hacemos tours privados de configuraci\u00f3n flexible por Whatsapp: +18097206035.<\/p>\n\n\t\t<\/div>\n\t<\/div>\n<\/div><\/div><\/div><\/div>","protected":false},"excerpt":{"rendered":"<p>Desde los hoteles de Las Terrenas, ven con nosotros a visitar las ballenas jorobadas en el santuario de la Bah\u00eda de Saman\u00e1, Rep\u00fablica Dominicana. Todos los d\u00edas excursiones de avistamiento de ballenas desde las Terrenas en Saman\u00e1. Cont\u00e1ctenos si tiene alguna pregunta sobre los viajes de observaci\u00f3n de ballenas en la bah\u00eda de Saman\u00e1 desde Las Terrenas.<\/p>\n<p><strong>Vyberte d\u00e1tum exkurzie:<\/strong><\/p>","protected":false},"featured_media":428,"template":"","meta":[],"product_brand":[],"product_cat":[120,443,232],"product_tag":[390,137,162,364,283,422,225,381,423,420,201,147,392,271,424,234,280,236,425],"class_list":{"0":"post-10883","1":"product","2":"type-product","3":"status-publish","4":"has-post-thumbnail","6":"product_cat-fees-entrace","7":"product_cat-tours-y-excursiones-es","8":"product_cat-whale-watching-samana","9":"product_tag-390","10":"product_tag-bacardi-island","11":"product_tag-cayo-levantado-day-pass","12":"product_tag-cheap-punta-cana-excursions","13":"product_tag-el-limon-waterfall-and-bacardi-island-tour-from-punta-cana","14":"product_tag-half-day-whale-watching-las-terrenas","15":"product_tag-las-terrenas","16":"product_tag-las-terrenas-excursions","17":"product_tag-las-terrenas-whale-watching","18":"product_tag-limon-from-punta-cana","19":"product_tag-private-tours-samana","20":"product_tag-samana-bay","21":"product_tag-samana-day-trip","22":"product_tag-samana-whale-watching","23":"product_tag-whale-las-terrenas","24":"product_tag-whale-samana","25":"product_tag-whale-watching-2020","26":"product_tag-whale-watching-dominican-republic","27":"product_tag-whale-watching-trips-las-terrenas","29":"first","30":"instock","31":"sale","32":"sold-individually","33":"shipping-taxable","34":"product-type-external"},"_links":{"self":[{"href":"https:\/\/visitaloshaitises.com\/sk\/wp-json\/wp\/v2\/product\/10883","targetHints":{"allow":["GET"]}}],"collection":[{"href":"https:\/\/visitaloshaitises.com\/sk\/wp-json\/wp\/v2\/product"}],"about":[{"href":"https:\/\/visitaloshaitises.com\/sk\/wp-json\/wp\/v2\/types\/product"}],"wp:featuredmedia":[{"embeddable":true,"href":"https:\/\/visitaloshaitises.com\/sk\/wp-json\/wp\/v2\/media\/428"}],"wp:attachment":[{"href":"https:\/\/visitaloshaitises.com\/sk\/wp-json\/wp\/v2\/media?parent=10883"}],"wp:term":[{"taxonomy":"product_brand","embeddable":true,"href":"https:\/\/visitaloshaitises.com\/sk\/wp-json\/wp\/v2\/product_brand?post=10883"},{"taxonomy":"product_cat","embeddable":true,"href":"https:\/\/visitaloshaitises.com\/sk\/wp-json\/wp\/v2\/product_cat?post=10883"},{"taxonomy":"product_tag","embeddable":true,"href":"https:\/\/visitaloshaitises.com\/sk\/wp-json\/wp\/v2\/product_tag?post=10883"}],"curies":[{"name":"wp","href":"https:\/\/api.w.org\/{rel}","templated":true}]}}