{"id":11692,"date":"2023-10-04T07:40:34","date_gmt":"2023-10-04T07:40:34","guid":{"rendered":"https:\/\/haitises.com\/?post_type=product&#038;p=11692"},"modified":"2024-03-28T17:11:08","modified_gmt":"2024-03-28T17:11:08","slug":"cayo-levantado-kayaking-snorkeling","status":"publish","type":"product","link":"https:\/\/visitaloshaitises.com\/ru\/private\/cayo-levantado-kayaking-snorkeling\/","title":{"rendered":"\u041a\u0430\u0439\u043e \u041b\u0435\u0432\u0430\u043d\u0442\u0430\u0434\u043e \u0438 \u043a\u0430\u044f\u043a\u0438\u043d\u0433 + \u043f\u043e\u0434\u0432\u043e\u0434\u043d\u043e\u0435 \u043f\u043b\u0430\u0432\u0430\u043d\u0438\u0435"},"content":{"rendered":"<div class=\"vc_row wpb_row vc_row-fluid\" ><div class=\"wpb_column vc_column_container vc_col-sm-12\"><div class=\"vc_column-inner\"><div class=\"wpb_wrapper\"><div class=\"vc_empty_space\"   style=\"height: 32px\"><span class=\"vc_empty_space_inner\"><\/span><\/div><div class=\"mkdf-section-title-holder\" style=\"text-align: left\">\n\t<div class=\"mkdf-st-inner\">\n\t\t\t\t\t<h5 class=\"mkdf-st-subtitle\" >\n\t\t\t\tFrom Saman\u00e1 port Private Tour\t\t\t<\/h5>\n\t\t\t\t\t\t\t<h3 class=\"mkdf-st-title\" >\n\t\t\t\tPrivate Kayaking &amp; Snorkeling with Lunch on Cayo Levantado Island\t\t\t<\/h3>\n\t\t\t\t\t<\/div>\n<\/div><div class=\"vc_empty_space\"   style=\"height: 32px\"><span class=\"vc_empty_space_inner\"><\/span><\/div><\/div><\/div><\/div><\/div><div class=\"vc_row wpb_row vc_row-fluid\" ><\/div><div class=\"wpb_column vc_column_container vc_col-sm-12\"><div class=\"vc_column-inner\"><div class=\"wpb_wrapper\"><\/div><\/div><\/div>\n\t<div class=\"wpb_text_column wpb_content_element\" >\n\t\t<div class=\"wpb_wrapper\">\n\t\t\t\n\t\t<\/div>\n\t<\/div>\n<div class=\"vc_row wpb_row vc_row-fluid\">\n<div class=\"wpb_column vc_column_container vc_col-sm-12\">\n<div class=\"vc_column-inner\">\n<div class=\"wpb_wrapper\">\n<div class=\"wpb_text_column wpb_content_element\">\n<div class=\"wpb_wrapper\">\n<div class=\"vc_row wpb_row vc_row-fluid\">\n<div class=\"wpb_column vc_column_container vc_col-sm-12\">\n<div class=\"vc_column-inner\">\n<div class=\"wpb_wrapper\">\n<div class=\"wpb_text_column wpb_content_element\">\n<div class=\"wpb_wrapper\">\n<h4><b><i>\u041e\u0431\u0437\u043e\u0440<img decoding=\"async\" class=\"emoji\" draggable=\"false\" src=\"https:\/\/s.w.org\/images\/core\/emoji\/12.0.0-1\/svg\/1f433.svg\" alt=\"\ud83d\udc33\" \/><\/i><\/b><\/h4>\n<p><strong>Avoid big groups of tourists<\/strong> and make your Private Kayaking &amp; Snorkeling Tour in Saman\u00e1 Bay starting from Saman\u00e1 port.<\/p>\n<p>Admire 40 min unparalleled panoramic views of the Samana Bay from the sea in kayak going for snorkeling in the crystal waters off a nearby beach of the famous Cayo Levantado\/Bacardi island. Where we can stretch our legs and wear our snorkeling kits, there&#8217;s another world to explore!<br \/>\nAfter snorkeling we will go to take a typical Dominican lunch provided on the beach and discover the most beautiful island in the Dominican Republic. Home to a beautiful luxury hotel, white sandy beaches, lush rain-forest and incredible skilled artists offering their handmade paintings and other products.<\/p>\n<p>What you can do on the island?<br \/>\nSwimming, walking around, playing volleyball, taking photos, snorkeling, enjoying the beach or just relaxing in shadow and taking a refreshing beverage (Pi\u00f1a Colada, Coco Loco, Cuba Libre etc.) There are many options how to enjoy the island for everyone!<\/p>\n<p>On our way back to Samana we change perspective and our attention is captured by details that we had not noticed before, enjoying every single meter approximately 40 min.<\/p>\n<p>We are the only one who offer this Tour in the whole Dominican Republic! This unique experience is a nature and sea lover\u2019s dream come true.<\/p>\n<p><strong>\u041f\u0440\u0438\u043c\u0435\u0447\u0430\u043d\u0438\u0435:<\/strong> This tour is Private. (Just you and family or friends and Tour Guide).<\/p>\n<p>&nbsp;<\/p>\n<h4><b>\u0412\u043a\u043b\u044e\u0447\u0435\u043d\u0438\u044f \u0438 \u0438\u0441\u043a\u043b\u044e\u0447\u0435\u043d\u0438\u044f<\/b><\/h4>\n<p>&nbsp;<\/p>\n<p><b>\u0412\u043a\u043b\u044e\u0447\u0435\u043d\u0438\u044f<\/b><\/p>\n<p>&nbsp;<\/p>\n<ol>\n<li>Buffet lunch on the beach<\/li>\n<li>Tour Guide<\/li>\n<li>Kayaks, paddle<\/li>\n<li>Lifejacket<\/li>\n<li>Snorkeling kit<\/li>\n<li>\u0412\u0441\u0435 \u043d\u0430\u043b\u043e\u0433\u0438, \u0441\u0431\u043e\u0440\u044b \u0438 \u0441\u0431\u043e\u0440\u044b \u0437\u0430 \u043e\u0431\u0440\u0430\u0431\u043e\u0442\u043a\u0443<\/li>\n<li>\u041c\u0435\u0441\u0442\u043d\u044b\u0435 \u043d\u0430\u043b\u043e\u0433\u0438<\/li>\n<li>Beverages (Bottle of water per person)<\/li>\n<\/ol>\n<p><b>\u0418\u0441\u043a\u043b\u044e\u0447\u0435\u043d\u0438\u044f<\/b><\/p>\n<ol>\n<li>\u0427\u0430\u0435\u0432\u044b\u0435<\/li>\n<li>Transfer Car<\/li>\n<li>\u0410\u043b\u043a\u043e\u0433\u043e\u043b\u044c\u043d\u044b\u0435 \u043d\u0430\u043f\u0438\u0442\u043a\u0438<\/li>\n<\/ol>\n<p>&nbsp;<\/p>\n<h4><em><strong>\u041e\u0442\u043f\u0440\u0430\u0432\u043b\u0435\u043d\u0438\u0435 \u0438 \u0432\u043e\u0437\u0432\u0440\u0430\u0449\u0435\u043d\u0438\u0435<\/strong><\/em><\/h4>\n<p>This trip starts at 8:00 Am and finishes around 4:00 Pm. But because it will be a private trip you may set the time for starting and to finish.<\/p>\n<p>The traveler will get a meeting point after the Reservation Process. Tours start and Finish in our meeting points.<\/p>\n<p>&nbsp;<\/p>\n<h4><b><i>\u0427\u0442\u043e \u043e\u0436\u0438\u0434\u0430\u0442\u044c?<\/i><\/b><\/h4>\n<p>&nbsp;<\/p>\n<p><em><strong>\u041f\u043e\u043b\u0443\u0447\u0438\u0442\u0435 \u0431\u0438\u043b\u0435\u0442\u044b<\/strong><\/em> for Kayaking &amp; Snorkeling in Samana Bay. 40 min of unparalleled panoramic views of the Samana Bay from the sea in kayak and snorkeling in the crystal waters off a nearby beach of the famous Cayo Levantado\/Bacardi. Typical Dominican Lunch provided on the beach. In the whale watching season there is possibility to see the humpback whales.<\/p>\n<p>The Kayaking &amp; Snorkeling Tour, organized by \u201cBooking Adventures\u201d starts at the meeting point set with the Tour Guide. Lunch at the beach and you can stay as long as you want swimming around. If you are Vegan we also can set some food for you.<\/p>\n<p><strong>\u0420\u0430\u0441\u043f\u0438\u0441\u0430\u043d\u0438\u0435:<\/strong><\/p>\n<p>8:00 AM \u2013 4:00 PM<\/p>\n<p>&nbsp;<\/p>\n<h4><em><strong>\u0427\u0442\u043e \u0432\u0430\u043c \u0441\u043b\u0435\u0434\u0443\u0435\u0442 \u0432\u0437\u044f\u0442\u044c \u0441 \u0441\u043e\u0431\u043e\u0439?<\/strong><\/em><\/h4>\n<ul>\n<li>\u043a\u0430\u043c\u0435\u0440\u0430<\/li>\n<li>Towel<\/li>\n<li>Sun protection<\/li>\n<li>\u0428\u0430\u043f\u043a\u0430<\/li>\n<li>Comfortable pants and shoes<\/li>\n<li>Sandals to the beach<\/li>\n<li>\u041e\u0434\u0435\u0436\u0434\u0430 \u0434\u043b\u044f \u043f\u043b\u0430\u0432\u0430\u043d\u0438\u044f<\/li>\n<li>\u041d\u0430\u043b\u0438\u0447\u043d\u044b\u0435 \u0434\u0435\u043d\u044c\u0433\u0438 \u043d\u0430 \u0441\u0443\u0432\u0435\u043d\u0438\u0440\u044b<\/li>\n<\/ul>\n<p>&nbsp;<\/p>\n<h4><b><i>\u0412\u0441\u0442\u0440\u0435\u0447\u0430 \u0432 \u043e\u0442\u0435\u043b\u0435<\/i><\/b><\/h4>\n<p>\u0412\u0441\u0442\u0440\u0435\u0447\u0430 \u0432 \u043e\u0442\u0435\u043b\u0435 \u0432 \u044d\u0442\u043e\u043c \u0442\u0443\u0440\u0435 \u043d\u0435 \u043f\u0440\u0435\u0434\u043b\u0430\u0433\u0430\u0435\u0442\u0441\u044f.<\/p>\n<p>&nbsp;<\/p>\n<p><b>\u041f\u0440\u0438\u043c\u0435\u0447\u0430\u043d\u0438\u0435:<\/b>\u00a0\u0415\u0441\u043b\u0438 \u0432\u044b \u0437\u0430\u0431\u0440\u043e\u043d\u0438\u0440\u043e\u0432\u0430\u043b\u0438 \u0442\u0443\u0440\/\u044d\u043a\u0441\u043a\u0443\u0440\u0441\u0438\u044e \u0432 \u0442\u0435\u0447\u0435\u043d\u0438\u0435 24 \u0447\u0430\u0441\u043e\u0432 \u043f\u043e\u0441\u043b\u0435 \u043e\u0442\u043f\u0440\u0430\u0432\u043b\u0435\u043d\u0438\u044f \u0442\u0443\u0440\u0430\/\u044d\u043a\u0441\u043a\u0443\u0440\u0441\u0438\u0438, \u043c\u044b \u043c\u043e\u0436\u0435\u043c \u043e\u0440\u0433\u0430\u043d\u0438\u0437\u043e\u0432\u0430\u0442\u044c \u0442\u0440\u0430\u043d\u0441\u0444\u0435\u0440 \u0438\u0437 \u043e\u0442\u0435\u043b\u044f \u0437\u0430 \u0434\u043e\u043f\u043e\u043b\u043d\u0438\u0442\u0435\u043b\u044c\u043d\u0443\u044e \u043f\u043b\u0430\u0442\u0443. \u041a\u0430\u043a \u0442\u043e\u043b\u044c\u043a\u043e \u0432\u0430\u0448\u0430 \u043f\u043e\u043a\u0443\u043f\u043a\u0430 \u0431\u0443\u0434\u0435\u0442 \u0437\u0430\u0432\u0435\u0440\u0448\u0435\u043d\u0430, \u043c\u044b \u0432\u044b\u0448\u043b\u0435\u043c \u0432\u0430\u043c \u043f\u043e\u043b\u043d\u0443\u044e \u043a\u043e\u043d\u0442\u0430\u043a\u0442\u043d\u0443\u044e \u0438\u043d\u0444\u043e\u0440\u043c\u0430\u0446\u0438\u044e (\u043d\u043e\u043c\u0435\u0440 \u0442\u0435\u043b\u0435\u0444\u043e\u043d\u0430, \u0430\u0434\u0440\u0435\u0441 \u044d\u043b\u0435\u043a\u0442\u0440\u043e\u043d\u043d\u043e\u0439 \u043f\u043e\u0447\u0442\u044b \u0438 \u0442. \u0434.) \u0434\u043b\u044f \u043d\u0430\u0448\u0435\u0433\u043e \u043c\u0435\u0441\u0442\u043d\u043e\u0433\u043e \u0433\u0438\u0434\u0430, \u0447\u0442\u043e\u0431\u044b \u043e\u0440\u0433\u0430\u043d\u0438\u0437\u043e\u0432\u0430\u0442\u044c \u0432\u0441\u0442\u0440\u0435\u0447\u0443.<\/p>\n<h4><b><i>\u0414\u043e\u043f\u043e\u043b\u043d\u0438\u0442\u0435\u043b\u044c\u043d\u0430\u044f \u0438\u043d\u0444\u043e\u0440\u043c\u0430\u0446\u0438\u044f \u041f\u043e\u0434\u0442\u0432\u0435\u0440\u0436\u0434\u0435\u043d\u0438\u0435<\/i><\/b><\/h4>\n<ol>\n<li><span style=\"vertical-align: inherit;\"><span style=\"vertical-align: inherit;\">Los boletos son el Recibo despu\u00e9s de pagar este Tour. <\/span><span style=\"vertical-align: inherit;\">Puede mostrar el pago en su tel\u00e9fono.<\/span><\/span><\/li>\n<li><span style=\"vertical-align: inherit;\"><span style=\"vertical-align: inherit;\">\u041c\u0435\u0441\u0442\u043e \u0432\u0441\u0442\u0440\u0435\u0447\u0438 \u0431\u0443\u0434\u0435\u0442 \u0441\u043e\u043e\u0431\u0449\u0435\u043d\u043e \u043f\u043e\u0441\u043b\u0435 \u043f\u0440\u043e\u0446\u0435\u0441\u0441\u0430 \u0431\u0440\u043e\u043d\u0438\u0440\u043e\u0432\u0430\u043d\u0438\u044f.<\/span><\/span><\/li>\n<li><span style=\"vertical-align: inherit;\"><span style=\"vertical-align: inherit;\">\u0414\u0435\u0442\u0438 \u0434\u043e\u043b\u0436\u043d\u044b \u0431\u044b\u0442\u044c \u0432 \u0441\u043e\u043f\u0440\u043e\u0432\u043e\u0436\u0434\u0435\u043d\u0438\u0438 \u0432\u0437\u0440\u043e\u0441\u043b\u043e\u0433\u043e.<\/span><\/span><\/li>\n<li><span style=\"vertical-align: inherit;\"><span style=\"vertical-align: inherit;\">silla de ruedas accesible<\/span><\/span><\/li>\n<li><span style=\"vertical-align: inherit;\"><span style=\"vertical-align: inherit;\">Los beb\u00e9s deben sentarse en el regazo<\/span><\/span><\/li>\n<li><span style=\"vertical-align: inherit;\"><span style=\"vertical-align: inherit;\">La mayor\u00eda de los viajeros pueden participar<\/span><\/span><\/li>\n<\/ol>\n<h4><b><i><span style=\"vertical-align: inherit;\"><span style=\"vertical-align: inherit;\">\u041f\u043e\u043b\u0438\u0442\u0438\u043a\u0430 \u043e\u0442\u043c\u0435\u043d\u044b<\/span><\/span><\/i><\/b><\/h4>\n<p><span style=\"vertical-align: inherit;\"><span style=\"vertical-align: inherit;\">\u0427\u0442\u043e\u0431\u044b \u043f\u043e\u043b\u0443\u0447\u0438\u0442\u044c \u043f\u043e\u043b\u043d\u044b\u0439 \u0432\u043e\u0437\u0432\u0440\u0430\u0442 \u0441\u0440\u0435\u0434\u0441\u0442\u0432, \u043e\u0442\u043c\u0435\u043d\u0438\u0442\u0435 \u043f\u043e\u0434\u043f\u0438\u0441\u043a\u0443 \u043a\u0430\u043a \u043c\u0438\u043d\u0438\u043c\u0443\u043c \u0437\u0430 24\u00a0\u0447\u0430\u0441\u0430 \u0434\u043e \u0434\u0430\u0442\u044b \u043d\u0430\u0447\u0430\u043b\u0430 \u043c\u0435\u0440\u043e\u043f\u0440\u0438\u044f\u0442\u0438\u044f.<\/span><\/span><\/p>\n<\/div>\n<\/div>\n<\/div>\n<\/div>\n<\/div>\n<\/div>\n<\/div>\n<\/div>\n<\/div>\n<\/div>\n<\/div>\n<\/div>\n<div class=\"vc_row wpb_row vc_row-fluid\">\n<div class=\"wpb_column vc_column_container vc_col-sm-12\">\n<div class=\"vc_column-inner\">\n<div class=\"wpb_wrapper\">\n<div class=\"vc_empty_space\"><\/div>\n<div class=\"wpb_text_column wpb_content_element\">\n<div class=\"wpb_wrapper\">\n<h4><span style=\"vertical-align: inherit;\"><span style=\"vertical-align: inherit;\">\u00bfCont\u00e1ctenos?<\/span><\/span><\/h4>\n<h5><b><i><span style=\"vertical-align: inherit;\"><span style=\"vertical-align: inherit;\">\u0411\u0440\u043e\u043d\u0438\u0440\u043e\u0432\u0430\u043d\u0438\u0435 \u043f\u0440\u0438\u043a\u043b\u044e\u0447\u0435\u043d\u0438\u0439<\/span><\/span><\/i><\/b><\/h5>\n<p><em><span style=\"vertical-align: inherit;\"><span style=\"vertical-align: inherit;\">\u00a0Gu\u00edas tur\u00edsticos y servicios para hu\u00e9spedes <\/span><strong><span style=\"vertical-align: inherit;\">\u043c\u0435\u0441\u0442\u043d\u044b\u0439<\/span><\/strong><span style=\"vertical-align: inherit;\"> \u00a0\u0438\u00a0 <\/span><\/span><strong><span style=\"vertical-align: inherit;\"><span style=\"vertical-align: inherit;\">\u043d\u0430\u0446\u0438\u043e\u043d\u0430\u043b\u044c\u043d\u044b\u0439<\/span><\/span><\/strong><\/em><\/p>\n<p><span class=\"text-turquoise\"><span style=\"vertical-align: inherit;\"><span style=\"vertical-align: inherit;\">Reservas:<\/span><\/span><\/span><span style=\"vertical-align: inherit;\"><span style=\"vertical-align: inherit;\"> \u00a0Tours y Excursiones en Dom. <\/span><span style=\"vertical-align: inherit;\">Reps.<\/span><\/span><\/p>\n<p><img decoding=\"async\" class=\"emoji\" draggable=\"false\" src=\"https:\/\/s.w.org\/images\/core\/emoji\/11.2.0\/svg\/1f4de.svg\" alt=\"\ud83d\udcde\" \/><span style=\"vertical-align: inherit;\"><span style=\"vertical-align: inherit;\">\u00a0\u0422\u0435\u043b.\/WhatsApp\u00a0\u00a0 <\/span><\/span><a href=\"tel:+1-809-720-6035\"><span style=\"vertical-align: inherit;\"><span style=\"vertical-align: inherit;\">+ 1-809-720-6035<\/span><\/span><\/a><span style=\"vertical-align: inherit;\"><span style=\"vertical-align: inherit;\"> .<\/span><\/span><\/p>\n<p><img decoding=\"async\" class=\"emoji\" draggable=\"false\" src=\"https:\/\/s.w.org\/images\/core\/emoji\/11.2.0\/svg\/1f4e9.svg\" alt=\"\ud83d\udce9\" \/>\u00a0<a href=\"mailto:info@bookingadventures.com.do\"><span style=\"vertical-align: inherit;\"><span style=\"vertical-align: inherit;\">info@bookingadventures.com.do<\/span><\/span><\/a><\/p>\n<p><strong><span style=\"vertical-align: inherit;\"><span style=\"vertical-align: inherit;\">Somos tours privados de configuraci\u00f3n flexible por Whatsapp:\u00a0 <\/span><\/span><a href=\"tel:+18097206035\"><span style=\"vertical-align: inherit;\"><span style=\"vertical-align: inherit;\">+18097206035.<\/span><\/span><\/a><\/strong><\/p>\n<\/div>\n<\/div>\n<\/div>\n<\/div>\n<\/div>\n<\/div>\n<p><span style=\"vertical-align: inherit;\"><span style=\"vertical-align: inherit;\">[\/ vc_column_text] [\/ vc_column] [\/ vc_row]<\/span><\/span><\/p>","protected":false},"excerpt":{"rendered":"<p><span style=\"vertical-align: inherit;\"><span style=\"vertical-align: inherit;\">Tour privado de kayak y esn\u00f3rquel en la bah\u00eda de Saman\u00e1, Rep\u00fablica Dominicana con gu\u00edas tur\u00edsticos locales. <\/span><span style=\"vertical-align: inherit;\">No dude en configurar la hora de inicio que m\u00e1s le convenga. <\/span><span style=\"vertical-align: inherit;\">Reserve ahora esta Excursi\u00f3n en la Bah\u00eda de Saman\u00e1 para vivir la verdadera Aventura Caribe\u00f1a.<\/span><\/span><\/p>\n<p><span style=\"vertical-align: inherit;\"><span style=\"vertical-align: inherit;\">Nota: \u00a1Este tour es privado!<\/span><\/span><\/p>\n<p>&nbsp;<\/p>\n<p><em><strong><span style=\"vertical-align: inherit;\"><span style=\"vertical-align: inherit;\">Seleccione la fecha de la excursi\u00f3n:<\/span><\/span><\/strong><\/em><\/p>","protected":false},"featured_media":11712,"template":"","meta":[],"product_brand":[],"product_cat":[565,571,124],"product_tag":[137,162,197,201,143,271,354,234],"class_list":{"0":"post-11692","1":"product","2":"type-product","3":"status-publish","4":"has-post-thumbnail","6":"product_cat-1-sabana-de-la-mar","7":"product_cat-1-samana","8":"product_cat-tours-excursions-samana-bay-dominican-republic","9":"product_tag-bacardi-island","10":"product_tag-cayo-levantado-day-pass","11":"product_tag-kayaking-dominican-republic","12":"product_tag-private-tours-samana","13":"product_tag-samana-tours","14":"product_tag-samana-whale-watching","15":"product_tag-snorkeling","16":"product_tag-whale-samana","18":"first","19":"instock","20":"sale","21":"sold-individually","22":"shipping-taxable","23":"product-type-external"},"_links":{"self":[{"href":"https:\/\/visitaloshaitises.com\/ru\/wp-json\/wp\/v2\/product\/11692","targetHints":{"allow":["GET"]}}],"collection":[{"href":"https:\/\/visitaloshaitises.com\/ru\/wp-json\/wp\/v2\/product"}],"about":[{"href":"https:\/\/visitaloshaitises.com\/ru\/wp-json\/wp\/v2\/types\/product"}],"wp:featuredmedia":[{"embeddable":true,"href":"https:\/\/visitaloshaitises.com\/ru\/wp-json\/wp\/v2\/media\/11712"}],"wp:attachment":[{"href":"https:\/\/visitaloshaitises.com\/ru\/wp-json\/wp\/v2\/media?parent=11692"}],"wp:term":[{"taxonomy":"product_brand","embeddable":true,"href":"https:\/\/visitaloshaitises.com\/ru\/wp-json\/wp\/v2\/product_brand?post=11692"},{"taxonomy":"product_cat","embeddable":true,"href":"https:\/\/visitaloshaitises.com\/ru\/wp-json\/wp\/v2\/product_cat?post=11692"},{"taxonomy":"product_tag","embeddable":true,"href":"https:\/\/visitaloshaitises.com\/ru\/wp-json\/wp\/v2\/product_tag?post=11692"}],"curies":[{"name":"wp","href":"https:\/\/api.w.org\/{rel}","templated":true}]}}